{"id":12335,"date":"2025-01-30T10:52:44","date_gmt":"2025-01-30T09:52:44","guid":{"rendered":"https:\/\/dermo.com\/?page_id=12335"},"modified":"2025-02-19T10:49:47","modified_gmt":"2025-02-19T09:49:47","slug":"abrilhantador-para-lava-loucas","status":"publish","type":"page","link":"https:\/\/dermo.com\/pt\/abrilhantador-para-lava-loucas\/","title":{"rendered":"Aux\u00edlio para abrilhantador de lava-lou\u00e7as"},"content":{"rendered":"<div data-elementor-type=\"wp-page\" data-elementor-id=\"12335\" class=\"elementor elementor-12335\" data-elementor-post-type=\"page\">\n\t\t\t\t\t\t<section class=\"elementor-section elementor-top-section elementor-element elementor-element-a02683f elementor-section-boxed elementor-section-height-default elementor-section-height-default\" data-id=\"a02683f\" data-element_type=\"section\" data-e-type=\"section\" data-settings=\"{&quot;background_background&quot;:&quot;classic&quot;}\">\n\t\t\t\t\t\t\t<div class=\"elementor-background-overlay\"><\/div>\n\t\t\t\t\t\t\t<div class=\"elementor-container elementor-column-gap-default\">\n\t\t\t\t\t<div class=\"elementor-column elementor-col-100 elementor-top-column elementor-element elementor-element-f99dbff\" data-id=\"f99dbff\" data-element_type=\"column\" data-e-type=\"column\">\n\t\t\t<div class=\"elementor-widget-wrap elementor-element-populated\">\n\t\t\t\t\t\t\t<\/div>\n\t\t<\/div>\n\t\t\t\t\t<\/div>\n\t\t<\/section>\n\t\t\t\t<section class=\"elementor-section elementor-top-section elementor-element elementor-element-233ad3a4 elementor-section-boxed elementor-section-height-default elementor-section-height-default\" data-id=\"233ad3a4\" data-element_type=\"section\" data-e-type=\"section\">\n\t\t\t\t\t\t<div class=\"elementor-container elementor-column-gap-default\">\n\t\t\t\t\t<div class=\"elementor-column elementor-col-100 elementor-top-column elementor-element elementor-element-3244e578\" data-id=\"3244e578\" data-element_type=\"column\" data-e-type=\"column\">\n\t\t\t<div class=\"elementor-widget-wrap elementor-element-populated\">\n\t\t\t\t\t\t<section class=\"elementor-section elementor-inner-section elementor-element elementor-element-1a7040c2 elementor-section-content-middle elementor-section-boxed elementor-section-height-default elementor-section-height-default\" data-id=\"1a7040c2\" data-element_type=\"section\" data-e-type=\"section\">\n\t\t\t\t\t\t<div class=\"elementor-container elementor-column-gap-default\">\n\t\t\t\t\t<div class=\"elementor-column elementor-col-50 elementor-inner-column elementor-element elementor-element-58338543\" data-id=\"58338543\" data-element_type=\"column\" data-e-type=\"column\">\n\t\t\t<div class=\"elementor-widget-wrap elementor-element-populated\">\n\t\t\t\t\t\t<div class=\"elementor-element elementor-element-464b2e11 elementor-widget elementor-widget-text-editor\" data-id=\"464b2e11\" data-element_type=\"widget\" data-e-type=\"widget\" data-widget_type=\"text-editor.default\">\n\t\t\t\t<div class=\"elementor-widget-container\">\n\t\t\t\t\t\t\t\t\t<div id=\"lipsum\"><p>Quando se trata de garantir que cada carga de m\u00e1quina de lavar lou\u00e7a que voc\u00ea conclui termine com pratos limpos e brilhantes, sem manchas, voc\u00ea vai querer incluir um\u00a0<strong>abrilhantador para lava-lou\u00e7as<\/strong>\u00a0como parte de sua rotina regular de lavagem de lou\u00e7a.<\/p><p>Ele\u00a0<strong>abrilhantador para lava-lou\u00e7as<\/strong>\u00a0Ele foi projetado para ajudar voc\u00ea a obter resultados impec\u00e1veis com sua m\u00e1quina. Melhora o processo de secagem e protege seus artigos de vidro contra corros\u00e3o. Quase todas as m\u00e1quinas de lavar lou\u00e7a modernas dispon\u00edveis hoje em dia contam com um dispensador de abrilhantador espec\u00edfico.<\/p><p>Ele\u00a0<strong>abrilhantador para lava-lou\u00e7as<\/strong>\u00a0Ela garante que os pratos permane\u00e7am absolutamente brilhantes, especialmente os copos, al\u00e9m de garantir uma secagem melhorada e mais eficaz, al\u00e9m de uma prote\u00e7\u00e3o especial dos copos contra corros\u00e3o e marcas.<\/p><p>Os ingredientes do\u00a0<strong>abrilhantador para lava-lou\u00e7as<\/strong>\u00a0Eles s\u00e3o projetados para reduzir a tens\u00e3o superficial da \u00e1gua usada no processo de limpeza da sua m\u00e1quina de lavar lou\u00e7a. Por que esse \u00e9 um m\u00e9todo eficaz? Tudo se resume \u00e0 ci\u00eancia de como a \u00e1gua se condensa e se acumula. Ao reduzir a tens\u00e3o superficial das gotas de \u00e1gua, elas ficam planas em vez de formar gotas arredondadas. Isso exp\u00f5e a superf\u00edcie da \u00e1gua a mais ar, fazendo com que ela seque com mais efici\u00eancia e drene mais rapidamente. Como resultado, a \u00e1gua passa menos tempo na lou\u00e7a, resultando em pratos e copos com menos manchas, pel\u00edculas e marcas.<\/p><\/div>\t\t\t\t\t\t\t\t<\/div>\n\t\t\t\t<\/div>\n\t\t\t\t\t<\/div>\n\t\t<\/div>\n\t\t\t\t<div class=\"elementor-column elementor-col-50 elementor-inner-column elementor-element elementor-element-3f1bc53 elementor-invisible\" data-id=\"3f1bc53\" data-element_type=\"column\" data-e-type=\"column\" data-settings=\"{&quot;animation&quot;:&quot;bounceInRight&quot;}\">\n\t\t\t<div class=\"elementor-widget-wrap elementor-element-populated\">\n\t\t\t\t\t\t<div class=\"elementor-element elementor-element-1498a46 elementor-widget elementor-widget-elementskit-contact-form7\" data-id=\"1498a46\" data-element_type=\"widget\" data-e-type=\"widget\" data-widget_type=\"elementskit-contact-form7.default\">\n\t\t\t\t<div class=\"elementor-widget-container\">\n\t\t\t\t\t<div class=\"ekit-wid-con\" ><div class=\"ekit-form\">\n<div class=\"wpcf7 no-js\" id=\"wpcf7-f13292-o1\" lang=\"es-ES\" dir=\"ltr\" data-wpcf7-id=\"13292\">\n<div class=\"screen-reader-response\"><p role=\"status\" aria-live=\"polite\" aria-atomic=\"true\"><\/p> <ul><\/ul><\/div>\n<form action=\"\/pt\/wp-json\/wp\/v2\/pages\/12335#wpcf7-f13292-o1\" method=\"post\" class=\"wpcf7-form init\" aria-label=\"Formul\u00e1rio de contato\" novalidate=\"novalidate\" data-status=\"init\" data-trp-original-action=\"\/pt\/wp-json\/wp\/v2\/pages\/12335#wpcf7-f13292-o1\">\n<fieldset class=\"hidden-fields-container\"><input type=\"hidden\" name=\"_wpcf7\" value=\"13292\" \/><input type=\"hidden\" name=\"_wpcf7_version\" value=\"6.1.5\" \/><input type=\"hidden\" name=\"_wpcf7_locale\" value=\"es_ES\" \/><input type=\"hidden\" name=\"_wpcf7_unit_tag\" value=\"wpcf7-f13292-o1\" \/><input type=\"hidden\" name=\"_wpcf7_container_post\" value=\"0\" \/><input type=\"hidden\" name=\"_wpcf7_posted_data_hash\" value=\"\" \/><input type=\"hidden\" name=\"_wpcf7_recaptcha_response\" value=\"\" \/>\n<\/fieldset>\n<div style=\"display: flex; gap: 10px;\">\n\t<div style=\"width: 50%;\">\n\t\t<p><span class=\"wpcf7-form-control-wrap\" data-name=\"your-name\"><input size=\"40\" maxlength=\"400\" class=\"wpcf7-form-control wpcf7-text wpcf7-validates-as-required\" aria-required=\"true\" aria-invalid=\"false\" placeholder=\"Nome\" value=\"\" type=\"text\" name=\"your-name\" \/><\/span>\n\t\t<\/p>\n\t<\/div>\n\t<div style=\"width: 50%;\">\n\t\t<p><span class=\"wpcf7-form-control-wrap\" data-name=\"your-phone\"><input size=\"40\" maxlength=\"400\" class=\"wpcf7-form-control wpcf7-tel wpcf7-validates-as-required wpcf7-text wpcf7-validates-as-tel\" aria-required=\"true\" aria-invalid=\"false\" placeholder=\"Telefone\" value=\"\" type=\"tel\" name=\"your-phone\" \/><\/span>\n\t\t<\/p>\n\t<\/div>\n<\/div>\n<p><span class=\"wpcf7-form-control-wrap\" data-name=\"your-email\"><input size=\"40\" maxlength=\"400\" class=\"wpcf7-form-control wpcf7-email wpcf7-validates-as-required wpcf7-text wpcf7-validates-as-email\" aria-required=\"true\" aria-invalid=\"false\" placeholder=\"E-mail\" value=\"\" type=\"email\" name=\"your-email\" \/><\/span>\n<\/p>\n<div style=\"display: flex; gap: 10px;\">\n\t<div style=\"width: 50%;\">\n\t\t<p><span class=\"wpcf7-form-control-wrap\" data-name=\"your-country\"><input size=\"40\" maxlength=\"400\" class=\"wpcf7-form-control wpcf7-text wpcf7-validates-as-required\" aria-required=\"true\" aria-invalid=\"false\" placeholder=\"Pa\u00eds\" value=\"\" type=\"text\" name=\"your-country\" \/><\/span>\n\t\t<\/p>\n\t<\/div>\n\t<div style=\"width: 50%;\">\n\t\t<p><span class=\"wpcf7-form-control-wrap\" data-name=\"your-city\"><input size=\"40\" maxlength=\"400\" class=\"wpcf7-form-control wpcf7-text wpcf7-validates-as-required\" aria-required=\"true\" aria-invalid=\"false\" placeholder=\"Popula\u00e7\u00e3o\" value=\"\" type=\"text\" name=\"your-city\" \/><\/span>\n\t\t<\/p>\n\t<\/div>\n<\/div>\n<p><span class=\"wpcf7-form-control-wrap\" data-name=\"your-subject\"><select class=\"wpcf7-form-control wpcf7-select\" aria-invalid=\"false\" name=\"your-subject\"><option value=\"Quiero ser distribuidor\">Quero ser um distribuidor<\/option><option value=\"Presupuesto\">Or\u00e7amento<\/option><option value=\"Consulta\">Consulta<\/option><option value=\"Sugerencia\">Sugest\u00e3o<\/option><option value=\"Otros\">Outros<\/option><\/select><\/span>\n<\/p>\n<p><span class=\"wpcf7-form-control-wrap\" data-name=\"your-message\"><textarea cols=\"40\" rows=\"10\" maxlength=\"2000\" class=\"wpcf7-form-control wpcf7-textarea\" aria-invalid=\"false\" placeholder=\"Mensagem ou consulta\" name=\"your-message\"><\/textarea><\/span>\n<\/p>\n<div style=\"display: flex; align-items: center; gap: 10px;\">\n\t<p><span class=\"wpcf7-form-control-wrap\" data-name=\"privacy-policy\"><span class=\"wpcf7-form-control wpcf7-acceptance\"><span class=\"wpcf7-list-item\"><input type=\"checkbox\" name=\"privacy-policy\" value=\"1\" aria-invalid=\"false\" \/><\/span><\/span><\/span><label for=\"privacy-policy\" style=\"margin-left: 5px;\">Li e aceito a pol\u00edtica de privacidade.<\/label>\n\t<\/p>\n<\/div>\n<div style=\"display: flex; align-items: center; gap: 10px;\">\n\t<p><span class=\"wpcf7-form-control-wrap\" data-name=\"send-info\"><span class=\"wpcf7-form-control wpcf7-acceptance\"><span class=\"wpcf7-list-item\"><input type=\"checkbox\" name=\"send-info\" value=\"1\" aria-invalid=\"false\" \/><\/span><\/span><\/span><label for=\"send-info\" style=\"margin-left: 5px;\">Concordo em receber informa\u00e7\u00f5es.<\/label>\n\t<\/p>\n<\/div>\n<p><input class=\"wpcf7-form-control wpcf7-submit has-spinner\" type=\"submit\" value=\"Enviar\" \/>\n<\/p><div class=\"wpcf7-response-output\" aria-hidden=\"true\"><\/div>\n<input type=\"hidden\" name=\"trp-form-language\" value=\"pt\"\/><\/form>\n<\/div>\n<\/div><\/div>\t\t\t\t<\/div>\n\t\t\t\t<\/div>\n\t\t\t\t\t<\/div>\n\t\t<\/div>\n\t\t\t\t\t<\/div>\n\t\t<\/section>\n\t\t\t\t<div class=\"elementor-element elementor-element-615d68f elementor-widget elementor-widget-text-editor\" data-id=\"615d68f\" data-element_type=\"widget\" data-e-type=\"widget\" data-widget_type=\"text-editor.default\">\n\t\t\t\t<div class=\"elementor-widget-container\">\n\t\t\t\t\t\t\t\t\t<div id=\"lipsum\"><p>Embora os resultados de n\u00e3o us\u00e1-lo sejam provavelmente\u00a0<strong>abrilhantador para lava-lou\u00e7as<\/strong>\u00a0n\u00e3o seja catastr\u00f3fico, isso pode ter um impacto percept\u00edvel na qualidade dos seus ciclos de lavagem e na apar\u00eancia de longo prazo da sua lou\u00e7a. Se voc\u00ea n\u00e3o usar\u00a0<strong>abrilhantador para lava-lou\u00e7as<\/strong>\u00a0Nos ciclos de lavagem de lou\u00e7a, seus pratos ainda ser\u00e3o secos usando o calor do ciclo de secagem da m\u00e1quina de lavar lou\u00e7a.<\/p><p>No entanto, voc\u00ea pode ter manchas de \u00e1gua devido \u00e0 \u00e1gua ficar parada em cada prato por muito tempo. Isso pode ser particularmente evidente e devastador em porcelanas finas e artigos de vidro caros e de alta qualidade. A curto prazo, as pe\u00e7as parecer\u00e3o menos brilhantes, lustrosas e limpas. Com o tempo, a falta de uso do\u00a0<strong>abrilhantador para lava-lou\u00e7as<\/strong>\u00a0Pode at\u00e9 causar arranh\u00f5es, marcas e gravuras permanentes. N\u00e3o arrisque: use\u00a0<strong>abrilhantador para lava-lou\u00e7as<\/strong>\u00a0 para garantir a melhor efic\u00e1cia e seguran\u00e7a na hora de lavar seus pratos mais preciosos.<\/p><p>Voc\u00ea pode notar que itens de pl\u00e1stico, incluindo Tupperware, ainda t\u00eam gotas de \u00e1gua ap\u00f3s um ciclo de secagem. Isso ocorre porque os pl\u00e1sticos s\u00e3o \u201chidrof\u00f3bicos\u201d, o que significa que s\u00e3o menos propensos a atrair \u00e1gua e demoram mais para secar em compara\u00e7\u00e3o \u00e0s superf\u00edcies de vidro. N\u00e3o se assuste se seus pl\u00e1sticos ainda tiverem gotas de \u00e1gua quando voc\u00ea os usar.\u00a0<strong>abrilhantador para lava-lou\u00e7as<\/strong>; Isso \u00e9 relativamente comum e n\u00e3o danificar\u00e1 seus itens de pl\u00e1stico.<\/p><p>Se voc\u00ea deseja o mais alto n\u00edvel absoluto de qualidade de lavagem e aquele brilho de alta qualidade para seus artigos de vidro, recomendamos usar um\u00a0<strong>abrilhantador para lava-lou\u00e7as<\/strong>.<\/p><\/div>\t\t\t\t\t\t\t\t<\/div>\n\t\t\t\t<\/div>\n\t\t\t\t\t<\/div>\n\t\t<\/div>\n\t\t\t\t\t<\/div>\n\t\t<\/section>\n\t\t\t\t<section class=\"elementor-section elementor-top-section elementor-element elementor-element-484f41e elementor-section-full_width elementor-section-height-default elementor-section-height-default elementor-invisible\" data-id=\"484f41e\" data-element_type=\"section\" data-e-type=\"section\" data-settings=\"{&quot;animation&quot;:&quot;slideInUp&quot;}\">\n\t\t\t\t\t\t<div class=\"elementor-container elementor-column-gap-default\">\n\t\t\t\t\t<div class=\"elementor-column elementor-col-100 elementor-top-column elementor-element elementor-element-19948363\" data-id=\"19948363\" data-element_type=\"column\" data-e-type=\"column\">\n\t\t\t<div class=\"elementor-widget-wrap elementor-element-populated\">\n\t\t\t\t\t\t<div class=\"elementor-element elementor-element-339044a4 elementor-widget elementor-widget-google_maps\" data-id=\"339044a4\" data-element_type=\"widget\" data-e-type=\"widget\" data-widget_type=\"google_maps.default\">\n\t\t\t\t<div class=\"elementor-widget-container\">\n\t\t\t\t\t\t\t<div class=\"elementor-custom-embed\">\n\t\t\t<iframe loading=\"lazy\"\n\t\t\t\t\tsrc=\"https:\/\/maps.google.com\/maps?q=C%2F%20Pintor%20Joan%20Miro%2C%2016.%20Pol.%20Ind.%20Can%20Humet%20de%20Dalt%2C%2008213%20Poliny%C3%A0.%20Barcelona&#038;t=m&#038;z=15&#038;output=embed&#038;iwloc=near\"\n\t\t\t\t\ttitle=\"C\/ Pintor Joan Miro, 16. Pol. Ind. Can Humet de Dalt, 08213 Poliny\u00e0. Barcelona\"\n\t\t\t\t\taria-label=\"C\/ Pintor Joan Miro, 16. Pol. Ind. Can Humet de Dalt, 08213 Poliny\u00e0. Barcelona\"\n\t\t\t><\/iframe>\n\t\t<\/div>\n\t\t\t\t\t\t<\/div>\n\t\t\t\t<\/div>\n\t\t\t\t\t<\/div>\n\t\t<\/div>\n\t\t\t\t\t<\/div>\n\t\t<\/section>\n\t\t\t\t<\/div>","protected":false},"excerpt":{"rendered":"<p>Para garantir que cada lavagem da m\u00e1quina de lavar lou\u00e7a termine com pratos impecavelmente limpos e sem manchas, voc\u00ea precisa incluir abrilhantador para lava-lou\u00e7as na sua rotina regular de lavagem. O abrilhantador para lava-lou\u00e7as foi desenvolvido para ajudar voc\u00ea a obter resultados impec\u00e1veis com sua m\u00e1quina. Ele melhora o processo de secagem\u2026&nbsp;<a href=\"https:\/\/dermo.com\/pt\/abrilhantador-para-lava-loucas\/\" rel=\"bookmark\">Ler mais \u00bb<span class=\"screen-reader-text\">Aux\u00edlio para abrilhantador de lava-lou\u00e7as<\/span><\/a><\/p>","protected":false},"author":2,"featured_media":0,"parent":0,"menu_order":0,"comment_status":"closed","ping_status":"closed","template":"page-templates\/template-pagebuilder-full-width.php","meta":{"neve_meta_sidebar":"","neve_meta_container":"","neve_meta_enable_content_width":"","neve_meta_content_width":0,"neve_meta_title_alignment":"","neve_meta_author_avatar":"","neve_post_elements_order":"","neve_meta_disable_header":"","neve_meta_disable_footer":"","neve_meta_disable_title":"","footnotes":""},"class_list":["post-12335","page","type-page","status-publish","hentry"],"yoast_head":"<!-- This site is optimized with the Yoast SEO plugin v27.0 - https:\/\/yoast.com\/product\/yoast-seo-wordpress\/ -->\n<title>Abrillantador de lavavajillas - Dermo | F\u00e1brica de detergentes<\/title>\n<meta name=\"robots\" content=\"index, follow, max-snippet:-1, max-image-preview:large, max-video-preview:-1\" \/>\n<link rel=\"canonical\" href=\"https:\/\/dermo.com\/pt\/abrilhantador-para-lava-loucas\/\" \/>\n<meta property=\"og:locale\" content=\"pt_PT\" \/>\n<meta property=\"og:type\" content=\"article\" \/>\n<meta property=\"og:title\" content=\"Abrillantador de lavavajillas - Dermo | F\u00e1brica de detergentes\" \/>\n<meta property=\"og:description\" content=\"Cuando se trata de garantizar que todas y cada una de las cargas de lavavajillas que complete terminen con platos impecablemente limpios y sin rayas, querr\u00e1 incluir un\u00a0abrillantador de lavavajillas\u00a0como parte de su r\u00e9gimen regular de lavavajillas. El\u00a0abrillantador de lavavajillas\u00a0est\u00e1 dise\u00f1ado para ayudarte a obtener resultados impecables con tu m\u00e1quina. Mejora el proceso de secado&hellip;&nbsp;Ler mais &raquo;Abrillantador de lavavajillas\" \/>\n<meta property=\"og:url\" content=\"https:\/\/dermo.com\/pt\/abrilhantador-para-lava-loucas\/\" \/>\n<meta property=\"og:site_name\" content=\"Dermo | F\u00e1brica de detergentes\" \/>\n<meta property=\"article:modified_time\" content=\"2025-02-19T09:49:47+00:00\" \/>\n<meta name=\"twitter:card\" content=\"summary_large_image\" \/>\n<meta name=\"twitter:label1\" content=\"Tempo estimado de leitura\" \/>\n\t<meta name=\"twitter:data1\" content=\"3 minutos\" \/>\n<script type=\"application\/ld+json\" class=\"yoast-schema-graph\">{\"@context\":\"https:\/\/schema.org\",\"@graph\":[{\"@type\":\"WebPage\",\"@id\":\"https:\/\/dermo.com\/abrillantador-de-lavavajillas\/\",\"url\":\"https:\/\/dermo.com\/abrillantador-de-lavavajillas\/\",\"name\":\"Abrillantador de lavavajillas - Dermo | F\u00e1brica de detergentes\",\"isPartOf\":{\"@id\":\"https:\/\/dermo.com\/#website\"},\"datePublished\":\"2025-01-30T09:52:44+00:00\",\"dateModified\":\"2025-02-19T09:49:47+00:00\",\"breadcrumb\":{\"@id\":\"https:\/\/dermo.com\/abrillantador-de-lavavajillas\/#breadcrumb\"},\"inLanguage\":\"pt-PT\",\"potentialAction\":[{\"@type\":\"ReadAction\",\"target\":[\"https:\/\/dermo.com\/abrillantador-de-lavavajillas\/\"]}]},{\"@type\":\"BreadcrumbList\",\"@id\":\"https:\/\/dermo.com\/abrillantador-de-lavavajillas\/#breadcrumb\",\"itemListElement\":[{\"@type\":\"ListItem\",\"position\":1,\"name\":\"Portada\",\"item\":\"https:\/\/dermo.com\/\"},{\"@type\":\"ListItem\",\"position\":2,\"name\":\"Abrillantador de lavavajillas\"}]},{\"@type\":\"WebSite\",\"@id\":\"https:\/\/dermo.com\/#website\",\"url\":\"https:\/\/dermo.com\/\",\"name\":\"Dermo | F\u00e1brica de detergentes\",\"description\":\"Tecnolog\u00eda avanzada, investigaci\u00f3n y desarrollo, respeto por el medio ambiente, competencia, formaci\u00f3n constante y alto nivel de profesionalidad en nuestro equipo humano, empe\u00f1ado en preservar la calidad de vida, la protecci\u00f3n del entorno natural contin\u00faan motiv\u00e1ndonos para desarrollar en nuestros laboratorios nuevos productos con ingredientes activos altamente biodegradables que hacen posible un desarrollo sostenible.\",\"potentialAction\":[{\"@type\":\"SearchAction\",\"target\":{\"@type\":\"EntryPoint\",\"urlTemplate\":\"https:\/\/dermo.com\/?s={search_term_string}\"},\"query-input\":{\"@type\":\"PropertyValueSpecification\",\"valueRequired\":true,\"valueName\":\"search_term_string\"}}],\"inLanguage\":\"pt-PT\"}]}<\/script>\n<!-- \/ Yoast SEO plugin. -->","yoast_head_json":{"title":"Abrilhantador para lava-lou\u00e7as - Dermo | F\u00e1brica de detergentes","robots":{"index":"index","follow":"follow","max-snippet":"max-snippet:-1","max-image-preview":"max-image-preview:large","max-video-preview":"max-video-preview:-1"},"canonical":"https:\/\/dermo.com\/pt\/abrilhantador-para-lava-loucas\/","og_locale":"pt_PT","og_type":"article","og_title":"Abrillantador de lavavajillas - Dermo | F\u00e1brica de detergentes","og_description":"Cuando se trata de garantizar que todas y cada una de las cargas de lavavajillas que complete terminen con platos impecablemente limpios y sin rayas, querr\u00e1 incluir un\u00a0abrillantador de lavavajillas\u00a0como parte de su r\u00e9gimen regular de lavavajillas. El\u00a0abrillantador de lavavajillas\u00a0est\u00e1 dise\u00f1ado para ayudarte a obtener resultados impecables con tu m\u00e1quina. Mejora el proceso de secado&hellip;&nbsp;Ler mais &raquo;Abrillantador de lavavajillas","og_url":"https:\/\/dermo.com\/pt\/abrilhantador-para-lava-loucas\/","og_site_name":"Dermo | F\u00e1brica de detergentes","article_modified_time":"2025-02-19T09:49:47+00:00","twitter_card":"summary_large_image","twitter_misc":{"Tempo estimado de leitura":"3 minutos"},"schema":{"@context":"https:\/\/schema.org","@graph":[{"@type":"WebPage","@id":"https:\/\/dermo.com\/abrillantador-de-lavavajillas\/","url":"https:\/\/dermo.com\/abrillantador-de-lavavajillas\/","name":"Abrilhantador para lava-lou\u00e7as - Dermo | F\u00e1brica de detergentes","isPartOf":{"@id":"https:\/\/dermo.com\/#website"},"datePublished":"2025-01-30T09:52:44+00:00","dateModified":"2025-02-19T09:49:47+00:00","breadcrumb":{"@id":"https:\/\/dermo.com\/abrillantador-de-lavavajillas\/#breadcrumb"},"inLanguage":"pt-PT","potentialAction":[{"@type":"ReadAction","target":["https:\/\/dermo.com\/abrillantador-de-lavavajillas\/"]}]},{"@type":"BreadcrumbList","@id":"https:\/\/dermo.com\/abrillantador-de-lavavajillas\/#breadcrumb","itemListElement":[{"@type":"ListItem","position":1,"name":"Portada","item":"https:\/\/dermo.com\/"},{"@type":"ListItem","position":2,"name":"Abrillantador de lavavajillas"}]},{"@type":"WebSite","@id":"https:\/\/dermo.com\/#website","url":"https:\/\/dermo.com\/","name":"Dermo | f\u00e1brica de detergentes","description":"A tecnologia avan\u00e7ada, a investiga\u00e7\u00e3o e desenvolvimento, o respeito pelo ambiente, a compet\u00eancia, a forma\u00e7\u00e3o constante e o elevado n\u00edvel de profissionalismo da nossa equipa humana, comprometida com a preserva\u00e7\u00e3o da qualidade de vida, a protec\u00e7\u00e3o do ambiente natural continuam a motivar-nos a desenvolver novos produtos nos nossos laborat\u00f3rios com princ\u00edpios ativos altamente biodegrad\u00e1veis que possibilitam o desenvolvimento sustent\u00e1vel.","potentialAction":[{"@type":"SearchAction","target":{"@type":"EntryPoint","urlTemplate":"https:\/\/dermo.com\/?s={search_term_string}"},"query-input":{"@type":"PropertyValueSpecification","valueRequired":true,"valueName":"search_term_string"}}],"inLanguage":"pt-PT"}]}},"_links":{"self":[{"href":"https:\/\/dermo.com\/pt\/wp-json\/wp\/v2\/pages\/12335","targetHints":{"allow":["GET"]}}],"collection":[{"href":"https:\/\/dermo.com\/pt\/wp-json\/wp\/v2\/pages"}],"about":[{"href":"https:\/\/dermo.com\/pt\/wp-json\/wp\/v2\/types\/page"}],"author":[{"embeddable":true,"href":"https:\/\/dermo.com\/pt\/wp-json\/wp\/v2\/users\/2"}],"replies":[{"embeddable":true,"href":"https:\/\/dermo.com\/pt\/wp-json\/wp\/v2\/comments?post=12335"}],"version-history":[{"count":7,"href":"https:\/\/dermo.com\/pt\/wp-json\/wp\/v2\/pages\/12335\/revisions"}],"predecessor-version":[{"id":13321,"href":"https:\/\/dermo.com\/pt\/wp-json\/wp\/v2\/pages\/12335\/revisions\/13321"}],"wp:attachment":[{"href":"https:\/\/dermo.com\/pt\/wp-json\/wp\/v2\/media?parent=12335"}],"curies":[{"name":"wp","href":"https:\/\/api.w.org\/{rel}","templated":true}]}}