{"id":12376,"date":"2025-01-30T12:10:32","date_gmt":"2025-01-30T11:10:32","guid":{"rendered":"https:\/\/dermo.com\/?page_id=12376"},"modified":"2025-02-19T12:19:18","modified_gmt":"2025-02-19T11:19:18","slug":"oxigenio-ativo","status":"publish","type":"page","link":"https:\/\/dermo.com\/pt\/oxigenio-ativo\/","title":{"rendered":"Oxig\u00eanio Ativo"},"content":{"rendered":"<div data-elementor-type=\"wp-page\" data-elementor-id=\"12376\" class=\"elementor elementor-12376\" data-elementor-post-type=\"page\">\n\t\t\t\t\t\t<section class=\"elementor-section elementor-top-section elementor-element elementor-element-a02683f elementor-section-boxed elementor-section-height-default elementor-section-height-default\" data-id=\"a02683f\" data-element_type=\"section\" data-e-type=\"section\" data-settings=\"{&quot;background_background&quot;:&quot;classic&quot;}\">\n\t\t\t\t\t\t\t<div class=\"elementor-background-overlay\"><\/div>\n\t\t\t\t\t\t\t<div class=\"elementor-container elementor-column-gap-default\">\n\t\t\t\t\t<div class=\"elementor-column elementor-col-100 elementor-top-column elementor-element elementor-element-f99dbff\" data-id=\"f99dbff\" data-element_type=\"column\" data-e-type=\"column\">\n\t\t\t<div class=\"elementor-widget-wrap elementor-element-populated\">\n\t\t\t\t\t\t\t<\/div>\n\t\t<\/div>\n\t\t\t\t\t<\/div>\n\t\t<\/section>\n\t\t\t\t<section class=\"elementor-section elementor-top-section elementor-element elementor-element-233ad3a4 elementor-section-boxed elementor-section-height-default elementor-section-height-default\" data-id=\"233ad3a4\" data-element_type=\"section\" data-e-type=\"section\">\n\t\t\t\t\t\t<div class=\"elementor-container elementor-column-gap-default\">\n\t\t\t\t\t<div class=\"elementor-column elementor-col-100 elementor-top-column elementor-element elementor-element-3244e578\" data-id=\"3244e578\" data-element_type=\"column\" data-e-type=\"column\">\n\t\t\t<div class=\"elementor-widget-wrap elementor-element-populated\">\n\t\t\t\t\t\t<section class=\"elementor-section elementor-inner-section elementor-element elementor-element-1a7040c2 elementor-section-content-middle elementor-section-boxed elementor-section-height-default elementor-section-height-default\" data-id=\"1a7040c2\" data-element_type=\"section\" data-e-type=\"section\">\n\t\t\t\t\t\t<div class=\"elementor-container elementor-column-gap-default\">\n\t\t\t\t\t<div class=\"elementor-column elementor-col-50 elementor-inner-column elementor-element elementor-element-58338543\" data-id=\"58338543\" data-element_type=\"column\" data-e-type=\"column\">\n\t\t\t<div class=\"elementor-widget-wrap elementor-element-populated\">\n\t\t\t\t\t\t<div class=\"elementor-element elementor-element-464b2e11 elementor-widget elementor-widget-text-editor\" data-id=\"464b2e11\" data-element_type=\"widget\" data-e-type=\"widget\" data-widget_type=\"text-editor.default\">\n\t\t\t\t<div class=\"elementor-widget-container\">\n\t\t\t\t\t\t\t\t\t<div id=\"lipsum\"><p>Em\u00a0<a href=\"https:\/\/dermo.com\/pt\/oxigenio-ativo\/oxigenio-ativo\/\" rel=\"attachment wp-att-4441\"><img fetchpriority=\"high\" decoding=\"async\" class=\"alignleft size-medium wp-image-4441\" src=\"https:\/\/dermo.com\/wp-content\/uploads\/2019\/03\/oxigeno-activo-300x300.jpg\" sizes=\"(max-width: 300px) 100vw, 300px\" srcset=\"https:\/\/dermo.com\/wp-content\/uploads\/2019\/03\/oxigeno-activo-300x300.jpg 300w, https:\/\/dermo.com\/wp-content\/uploads\/2019\/03\/oxigeno-activo-200x200.jpg 200w, https:\/\/dermo.com\/wp-content\/uploads\/2019\/03\/oxigeno-activo.jpg 458w\" alt=\"\" width=\"300\" height=\"300\" \/><\/a>Com mais de 30 anos de experi\u00eancia no setor, podemos oferecer a voc\u00ea a melhor sele\u00e7\u00e3o de produtos detergentes projetados para limpeza e higiene industrial e dom\u00e9stica. Em\u00a0<strong>Dermo<\/strong>\u00a0Voc\u00ea pode encontrar produtos de higiene pessoal muito hidratantes e formulados com princ\u00edpios ativos muito delicados, preparados para respeitar o pH da pele e tamb\u00e9m a sustentabilidade ambiental.<\/p><p>Gra\u00e7as \u00e0 tecnologia avan\u00e7ada, pesquisa, desenvolvimento e treinamento constante de nossa equipe, podemos oferecer a voc\u00ea um amplo e variado cat\u00e1logo de produtos de limpeza profissional, como:\u00a0<strong>Oxig\u00eanio Ativo<\/strong>.<\/p><p>Nosso produto\u00a0<a href=\"https:\/\/dermo.com\/pt\/catalogo\/oxigenio-ativo\/\"><strong>Oxig\u00eanio Ativo<\/strong><\/a>\u00a0\u00c9 um poderoso tira-manchas capaz de remover sujeira de todos os tipos de tecidos e superf\u00edcies, de forma r\u00e1pida e eficaz. \u00c9 um produto que possui aspecto granulado branco de longa dura\u00e7\u00e3o, com o qual voc\u00ea n\u00e3o precisar\u00e1 utilizar grandes doses para que seus resultados sejam eficazes. \u00c9 um produto que, ao ser adicionado \u00e0 m\u00e1quina de lavar, aumenta e refor\u00e7a consideravelmente a a\u00e7\u00e3o do detergente.<\/p><\/div>\t\t\t\t\t\t\t\t<\/div>\n\t\t\t\t<\/div>\n\t\t\t\t\t<\/div>\n\t\t<\/div>\n\t\t\t\t<div class=\"elementor-column elementor-col-50 elementor-inner-column elementor-element elementor-element-f3952f8 elementor-invisible\" data-id=\"f3952f8\" data-element_type=\"column\" data-e-type=\"column\" data-settings=\"{&quot;animation&quot;:&quot;bounceInRight&quot;}\">\n\t\t\t<div class=\"elementor-widget-wrap elementor-element-populated\">\n\t\t\t\t\t\t<div class=\"elementor-element elementor-element-1c818b5 elementor-widget__width-initial elementor-widget elementor-widget-elementskit-contact-form7\" data-id=\"1c818b5\" data-element_type=\"widget\" data-e-type=\"widget\" data-widget_type=\"elementskit-contact-form7.default\">\n\t\t\t\t<div class=\"elementor-widget-container\">\n\t\t\t\t\t<div class=\"ekit-wid-con\" ><div class=\"ekit-form\">\n<div class=\"wpcf7 no-js\" id=\"wpcf7-f13292-p12376-o1\" lang=\"es-ES\" dir=\"ltr\" data-wpcf7-id=\"13292\">\n<div class=\"screen-reader-response\"><p role=\"status\" aria-live=\"polite\" aria-atomic=\"true\"><\/p> <ul><\/ul><\/div>\n<form action=\"\/pt\/oxigenio-ativo\/#wpcf7-f13292-p12376-o1\" method=\"post\" class=\"wpcf7-form init\" aria-label=\"Formulario de contacto\" novalidate=\"novalidate\" data-status=\"init\" data-no-translation-aria-label=\"\" data-trp-original-action=\"\/en\/oxigeno-activo\/#wpcf7-f13292-p12376-o1\">\n<fieldset class=\"hidden-fields-container\"><input type=\"hidden\" name=\"_wpcf7\" value=\"13292\" \/><input type=\"hidden\" name=\"_wpcf7_version\" value=\"6.1.5\" \/><input type=\"hidden\" name=\"_wpcf7_locale\" value=\"es_ES\" \/><input type=\"hidden\" name=\"_wpcf7_unit_tag\" value=\"wpcf7-f13292-p12376-o1\" \/><input type=\"hidden\" name=\"_wpcf7_container_post\" value=\"12376\" \/><input type=\"hidden\" name=\"_wpcf7_posted_data_hash\" value=\"\" \/><input type=\"hidden\" name=\"_wpcf7_recaptcha_response\" value=\"\" \/>\n<\/fieldset>\n<div style=\"display: flex; gap: 10px;\">\n\t<div style=\"width: 50%;\">\n\t\t<p><span class=\"wpcf7-form-control-wrap\" data-name=\"your-name\"><input size=\"40\" maxlength=\"400\" class=\"wpcf7-form-control wpcf7-text wpcf7-validates-as-required\" aria-required=\"true\" aria-invalid=\"false\" placeholder=\"Nome\" value=\"\" type=\"text\" name=\"your-name\" \/><\/span>\n\t\t<\/p>\n\t<\/div>\n\t<div style=\"width: 50%;\">\n\t\t<p><span class=\"wpcf7-form-control-wrap\" data-name=\"your-phone\"><input size=\"40\" maxlength=\"400\" class=\"wpcf7-form-control wpcf7-tel wpcf7-validates-as-required wpcf7-text wpcf7-validates-as-tel\" aria-required=\"true\" aria-invalid=\"false\" placeholder=\"Telefone\" value=\"\" type=\"tel\" name=\"your-phone\" \/><\/span>\n\t\t<\/p>\n\t<\/div>\n<\/div>\n<p><span class=\"wpcf7-form-control-wrap\" data-name=\"your-email\"><input size=\"40\" maxlength=\"400\" class=\"wpcf7-form-control wpcf7-email wpcf7-validates-as-required wpcf7-text wpcf7-validates-as-email\" aria-required=\"true\" aria-invalid=\"false\" placeholder=\"E-mail\" value=\"\" type=\"email\" name=\"your-email\" \/><\/span>\n<\/p>\n<div style=\"display: flex; gap: 10px;\">\n\t<div style=\"width: 50%;\">\n\t\t<p><span class=\"wpcf7-form-control-wrap\" data-name=\"your-country\"><input size=\"40\" maxlength=\"400\" class=\"wpcf7-form-control wpcf7-text wpcf7-validates-as-required\" aria-required=\"true\" aria-invalid=\"false\" placeholder=\"Pa\u00eds\" value=\"\" type=\"text\" name=\"your-country\" \/><\/span>\n\t\t<\/p>\n\t<\/div>\n\t<div style=\"width: 50%;\">\n\t\t<p><span class=\"wpcf7-form-control-wrap\" data-name=\"your-city\"><input size=\"40\" maxlength=\"400\" class=\"wpcf7-form-control wpcf7-text wpcf7-validates-as-required\" aria-required=\"true\" aria-invalid=\"false\" placeholder=\"Popula\u00e7\u00e3o\" value=\"\" type=\"text\" name=\"your-city\" \/><\/span>\n\t\t<\/p>\n\t<\/div>\n<\/div>\n<p><span class=\"wpcf7-form-control-wrap\" data-name=\"your-subject\"><select class=\"wpcf7-form-control wpcf7-select\" aria-invalid=\"false\" name=\"your-subject\"><option value=\"Quiero ser distribuidor\">Quero ser um distribuidor<\/option><option value=\"Presupuesto\">Or\u00e7amento<\/option><option value=\"Consulta\">Consulta<\/option><option value=\"Sugerencia\">Sugest\u00e3o<\/option><option value=\"Otros\">Outros<\/option><\/select><\/span>\n<\/p>\n<p><span class=\"wpcf7-form-control-wrap\" data-name=\"your-message\"><textarea cols=\"40\" rows=\"10\" maxlength=\"2000\" class=\"wpcf7-form-control wpcf7-textarea\" aria-invalid=\"false\" placeholder=\"Mensagem ou consulta\" name=\"your-message\"><\/textarea><\/span>\n<\/p>\n<div style=\"display: flex; align-items: center; gap: 10px;\">\n\t<p><span class=\"wpcf7-form-control-wrap\" data-name=\"privacy-policy\"><span class=\"wpcf7-form-control wpcf7-acceptance\"><span class=\"wpcf7-list-item\"><input type=\"checkbox\" name=\"privacy-policy\" value=\"1\" aria-invalid=\"false\" \/><\/span><\/span><\/span><label for=\"privacy-policy\" style=\"margin-left: 5px;\">Li e aceito a pol\u00edtica de privacidade.<\/label>\n\t<\/p>\n<\/div>\n<div style=\"display: flex; align-items: center; gap: 10px;\">\n\t<p><span class=\"wpcf7-form-control-wrap\" data-name=\"send-info\"><span class=\"wpcf7-form-control wpcf7-acceptance\"><span class=\"wpcf7-list-item\"><input type=\"checkbox\" name=\"send-info\" value=\"1\" aria-invalid=\"false\" \/><\/span><\/span><\/span><label for=\"send-info\" style=\"margin-left: 5px;\">Concordo em receber informa\u00e7\u00f5es.<\/label>\n\t<\/p>\n<\/div>\n<p><input class=\"wpcf7-form-control wpcf7-submit has-spinner\" type=\"submit\" value=\"Enviar\" \/>\n<\/p><div class=\"wpcf7-response-output\" aria-hidden=\"true\"><\/div>\n<input type=\"hidden\" name=\"trp-form-language\" value=\"pt\"\/><\/form>\n<\/div>\n<\/div><\/div>\t\t\t\t<\/div>\n\t\t\t\t<\/div>\n\t\t\t\t\t<\/div>\n\t\t<\/div>\n\t\t\t\t\t<\/div>\n\t\t<\/section>\n\t\t\t\t<div class=\"elementor-element elementor-element-615d68f elementor-widget elementor-widget-text-editor\" data-id=\"615d68f\" data-element_type=\"widget\" data-e-type=\"widget\" data-widget_type=\"text-editor.default\">\n\t\t\t\t<div class=\"elementor-widget-container\">\n\t\t\t\t\t\t\t\t\t<div id=\"lipsum\"><h3>Tr\u00eas maneiras de usar o oxig\u00eanio ativo<\/h3><p>Acess\u00f3rio de lavagem; Neste caso s\u00e3o adicionados 50 ml de\u00a0<strong>Oxig\u00eanio Ativo<\/strong>\u00a0na gaveta de detergente ou diretamente no tambor da m\u00e1quina de lavar e depois deve adicionar o detergente como faz normalmente e utilizar um programa em que a \u00e1gua esteja a 40 graus.<\/p><p>Para manchas dif\u00edceis; Neste caso \u00e9 aconselh\u00e1vel utilizar\u00a0<strong>Oxig\u00eanio Ativo<\/strong>\u00a0deixe a pe\u00e7a de molho e lave-a \u00e0 m\u00e3o. O melhor \u00e9 deixar a pe\u00e7a de molho por 1 a 5 horas em \u00e1gua morna ou quente, usando 50 ml de produto por litro de \u00e1gua.<\/p><p>Uso direto; Diluir o produto em \u00e1gua morna ou quente, dosando 12,5 ml por litro de \u00e1gua e aplicar\u00a0<strong>Oxig\u00eanio Ativo<\/strong>\u00a0diretamente sobre a mancha a ser tratada. Depois, deixe agir de 10 a 30 minutos e, ap\u00f3s esse tempo, esfregue com uma esponja ou uma toalha \u00famida e deixe secar.<\/p><p>Fabricamos produtos personalizados, personalizando o formato do produto de acordo com a necessidade do cliente. Voc\u00ea tem a op\u00e7\u00e3o de compr\u00e1-lo nos formatos de 1kg, 2kg e 10kg. \u00c9 um produto capaz de remover manchas dif\u00edceis em superf\u00edcies t\u00e3o complicadas como: Tapetes, toalhas de mesa, cadeiras, sof\u00e1s e qualquer superf\u00edcie que possa ser lavada com \u00e1gua.<\/p><p>Na Dermo prestamos servi\u00e7os a diversos setores como hotelaria, casas de repouso, restaurantes, servi\u00e7os de limpeza, ind\u00fastria e ind\u00fastria automotiva, etc., h\u00e1 mais de 30 anos. E nosso objetivo \u00e9 oferecer o melhor servi\u00e7o \u00e0s pessoas que confiam em n\u00f3s e no nosso trabalho.<\/p><p>Oferecemos uma ampla gama de produtos de limpeza e higiene que visam cobrir todos os tipos de necessidades. S\u00e3o produtos multiuso ou espec\u00edficos para lavanderia, lava-lou\u00e7as, detergentes para lou\u00e7a, desincrustantes, desinfetantes, tratamentos de pisos, desengordurantes, ambientadores, etc. Al\u00e9m disso, temos uma linha chamada Naturgreen que \u00e9 formulada com produtos ecol\u00f3gicos, que garantem um alto n\u00edvel de prote\u00e7\u00e3o ambiental sem abrir m\u00e3o da m\u00e1xima efic\u00e1cia e seguran\u00e7a de uso.<\/p><p>Visite nosso site para descobrir todos os detalhes do nosso tira-manchas\u00a0<strong>Oxig\u00eanio Ativo<\/strong>\u00a0e todos os nossos produtos de limpeza profissional.<\/p><\/div>\t\t\t\t\t\t\t\t<\/div>\n\t\t\t\t<\/div>\n\t\t\t\t\t<\/div>\n\t\t<\/div>\n\t\t\t\t\t<\/div>\n\t\t<\/section>\n\t\t\t\t<section class=\"elementor-section elementor-top-section elementor-element elementor-element-484f41e elementor-section-full_width elementor-section-height-default elementor-section-height-default elementor-invisible\" data-id=\"484f41e\" data-element_type=\"section\" data-e-type=\"section\" data-settings=\"{&quot;animation&quot;:&quot;slideInUp&quot;}\">\n\t\t\t\t\t\t<div class=\"elementor-container elementor-column-gap-default\">\n\t\t\t\t\t<div class=\"elementor-column elementor-col-100 elementor-top-column elementor-element elementor-element-19948363\" data-id=\"19948363\" data-element_type=\"column\" data-e-type=\"column\">\n\t\t\t<div class=\"elementor-widget-wrap elementor-element-populated\">\n\t\t\t\t\t\t<div class=\"elementor-element elementor-element-339044a4 elementor-widget elementor-widget-google_maps\" data-id=\"339044a4\" data-element_type=\"widget\" data-e-type=\"widget\" data-widget_type=\"google_maps.default\">\n\t\t\t\t<div class=\"elementor-widget-container\">\n\t\t\t\t\t\t\t<div class=\"elementor-custom-embed\">\n\t\t\t<iframe loading=\"lazy\"\n\t\t\t\t\tsrc=\"https:\/\/maps.google.com\/maps?q=C%2F%20Pintor%20Joan%20Miro%2C%2016.%20Pol.%20Ind.%20Can%20Humet%20de%20Dalt%2C%2008213%20Poliny%C3%A0.%20Barcelona&#038;t=m&#038;z=15&#038;output=embed&#038;iwloc=near\"\n\t\t\t\t\ttitle=\"C\/ Pintor Joan Miro, 16. Pol. Ind. Can Humet de Dalt, 08213 Poliny\u00e0. Barcelona\"\n\t\t\t\t\taria-label=\"C\/ Pintor Joan Miro, 16. Pol. Ind. Can Humet de Dalt, 08213 Poliny\u00e0. Barcelona\"\n\t\t\t><\/iframe>\n\t\t<\/div>\n\t\t\t\t\t\t<\/div>\n\t\t\t\t<\/div>\n\t\t\t\t\t<\/div>\n\t\t<\/div>\n\t\t\t\t\t<\/div>\n\t\t<\/section>\n\t\t\t\t<\/div>","protected":false},"excerpt":{"rendered":"<p>Na Dermo, com mais de 30 anos de experi\u00eancia no setor, oferecemos a melhor sele\u00e7\u00e3o de detergentes para limpeza e higiene industrial e dom\u00e9stica. Na Dermo, voc\u00ea encontrar\u00e1 produtos de higiene pessoal altamente hidratantes, formulados com ingredientes ativos suaves, desenvolvidos para respeitar o pH da sua pele.&nbsp;<a href=\"https:\/\/dermo.com\/pt\/oxigenio-ativo\/\" rel=\"bookmark\">Ler mais \u00bb<span class=\"screen-reader-text\">Oxig\u00eanio Ativo<\/span><\/a><\/p>","protected":false},"author":2,"featured_media":0,"parent":0,"menu_order":0,"comment_status":"closed","ping_status":"closed","template":"page-templates\/template-pagebuilder-full-width.php","meta":{"neve_meta_sidebar":"","neve_meta_container":"","neve_meta_enable_content_width":"","neve_meta_content_width":0,"neve_meta_title_alignment":"","neve_meta_author_avatar":"","neve_post_elements_order":"","neve_meta_disable_header":"","neve_meta_disable_footer":"","neve_meta_disable_title":"","footnotes":""},"class_list":["post-12376","page","type-page","status-publish","hentry"],"yoast_head":"<!-- This site is optimized with the Yoast SEO plugin v27.0 - https:\/\/yoast.com\/product\/yoast-seo-wordpress\/ -->\n<title>Ox\u00edgeno Activo - Dermo | F\u00e1brica de detergentes<\/title>\n<meta name=\"robots\" content=\"index, follow, max-snippet:-1, max-image-preview:large, max-video-preview:-1\" \/>\n<link rel=\"canonical\" href=\"https:\/\/dermo.com\/pt\/oxigenio-ativo\/\" \/>\n<meta property=\"og:locale\" content=\"pt_PT\" \/>\n<meta property=\"og:type\" content=\"article\" \/>\n<meta property=\"og:title\" content=\"Ox\u00edgeno Activo - Dermo | F\u00e1brica de detergentes\" \/>\n<meta property=\"og:description\" content=\"En\u00a0, tras m\u00e1s de 30 a\u00f1os de experiencia en el sector, podemos ofrecerte la mejor selecci\u00f3n de productos detergentes dise\u00f1ados para la limpieza y la higiene industrial y dom\u00e9stica. En\u00a0Dermo\u00a0podr\u00e1s encontrar productos para la higiene personal, que son muy hidratantes y que est\u00e1n formulados con ingredientes activos muy delicados, preparados para respetar el pH de&hellip;&nbsp;Ler mais &raquo;Ox\u00edgeno Activo\" \/>\n<meta property=\"og:url\" content=\"https:\/\/dermo.com\/pt\/oxigenio-ativo\/\" \/>\n<meta property=\"og:site_name\" content=\"Dermo | F\u00e1brica de detergentes\" \/>\n<meta property=\"article:modified_time\" content=\"2025-02-19T11:19:18+00:00\" \/>\n<meta property=\"og:image\" content=\"https:\/\/dermo.com\/wp-content\/uploads\/2019\/03\/oxigeno-activo-300x300.jpg\" \/>\n<meta name=\"twitter:card\" content=\"summary_large_image\" \/>\n<meta name=\"twitter:label1\" content=\"Tempo estimado de leitura\" \/>\n\t<meta name=\"twitter:data1\" content=\"3 minutos\" \/>\n<script type=\"application\/ld+json\" class=\"yoast-schema-graph\">{\"@context\":\"https:\/\/schema.org\",\"@graph\":[{\"@type\":\"WebPage\",\"@id\":\"https:\/\/dermo.com\/oxigeno-activo\/\",\"url\":\"https:\/\/dermo.com\/oxigeno-activo\/\",\"name\":\"Ox\u00edgeno Activo - Dermo | F\u00e1brica de detergentes\",\"isPartOf\":{\"@id\":\"https:\/\/dermo.com\/#website\"},\"primaryImageOfPage\":{\"@id\":\"https:\/\/dermo.com\/oxigeno-activo\/#primaryimage\"},\"image\":{\"@id\":\"https:\/\/dermo.com\/oxigeno-activo\/#primaryimage\"},\"thumbnailUrl\":\"https:\/\/dermo.com\/wp-content\/uploads\/2019\/03\/oxigeno-activo-300x300.jpg\",\"datePublished\":\"2025-01-30T11:10:32+00:00\",\"dateModified\":\"2025-02-19T11:19:18+00:00\",\"breadcrumb\":{\"@id\":\"https:\/\/dermo.com\/oxigeno-activo\/#breadcrumb\"},\"inLanguage\":\"pt-PT\",\"potentialAction\":[{\"@type\":\"ReadAction\",\"target\":[\"https:\/\/dermo.com\/oxigeno-activo\/\"]}]},{\"@type\":\"ImageObject\",\"inLanguage\":\"pt-PT\",\"@id\":\"https:\/\/dermo.com\/oxigeno-activo\/#primaryimage\",\"url\":\"https:\/\/dermo.com\/wp-content\/uploads\/2019\/03\/oxigeno-activo-300x300.jpg\",\"contentUrl\":\"https:\/\/dermo.com\/wp-content\/uploads\/2019\/03\/oxigeno-activo-300x300.jpg\"},{\"@type\":\"BreadcrumbList\",\"@id\":\"https:\/\/dermo.com\/oxigeno-activo\/#breadcrumb\",\"itemListElement\":[{\"@type\":\"ListItem\",\"position\":1,\"name\":\"Portada\",\"item\":\"https:\/\/dermo.com\/\"},{\"@type\":\"ListItem\",\"position\":2,\"name\":\"Ox\u00edgeno Activo\"}]},{\"@type\":\"WebSite\",\"@id\":\"https:\/\/dermo.com\/#website\",\"url\":\"https:\/\/dermo.com\/\",\"name\":\"Dermo | F\u00e1brica de detergentes\",\"description\":\"Tecnolog\u00eda avanzada, investigaci\u00f3n y desarrollo, respeto por el medio ambiente, competencia, formaci\u00f3n constante y alto nivel de profesionalidad en nuestro equipo humano, empe\u00f1ado en preservar la calidad de vida, la protecci\u00f3n del entorno natural contin\u00faan motiv\u00e1ndonos para desarrollar en nuestros laboratorios nuevos productos con ingredientes activos altamente biodegradables que hacen posible un desarrollo sostenible.\",\"potentialAction\":[{\"@type\":\"SearchAction\",\"target\":{\"@type\":\"EntryPoint\",\"urlTemplate\":\"https:\/\/dermo.com\/?s={search_term_string}\"},\"query-input\":{\"@type\":\"PropertyValueSpecification\",\"valueRequired\":true,\"valueName\":\"search_term_string\"}}],\"inLanguage\":\"pt-PT\"}]}<\/script>\n<!-- \/ Yoast SEO plugin. -->","yoast_head_json":{"title":"Oxig\u00eanio Ativo - Dermo | F\u00e1brica de detergentes","robots":{"index":"index","follow":"follow","max-snippet":"max-snippet:-1","max-image-preview":"max-image-preview:large","max-video-preview":"max-video-preview:-1"},"canonical":"https:\/\/dermo.com\/pt\/oxigenio-ativo\/","og_locale":"pt_PT","og_type":"article","og_title":"Ox\u00edgeno Activo - Dermo | F\u00e1brica de detergentes","og_description":"En\u00a0, tras m\u00e1s de 30 a\u00f1os de experiencia en el sector, podemos ofrecerte la mejor selecci\u00f3n de productos detergentes dise\u00f1ados para la limpieza y la higiene industrial y dom\u00e9stica. En\u00a0Dermo\u00a0podr\u00e1s encontrar productos para la higiene personal, que son muy hidratantes y que est\u00e1n formulados con ingredientes activos muy delicados, preparados para respetar el pH de&hellip;&nbsp;Ler mais &raquo;Ox\u00edgeno Activo","og_url":"https:\/\/dermo.com\/pt\/oxigenio-ativo\/","og_site_name":"Dermo | F\u00e1brica de detergentes","article_modified_time":"2025-02-19T11:19:18+00:00","og_image":[{"url":"https:\/\/dermo.com\/wp-content\/uploads\/2019\/03\/oxigeno-activo-300x300.jpg","type":"","width":"","height":""}],"twitter_card":"summary_large_image","twitter_misc":{"Tempo estimado de leitura":"3 minutos"},"schema":{"@context":"https:\/\/schema.org","@graph":[{"@type":"WebPage","@id":"https:\/\/dermo.com\/oxigeno-activo\/","url":"https:\/\/dermo.com\/oxigeno-activo\/","name":"Oxig\u00eanio Ativo - Dermo | F\u00e1brica de detergentes","isPartOf":{"@id":"https:\/\/dermo.com\/#website"},"primaryImageOfPage":{"@id":"https:\/\/dermo.com\/oxigeno-activo\/#primaryimage"},"image":{"@id":"https:\/\/dermo.com\/oxigeno-activo\/#primaryimage"},"thumbnailUrl":"https:\/\/dermo.com\/wp-content\/uploads\/2019\/03\/oxigeno-activo-300x300.jpg","datePublished":"2025-01-30T11:10:32+00:00","dateModified":"2025-02-19T11:19:18+00:00","breadcrumb":{"@id":"https:\/\/dermo.com\/oxigeno-activo\/#breadcrumb"},"inLanguage":"pt-PT","potentialAction":[{"@type":"ReadAction","target":["https:\/\/dermo.com\/oxigeno-activo\/"]}]},{"@type":"ImageObject","inLanguage":"pt-PT","@id":"https:\/\/dermo.com\/oxigeno-activo\/#primaryimage","url":"https:\/\/dermo.com\/wp-content\/uploads\/2019\/03\/oxigeno-activo-300x300.jpg","contentUrl":"https:\/\/dermo.com\/wp-content\/uploads\/2019\/03\/oxigeno-activo-300x300.jpg"},{"@type":"BreadcrumbList","@id":"https:\/\/dermo.com\/oxigeno-activo\/#breadcrumb","itemListElement":[{"@type":"ListItem","position":1,"name":"Portada","item":"https:\/\/dermo.com\/"},{"@type":"ListItem","position":2,"name":"Ox\u00edgeno Activo"}]},{"@type":"WebSite","@id":"https:\/\/dermo.com\/#website","url":"https:\/\/dermo.com\/","name":"Dermo | f\u00e1brica de detergentes","description":"A tecnologia avan\u00e7ada, a investiga\u00e7\u00e3o e desenvolvimento, o respeito pelo ambiente, a compet\u00eancia, a forma\u00e7\u00e3o constante e o elevado n\u00edvel de profissionalismo da nossa equipa humana, comprometida com a preserva\u00e7\u00e3o da qualidade de vida, a protec\u00e7\u00e3o do ambiente natural continuam a motivar-nos a desenvolver novos produtos nos nossos laborat\u00f3rios com princ\u00edpios ativos altamente biodegrad\u00e1veis que possibilitam o desenvolvimento sustent\u00e1vel.","potentialAction":[{"@type":"SearchAction","target":{"@type":"EntryPoint","urlTemplate":"https:\/\/dermo.com\/?s={search_term_string}"},"query-input":{"@type":"PropertyValueSpecification","valueRequired":true,"valueName":"search_term_string"}}],"inLanguage":"pt-PT"}]}},"_links":{"self":[{"href":"https:\/\/dermo.com\/pt\/wp-json\/wp\/v2\/pages\/12376","targetHints":{"allow":["GET"]}}],"collection":[{"href":"https:\/\/dermo.com\/pt\/wp-json\/wp\/v2\/pages"}],"about":[{"href":"https:\/\/dermo.com\/pt\/wp-json\/wp\/v2\/types\/page"}],"author":[{"embeddable":true,"href":"https:\/\/dermo.com\/pt\/wp-json\/wp\/v2\/users\/2"}],"replies":[{"embeddable":true,"href":"https:\/\/dermo.com\/pt\/wp-json\/wp\/v2\/comments?post=12376"}],"version-history":[{"count":7,"href":"https:\/\/dermo.com\/pt\/wp-json\/wp\/v2\/pages\/12376\/revisions"}],"predecessor-version":[{"id":13635,"href":"https:\/\/dermo.com\/pt\/wp-json\/wp\/v2\/pages\/12376\/revisions\/13635"}],"wp:attachment":[{"href":"https:\/\/dermo.com\/pt\/wp-json\/wp\/v2\/media?parent=12376"}],"curies":[{"name":"wp","href":"https:\/\/api.w.org\/{rel}","templated":true}]}}