{"id":12380,"date":"2025-01-30T12:23:10","date_gmt":"2025-01-30T11:23:10","guid":{"rendered":"https:\/\/dermo.com\/?page_id=12380"},"modified":"2025-02-20T10:40:14","modified_gmt":"2025-02-20T09:40:14","slug":"ferro-ousado","status":"publish","type":"page","link":"https:\/\/dermo.com\/pt\/ferro-ousado\/","title":{"rendered":"Ferro Ousado"},"content":{"rendered":"<div data-elementor-type=\"wp-page\" data-elementor-id=\"12380\" class=\"elementor elementor-12380\" data-elementor-post-type=\"page\">\n\t\t\t\t\t\t<section class=\"elementor-section elementor-top-section elementor-element elementor-element-a02683f elementor-section-boxed elementor-section-height-default elementor-section-height-default\" data-id=\"a02683f\" data-element_type=\"section\" data-e-type=\"section\" data-settings=\"{&quot;background_background&quot;:&quot;classic&quot;}\">\n\t\t\t\t\t\t\t<div class=\"elementor-background-overlay\"><\/div>\n\t\t\t\t\t\t\t<div class=\"elementor-container elementor-column-gap-default\">\n\t\t\t\t\t<div class=\"elementor-column elementor-col-100 elementor-top-column elementor-element elementor-element-f99dbff\" data-id=\"f99dbff\" data-element_type=\"column\" data-e-type=\"column\">\n\t\t\t<div class=\"elementor-widget-wrap elementor-element-populated\">\n\t\t\t\t\t\t\t<\/div>\n\t\t<\/div>\n\t\t\t\t\t<\/div>\n\t\t<\/section>\n\t\t\t\t<section class=\"elementor-section elementor-top-section elementor-element elementor-element-fb0fb7e elementor-section-boxed elementor-section-height-default elementor-section-height-default\" data-id=\"fb0fb7e\" data-element_type=\"section\" data-e-type=\"section\">\n\t\t\t\t\t\t<div class=\"elementor-container elementor-column-gap-default\">\n\t\t\t\t\t<div class=\"elementor-column elementor-col-100 elementor-top-column elementor-element elementor-element-94bebef\" data-id=\"94bebef\" data-element_type=\"column\" data-e-type=\"column\">\n\t\t\t<div class=\"elementor-widget-wrap elementor-element-populated\">\n\t\t\t\t<div class=\"elementor-element elementor-element-adc472f e-grid e-con-boxed e-con e-parent\" data-id=\"adc472f\" data-element_type=\"container\" data-e-type=\"container\">\n\t\t\t\t\t<div class=\"e-con-inner\">\n\t\t\t\t<div class=\"elementor-element elementor-element-9ac2dcb elementor-widget elementor-widget-text-editor\" data-id=\"9ac2dcb\" data-element_type=\"widget\" data-e-type=\"widget\" data-widget_type=\"text-editor.default\">\n\t\t\t\t<div class=\"elementor-widget-container\">\n\t\t\t\t\t\t\t\t\t<div id=\"wpb_visual_composer\" class=\"postbox\"><div class=\"inside\"><div class=\"metabox-composer-content\"><div id=\"visual_composer_content\" class=\"wpb_main_sortable main_wrapper ui-sortable\"><div class=\"wpb_vc_row wpb_sortable vc_main-sortable-element\" data-element_type=\"vc_row\" data-model-id=\"38d4cd0d-cc7a\"><div class=\"wpb_element_wrapper\"><div class=\"vc_row vc_row-fluid wpb_row_container vc_container_for_children ui-sortable\"><div class=\"wpb_vc_column wpb_sortable vc_col-sm-6 wpb_content_holder\" data-element_type=\"vc_column\" data-vc-column-width=\"11\" data-model-id=\"4c35e79f-20d3\" data-width=\"1\/2\"><div class=\"wpb_element_wrapper\"><div class=\"wpb_column_container vc_container_for_children ui-sortable\"><div class=\"wpb_vc_column_text wpb_content_element wpb_sortable\" data-element_type=\"vc_column_text\" data-model-id=\"c5d96270-98e9\"><div class=\"wpb_element_wrapper clearfix\"><div class=\"wpb_vc_param_value content textarea_html\">\u00a0<\/div><\/div><\/div><div class=\"wpb_vc_column_text wpb_content_element wpb_sortable\" data-element_type=\"vc_column_text\" data-model-id=\"2d20440e-6cb2\"><div class=\"wpb_element_wrapper clearfix\"><div class=\"vision-contentbox\"><div class=\"vision-contentbox-title tt-cb-title-blue\"><div class=\"wpb_text_column wpb_content_element\"><div class=\"wpb_wrapper\"><p>Na Dermo contamos com produtos potentes, eficazes e duradouros que garantem a maior efic\u00e1cia no menor tempo poss\u00edvel e sem a necessidade de utiliza\u00e7\u00e3o de grandes doses do produto. Este \u00e9 o caso de <a href=\"https:\/\/dermo.com\/pt\/catalogo\/es\/desengordurantes\/32-audaz-planchas.html\/\"><strong>Audaz Planchas<\/strong><\/a>, um dos produtos destaque da nossa empresa, pois foi desenvolvido para eliminar gordura incrustada em grelhas e outras superf\u00edcies da cozinha.<\/p><\/div><\/div><div class=\"wpb_single_image wpb_content_element vc_align_left\"><figure class=\"wpb_wrapper vc_figure\"><div class=\"vc_single_image-wrapper   vc_box_border_grey\"><img decoding=\"async\" class=\"vc_single_image-img attachment-thumbnail\" src=\"https:\/\/dermo.com\/wp-content\/uploads\/2023\/11\/audaz-planchas-1-150x150.jpg\" sizes=\"(max-width: 150px) 100vw, 150px\" srcset=\"https:\/\/dermo.com\/wp-content\/uploads\/2023\/11\/audaz-planchas-1-150x150.jpg 150w, https:\/\/dermo.com\/wp-content\/uploads\/2023\/11\/audaz-planchas-1-300x300.jpg 300w, https:\/\/dermo.com\/wp-content\/uploads\/2023\/11\/audaz-planchas-1-71x71.jpg 71w, https:\/\/dermo.com\/wp-content\/uploads\/2023\/11\/audaz-planchas-1-36x36.jpg 36w, https:\/\/dermo.com\/wp-content\/uploads\/2023\/11\/audaz-planchas-1.jpg 458w\" alt=\"Audaz desengordurante concentrado para ferros de engomar\" width=\"150\" height=\"150\" data-dt-location=\"https:\/\/dermo.com\/audaz\/audaz-planchas-1-2\/\" \/><\/div><\/figure><\/div><div class=\"wpb_text_column wpb_content_element\"><div class=\"wpb_wrapper\"><p>\u00c9 um <a href=\"https:\/\/dermo.com\/pt\/limpeza-industrial-e-suas-aplicacoes\/\"><strong>desengordurante<\/strong> <\/a>l\u00edquido concentrado capaz de remover gordura queimada e carbonizada de fog\u00f5es, fornos e grelhas da maneira mais eficaz e com o m\u00ednimo esfor\u00e7o poss\u00edvel. \u00c9 um produto que, dissolvido em \u00e1gua, \u00e9 perfeito para limpeza de fritadeiras. Ele tamb\u00e9m remove ferrugem e atua como antioxidante em superf\u00edcies tratadas.<\/p><h2><strong>Instru\u00e7\u00f5es de uso<\/strong><\/h2><p><strong>Audaz Planchas <\/strong>Pode ser usado para limpar v\u00e1rios tipos de superf\u00edcies, como: fornos e grelhas, filtros de coifas ou fritadeiras.<\/p><p>Para limpeza de fornos e grelhas; Neste caso a temperatura do forno ou do ferro deve estar entre 60 e 80 graus, antes de aplicar o produto diretamente na superf\u00edcie. Depois de deixar agir por alguns minutos, a gordura ser\u00e1 removida e tudo o que voc\u00ea precisa fazer \u00e9 adicionar um pouco de \u00e1gua e remover a sujeira solta com um raspador, pano \u00famido ou palha de a\u00e7o. Depois enx\u00e1gue e deixe a superf\u00edcie secar.<\/p><p>Filtros de coifa: Neste caso voc\u00ea deve mergulhar os filtros de coifa em uma solu\u00e7\u00e3o de 3 a 10% de <strong>Audaz Planchas<\/strong>, dependendo da sujeira, com \u00e1gua quente. Ap\u00f3s deixar o produto agir por 20 minutos, basta enxaguar e deixar secar.<\/p><p>Fritadeiras: Voc\u00ea precisar\u00e1 encher a fritadeira com uma solu\u00e7\u00e3o de 3 a 10%, ou seja, 150 a 500 ml de <strong>Audaz Planchas<\/strong> para cada litro de \u00e1gua. Depois ligue a fritadeira e deixe ferver por 10 a 15 minutos. Depois que esfriar, voc\u00ea precisar\u00e1 esvaziar a fritadeira e remover qualquer res\u00edduo que tenha grudado nas paredes. Enx\u00e1gue com bastante \u00e1gua e deixe secar. N\u00e3o \u00e9 recomendado para uso em alum\u00ednio porque pode liberar vapores irritantes.<\/p><p>Na Dermo voc\u00ea encontra diferentes tipos de desengordurantes para tratar todos os tipos de superf\u00edcies. Por exemplo, o Audaz Special, que tem grande poder emulsificante e dissolve facilmente gordura e sujeira. Mas tamb\u00e9m temos desengordurantes projetados para remover gordura de superf\u00edcies verticais, desengordurantes com aroma de lim\u00e3o para remover gordura de qualquer superf\u00edcie, desengordurantes multiuso ou DHP-100, um desengordurante especialmente desenvolvido para limpar superf\u00edcies muito oleosas, como coifas, fornos e fog\u00f5es.<\/p><p>Se voc\u00ea quiser descobrir todos os produtos de limpeza profissional e higiene pessoal que oferecemos na Dermo, n\u00e3o hesite em visitar nosso site e tamb\u00e9m conhecer a hist\u00f3ria da nossa empresa. Ap\u00f3s mais de 30 anos servindo pessoas, podemos dizer que nos tornamos uma empresa l\u00edder na cria\u00e7\u00e3o de produtos de limpeza profissional, projetados com uma f\u00f3rmula potente e eficaz e preparados para eliminar qualquer tipo de mancha ou sujeira.<\/p><\/div><\/div><\/div><div class=\"vision-contentbox-content tt-content-style-blue\"><h3><strong>Dermo SA<\/strong><\/h3><p>C\/ Pintor Joan Mir\u00f3, 16. Pol. Ind. Can Humet de Dalt, 08213 Poliny\u00e0. Barcelona<\/p><p>Telefone: +34 937 13 35 00 \u2022 Fax: +34 937 13 34 51<br \/>Hor\u00e1rio: Seg-Qui: 8:00 \u2013 13:30 \/ 15:00 \u2013 18:00 \u2022 Sex: 7:00 \u2013 14:00<br \/>e-mail:\u00a0<a href=\"mailto:dermo@dermo.com\">dermo@dermo.com<\/a><\/p><\/div><\/div><div class=\"vc_row wpb_row vc_inner vc_row-fluid\"><div class=\"wpb_column vc_column_container vc_col-sm-12\"><div class=\"vc_column-inner\"><div class=\"wpb_wrapper\"><div class=\"wpb_single_image wpb_content_element vc_align_center\"><figure class=\"wpb_wrapper vc_figure\"><div class=\"vc_single_image-wrapper vc_box_border_grey\"><img decoding=\"async\" class=\"vc_single_image-img attachment-full\" src=\"https:\/\/dermo.com\/wp-content\/uploads\/2015\/03\/dermo_logo_iso_nou1.jpg\" alt=\"\" width=\"150\" height=\"75\" data-dt-location=\"https:\/\/dermo.com\/portada\/dermo_logo_iso_nou-2\/\" \/><\/div><\/figure><\/div><\/div><\/div><\/div><\/div><\/div><\/div><\/div><\/div><\/div><\/div><\/div><\/div><\/div><\/div><\/div><\/div>\t\t\t\t\t\t\t\t<\/div>\n\t\t\t\t<\/div>\n\t\t\t\t<div class=\"elementor-element elementor-element-f0d7d14 elementor-widget elementor-widget-elementskit-contact-form7\" data-id=\"f0d7d14\" data-element_type=\"widget\" data-e-type=\"widget\" data-widget_type=\"elementskit-contact-form7.default\">\n\t\t\t\t<div class=\"elementor-widget-container\">\n\t\t\t\t\t<div class=\"ekit-wid-con\" ><div class=\"ekit-form\">\n<div class=\"wpcf7 no-js\" id=\"wpcf7-f13292-p12380-o1\" lang=\"es-ES\" dir=\"ltr\" data-wpcf7-id=\"13292\">\n<div class=\"screen-reader-response\"><p role=\"status\" aria-live=\"polite\" aria-atomic=\"true\"><\/p> <ul><\/ul><\/div>\n<form action=\"\/pt\/ferro-ousado\/#wpcf7-f13292-p12380-o1\" method=\"post\" class=\"wpcf7-form init\" aria-label=\"Formulario de contacto\" novalidate=\"novalidate\" data-status=\"init\" data-no-translation-aria-label=\"\" data-trp-original-action=\"\/en\/audaz-plancha\/#wpcf7-f13292-p12380-o1\">\n<fieldset class=\"hidden-fields-container\"><input type=\"hidden\" name=\"_wpcf7\" value=\"13292\" \/><input type=\"hidden\" name=\"_wpcf7_version\" value=\"6.1.5\" \/><input type=\"hidden\" name=\"_wpcf7_locale\" value=\"es_ES\" \/><input type=\"hidden\" name=\"_wpcf7_unit_tag\" value=\"wpcf7-f13292-p12380-o1\" \/><input type=\"hidden\" name=\"_wpcf7_container_post\" value=\"12380\" \/><input type=\"hidden\" name=\"_wpcf7_posted_data_hash\" value=\"\" \/><input type=\"hidden\" name=\"_wpcf7_recaptcha_response\" value=\"\" \/>\n<\/fieldset>\n<div style=\"display: flex; gap: 10px;\">\n\t<div style=\"width: 50%;\">\n\t\t<p><span class=\"wpcf7-form-control-wrap\" data-name=\"your-name\"><input size=\"40\" maxlength=\"400\" class=\"wpcf7-form-control wpcf7-text wpcf7-validates-as-required\" aria-required=\"true\" aria-invalid=\"false\" placeholder=\"Nome\" value=\"\" type=\"text\" name=\"your-name\" \/><\/span>\n\t\t<\/p>\n\t<\/div>\n\t<div style=\"width: 50%;\">\n\t\t<p><span class=\"wpcf7-form-control-wrap\" data-name=\"your-phone\"><input size=\"40\" maxlength=\"400\" class=\"wpcf7-form-control wpcf7-tel wpcf7-validates-as-required wpcf7-text wpcf7-validates-as-tel\" aria-required=\"true\" aria-invalid=\"false\" placeholder=\"Telefone\" value=\"\" type=\"tel\" name=\"your-phone\" \/><\/span>\n\t\t<\/p>\n\t<\/div>\n<\/div>\n<p><span class=\"wpcf7-form-control-wrap\" data-name=\"your-email\"><input size=\"40\" maxlength=\"400\" class=\"wpcf7-form-control wpcf7-email wpcf7-validates-as-required wpcf7-text wpcf7-validates-as-email\" aria-required=\"true\" aria-invalid=\"false\" placeholder=\"E-mail\" value=\"\" type=\"email\" name=\"your-email\" \/><\/span>\n<\/p>\n<div style=\"display: flex; gap: 10px;\">\n\t<div style=\"width: 50%;\">\n\t\t<p><span class=\"wpcf7-form-control-wrap\" data-name=\"your-country\"><input size=\"40\" maxlength=\"400\" class=\"wpcf7-form-control wpcf7-text wpcf7-validates-as-required\" aria-required=\"true\" aria-invalid=\"false\" placeholder=\"Pa\u00eds\" value=\"\" type=\"text\" name=\"your-country\" \/><\/span>\n\t\t<\/p>\n\t<\/div>\n\t<div style=\"width: 50%;\">\n\t\t<p><span class=\"wpcf7-form-control-wrap\" data-name=\"your-city\"><input size=\"40\" maxlength=\"400\" class=\"wpcf7-form-control wpcf7-text wpcf7-validates-as-required\" aria-required=\"true\" aria-invalid=\"false\" placeholder=\"Popula\u00e7\u00e3o\" value=\"\" type=\"text\" name=\"your-city\" \/><\/span>\n\t\t<\/p>\n\t<\/div>\n<\/div>\n<p><span class=\"wpcf7-form-control-wrap\" data-name=\"your-subject\"><select class=\"wpcf7-form-control wpcf7-select\" aria-invalid=\"false\" name=\"your-subject\"><option value=\"Quiero ser distribuidor\">Quero ser um distribuidor<\/option><option value=\"Presupuesto\">Or\u00e7amento<\/option><option value=\"Consulta\">Consulta<\/option><option value=\"Sugerencia\">Sugest\u00e3o<\/option><option value=\"Otros\">Outros<\/option><\/select><\/span>\n<\/p>\n<p><span class=\"wpcf7-form-control-wrap\" data-name=\"your-message\"><textarea cols=\"40\" rows=\"10\" maxlength=\"2000\" class=\"wpcf7-form-control wpcf7-textarea\" aria-invalid=\"false\" placeholder=\"Mensagem ou consulta\" name=\"your-message\"><\/textarea><\/span>\n<\/p>\n<div style=\"display: flex; align-items: center; gap: 10px;\">\n\t<p><span class=\"wpcf7-form-control-wrap\" data-name=\"privacy-policy\"><span class=\"wpcf7-form-control wpcf7-acceptance\"><span class=\"wpcf7-list-item\"><input type=\"checkbox\" name=\"privacy-policy\" value=\"1\" aria-invalid=\"false\" \/><\/span><\/span><\/span><label for=\"privacy-policy\" style=\"margin-left: 5px;\">Li e aceito a pol\u00edtica de privacidade.<\/label>\n\t<\/p>\n<\/div>\n<div style=\"display: flex; align-items: center; gap: 10px;\">\n\t<p><span class=\"wpcf7-form-control-wrap\" data-name=\"send-info\"><span class=\"wpcf7-form-control wpcf7-acceptance\"><span class=\"wpcf7-list-item\"><input type=\"checkbox\" name=\"send-info\" value=\"1\" aria-invalid=\"false\" \/><\/span><\/span><\/span><label for=\"send-info\" style=\"margin-left: 5px;\">Concordo em receber informa\u00e7\u00f5es.<\/label>\n\t<\/p>\n<\/div>\n<p><input class=\"wpcf7-form-control wpcf7-submit has-spinner\" type=\"submit\" value=\"Enviar\" \/>\n<\/p><div class=\"wpcf7-response-output\" aria-hidden=\"true\"><\/div>\n<input type=\"hidden\" name=\"trp-form-language\" value=\"pt\"\/><\/form>\n<\/div>\n<\/div><\/div>\t\t\t\t<\/div>\n\t\t\t\t<\/div>\n\t\t\t\t\t<\/div>\n\t\t\t\t<\/div>\n\t\t\t\t\t<\/div>\n\t\t<\/div>\n\t\t\t\t\t<\/div>\n\t\t<\/section>\n\t\t\t\t<section class=\"elementor-section elementor-top-section elementor-element elementor-element-484f41e elementor-section-full_width elementor-section-height-default elementor-section-height-default elementor-invisible\" data-id=\"484f41e\" data-element_type=\"section\" data-e-type=\"section\" data-settings=\"{&quot;animation&quot;:&quot;slideInUp&quot;}\">\n\t\t\t\t\t\t<div class=\"elementor-container elementor-column-gap-default\">\n\t\t\t\t\t<div class=\"elementor-column elementor-col-100 elementor-top-column elementor-element elementor-element-19948363\" data-id=\"19948363\" data-element_type=\"column\" data-e-type=\"column\">\n\t\t\t<div class=\"elementor-widget-wrap elementor-element-populated\">\n\t\t\t\t\t\t<div class=\"elementor-element elementor-element-339044a4 elementor-widget elementor-widget-google_maps\" data-id=\"339044a4\" data-element_type=\"widget\" data-e-type=\"widget\" data-widget_type=\"google_maps.default\">\n\t\t\t\t<div class=\"elementor-widget-container\">\n\t\t\t\t\t\t\t<div class=\"elementor-custom-embed\">\n\t\t\t<iframe loading=\"lazy\"\n\t\t\t\t\tsrc=\"https:\/\/maps.google.com\/maps?q=C%2F%20Pintor%20Joan%20Miro%2C%2016.%20Pol.%20Ind.%20Can%20Humet%20de%20Dalt%2C%2008213%20Poliny%C3%A0.%20Barcelona&#038;t=m&#038;z=15&#038;output=embed&#038;iwloc=near\"\n\t\t\t\t\ttitle=\"C\/ Pintor Joan Miro, 16. Pol. Ind. Can Humet de Dalt, 08213 Poliny\u00e0. Barcelona\"\n\t\t\t\t\taria-label=\"C\/ Pintor Joan Miro, 16. Pol. Ind. Can Humet de Dalt, 08213 Poliny\u00e0. Barcelona\"\n\t\t\t><\/iframe>\n\t\t<\/div>\n\t\t\t\t\t\t<\/div>\n\t\t\t\t<\/div>\n\t\t\t\t\t<\/div>\n\t\t<\/div>\n\t\t\t\t\t<\/div>\n\t\t<\/section>\n\t\t\t\t<\/div>","protected":false},"excerpt":{"rendered":"<p>\u00a0 Na Dermo, oferecemos produtos potentes, eficazes e duradouros que garantem a m\u00e1xima efic\u00e1cia no menor tempo poss\u00edvel e sem a necessidade de grandes doses. \u00c9 o caso do Audaz Planchas, um dos produtos carro-chefe da nossa empresa, desenvolvido para eliminar a gordura incrustada...&nbsp;<a href=\"https:\/\/dermo.com\/pt\/ferro-ousado\/\" rel=\"bookmark\">Ler mais \u00bb<span class=\"screen-reader-text\">Ferro Ousado<\/span><\/a><\/p>","protected":false},"author":2,"featured_media":0,"parent":0,"menu_order":0,"comment_status":"closed","ping_status":"closed","template":"page-templates\/template-pagebuilder-full-width.php","meta":{"neve_meta_sidebar":"","neve_meta_container":"","neve_meta_enable_content_width":"","neve_meta_content_width":0,"neve_meta_title_alignment":"","neve_meta_author_avatar":"","neve_post_elements_order":"","neve_meta_disable_header":"","neve_meta_disable_footer":"","neve_meta_disable_title":"","footnotes":""},"class_list":["post-12380","page","type-page","status-publish","hentry"],"yoast_head":"<!-- This site is optimized with the Yoast SEO plugin v27.0 - https:\/\/yoast.com\/product\/yoast-seo-wordpress\/ -->\n<title>Audaz Plancha - Dermo | F\u00e1brica de detergentes<\/title>\n<meta name=\"robots\" content=\"index, follow, max-snippet:-1, max-image-preview:large, max-video-preview:-1\" \/>\n<link rel=\"canonical\" href=\"https:\/\/dermo.com\/pt\/ferro-ousado\/\" \/>\n<meta property=\"og:locale\" content=\"pt_PT\" \/>\n<meta property=\"og:type\" content=\"article\" \/>\n<meta property=\"og:title\" content=\"Audaz Plancha - Dermo | F\u00e1brica de detergentes\" \/>\n<meta property=\"og:description\" content=\"\u00a0 En Dermo contamos con productos potentes, efectivos y duraderos, que aseguran la mayor eficacia en el menor tiempo posible y sin la necesidad de utilizar grandes dosis del producto. Este es el caso de Audaz Planchas, uno de los productos estrella de nuestra empresa, ya que est\u00e1 dise\u00f1ado para acabar con la grasa incrustada&hellip;&nbsp;Ler mais &raquo;Audaz Plancha\" \/>\n<meta property=\"og:url\" content=\"https:\/\/dermo.com\/pt\/ferro-ousado\/\" \/>\n<meta property=\"og:site_name\" content=\"Dermo | F\u00e1brica de detergentes\" \/>\n<meta property=\"article:modified_time\" content=\"2025-02-20T09:40:14+00:00\" \/>\n<meta property=\"og:image\" content=\"https:\/\/dermo.com\/wp-content\/uploads\/2023\/11\/audaz-planchas-1-150x150.jpg\" \/>\n<meta name=\"twitter:card\" content=\"summary_large_image\" \/>\n<meta name=\"twitter:label1\" content=\"Tempo estimado de leitura\" \/>\n\t<meta name=\"twitter:data1\" content=\"4 minutos\" \/>\n<script type=\"application\/ld+json\" class=\"yoast-schema-graph\">{\"@context\":\"https:\/\/schema.org\",\"@graph\":[{\"@type\":\"WebPage\",\"@id\":\"https:\/\/dermo.com\/audaz-plancha\/\",\"url\":\"https:\/\/dermo.com\/audaz-plancha\/\",\"name\":\"Audaz Plancha - Dermo | F\u00e1brica de detergentes\",\"isPartOf\":{\"@id\":\"https:\/\/dermo.com\/#website\"},\"primaryImageOfPage\":{\"@id\":\"https:\/\/dermo.com\/audaz-plancha\/#primaryimage\"},\"image\":{\"@id\":\"https:\/\/dermo.com\/audaz-plancha\/#primaryimage\"},\"thumbnailUrl\":\"https:\/\/dermo.com\/wp-content\/uploads\/2023\/11\/audaz-planchas-1-150x150.jpg\",\"datePublished\":\"2025-01-30T11:23:10+00:00\",\"dateModified\":\"2025-02-20T09:40:14+00:00\",\"breadcrumb\":{\"@id\":\"https:\/\/dermo.com\/audaz-plancha\/#breadcrumb\"},\"inLanguage\":\"pt-PT\",\"potentialAction\":[{\"@type\":\"ReadAction\",\"target\":[\"https:\/\/dermo.com\/audaz-plancha\/\"]}]},{\"@type\":\"ImageObject\",\"inLanguage\":\"pt-PT\",\"@id\":\"https:\/\/dermo.com\/audaz-plancha\/#primaryimage\",\"url\":\"https:\/\/dermo.com\/wp-content\/uploads\/2023\/11\/audaz-planchas-1-150x150.jpg\",\"contentUrl\":\"https:\/\/dermo.com\/wp-content\/uploads\/2023\/11\/audaz-planchas-1-150x150.jpg\"},{\"@type\":\"BreadcrumbList\",\"@id\":\"https:\/\/dermo.com\/audaz-plancha\/#breadcrumb\",\"itemListElement\":[{\"@type\":\"ListItem\",\"position\":1,\"name\":\"Portada\",\"item\":\"https:\/\/dermo.com\/\"},{\"@type\":\"ListItem\",\"position\":2,\"name\":\"Audaz Plancha\"}]},{\"@type\":\"WebSite\",\"@id\":\"https:\/\/dermo.com\/#website\",\"url\":\"https:\/\/dermo.com\/\",\"name\":\"Dermo | F\u00e1brica de detergentes\",\"description\":\"Tecnolog\u00eda avanzada, investigaci\u00f3n y desarrollo, respeto por el medio ambiente, competencia, formaci\u00f3n constante y alto nivel de profesionalidad en nuestro equipo humano, empe\u00f1ado en preservar la calidad de vida, la protecci\u00f3n del entorno natural contin\u00faan motiv\u00e1ndonos para desarrollar en nuestros laboratorios nuevos productos con ingredientes activos altamente biodegradables que hacen posible un desarrollo sostenible.\",\"potentialAction\":[{\"@type\":\"SearchAction\",\"target\":{\"@type\":\"EntryPoint\",\"urlTemplate\":\"https:\/\/dermo.com\/?s={search_term_string}\"},\"query-input\":{\"@type\":\"PropertyValueSpecification\",\"valueRequired\":true,\"valueName\":\"search_term_string\"}}],\"inLanguage\":\"pt-PT\"}]}<\/script>\n<!-- \/ Yoast SEO plugin. -->","yoast_head_json":{"title":"Ferro Bold - Dermo | F\u00e1brica de detergentes","robots":{"index":"index","follow":"follow","max-snippet":"max-snippet:-1","max-image-preview":"max-image-preview:large","max-video-preview":"max-video-preview:-1"},"canonical":"https:\/\/dermo.com\/pt\/ferro-ousado\/","og_locale":"pt_PT","og_type":"article","og_title":"Audaz Plancha - Dermo | F\u00e1brica de detergentes","og_description":"\u00a0 En Dermo contamos con productos potentes, efectivos y duraderos, que aseguran la mayor eficacia en el menor tiempo posible y sin la necesidad de utilizar grandes dosis del producto. Este es el caso de Audaz Planchas, uno de los productos estrella de nuestra empresa, ya que est\u00e1 dise\u00f1ado para acabar con la grasa incrustada&hellip;&nbsp;Ler mais &raquo;Audaz Plancha","og_url":"https:\/\/dermo.com\/pt\/ferro-ousado\/","og_site_name":"Dermo | F\u00e1brica de detergentes","article_modified_time":"2025-02-20T09:40:14+00:00","og_image":[{"url":"https:\/\/dermo.com\/wp-content\/uploads\/2023\/11\/audaz-planchas-1-150x150.jpg","type":"","width":"","height":""}],"twitter_card":"summary_large_image","twitter_misc":{"Tempo estimado de leitura":"4 minutos"},"schema":{"@context":"https:\/\/schema.org","@graph":[{"@type":"WebPage","@id":"https:\/\/dermo.com\/audaz-plancha\/","url":"https:\/\/dermo.com\/audaz-plancha\/","name":"Ferro Bold - Dermo | F\u00e1brica de detergentes","isPartOf":{"@id":"https:\/\/dermo.com\/#website"},"primaryImageOfPage":{"@id":"https:\/\/dermo.com\/audaz-plancha\/#primaryimage"},"image":{"@id":"https:\/\/dermo.com\/audaz-plancha\/#primaryimage"},"thumbnailUrl":"https:\/\/dermo.com\/wp-content\/uploads\/2023\/11\/audaz-planchas-1-150x150.jpg","datePublished":"2025-01-30T11:23:10+00:00","dateModified":"2025-02-20T09:40:14+00:00","breadcrumb":{"@id":"https:\/\/dermo.com\/audaz-plancha\/#breadcrumb"},"inLanguage":"pt-PT","potentialAction":[{"@type":"ReadAction","target":["https:\/\/dermo.com\/audaz-plancha\/"]}]},{"@type":"ImageObject","inLanguage":"pt-PT","@id":"https:\/\/dermo.com\/audaz-plancha\/#primaryimage","url":"https:\/\/dermo.com\/wp-content\/uploads\/2023\/11\/audaz-planchas-1-150x150.jpg","contentUrl":"https:\/\/dermo.com\/wp-content\/uploads\/2023\/11\/audaz-planchas-1-150x150.jpg"},{"@type":"BreadcrumbList","@id":"https:\/\/dermo.com\/audaz-plancha\/#breadcrumb","itemListElement":[{"@type":"ListItem","position":1,"name":"Portada","item":"https:\/\/dermo.com\/"},{"@type":"ListItem","position":2,"name":"Audaz Plancha"}]},{"@type":"WebSite","@id":"https:\/\/dermo.com\/#website","url":"https:\/\/dermo.com\/","name":"Dermo | f\u00e1brica de detergentes","description":"A tecnologia avan\u00e7ada, a investiga\u00e7\u00e3o e desenvolvimento, o respeito pelo ambiente, a compet\u00eancia, a forma\u00e7\u00e3o constante e o elevado n\u00edvel de profissionalismo da nossa equipa humana, comprometida com a preserva\u00e7\u00e3o da qualidade de vida, a protec\u00e7\u00e3o do ambiente natural continuam a motivar-nos a desenvolver novos produtos nos nossos laborat\u00f3rios com princ\u00edpios ativos altamente biodegrad\u00e1veis que possibilitam o desenvolvimento sustent\u00e1vel.","potentialAction":[{"@type":"SearchAction","target":{"@type":"EntryPoint","urlTemplate":"https:\/\/dermo.com\/?s={search_term_string}"},"query-input":{"@type":"PropertyValueSpecification","valueRequired":true,"valueName":"search_term_string"}}],"inLanguage":"pt-PT"}]}},"_links":{"self":[{"href":"https:\/\/dermo.com\/pt\/wp-json\/wp\/v2\/pages\/12380","targetHints":{"allow":["GET"]}}],"collection":[{"href":"https:\/\/dermo.com\/pt\/wp-json\/wp\/v2\/pages"}],"about":[{"href":"https:\/\/dermo.com\/pt\/wp-json\/wp\/v2\/types\/page"}],"author":[{"embeddable":true,"href":"https:\/\/dermo.com\/pt\/wp-json\/wp\/v2\/users\/2"}],"replies":[{"embeddable":true,"href":"https:\/\/dermo.com\/pt\/wp-json\/wp\/v2\/comments?post=12380"}],"version-history":[{"count":7,"href":"https:\/\/dermo.com\/pt\/wp-json\/wp\/v2\/pages\/12380\/revisions"}],"predecessor-version":[{"id":13764,"href":"https:\/\/dermo.com\/pt\/wp-json\/wp\/v2\/pages\/12380\/revisions\/13764"}],"wp:attachment":[{"href":"https:\/\/dermo.com\/pt\/wp-json\/wp\/v2\/media?parent=12380"}],"curies":[{"name":"wp","href":"https:\/\/api.w.org\/{rel}","templated":true}]}}