{"id":12408,"date":"2025-01-30T12:23:18","date_gmt":"2025-01-30T11:23:18","guid":{"rendered":"https:\/\/dermo.com\/?page_id=12408"},"modified":"2025-02-19T12:36:36","modified_gmt":"2025-02-19T11:36:36","slug":"venda-de-produtos-de-limpeza-por-atacado","status":"publish","type":"page","link":"https:\/\/dermo.com\/pt\/venda-de-produtos-de-limpeza-por-atacado\/","title":{"rendered":"Produtos de limpeza por atacado"},"content":{"rendered":"<div data-elementor-type=\"wp-page\" data-elementor-id=\"12408\" class=\"elementor elementor-12408\" data-elementor-post-type=\"page\">\n\t\t\t\t\t\t<section class=\"elementor-section elementor-top-section elementor-element elementor-element-a02683f elementor-section-boxed elementor-section-height-default elementor-section-height-default\" data-id=\"a02683f\" data-element_type=\"section\" data-e-type=\"section\" data-settings=\"{&quot;background_background&quot;:&quot;classic&quot;}\">\n\t\t\t\t\t\t\t<div class=\"elementor-background-overlay\"><\/div>\n\t\t\t\t\t\t\t<div class=\"elementor-container elementor-column-gap-default\">\n\t\t\t\t\t<div class=\"elementor-column elementor-col-100 elementor-top-column elementor-element elementor-element-f99dbff\" data-id=\"f99dbff\" data-element_type=\"column\" data-e-type=\"column\">\n\t\t\t<div class=\"elementor-widget-wrap elementor-element-populated\">\n\t\t\t\t\t\t\t<\/div>\n\t\t<\/div>\n\t\t\t\t\t<\/div>\n\t\t<\/section>\n\t\t\t\t<section class=\"elementor-section elementor-top-section elementor-element elementor-element-233ad3a4 elementor-section-boxed elementor-section-height-default elementor-section-height-default\" data-id=\"233ad3a4\" data-element_type=\"section\" data-e-type=\"section\">\n\t\t\t\t\t\t<div class=\"elementor-container elementor-column-gap-default\">\n\t\t\t\t\t<div class=\"elementor-column elementor-col-100 elementor-top-column elementor-element elementor-element-3244e578\" data-id=\"3244e578\" data-element_type=\"column\" data-e-type=\"column\">\n\t\t\t<div class=\"elementor-widget-wrap elementor-element-populated\">\n\t\t\t\t\t\t<section class=\"elementor-section elementor-inner-section elementor-element elementor-element-1a7040c2 elementor-section-content-middle elementor-section-boxed elementor-section-height-default elementor-section-height-default\" data-id=\"1a7040c2\" data-element_type=\"section\" data-e-type=\"section\">\n\t\t\t\t\t\t<div class=\"elementor-container elementor-column-gap-default\">\n\t\t\t\t\t<div class=\"elementor-column elementor-col-50 elementor-inner-column elementor-element elementor-element-58338543\" data-id=\"58338543\" data-element_type=\"column\" data-e-type=\"column\">\n\t\t\t<div class=\"elementor-widget-wrap elementor-element-populated\">\n\t\t\t\t\t\t<div class=\"elementor-element elementor-element-464b2e11 elementor-widget elementor-widget-text-editor\" data-id=\"464b2e11\" data-element_type=\"widget\" data-e-type=\"widget\" data-widget_type=\"text-editor.default\">\n\t\t\t\t<div class=\"elementor-widget-container\">\n\t\t\t\t\t\t\t\t\t<p>Na Dermo realizamos o\u00a0<strong>produtos de limpeza por atacado<\/strong>, para todas aquelas empresas que desejam ter produtos de alta qualidade, fabricados de forma especializada.<\/p><p>Somos uma empresa familiar que nasceu em 1987 e hoje internacionalizamos nossos produtos em 32 pa\u00edses, o que nos posiciona como uma das marcas l\u00edderes no setor de\u00a0<strong>produtos de limpeza por atacado<\/strong>. Em nosso site voc\u00ea encontrar\u00e1 todas as informa\u00e7\u00f5es necess\u00e1rias sobre a venda de produtos para empresas e os demais produtos e servi\u00e7os que oferecemos.<\/p><p>Nossa equipe produz produtos com f\u00f3rmulas ativas concentradas, com o objetivo de atingir a maior efic\u00e1cia no menor tempo poss\u00edvel, selecionando criteriosamente cada um dos ingredientes.<\/p><p>Atuamos tanto no setor industrial quanto no dom\u00e9stico, oferecendo produtos de limpeza espec\u00edficos para diversos tipos de superf\u00edcies. Em nosso cat\u00e1logo online voc\u00ea pode encontrar desengordurantes, desinfetantes, polidores, etc.<\/p>\t\t\t\t\t\t\t\t<\/div>\n\t\t\t\t<\/div>\n\t\t\t\t\t<\/div>\n\t\t<\/div>\n\t\t\t\t<div class=\"elementor-column elementor-col-50 elementor-inner-column elementor-element elementor-element-d5493c8 elementor-invisible\" data-id=\"d5493c8\" data-element_type=\"column\" data-e-type=\"column\" data-settings=\"{&quot;animation&quot;:&quot;bounceInRight&quot;}\">\n\t\t\t<div class=\"elementor-widget-wrap elementor-element-populated\">\n\t\t\t\t\t\t<div class=\"elementor-element elementor-element-ee91b6a elementor-widget__width-initial elementor-widget elementor-widget-elementskit-contact-form7\" data-id=\"ee91b6a\" data-element_type=\"widget\" data-e-type=\"widget\" data-widget_type=\"elementskit-contact-form7.default\">\n\t\t\t\t<div class=\"elementor-widget-container\">\n\t\t\t\t\t<div class=\"ekit-wid-con\" ><div class=\"ekit-form\">\n<div class=\"wpcf7 no-js\" id=\"wpcf7-f13292-p12408-o1\" lang=\"es-ES\" dir=\"ltr\" data-wpcf7-id=\"13292\">\n<div class=\"screen-reader-response\"><p role=\"status\" aria-live=\"polite\" aria-atomic=\"true\"><\/p> <ul><\/ul><\/div>\n<form action=\"\/pt\/venda-de-produtos-de-limpeza-por-atacado\/#wpcf7-f13292-p12408-o1\" method=\"post\" class=\"wpcf7-form init\" aria-label=\"Formulario de contacto\" novalidate=\"novalidate\" data-status=\"init\" data-no-translation-aria-label=\"\" data-trp-original-action=\"\/fr\/venta-de-productos-de-limpieza-al-por-mayor\/#wpcf7-f13292-p12408-o1\">\n<fieldset class=\"hidden-fields-container\"><input type=\"hidden\" name=\"_wpcf7\" value=\"13292\" \/><input type=\"hidden\" name=\"_wpcf7_version\" value=\"6.1.5\" \/><input type=\"hidden\" name=\"_wpcf7_locale\" value=\"es_ES\" \/><input type=\"hidden\" name=\"_wpcf7_unit_tag\" value=\"wpcf7-f13292-p12408-o1\" \/><input type=\"hidden\" name=\"_wpcf7_container_post\" value=\"12408\" \/><input type=\"hidden\" name=\"_wpcf7_posted_data_hash\" value=\"\" \/><input type=\"hidden\" name=\"_wpcf7_recaptcha_response\" value=\"\" \/>\n<\/fieldset>\n<div style=\"display: flex; gap: 10px;\">\n\t<div style=\"width: 50%;\">\n\t\t<p><span class=\"wpcf7-form-control-wrap\" data-name=\"your-name\"><input size=\"40\" maxlength=\"400\" class=\"wpcf7-form-control wpcf7-text wpcf7-validates-as-required\" aria-required=\"true\" aria-invalid=\"false\" placeholder=\"Nome\" value=\"\" type=\"text\" name=\"your-name\" \/><\/span>\n\t\t<\/p>\n\t<\/div>\n\t<div style=\"width: 50%;\">\n\t\t<p><span class=\"wpcf7-form-control-wrap\" data-name=\"your-phone\"><input size=\"40\" maxlength=\"400\" class=\"wpcf7-form-control wpcf7-tel wpcf7-validates-as-required wpcf7-text wpcf7-validates-as-tel\" aria-required=\"true\" aria-invalid=\"false\" placeholder=\"Telefone\" value=\"\" type=\"tel\" name=\"your-phone\" \/><\/span>\n\t\t<\/p>\n\t<\/div>\n<\/div>\n<p><span class=\"wpcf7-form-control-wrap\" data-name=\"your-email\"><input size=\"40\" maxlength=\"400\" class=\"wpcf7-form-control wpcf7-email wpcf7-validates-as-required wpcf7-text wpcf7-validates-as-email\" aria-required=\"true\" aria-invalid=\"false\" placeholder=\"E-mail\" value=\"\" type=\"email\" name=\"your-email\" \/><\/span>\n<\/p>\n<div style=\"display: flex; gap: 10px;\">\n\t<div style=\"width: 50%;\">\n\t\t<p><span class=\"wpcf7-form-control-wrap\" data-name=\"your-country\"><input size=\"40\" maxlength=\"400\" class=\"wpcf7-form-control wpcf7-text wpcf7-validates-as-required\" aria-required=\"true\" aria-invalid=\"false\" placeholder=\"Pa\u00eds\" value=\"\" type=\"text\" name=\"your-country\" \/><\/span>\n\t\t<\/p>\n\t<\/div>\n\t<div style=\"width: 50%;\">\n\t\t<p><span class=\"wpcf7-form-control-wrap\" data-name=\"your-city\"><input size=\"40\" maxlength=\"400\" class=\"wpcf7-form-control wpcf7-text wpcf7-validates-as-required\" aria-required=\"true\" aria-invalid=\"false\" placeholder=\"Popula\u00e7\u00e3o\" value=\"\" type=\"text\" name=\"your-city\" \/><\/span>\n\t\t<\/p>\n\t<\/div>\n<\/div>\n<p><span class=\"wpcf7-form-control-wrap\" data-name=\"your-subject\"><select class=\"wpcf7-form-control wpcf7-select\" aria-invalid=\"false\" name=\"your-subject\"><option value=\"Quiero ser distribuidor\">Quero ser um distribuidor<\/option><option value=\"Presupuesto\">Or\u00e7amento<\/option><option value=\"Consulta\">Consulta<\/option><option value=\"Sugerencia\">Sugest\u00e3o<\/option><option value=\"Otros\">Outros<\/option><\/select><\/span>\n<\/p>\n<p><span class=\"wpcf7-form-control-wrap\" data-name=\"your-message\"><textarea cols=\"40\" rows=\"10\" maxlength=\"2000\" class=\"wpcf7-form-control wpcf7-textarea\" aria-invalid=\"false\" placeholder=\"Mensagem ou consulta\" name=\"your-message\"><\/textarea><\/span>\n<\/p>\n<div style=\"display: flex; align-items: center; gap: 10px;\">\n\t<p><span class=\"wpcf7-form-control-wrap\" data-name=\"privacy-policy\"><span class=\"wpcf7-form-control wpcf7-acceptance\"><span class=\"wpcf7-list-item\"><input type=\"checkbox\" name=\"privacy-policy\" value=\"1\" aria-invalid=\"false\" \/><\/span><\/span><\/span><label for=\"privacy-policy\" style=\"margin-left: 5px;\">Li e aceito a pol\u00edtica de privacidade.<\/label>\n\t<\/p>\n<\/div>\n<div style=\"display: flex; align-items: center; gap: 10px;\">\n\t<p><span class=\"wpcf7-form-control-wrap\" data-name=\"send-info\"><span class=\"wpcf7-form-control wpcf7-acceptance\"><span class=\"wpcf7-list-item\"><input type=\"checkbox\" name=\"send-info\" value=\"1\" aria-invalid=\"false\" \/><\/span><\/span><\/span><label for=\"send-info\" style=\"margin-left: 5px;\">Concordo em receber informa\u00e7\u00f5es.<\/label>\n\t<\/p>\n<\/div>\n<p><input class=\"wpcf7-form-control wpcf7-submit has-spinner\" type=\"submit\" value=\"Enviar\" \/>\n<\/p><div class=\"wpcf7-response-output\" aria-hidden=\"true\"><\/div>\n<input type=\"hidden\" name=\"trp-form-language\" value=\"pt\"\/><\/form>\n<\/div>\n<\/div><\/div>\t\t\t\t<\/div>\n\t\t\t\t<\/div>\n\t\t\t\t\t<\/div>\n\t\t<\/div>\n\t\t\t\t\t<\/div>\n\t\t<\/section>\n\t\t\t\t<div class=\"elementor-element elementor-element-615d68f elementor-widget elementor-widget-text-editor\" data-id=\"615d68f\" data-element_type=\"widget\" data-e-type=\"widget\" data-widget_type=\"text-editor.default\">\n\t\t\t\t<div class=\"elementor-widget-container\">\n\t\t\t\t\t\t\t\t\t<p>Normalmente, o&nbsp;<strong>produtos de limpeza por atacado<\/strong>&nbsp;Os produtos da Dermo s\u00e3o destinados ao setor industrial, embora tamb\u00e9m fabriquemos produtos para o setor automotivo, para higiene alimentar no setor de hospitalidade, para lares de idosos, para hot\u00e9is ou para uso dom\u00e9stico em termos de produtos de higiene pessoal.<\/p>\n<p>A Dermo \u00e9 uma empresa especializada na fabrica\u00e7\u00e3o e&nbsp;<strong>produtos de limpeza por atacado<\/strong>. Somos uma f\u00e1brica de detergentes e em nosso cat\u00e1logo voc\u00ea pode encontrar todo tipo de produtos de limpeza projetados para higiene industrial como; Polidores, detergentes alcalinos, produtos de limpeza \u00e1cidos para a ind\u00fastria aliment\u00edcia, gel para as m\u00e3os, etc. Temos diferentes categorias de produtos; agentes desincrustantes, produtos de limpeza espec\u00edficos, tratamentos de piso, desengordurantes, purificadores de ar, etc. Ou produtos espec\u00edficos para o setor automotivo, como graxa para motor, estofados, pneus, carrocerias, etc. Voc\u00ea tamb\u00e9m pode encontrar produtos de limpeza multiuso, produtos para limpeza espec\u00edfica e at\u00e9 uma linha de produtos ecol\u00f3gicos chamada Naturgreen.<\/p>\n<p>Nossa chave para o sucesso \u00e9 nos esfor\u00e7armos para aprender e inovar todos os dias gra\u00e7as \u00e0 nossa tecnologia avan\u00e7ada, \u00e0 experi\u00eancia e profissionalismo de nossa equipe, ao uso de materiais de primeira qualidade e ao uso de \u00e1reas espec\u00edficas e esterilizadas para a fabrica\u00e7\u00e3o de produtos, como a Sala Limpa ou o laborat\u00f3rio. Al\u00e9m de continuar nos capacitando para continuar aprendendo, com o objetivo de aperfei\u00e7oar nossos produtos e servi\u00e7os.<\/p>\n<p>Utilizamos ingredientes ativos biodegrad\u00e1veis que permitem um desenvolvimento sustent\u00e1vel e isso nos deixa muito felizes, pois estamos comprometidos com o meio ambiente e fazemos tudo o que podemos para realizar uma fabrica\u00e7\u00e3o e produ\u00e7\u00e3o sustent\u00e1veis.<\/p>\n<div class=\"snippet-label-img\"><b>Tipo de servi\u00e7o<\/b><\/div>\n<div class=\"snippet-data-img\">Produtos de limpeza por atacado<\/div>\n<div class=\"snippet-clear\">&nbsp;<\/div>\n<div class=\"snippet-label-img\"><b>Nome do Provedor<\/b><\/div>\n<div class=\"snippet-data-img\"><p>Dermo,<\/p>\n<div>C\/ Pintor Joan Mir\u00f3, 16, Poliny\u00e0, Barcelona-08213,<br>Telefone No.937 13 35 00<\/div>\n<\/div>\n<div class=\"snippet-clear\">&nbsp;<\/div>\n<div class=\"snippet-label-img\"><b>\u00c1rea<\/b><\/div>\n<div class=\"snippet-data-img\">Barcelona<\/div>\n<div class=\"snippet-clear\">&nbsp;<\/div>\n<div class=\"snippet-label-img\"><b>Descri\u00e7\u00e3o<\/b><\/div>\n<div class=\"snippet-data-img\">Na Dermo vendemos produtos de limpeza no atacado para todas as empresas que desejam ter produtos de alta qualidade, fabricados de forma especializada.<\/div>\t\t\t\t\t\t\t\t<\/div>\n\t\t\t\t<\/div>\n\t\t\t\t\t<\/div>\n\t\t<\/div>\n\t\t\t\t\t<\/div>\n\t\t<\/section>\n\t\t\t\t<section class=\"elementor-section elementor-top-section elementor-element elementor-element-484f41e elementor-section-full_width elementor-section-height-default elementor-section-height-default elementor-invisible\" data-id=\"484f41e\" data-element_type=\"section\" data-e-type=\"section\" data-settings=\"{&quot;animation&quot;:&quot;slideInUp&quot;}\">\n\t\t\t\t\t\t<div class=\"elementor-container elementor-column-gap-default\">\n\t\t\t\t\t<div class=\"elementor-column elementor-col-100 elementor-top-column elementor-element elementor-element-19948363\" data-id=\"19948363\" data-element_type=\"column\" data-e-type=\"column\">\n\t\t\t<div class=\"elementor-widget-wrap elementor-element-populated\">\n\t\t\t\t\t\t<div class=\"elementor-element elementor-element-339044a4 elementor-widget elementor-widget-google_maps\" data-id=\"339044a4\" data-element_type=\"widget\" data-e-type=\"widget\" data-widget_type=\"google_maps.default\">\n\t\t\t\t<div class=\"elementor-widget-container\">\n\t\t\t\t\t\t\t<div class=\"elementor-custom-embed\">\n\t\t\t<iframe loading=\"lazy\"\n\t\t\t\t\tsrc=\"https:\/\/maps.google.com\/maps?q=C%2F%20Pintor%20Joan%20Miro%2C%2016.%20Pol.%20Ind.%20Can%20Humet%20de%20Dalt%2C%2008213%20Poliny%C3%A0.%20Barcelona&#038;t=m&#038;z=15&#038;output=embed&#038;iwloc=near\"\n\t\t\t\t\ttitle=\"C\/ Pintor Joan Miro, 16. Pol. Ind. Can Humet de Dalt, 08213 Poliny\u00e0. Barcelona\"\n\t\t\t\t\taria-label=\"C\/ Pintor Joan Miro, 16. Pol. Ind. Can Humet de Dalt, 08213 Poliny\u00e0. Barcelona\"\n\t\t\t><\/iframe>\n\t\t<\/div>\n\t\t\t\t\t\t<\/div>\n\t\t\t\t<\/div>\n\t\t\t\t\t<\/div>\n\t\t<\/div>\n\t\t\t\t\t<\/div>\n\t\t<\/section>\n\t\t\t\t<\/div>","protected":false},"excerpt":{"rendered":"<p>Na Dermo, vendemos produtos de limpeza no atacado para todas as empresas que buscam produtos de alta qualidade e fabricados por especialistas. Somos uma empresa familiar fundada em 1987 e hoje internacionalizamos nossos produtos em 32 pa\u00edses, o que nos posiciona como uma das marcas l\u00edderes\u2026&nbsp;<a href=\"https:\/\/dermo.com\/pt\/venda-de-produtos-de-limpeza-por-atacado\/\" rel=\"bookmark\">Ler mais \u00bb<span class=\"screen-reader-text\">Produtos de limpeza por atacado<\/span><\/a><\/p>","protected":false},"author":2,"featured_media":0,"parent":0,"menu_order":0,"comment_status":"closed","ping_status":"closed","template":"page-templates\/template-pagebuilder-full-width.php","meta":{"neve_meta_sidebar":"","neve_meta_container":"","neve_meta_enable_content_width":"","neve_meta_content_width":0,"neve_meta_title_alignment":"","neve_meta_author_avatar":"","neve_post_elements_order":"","neve_meta_disable_header":"","neve_meta_disable_footer":"","neve_meta_disable_title":"","footnotes":""},"class_list":["post-12408","page","type-page","status-publish","hentry"],"yoast_head":"<!-- This site is optimized with the Yoast SEO plugin v27.0 - https:\/\/yoast.com\/product\/yoast-seo-wordpress\/ -->\n<title>Venta de productos de limpieza al por mayor - Dermo | F\u00e1brica de detergentes<\/title>\n<meta name=\"robots\" content=\"index, follow, max-snippet:-1, max-image-preview:large, max-video-preview:-1\" \/>\n<link rel=\"canonical\" href=\"https:\/\/dermo.com\/pt\/venda-de-produtos-de-limpeza-por-atacado\/\" \/>\n<meta property=\"og:locale\" content=\"pt_PT\" \/>\n<meta property=\"og:type\" content=\"article\" \/>\n<meta property=\"og:title\" content=\"Venta de productos de limpieza al por mayor - Dermo | F\u00e1brica de detergentes\" \/>\n<meta property=\"og:description\" content=\"En Dermo realizamos la\u00a0venta de productos de limpieza al por mayor, para todas aquellas empresas que quieran disponer de productos de primera calidad, elaborados de forma especializada. Somos una empresa familiar que naci\u00f3 en 1987 y hoy en d\u00eda internacionalizamos nuestros productos en 32 pa\u00edses, lo que nos posiciona como una de las marcas l\u00edderes&hellip;&nbsp;Ler mais &raquo;Venta de productos de limpieza al por mayor\" \/>\n<meta property=\"og:url\" content=\"https:\/\/dermo.com\/pt\/venda-de-produtos-de-limpeza-por-atacado\/\" \/>\n<meta property=\"og:site_name\" content=\"Dermo | F\u00e1brica de detergentes\" \/>\n<meta property=\"article:modified_time\" content=\"2025-02-19T11:36:36+00:00\" \/>\n<meta name=\"twitter:card\" content=\"summary_large_image\" \/>\n<meta name=\"twitter:label1\" content=\"Tempo estimado de leitura\" \/>\n\t<meta name=\"twitter:data1\" content=\"3 minutos\" \/>\n<script type=\"application\/ld+json\" class=\"yoast-schema-graph\">{\"@context\":\"https:\/\/schema.org\",\"@graph\":[{\"@type\":\"WebPage\",\"@id\":\"https:\/\/dermo.com\/venta-de-productos-de-limpieza-al-por-mayor\/\",\"url\":\"https:\/\/dermo.com\/venta-de-productos-de-limpieza-al-por-mayor\/\",\"name\":\"Venta de productos de limpieza al por mayor - Dermo | F\u00e1brica de detergentes\",\"isPartOf\":{\"@id\":\"https:\/\/dermo.com\/#website\"},\"datePublished\":\"2025-01-30T11:23:18+00:00\",\"dateModified\":\"2025-02-19T11:36:36+00:00\",\"breadcrumb\":{\"@id\":\"https:\/\/dermo.com\/venta-de-productos-de-limpieza-al-por-mayor\/#breadcrumb\"},\"inLanguage\":\"pt-PT\",\"potentialAction\":[{\"@type\":\"ReadAction\",\"target\":[\"https:\/\/dermo.com\/venta-de-productos-de-limpieza-al-por-mayor\/\"]}]},{\"@type\":\"BreadcrumbList\",\"@id\":\"https:\/\/dermo.com\/venta-de-productos-de-limpieza-al-por-mayor\/#breadcrumb\",\"itemListElement\":[{\"@type\":\"ListItem\",\"position\":1,\"name\":\"Portada\",\"item\":\"https:\/\/dermo.com\/\"},{\"@type\":\"ListItem\",\"position\":2,\"name\":\"Venta de productos de limpieza al por mayor\"}]},{\"@type\":\"WebSite\",\"@id\":\"https:\/\/dermo.com\/#website\",\"url\":\"https:\/\/dermo.com\/\",\"name\":\"Dermo | F\u00e1brica de detergentes\",\"description\":\"Tecnolog\u00eda avanzada, investigaci\u00f3n y desarrollo, respeto por el medio ambiente, competencia, formaci\u00f3n constante y alto nivel de profesionalidad en nuestro equipo humano, empe\u00f1ado en preservar la calidad de vida, la protecci\u00f3n del entorno natural contin\u00faan motiv\u00e1ndonos para desarrollar en nuestros laboratorios nuevos productos con ingredientes activos altamente biodegradables que hacen posible un desarrollo sostenible.\",\"potentialAction\":[{\"@type\":\"SearchAction\",\"target\":{\"@type\":\"EntryPoint\",\"urlTemplate\":\"https:\/\/dermo.com\/?s={search_term_string}\"},\"query-input\":{\"@type\":\"PropertyValueSpecification\",\"valueRequired\":true,\"valueName\":\"search_term_string\"}}],\"inLanguage\":\"pt-PT\"}]}<\/script>\n<!-- \/ Yoast SEO plugin. -->","yoast_head_json":{"title":"Produtos de limpeza por atacado - Dermo | F\u00e1brica de detergentes","robots":{"index":"index","follow":"follow","max-snippet":"max-snippet:-1","max-image-preview":"max-image-preview:large","max-video-preview":"max-video-preview:-1"},"canonical":"https:\/\/dermo.com\/pt\/venda-de-produtos-de-limpeza-por-atacado\/","og_locale":"pt_PT","og_type":"article","og_title":"Venta de productos de limpieza al por mayor - Dermo | F\u00e1brica de detergentes","og_description":"En Dermo realizamos la\u00a0venta de productos de limpieza al por mayor, para todas aquellas empresas que quieran disponer de productos de primera calidad, elaborados de forma especializada. Somos una empresa familiar que naci\u00f3 en 1987 y hoy en d\u00eda internacionalizamos nuestros productos en 32 pa\u00edses, lo que nos posiciona como una de las marcas l\u00edderes&hellip;&nbsp;Ler mais &raquo;Venta de productos de limpieza al por mayor","og_url":"https:\/\/dermo.com\/pt\/venda-de-produtos-de-limpeza-por-atacado\/","og_site_name":"Dermo | F\u00e1brica de detergentes","article_modified_time":"2025-02-19T11:36:36+00:00","twitter_card":"summary_large_image","twitter_misc":{"Tempo estimado de leitura":"3 minutos"},"schema":{"@context":"https:\/\/schema.org","@graph":[{"@type":"WebPage","@id":"https:\/\/dermo.com\/venta-de-productos-de-limpieza-al-por-mayor\/","url":"https:\/\/dermo.com\/venta-de-productos-de-limpieza-al-por-mayor\/","name":"Produtos de limpeza por atacado - Dermo | F\u00e1brica de detergentes","isPartOf":{"@id":"https:\/\/dermo.com\/#website"},"datePublished":"2025-01-30T11:23:18+00:00","dateModified":"2025-02-19T11:36:36+00:00","breadcrumb":{"@id":"https:\/\/dermo.com\/venta-de-productos-de-limpieza-al-por-mayor\/#breadcrumb"},"inLanguage":"pt-PT","potentialAction":[{"@type":"ReadAction","target":["https:\/\/dermo.com\/venta-de-productos-de-limpieza-al-por-mayor\/"]}]},{"@type":"BreadcrumbList","@id":"https:\/\/dermo.com\/venta-de-productos-de-limpieza-al-por-mayor\/#breadcrumb","itemListElement":[{"@type":"ListItem","position":1,"name":"Portada","item":"https:\/\/dermo.com\/"},{"@type":"ListItem","position":2,"name":"Venta de productos de limpieza al por mayor"}]},{"@type":"WebSite","@id":"https:\/\/dermo.com\/#website","url":"https:\/\/dermo.com\/","name":"Dermo | f\u00e1brica de detergentes","description":"A tecnologia avan\u00e7ada, a investiga\u00e7\u00e3o e desenvolvimento, o respeito pelo ambiente, a compet\u00eancia, a forma\u00e7\u00e3o constante e o elevado n\u00edvel de profissionalismo da nossa equipa humana, comprometida com a preserva\u00e7\u00e3o da qualidade de vida, a protec\u00e7\u00e3o do ambiente natural continuam a motivar-nos a desenvolver novos produtos nos nossos laborat\u00f3rios com princ\u00edpios ativos altamente biodegrad\u00e1veis que possibilitam o desenvolvimento sustent\u00e1vel.","potentialAction":[{"@type":"SearchAction","target":{"@type":"EntryPoint","urlTemplate":"https:\/\/dermo.com\/?s={search_term_string}"},"query-input":{"@type":"PropertyValueSpecification","valueRequired":true,"valueName":"search_term_string"}}],"inLanguage":"pt-PT"}]}},"_links":{"self":[{"href":"https:\/\/dermo.com\/pt\/wp-json\/wp\/v2\/pages\/12408","targetHints":{"allow":["GET"]}}],"collection":[{"href":"https:\/\/dermo.com\/pt\/wp-json\/wp\/v2\/pages"}],"about":[{"href":"https:\/\/dermo.com\/pt\/wp-json\/wp\/v2\/types\/page"}],"author":[{"embeddable":true,"href":"https:\/\/dermo.com\/pt\/wp-json\/wp\/v2\/users\/2"}],"replies":[{"embeddable":true,"href":"https:\/\/dermo.com\/pt\/wp-json\/wp\/v2\/comments?post=12408"}],"version-history":[{"count":7,"href":"https:\/\/dermo.com\/pt\/wp-json\/wp\/v2\/pages\/12408\/revisions"}],"predecessor-version":[{"id":13726,"href":"https:\/\/dermo.com\/pt\/wp-json\/wp\/v2\/pages\/12408\/revisions\/13726"}],"wp:attachment":[{"href":"https:\/\/dermo.com\/pt\/wp-json\/wp\/v2\/media?parent=12408"}],"curies":[{"name":"wp","href":"https:\/\/api.w.org\/{rel}","templated":true}]}}