{"id":12416,"date":"2025-01-30T12:25:57","date_gmt":"2025-01-30T11:25:57","guid":{"rendered":"https:\/\/dermo.com\/?page_id=12416"},"modified":"2025-01-30T12:33:40","modified_gmt":"2025-01-30T11:33:40","slug":"aviso-legal-politica-de-privacidade","status":"publish","type":"page","link":"https:\/\/dermo.com\/pt\/aviso-legal-politica-de-privacidade\/","title":{"rendered":"AVISO LEGAL \u2013 POL\u00cdTICA DE PRIVACIDADE"},"content":{"rendered":"<div data-elementor-type=\"wp-page\" data-elementor-id=\"12416\" class=\"elementor elementor-12416\" data-elementor-post-type=\"page\">\n\t\t\t\t\t\t<section class=\"elementor-section elementor-top-section elementor-element elementor-element-a02683f elementor-section-boxed elementor-section-height-default elementor-section-height-default\" data-id=\"a02683f\" data-element_type=\"section\" data-e-type=\"section\" data-settings=\"{&quot;background_background&quot;:&quot;classic&quot;}\">\n\t\t\t\t\t\t\t<div class=\"elementor-background-overlay\"><\/div>\n\t\t\t\t\t\t\t<div class=\"elementor-container elementor-column-gap-default\">\n\t\t\t\t\t<div class=\"elementor-column elementor-col-100 elementor-top-column elementor-element elementor-element-f99dbff\" data-id=\"f99dbff\" data-element_type=\"column\" data-e-type=\"column\">\n\t\t\t<div class=\"elementor-widget-wrap elementor-element-populated\">\n\t\t\t\t\t\t\t<\/div>\n\t\t<\/div>\n\t\t\t\t\t<\/div>\n\t\t<\/section>\n\t\t\t\t<section class=\"elementor-section elementor-top-section elementor-element elementor-element-233ad3a4 elementor-section-boxed elementor-section-height-default elementor-section-height-default\" data-id=\"233ad3a4\" data-element_type=\"section\" data-e-type=\"section\">\n\t\t\t\t\t\t<div class=\"elementor-container elementor-column-gap-default\">\n\t\t\t\t\t<div class=\"elementor-column elementor-col-100 elementor-top-column elementor-element elementor-element-3244e578\" data-id=\"3244e578\" data-element_type=\"column\" data-e-type=\"column\">\n\t\t\t<div class=\"elementor-widget-wrap elementor-element-populated\">\n\t\t\t\t\t\t<section class=\"elementor-section elementor-inner-section elementor-element elementor-element-1a7040c2 elementor-section-content-middle elementor-section-boxed elementor-section-height-default elementor-section-height-default\" data-id=\"1a7040c2\" data-element_type=\"section\" data-e-type=\"section\">\n\t\t\t\t\t\t<div class=\"elementor-container elementor-column-gap-default\">\n\t\t\t\t\t<div class=\"elementor-column elementor-col-100 elementor-inner-column elementor-element elementor-element-58338543\" data-id=\"58338543\" data-element_type=\"column\" data-e-type=\"column\">\n\t\t\t<div class=\"elementor-widget-wrap elementor-element-populated\">\n\t\t\t\t\t\t<div class=\"elementor-element elementor-element-464b2e11 elementor-widget elementor-widget-text-editor\" data-id=\"464b2e11\" data-element_type=\"widget\" data-e-type=\"widget\" data-widget_type=\"text-editor.default\">\n\t\t\t\t<div class=\"elementor-widget-container\">\n\t\t\t\t\t\t\t\t\t<div id=\"content\" class=\"content\" role=\"main\"><div class=\"vc_row wpb_row vc_row-fluid\"><div class=\"wpb_column vc_column_container vc_col-sm-12\"><div class=\"vc_column-inner\"><div class=\"wpb_wrapper\"><div id=\"texto\" class=\"wpb_text_column wpb_content_element\"><div class=\"wpb_wrapper\"><p><strong>RESPONS\u00c1VEL PELO TRATAMENTO DE DADOS<\/strong><\/p><p>Em cumprimento do dever de informa\u00e7\u00e3o estabelecido pela Lei 34\/2002, de 11 de julho, de Servi\u00e7os da Sociedade da Informa\u00e7\u00e3o e Com\u00e9rcio Eletr\u00f3nico, informamos que este site \u00e9 propriedade de:<br \/>Nome da empresa: <strong>DERMO, S.A.\u00a0<\/strong>\u00a0(doravante o respons\u00e1vel)<br \/>CIF\/NIF:<strong> A58302969<\/strong><br \/>Sede Registrada: <strong>C\/ Pintor Joan Mir\u00f3, 16 Poliny\u00e0 (Barcelona) 08213<\/strong><br \/>Telefones:\u00a0<strong>937133500<\/strong><br \/>e-mail: <strong>info@dermo.com<\/strong><br \/>Nomes de dom\u00ednio: <strong>dermo.com\u00a0<\/strong>(doravante o site)<\/p><p><strong>OBJETO<\/strong><\/p><p>O Controlador disponibiliza este documento aos utilizadores com os quais pretende cumprir o disposto na regulamenta\u00e7\u00e3o em vigor em mat\u00e9ria de protec\u00e7\u00e3o de dados, e no contexto do novo quadro regulamentar estabelecido por for\u00e7a do disposto no Regulamento (UE) 2016\/679 do Parlamento Europeu e do Conselho, de 27 de abril de 2016, relativamente \u00e0 prote\u00e7\u00e3o das pessoas singulares no que diz respeito ao tratamento de dados pessoais e \u00e0 livre circula\u00e7\u00e3o desses dados (doravante, o \u201cRGPD\u201d), e regulamentos nacionais sobre prote\u00e7\u00e3o de dados pessoais, bem como informar todos os utilizadores do site sobre as condi\u00e7\u00f5es de utiliza\u00e7\u00e3o do site.<\/p><p>Qualquer pessoa que aceda a este website assume o papel de utilizador, comprometendo-se com a estrita observ\u00e2ncia e cumprimento das disposi\u00e7\u00f5es aqui estabelecidas, bem como de qualquer outra disposi\u00e7\u00e3o legal que lhe seja aplic\u00e1vel.<\/p><p>O Controlador reserva-se o direito de modificar qualquer tipo de informa\u00e7\u00e3o que possa aparecer no site, sem qualquer obriga\u00e7\u00e3o de notificar ou informar os utilizadores de tais obriga\u00e7\u00f5es, entendendo-se como suficiente a publica\u00e7\u00e3o no site do Controlador.<\/p><p><strong>RESPONSABILIDADE<\/strong><\/p><p>O Controlador est\u00e1 isento de qualquer tipo de responsabilidade derivada da informa\u00e7\u00e3o publicada no seu site, desde que esta informa\u00e7\u00e3o tenha sido manipulada ou introduzida por um terceiro alheio a ele.<\/p><p><strong>ENDERE\u00c7OS IP<\/strong><\/p><p>Os servidores do site podem detectar automaticamente o endere\u00e7o IP e o nome de dom\u00ednio utilizados pelo usu\u00e1rio.<\/p><p>Um endere\u00e7o IP \u00e9 um n\u00famero atribu\u00eddo automaticamente a um computador quando ele se conecta \u00e0 Internet. Toda esta informa\u00e7\u00e3o \u00e9 registada num ficheiro de atividade do servidor, devidamente registado, que permite o posterior tratamento dos dados de forma a obter apenas medidas estat\u00edsticas que permitam conhecer o n\u00famero de impress\u00f5es de p\u00e1ginas, o n\u00famero de visitas efetuadas ao site dos servidores, o n\u00famero de visitas efetuadas ao site dos servidores. ordem das visitas, o ponto de acesso, etc.<strong>\u00a0<\/strong><\/p><p><strong>POL\u00cdTICA DE LINKS<\/strong><\/p><p>A partir deste site voc\u00ea pode ser redirecionado para conte\u00fado de sites de terceiros. Dado que o Controlador nem sempre pode controlar os conte\u00fados introduzidos por terceiros nos seus sites, n\u00e3o assume qualquer tipo de responsabilidade relativamente a esses conte\u00fados. Em qualquer caso, o Controlador declara que proceder\u00e1 \u00e0 retirada imediata de qualquer conte\u00fado que possa contrariar a legisla\u00e7\u00e3o nacional ou internacional, a moral ou a ordem p\u00fablica, procedendo \u00e0 retirada imediata do redireccionamento para o referido site, informando \u00e0s autoridades competentes o conte\u00fado em pergunta.<\/p><p>O Controlador n\u00e3o \u00e9 respons\u00e1vel pelas informa\u00e7\u00f5es e conte\u00fados armazenados, a t\u00edtulo de exemplo, mas n\u00e3o limitado a, em f\u00f3runs, chats, geradores de blogs, coment\u00e1rios, redes sociais ou qualquer outro meio que permita a terceiros publicar conte\u00fado de forma independente no site. do Controlador. No entanto, e em cumprimento do disposto no art. 11 e 16 da LSSICE, o Controlador coloca-se \u00e0 disposi\u00e7\u00e3o de todos os utilizadores, autoridades e for\u00e7as de seguran\u00e7a, colaborando ativamente na retirada ou, se for caso disso, no bloqueio de todos os conte\u00fados que possam afetar ou infringir a legisla\u00e7\u00e3o nacional, ou o direito internacional, direitos de terceiros partidos ou moralidade e ordem p\u00fablica. Caso o utilizador considere que existe algum conte\u00fado no website que possa ser suscet\u00edvel desta classifica\u00e7\u00e3o, dever\u00e1 notificar de imediato o administrador do website.<\/p><p>Este site foi revisado e testado para funcionar corretamente. Em princ\u00edpio, o funcionamento correto pode ser garantido 365 dias por ano, 24 horas por dia. No entanto, o Controlador n\u00e3o exclui a possibilidade de que possam ocorrer certos erros de programa\u00e7\u00e3o, ou que possam ocorrer casos de for\u00e7a maior, desastres naturais, greves ou circunst\u00e2ncias semelhantes que impossibilitem o acesso ao site.<\/p><p><strong>\u00a0<\/strong><\/p><p><strong>PROTE\u00c7\u00c3O DE DADOS<\/strong><\/p><p>O Controlador est\u00e1 profundamente empenhado em cumprir as disposi\u00e7\u00f5es da regulamenta\u00e7\u00e3o em vigor sobre prote\u00e7\u00e3o de dados, e no contexto do novo quadro regulamentar estabelecido por for\u00e7a das disposi\u00e7\u00f5es do Regulamento (UE) 2016\/679 do Parlamento Europeu e do Conselho de 27 Abril de 2016 sobre a prote\u00e7\u00e3o das pessoas singulares no que diz respeito ao tratamento de dados pessoais e \u00e0 livre circula\u00e7\u00e3o desses dados (doravante, o \u201cRGPD\u201d), e regulamentos nacionais sobre a mat\u00e9ria. de dados pessoais.<\/p><p>Da mesma forma, o Respons\u00e1vel pelo Tratamento informa que cumpre a Lei 34\/2002, de 11 de julho, sobre Servi\u00e7os da Sociedade da Informa\u00e7\u00e3o e Com\u00e9rcio Eletr\u00f3nico e solicitar\u00e1 a todo o momento o seu consentimento para o tratamento dos seus dados para fins comerciais.<\/p><p><strong>\u00a0<\/strong><\/p><p><strong>PROPRIEDADE INTELECTUAL E INDUSTRIAL<\/strong><\/p><p>O site, incluindo, mas n\u00e3o se limitando \u00e0 sua programa\u00e7\u00e3o, edi\u00e7\u00e3o, compila\u00e7\u00e3o e outros elementos necess\u00e1rios ao seu funcionamento, os designs, logotipos, textos e\/ou gr\u00e1ficos s\u00e3o de propriedade do Controlador ou, quando aplic\u00e1vel, possuem licen\u00e7a ou autoriza\u00e7\u00e3o expressa da parte dos autores.<\/p><p>Todos os conte\u00fados do site est\u00e3o devidamente protegidos pelas normas de propriedade intelectual e industrial.<\/p><p>Independentemente da finalidade a que se destinam, a reprodu\u00e7\u00e3o, utiliza\u00e7\u00e3o, explora\u00e7\u00e3o, distribui\u00e7\u00e3o e comercializa\u00e7\u00e3o, total ou parcial, requer em todos os casos autoriza\u00e7\u00e3o pr\u00e9via por escrito do Controlador. Qualquer utiliza\u00e7\u00e3o n\u00e3o previamente autorizada pelo Controlador ser\u00e1 considerada uma viola\u00e7\u00e3o grave dos direitos de propriedade intelectual ou industrial do autor.<\/p><p>Os desenhos, log\u00f3tipos, textos e\/ou gr\u00e1ficos alheios ao fornecedor e que possam aparecer no site pertencem aos seus respectivos propriet\u00e1rios, os quais s\u00e3o respons\u00e1veis por qualquer poss\u00edvel controv\u00e9rsia que possa surgir a seu respeito. Em qualquer caso, o Controlador possui autoriza\u00e7\u00e3o expressa e pr\u00e9via dos mesmos.<\/p><p>O Controlador autoriza expressamente terceiros a redirecionar diretamente para os conte\u00fados espec\u00edficos do site, devendo em qualquer caso redirecionar para a p\u00e1gina principal do site do Controlador.<\/p><p>O Controlador reconhece a favor dos seus titulares os correspondentes direitos de propriedade intelectual e industrial, n\u00e3o implicando a sua mera men\u00e7\u00e3o ou apari\u00e7\u00e3o no site a exist\u00eancia de quaisquer direitos ou responsabilidades do Controlador sobre os mesmos, nem endosso, patroc\u00ednio ou recomenda\u00e7\u00e3o da sua parte.<\/p><p>Para todas as imagens em que o software de design o permite, foram inclu\u00eddas as correspondentes refer\u00eancias \u00e0 autoria e licen\u00e7a correspondente.<\/p><p>Para fazer qualquer tipo de observa\u00e7\u00e3o relativamente a poss\u00edveis viola\u00e7\u00f5es dos direitos de propriedade intelectual ou industrial, bem como de qualquer conte\u00fado do site, poder\u00e1 faz\u00ea-lo atrav\u00e9s do seguinte email: info@dermo.com<\/p><p>\u00a0<\/p><p><strong>POL\u00cdTICA DE PRIVACIDADE<\/strong><\/p><p><strong>1.- Informa\u00e7\u00f5es do usu\u00e1rio<\/strong><\/p><p><b>\u2026\u2026<\/b> informa os utilizadores do site sobre a sua pol\u00edtica relativamente ao tratamento e prote\u00e7\u00e3o dos dados pessoais dos utilizadores e clientes que possam ser recolhidos atrav\u00e9s da navega\u00e7\u00e3o no seu site.<\/p><p>\u2026.. \u00e9 respons\u00e1vel pelo tratamento dos dados pessoais do Utilizador, raz\u00e3o pela qual \u00e9 prestada a seguinte informa\u00e7\u00e3o relativa ao tratamento dos seus dados:<\/p><p><strong>Crit\u00e9rios de conserva\u00e7\u00e3o de dados:<\/strong> Os dados pessoais fornecidos ser\u00e3o conservados at\u00e9 que a sua suspens\u00e3o seja solicitada pelo interessado, exercendo os seus direitos sobre os dados, e em qualquer caso no cumprimento do prazo de prescri\u00e7\u00e3o legal aplic\u00e1vel.<\/p><p><strong>Direitos das partes interessadas:<\/strong><\/p><ul><li>Direito de retirar o consentimento a qualquer momento.<\/li><li>Direito de acesso, retifica\u00e7\u00e3o, elimina\u00e7\u00e3o, portabilidade dos seus dados e limita\u00e7\u00e3o ou oposi\u00e7\u00e3o ao seu tratamento, bem como n\u00e3o estar sujeito a decis\u00f5es individuais automatizadas.<\/li><\/ul><p>Dados de contacto para exercer os seus direitos:<\/p><p>Voc\u00ea deve se identificar adequadamente e solicitar claramente o direito de exerc\u00edcio.<\/p><ul><li><strong>Endere\u00e7o postal: C\/ Pintor Joan Mir\u00f3, 16 Poliny\u00e0 (Barcelona) 08213<\/strong><\/li><li><strong>Endere\u00e7o de e-mail: info@dermo.com<\/strong><\/li><\/ul><p><strong>2.- Informa\u00e7\u00f5es fornecidas pelo usu\u00e1rio<\/strong><\/p><p>Se voc\u00ea tem menos de 18 anos de idade, n\u00e3o \u00e9 permitido o uso de formul\u00e1rios em nosso site.<\/p><p>Os utilizadores, ao inserirem os seus dados nos formul\u00e1rios de contacto ou apresentados em formul\u00e1rios de download, aceitam expressa e livre e inequivocamente que os seus dados s\u00e3o necess\u00e1rios para responder ao seu pedido, por parte do Respons\u00e1vel pelo Tratamento, sendo volunt\u00e1ria a inclus\u00e3o de dados nos restantes campos.<\/p><p>O Utilizador garante que os dados pessoais fornecidos s\u00e3o verdadeiros e \u00e9 respons\u00e1vel por comunicar qualquer modifica\u00e7\u00e3o dos mesmos.<\/p><p>Todos os dados solicitados atrav\u00e9s do site s\u00e3o necess\u00e1rios para fornecer um servi\u00e7o ideal ao Usu\u00e1rio. Se todos os dados n\u00e3o forem fornecidos, n\u00e3o \u00e9 garantido que as informa\u00e7\u00f5es e servi\u00e7os que o Controlador lhe fornece estejam completamente ajustados \u00e0s suas necessidades.<\/p><ol start=\"3\"><li><strong> Medidas de seguran\u00e7a <\/strong><\/li><\/ol><p>Que de acordo com o disposto na regulamenta\u00e7\u00e3o em vigor em mat\u00e9ria de protec\u00e7\u00e3o de dados pessoais, o Controlador est\u00e1 a cumprir todas as disposi\u00e7\u00f5es dos regulamentos RGPD e LOPD para o tratamento de dados pessoais sob a sua responsabilidade, os quais s\u00e3o tratados de forma l\u00edcita, leal e transparente em. em rela\u00e7\u00e3o ao interessado e adequados, relevantes e limitados ao necess\u00e1rio em rela\u00e7\u00e3o aos fins para os quais s\u00e3o tratados.<\/p><p>O Controlador garante que implementou pol\u00edticas t\u00e9cnicas e organizacionais adequadas para aplicar as medidas de seguran\u00e7a estabelecidas pelo RGPD e pelo LOPD, a fim de proteger os direitos e liberdades dos Utilizadores e comunicou-lhes informa\u00e7\u00f5es adequadas para que possam exerc\u00ea-los.<\/p><ol start=\"4\"><li><strong>Lacunas de seguran\u00e7a<\/strong><\/li><\/ol><p>O Controlador reportar\u00e1 qualquer viola\u00e7\u00e3o de seguran\u00e7a que afete o banco de dados utilizado por este site, ou que afete qualquer um de nossos servi\u00e7os de terceiros, a cada pessoa cujos dados possam ter sido afetados, e \u00e0s autoridades, dentro de 72 horas ap\u00f3s a detec\u00e7\u00e3o da viola\u00e7\u00e3o. .<\/p><p><strong>\u00a0<\/strong><\/p><p><strong>LEI APLIC\u00c1VEL E JURISDI\u00c7\u00c3O<\/strong><\/p><p>Para a resolu\u00e7\u00e3o de todos os lit\u00edgios ou quest\u00f5es relacionadas com este site ou com as atividades nele desenvolvidas, aplicar-se-\u00e1 a legisla\u00e7\u00e3o espanhola, \u00e0 qual as partes se submetem expressamente, sendo competentes para a resolu\u00e7\u00e3o de todos os conflitos emergentes ou relacionados com a sua utiliza\u00e7\u00e3o pelos Tribunais e Tribunais de Barcelona.<\/p><\/div><\/div><\/div><\/div><\/div><\/div><\/div>\t\t\t\t\t\t\t\t<\/div>\n\t\t\t\t<\/div>\n\t\t\t\t\t<\/div>\n\t\t<\/div>\n\t\t\t\t\t<\/div>\n\t\t<\/section>\n\t\t\t\t\t<\/div>\n\t\t<\/div>\n\t\t\t\t\t<\/div>\n\t\t<\/section>\n\t\t\t\t<section class=\"elementor-section elementor-top-section elementor-element elementor-element-484f41e elementor-section-full_width elementor-section-height-default elementor-section-height-default elementor-invisible\" data-id=\"484f41e\" data-element_type=\"section\" data-e-type=\"section\" data-settings=\"{&quot;animation&quot;:&quot;slideInUp&quot;}\">\n\t\t\t\t\t\t<div class=\"elementor-container elementor-column-gap-default\">\n\t\t\t\t\t<div class=\"elementor-column elementor-col-100 elementor-top-column elementor-element elementor-element-19948363\" data-id=\"19948363\" data-element_type=\"column\" data-e-type=\"column\">\n\t\t\t<div class=\"elementor-widget-wrap elementor-element-populated\">\n\t\t\t\t\t\t<div class=\"elementor-element elementor-element-339044a4 elementor-widget elementor-widget-google_maps\" data-id=\"339044a4\" data-element_type=\"widget\" data-e-type=\"widget\" data-widget_type=\"google_maps.default\">\n\t\t\t\t<div class=\"elementor-widget-container\">\n\t\t\t\t\t\t\t<div class=\"elementor-custom-embed\">\n\t\t\t<iframe loading=\"lazy\"\n\t\t\t\t\tsrc=\"https:\/\/maps.google.com\/maps?q=C%2F%20Pintor%20Joan%20Miro%2C%2016.%20Pol.%20Ind.%20Can%20Humet%20de%20Dalt%2C%2008213%20Poliny%C3%A0.%20Barcelona&#038;t=m&#038;z=15&#038;output=embed&#038;iwloc=near\"\n\t\t\t\t\ttitle=\"C\/ Pintor Joan Miro, 16. Pol. Ind. Can Humet de Dalt, 08213 Poliny\u00e0. Barcelona\"\n\t\t\t\t\taria-label=\"C\/ Pintor Joan Miro, 16. Pol. Ind. Can Humet de Dalt, 08213 Poliny\u00e0. Barcelona\"\n\t\t\t><\/iframe>\n\t\t<\/div>\n\t\t\t\t\t\t<\/div>\n\t\t\t\t<\/div>\n\t\t\t\t\t<\/div>\n\t\t<\/div>\n\t\t\t\t\t<\/div>\n\t\t<\/section>\n\t\t\t\t<\/div>","protected":false},"excerpt":{"rendered":"<p>RESPONSABLE DEL TRATAMIENTO DE LOS DATOS En cumplimiento del deber de informaci\u00f3n que establece la Ley La 34\/2002, de 11 de julio, de Servicios de la Sociedad de la Informaci\u00f3n y del Comercio Electr\u00f3nico, le comunicamos que la presente web es titularidad de:Denominaci\u00f3n Social: DERMO, SA\u00a0\u00a0(En adelante El Responsable)CIF \/ NIF: A58302969Domicilio Social: C\/ Pintor&hellip;&nbsp;<a href=\"https:\/\/dermo.com\/pt\/aviso-legal-politica-de-privacidade\/\" rel=\"bookmark\">Ler mais \u00bb<span class=\"screen-reader-text\">AVISO LEGAL \u2013 POL\u00cdTICA DE PRIVACIDADE<\/span><\/a><\/p>","protected":false},"author":2,"featured_media":0,"parent":0,"menu_order":0,"comment_status":"closed","ping_status":"closed","template":"page-templates\/template-pagebuilder-full-width.php","meta":{"neve_meta_sidebar":"","neve_meta_container":"","neve_meta_enable_content_width":"","neve_meta_content_width":0,"neve_meta_title_alignment":"","neve_meta_author_avatar":"","neve_post_elements_order":"","neve_meta_disable_header":"","neve_meta_disable_footer":"","neve_meta_disable_title":"","footnotes":""},"class_list":["post-12416","page","type-page","status-publish","hentry"],"yoast_head":"<!-- This site is optimized with the Yoast SEO plugin v27.0 - https:\/\/yoast.com\/product\/yoast-seo-wordpress\/ -->\n<title>AVISO LEGAL - POL\u00cdTICA DE PRIVACIDAD - Dermo | F\u00e1brica de detergentes<\/title>\n<meta name=\"robots\" content=\"index, follow, max-snippet:-1, max-image-preview:large, max-video-preview:-1\" \/>\n<link rel=\"canonical\" href=\"https:\/\/dermo.com\/pt\/aviso-legal-politica-de-privacidade\/\" \/>\n<meta property=\"og:locale\" content=\"pt_PT\" \/>\n<meta property=\"og:type\" content=\"article\" \/>\n<meta property=\"og:title\" content=\"AVISO LEGAL - POL\u00cdTICA DE PRIVACIDAD - Dermo | F\u00e1brica de detergentes\" \/>\n<meta property=\"og:description\" content=\"RESPONSABLE DEL TRATAMIENTO DE LOS DATOS En cumplimiento del deber de informaci\u00f3n que establece la Ley La 34\/2002, de 11 de julio, de Servicios de la Sociedad de la Informaci\u00f3n y del Comercio Electr\u00f3nico, le comunicamos que la presente web es titularidad de:Denominaci\u00f3n Social: DERMO, SA\u00a0\u00a0(En adelante El Responsable)CIF \/ NIF: A58302969Domicilio Social: C\/ Pintor&hellip;&nbsp;Ler mais &raquo;AVISO LEGAL &#8211; POL\u00cdTICA DE PRIVACIDAD\" \/>\n<meta property=\"og:url\" content=\"https:\/\/dermo.com\/pt\/aviso-legal-politica-de-privacidade\/\" \/>\n<meta property=\"og:site_name\" content=\"Dermo | F\u00e1brica de detergentes\" \/>\n<meta property=\"article:modified_time\" content=\"2025-01-30T11:33:40+00:00\" \/>\n<meta name=\"twitter:card\" content=\"summary_large_image\" \/>\n<meta name=\"twitter:label1\" content=\"Tempo estimado de leitura\" \/>\n\t<meta name=\"twitter:data1\" content=\"9 minutos\" \/>\n<script type=\"application\/ld+json\" class=\"yoast-schema-graph\">{\"@context\":\"https:\/\/schema.org\",\"@graph\":[{\"@type\":\"WebPage\",\"@id\":\"https:\/\/dermo.com\/aviso-legal-politica-de-privacidad\/\",\"url\":\"https:\/\/dermo.com\/aviso-legal-politica-de-privacidad\/\",\"name\":\"AVISO LEGAL - POL\u00cdTICA DE PRIVACIDAD - Dermo | F\u00e1brica de detergentes\",\"isPartOf\":{\"@id\":\"https:\/\/dermo.com\/#website\"},\"datePublished\":\"2025-01-30T11:25:57+00:00\",\"dateModified\":\"2025-01-30T11:33:40+00:00\",\"breadcrumb\":{\"@id\":\"https:\/\/dermo.com\/aviso-legal-politica-de-privacidad\/#breadcrumb\"},\"inLanguage\":\"pt-PT\",\"potentialAction\":[{\"@type\":\"ReadAction\",\"target\":[\"https:\/\/dermo.com\/aviso-legal-politica-de-privacidad\/\"]}]},{\"@type\":\"BreadcrumbList\",\"@id\":\"https:\/\/dermo.com\/aviso-legal-politica-de-privacidad\/#breadcrumb\",\"itemListElement\":[{\"@type\":\"ListItem\",\"position\":1,\"name\":\"Portada\",\"item\":\"https:\/\/dermo.com\/\"},{\"@type\":\"ListItem\",\"position\":2,\"name\":\"AVISO LEGAL &#8211; POL\u00cdTICA DE PRIVACIDAD\"}]},{\"@type\":\"WebSite\",\"@id\":\"https:\/\/dermo.com\/#website\",\"url\":\"https:\/\/dermo.com\/\",\"name\":\"Dermo | F\u00e1brica de detergentes\",\"description\":\"Tecnolog\u00eda avanzada, investigaci\u00f3n y desarrollo, respeto por el medio ambiente, competencia, formaci\u00f3n constante y alto nivel de profesionalidad en nuestro equipo humano, empe\u00f1ado en preservar la calidad de vida, la protecci\u00f3n del entorno natural contin\u00faan motiv\u00e1ndonos para desarrollar en nuestros laboratorios nuevos productos con ingredientes activos altamente biodegradables que hacen posible un desarrollo sostenible.\",\"potentialAction\":[{\"@type\":\"SearchAction\",\"target\":{\"@type\":\"EntryPoint\",\"urlTemplate\":\"https:\/\/dermo.com\/?s={search_term_string}\"},\"query-input\":{\"@type\":\"PropertyValueSpecification\",\"valueRequired\":true,\"valueName\":\"search_term_string\"}}],\"inLanguage\":\"pt-PT\"}]}<\/script>\n<!-- \/ Yoast SEO plugin. -->","yoast_head_json":{"title":"AVISO LEGAL - POL\u00cdTICA DE PRIVACIDADE - Dermo | F\u00e1brica de detergentes","robots":{"index":"index","follow":"follow","max-snippet":"max-snippet:-1","max-image-preview":"max-image-preview:large","max-video-preview":"max-video-preview:-1"},"canonical":"https:\/\/dermo.com\/pt\/aviso-legal-politica-de-privacidade\/","og_locale":"pt_PT","og_type":"article","og_title":"AVISO LEGAL - POL\u00cdTICA DE PRIVACIDAD - Dermo | F\u00e1brica de detergentes","og_description":"RESPONSABLE DEL TRATAMIENTO DE LOS DATOS En cumplimiento del deber de informaci\u00f3n que establece la Ley La 34\/2002, de 11 de julio, de Servicios de la Sociedad de la Informaci\u00f3n y del Comercio Electr\u00f3nico, le comunicamos que la presente web es titularidad de:Denominaci\u00f3n Social: DERMO, SA\u00a0\u00a0(En adelante El Responsable)CIF \/ NIF: A58302969Domicilio Social: C\/ Pintor&hellip;&nbsp;Ler mais &raquo;AVISO LEGAL &#8211; POL\u00cdTICA DE PRIVACIDAD","og_url":"https:\/\/dermo.com\/pt\/aviso-legal-politica-de-privacidade\/","og_site_name":"Dermo | F\u00e1brica de detergentes","article_modified_time":"2025-01-30T11:33:40+00:00","twitter_card":"summary_large_image","twitter_misc":{"Tempo estimado de leitura":"9 minutos"},"schema":{"@context":"https:\/\/schema.org","@graph":[{"@type":"WebPage","@id":"https:\/\/dermo.com\/aviso-legal-politica-de-privacidad\/","url":"https:\/\/dermo.com\/aviso-legal-politica-de-privacidad\/","name":"AVISO LEGAL - POL\u00cdTICA DE PRIVACIDADE - Dermo | F\u00e1brica de detergentes","isPartOf":{"@id":"https:\/\/dermo.com\/#website"},"datePublished":"2025-01-30T11:25:57+00:00","dateModified":"2025-01-30T11:33:40+00:00","breadcrumb":{"@id":"https:\/\/dermo.com\/aviso-legal-politica-de-privacidad\/#breadcrumb"},"inLanguage":"pt-PT","potentialAction":[{"@type":"ReadAction","target":["https:\/\/dermo.com\/aviso-legal-politica-de-privacidad\/"]}]},{"@type":"BreadcrumbList","@id":"https:\/\/dermo.com\/aviso-legal-politica-de-privacidad\/#breadcrumb","itemListElement":[{"@type":"ListItem","position":1,"name":"Portada","item":"https:\/\/dermo.com\/"},{"@type":"ListItem","position":2,"name":"AVISO LEGAL &#8211; POL\u00cdTICA DE PRIVACIDAD"}]},{"@type":"WebSite","@id":"https:\/\/dermo.com\/#website","url":"https:\/\/dermo.com\/","name":"Dermo | f\u00e1brica de detergentes","description":"A tecnologia avan\u00e7ada, a investiga\u00e7\u00e3o e desenvolvimento, o respeito pelo ambiente, a compet\u00eancia, a forma\u00e7\u00e3o constante e o elevado n\u00edvel de profissionalismo da nossa equipa humana, comprometida com a preserva\u00e7\u00e3o da qualidade de vida, a protec\u00e7\u00e3o do ambiente natural continuam a motivar-nos a desenvolver novos produtos nos nossos laborat\u00f3rios com princ\u00edpios ativos altamente biodegrad\u00e1veis que possibilitam o desenvolvimento sustent\u00e1vel.","potentialAction":[{"@type":"SearchAction","target":{"@type":"EntryPoint","urlTemplate":"https:\/\/dermo.com\/?s={search_term_string}"},"query-input":{"@type":"PropertyValueSpecification","valueRequired":true,"valueName":"search_term_string"}}],"inLanguage":"pt-PT"}]}},"_links":{"self":[{"href":"https:\/\/dermo.com\/pt\/wp-json\/wp\/v2\/pages\/12416","targetHints":{"allow":["GET"]}}],"collection":[{"href":"https:\/\/dermo.com\/pt\/wp-json\/wp\/v2\/pages"}],"about":[{"href":"https:\/\/dermo.com\/pt\/wp-json\/wp\/v2\/types\/page"}],"author":[{"embeddable":true,"href":"https:\/\/dermo.com\/pt\/wp-json\/wp\/v2\/users\/2"}],"replies":[{"embeddable":true,"href":"https:\/\/dermo.com\/pt\/wp-json\/wp\/v2\/comments?post=12416"}],"version-history":[{"count":7,"href":"https:\/\/dermo.com\/pt\/wp-json\/wp\/v2\/pages\/12416\/revisions"}],"predecessor-version":[{"id":12449,"href":"https:\/\/dermo.com\/pt\/wp-json\/wp\/v2\/pages\/12416\/revisions\/12449"}],"wp:attachment":[{"href":"https:\/\/dermo.com\/pt\/wp-json\/wp\/v2\/media?parent=12416"}],"curies":[{"name":"wp","href":"https:\/\/api.w.org\/{rel}","templated":true}]}}