{"id":12428,"date":"2025-01-30T12:30:02","date_gmt":"2025-01-30T11:30:02","guid":{"rendered":"https:\/\/dermo.com\/?page_id=12428"},"modified":"2025-02-19T12:10:52","modified_gmt":"2025-02-19T11:10:52","slug":"alvejante-para-maquina-de-lavar","status":"publish","type":"page","link":"https:\/\/dermo.com\/pt\/alvejante-para-maquina-de-lavar\/","title":{"rendered":"Alvejante para m\u00e1quina de lavar"},"content":{"rendered":"<div data-elementor-type=\"wp-page\" data-elementor-id=\"12428\" class=\"elementor elementor-12428\" data-elementor-post-type=\"page\">\n\t\t\t\t\t\t<section class=\"elementor-section elementor-top-section elementor-element elementor-element-a02683f elementor-section-boxed elementor-section-height-default elementor-section-height-default\" data-id=\"a02683f\" data-element_type=\"section\" data-e-type=\"section\" data-settings=\"{&quot;background_background&quot;:&quot;classic&quot;}\">\n\t\t\t\t\t\t\t<div class=\"elementor-background-overlay\"><\/div>\n\t\t\t\t\t\t\t<div class=\"elementor-container elementor-column-gap-default\">\n\t\t\t\t\t<div class=\"elementor-column elementor-col-100 elementor-top-column elementor-element elementor-element-f99dbff\" data-id=\"f99dbff\" data-element_type=\"column\" data-e-type=\"column\">\n\t\t\t<div class=\"elementor-widget-wrap elementor-element-populated\">\n\t\t\t\t\t\t\t<\/div>\n\t\t<\/div>\n\t\t\t\t\t<\/div>\n\t\t<\/section>\n\t\t\t\t<section class=\"elementor-section elementor-top-section elementor-element elementor-element-233ad3a4 elementor-section-boxed elementor-section-height-default elementor-section-height-default\" data-id=\"233ad3a4\" data-element_type=\"section\" data-e-type=\"section\">\n\t\t\t\t\t\t<div class=\"elementor-container elementor-column-gap-default\">\n\t\t\t\t\t<div class=\"elementor-column elementor-col-100 elementor-top-column elementor-element elementor-element-3244e578\" data-id=\"3244e578\" data-element_type=\"column\" data-e-type=\"column\">\n\t\t\t<div class=\"elementor-widget-wrap elementor-element-populated\">\n\t\t\t\t\t\t<section class=\"elementor-section elementor-inner-section elementor-element elementor-element-1a7040c2 elementor-section-content-middle elementor-section-boxed elementor-section-height-default elementor-section-height-default\" data-id=\"1a7040c2\" data-element_type=\"section\" data-e-type=\"section\">\n\t\t\t\t\t\t<div class=\"elementor-container elementor-column-gap-default\">\n\t\t\t\t\t<div class=\"elementor-column elementor-col-50 elementor-inner-column elementor-element elementor-element-58338543\" data-id=\"58338543\" data-element_type=\"column\" data-e-type=\"column\">\n\t\t\t<div class=\"elementor-widget-wrap elementor-element-populated\">\n\t\t\t\t\t\t<div class=\"elementor-element elementor-element-464b2e11 elementor-widget elementor-widget-text-editor\" data-id=\"464b2e11\" data-element_type=\"widget\" data-e-type=\"widget\" data-widget_type=\"text-editor.default\">\n\t\t\t\t<div class=\"elementor-widget-container\">\n\t\t\t\t\t\t\t\t\t<div id=\"lipsum\"><p>Na Dermo voc\u00ea encontra um cat\u00e1logo com diversos produtos, de diversas categorias, para que voc\u00ea possa realizar uma limpeza profissional em qualquer \u00e1rea que precise, como ind\u00fastria ou setor automotivo.<\/p><p>Dentre as categorias que voc\u00ea pode encontrar hoje, focamos em lavanderia, mais especificamente na subcategoria de acess\u00f3rios de lavagem, pois sabemos o quanto \u00e9 importante para nossos clientes encontrar produtos eficientes para lavar roupas e tecidos.<\/p><p>Temos diferentes produtos para limpar e cuidar das roupas, tanto detergentes l\u00edquidos como detergentes em p\u00f3, mas hoje queremos falar com voc\u00eas sobre os nossos\u00a0<strong>\u00e1gua sanit\u00e1ria<\/strong>\u00a0especial\u00a0<strong>m\u00e1quina de lavar<\/strong>, um produto desenvolvido para branqueamento, remo\u00e7\u00e3o de manchas e desinfec\u00e7\u00e3o de tecidos durante processos de lavagem.\u00a0<a href=\"https:\/\/dermo.com\/pt\/catalogo\/es\/lavanderia\/123-lejia-lavadora.html\/\">O\u00a0<strong>\u00e1gua sanit\u00e1ria<\/strong>\u00a0especial\u00a0<strong>m\u00e1quina de lavar<\/strong><\/a>\u00a0Tamb\u00e9m pode ser usado para limpar superf\u00edcies, remover manchas e obter uma apar\u00eancia brilhante. Tamb\u00e9m \u00e9 perfeito para desinfetar o vaso sanit\u00e1rio e remover odores ruins e manchas incrustadas.<\/p><p>O\u00a0<strong>\u00e1gua sanit\u00e1ria<\/strong>\u00a0para\u00a0<strong>m\u00e1quinas de lavar<\/strong> Dermo tem um cheiro picante caracter\u00edstico e sua apar\u00eancia \u00e9 l\u00edquida. \u00c9 um produto sol\u00favel em \u00e1gua e tem densidade relativa de 1,05 g\/l. \u00c9 um produto de limpeza profissional muito potente, que deve ser mantido fora do alcance das crian\u00e7as, bem fechado e armazenado em local seco e fresco, evitando calor e frio excessivos, para que n\u00e3o congele nem libere gases t\u00f3xicos. Nunca deve ser misturado com outros produtos de limpeza, que tamb\u00e9m cont\u00eam reagentes qu\u00edmicos que podem liberar gases perigosos e prejudiciais \u00e0 sa\u00fade.<\/p><\/div>\t\t\t\t\t\t\t\t<\/div>\n\t\t\t\t<\/div>\n\t\t\t\t\t<\/div>\n\t\t<\/div>\n\t\t\t\t<div class=\"elementor-column elementor-col-50 elementor-inner-column elementor-element elementor-element-b832f77 elementor-invisible\" data-id=\"b832f77\" data-element_type=\"column\" data-e-type=\"column\" data-settings=\"{&quot;animation&quot;:&quot;bounceInRight&quot;}\">\n\t\t\t<div class=\"elementor-widget-wrap elementor-element-populated\">\n\t\t\t\t\t\t<div class=\"elementor-element elementor-element-f956b8e elementor-widget__width-initial elementor-widget elementor-widget-elementskit-contact-form7\" data-id=\"f956b8e\" data-element_type=\"widget\" data-e-type=\"widget\" data-widget_type=\"elementskit-contact-form7.default\">\n\t\t\t\t<div class=\"elementor-widget-container\">\n\t\t\t\t\t<div class=\"ekit-wid-con\" ><div class=\"ekit-form\">\n<div class=\"wpcf7 no-js\" id=\"wpcf7-f13292-p12428-o1\" lang=\"es-ES\" dir=\"ltr\" data-wpcf7-id=\"13292\">\n<div class=\"screen-reader-response\"><p role=\"status\" aria-live=\"polite\" aria-atomic=\"true\"><\/p> <ul><\/ul><\/div>\n<form action=\"\/pt\/alvejante-para-maquina-de-lavar\/#wpcf7-f13292-p12428-o1\" method=\"post\" class=\"wpcf7-form init\" aria-label=\"Formulario de contacto\" novalidate=\"novalidate\" data-status=\"init\" data-no-translation-aria-label=\"\" data-trp-original-action=\"\/en\/lejia-lavadora\/#wpcf7-f13292-p12428-o1\">\n<fieldset class=\"hidden-fields-container\"><input type=\"hidden\" name=\"_wpcf7\" value=\"13292\" \/><input type=\"hidden\" name=\"_wpcf7_version\" value=\"6.1.5\" \/><input type=\"hidden\" name=\"_wpcf7_locale\" value=\"es_ES\" \/><input type=\"hidden\" name=\"_wpcf7_unit_tag\" value=\"wpcf7-f13292-p12428-o1\" \/><input type=\"hidden\" name=\"_wpcf7_container_post\" value=\"12428\" \/><input type=\"hidden\" name=\"_wpcf7_posted_data_hash\" value=\"\" \/><input type=\"hidden\" name=\"_wpcf7_recaptcha_response\" value=\"\" \/>\n<\/fieldset>\n<div style=\"display: flex; gap: 10px;\">\n\t<div style=\"width: 50%;\">\n\t\t<p><span class=\"wpcf7-form-control-wrap\" data-name=\"your-name\"><input size=\"40\" maxlength=\"400\" class=\"wpcf7-form-control wpcf7-text wpcf7-validates-as-required\" aria-required=\"true\" aria-invalid=\"false\" placeholder=\"Nome\" value=\"\" type=\"text\" name=\"your-name\" \/><\/span>\n\t\t<\/p>\n\t<\/div>\n\t<div style=\"width: 50%;\">\n\t\t<p><span class=\"wpcf7-form-control-wrap\" data-name=\"your-phone\"><input size=\"40\" maxlength=\"400\" class=\"wpcf7-form-control wpcf7-tel wpcf7-validates-as-required wpcf7-text wpcf7-validates-as-tel\" aria-required=\"true\" aria-invalid=\"false\" placeholder=\"Telefone\" value=\"\" type=\"tel\" name=\"your-phone\" \/><\/span>\n\t\t<\/p>\n\t<\/div>\n<\/div>\n<p><span class=\"wpcf7-form-control-wrap\" data-name=\"your-email\"><input size=\"40\" maxlength=\"400\" class=\"wpcf7-form-control wpcf7-email wpcf7-validates-as-required wpcf7-text wpcf7-validates-as-email\" aria-required=\"true\" aria-invalid=\"false\" placeholder=\"E-mail\" value=\"\" type=\"email\" name=\"your-email\" \/><\/span>\n<\/p>\n<div style=\"display: flex; gap: 10px;\">\n\t<div style=\"width: 50%;\">\n\t\t<p><span class=\"wpcf7-form-control-wrap\" data-name=\"your-country\"><input size=\"40\" maxlength=\"400\" class=\"wpcf7-form-control wpcf7-text wpcf7-validates-as-required\" aria-required=\"true\" aria-invalid=\"false\" placeholder=\"Pa\u00eds\" value=\"\" type=\"text\" name=\"your-country\" \/><\/span>\n\t\t<\/p>\n\t<\/div>\n\t<div style=\"width: 50%;\">\n\t\t<p><span class=\"wpcf7-form-control-wrap\" data-name=\"your-city\"><input size=\"40\" maxlength=\"400\" class=\"wpcf7-form-control wpcf7-text wpcf7-validates-as-required\" aria-required=\"true\" aria-invalid=\"false\" placeholder=\"Popula\u00e7\u00e3o\" value=\"\" type=\"text\" name=\"your-city\" \/><\/span>\n\t\t<\/p>\n\t<\/div>\n<\/div>\n<p><span class=\"wpcf7-form-control-wrap\" data-name=\"your-subject\"><select class=\"wpcf7-form-control wpcf7-select\" aria-invalid=\"false\" name=\"your-subject\"><option value=\"Quiero ser distribuidor\">Quero ser um distribuidor<\/option><option value=\"Presupuesto\">Or\u00e7amento<\/option><option value=\"Consulta\">Consulta<\/option><option value=\"Sugerencia\">Sugest\u00e3o<\/option><option value=\"Otros\">Outros<\/option><\/select><\/span>\n<\/p>\n<p><span class=\"wpcf7-form-control-wrap\" data-name=\"your-message\"><textarea cols=\"40\" rows=\"10\" maxlength=\"2000\" class=\"wpcf7-form-control wpcf7-textarea\" aria-invalid=\"false\" placeholder=\"Mensagem ou consulta\" name=\"your-message\"><\/textarea><\/span>\n<\/p>\n<div style=\"display: flex; align-items: center; gap: 10px;\">\n\t<p><span class=\"wpcf7-form-control-wrap\" data-name=\"privacy-policy\"><span class=\"wpcf7-form-control wpcf7-acceptance\"><span class=\"wpcf7-list-item\"><input type=\"checkbox\" name=\"privacy-policy\" value=\"1\" aria-invalid=\"false\" \/><\/span><\/span><\/span><label for=\"privacy-policy\" style=\"margin-left: 5px;\">Li e aceito a pol\u00edtica de privacidade.<\/label>\n\t<\/p>\n<\/div>\n<div style=\"display: flex; align-items: center; gap: 10px;\">\n\t<p><span class=\"wpcf7-form-control-wrap\" data-name=\"send-info\"><span class=\"wpcf7-form-control wpcf7-acceptance\"><span class=\"wpcf7-list-item\"><input type=\"checkbox\" name=\"send-info\" value=\"1\" aria-invalid=\"false\" \/><\/span><\/span><\/span><label for=\"send-info\" style=\"margin-left: 5px;\">Concordo em receber informa\u00e7\u00f5es.<\/label>\n\t<\/p>\n<\/div>\n<p><input class=\"wpcf7-form-control wpcf7-submit has-spinner\" type=\"submit\" value=\"Enviar\" \/>\n<\/p><div class=\"wpcf7-response-output\" aria-hidden=\"true\"><\/div>\n<input type=\"hidden\" name=\"trp-form-language\" value=\"pt\"\/><\/form>\n<\/div>\n<\/div><\/div>\t\t\t\t<\/div>\n\t\t\t\t<\/div>\n\t\t\t\t\t<\/div>\n\t\t<\/div>\n\t\t\t\t\t<\/div>\n\t\t<\/section>\n\t\t\t\t<div class=\"elementor-element elementor-element-615d68f elementor-widget elementor-widget-text-editor\" data-id=\"615d68f\" data-element_type=\"widget\" data-e-type=\"widget\" data-widget_type=\"text-editor.default\">\n\t\t\t\t<div class=\"elementor-widget-container\">\n\t\t\t\t\t\t\t\t\t<p>Como usar o\u00a0<strong>\u00e1gua sanit\u00e1ria<\/strong>\u00a0especial\u00a0<strong>m\u00e1quina de lavar<\/strong>?<\/p><p>Para processos de lavagem; Ap\u00f3s verificar a resist\u00eancia dos tecidos ao hipoclorito, devemos dosar de 5 a 10 cm3 para cada quilo de roupa suja.<\/p><p>Para limpeza e desinfec\u00e7\u00e3o de pisos; 125 cm3 s\u00e3o usados para 10 litros de \u00e1gua<\/p><p>Para limpeza de banheiros; Voc\u00ea deve usar o produto diretamente e, ap\u00f3s deix\u00e1-lo agir por 5 minutos, deve enxaguar com \u00e1gua em abund\u00e2ncia.<\/p><p><strong>Produtos de limpeza profissional para lavanderia<\/strong><\/p><p>Dentro da categoria de lavanderia Dermo, no cat\u00e1logo, voc\u00ea pode encontrar todos os tipos de detergentes s\u00f3lidos, detergentes l\u00edquidos, amaciantes, acess\u00f3rios de lavagem ou produtos com dosagem autom\u00e1tica.<\/p><p>Quanto aos detergentes s\u00f3lidos podemos encontrar, por exemplo, o modelo\u00a0<a href=\"https:\/\/dermo.com\/pt\/catalogo\/es\/lavanderia\/63-maxim-bio.html\/\">Detergente Concentrado Maxim Bio,<\/a>\u00a0altamente enriquecido com enzimas e projetado para lavar roupas brancas, sendo especialmente desenvolvido para ser usado em \u00e1gua extremamente dura e em qualquer temperatura. Seu ativador de oxig\u00eanio \u00e9 muito eficaz no branqueamento de roupas em baixas temperaturas.<\/p><p>Quanto aos detergentes l\u00edquidos, encontramos os chamados\u00a0<a href=\"https:\/\/dermo.com\/pt\/catalogo\/es\/lavanderia\/67-gel-activo-color.html\/\">Gel Cor Ativo<\/a>\u00a0e possui alta concentra\u00e7\u00e3o de princ\u00edpios ativos para limpeza de roupas coloridas. \u00c9 capaz de remover sujeira de todos os tipos de fibras e proporciona grande maciez \u00e0s roupas, gra\u00e7as \u00e0 sua composi\u00e7\u00e3o l\u00edquida.<\/p><p>No que diz respeito aos amaciadores, podemos destacar os\u00a0<a href=\"https:\/\/dermo.com\/pt\/catalogo\/es\/lavanderia\/76-presto-energy.html\/\">Presto Energia<\/a>, que \u00e9 eficaz em todos os tipos de fibras e proporciona uma secagem muito r\u00e1pida, melhora a passagem a ferro e repele a sujidade, al\u00e9m de ter a\u00e7\u00e3o antiest\u00e1tica. Prolonga a vida \u00fatil do tecido e previne a forma\u00e7\u00e3o de mofo nas roupas armazenadas, deixando um perfume agrad\u00e1vel e duradouro.<\/p><p>Quanto aos acess\u00f3rios de lavagem, hoje destacamos o alvejante especial para m\u00e1quinas de lavar e, por fim, queremos destacar o produto\u00a0<a href=\"https:\/\/dermo.com\/pt\/catalogo\/es\/lavanderia\/71-prelax-liquido.html\/\">Prelax L\u00edquido<\/a>, que corresponde \u00e0 subcategoria de produtos com dosagem autom\u00e1tica. \u00c9 um detergente auxiliar alcalino de pr\u00e9-lavagem e lavagem, que possui alto poder de dispers\u00e3o de sujeira e alto poder sequestrante.<\/p>\t\t\t\t\t\t\t\t<\/div>\n\t\t\t\t<\/div>\n\t\t\t\t\t<\/div>\n\t\t<\/div>\n\t\t\t\t\t<\/div>\n\t\t<\/section>\n\t\t\t\t<section class=\"elementor-section elementor-top-section elementor-element elementor-element-484f41e elementor-section-full_width elementor-section-height-default elementor-section-height-default elementor-invisible\" data-id=\"484f41e\" data-element_type=\"section\" data-e-type=\"section\" data-settings=\"{&quot;animation&quot;:&quot;slideInUp&quot;}\">\n\t\t\t\t\t\t<div class=\"elementor-container elementor-column-gap-default\">\n\t\t\t\t\t<div class=\"elementor-column elementor-col-100 elementor-top-column elementor-element elementor-element-19948363\" data-id=\"19948363\" data-element_type=\"column\" data-e-type=\"column\">\n\t\t\t<div class=\"elementor-widget-wrap elementor-element-populated\">\n\t\t\t\t\t\t<div class=\"elementor-element elementor-element-339044a4 elementor-widget elementor-widget-google_maps\" data-id=\"339044a4\" data-element_type=\"widget\" data-e-type=\"widget\" data-widget_type=\"google_maps.default\">\n\t\t\t\t<div class=\"elementor-widget-container\">\n\t\t\t\t\t\t\t<div class=\"elementor-custom-embed\">\n\t\t\t<iframe loading=\"lazy\"\n\t\t\t\t\tsrc=\"https:\/\/maps.google.com\/maps?q=C%2F%20Pintor%20Joan%20Miro%2C%2016.%20Pol.%20Ind.%20Can%20Humet%20de%20Dalt%2C%2008213%20Poliny%C3%A0.%20Barcelona&#038;t=m&#038;z=15&#038;output=embed&#038;iwloc=near\"\n\t\t\t\t\ttitle=\"C\/ Pintor Joan Miro, 16. Pol. Ind. Can Humet de Dalt, 08213 Poliny\u00e0. Barcelona\"\n\t\t\t\t\taria-label=\"C\/ Pintor Joan Miro, 16. Pol. Ind. Can Humet de Dalt, 08213 Poliny\u00e0. Barcelona\"\n\t\t\t><\/iframe>\n\t\t<\/div>\n\t\t\t\t\t\t<\/div>\n\t\t\t\t<\/div>\n\t\t\t\t\t<\/div>\n\t\t<\/div>\n\t\t\t\t\t<\/div>\n\t\t<\/section>\n\t\t\t\t<\/div>","protected":false},"excerpt":{"rendered":"<p>Na Dermo, voc\u00ea encontra um cat\u00e1logo com diversos produtos de diferentes categorias, para que possa realizar limpeza profissional em qualquer \u00e1rea que precise, como ind\u00fastria ou automotiva. Entre as categorias que voc\u00ea encontra hoje, estamos nos concentrando em lavanderia, especificamente na subcategoria de acess\u00f3rios para lavanderia, porque...&nbsp;<a href=\"https:\/\/dermo.com\/pt\/alvejante-para-maquina-de-lavar\/\" rel=\"bookmark\">Ler mais \u00bb<span class=\"screen-reader-text\">Alvejante para m\u00e1quina de lavar<\/span><\/a><\/p>","protected":false},"author":2,"featured_media":0,"parent":0,"menu_order":0,"comment_status":"closed","ping_status":"closed","template":"page-templates\/template-pagebuilder-full-width.php","meta":{"neve_meta_sidebar":"","neve_meta_container":"","neve_meta_enable_content_width":"","neve_meta_content_width":0,"neve_meta_title_alignment":"","neve_meta_author_avatar":"","neve_post_elements_order":"","neve_meta_disable_header":"","neve_meta_disable_footer":"","neve_meta_disable_title":"","footnotes":""},"class_list":["post-12428","page","type-page","status-publish","hentry"],"yoast_head":"<!-- This site is optimized with the Yoast SEO plugin v27.0 - https:\/\/yoast.com\/product\/yoast-seo-wordpress\/ -->\n<title>Lej\u00eda lavadora - Dermo | F\u00e1brica de detergentes<\/title>\n<meta name=\"robots\" content=\"index, follow, max-snippet:-1, max-image-preview:large, max-video-preview:-1\" \/>\n<link rel=\"canonical\" href=\"https:\/\/dermo.com\/pt\/alvejante-para-maquina-de-lavar\/\" \/>\n<meta property=\"og:locale\" content=\"pt_PT\" \/>\n<meta property=\"og:type\" content=\"article\" \/>\n<meta property=\"og:title\" content=\"Lej\u00eda lavadora - Dermo | F\u00e1brica de detergentes\" \/>\n<meta property=\"og:description\" content=\"En Dermo encontrar\u00e1s un cat\u00e1logo con much\u00edsimos productos, de distintas categor\u00edas, para que puedas llevar a cabo una limpieza profesional en cualquier \u00e1mbito que necesites, tales como la industria o la automoci\u00f3n. Dentro de las categor\u00edas que puedes encontrar hoy nos centramos en la de lavander\u00eda, concretamente en la subcategor\u00eda de complementos de lavado, porque&hellip;&nbsp;Ler mais &raquo;Lej\u00eda lavadora\" \/>\n<meta property=\"og:url\" content=\"https:\/\/dermo.com\/pt\/alvejante-para-maquina-de-lavar\/\" \/>\n<meta property=\"og:site_name\" content=\"Dermo | F\u00e1brica de detergentes\" \/>\n<meta property=\"article:modified_time\" content=\"2025-02-19T11:10:52+00:00\" \/>\n<meta name=\"twitter:card\" content=\"summary_large_image\" \/>\n<meta name=\"twitter:label1\" content=\"Tempo estimado de leitura\" \/>\n\t<meta name=\"twitter:data1\" content=\"3 minutos\" \/>\n<script type=\"application\/ld+json\" class=\"yoast-schema-graph\">{\"@context\":\"https:\/\/schema.org\",\"@graph\":[{\"@type\":\"WebPage\",\"@id\":\"https:\/\/dermo.com\/lejia-lavadora\/\",\"url\":\"https:\/\/dermo.com\/lejia-lavadora\/\",\"name\":\"Lej\u00eda lavadora - Dermo | F\u00e1brica de detergentes\",\"isPartOf\":{\"@id\":\"https:\/\/dermo.com\/#website\"},\"datePublished\":\"2025-01-30T11:30:02+00:00\",\"dateModified\":\"2025-02-19T11:10:52+00:00\",\"breadcrumb\":{\"@id\":\"https:\/\/dermo.com\/lejia-lavadora\/#breadcrumb\"},\"inLanguage\":\"pt-PT\",\"potentialAction\":[{\"@type\":\"ReadAction\",\"target\":[\"https:\/\/dermo.com\/lejia-lavadora\/\"]}]},{\"@type\":\"BreadcrumbList\",\"@id\":\"https:\/\/dermo.com\/lejia-lavadora\/#breadcrumb\",\"itemListElement\":[{\"@type\":\"ListItem\",\"position\":1,\"name\":\"Portada\",\"item\":\"https:\/\/dermo.com\/\"},{\"@type\":\"ListItem\",\"position\":2,\"name\":\"Lej\u00eda lavadora\"}]},{\"@type\":\"WebSite\",\"@id\":\"https:\/\/dermo.com\/#website\",\"url\":\"https:\/\/dermo.com\/\",\"name\":\"Dermo | F\u00e1brica de detergentes\",\"description\":\"Tecnolog\u00eda avanzada, investigaci\u00f3n y desarrollo, respeto por el medio ambiente, competencia, formaci\u00f3n constante y alto nivel de profesionalidad en nuestro equipo humano, empe\u00f1ado en preservar la calidad de vida, la protecci\u00f3n del entorno natural contin\u00faan motiv\u00e1ndonos para desarrollar en nuestros laboratorios nuevos productos con ingredientes activos altamente biodegradables que hacen posible un desarrollo sostenible.\",\"potentialAction\":[{\"@type\":\"SearchAction\",\"target\":{\"@type\":\"EntryPoint\",\"urlTemplate\":\"https:\/\/dermo.com\/?s={search_term_string}\"},\"query-input\":{\"@type\":\"PropertyValueSpecification\",\"valueRequired\":true,\"valueName\":\"search_term_string\"}}],\"inLanguage\":\"pt-PT\"}]}<\/script>\n<!-- \/ Yoast SEO plugin. -->","yoast_head_json":{"title":"Alvejante para m\u00e1quina de lavar - Dermo | F\u00e1brica de detergentes","robots":{"index":"index","follow":"follow","max-snippet":"max-snippet:-1","max-image-preview":"max-image-preview:large","max-video-preview":"max-video-preview:-1"},"canonical":"https:\/\/dermo.com\/pt\/alvejante-para-maquina-de-lavar\/","og_locale":"pt_PT","og_type":"article","og_title":"Lej\u00eda lavadora - Dermo | F\u00e1brica de detergentes","og_description":"En Dermo encontrar\u00e1s un cat\u00e1logo con much\u00edsimos productos, de distintas categor\u00edas, para que puedas llevar a cabo una limpieza profesional en cualquier \u00e1mbito que necesites, tales como la industria o la automoci\u00f3n. Dentro de las categor\u00edas que puedes encontrar hoy nos centramos en la de lavander\u00eda, concretamente en la subcategor\u00eda de complementos de lavado, porque&hellip;&nbsp;Ler mais &raquo;Lej\u00eda lavadora","og_url":"https:\/\/dermo.com\/pt\/alvejante-para-maquina-de-lavar\/","og_site_name":"Dermo | F\u00e1brica de detergentes","article_modified_time":"2025-02-19T11:10:52+00:00","twitter_card":"summary_large_image","twitter_misc":{"Tempo estimado de leitura":"3 minutos"},"schema":{"@context":"https:\/\/schema.org","@graph":[{"@type":"WebPage","@id":"https:\/\/dermo.com\/lejia-lavadora\/","url":"https:\/\/dermo.com\/lejia-lavadora\/","name":"Alvejante para m\u00e1quina de lavar - Dermo | F\u00e1brica de detergentes","isPartOf":{"@id":"https:\/\/dermo.com\/#website"},"datePublished":"2025-01-30T11:30:02+00:00","dateModified":"2025-02-19T11:10:52+00:00","breadcrumb":{"@id":"https:\/\/dermo.com\/lejia-lavadora\/#breadcrumb"},"inLanguage":"pt-PT","potentialAction":[{"@type":"ReadAction","target":["https:\/\/dermo.com\/lejia-lavadora\/"]}]},{"@type":"BreadcrumbList","@id":"https:\/\/dermo.com\/lejia-lavadora\/#breadcrumb","itemListElement":[{"@type":"ListItem","position":1,"name":"Portada","item":"https:\/\/dermo.com\/"},{"@type":"ListItem","position":2,"name":"Lej\u00eda lavadora"}]},{"@type":"WebSite","@id":"https:\/\/dermo.com\/#website","url":"https:\/\/dermo.com\/","name":"Dermo | f\u00e1brica de detergentes","description":"A tecnologia avan\u00e7ada, a investiga\u00e7\u00e3o e desenvolvimento, o respeito pelo ambiente, a compet\u00eancia, a forma\u00e7\u00e3o constante e o elevado n\u00edvel de profissionalismo da nossa equipa humana, comprometida com a preserva\u00e7\u00e3o da qualidade de vida, a protec\u00e7\u00e3o do ambiente natural continuam a motivar-nos a desenvolver novos produtos nos nossos laborat\u00f3rios com princ\u00edpios ativos altamente biodegrad\u00e1veis que possibilitam o desenvolvimento sustent\u00e1vel.","potentialAction":[{"@type":"SearchAction","target":{"@type":"EntryPoint","urlTemplate":"https:\/\/dermo.com\/?s={search_term_string}"},"query-input":{"@type":"PropertyValueSpecification","valueRequired":true,"valueName":"search_term_string"}}],"inLanguage":"pt-PT"}]}},"_links":{"self":[{"href":"https:\/\/dermo.com\/pt\/wp-json\/wp\/v2\/pages\/12428","targetHints":{"allow":["GET"]}}],"collection":[{"href":"https:\/\/dermo.com\/pt\/wp-json\/wp\/v2\/pages"}],"about":[{"href":"https:\/\/dermo.com\/pt\/wp-json\/wp\/v2\/types\/page"}],"author":[{"embeddable":true,"href":"https:\/\/dermo.com\/pt\/wp-json\/wp\/v2\/users\/2"}],"replies":[{"embeddable":true,"href":"https:\/\/dermo.com\/pt\/wp-json\/wp\/v2\/comments?post=12428"}],"version-history":[{"count":13,"href":"https:\/\/dermo.com\/pt\/wp-json\/wp\/v2\/pages\/12428\/revisions"}],"predecessor-version":[{"id":13608,"href":"https:\/\/dermo.com\/pt\/wp-json\/wp\/v2\/pages\/12428\/revisions\/13608"}],"wp:attachment":[{"href":"https:\/\/dermo.com\/pt\/wp-json\/wp\/v2\/media?parent=12428"}],"curies":[{"name":"wp","href":"https:\/\/api.w.org\/{rel}","templated":true}]}}