{"id":12460,"date":"2025-01-30T12:37:53","date_gmt":"2025-01-30T11:37:53","guid":{"rendered":"https:\/\/dermo.com\/?page_id=12460"},"modified":"2025-02-19T12:08:35","modified_gmt":"2025-02-19T11:08:35","slug":"detergentes-industriais-laboratorio","status":"publish","type":"page","link":"https:\/\/dermo.com\/pt\/detergentes-industriais-laboratorio\/","title":{"rendered":"Laborat\u00f3rio de Detergentes Industriais"},"content":{"rendered":"<div data-elementor-type=\"wp-page\" data-elementor-id=\"12460\" class=\"elementor elementor-12460\" data-elementor-post-type=\"page\">\n\t\t\t\t\t\t<section class=\"elementor-section elementor-top-section elementor-element elementor-element-a02683f elementor-section-boxed elementor-section-height-default elementor-section-height-default\" data-id=\"a02683f\" data-element_type=\"section\" data-e-type=\"section\" data-settings=\"{&quot;background_background&quot;:&quot;classic&quot;}\">\n\t\t\t\t\t\t\t<div class=\"elementor-background-overlay\"><\/div>\n\t\t\t\t\t\t\t<div class=\"elementor-container elementor-column-gap-default\">\n\t\t\t\t\t<div class=\"elementor-column elementor-col-100 elementor-top-column elementor-element elementor-element-f99dbff\" data-id=\"f99dbff\" data-element_type=\"column\" data-e-type=\"column\">\n\t\t\t<div class=\"elementor-widget-wrap elementor-element-populated\">\n\t\t\t\t\t\t\t<\/div>\n\t\t<\/div>\n\t\t\t\t\t<\/div>\n\t\t<\/section>\n\t\t\t\t<section class=\"elementor-section elementor-top-section elementor-element elementor-element-233ad3a4 elementor-section-boxed elementor-section-height-default elementor-section-height-default\" data-id=\"233ad3a4\" data-element_type=\"section\" data-e-type=\"section\">\n\t\t\t\t\t\t<div class=\"elementor-container elementor-column-gap-default\">\n\t\t\t\t\t<div class=\"elementor-column elementor-col-100 elementor-top-column elementor-element elementor-element-3244e578\" data-id=\"3244e578\" data-element_type=\"column\" data-e-type=\"column\">\n\t\t\t<div class=\"elementor-widget-wrap elementor-element-populated\">\n\t\t\t\t\t\t<section class=\"elementor-section elementor-inner-section elementor-element elementor-element-1a7040c2 elementor-section-content-middle elementor-section-boxed elementor-section-height-default elementor-section-height-default\" data-id=\"1a7040c2\" data-element_type=\"section\" data-e-type=\"section\">\n\t\t\t\t\t\t<div class=\"elementor-container elementor-column-gap-default\">\n\t\t\t\t\t<div class=\"elementor-column elementor-col-50 elementor-inner-column elementor-element elementor-element-58338543\" data-id=\"58338543\" data-element_type=\"column\" data-e-type=\"column\">\n\t\t\t<div class=\"elementor-widget-wrap elementor-element-populated\">\n\t\t\t\t\t\t<div class=\"elementor-element elementor-element-464b2e11 elementor-widget elementor-widget-text-editor\" data-id=\"464b2e11\" data-element_type=\"widget\" data-e-type=\"widget\" data-widget_type=\"text-editor.default\">\n\t\t\t\t<div class=\"elementor-widget-container\">\n\t\t\t\t\t\t\t\t\t<p>Uma das principais preocupa\u00e7\u00f5es que afetam todas as pessoas que comp\u00f5em este mundo \u00e9 a cobertura das nossas necessidades mais b\u00e1sicas e vitais. Exig\u00eancias que a pr\u00f3pria vida exige de n\u00f3s para enfrentar as dificuldades e obst\u00e1culos que ela coloca em nosso caminho, para super\u00e1-los e nos tornarmos mais fortes e continuarmos no caminho e desenvolvimento da nossa vida di\u00e1ria. Alimenta\u00e7\u00e3o, educa\u00e7\u00e3o, moradia, sa\u00fade... Todos esses s\u00e3o servi\u00e7os que devem ser garantidos em um estado de bem-estar, sem os quais n\u00e3o poder\u00edamos viver, para a subsist\u00eancia adequada da esp\u00e9cie.<\/p><p>Existem duas dessas necessidades, que vigiamos em\u00a0<strong>Dermo SA<\/strong>\u00a0e aos quais temos um forte e total comprometimento, aos quais muitas vezes n\u00e3o damos a import\u00e2ncia que merecem. O\u00a0<strong>limpeza<\/strong>\u00a0e o\u00a0<strong>higiene<\/strong>\u00a0s\u00e3o uma necessidade priorit\u00e1ria. No nosso dia a dia, sem perceber, n\u00f3s os protegemos com a\u00e7\u00f5es simples como limpar os vegetais antes de cozinh\u00e1-los ou lavar as m\u00e3os toda vez que vamos comer alguma coisa. Porque? O que protegemos ao realizar essas a\u00e7\u00f5es? Algo de natureza fundamental e que \u00e9 o valor mais precioso da nossa empresa.<\/p><p><strong>Dermo SA,<\/strong>\u00a0<strong>f\u00e1brica<\/strong>\u00a0e<strong>\u00a0laborat\u00f3rio de detergentes<\/strong>, ambos para um uso\u00a0<strong>dom\u00e9stico<\/strong>\u00a0como, especialmente, no campo\u00a0<strong>industrial<\/strong>; \u00c9 uma empresa constitu\u00edda por um conjunto humano de grandes profissionais, que asseguram, como dissemos, a cobertura destas necessidades essenciais da\u00a0<strong>limpeza<\/strong>\u00a0e o\u00a0<strong>higiene,<\/strong>\u00a0Depois de mais de 25 anos fornecendo aos nossos clientes os melhores produtos\u00a0<strong>detergentes<\/strong>\u00a0e acess\u00f3rios e complementos. De car\u00e1ter familiar e pr\u00f3ximo, em\u00a0<strong>Dermo SA<\/strong>\u00a0Estamos cientes da import\u00e2ncia de ver essas necessidades essenciais atendidas, por meio de servi\u00e7os correspondentes e a\u00e7\u00f5es pertinentes, com um compromisso firme.\u00a0<\/p>\t\t\t\t\t\t\t\t<\/div>\n\t\t\t\t<\/div>\n\t\t\t\t\t<\/div>\n\t\t<\/div>\n\t\t\t\t<div class=\"elementor-column elementor-col-50 elementor-inner-column elementor-element elementor-element-3c84353 elementor-invisible\" data-id=\"3c84353\" data-element_type=\"column\" data-e-type=\"column\" data-settings=\"{&quot;animation&quot;:&quot;bounceInRight&quot;}\">\n\t\t\t<div class=\"elementor-widget-wrap elementor-element-populated\">\n\t\t\t\t\t\t<div class=\"elementor-element elementor-element-7e245c8 elementor-widget__width-initial elementor-widget elementor-widget-elementskit-contact-form7\" data-id=\"7e245c8\" data-element_type=\"widget\" data-e-type=\"widget\" data-widget_type=\"elementskit-contact-form7.default\">\n\t\t\t\t<div class=\"elementor-widget-container\">\n\t\t\t\t\t<div class=\"ekit-wid-con\" ><div class=\"ekit-form\">\n<div class=\"wpcf7 no-js\" id=\"wpcf7-f13292-o1\" lang=\"es-ES\" dir=\"ltr\" data-wpcf7-id=\"13292\">\n<div class=\"screen-reader-response\"><p role=\"status\" aria-live=\"polite\" aria-atomic=\"true\"><\/p> <ul><\/ul><\/div>\n<form action=\"\/en\/wp-json\/wp\/v2\/pages\/12460#wpcf7-f13292-o1\" method=\"post\" class=\"wpcf7-form init\" aria-label=\"Formul\u00e1rio de contato\" novalidate=\"novalidate\" data-status=\"init\" data-trp-original-action=\"\/en\/wp-json\/wp\/v2\/pages\/12460#wpcf7-f13292-o1\">\n<fieldset class=\"hidden-fields-container\"><input type=\"hidden\" name=\"_wpcf7\" value=\"13292\" \/><input type=\"hidden\" name=\"_wpcf7_version\" value=\"6.1.5\" \/><input type=\"hidden\" name=\"_wpcf7_locale\" value=\"es_ES\" \/><input type=\"hidden\" name=\"_wpcf7_unit_tag\" value=\"wpcf7-f13292-o1\" \/><input type=\"hidden\" name=\"_wpcf7_container_post\" value=\"0\" \/><input type=\"hidden\" name=\"_wpcf7_posted_data_hash\" value=\"\" \/><input type=\"hidden\" name=\"_wpcf7_recaptcha_response\" value=\"\" \/>\n<\/fieldset>\n<div style=\"display: flex; gap: 10px;\">\n\t<div style=\"width: 50%;\">\n\t\t<p><span class=\"wpcf7-form-control-wrap\" data-name=\"your-name\"><input size=\"40\" maxlength=\"400\" class=\"wpcf7-form-control wpcf7-text wpcf7-validates-as-required\" aria-required=\"true\" aria-invalid=\"false\" placeholder=\"Nome\" value=\"\" type=\"text\" name=\"your-name\" \/><\/span>\n\t\t<\/p>\n\t<\/div>\n\t<div style=\"width: 50%;\">\n\t\t<p><span class=\"wpcf7-form-control-wrap\" data-name=\"your-phone\"><input size=\"40\" maxlength=\"400\" class=\"wpcf7-form-control wpcf7-tel wpcf7-validates-as-required wpcf7-text wpcf7-validates-as-tel\" aria-required=\"true\" aria-invalid=\"false\" placeholder=\"Telefone\" value=\"\" type=\"tel\" name=\"your-phone\" \/><\/span>\n\t\t<\/p>\n\t<\/div>\n<\/div>\n<p><span class=\"wpcf7-form-control-wrap\" data-name=\"your-email\"><input size=\"40\" maxlength=\"400\" class=\"wpcf7-form-control wpcf7-email wpcf7-validates-as-required wpcf7-text wpcf7-validates-as-email\" aria-required=\"true\" aria-invalid=\"false\" placeholder=\"E-mail\" value=\"\" type=\"email\" name=\"your-email\" \/><\/span>\n<\/p>\n<div style=\"display: flex; gap: 10px;\">\n\t<div style=\"width: 50%;\">\n\t\t<p><span class=\"wpcf7-form-control-wrap\" data-name=\"your-country\"><input size=\"40\" maxlength=\"400\" class=\"wpcf7-form-control wpcf7-text wpcf7-validates-as-required\" aria-required=\"true\" aria-invalid=\"false\" placeholder=\"Pa\u00eds\" value=\"\" type=\"text\" name=\"your-country\" \/><\/span>\n\t\t<\/p>\n\t<\/div>\n\t<div style=\"width: 50%;\">\n\t\t<p><span class=\"wpcf7-form-control-wrap\" data-name=\"your-city\"><input size=\"40\" maxlength=\"400\" class=\"wpcf7-form-control wpcf7-text wpcf7-validates-as-required\" aria-required=\"true\" aria-invalid=\"false\" placeholder=\"Popula\u00e7\u00e3o\" value=\"\" type=\"text\" name=\"your-city\" \/><\/span>\n\t\t<\/p>\n\t<\/div>\n<\/div>\n<p><span class=\"wpcf7-form-control-wrap\" data-name=\"your-subject\"><select class=\"wpcf7-form-control wpcf7-select\" aria-invalid=\"false\" name=\"your-subject\"><option value=\"Quiero ser distribuidor\">Quero ser um distribuidor<\/option><option value=\"Presupuesto\">Or\u00e7amento<\/option><option value=\"Consulta\">Consulta<\/option><option value=\"Sugerencia\">Sugest\u00e3o<\/option><option value=\"Otros\">Outros<\/option><\/select><\/span>\n<\/p>\n<p><span class=\"wpcf7-form-control-wrap\" data-name=\"your-message\"><textarea cols=\"40\" rows=\"10\" maxlength=\"2000\" class=\"wpcf7-form-control wpcf7-textarea\" aria-invalid=\"false\" placeholder=\"Mensagem ou consulta\" name=\"your-message\"><\/textarea><\/span>\n<\/p>\n<div style=\"display: flex; align-items: center; gap: 10px;\">\n\t<p><span class=\"wpcf7-form-control-wrap\" data-name=\"privacy-policy\"><span class=\"wpcf7-form-control wpcf7-acceptance\"><span class=\"wpcf7-list-item\"><input type=\"checkbox\" name=\"privacy-policy\" value=\"1\" aria-invalid=\"false\" \/><\/span><\/span><\/span><label for=\"privacy-policy\" style=\"margin-left: 5px;\">Li e aceito a pol\u00edtica de privacidade.<\/label>\n\t<\/p>\n<\/div>\n<div style=\"display: flex; align-items: center; gap: 10px;\">\n\t<p><span class=\"wpcf7-form-control-wrap\" data-name=\"send-info\"><span class=\"wpcf7-form-control wpcf7-acceptance\"><span class=\"wpcf7-list-item\"><input type=\"checkbox\" name=\"send-info\" value=\"1\" aria-invalid=\"false\" \/><\/span><\/span><\/span><label for=\"send-info\" style=\"margin-left: 5px;\">Concordo em receber informa\u00e7\u00f5es.<\/label>\n\t<\/p>\n<\/div>\n<p><input class=\"wpcf7-form-control wpcf7-submit has-spinner\" type=\"submit\" value=\"Enviar\" \/>\n<\/p><div class=\"wpcf7-response-output\" aria-hidden=\"true\"><\/div>\n<input type=\"hidden\" name=\"trp-form-language\" value=\"pt\"\/><\/form>\n<\/div>\n<\/div><\/div>\t\t\t\t<\/div>\n\t\t\t\t<\/div>\n\t\t\t\t\t<\/div>\n\t\t<\/div>\n\t\t\t\t\t<\/div>\n\t\t<\/section>\n\t\t\t\t<div class=\"elementor-element elementor-element-615d68f elementor-widget elementor-widget-text-editor\" data-id=\"615d68f\" data-element_type=\"widget\" data-e-type=\"widget\" data-widget_type=\"text-editor.default\">\n\t\t\t\t<div class=\"elementor-widget-container\">\n\t\t\t\t\t\t\t\t\t<div id=\"lipsum\"><p>Gra\u00e7as ao desenvolvimento de uma atividade em constante evolu\u00e7\u00e3o, progredindo nos m\u00e9todos utilizados e utilizando os materiais e produtos mais inovadores do mercado,\u00a0<strong>Dermo SA<\/strong>\u00a0Conseguimos nos estabelecer como refer\u00eancia e transformar nossa\u00a0<strong>laborat\u00f3rio<\/strong>\u00a0de\u00a0<strong>detergentes<\/strong>\u00a0num lugar \u00fanico de cria\u00e7\u00e3o e fabrico de produtos: polidores, limpadores multiusos, desengordurantes, desincrustantes... Todos eles\u00a0<strong>detergentes<\/strong>\u00a0e produtos de qualidade insuper\u00e1vel, seguindo os gostos e prefer\u00eancias dos nossos clientes, e testados para atender a legisla\u00e7\u00e3o vigente estabelecida, atendendo \u00e0s necessidades do nosso p\u00fablico em\u00a0<strong>limpeza<\/strong>\u00a0e\u00a0<strong>higiene<\/strong>, para o setor\u00a0<strong>industrial<\/strong>.<\/p><p>Ao fabricar nossos pr\u00f3prios produtos, podemos certificar que oferecemos aos nossos clientes o resultado final que eles desejam, com as caracter\u00edsticas e propriedades espec\u00edficas que eles determinam em cada caso.\u00a0<strong>detergente<\/strong>, amaciante ou limpador de roupas\u00a0<strong>industrial<\/strong>\u00a0espec\u00edfico; sem descurar a sua qualidade e a sua principal fun\u00e7\u00e3o: satisfazer as necessidades\u00a0<strong>limpeza<\/strong>\u00a0e\u00a0<strong>higiene<\/strong>. Em nosso\u00a0<strong>laborat\u00f3rio<\/strong>, uma equipe de profissionais altamente qualificados e experientes em an\u00e1lise e cria\u00e7\u00e3o de produtos; trabalha incansavelmente para encontrar as f\u00f3rmulas que ir\u00e3o desenvolver o\u00a0<strong>detergente<\/strong>, ou qualquer outro produto feito em\u00a0<strong>Dermo SA<\/strong>, que responde \u00e0s demandas dos nossos clientes.<\/p><p>Qualidade, comprometimento, responsabilidade, familiaridade, efici\u00eancia\u2026 Em\u00a0<strong>Dermo SA<\/strong>. Sentimos profundo respeito pelo trabalho importante que fazemos. Se voc\u00ea est\u00e1 procurando sua empresa de confian\u00e7a e\u00a0<strong>f\u00e1brica de detergentes e laborat\u00f3rio<\/strong>, onde desenvolver produtos incompar\u00e1veis de\u00a0<strong>limpeza<\/strong>\u00a0e\u00a0<strong>higiene\u00a0<\/strong>para o setor\u00a0<strong>industrial<\/strong>, n\u00e3o hesite em nos colocar quaisquer quest\u00f5es que tenha relativamente \u00e0 atividade que desenvolvemos\u00a0<strong>Dermo SA<\/strong><\/p><\/div>\t\t\t\t\t\t\t\t<\/div>\n\t\t\t\t<\/div>\n\t\t\t\t\t<\/div>\n\t\t<\/div>\n\t\t\t\t\t<\/div>\n\t\t<\/section>\n\t\t\t\t<section class=\"elementor-section elementor-top-section elementor-element elementor-element-484f41e elementor-section-full_width elementor-section-height-default elementor-section-height-default elementor-invisible\" data-id=\"484f41e\" data-element_type=\"section\" data-e-type=\"section\" data-settings=\"{&quot;animation&quot;:&quot;slideInUp&quot;}\">\n\t\t\t\t\t\t<div class=\"elementor-container elementor-column-gap-default\">\n\t\t\t\t\t<div class=\"elementor-column elementor-col-100 elementor-top-column elementor-element elementor-element-19948363\" data-id=\"19948363\" data-element_type=\"column\" data-e-type=\"column\">\n\t\t\t<div class=\"elementor-widget-wrap elementor-element-populated\">\n\t\t\t\t\t\t<div class=\"elementor-element elementor-element-339044a4 elementor-widget elementor-widget-google_maps\" data-id=\"339044a4\" data-element_type=\"widget\" data-e-type=\"widget\" data-widget_type=\"google_maps.default\">\n\t\t\t\t<div class=\"elementor-widget-container\">\n\t\t\t\t\t\t\t<div class=\"elementor-custom-embed\">\n\t\t\t<iframe loading=\"lazy\"\n\t\t\t\t\tsrc=\"https:\/\/maps.google.com\/maps?q=C%2F%20Pintor%20Joan%20Miro%2C%2016.%20Pol.%20Ind.%20Can%20Humet%20de%20Dalt%2C%2008213%20Poliny%C3%A0.%20Barcelona&#038;t=m&#038;z=15&#038;output=embed&#038;iwloc=near\"\n\t\t\t\t\ttitle=\"C\/ Pintor Joan Miro, 16. Pol. Ind. Can Humet de Dalt, 08213 Poliny\u00e0. Barcelona\"\n\t\t\t\t\taria-label=\"C\/ Pintor Joan Miro, 16. Pol. Ind. Can Humet de Dalt, 08213 Poliny\u00e0. Barcelona\"\n\t\t\t><\/iframe>\n\t\t<\/div>\n\t\t\t\t\t\t<\/div>\n\t\t\t\t<\/div>\n\t\t\t\t\t<\/div>\n\t\t<\/div>\n\t\t\t\t\t<\/div>\n\t\t<\/section>\n\t\t\t\t<\/div>","protected":false},"excerpt":{"rendered":"<p>Uma das principais preocupa\u00e7\u00f5es de cada pessoa neste mundo \u00e9 a satisfa\u00e7\u00e3o das nossas necessidades mais b\u00e1sicas e vitais. Essas s\u00e3o as exig\u00eancias que a pr\u00f3pria vida nos imp\u00f5e para enfrentarmos as dificuldades e os obst\u00e1culos que coloca em nosso caminho, super\u00e1-los e nos tornarmos...&nbsp;<a href=\"https:\/\/dermo.com\/pt\/detergentes-industriais-laboratorio\/\" rel=\"bookmark\">Ler mais \u00bb<span class=\"screen-reader-text\">Laborat\u00f3rio de Detergentes Industriais<\/span><\/a><\/p>","protected":false},"author":2,"featured_media":0,"parent":0,"menu_order":0,"comment_status":"closed","ping_status":"closed","template":"page-templates\/template-pagebuilder-full-width.php","meta":{"neve_meta_sidebar":"","neve_meta_container":"","neve_meta_enable_content_width":"","neve_meta_content_width":0,"neve_meta_title_alignment":"","neve_meta_author_avatar":"","neve_post_elements_order":"","neve_meta_disable_header":"","neve_meta_disable_footer":"","neve_meta_disable_title":"","footnotes":""},"class_list":["post-12460","page","type-page","status-publish","hentry"],"yoast_head":"<!-- This site is optimized with the Yoast SEO plugin v27.0 - https:\/\/yoast.com\/product\/yoast-seo-wordpress\/ -->\n<title>Laboratorio de Detergentes Industriales - Dermo | F\u00e1brica de detergentes<\/title>\n<meta name=\"robots\" content=\"index, follow, max-snippet:-1, max-image-preview:large, max-video-preview:-1\" \/>\n<link rel=\"canonical\" href=\"https:\/\/dermo.com\/pt\/detergentes-industriais-laboratorio\/\" \/>\n<meta property=\"og:locale\" content=\"pt_PT\" \/>\n<meta property=\"og:type\" content=\"article\" \/>\n<meta property=\"og:title\" content=\"Laboratorio de Detergentes Industriales - Dermo | F\u00e1brica de detergentes\" \/>\n<meta property=\"og:description\" content=\"Una de las principales preocupaciones que ata\u00f1en a todas y cada una de las personas que integramos este mundo, es el cubrimiento de nuestras necesidades vitales y m\u00e1s primarias. Exigencias que la propia vida nos reclama para hacer frente a las dificultades e impedimentos que la misma pone en nuestro camino, para superarlos y hacernos&hellip;&nbsp;Ler mais &raquo;Laboratorio de Detergentes Industriales\" \/>\n<meta property=\"og:url\" content=\"https:\/\/dermo.com\/pt\/detergentes-industriais-laboratorio\/\" \/>\n<meta property=\"og:site_name\" content=\"Dermo | F\u00e1brica de detergentes\" \/>\n<meta property=\"article:modified_time\" content=\"2025-02-19T11:08:35+00:00\" \/>\n<meta name=\"twitter:card\" content=\"summary_large_image\" \/>\n<meta name=\"twitter:label1\" content=\"Tempo estimado de leitura\" \/>\n\t<meta name=\"twitter:data1\" content=\"3 minutos\" \/>\n<script type=\"application\/ld+json\" class=\"yoast-schema-graph\">{\"@context\":\"https:\/\/schema.org\",\"@graph\":[{\"@type\":\"WebPage\",\"@id\":\"https:\/\/dermo.com\/laboratorio-de-detergentes-industriales\/\",\"url\":\"https:\/\/dermo.com\/laboratorio-de-detergentes-industriales\/\",\"name\":\"Laboratorio de Detergentes Industriales - Dermo | F\u00e1brica de detergentes\",\"isPartOf\":{\"@id\":\"https:\/\/dermo.com\/#website\"},\"datePublished\":\"2025-01-30T11:37:53+00:00\",\"dateModified\":\"2025-02-19T11:08:35+00:00\",\"breadcrumb\":{\"@id\":\"https:\/\/dermo.com\/laboratorio-de-detergentes-industriales\/#breadcrumb\"},\"inLanguage\":\"pt-PT\",\"potentialAction\":[{\"@type\":\"ReadAction\",\"target\":[\"https:\/\/dermo.com\/laboratorio-de-detergentes-industriales\/\"]}]},{\"@type\":\"BreadcrumbList\",\"@id\":\"https:\/\/dermo.com\/laboratorio-de-detergentes-industriales\/#breadcrumb\",\"itemListElement\":[{\"@type\":\"ListItem\",\"position\":1,\"name\":\"Portada\",\"item\":\"https:\/\/dermo.com\/\"},{\"@type\":\"ListItem\",\"position\":2,\"name\":\"Laboratorio de Detergentes Industriales\"}]},{\"@type\":\"WebSite\",\"@id\":\"https:\/\/dermo.com\/#website\",\"url\":\"https:\/\/dermo.com\/\",\"name\":\"Dermo | F\u00e1brica de detergentes\",\"description\":\"Tecnolog\u00eda avanzada, investigaci\u00f3n y desarrollo, respeto por el medio ambiente, competencia, formaci\u00f3n constante y alto nivel de profesionalidad en nuestro equipo humano, empe\u00f1ado en preservar la calidad de vida, la protecci\u00f3n del entorno natural contin\u00faan motiv\u00e1ndonos para desarrollar en nuestros laboratorios nuevos productos con ingredientes activos altamente biodegradables que hacen posible un desarrollo sostenible.\",\"potentialAction\":[{\"@type\":\"SearchAction\",\"target\":{\"@type\":\"EntryPoint\",\"urlTemplate\":\"https:\/\/dermo.com\/?s={search_term_string}\"},\"query-input\":{\"@type\":\"PropertyValueSpecification\",\"valueRequired\":true,\"valueName\":\"search_term_string\"}}],\"inLanguage\":\"pt-PT\"}]}<\/script>\n<!-- \/ Yoast SEO plugin. -->","yoast_head_json":{"title":"Laborat\u00f3rio de Detergentes Industriais - Dermo | F\u00e1brica de detergentes","robots":{"index":"index","follow":"follow","max-snippet":"max-snippet:-1","max-image-preview":"max-image-preview:large","max-video-preview":"max-video-preview:-1"},"canonical":"https:\/\/dermo.com\/pt\/detergentes-industriais-laboratorio\/","og_locale":"pt_PT","og_type":"article","og_title":"Laboratorio de Detergentes Industriales - Dermo | F\u00e1brica de detergentes","og_description":"Una de las principales preocupaciones que ata\u00f1en a todas y cada una de las personas que integramos este mundo, es el cubrimiento de nuestras necesidades vitales y m\u00e1s primarias. Exigencias que la propia vida nos reclama para hacer frente a las dificultades e impedimentos que la misma pone en nuestro camino, para superarlos y hacernos&hellip;&nbsp;Ler mais &raquo;Laboratorio de Detergentes Industriales","og_url":"https:\/\/dermo.com\/pt\/detergentes-industriais-laboratorio\/","og_site_name":"Dermo | F\u00e1brica de detergentes","article_modified_time":"2025-02-19T11:08:35+00:00","twitter_card":"summary_large_image","twitter_misc":{"Tempo estimado de leitura":"3 minutos"},"schema":{"@context":"https:\/\/schema.org","@graph":[{"@type":"WebPage","@id":"https:\/\/dermo.com\/laboratorio-de-detergentes-industriales\/","url":"https:\/\/dermo.com\/laboratorio-de-detergentes-industriales\/","name":"Laborat\u00f3rio de Detergentes Industriais - Dermo | F\u00e1brica de detergentes","isPartOf":{"@id":"https:\/\/dermo.com\/#website"},"datePublished":"2025-01-30T11:37:53+00:00","dateModified":"2025-02-19T11:08:35+00:00","breadcrumb":{"@id":"https:\/\/dermo.com\/laboratorio-de-detergentes-industriales\/#breadcrumb"},"inLanguage":"pt-PT","potentialAction":[{"@type":"ReadAction","target":["https:\/\/dermo.com\/laboratorio-de-detergentes-industriales\/"]}]},{"@type":"BreadcrumbList","@id":"https:\/\/dermo.com\/laboratorio-de-detergentes-industriales\/#breadcrumb","itemListElement":[{"@type":"ListItem","position":1,"name":"Portada","item":"https:\/\/dermo.com\/"},{"@type":"ListItem","position":2,"name":"Laboratorio de Detergentes Industriales"}]},{"@type":"WebSite","@id":"https:\/\/dermo.com\/#website","url":"https:\/\/dermo.com\/","name":"Dermo | f\u00e1brica de detergentes","description":"A tecnologia avan\u00e7ada, a investiga\u00e7\u00e3o e desenvolvimento, o respeito pelo ambiente, a compet\u00eancia, a forma\u00e7\u00e3o constante e o elevado n\u00edvel de profissionalismo da nossa equipa humana, comprometida com a preserva\u00e7\u00e3o da qualidade de vida, a protec\u00e7\u00e3o do ambiente natural continuam a motivar-nos a desenvolver novos produtos nos nossos laborat\u00f3rios com princ\u00edpios ativos altamente biodegrad\u00e1veis que possibilitam o desenvolvimento sustent\u00e1vel.","potentialAction":[{"@type":"SearchAction","target":{"@type":"EntryPoint","urlTemplate":"https:\/\/dermo.com\/?s={search_term_string}"},"query-input":{"@type":"PropertyValueSpecification","valueRequired":true,"valueName":"search_term_string"}}],"inLanguage":"pt-PT"}]}},"_links":{"self":[{"href":"https:\/\/dermo.com\/pt\/wp-json\/wp\/v2\/pages\/12460","targetHints":{"allow":["GET"]}}],"collection":[{"href":"https:\/\/dermo.com\/pt\/wp-json\/wp\/v2\/pages"}],"about":[{"href":"https:\/\/dermo.com\/pt\/wp-json\/wp\/v2\/types\/page"}],"author":[{"embeddable":true,"href":"https:\/\/dermo.com\/pt\/wp-json\/wp\/v2\/users\/2"}],"replies":[{"embeddable":true,"href":"https:\/\/dermo.com\/pt\/wp-json\/wp\/v2\/comments?post=12460"}],"version-history":[{"count":7,"href":"https:\/\/dermo.com\/pt\/wp-json\/wp\/v2\/pages\/12460\/revisions"}],"predecessor-version":[{"id":13599,"href":"https:\/\/dermo.com\/pt\/wp-json\/wp\/v2\/pages\/12460\/revisions\/13599"}],"wp:attachment":[{"href":"https:\/\/dermo.com\/pt\/wp-json\/wp\/v2\/media?parent=12460"}],"curies":[{"name":"wp","href":"https:\/\/api.w.org\/{rel}","templated":true}]}}