{"id":12461,"date":"2025-01-30T12:37:59","date_gmt":"2025-01-30T11:37:59","guid":{"rendered":"https:\/\/dermo.com\/?page_id=12461"},"modified":"2025-02-19T12:33:44","modified_gmt":"2025-02-19T11:33:44","slug":"fornecedor-de-amaciante-de-roupas","status":"publish","type":"page","link":"https:\/\/dermo.com\/pt\/fornecedor-de-amaciante-de-roupas\/","title":{"rendered":"Fornecedor de amaciante de roupas"},"content":{"rendered":"<div data-elementor-type=\"wp-page\" data-elementor-id=\"12461\" class=\"elementor elementor-12461\" data-elementor-post-type=\"page\">\n\t\t\t\t\t\t<section class=\"elementor-section elementor-top-section elementor-element elementor-element-a02683f elementor-section-boxed elementor-section-height-default elementor-section-height-default\" data-id=\"a02683f\" data-element_type=\"section\" data-e-type=\"section\" data-settings=\"{&quot;background_background&quot;:&quot;classic&quot;}\">\n\t\t\t\t\t\t\t<div class=\"elementor-background-overlay\"><\/div>\n\t\t\t\t\t\t\t<div class=\"elementor-container elementor-column-gap-default\">\n\t\t\t\t\t<div class=\"elementor-column elementor-col-100 elementor-top-column elementor-element elementor-element-f99dbff\" data-id=\"f99dbff\" data-element_type=\"column\" data-e-type=\"column\">\n\t\t\t<div class=\"elementor-widget-wrap elementor-element-populated\">\n\t\t\t\t\t\t\t<\/div>\n\t\t<\/div>\n\t\t\t\t\t<\/div>\n\t\t<\/section>\n\t\t\t\t<section class=\"elementor-section elementor-top-section elementor-element elementor-element-233ad3a4 elementor-section-boxed elementor-section-height-default elementor-section-height-default\" data-id=\"233ad3a4\" data-element_type=\"section\" data-e-type=\"section\">\n\t\t\t\t\t\t<div class=\"elementor-container elementor-column-gap-default\">\n\t\t\t\t\t<div class=\"elementor-column elementor-col-100 elementor-top-column elementor-element elementor-element-3244e578\" data-id=\"3244e578\" data-element_type=\"column\" data-e-type=\"column\">\n\t\t\t<div class=\"elementor-widget-wrap elementor-element-populated\">\n\t\t\t\t\t\t<section class=\"elementor-section elementor-inner-section elementor-element elementor-element-1a7040c2 elementor-section-content-middle elementor-section-boxed elementor-section-height-default elementor-section-height-default\" data-id=\"1a7040c2\" data-element_type=\"section\" data-e-type=\"section\">\n\t\t\t\t\t\t<div class=\"elementor-container elementor-column-gap-default\">\n\t\t\t\t\t<div class=\"elementor-column elementor-col-50 elementor-inner-column elementor-element elementor-element-58338543\" data-id=\"58338543\" data-element_type=\"column\" data-e-type=\"column\">\n\t\t\t<div class=\"elementor-widget-wrap elementor-element-populated\">\n\t\t\t\t\t\t<div class=\"elementor-element elementor-element-464b2e11 elementor-widget elementor-widget-text-editor\" data-id=\"464b2e11\" data-element_type=\"widget\" data-e-type=\"widget\" data-widget_type=\"text-editor.default\">\n\t\t\t\t<div class=\"elementor-widget-container\">\n\t\t\t\t\t\t\t\t\t<p><strong>DERMO\u00a0<\/strong>\u00c9 seu\u00a0<strong>fornecedor de amaciante de roupas<\/strong>, oferecendo-lhe uma ampla gama de\u00a0<strong>amaciadores<\/strong>\u00a0para todos os tipos de tecidos. O\u00a0<strong>amaciadores t\u00eaxteis<\/strong>\u00a0 de\u00a0<strong>DERMO\u00a0<\/strong>Eles proporcionam maciez e frescor \u00e0s roupas, dando um aroma caracter\u00edstico a todas as suas roupas e, por fim, a voc\u00ea mesmo, j\u00e1 que o aroma que exalam tamb\u00e9m afeta sua imagem. A passagem constante das roupas pela m\u00e1quina de lavar faz com que, com o tempo, o atrito mec\u00e2nico e a dureza da \u00e1gua afetem os tecidos e as roupas acabem ficando \u00e1speras, perdendo sua textura inicial. \u00c9 por isso que um bom\u00a0<strong>amaciante<\/strong>\u00a0Deve manter um toque agrad\u00e1vel dos tecidos e proporcionar um aroma atraente.\u00a0<strong>DERMO \u00e9 o fornecedor de amaciantes<\/strong>\u00a0que lhe oferece\u00a0<strong>Amaciantes de tecidos delicados com aroma agrad\u00e1vel<\/strong>, que deixar\u00e1 suas roupas com apar\u00eancia de novas, como no primeiro dia.<\/p><p>O<strong>\u00a0amaciadores<\/strong>\u00a0de\u00a0<strong>DERMO<\/strong>\u00a0Eles podem transformar a textura das roupas se usarmos o produto certo e na quantidade certa. Existem para todos os tipos de roupas e tecidos. Em\u00a0<strong>Fornecedor de amaciante DERMO<\/strong>\u00a0Queremos apresentar-lhe algumas op\u00e7\u00f5es, todas de alt\u00edssima qualidade, para que possa obter o melhor\u00a0<strong>amaciante<\/strong>\u00a0que melhor se adapta a voc\u00ea e \u00e0s suas roupas, len\u00e7\u00f3is, toalhas ou qualquer outra fibra. Em\u00a0<strong>Fornecedor de amaciante DERMO<\/strong>\u00a0Oferecemos-lhe diferentes\u00a0<a href=\"https:\/\/dermo.com\/pt\/catalogo\/es\/buscar\/?orderby=position&amp;orderway=desc&amp;search_query=Presto\"><strong>tipos de amaciantes de roupas<\/strong><\/a>, e todos eles ajudam a facilitar a secagem e a passagem a ferro e tamb\u00e9m repelem a sujeira. O<strong>\u00a0Amaciadores DERMO<\/strong>\u00a0Eles prolongam a vida \u00fatil do tecido e evitam a forma\u00e7\u00e3o de mofo e umidade nas roupas armazenadas, deixando-as agradavelmente perfumadas. O\u00a0<strong>Amaciadores DERMO<\/strong>\u00a0Eles s\u00e3o Presto Energy, Suavil, Presto Fresh e Presto.<\/p>\t\t\t\t\t\t\t\t<\/div>\n\t\t\t\t<\/div>\n\t\t\t\t\t<\/div>\n\t\t<\/div>\n\t\t\t\t<div class=\"elementor-column elementor-col-50 elementor-inner-column elementor-element elementor-element-927eda5 elementor-invisible\" data-id=\"927eda5\" data-element_type=\"column\" data-e-type=\"column\" data-settings=\"{&quot;animation&quot;:&quot;bounceInRight&quot;}\">\n\t\t\t<div class=\"elementor-widget-wrap elementor-element-populated\">\n\t\t\t\t\t\t<div class=\"elementor-element elementor-element-60ed25f elementor-widget__width-initial elementor-widget elementor-widget-elementskit-contact-form7\" data-id=\"60ed25f\" data-element_type=\"widget\" data-e-type=\"widget\" data-widget_type=\"elementskit-contact-form7.default\">\n\t\t\t\t<div class=\"elementor-widget-container\">\n\t\t\t\t\t<div class=\"ekit-wid-con\" ><div class=\"ekit-form\">\n<div class=\"wpcf7 no-js\" id=\"wpcf7-f13292-p12461-o1\" lang=\"es-ES\" dir=\"ltr\" data-wpcf7-id=\"13292\">\n<div class=\"screen-reader-response\"><p role=\"status\" aria-live=\"polite\" aria-atomic=\"true\"><\/p> <ul><\/ul><\/div>\n<form action=\"\/pt\/fornecedor-de-amaciante-de-roupas\/#wpcf7-f13292-p12461-o1\" method=\"post\" class=\"wpcf7-form init\" aria-label=\"Formulario de contacto\" novalidate=\"novalidate\" data-status=\"init\" data-no-translation-aria-label=\"\" data-trp-original-action=\"\/en\/proveedor-de-suavizantes\/#wpcf7-f13292-p12461-o1\">\n<fieldset class=\"hidden-fields-container\"><input type=\"hidden\" name=\"_wpcf7\" value=\"13292\" \/><input type=\"hidden\" name=\"_wpcf7_version\" value=\"6.1.5\" \/><input type=\"hidden\" name=\"_wpcf7_locale\" value=\"es_ES\" \/><input type=\"hidden\" name=\"_wpcf7_unit_tag\" value=\"wpcf7-f13292-p12461-o1\" \/><input type=\"hidden\" name=\"_wpcf7_container_post\" value=\"12461\" \/><input type=\"hidden\" name=\"_wpcf7_posted_data_hash\" value=\"\" \/><input type=\"hidden\" name=\"_wpcf7_recaptcha_response\" value=\"\" \/>\n<\/fieldset>\n<div style=\"display: flex; gap: 10px;\">\n\t<div style=\"width: 50%;\">\n\t\t<p><span class=\"wpcf7-form-control-wrap\" data-name=\"your-name\"><input size=\"40\" maxlength=\"400\" class=\"wpcf7-form-control wpcf7-text wpcf7-validates-as-required\" aria-required=\"true\" aria-invalid=\"false\" placeholder=\"Nome\" value=\"\" type=\"text\" name=\"your-name\" \/><\/span>\n\t\t<\/p>\n\t<\/div>\n\t<div style=\"width: 50%;\">\n\t\t<p><span class=\"wpcf7-form-control-wrap\" data-name=\"your-phone\"><input size=\"40\" maxlength=\"400\" class=\"wpcf7-form-control wpcf7-tel wpcf7-validates-as-required wpcf7-text wpcf7-validates-as-tel\" aria-required=\"true\" aria-invalid=\"false\" placeholder=\"Telefone\" value=\"\" type=\"tel\" name=\"your-phone\" \/><\/span>\n\t\t<\/p>\n\t<\/div>\n<\/div>\n<p><span class=\"wpcf7-form-control-wrap\" data-name=\"your-email\"><input size=\"40\" maxlength=\"400\" class=\"wpcf7-form-control wpcf7-email wpcf7-validates-as-required wpcf7-text wpcf7-validates-as-email\" aria-required=\"true\" aria-invalid=\"false\" placeholder=\"E-mail\" value=\"\" type=\"email\" name=\"your-email\" \/><\/span>\n<\/p>\n<div style=\"display: flex; gap: 10px;\">\n\t<div style=\"width: 50%;\">\n\t\t<p><span class=\"wpcf7-form-control-wrap\" data-name=\"your-country\"><input size=\"40\" maxlength=\"400\" class=\"wpcf7-form-control wpcf7-text wpcf7-validates-as-required\" aria-required=\"true\" aria-invalid=\"false\" placeholder=\"Pa\u00eds\" value=\"\" type=\"text\" name=\"your-country\" \/><\/span>\n\t\t<\/p>\n\t<\/div>\n\t<div style=\"width: 50%;\">\n\t\t<p><span class=\"wpcf7-form-control-wrap\" data-name=\"your-city\"><input size=\"40\" maxlength=\"400\" class=\"wpcf7-form-control wpcf7-text wpcf7-validates-as-required\" aria-required=\"true\" aria-invalid=\"false\" placeholder=\"Popula\u00e7\u00e3o\" value=\"\" type=\"text\" name=\"your-city\" \/><\/span>\n\t\t<\/p>\n\t<\/div>\n<\/div>\n<p><span class=\"wpcf7-form-control-wrap\" data-name=\"your-subject\"><select class=\"wpcf7-form-control wpcf7-select\" aria-invalid=\"false\" name=\"your-subject\"><option value=\"Quiero ser distribuidor\">Quero ser um distribuidor<\/option><option value=\"Presupuesto\">Or\u00e7amento<\/option><option value=\"Consulta\">Consulta<\/option><option value=\"Sugerencia\">Sugest\u00e3o<\/option><option value=\"Otros\">Outros<\/option><\/select><\/span>\n<\/p>\n<p><span class=\"wpcf7-form-control-wrap\" data-name=\"your-message\"><textarea cols=\"40\" rows=\"10\" maxlength=\"2000\" class=\"wpcf7-form-control wpcf7-textarea\" aria-invalid=\"false\" placeholder=\"Mensagem ou consulta\" name=\"your-message\"><\/textarea><\/span>\n<\/p>\n<div style=\"display: flex; align-items: center; gap: 10px;\">\n\t<p><span class=\"wpcf7-form-control-wrap\" data-name=\"privacy-policy\"><span class=\"wpcf7-form-control wpcf7-acceptance\"><span class=\"wpcf7-list-item\"><input type=\"checkbox\" name=\"privacy-policy\" value=\"1\" aria-invalid=\"false\" \/><\/span><\/span><\/span><label for=\"privacy-policy\" style=\"margin-left: 5px;\">Li e aceito a pol\u00edtica de privacidade.<\/label>\n\t<\/p>\n<\/div>\n<div style=\"display: flex; align-items: center; gap: 10px;\">\n\t<p><span class=\"wpcf7-form-control-wrap\" data-name=\"send-info\"><span class=\"wpcf7-form-control wpcf7-acceptance\"><span class=\"wpcf7-list-item\"><input type=\"checkbox\" name=\"send-info\" value=\"1\" aria-invalid=\"false\" \/><\/span><\/span><\/span><label for=\"send-info\" style=\"margin-left: 5px;\">Concordo em receber informa\u00e7\u00f5es.<\/label>\n\t<\/p>\n<\/div>\n<p><input class=\"wpcf7-form-control wpcf7-submit has-spinner\" type=\"submit\" value=\"Enviar\" \/>\n<\/p><div class=\"wpcf7-response-output\" aria-hidden=\"true\"><\/div>\n<input type=\"hidden\" name=\"trp-form-language\" value=\"pt\"\/><\/form>\n<\/div>\n<\/div><\/div>\t\t\t\t<\/div>\n\t\t\t\t<\/div>\n\t\t\t\t\t<\/div>\n\t\t<\/div>\n\t\t\t\t\t<\/div>\n\t\t<\/section>\n\t\t\t\t<div class=\"elementor-element elementor-element-615d68f elementor-widget elementor-widget-text-editor\" data-id=\"615d68f\" data-element_type=\"widget\" data-e-type=\"widget\" data-widget_type=\"text-editor.default\">\n\t\t\t\t<div class=\"elementor-widget-container\">\n\t\t\t\t\t\t\t\t\t<p><strong>DERMO \u00e9 o fornecedor de amaciantes<\/strong>\u00a0o que voc\u00ea precisa, oferecemos produtos de limpeza para todas as ocasi\u00f5es. Se voc\u00ea entrar em nosso site, poder\u00e1 ver todos os produtos que podemos lhe oferecer, incluindo todos os\u00a0<strong>amaciadores<\/strong>, que conseguem cuidar dos tecidos das suas roupas como nenhuma outra fez antes.<\/p><p>Ele\u00a0<strong>Fornecedor de amaciante DERMO\u00a0<\/strong>\u00c9 especialista no tratamento de tecidos, proporcionando um aroma suave e cuidando do tecido de forma incompar\u00e1vel.<\/p><p>O\u00a0<strong>amaciadores<\/strong>\u00a0de\u00a0<strong>DERMO\u00a0<\/strong>Eles desempenham diferentes fun\u00e7\u00f5es, n\u00e3o apenas lavando roupas, mas tamb\u00e9m oferecendo muitas outras utilidades para suas pe\u00e7as, como proporcionar maciez, repelir sujeira, dar perfume \u00e0s roupas ou evitar que a textura do tecido fique \u00e1spera.<\/p><p>O aroma \u00e9 um aspecto fundamental em um\u00a0<strong>amaciante<\/strong>, \u00e9 por isso que em\u00a0<strong>DERMO<\/strong>\u00a0\u00a0<strong>Fornecedor de amaciante<\/strong>Oferecemos diferentes tipos de fragr\u00e2ncias, entre as quais voc\u00ea certamente encontrar\u00e1 uma boa op\u00e7\u00e3o. Escolha um\u00a0<strong>amaciante<\/strong>\u00a0A fragr\u00e2ncia certa para suas roupas \u00e9 essencial para perfumar n\u00e3o apenas suas roupas, mas tamb\u00e9m sua casa, onde toda vez que voc\u00ea pendurar ou pegar roupas do varal, voc\u00ea exalar\u00e1 um aroma de limpeza e frescor em cada canto. Em\u00a0<strong>Fornecedor de amaciante DERMO<\/strong>\u00a0Voc\u00ea pode encontrar produtos de limpeza de roupas de qualidade.<\/p>\t\t\t\t\t\t\t\t<\/div>\n\t\t\t\t<\/div>\n\t\t\t\t\t<\/div>\n\t\t<\/div>\n\t\t\t\t\t<\/div>\n\t\t<\/section>\n\t\t\t\t<section class=\"elementor-section elementor-top-section elementor-element elementor-element-484f41e elementor-section-full_width elementor-section-height-default elementor-section-height-default elementor-invisible\" data-id=\"484f41e\" data-element_type=\"section\" data-e-type=\"section\" data-settings=\"{&quot;animation&quot;:&quot;slideInUp&quot;}\">\n\t\t\t\t\t\t<div class=\"elementor-container elementor-column-gap-default\">\n\t\t\t\t\t<div class=\"elementor-column elementor-col-100 elementor-top-column elementor-element elementor-element-19948363\" data-id=\"19948363\" data-element_type=\"column\" data-e-type=\"column\">\n\t\t\t<div class=\"elementor-widget-wrap elementor-element-populated\">\n\t\t\t\t\t\t<div class=\"elementor-element elementor-element-339044a4 elementor-widget elementor-widget-google_maps\" data-id=\"339044a4\" data-element_type=\"widget\" data-e-type=\"widget\" data-widget_type=\"google_maps.default\">\n\t\t\t\t<div class=\"elementor-widget-container\">\n\t\t\t\t\t\t\t<div class=\"elementor-custom-embed\">\n\t\t\t<iframe loading=\"lazy\"\n\t\t\t\t\tsrc=\"https:\/\/maps.google.com\/maps?q=C%2F%20Pintor%20Joan%20Miro%2C%2016.%20Pol.%20Ind.%20Can%20Humet%20de%20Dalt%2C%2008213%20Poliny%C3%A0.%20Barcelona&#038;t=m&#038;z=15&#038;output=embed&#038;iwloc=near\"\n\t\t\t\t\ttitle=\"C\/ Pintor Joan Miro, 16. Pol. Ind. Can Humet de Dalt, 08213 Poliny\u00e0. Barcelona\"\n\t\t\t\t\taria-label=\"C\/ Pintor Joan Miro, 16. Pol. Ind. Can Humet de Dalt, 08213 Poliny\u00e0. Barcelona\"\n\t\t\t><\/iframe>\n\t\t<\/div>\n\t\t\t\t\t\t<\/div>\n\t\t\t\t<\/div>\n\t\t\t\t\t<\/div>\n\t\t<\/div>\n\t\t\t\t\t<\/div>\n\t\t<\/section>\n\t\t\t\t<\/div>","protected":false},"excerpt":{"rendered":"<p>A DERMO \u00e9 a sua fornecedora de amaciantes, oferecendo uma ampla gama de amaciantes para todos os tipos de tecidos. Os amaciantes DERMO proporcionam maciez e frescor \u00e0s suas roupas, conferindo um aroma \u00fanico a todas as suas pe\u00e7as e, consequentemente, a voc\u00ea, j\u00e1 que o aroma que exalam tamb\u00e9m afeta sua apar\u00eancia. A constante passagem de roupas\u2026&nbsp;<a href=\"https:\/\/dermo.com\/pt\/fornecedor-de-amaciante-de-roupas\/\" rel=\"bookmark\">Ler mais \u00bb<span class=\"screen-reader-text\">Fornecedor de amaciante de roupas<\/span><\/a><\/p>","protected":false},"author":2,"featured_media":0,"parent":0,"menu_order":0,"comment_status":"closed","ping_status":"closed","template":"page-templates\/template-pagebuilder-full-width.php","meta":{"neve_meta_sidebar":"","neve_meta_container":"","neve_meta_enable_content_width":"","neve_meta_content_width":0,"neve_meta_title_alignment":"","neve_meta_author_avatar":"","neve_post_elements_order":"","neve_meta_disable_header":"","neve_meta_disable_footer":"","neve_meta_disable_title":"","footnotes":""},"class_list":["post-12461","page","type-page","status-publish","hentry"],"yoast_head":"<!-- This site is optimized with the Yoast SEO plugin v27.0 - https:\/\/yoast.com\/product\/yoast-seo-wordpress\/ -->\n<title>Proveedor de suavizantes - Dermo | F\u00e1brica de detergentes<\/title>\n<meta name=\"robots\" content=\"index, follow, max-snippet:-1, max-image-preview:large, max-video-preview:-1\" \/>\n<link rel=\"canonical\" href=\"https:\/\/dermo.com\/pt\/fornecedor-de-amaciante-de-roupas\/\" \/>\n<meta property=\"og:locale\" content=\"pt_PT\" \/>\n<meta property=\"og:type\" content=\"article\" \/>\n<meta property=\"og:title\" content=\"Proveedor de suavizantes - Dermo | F\u00e1brica de detergentes\" \/>\n<meta property=\"og:description\" content=\"DERMO\u00a0es tu\u00a0proveedor de suavizantes, ofreci\u00e9ndote una amplia gama de\u00a0suavizantes\u00a0para todo tipo de tejidos. Los\u00a0suavizantes textiles\u00a0 de\u00a0DERMO\u00a0aportan suavidad y frescura a la ropa, dando un aroma caracter\u00edstico a todas tus prendas y en definitiva a t\u00ed mismo, ya que el aroma que desprende tambi\u00e9n afecta a tu imagen. El paso constante de las prendas de ropa&hellip;&nbsp;Ler mais &raquo;Proveedor de suavizantes\" \/>\n<meta property=\"og:url\" content=\"https:\/\/dermo.com\/pt\/fornecedor-de-amaciante-de-roupas\/\" \/>\n<meta property=\"og:site_name\" content=\"Dermo | F\u00e1brica de detergentes\" \/>\n<meta property=\"article:modified_time\" content=\"2025-02-19T11:33:44+00:00\" \/>\n<meta name=\"twitter:card\" content=\"summary_large_image\" \/>\n<meta name=\"twitter:label1\" content=\"Tempo estimado de leitura\" \/>\n\t<meta name=\"twitter:data1\" content=\"3 minutos\" \/>\n<script type=\"application\/ld+json\" class=\"yoast-schema-graph\">{\"@context\":\"https:\/\/schema.org\",\"@graph\":[{\"@type\":\"WebPage\",\"@id\":\"https:\/\/dermo.com\/proveedor-de-suavizantes\/\",\"url\":\"https:\/\/dermo.com\/proveedor-de-suavizantes\/\",\"name\":\"Proveedor de suavizantes - Dermo | F\u00e1brica de detergentes\",\"isPartOf\":{\"@id\":\"https:\/\/dermo.com\/#website\"},\"datePublished\":\"2025-01-30T11:37:59+00:00\",\"dateModified\":\"2025-02-19T11:33:44+00:00\",\"breadcrumb\":{\"@id\":\"https:\/\/dermo.com\/proveedor-de-suavizantes\/#breadcrumb\"},\"inLanguage\":\"pt-PT\",\"potentialAction\":[{\"@type\":\"ReadAction\",\"target\":[\"https:\/\/dermo.com\/proveedor-de-suavizantes\/\"]}]},{\"@type\":\"BreadcrumbList\",\"@id\":\"https:\/\/dermo.com\/proveedor-de-suavizantes\/#breadcrumb\",\"itemListElement\":[{\"@type\":\"ListItem\",\"position\":1,\"name\":\"Portada\",\"item\":\"https:\/\/dermo.com\/\"},{\"@type\":\"ListItem\",\"position\":2,\"name\":\"Proveedor de suavizantes\"}]},{\"@type\":\"WebSite\",\"@id\":\"https:\/\/dermo.com\/#website\",\"url\":\"https:\/\/dermo.com\/\",\"name\":\"Dermo | F\u00e1brica de detergentes\",\"description\":\"Tecnolog\u00eda avanzada, investigaci\u00f3n y desarrollo, respeto por el medio ambiente, competencia, formaci\u00f3n constante y alto nivel de profesionalidad en nuestro equipo humano, empe\u00f1ado en preservar la calidad de vida, la protecci\u00f3n del entorno natural contin\u00faan motiv\u00e1ndonos para desarrollar en nuestros laboratorios nuevos productos con ingredientes activos altamente biodegradables que hacen posible un desarrollo sostenible.\",\"potentialAction\":[{\"@type\":\"SearchAction\",\"target\":{\"@type\":\"EntryPoint\",\"urlTemplate\":\"https:\/\/dermo.com\/?s={search_term_string}\"},\"query-input\":{\"@type\":\"PropertyValueSpecification\",\"valueRequired\":true,\"valueName\":\"search_term_string\"}}],\"inLanguage\":\"pt-PT\"}]}<\/script>\n<!-- \/ Yoast SEO plugin. -->","yoast_head_json":{"title":"Fornecedor de Amaciantes - Dermo | F\u00e1brica de detergentes","robots":{"index":"index","follow":"follow","max-snippet":"max-snippet:-1","max-image-preview":"max-image-preview:large","max-video-preview":"max-video-preview:-1"},"canonical":"https:\/\/dermo.com\/pt\/fornecedor-de-amaciante-de-roupas\/","og_locale":"pt_PT","og_type":"article","og_title":"Proveedor de suavizantes - Dermo | F\u00e1brica de detergentes","og_description":"DERMO\u00a0es tu\u00a0proveedor de suavizantes, ofreci\u00e9ndote una amplia gama de\u00a0suavizantes\u00a0para todo tipo de tejidos. Los\u00a0suavizantes textiles\u00a0 de\u00a0DERMO\u00a0aportan suavidad y frescura a la ropa, dando un aroma caracter\u00edstico a todas tus prendas y en definitiva a t\u00ed mismo, ya que el aroma que desprende tambi\u00e9n afecta a tu imagen. El paso constante de las prendas de ropa&hellip;&nbsp;Ler mais &raquo;Proveedor de suavizantes","og_url":"https:\/\/dermo.com\/pt\/fornecedor-de-amaciante-de-roupas\/","og_site_name":"Dermo | F\u00e1brica de detergentes","article_modified_time":"2025-02-19T11:33:44+00:00","twitter_card":"summary_large_image","twitter_misc":{"Tempo estimado de leitura":"3 minutos"},"schema":{"@context":"https:\/\/schema.org","@graph":[{"@type":"WebPage","@id":"https:\/\/dermo.com\/proveedor-de-suavizantes\/","url":"https:\/\/dermo.com\/proveedor-de-suavizantes\/","name":"Fornecedor de Amaciantes - Dermo | F\u00e1brica de detergentes","isPartOf":{"@id":"https:\/\/dermo.com\/#website"},"datePublished":"2025-01-30T11:37:59+00:00","dateModified":"2025-02-19T11:33:44+00:00","breadcrumb":{"@id":"https:\/\/dermo.com\/proveedor-de-suavizantes\/#breadcrumb"},"inLanguage":"pt-PT","potentialAction":[{"@type":"ReadAction","target":["https:\/\/dermo.com\/proveedor-de-suavizantes\/"]}]},{"@type":"BreadcrumbList","@id":"https:\/\/dermo.com\/proveedor-de-suavizantes\/#breadcrumb","itemListElement":[{"@type":"ListItem","position":1,"name":"Portada","item":"https:\/\/dermo.com\/"},{"@type":"ListItem","position":2,"name":"Proveedor de suavizantes"}]},{"@type":"WebSite","@id":"https:\/\/dermo.com\/#website","url":"https:\/\/dermo.com\/","name":"Dermo | f\u00e1brica de detergentes","description":"A tecnologia avan\u00e7ada, a investiga\u00e7\u00e3o e desenvolvimento, o respeito pelo ambiente, a compet\u00eancia, a forma\u00e7\u00e3o constante e o elevado n\u00edvel de profissionalismo da nossa equipa humana, comprometida com a preserva\u00e7\u00e3o da qualidade de vida, a protec\u00e7\u00e3o do ambiente natural continuam a motivar-nos a desenvolver novos produtos nos nossos laborat\u00f3rios com princ\u00edpios ativos altamente biodegrad\u00e1veis que possibilitam o desenvolvimento sustent\u00e1vel.","potentialAction":[{"@type":"SearchAction","target":{"@type":"EntryPoint","urlTemplate":"https:\/\/dermo.com\/?s={search_term_string}"},"query-input":{"@type":"PropertyValueSpecification","valueRequired":true,"valueName":"search_term_string"}}],"inLanguage":"pt-PT"}]}},"_links":{"self":[{"href":"https:\/\/dermo.com\/pt\/wp-json\/wp\/v2\/pages\/12461","targetHints":{"allow":["GET"]}}],"collection":[{"href":"https:\/\/dermo.com\/pt\/wp-json\/wp\/v2\/pages"}],"about":[{"href":"https:\/\/dermo.com\/pt\/wp-json\/wp\/v2\/types\/page"}],"author":[{"embeddable":true,"href":"https:\/\/dermo.com\/pt\/wp-json\/wp\/v2\/users\/2"}],"replies":[{"embeddable":true,"href":"https:\/\/dermo.com\/pt\/wp-json\/wp\/v2\/comments?post=12461"}],"version-history":[{"count":7,"href":"https:\/\/dermo.com\/pt\/wp-json\/wp\/v2\/pages\/12461\/revisions"}],"predecessor-version":[{"id":13702,"href":"https:\/\/dermo.com\/pt\/wp-json\/wp\/v2\/pages\/12461\/revisions\/13702"}],"wp:attachment":[{"href":"https:\/\/dermo.com\/pt\/wp-json\/wp\/v2\/media?parent=12461"}],"curies":[{"name":"wp","href":"https:\/\/api.w.org\/{rel}","templated":true}]}}