{"id":12467,"date":"2025-01-30T12:40:06","date_gmt":"2025-01-30T11:40:06","guid":{"rendered":"https:\/\/dermo.com\/?page_id=12467"},"modified":"2025-02-19T12:18:48","modified_gmt":"2025-02-19T11:18:48","slug":"atacadista-de-amaciante-de-roupas","status":"publish","type":"page","link":"https:\/\/dermo.com\/pt\/atacadista-de-amaciante-de-roupas\/","title":{"rendered":"Atacadista de amaciantes de roupas"},"content":{"rendered":"<div data-elementor-type=\"wp-page\" data-elementor-id=\"12467\" class=\"elementor elementor-12467\" data-elementor-post-type=\"page\">\n\t\t\t\t\t\t<section class=\"elementor-section elementor-top-section elementor-element elementor-element-a02683f elementor-section-boxed elementor-section-height-default elementor-section-height-default\" data-id=\"a02683f\" data-element_type=\"section\" data-e-type=\"section\" data-settings=\"{&quot;background_background&quot;:&quot;classic&quot;}\">\n\t\t\t\t\t\t\t<div class=\"elementor-background-overlay\"><\/div>\n\t\t\t\t\t\t\t<div class=\"elementor-container elementor-column-gap-default\">\n\t\t\t\t\t<div class=\"elementor-column elementor-col-100 elementor-top-column elementor-element elementor-element-f99dbff\" data-id=\"f99dbff\" data-element_type=\"column\" data-e-type=\"column\">\n\t\t\t<div class=\"elementor-widget-wrap elementor-element-populated\">\n\t\t\t\t\t\t\t<\/div>\n\t\t<\/div>\n\t\t\t\t\t<\/div>\n\t\t<\/section>\n\t\t\t\t<section class=\"elementor-section elementor-top-section elementor-element elementor-element-233ad3a4 elementor-section-boxed elementor-section-height-default elementor-section-height-default\" data-id=\"233ad3a4\" data-element_type=\"section\" data-e-type=\"section\">\n\t\t\t\t\t\t<div class=\"elementor-container elementor-column-gap-default\">\n\t\t\t\t\t<div class=\"elementor-column elementor-col-100 elementor-top-column elementor-element elementor-element-3244e578\" data-id=\"3244e578\" data-element_type=\"column\" data-e-type=\"column\">\n\t\t\t<div class=\"elementor-widget-wrap elementor-element-populated\">\n\t\t\t\t\t\t<section class=\"elementor-section elementor-inner-section elementor-element elementor-element-1a7040c2 elementor-section-content-middle elementor-section-boxed elementor-section-height-default elementor-section-height-default\" data-id=\"1a7040c2\" data-element_type=\"section\" data-e-type=\"section\">\n\t\t\t\t\t\t<div class=\"elementor-container elementor-column-gap-default\">\n\t\t\t\t\t<div class=\"elementor-column elementor-col-50 elementor-inner-column elementor-element elementor-element-58338543\" data-id=\"58338543\" data-element_type=\"column\" data-e-type=\"column\">\n\t\t\t<div class=\"elementor-widget-wrap elementor-element-populated\">\n\t\t\t\t\t\t<div class=\"elementor-element elementor-element-464b2e11 elementor-widget elementor-widget-text-editor\" data-id=\"464b2e11\" data-element_type=\"widget\" data-e-type=\"widget\" data-widget_type=\"text-editor.default\">\n\t\t\t\t<div class=\"elementor-widget-container\">\n\t\t\t\t\t\t\t\t\t<p><strong>Dermo SA<\/strong>, quer ser sua empresa e f\u00e1brica de refer\u00eancia na obten\u00e7\u00e3o\u00a0<strong>detergentes\u00a0<\/strong>e todos os tipos de produtos desta natureza, tais como\u00a0<strong>amaciadores<\/strong>, limpadores multiuso ou todo tipo de acess\u00f3rios e complementos, para cobrir aquelas necessidades vitais que s\u00e3o\u00a0<strong>limpeza\u00a0<\/strong>e o\u00a0<strong>higiene<\/strong>. Ap\u00f3s uma longa trajet\u00f3ria de mais de 25 anos oferecendo servi\u00e7os de alta qualidade no setor, em\u00a0<strong>Dermo SA<\/strong>\u00a0Devemos a nossa raz\u00e3o de ser ao cumprimento desta miss\u00e3o de garantir a satisfa\u00e7\u00e3o de cada um dos nossos clientes, oferecendo um servi\u00e7o como este, com o qual nos comprometemos h\u00e1 tanto tempo e que respeitamos profundamente. Sem d\u00favida, em\u00a0<strong>Demonstra\u00e7\u00e3o SA<\/strong>\u00a0Voc\u00ea encontrar\u00e1 a empresa e os profissionais ideais para atender \u00e0s suas necessidades e ouvir suas demandas para que, juntos, possamos alcan\u00e7ar o produto que voc\u00ea merece.<\/p><p>Apaixonados pelo trabalho que fazemos, gra\u00e7as \u00e0 ajuda de todos conseguimos alcan\u00e7ar\u00a0<strong>Dermo SA\u00a0<\/strong>n\u00e3o s\u00f3 uma refer\u00eancia a n\u00edvel nacional, mas tamb\u00e9m em muitos pa\u00edses do mundo, como em continentes como \u00c1sia, \u00c1frica e, claro, Europa. Nosso maior patrim\u00f4nio \u00e9 que o exercemos como\u00a0<strong>atacadistas de amaciantes de tecidos<\/strong>, por exemplo, ou com os mais de 200 produtos que comp\u00f5em nosso cat\u00e1logo. N\u00f3s desenvolvemos e criamos nossa linha particular de\u00a0<strong>detergentes amaciantes de tecidos<\/strong>\u00a0e acess\u00f3rios e complementos em\u00a0<strong>limpeza<\/strong>\u00a0e\u00a0<strong>higiene<\/strong>\u00a0que comp\u00f5em nosso extenso cat\u00e1logo, para nos tornarmos aquele prod\u00edgio\u00a0<strong>atacadista de amaciante de roupas<\/strong>, mas tamb\u00e9m, sempre atendendo nossos clientes com o devido cuidado que eles merecem e entendendo seus desejos, oferecendo-lhes a possibilidade de criar e fabricar seus pr\u00f3prios produtos.\u00a0<strong>amaciadores<\/strong>\u00a0para o mesmo prop\u00f3sito, em nossos laborat\u00f3rios.<\/p>\t\t\t\t\t\t\t\t<\/div>\n\t\t\t\t<\/div>\n\t\t\t\t\t<\/div>\n\t\t<\/div>\n\t\t\t\t<div class=\"elementor-column elementor-col-50 elementor-inner-column elementor-element elementor-element-e8e6348 elementor-invisible\" data-id=\"e8e6348\" data-element_type=\"column\" data-e-type=\"column\" data-settings=\"{&quot;animation&quot;:&quot;bounceInRight&quot;}\">\n\t\t\t<div class=\"elementor-widget-wrap elementor-element-populated\">\n\t\t\t\t\t\t<div class=\"elementor-element elementor-element-e7912e5 elementor-widget__width-initial elementor-widget elementor-widget-elementskit-contact-form7\" data-id=\"e7912e5\" data-element_type=\"widget\" data-e-type=\"widget\" data-widget_type=\"elementskit-contact-form7.default\">\n\t\t\t\t<div class=\"elementor-widget-container\">\n\t\t\t\t\t<div class=\"ekit-wid-con\" ><div class=\"ekit-form\">\n<div class=\"wpcf7 no-js\" id=\"wpcf7-f13292-o1\" lang=\"es-ES\" dir=\"ltr\" data-wpcf7-id=\"13292\">\n<div class=\"screen-reader-response\"><p role=\"status\" aria-live=\"polite\" aria-atomic=\"true\"><\/p> <ul><\/ul><\/div>\n<form action=\"\/wp-json\/wp\/v2\/pages\/12467#wpcf7-f13292-o1\" method=\"post\" class=\"wpcf7-form init\" aria-label=\"Formul\u00e1rio de contato\" novalidate=\"novalidate\" data-status=\"init\" data-trp-original-action=\"\/wp-json\/wp\/v2\/pages\/12467#wpcf7-f13292-o1\">\n<fieldset class=\"hidden-fields-container\"><input type=\"hidden\" name=\"_wpcf7\" value=\"13292\" \/><input type=\"hidden\" name=\"_wpcf7_version\" value=\"6.1.5\" \/><input type=\"hidden\" name=\"_wpcf7_locale\" value=\"es_ES\" \/><input type=\"hidden\" name=\"_wpcf7_unit_tag\" value=\"wpcf7-f13292-o1\" \/><input type=\"hidden\" name=\"_wpcf7_container_post\" value=\"0\" \/><input type=\"hidden\" name=\"_wpcf7_posted_data_hash\" value=\"\" \/><input type=\"hidden\" name=\"_wpcf7_recaptcha_response\" value=\"\" \/>\n<\/fieldset>\n<div style=\"display: flex; gap: 10px;\">\n\t<div style=\"width: 50%;\">\n\t\t<p><span class=\"wpcf7-form-control-wrap\" data-name=\"your-name\"><input size=\"40\" maxlength=\"400\" class=\"wpcf7-form-control wpcf7-text wpcf7-validates-as-required\" aria-required=\"true\" aria-invalid=\"false\" placeholder=\"Nome\" value=\"\" type=\"text\" name=\"your-name\" \/><\/span>\n\t\t<\/p>\n\t<\/div>\n\t<div style=\"width: 50%;\">\n\t\t<p><span class=\"wpcf7-form-control-wrap\" data-name=\"your-phone\"><input size=\"40\" maxlength=\"400\" class=\"wpcf7-form-control wpcf7-tel wpcf7-validates-as-required wpcf7-text wpcf7-validates-as-tel\" aria-required=\"true\" aria-invalid=\"false\" placeholder=\"Telefone\" value=\"\" type=\"tel\" name=\"your-phone\" \/><\/span>\n\t\t<\/p>\n\t<\/div>\n<\/div>\n<p><span class=\"wpcf7-form-control-wrap\" data-name=\"your-email\"><input size=\"40\" maxlength=\"400\" class=\"wpcf7-form-control wpcf7-email wpcf7-validates-as-required wpcf7-text wpcf7-validates-as-email\" aria-required=\"true\" aria-invalid=\"false\" placeholder=\"E-mail\" value=\"\" type=\"email\" name=\"your-email\" \/><\/span>\n<\/p>\n<div style=\"display: flex; gap: 10px;\">\n\t<div style=\"width: 50%;\">\n\t\t<p><span class=\"wpcf7-form-control-wrap\" data-name=\"your-country\"><input size=\"40\" maxlength=\"400\" class=\"wpcf7-form-control wpcf7-text wpcf7-validates-as-required\" aria-required=\"true\" aria-invalid=\"false\" placeholder=\"Pa\u00eds\" value=\"\" type=\"text\" name=\"your-country\" \/><\/span>\n\t\t<\/p>\n\t<\/div>\n\t<div style=\"width: 50%;\">\n\t\t<p><span class=\"wpcf7-form-control-wrap\" data-name=\"your-city\"><input size=\"40\" maxlength=\"400\" class=\"wpcf7-form-control wpcf7-text wpcf7-validates-as-required\" aria-required=\"true\" aria-invalid=\"false\" placeholder=\"Popula\u00e7\u00e3o\" value=\"\" type=\"text\" name=\"your-city\" \/><\/span>\n\t\t<\/p>\n\t<\/div>\n<\/div>\n<p><span class=\"wpcf7-form-control-wrap\" data-name=\"your-subject\"><select class=\"wpcf7-form-control wpcf7-select\" aria-invalid=\"false\" name=\"your-subject\"><option value=\"Quiero ser distribuidor\">Quero ser um distribuidor<\/option><option value=\"Presupuesto\">Or\u00e7amento<\/option><option value=\"Consulta\">Consulta<\/option><option value=\"Sugerencia\">Sugest\u00e3o<\/option><option value=\"Otros\">Outros<\/option><\/select><\/span>\n<\/p>\n<p><span class=\"wpcf7-form-control-wrap\" data-name=\"your-message\"><textarea cols=\"40\" rows=\"10\" maxlength=\"2000\" class=\"wpcf7-form-control wpcf7-textarea\" aria-invalid=\"false\" placeholder=\"Mensagem ou consulta\" name=\"your-message\"><\/textarea><\/span>\n<\/p>\n<div style=\"display: flex; align-items: center; gap: 10px;\">\n\t<p><span class=\"wpcf7-form-control-wrap\" data-name=\"privacy-policy\"><span class=\"wpcf7-form-control wpcf7-acceptance\"><span class=\"wpcf7-list-item\"><input type=\"checkbox\" name=\"privacy-policy\" value=\"1\" aria-invalid=\"false\" \/><\/span><\/span><\/span><label for=\"privacy-policy\" style=\"margin-left: 5px;\">Li e aceito a pol\u00edtica de privacidade.<\/label>\n\t<\/p>\n<\/div>\n<div style=\"display: flex; align-items: center; gap: 10px;\">\n\t<p><span class=\"wpcf7-form-control-wrap\" data-name=\"send-info\"><span class=\"wpcf7-form-control wpcf7-acceptance\"><span class=\"wpcf7-list-item\"><input type=\"checkbox\" name=\"send-info\" value=\"1\" aria-invalid=\"false\" \/><\/span><\/span><\/span><label for=\"send-info\" style=\"margin-left: 5px;\">Concordo em receber informa\u00e7\u00f5es.<\/label>\n\t<\/p>\n<\/div>\n<p><input class=\"wpcf7-form-control wpcf7-submit has-spinner\" type=\"submit\" value=\"Enviar\" \/>\n<\/p><div class=\"wpcf7-response-output\" aria-hidden=\"true\"><\/div>\n<input type=\"hidden\" name=\"trp-form-language\" value=\"pt\"\/><\/form>\n<\/div>\n<\/div><\/div>\t\t\t\t<\/div>\n\t\t\t\t<\/div>\n\t\t\t\t\t<\/div>\n\t\t<\/div>\n\t\t\t\t\t<\/div>\n\t\t<\/section>\n\t\t\t\t<div class=\"elementor-element elementor-element-615d68f elementor-widget elementor-widget-text-editor\" data-id=\"615d68f\" data-element_type=\"widget\" data-e-type=\"widget\" data-widget_type=\"text-editor.default\">\n\t\t\t\t<div class=\"elementor-widget-container\">\n\t\t\t\t\t\t\t\t\t<p>Muitas vezes,\u00a0<strong>limpeza<\/strong>\u00a0e\u00a0<strong>higiene<\/strong>\u00a0Elas n\u00e3o foram levadas em considera\u00e7\u00e3o como necessidades prim\u00e1rias vitais para nossa vida di\u00e1ria. Portanto, fornecer produtos com os quais voc\u00ea possa desfrutar dessa\u00a0<strong>limpeza<\/strong>\u00a0e\u00a0<strong>higiene,<\/strong>\u00a0como\u00a0<strong>atacadistas de amaciantes de tecidos<\/strong>, \u00e9 um servi\u00e7o que se torna a for\u00e7a motriz da nossa atividade e nos impulsiona a ser melhores, ano ap\u00f3s ano. Com isso, destacamos a especializa\u00e7\u00e3o em\u00a0<strong>Dermo SA<\/strong>\u00a0na pr\u00f3pria elabora\u00e7\u00e3o de\u00a0<strong>detergentes, amaciantes de tecidos<\/strong>\u00a0e outros produtos, n\u00e3o apenas atendendo \u00e0 nossa marca, mas tamb\u00e9m criando esses produtos espec\u00edficos para nossos clientes, tanto para limpeza pessoal quanto para fins mais profissionais.<\/p><p>Gra\u00e7as ao esfor\u00e7o dedicado a esta atividade que realizamos, e ao apoio incondicional dos membros da\u00a0<strong>Dermo SA<\/strong>\u00a0e seus fornecedores, nossos\u00a0<strong>f\u00e1brica de detergente amaciante de roupas<\/strong>\u00a0e nossa carreira como\u00a0<strong>atacadistas de amaciantes de tecidos<\/strong>, \u00e9 s\u00edmbolo de excel\u00eancia e refer\u00eancia atual. Sobre os valores que constituem o nosso trabalho: perseveran\u00e7a, rigor, profissionalismo, responsabilidade, compromisso...; N\u00f3s conseguimos isso\u00a0<strong>Dermo SA<\/strong>\u00a0tornar-se o que \u00e9 hoje e o que a distingue dos demais concorrentes no desenvolvimento de produtos\u00a0<strong>limpeza\u00a0<\/strong>e<strong>\u00a0higiene<\/strong>.<\/p><p><strong>Dermo SA,<\/strong>\u00a0seu\u00a0<strong>f\u00e1brica de detergentes<\/strong>\u00a0e o melhor servi\u00e7o\u00a0<strong>atacadista de amaciante de roupas<\/strong>, com um car\u00e1ter familiar e pr\u00f3ximo e uma personalidade constru\u00edda na vontade de cuidar dos nossos clientes e da sua satisfa\u00e7\u00e3o, com um forte trabalho em equipa colaborativo, que se tornou o grande cart\u00e3o de visita da melhor f\u00e1brica e laborat\u00f3rio de\u00a0<strong>detergentes, amaciantes de tecidos<\/strong>\u2026excepcional e \u00fanico. Se voc\u00ea deseja desfrutar de produtos eficientes e eficazes, de qualidade e sustentabilidade inquestion\u00e1veis a partir de hoje,\u00a0<strong>Dermo SA<\/strong><\/p>\t\t\t\t\t\t\t\t<\/div>\n\t\t\t\t<\/div>\n\t\t\t\t\t<\/div>\n\t\t<\/div>\n\t\t\t\t\t<\/div>\n\t\t<\/section>\n\t\t\t\t<section class=\"elementor-section elementor-top-section elementor-element elementor-element-484f41e elementor-section-full_width elementor-section-height-default elementor-section-height-default elementor-invisible\" data-id=\"484f41e\" data-element_type=\"section\" data-e-type=\"section\" data-settings=\"{&quot;animation&quot;:&quot;slideInUp&quot;}\">\n\t\t\t\t\t\t<div class=\"elementor-container elementor-column-gap-default\">\n\t\t\t\t\t<div class=\"elementor-column elementor-col-100 elementor-top-column elementor-element elementor-element-19948363\" data-id=\"19948363\" data-element_type=\"column\" data-e-type=\"column\">\n\t\t\t<div class=\"elementor-widget-wrap elementor-element-populated\">\n\t\t\t\t\t\t<div class=\"elementor-element elementor-element-339044a4 elementor-widget elementor-widget-google_maps\" data-id=\"339044a4\" data-element_type=\"widget\" data-e-type=\"widget\" data-widget_type=\"google_maps.default\">\n\t\t\t\t<div class=\"elementor-widget-container\">\n\t\t\t\t\t\t\t<div class=\"elementor-custom-embed\">\n\t\t\t<iframe loading=\"lazy\"\n\t\t\t\t\tsrc=\"https:\/\/maps.google.com\/maps?q=C%2F%20Pintor%20Joan%20Miro%2C%2016.%20Pol.%20Ind.%20Can%20Humet%20de%20Dalt%2C%2008213%20Poliny%C3%A0.%20Barcelona&#038;t=m&#038;z=15&#038;output=embed&#038;iwloc=near\"\n\t\t\t\t\ttitle=\"C\/ Pintor Joan Miro, 16. Pol. Ind. Can Humet de Dalt, 08213 Poliny\u00e0. Barcelona\"\n\t\t\t\t\taria-label=\"C\/ Pintor Joan Miro, 16. Pol. Ind. Can Humet de Dalt, 08213 Poliny\u00e0. Barcelona\"\n\t\t\t><\/iframe>\n\t\t<\/div>\n\t\t\t\t\t\t<\/div>\n\t\t\t\t<\/div>\n\t\t\t\t\t<\/div>\n\t\t<\/div>\n\t\t\t\t\t<\/div>\n\t\t<\/section>\n\t\t\t\t<\/div>","protected":false},"excerpt":{"rendered":"<p>A Dermo SA tem como objetivo ser a sua empresa e fabricante l\u00edder na produ\u00e7\u00e3o de detergentes e todos os tipos de produtos similares, como amaciantes, limpadores multiuso e todos os tipos de acess\u00f3rios e complementos, para atender \u00e0s necessidades vitais de limpeza e higiene. Com mais de 25 anos de experi\u00eancia na presta\u00e7\u00e3o de servi\u00e7os de alta qualidade...&nbsp;<a href=\"https:\/\/dermo.com\/pt\/atacadista-de-amaciante-de-roupas\/\" rel=\"bookmark\">Ler mais \u00bb<span class=\"screen-reader-text\">Atacadista de amaciantes de roupas<\/span><\/a><\/p>","protected":false},"author":2,"featured_media":0,"parent":0,"menu_order":0,"comment_status":"closed","ping_status":"closed","template":"page-templates\/template-pagebuilder-full-width.php","meta":{"neve_meta_sidebar":"","neve_meta_container":"","neve_meta_enable_content_width":"","neve_meta_content_width":0,"neve_meta_title_alignment":"","neve_meta_author_avatar":"","neve_post_elements_order":"","neve_meta_disable_header":"","neve_meta_disable_footer":"","neve_meta_disable_title":"","footnotes":""},"class_list":["post-12467","page","type-page","status-publish","hentry"],"yoast_head":"<!-- This site is optimized with the Yoast SEO plugin v27.0 - https:\/\/yoast.com\/product\/yoast-seo-wordpress\/ -->\n<title>Mayorista de suavizantes - Dermo | F\u00e1brica de detergentes<\/title>\n<meta name=\"robots\" content=\"index, follow, max-snippet:-1, max-image-preview:large, max-video-preview:-1\" \/>\n<link rel=\"canonical\" href=\"https:\/\/dermo.com\/pt\/atacadista-de-amaciante-de-roupas\/\" \/>\n<meta property=\"og:locale\" content=\"pt_PT\" \/>\n<meta property=\"og:type\" content=\"article\" \/>\n<meta property=\"og:title\" content=\"Mayorista de suavizantes - Dermo | F\u00e1brica de detergentes\" \/>\n<meta property=\"og:description\" content=\"Dermo S.A., quiere ser vuestra empresa y f\u00e1brica de referencia en la consecuci\u00f3n de\u00a0detergentes\u00a0y todo tipo de productos de esta \u00edndole, como\u00a0suavizantes, limpiadores multiusos o todo tipo de complementos y accesorios, para cubrir esas necesidades tan vitales que son la\u00a0limpieza\u00a0y la\u00a0higiene. Tras una dilatada trayectoria de m\u00e1s de 25 a\u00f1os ofreciendo servicios de alta calidad&hellip;&nbsp;Ler mais &raquo;Mayorista de suavizantes\" \/>\n<meta property=\"og:url\" content=\"https:\/\/dermo.com\/pt\/atacadista-de-amaciante-de-roupas\/\" \/>\n<meta property=\"og:site_name\" content=\"Dermo | F\u00e1brica de detergentes\" \/>\n<meta property=\"article:modified_time\" content=\"2025-02-19T11:18:48+00:00\" \/>\n<meta name=\"twitter:card\" content=\"summary_large_image\" \/>\n<meta name=\"twitter:label1\" content=\"Tempo estimado de leitura\" \/>\n\t<meta name=\"twitter:data1\" content=\"3 minutos\" \/>\n<script type=\"application\/ld+json\" class=\"yoast-schema-graph\">{\"@context\":\"https:\/\/schema.org\",\"@graph\":[{\"@type\":\"WebPage\",\"@id\":\"https:\/\/dermo.com\/mayorista-de-suavizantes\/\",\"url\":\"https:\/\/dermo.com\/mayorista-de-suavizantes\/\",\"name\":\"Mayorista de suavizantes - Dermo | F\u00e1brica de detergentes\",\"isPartOf\":{\"@id\":\"https:\/\/dermo.com\/#website\"},\"datePublished\":\"2025-01-30T11:40:06+00:00\",\"dateModified\":\"2025-02-19T11:18:48+00:00\",\"breadcrumb\":{\"@id\":\"https:\/\/dermo.com\/mayorista-de-suavizantes\/#breadcrumb\"},\"inLanguage\":\"pt-PT\",\"potentialAction\":[{\"@type\":\"ReadAction\",\"target\":[\"https:\/\/dermo.com\/mayorista-de-suavizantes\/\"]}]},{\"@type\":\"BreadcrumbList\",\"@id\":\"https:\/\/dermo.com\/mayorista-de-suavizantes\/#breadcrumb\",\"itemListElement\":[{\"@type\":\"ListItem\",\"position\":1,\"name\":\"Portada\",\"item\":\"https:\/\/dermo.com\/\"},{\"@type\":\"ListItem\",\"position\":2,\"name\":\"Mayorista de suavizantes\"}]},{\"@type\":\"WebSite\",\"@id\":\"https:\/\/dermo.com\/#website\",\"url\":\"https:\/\/dermo.com\/\",\"name\":\"Dermo | F\u00e1brica de detergentes\",\"description\":\"Tecnolog\u00eda avanzada, investigaci\u00f3n y desarrollo, respeto por el medio ambiente, competencia, formaci\u00f3n constante y alto nivel de profesionalidad en nuestro equipo humano, empe\u00f1ado en preservar la calidad de vida, la protecci\u00f3n del entorno natural contin\u00faan motiv\u00e1ndonos para desarrollar en nuestros laboratorios nuevos productos con ingredientes activos altamente biodegradables que hacen posible un desarrollo sostenible.\",\"potentialAction\":[{\"@type\":\"SearchAction\",\"target\":{\"@type\":\"EntryPoint\",\"urlTemplate\":\"https:\/\/dermo.com\/?s={search_term_string}\"},\"query-input\":{\"@type\":\"PropertyValueSpecification\",\"valueRequired\":true,\"valueName\":\"search_term_string\"}}],\"inLanguage\":\"pt-PT\"}]}<\/script>\n<!-- \/ Yoast SEO plugin. -->","yoast_head_json":{"title":"Atacadista de amaciante de roupas - Dermo | F\u00e1brica de detergentes","robots":{"index":"index","follow":"follow","max-snippet":"max-snippet:-1","max-image-preview":"max-image-preview:large","max-video-preview":"max-video-preview:-1"},"canonical":"https:\/\/dermo.com\/pt\/atacadista-de-amaciante-de-roupas\/","og_locale":"pt_PT","og_type":"article","og_title":"Mayorista de suavizantes - Dermo | F\u00e1brica de detergentes","og_description":"Dermo S.A., quiere ser vuestra empresa y f\u00e1brica de referencia en la consecuci\u00f3n de\u00a0detergentes\u00a0y todo tipo de productos de esta \u00edndole, como\u00a0suavizantes, limpiadores multiusos o todo tipo de complementos y accesorios, para cubrir esas necesidades tan vitales que son la\u00a0limpieza\u00a0y la\u00a0higiene. Tras una dilatada trayectoria de m\u00e1s de 25 a\u00f1os ofreciendo servicios de alta calidad&hellip;&nbsp;Ler mais &raquo;Mayorista de suavizantes","og_url":"https:\/\/dermo.com\/pt\/atacadista-de-amaciante-de-roupas\/","og_site_name":"Dermo | F\u00e1brica de detergentes","article_modified_time":"2025-02-19T11:18:48+00:00","twitter_card":"summary_large_image","twitter_misc":{"Tempo estimado de leitura":"3 minutos"},"schema":{"@context":"https:\/\/schema.org","@graph":[{"@type":"WebPage","@id":"https:\/\/dermo.com\/mayorista-de-suavizantes\/","url":"https:\/\/dermo.com\/mayorista-de-suavizantes\/","name":"Atacadista de amaciante de roupas - Dermo | F\u00e1brica de detergentes","isPartOf":{"@id":"https:\/\/dermo.com\/#website"},"datePublished":"2025-01-30T11:40:06+00:00","dateModified":"2025-02-19T11:18:48+00:00","breadcrumb":{"@id":"https:\/\/dermo.com\/mayorista-de-suavizantes\/#breadcrumb"},"inLanguage":"pt-PT","potentialAction":[{"@type":"ReadAction","target":["https:\/\/dermo.com\/mayorista-de-suavizantes\/"]}]},{"@type":"BreadcrumbList","@id":"https:\/\/dermo.com\/mayorista-de-suavizantes\/#breadcrumb","itemListElement":[{"@type":"ListItem","position":1,"name":"Portada","item":"https:\/\/dermo.com\/"},{"@type":"ListItem","position":2,"name":"Mayorista de suavizantes"}]},{"@type":"WebSite","@id":"https:\/\/dermo.com\/#website","url":"https:\/\/dermo.com\/","name":"Dermo | f\u00e1brica de detergentes","description":"A tecnologia avan\u00e7ada, a investiga\u00e7\u00e3o e desenvolvimento, o respeito pelo ambiente, a compet\u00eancia, a forma\u00e7\u00e3o constante e o elevado n\u00edvel de profissionalismo da nossa equipa humana, comprometida com a preserva\u00e7\u00e3o da qualidade de vida, a protec\u00e7\u00e3o do ambiente natural continuam a motivar-nos a desenvolver novos produtos nos nossos laborat\u00f3rios com princ\u00edpios ativos altamente biodegrad\u00e1veis que possibilitam o desenvolvimento sustent\u00e1vel.","potentialAction":[{"@type":"SearchAction","target":{"@type":"EntryPoint","urlTemplate":"https:\/\/dermo.com\/?s={search_term_string}"},"query-input":{"@type":"PropertyValueSpecification","valueRequired":true,"valueName":"search_term_string"}}],"inLanguage":"pt-PT"}]}},"_links":{"self":[{"href":"https:\/\/dermo.com\/pt\/wp-json\/wp\/v2\/pages\/12467","targetHints":{"allow":["GET"]}}],"collection":[{"href":"https:\/\/dermo.com\/pt\/wp-json\/wp\/v2\/pages"}],"about":[{"href":"https:\/\/dermo.com\/pt\/wp-json\/wp\/v2\/types\/page"}],"author":[{"embeddable":true,"href":"https:\/\/dermo.com\/pt\/wp-json\/wp\/v2\/users\/2"}],"replies":[{"embeddable":true,"href":"https:\/\/dermo.com\/pt\/wp-json\/wp\/v2\/comments?post=12467"}],"version-history":[{"count":7,"href":"https:\/\/dermo.com\/pt\/wp-json\/wp\/v2\/pages\/12467\/revisions"}],"predecessor-version":[{"id":13632,"href":"https:\/\/dermo.com\/pt\/wp-json\/wp\/v2\/pages\/12467\/revisions\/13632"}],"wp:attachment":[{"href":"https:\/\/dermo.com\/pt\/wp-json\/wp\/v2\/media?parent=12467"}],"curies":[{"name":"wp","href":"https:\/\/api.w.org\/{rel}","templated":true}]}}