{"id":12473,"date":"2025-01-30T12:42:32","date_gmt":"2025-01-30T11:42:32","guid":{"rendered":"https:\/\/dermo.com\/?page_id=12473"},"modified":"2025-02-19T12:09:21","modified_gmt":"2025-02-19T11:09:21","slug":"detergentes-de-laboratorio","status":"publish","type":"page","link":"https:\/\/dermo.com\/pt\/detergentes-de-laboratorio\/","title":{"rendered":"Laborat\u00f3rio de Detergentes"},"content":{"rendered":"<div data-elementor-type=\"wp-page\" data-elementor-id=\"12473\" class=\"elementor elementor-12473\" data-elementor-post-type=\"page\">\n\t\t\t\t\t\t<section class=\"elementor-section elementor-top-section elementor-element elementor-element-a02683f elementor-section-boxed elementor-section-height-default elementor-section-height-default\" data-id=\"a02683f\" data-element_type=\"section\" data-e-type=\"section\" data-settings=\"{&quot;background_background&quot;:&quot;classic&quot;}\">\n\t\t\t\t\t\t\t<div class=\"elementor-background-overlay\"><\/div>\n\t\t\t\t\t\t\t<div class=\"elementor-container elementor-column-gap-default\">\n\t\t\t\t\t<div class=\"elementor-column elementor-col-100 elementor-top-column elementor-element elementor-element-f99dbff\" data-id=\"f99dbff\" data-element_type=\"column\" data-e-type=\"column\">\n\t\t\t<div class=\"elementor-widget-wrap elementor-element-populated\">\n\t\t\t\t\t\t\t<\/div>\n\t\t<\/div>\n\t\t\t\t\t<\/div>\n\t\t<\/section>\n\t\t\t\t<section class=\"elementor-section elementor-top-section elementor-element elementor-element-233ad3a4 elementor-section-boxed elementor-section-height-default elementor-section-height-default\" data-id=\"233ad3a4\" data-element_type=\"section\" data-e-type=\"section\">\n\t\t\t\t\t\t<div class=\"elementor-container elementor-column-gap-default\">\n\t\t\t\t\t<div class=\"elementor-column elementor-col-100 elementor-top-column elementor-element elementor-element-3244e578\" data-id=\"3244e578\" data-element_type=\"column\" data-e-type=\"column\">\n\t\t\t<div class=\"elementor-widget-wrap elementor-element-populated\">\n\t\t\t\t\t\t<section class=\"elementor-section elementor-inner-section elementor-element elementor-element-1a7040c2 elementor-section-content-middle elementor-section-boxed elementor-section-height-default elementor-section-height-default\" data-id=\"1a7040c2\" data-element_type=\"section\" data-e-type=\"section\">\n\t\t\t\t\t\t<div class=\"elementor-container elementor-column-gap-default\">\n\t\t\t\t\t<div class=\"elementor-column elementor-col-50 elementor-inner-column elementor-element elementor-element-58338543\" data-id=\"58338543\" data-element_type=\"column\" data-e-type=\"column\">\n\t\t\t<div class=\"elementor-widget-wrap elementor-element-populated\">\n\t\t\t\t\t\t<div class=\"elementor-element elementor-element-464b2e11 elementor-widget elementor-widget-text-editor\" data-id=\"464b2e11\" data-element_type=\"widget\" data-e-type=\"widget\" data-widget_type=\"text-editor.default\">\n\t\t\t\t<div class=\"elementor-widget-container\">\n\t\t\t\t\t\t\t\t\t<div id=\"lipsum\"><p>Para garantir\u00a0<strong>limpeza<\/strong>\u00a0e\u00a0<strong>higiene<\/strong>Precisamos ter algu\u00e9m de confian\u00e7a \u00e0 nossa disposi\u00e7\u00e3o, que possa nos oferecer os produtos necess\u00e1rios para cobrir essa primeira necessidade emergencial. Embora muitas vezes n\u00e3o lhes demos a import\u00e2ncia que merecem, tanto a\u00a0<strong>limpeza<\/strong>\u00a0como o\u00a0<strong>higiene<\/strong>, devem ser cobertas com garantias totais e at\u00e9 n\u00f3s mesmos devemos ser suficientemente racionais para n\u00e3o deixar algo t\u00e3o fundamental como a nossa sa\u00fade nas m\u00e3os de qualquer um.<\/p><p>Em\u00a0<strong>Dermo SA,<\/strong>\u00a0<strong>f\u00e1brica de detergentes<\/strong>\u00a0com vasta experi\u00eancia no setor de\u00a0<strong>limpeza\u00a0<\/strong>e o\u00a0<strong>higiene<\/strong>H\u00e1 mais de 25 anos atuamos no mercado, garantindo sempre o melhor para nossos clientes.\u00a0<strong>detergentes<\/strong>\u00a0e acess\u00f3rios e complementos para garantir, com precis\u00e3o, a cobertura adequada desta necessidade prim\u00e1ria, atendendo \u00e0s exig\u00eancias dos nossos clientes; com o esfor\u00e7o, dedica\u00e7\u00e3o e comprometimento que prevalece no trabalho realizado por cada um dos profissionais que comp\u00f5em esta empresa. Gra\u00e7as a uma atividade em constante evolu\u00e7\u00e3o, adaptando-se aos avan\u00e7os e investindo nos sistemas de fabrica\u00e7\u00e3o mais inovadores,\u00a0<strong>Dermo SA<\/strong>\u00a0Posicionamo-nos como refer\u00eancia e transformamos a nossa\u00a0<strong>laborat\u00f3rio<\/strong>\u00a0de\u00a0<strong>detergentes<\/strong>\u00a0num local \u00fanico de cria\u00e7\u00e3o onde s\u00e3o criados, testados e com todas as normas regulamentares estipuladas, produtos de qualidade incalcul\u00e1vel, para cobrir as necessidades do nosso p\u00fablico\u00a0<strong>limpeza<\/strong>\u00a0e\u00a0<strong>higiene.<\/strong><\/p><\/div>\t\t\t\t\t\t\t\t<\/div>\n\t\t\t\t<\/div>\n\t\t\t\t\t<\/div>\n\t\t<\/div>\n\t\t\t\t<div class=\"elementor-column elementor-col-50 elementor-inner-column elementor-element elementor-element-92558b8 elementor-invisible\" data-id=\"92558b8\" data-element_type=\"column\" data-e-type=\"column\" data-settings=\"{&quot;animation&quot;:&quot;bounceInRight&quot;}\">\n\t\t\t<div class=\"elementor-widget-wrap elementor-element-populated\">\n\t\t\t\t\t\t<div class=\"elementor-element elementor-element-e5a0394 elementor-widget__width-initial elementor-widget elementor-widget-elementskit-contact-form7\" data-id=\"e5a0394\" data-element_type=\"widget\" data-e-type=\"widget\" data-widget_type=\"elementskit-contact-form7.default\">\n\t\t\t\t<div class=\"elementor-widget-container\">\n\t\t\t\t\t<div class=\"ekit-wid-con\" ><div class=\"ekit-form\">\n<div class=\"wpcf7 no-js\" id=\"wpcf7-f13292-p12473-o1\" lang=\"es-ES\" dir=\"ltr\" data-wpcf7-id=\"13292\">\n<div class=\"screen-reader-response\"><p role=\"status\" aria-live=\"polite\" aria-atomic=\"true\"><\/p> <ul><\/ul><\/div>\n<form action=\"\/pt\/detergentes-de-laboratorio\/#wpcf7-f13292-p12473-o1\" method=\"post\" class=\"wpcf7-form init\" aria-label=\"Formulario de contacto\" novalidate=\"novalidate\" data-status=\"init\" data-no-translation-aria-label=\"\" data-trp-original-action=\"\/pt\/laboratorio-detergentes\/#wpcf7-f13292-p12473-o1\">\n<fieldset class=\"hidden-fields-container\"><input type=\"hidden\" name=\"_wpcf7\" value=\"13292\" \/><input type=\"hidden\" name=\"_wpcf7_version\" value=\"6.1.5\" \/><input type=\"hidden\" name=\"_wpcf7_locale\" value=\"es_ES\" \/><input type=\"hidden\" name=\"_wpcf7_unit_tag\" value=\"wpcf7-f13292-p12473-o1\" \/><input type=\"hidden\" name=\"_wpcf7_container_post\" value=\"12473\" \/><input type=\"hidden\" name=\"_wpcf7_posted_data_hash\" value=\"\" \/><input type=\"hidden\" name=\"_wpcf7_recaptcha_response\" value=\"\" \/>\n<\/fieldset>\n<div style=\"display: flex; gap: 10px;\">\n\t<div style=\"width: 50%;\">\n\t\t<p><span class=\"wpcf7-form-control-wrap\" data-name=\"your-name\"><input size=\"40\" maxlength=\"400\" class=\"wpcf7-form-control wpcf7-text wpcf7-validates-as-required\" aria-required=\"true\" aria-invalid=\"false\" placeholder=\"Nome\" value=\"\" type=\"text\" name=\"your-name\" \/><\/span>\n\t\t<\/p>\n\t<\/div>\n\t<div style=\"width: 50%;\">\n\t\t<p><span class=\"wpcf7-form-control-wrap\" data-name=\"your-phone\"><input size=\"40\" maxlength=\"400\" class=\"wpcf7-form-control wpcf7-tel wpcf7-validates-as-required wpcf7-text wpcf7-validates-as-tel\" aria-required=\"true\" aria-invalid=\"false\" placeholder=\"Telefone\" value=\"\" type=\"tel\" name=\"your-phone\" \/><\/span>\n\t\t<\/p>\n\t<\/div>\n<\/div>\n<p><span class=\"wpcf7-form-control-wrap\" data-name=\"your-email\"><input size=\"40\" maxlength=\"400\" class=\"wpcf7-form-control wpcf7-email wpcf7-validates-as-required wpcf7-text wpcf7-validates-as-email\" aria-required=\"true\" aria-invalid=\"false\" placeholder=\"E-mail\" value=\"\" type=\"email\" name=\"your-email\" \/><\/span>\n<\/p>\n<div style=\"display: flex; gap: 10px;\">\n\t<div style=\"width: 50%;\">\n\t\t<p><span class=\"wpcf7-form-control-wrap\" data-name=\"your-country\"><input size=\"40\" maxlength=\"400\" class=\"wpcf7-form-control wpcf7-text wpcf7-validates-as-required\" aria-required=\"true\" aria-invalid=\"false\" placeholder=\"Pa\u00eds\" value=\"\" type=\"text\" name=\"your-country\" \/><\/span>\n\t\t<\/p>\n\t<\/div>\n\t<div style=\"width: 50%;\">\n\t\t<p><span class=\"wpcf7-form-control-wrap\" data-name=\"your-city\"><input size=\"40\" maxlength=\"400\" class=\"wpcf7-form-control wpcf7-text wpcf7-validates-as-required\" aria-required=\"true\" aria-invalid=\"false\" placeholder=\"Popula\u00e7\u00e3o\" value=\"\" type=\"text\" name=\"your-city\" \/><\/span>\n\t\t<\/p>\n\t<\/div>\n<\/div>\n<p><span class=\"wpcf7-form-control-wrap\" data-name=\"your-subject\"><select class=\"wpcf7-form-control wpcf7-select\" aria-invalid=\"false\" name=\"your-subject\"><option value=\"Quiero ser distribuidor\">Quero ser um distribuidor<\/option><option value=\"Presupuesto\">Or\u00e7amento<\/option><option value=\"Consulta\">Consulta<\/option><option value=\"Sugerencia\">Sugest\u00e3o<\/option><option value=\"Otros\">Outros<\/option><\/select><\/span>\n<\/p>\n<p><span class=\"wpcf7-form-control-wrap\" data-name=\"your-message\"><textarea cols=\"40\" rows=\"10\" maxlength=\"2000\" class=\"wpcf7-form-control wpcf7-textarea\" aria-invalid=\"false\" placeholder=\"Mensagem ou consulta\" name=\"your-message\"><\/textarea><\/span>\n<\/p>\n<div style=\"display: flex; align-items: center; gap: 10px;\">\n\t<p><span class=\"wpcf7-form-control-wrap\" data-name=\"privacy-policy\"><span class=\"wpcf7-form-control wpcf7-acceptance\"><span class=\"wpcf7-list-item\"><input type=\"checkbox\" name=\"privacy-policy\" value=\"1\" aria-invalid=\"false\" \/><\/span><\/span><\/span><label for=\"privacy-policy\" style=\"margin-left: 5px;\">Li e aceito a pol\u00edtica de privacidade.<\/label>\n\t<\/p>\n<\/div>\n<div style=\"display: flex; align-items: center; gap: 10px;\">\n\t<p><span class=\"wpcf7-form-control-wrap\" data-name=\"send-info\"><span class=\"wpcf7-form-control wpcf7-acceptance\"><span class=\"wpcf7-list-item\"><input type=\"checkbox\" name=\"send-info\" value=\"1\" aria-invalid=\"false\" \/><\/span><\/span><\/span><label for=\"send-info\" style=\"margin-left: 5px;\">Concordo em receber informa\u00e7\u00f5es.<\/label>\n\t<\/p>\n<\/div>\n<p><input class=\"wpcf7-form-control wpcf7-submit has-spinner\" type=\"submit\" value=\"Enviar\" \/>\n<\/p><div class=\"wpcf7-response-output\" aria-hidden=\"true\"><\/div>\n<input type=\"hidden\" name=\"trp-form-language\" value=\"pt\"\/><\/form>\n<\/div>\n<\/div><\/div>\t\t\t\t<\/div>\n\t\t\t\t<\/div>\n\t\t\t\t\t<\/div>\n\t\t<\/div>\n\t\t\t\t\t<\/div>\n\t\t<\/section>\n\t\t\t\t<div class=\"elementor-element elementor-element-615d68f elementor-widget elementor-widget-text-editor\" data-id=\"615d68f\" data-element_type=\"widget\" data-e-type=\"widget\" data-widget_type=\"text-editor.default\">\n\t\t\t\t<div class=\"elementor-widget-container\">\n\t\t\t\t\t\t\t\t\t<p>Ao produzir nossos pr\u00f3prios produtos, podemos ter certeza de oferecer aos nossos clientes o resultado final que eles esperam, atendendo \u00e0s suas demandas e garantindo um produto de qualidade inigual\u00e1vel. Em nosso\u00a0<strong>laborat\u00f3rio<\/strong>, trabalhamos incansavelmente para encontrar as f\u00f3rmulas que criam o\u00a0<strong>detergente<\/strong>, ou qualquer um dos produtos que fabricamos em\u00a0<strong>Dermo SA<\/strong>\u00a0(amaciadores, lava-lou\u00e7as, abrilhantadores, desincrustantes ou limpadores espec\u00edficos para tratamento de pisos e limpadores multiuso, entre muitos outros), que d\u00e3o a resposta esperada e permitem que voc\u00ea desfrute dessa necessidade da qual ningu\u00e9m deve ser privado.\u00a0<strong>Detergentes<\/strong>\u00a0e produtos desenvolvidos nas profundezas de nossa\u00a0<strong>laborat\u00f3rio<\/strong>, que se destacam com qualificadores de efici\u00eancia, efic\u00e1cia, sustentabilidade ou qualidade.<\/p><p>Em\u00a0<strong>Dermo SA<\/strong>\u00a0Oferecemos uma ampla gama de suprimentos dispon\u00edveis, tanto para uso pessoal quanto especialmente para clientes do setor de servi\u00e7os que, por sua vez, devem garantir a satisfa\u00e7\u00e3o de seus pr\u00f3prios clientes (casas de repouso, hot\u00e9is, hospitais, restaurantes, etc.). Todo esse trabalho que fazemos em\u00a0<strong>Dermo SA<\/strong>\u00a0Culmina na aplica\u00e7\u00e3o dos avan\u00e7os tecnol\u00f3gicos aplicados em nossa\u00a0<strong>laborat\u00f3rio<\/strong>\u00a0e instala\u00e7\u00f5es, com as quais alcan\u00e7amos, justamente, esse grau de excel\u00eancia, tanto em produtos como em servi\u00e7os, posicionando-nos como uma\u00a0<strong>f\u00e1brica de detergentes\u00a0<\/strong>de refer\u00eancia na produ\u00e7\u00e3o de produtos deste tipo.<\/p><p>O nosso car\u00e1cter familiar e pr\u00f3ximo leva-nos a oferecer uma aten\u00e7\u00e3o cuidada e um tratamento directo aos detalhes, garantindo a adequada cobertura destas necessidades vitais, pelas quais todos e cada um dos respons\u00e1veis\u00a0<strong>Dermo SA<\/strong>. Sentimos profundo respeito e total comprometimento com uma sociedade saud\u00e1vel.<\/p><p>Se voc\u00ea est\u00e1 procurando sua empresa de confian\u00e7a e\u00a0<strong>f\u00e1brica de detergentes<\/strong>, com um laborat\u00f3rio para desenvolver produtos incompar\u00e1veis de\u00a0<strong>limpeza<\/strong>\u00a0e\u00a0<strong>higiene<\/strong>, n\u00e3o hesite em nos contatar em\u00a0<strong>Dermo SA<\/strong>\u00a0qualquer d\u00favida que voc\u00ea possa ter. Faremos tudo o que estiver ao nosso alcance para satisfaz\u00ea-lo e garantir que essas necessidades essenciais sejam atendidas.<\/p>\t\t\t\t\t\t\t\t<\/div>\n\t\t\t\t<\/div>\n\t\t\t\t\t<\/div>\n\t\t<\/div>\n\t\t\t\t\t<\/div>\n\t\t<\/section>\n\t\t\t\t<section class=\"elementor-section elementor-top-section elementor-element elementor-element-484f41e elementor-section-full_width elementor-section-height-default elementor-section-height-default elementor-invisible\" data-id=\"484f41e\" data-element_type=\"section\" data-e-type=\"section\" data-settings=\"{&quot;animation&quot;:&quot;slideInUp&quot;}\">\n\t\t\t\t\t\t<div class=\"elementor-container elementor-column-gap-default\">\n\t\t\t\t\t<div class=\"elementor-column elementor-col-100 elementor-top-column elementor-element elementor-element-19948363\" data-id=\"19948363\" data-element_type=\"column\" data-e-type=\"column\">\n\t\t\t<div class=\"elementor-widget-wrap elementor-element-populated\">\n\t\t\t\t\t\t<div class=\"elementor-element elementor-element-339044a4 elementor-widget elementor-widget-google_maps\" data-id=\"339044a4\" data-element_type=\"widget\" data-e-type=\"widget\" data-widget_type=\"google_maps.default\">\n\t\t\t\t<div class=\"elementor-widget-container\">\n\t\t\t\t\t\t\t<div class=\"elementor-custom-embed\">\n\t\t\t<iframe loading=\"lazy\"\n\t\t\t\t\tsrc=\"https:\/\/maps.google.com\/maps?q=C%2F%20Pintor%20Joan%20Miro%2C%2016.%20Pol.%20Ind.%20Can%20Humet%20de%20Dalt%2C%2008213%20Poliny%C3%A0.%20Barcelona&#038;t=m&#038;z=15&#038;output=embed&#038;iwloc=near\"\n\t\t\t\t\ttitle=\"C\/ Pintor Joan Miro, 16. Pol. Ind. Can Humet de Dalt, 08213 Poliny\u00e0. Barcelona\"\n\t\t\t\t\taria-label=\"C\/ Pintor Joan Miro, 16. Pol. Ind. Can Humet de Dalt, 08213 Poliny\u00e0. Barcelona\"\n\t\t\t><\/iframe>\n\t\t<\/div>\n\t\t\t\t\t\t<\/div>\n\t\t\t\t<\/div>\n\t\t\t\t\t<\/div>\n\t\t<\/div>\n\t\t\t\t\t<\/div>\n\t\t<\/section>\n\t\t\t\t<\/div>","protected":false},"excerpt":{"rendered":"<p>Para garantir a limpeza e a higiene, precisamos de algu\u00e9m de confian\u00e7a que nos ofere\u00e7a os produtos necess\u00e1rios para atender a essa necessidade urgente. Embora muitas vezes n\u00e3o lhes demos a import\u00e2ncia que merecem, tanto a limpeza quanto a higiene devem ser totalmente garantidas, e at\u00e9 n\u00f3s mesmos devemos ser racionais o suficiente para n\u00e3o...&nbsp;<a href=\"https:\/\/dermo.com\/pt\/detergentes-de-laboratorio\/\" rel=\"bookmark\">Ler mais \u00bb<span class=\"screen-reader-text\">Laborat\u00f3rio de Detergentes<\/span><\/a><\/p>","protected":false},"author":2,"featured_media":0,"parent":0,"menu_order":0,"comment_status":"closed","ping_status":"closed","template":"page-templates\/template-pagebuilder-full-width.php","meta":{"neve_meta_sidebar":"","neve_meta_container":"","neve_meta_enable_content_width":"","neve_meta_content_width":0,"neve_meta_title_alignment":"","neve_meta_author_avatar":"","neve_post_elements_order":"","neve_meta_disable_header":"","neve_meta_disable_footer":"","neve_meta_disable_title":"","footnotes":""},"class_list":["post-12473","page","type-page","status-publish","hentry"],"yoast_head":"<!-- This site is optimized with the Yoast SEO plugin v27.0 - https:\/\/yoast.com\/product\/yoast-seo-wordpress\/ -->\n<title>Laboratorio Detergentes - Dermo | F\u00e1brica de detergentes<\/title>\n<meta name=\"robots\" content=\"index, follow, max-snippet:-1, max-image-preview:large, max-video-preview:-1\" \/>\n<link rel=\"canonical\" href=\"https:\/\/dermo.com\/pt\/detergentes-de-laboratorio\/\" \/>\n<meta property=\"og:locale\" content=\"pt_PT\" \/>\n<meta property=\"og:type\" content=\"article\" \/>\n<meta property=\"og:title\" content=\"Laboratorio Detergentes - Dermo | F\u00e1brica de detergentes\" \/>\n<meta property=\"og:description\" content=\"Para garantizar\u00a0limpieza\u00a0e\u00a0higiene, necesitamos tener a nuestro alcance ese alguien de confianza que nos ofrezca los productos necesarios para cubrir esa necesidad de primera urgencia. Aunque muchas veces no le damos la importancia que merecen, tanto la\u00a0limpieza\u00a0como la\u00a0higiene, han de verse cubiertas con plenas garant\u00edas e incluso, nosotros mismos, debemos ser suficientemente racionales, como para no&hellip;&nbsp;Ler mais &raquo;Laboratorio Detergentes\" \/>\n<meta property=\"og:url\" content=\"https:\/\/dermo.com\/pt\/detergentes-de-laboratorio\/\" \/>\n<meta property=\"og:site_name\" content=\"Dermo | F\u00e1brica de detergentes\" \/>\n<meta property=\"article:modified_time\" content=\"2025-02-19T11:09:21+00:00\" \/>\n<meta name=\"twitter:card\" content=\"summary_large_image\" \/>\n<meta name=\"twitter:label1\" content=\"Tempo estimado de leitura\" \/>\n\t<meta name=\"twitter:data1\" content=\"3 minutos\" \/>\n<script type=\"application\/ld+json\" class=\"yoast-schema-graph\">{\"@context\":\"https:\/\/schema.org\",\"@graph\":[{\"@type\":\"WebPage\",\"@id\":\"https:\/\/dermo.com\/laboratorio-detergentes\/\",\"url\":\"https:\/\/dermo.com\/laboratorio-detergentes\/\",\"name\":\"Laboratorio Detergentes - Dermo | F\u00e1brica de detergentes\",\"isPartOf\":{\"@id\":\"https:\/\/dermo.com\/#website\"},\"datePublished\":\"2025-01-30T11:42:32+00:00\",\"dateModified\":\"2025-02-19T11:09:21+00:00\",\"breadcrumb\":{\"@id\":\"https:\/\/dermo.com\/laboratorio-detergentes\/#breadcrumb\"},\"inLanguage\":\"pt-PT\",\"potentialAction\":[{\"@type\":\"ReadAction\",\"target\":[\"https:\/\/dermo.com\/laboratorio-detergentes\/\"]}]},{\"@type\":\"BreadcrumbList\",\"@id\":\"https:\/\/dermo.com\/laboratorio-detergentes\/#breadcrumb\",\"itemListElement\":[{\"@type\":\"ListItem\",\"position\":1,\"name\":\"Portada\",\"item\":\"https:\/\/dermo.com\/\"},{\"@type\":\"ListItem\",\"position\":2,\"name\":\"Laboratorio Detergentes\"}]},{\"@type\":\"WebSite\",\"@id\":\"https:\/\/dermo.com\/#website\",\"url\":\"https:\/\/dermo.com\/\",\"name\":\"Dermo | F\u00e1brica de detergentes\",\"description\":\"Tecnolog\u00eda avanzada, investigaci\u00f3n y desarrollo, respeto por el medio ambiente, competencia, formaci\u00f3n constante y alto nivel de profesionalidad en nuestro equipo humano, empe\u00f1ado en preservar la calidad de vida, la protecci\u00f3n del entorno natural contin\u00faan motiv\u00e1ndonos para desarrollar en nuestros laboratorios nuevos productos con ingredientes activos altamente biodegradables que hacen posible un desarrollo sostenible.\",\"potentialAction\":[{\"@type\":\"SearchAction\",\"target\":{\"@type\":\"EntryPoint\",\"urlTemplate\":\"https:\/\/dermo.com\/?s={search_term_string}\"},\"query-input\":{\"@type\":\"PropertyValueSpecification\",\"valueRequired\":true,\"valueName\":\"search_term_string\"}}],\"inLanguage\":\"pt-PT\"}]}<\/script>\n<!-- \/ Yoast SEO plugin. -->","yoast_head_json":{"title":"Laborat\u00f3rio de Detergentes - Dermo | F\u00e1brica de detergentes","robots":{"index":"index","follow":"follow","max-snippet":"max-snippet:-1","max-image-preview":"max-image-preview:large","max-video-preview":"max-video-preview:-1"},"canonical":"https:\/\/dermo.com\/pt\/detergentes-de-laboratorio\/","og_locale":"pt_PT","og_type":"article","og_title":"Laboratorio Detergentes - Dermo | F\u00e1brica de detergentes","og_description":"Para garantizar\u00a0limpieza\u00a0e\u00a0higiene, necesitamos tener a nuestro alcance ese alguien de confianza que nos ofrezca los productos necesarios para cubrir esa necesidad de primera urgencia. Aunque muchas veces no le damos la importancia que merecen, tanto la\u00a0limpieza\u00a0como la\u00a0higiene, han de verse cubiertas con plenas garant\u00edas e incluso, nosotros mismos, debemos ser suficientemente racionales, como para no&hellip;&nbsp;Ler mais &raquo;Laboratorio Detergentes","og_url":"https:\/\/dermo.com\/pt\/detergentes-de-laboratorio\/","og_site_name":"Dermo | F\u00e1brica de detergentes","article_modified_time":"2025-02-19T11:09:21+00:00","twitter_card":"summary_large_image","twitter_misc":{"Tempo estimado de leitura":"3 minutos"},"schema":{"@context":"https:\/\/schema.org","@graph":[{"@type":"WebPage","@id":"https:\/\/dermo.com\/laboratorio-detergentes\/","url":"https:\/\/dermo.com\/laboratorio-detergentes\/","name":"Laborat\u00f3rio de Detergentes - Dermo | F\u00e1brica de detergentes","isPartOf":{"@id":"https:\/\/dermo.com\/#website"},"datePublished":"2025-01-30T11:42:32+00:00","dateModified":"2025-02-19T11:09:21+00:00","breadcrumb":{"@id":"https:\/\/dermo.com\/laboratorio-detergentes\/#breadcrumb"},"inLanguage":"pt-PT","potentialAction":[{"@type":"ReadAction","target":["https:\/\/dermo.com\/laboratorio-detergentes\/"]}]},{"@type":"BreadcrumbList","@id":"https:\/\/dermo.com\/laboratorio-detergentes\/#breadcrumb","itemListElement":[{"@type":"ListItem","position":1,"name":"Portada","item":"https:\/\/dermo.com\/"},{"@type":"ListItem","position":2,"name":"Laboratorio Detergentes"}]},{"@type":"WebSite","@id":"https:\/\/dermo.com\/#website","url":"https:\/\/dermo.com\/","name":"Dermo | f\u00e1brica de detergentes","description":"A tecnologia avan\u00e7ada, a investiga\u00e7\u00e3o e desenvolvimento, o respeito pelo ambiente, a compet\u00eancia, a forma\u00e7\u00e3o constante e o elevado n\u00edvel de profissionalismo da nossa equipa humana, comprometida com a preserva\u00e7\u00e3o da qualidade de vida, a protec\u00e7\u00e3o do ambiente natural continuam a motivar-nos a desenvolver novos produtos nos nossos laborat\u00f3rios com princ\u00edpios ativos altamente biodegrad\u00e1veis que possibilitam o desenvolvimento sustent\u00e1vel.","potentialAction":[{"@type":"SearchAction","target":{"@type":"EntryPoint","urlTemplate":"https:\/\/dermo.com\/?s={search_term_string}"},"query-input":{"@type":"PropertyValueSpecification","valueRequired":true,"valueName":"search_term_string"}}],"inLanguage":"pt-PT"}]}},"_links":{"self":[{"href":"https:\/\/dermo.com\/pt\/wp-json\/wp\/v2\/pages\/12473","targetHints":{"allow":["GET"]}}],"collection":[{"href":"https:\/\/dermo.com\/pt\/wp-json\/wp\/v2\/pages"}],"about":[{"href":"https:\/\/dermo.com\/pt\/wp-json\/wp\/v2\/types\/page"}],"author":[{"embeddable":true,"href":"https:\/\/dermo.com\/pt\/wp-json\/wp\/v2\/users\/2"}],"replies":[{"embeddable":true,"href":"https:\/\/dermo.com\/pt\/wp-json\/wp\/v2\/comments?post=12473"}],"version-history":[{"count":7,"href":"https:\/\/dermo.com\/pt\/wp-json\/wp\/v2\/pages\/12473\/revisions"}],"predecessor-version":[{"id":13602,"href":"https:\/\/dermo.com\/pt\/wp-json\/wp\/v2\/pages\/12473\/revisions\/13602"}],"wp:attachment":[{"href":"https:\/\/dermo.com\/pt\/wp-json\/wp\/v2\/media?parent=12473"}],"curies":[{"name":"wp","href":"https:\/\/api.w.org\/{rel}","templated":true}]}}