{"id":12482,"date":"2025-01-30T12:44:03","date_gmt":"2025-01-30T11:44:03","guid":{"rendered":"https:\/\/dermo.com\/?page_id=12482"},"modified":"2025-02-19T11:54:48","modified_gmt":"2025-02-19T10:54:48","slug":"fabrica-de-detergentes-amaciantes-de-roupas","status":"publish","type":"page","link":"https:\/\/dermo.com\/pt\/fabrica-de-detergentes-amaciantes-de-roupas\/","title":{"rendered":"F\u00e1brica de detergentes amaciantes de tecidos"},"content":{"rendered":"<div data-elementor-type=\"wp-page\" data-elementor-id=\"12482\" class=\"elementor elementor-12482\" data-elementor-post-type=\"page\">\n\t\t\t\t\t\t<section class=\"elementor-section elementor-top-section elementor-element elementor-element-a02683f elementor-section-boxed elementor-section-height-default elementor-section-height-default\" data-id=\"a02683f\" data-element_type=\"section\" data-e-type=\"section\" data-settings=\"{&quot;background_background&quot;:&quot;classic&quot;}\">\n\t\t\t\t\t\t\t<div class=\"elementor-background-overlay\"><\/div>\n\t\t\t\t\t\t\t<div class=\"elementor-container elementor-column-gap-default\">\n\t\t\t\t\t<div class=\"elementor-column elementor-col-100 elementor-top-column elementor-element elementor-element-f99dbff\" data-id=\"f99dbff\" data-element_type=\"column\" data-e-type=\"column\">\n\t\t\t<div class=\"elementor-widget-wrap elementor-element-populated\">\n\t\t\t\t\t\t\t<\/div>\n\t\t<\/div>\n\t\t\t\t\t<\/div>\n\t\t<\/section>\n\t\t\t\t<section class=\"elementor-section elementor-top-section elementor-element elementor-element-233ad3a4 elementor-section-boxed elementor-section-height-default elementor-section-height-default\" data-id=\"233ad3a4\" data-element_type=\"section\" data-e-type=\"section\">\n\t\t\t\t\t\t<div class=\"elementor-container elementor-column-gap-default\">\n\t\t\t\t\t<div class=\"elementor-column elementor-col-100 elementor-top-column elementor-element elementor-element-3244e578\" data-id=\"3244e578\" data-element_type=\"column\" data-e-type=\"column\">\n\t\t\t<div class=\"elementor-widget-wrap elementor-element-populated\">\n\t\t\t\t\t\t<section class=\"elementor-section elementor-inner-section elementor-element elementor-element-1a7040c2 elementor-section-content-middle elementor-section-boxed elementor-section-height-default elementor-section-height-default\" data-id=\"1a7040c2\" data-element_type=\"section\" data-e-type=\"section\">\n\t\t\t\t\t\t<div class=\"elementor-container elementor-column-gap-default\">\n\t\t\t\t\t<div class=\"elementor-column elementor-col-50 elementor-inner-column elementor-element elementor-element-58338543\" data-id=\"58338543\" data-element_type=\"column\" data-e-type=\"column\">\n\t\t\t<div class=\"elementor-widget-wrap elementor-element-populated\">\n\t\t\t\t\t\t<div class=\"elementor-element elementor-element-464b2e11 elementor-widget elementor-widget-text-editor\" data-id=\"464b2e11\" data-element_type=\"widget\" data-e-type=\"widget\" data-widget_type=\"text-editor.default\">\n\t\t\t\t<div class=\"elementor-widget-container\">\n\t\t\t\t\t\t\t\t\t<p>O\u00a0<strong>limpeza<\/strong>\u00a0e o\u00a0<strong>higiene<\/strong>\u00a0Essas s\u00e3o duas das necessidades vitais mais importantes que devem prevalecer em todas e cada uma das diferentes realidades que se vivenciam neste mundo, desenvolvidas ou n\u00e3o, e que, infelizmente, n\u00e3o s\u00e3o atendidas. As marcas que o mundo materialista e capitalista deu nas esferas mais elevadas dessas realidades fizeram com que muitos de n\u00f3s n\u00e3o perceb\u00eassemos a import\u00e2ncia de muitas coisas substanciais sem as quais outras n\u00e3o seriam poss\u00edveis. Referindo-se novamente ao\u00a0<strong>limpeza<\/strong>\u00a0e\u00a0<strong>higiene<\/strong>, em\u00a0<strong>Dermo SA<\/strong>, grandes representantes da sua defesa em qualquer circunst\u00e2ncia, acreditam que \u00e9 preciso bater na mesa e trazer \u00e0 tona a verdade de uma situa\u00e7\u00e3o que, principalmente nos pa\u00edses menos desenvolvidos, afeta duplamente.<\/p><p><strong>Dermo SA<\/strong>, \u00e9 uma empresa e\u00a0<strong>f\u00e1brica de detergentes<\/strong>\u00a0com vasta experi\u00eancia no setor de\u00a0<strong>limpeza<\/strong>\u00a0e o\u00a0<strong>higiene<\/strong>, depois de mais de 25 anos garantindo que oferecemos aos nossos clientes o melhor\u00a0<strong>detergentes, amaciantes de tecidos,<\/strong>\u00a0e acess\u00f3rios e complementos essenciais para garantir, com precis\u00e3o, a correta cobertura dessas necessidades.<\/p><p>Seja a n\u00edvel privado, em casa, ou no setor p\u00fablico, em hot\u00e9is, lares de idosos, restaurantes ou empresas de servi\u00e7os dedicados ao p\u00fablico em geral, todos e cada um de n\u00f3s devemos zelar pelo cumprimento adequado destas na nossa vida di\u00e1ria e, por isso,\u00a0<strong>Dermo SA<\/strong>\u00a0oferece um amplo cat\u00e1logo com mais de 200 produtos, entre os quais se destacam:\u00a0<strong>detergentes, amaciantes de tecidos<\/strong>, limpadores multiuso e uma s\u00e9rie de efeitos para garantir a\u00a0<strong>limpeza<\/strong>\u00a0e o\u00a0<strong>higiene<\/strong>. Fazendo men\u00e7\u00e3o especial a um deles, como\u00a0<strong>f\u00e1brica de detergente amaciante de roupas<\/strong>N\u00e3o achamos que algu\u00e9m possa imaginar um mundo em que n\u00e3o acordar\u00edamos e encontrar\u00edamos nossas roupas perfeitamente limpas e dobradas, prontas para usar, como se fossem novas. Ou um hospital que carece do seu valor mais intr\u00ednseco, o\u00a0<strong>higiene<\/strong>; assim como n\u00e3o comer\u00edamos em um restaurante onde o chef manuseava a comida com as m\u00e3os sujas e as mesas estavam cobertas de grandes manchas nas toalhas.<\/p>\t\t\t\t\t\t\t\t<\/div>\n\t\t\t\t<\/div>\n\t\t\t\t\t<\/div>\n\t\t<\/div>\n\t\t\t\t<div class=\"elementor-column elementor-col-50 elementor-inner-column elementor-element elementor-element-8a14a50 elementor-invisible\" data-id=\"8a14a50\" data-element_type=\"column\" data-e-type=\"column\" data-settings=\"{&quot;animation&quot;:&quot;bounceInRight&quot;}\">\n\t\t\t<div class=\"elementor-widget-wrap elementor-element-populated\">\n\t\t\t\t\t\t<div class=\"elementor-element elementor-element-6b7d0d8 elementor-widget elementor-widget-elementskit-contact-form7\" data-id=\"6b7d0d8\" data-element_type=\"widget\" data-e-type=\"widget\" data-widget_type=\"elementskit-contact-form7.default\">\n\t\t\t\t<div class=\"elementor-widget-container\">\n\t\t\t\t\t<div class=\"ekit-wid-con\" ><div class=\"ekit-form\">\n<div class=\"wpcf7 no-js\" id=\"wpcf7-f13292-p12482-o1\" lang=\"es-ES\" dir=\"ltr\" data-wpcf7-id=\"13292\">\n<div class=\"screen-reader-response\"><p role=\"status\" aria-live=\"polite\" aria-atomic=\"true\"><\/p> <ul><\/ul><\/div>\n<form action=\"\/pt\/fabrica-de-detergentes-amaciantes-de-roupas\/#wpcf7-f13292-p12482-o1\" method=\"post\" class=\"wpcf7-form init\" aria-label=\"Formulario de contacto\" novalidate=\"novalidate\" data-status=\"init\" data-no-translation-aria-label=\"\" data-trp-original-action=\"\/pt\/fabrica-de-detergentes-suavizantes\/#wpcf7-f13292-p12482-o1\">\n<fieldset class=\"hidden-fields-container\"><input type=\"hidden\" name=\"_wpcf7\" value=\"13292\" \/><input type=\"hidden\" name=\"_wpcf7_version\" value=\"6.1.5\" \/><input type=\"hidden\" name=\"_wpcf7_locale\" value=\"es_ES\" \/><input type=\"hidden\" name=\"_wpcf7_unit_tag\" value=\"wpcf7-f13292-p12482-o1\" \/><input type=\"hidden\" name=\"_wpcf7_container_post\" value=\"12482\" \/><input type=\"hidden\" name=\"_wpcf7_posted_data_hash\" value=\"\" \/><input type=\"hidden\" name=\"_wpcf7_recaptcha_response\" value=\"\" \/>\n<\/fieldset>\n<div style=\"display: flex; gap: 10px;\">\n\t<div style=\"width: 50%;\">\n\t\t<p><span class=\"wpcf7-form-control-wrap\" data-name=\"your-name\"><input size=\"40\" maxlength=\"400\" class=\"wpcf7-form-control wpcf7-text wpcf7-validates-as-required\" aria-required=\"true\" aria-invalid=\"false\" placeholder=\"Nome\" value=\"\" type=\"text\" name=\"your-name\" \/><\/span>\n\t\t<\/p>\n\t<\/div>\n\t<div style=\"width: 50%;\">\n\t\t<p><span class=\"wpcf7-form-control-wrap\" data-name=\"your-phone\"><input size=\"40\" maxlength=\"400\" class=\"wpcf7-form-control wpcf7-tel wpcf7-validates-as-required wpcf7-text wpcf7-validates-as-tel\" aria-required=\"true\" aria-invalid=\"false\" placeholder=\"Telefone\" value=\"\" type=\"tel\" name=\"your-phone\" \/><\/span>\n\t\t<\/p>\n\t<\/div>\n<\/div>\n<p><span class=\"wpcf7-form-control-wrap\" data-name=\"your-email\"><input size=\"40\" maxlength=\"400\" class=\"wpcf7-form-control wpcf7-email wpcf7-validates-as-required wpcf7-text wpcf7-validates-as-email\" aria-required=\"true\" aria-invalid=\"false\" placeholder=\"E-mail\" value=\"\" type=\"email\" name=\"your-email\" \/><\/span>\n<\/p>\n<div style=\"display: flex; gap: 10px;\">\n\t<div style=\"width: 50%;\">\n\t\t<p><span class=\"wpcf7-form-control-wrap\" data-name=\"your-country\"><input size=\"40\" maxlength=\"400\" class=\"wpcf7-form-control wpcf7-text wpcf7-validates-as-required\" aria-required=\"true\" aria-invalid=\"false\" placeholder=\"Pa\u00eds\" value=\"\" type=\"text\" name=\"your-country\" \/><\/span>\n\t\t<\/p>\n\t<\/div>\n\t<div style=\"width: 50%;\">\n\t\t<p><span class=\"wpcf7-form-control-wrap\" data-name=\"your-city\"><input size=\"40\" maxlength=\"400\" class=\"wpcf7-form-control wpcf7-text wpcf7-validates-as-required\" aria-required=\"true\" aria-invalid=\"false\" placeholder=\"Popula\u00e7\u00e3o\" value=\"\" type=\"text\" name=\"your-city\" \/><\/span>\n\t\t<\/p>\n\t<\/div>\n<\/div>\n<p><span class=\"wpcf7-form-control-wrap\" data-name=\"your-subject\"><select class=\"wpcf7-form-control wpcf7-select\" aria-invalid=\"false\" name=\"your-subject\"><option value=\"Quiero ser distribuidor\">Quero ser um distribuidor<\/option><option value=\"Presupuesto\">Or\u00e7amento<\/option><option value=\"Consulta\">Consulta<\/option><option value=\"Sugerencia\">Sugest\u00e3o<\/option><option value=\"Otros\">Outros<\/option><\/select><\/span>\n<\/p>\n<p><span class=\"wpcf7-form-control-wrap\" data-name=\"your-message\"><textarea cols=\"40\" rows=\"10\" maxlength=\"2000\" class=\"wpcf7-form-control wpcf7-textarea\" aria-invalid=\"false\" placeholder=\"Mensagem ou consulta\" name=\"your-message\"><\/textarea><\/span>\n<\/p>\n<div style=\"display: flex; align-items: center; gap: 10px;\">\n\t<p><span class=\"wpcf7-form-control-wrap\" data-name=\"privacy-policy\"><span class=\"wpcf7-form-control wpcf7-acceptance\"><span class=\"wpcf7-list-item\"><input type=\"checkbox\" name=\"privacy-policy\" value=\"1\" aria-invalid=\"false\" \/><\/span><\/span><\/span><label for=\"privacy-policy\" style=\"margin-left: 5px;\">Li e aceito a pol\u00edtica de privacidade.<\/label>\n\t<\/p>\n<\/div>\n<div style=\"display: flex; align-items: center; gap: 10px;\">\n\t<p><span class=\"wpcf7-form-control-wrap\" data-name=\"send-info\"><span class=\"wpcf7-form-control wpcf7-acceptance\"><span class=\"wpcf7-list-item\"><input type=\"checkbox\" name=\"send-info\" value=\"1\" aria-invalid=\"false\" \/><\/span><\/span><\/span><label for=\"send-info\" style=\"margin-left: 5px;\">Concordo em receber informa\u00e7\u00f5es.<\/label>\n\t<\/p>\n<\/div>\n<p><input class=\"wpcf7-form-control wpcf7-submit has-spinner\" type=\"submit\" value=\"Enviar\" \/>\n<\/p><div class=\"wpcf7-response-output\" aria-hidden=\"true\"><\/div>\n<input type=\"hidden\" name=\"trp-form-language\" value=\"pt\"\/><\/form>\n<\/div>\n<\/div><\/div>\t\t\t\t<\/div>\n\t\t\t\t<\/div>\n\t\t\t\t\t<\/div>\n\t\t<\/div>\n\t\t\t\t\t<\/div>\n\t\t<\/section>\n\t\t\t\t<div class=\"elementor-element elementor-element-615d68f elementor-widget elementor-widget-text-editor\" data-id=\"615d68f\" data-element_type=\"widget\" data-e-type=\"widget\" data-widget_type=\"text-editor.default\">\n\t\t\t\t<div class=\"elementor-widget-container\">\n\t\t\t\t\t\t\t\t\t<p>Atendendo sempre as demandas dos nossos clientes, com esfor\u00e7o, dedica\u00e7\u00e3o e comprometimento, em\u00a0<strong>Dermo SA<\/strong>, gra\u00e7as \u00e0 confian\u00e7a destes e dos nossos fornecedores e colaboradores, apresentamos-lhe uma\u00a0<strong>f\u00e1brica de detergente amaciante de roupas<\/strong>, preocupados com essa necessidade, dispostos a dar solu\u00e7\u00e3o a essas necessidades gra\u00e7as ao esfor\u00e7o di\u00e1rio de cada pessoa que merece ter cobertura para essas necessidades. Com\u00a0<strong>detergentes amaciantes de tecidos<\/strong>\u00a0caracterizada pela excel\u00eancia presente em qualquer um dos nossos servi\u00e7os, o trabalho constante tem permitido que\u00a0<strong>f\u00e1brica de detergente amaciante de roupas<\/strong>\u00a0est\u00e1 posicionada em posi\u00e7\u00e3o privilegiada no mercado, oferecendo produtos eficientes, eficazes e sustent\u00e1veis.<\/p><p>A principal raz\u00e3o da exist\u00eancia da nossa empresa s\u00e3o os nossos clientes e a sua total satisfa\u00e7\u00e3o, por isso apostamos em garantir isso oferecendo os melhores produtos e servi\u00e7os, neste caso\u00a0<strong>detergentes amaciantes de tecidos<\/strong>, para atingir esse objetivo com o n\u00edvel de excel\u00eancia que nos caracteriza e nos distingue dos demais. Se voc\u00ea est\u00e1 procurando sua empresa e\u00a0<strong>f\u00e1brica de detergente amaciante de roupas\u00a0<\/strong>confi\u00e1vel, n\u00e3o hesite em entrar em contato com nossa equipe e nos contar qualquer d\u00favida que voc\u00ea tenha sobre esse assunto. Devido ao nosso car\u00e1ter familiar e pr\u00f3ximo, marcado por valores como a responsabilidade, o comprometimento ou a total disposi\u00e7\u00e3o para nos dedicarmos \u00e0 nossa voca\u00e7\u00e3o, faremos todo o poss\u00edvel para satisfaz\u00ea-lo e garantir a sua satisfa\u00e7\u00e3o.\u00a0<strong>limpeza<\/strong>\u00a0e<strong>\u00a0higiene<\/strong>\u00a0que voc\u00ea merece com nosso\u00a0<strong>detergentes amaciantes de tecidos<\/strong>.<\/p>\t\t\t\t\t\t\t\t<\/div>\n\t\t\t\t<\/div>\n\t\t\t\t\t<\/div>\n\t\t<\/div>\n\t\t\t\t\t<\/div>\n\t\t<\/section>\n\t\t\t\t<section class=\"elementor-section elementor-top-section elementor-element elementor-element-484f41e elementor-section-full_width elementor-section-height-default elementor-section-height-default elementor-invisible\" data-id=\"484f41e\" data-element_type=\"section\" data-e-type=\"section\" data-settings=\"{&quot;animation&quot;:&quot;slideInUp&quot;}\">\n\t\t\t\t\t\t<div class=\"elementor-container elementor-column-gap-default\">\n\t\t\t\t\t<div class=\"elementor-column elementor-col-100 elementor-top-column elementor-element elementor-element-19948363\" data-id=\"19948363\" data-element_type=\"column\" data-e-type=\"column\">\n\t\t\t<div class=\"elementor-widget-wrap elementor-element-populated\">\n\t\t\t\t\t\t<div class=\"elementor-element elementor-element-339044a4 elementor-widget elementor-widget-google_maps\" data-id=\"339044a4\" data-element_type=\"widget\" data-e-type=\"widget\" data-widget_type=\"google_maps.default\">\n\t\t\t\t<div class=\"elementor-widget-container\">\n\t\t\t\t\t\t\t<div class=\"elementor-custom-embed\">\n\t\t\t<iframe loading=\"lazy\"\n\t\t\t\t\tsrc=\"https:\/\/maps.google.com\/maps?q=C%2F%20Pintor%20Joan%20Miro%2C%2016.%20Pol.%20Ind.%20Can%20Humet%20de%20Dalt%2C%2008213%20Poliny%C3%A0.%20Barcelona&#038;t=m&#038;z=15&#038;output=embed&#038;iwloc=near\"\n\t\t\t\t\ttitle=\"C\/ Pintor Joan Miro, 16. Pol. Ind. Can Humet de Dalt, 08213 Poliny\u00e0. Barcelona\"\n\t\t\t\t\taria-label=\"C\/ Pintor Joan Miro, 16. Pol. Ind. Can Humet de Dalt, 08213 Poliny\u00e0. Barcelona\"\n\t\t\t><\/iframe>\n\t\t<\/div>\n\t\t\t\t\t\t<\/div>\n\t\t\t\t<\/div>\n\t\t\t\t\t<\/div>\n\t\t<\/div>\n\t\t\t\t\t<\/div>\n\t\t<\/section>\n\t\t\t\t<\/div>","protected":false},"excerpt":{"rendered":"<p>Limpeza e higiene s\u00e3o duas das necessidades vitais mais importantes que deveriam prevalecer em todas e cada uma das diferentes realidades vivenciadas neste mundo, sejam elas desenvolvidas ou n\u00e3o, e, no entanto, infelizmente, n\u00e3o s\u00e3o atendidas. O prest\u00edgio que o mundo materialista e capitalista concedeu \u00e0s esferas mais elevadas dessas realidades...&nbsp;<a href=\"https:\/\/dermo.com\/pt\/fabrica-de-detergentes-amaciantes-de-roupas\/\" rel=\"bookmark\">Ler mais \u00bb<span class=\"screen-reader-text\">F\u00e1brica de detergentes amaciantes de tecidos<\/span><\/a><\/p>","protected":false},"author":2,"featured_media":0,"parent":0,"menu_order":0,"comment_status":"closed","ping_status":"closed","template":"page-templates\/template-pagebuilder-full-width.php","meta":{"neve_meta_sidebar":"","neve_meta_container":"","neve_meta_enable_content_width":"","neve_meta_content_width":0,"neve_meta_title_alignment":"","neve_meta_author_avatar":"","neve_post_elements_order":"","neve_meta_disable_header":"","neve_meta_disable_footer":"","neve_meta_disable_title":"","footnotes":""},"class_list":["post-12482","page","type-page","status-publish","hentry"],"yoast_head":"<!-- This site is optimized with the Yoast SEO plugin v27.0 - https:\/\/yoast.com\/product\/yoast-seo-wordpress\/ -->\n<title>F\u00e1brica de detergentes suavizantes - Dermo | F\u00e1brica de detergentes<\/title>\n<meta name=\"robots\" content=\"index, follow, max-snippet:-1, max-image-preview:large, max-video-preview:-1\" \/>\n<link rel=\"canonical\" href=\"https:\/\/dermo.com\/pt\/fabrica-de-detergentes-amaciantes-de-roupas\/\" \/>\n<meta property=\"og:locale\" content=\"pt_PT\" \/>\n<meta property=\"og:type\" content=\"article\" \/>\n<meta property=\"og:title\" content=\"F\u00e1brica de detergentes suavizantes - Dermo | F\u00e1brica de detergentes\" \/>\n<meta property=\"og:description\" content=\"La\u00a0limpieza\u00a0y la\u00a0higiene\u00a0son dos de las necesidades vitales m\u00e1s importantes que deber\u00edan primar en todos y cada una de las diferentes realidades que se viven en este mundo, desarrollado o no, y que, por desgracia, no se cumplen. Los galones que el mundo materialista y capitalista han regalado a las esferas m\u00e1s altas de estas realidades&hellip;&nbsp;Ler mais &raquo;F\u00e1brica de detergentes suavizantes\" \/>\n<meta property=\"og:url\" content=\"https:\/\/dermo.com\/pt\/fabrica-de-detergentes-amaciantes-de-roupas\/\" \/>\n<meta property=\"og:site_name\" content=\"Dermo | F\u00e1brica de detergentes\" \/>\n<meta property=\"article:modified_time\" content=\"2025-02-19T10:54:48+00:00\" \/>\n<meta name=\"twitter:card\" content=\"summary_large_image\" \/>\n<meta name=\"twitter:label1\" content=\"Tempo estimado de leitura\" \/>\n\t<meta name=\"twitter:data1\" content=\"3 minutos\" \/>\n<script type=\"application\/ld+json\" class=\"yoast-schema-graph\">{\"@context\":\"https:\/\/schema.org\",\"@graph\":[{\"@type\":\"WebPage\",\"@id\":\"https:\/\/dermo.com\/fabrica-de-detergentes-suavizantes\/\",\"url\":\"https:\/\/dermo.com\/fabrica-de-detergentes-suavizantes\/\",\"name\":\"F\u00e1brica de detergentes suavizantes - Dermo | F\u00e1brica de detergentes\",\"isPartOf\":{\"@id\":\"https:\/\/dermo.com\/#website\"},\"datePublished\":\"2025-01-30T11:44:03+00:00\",\"dateModified\":\"2025-02-19T10:54:48+00:00\",\"breadcrumb\":{\"@id\":\"https:\/\/dermo.com\/fabrica-de-detergentes-suavizantes\/#breadcrumb\"},\"inLanguage\":\"pt-PT\",\"potentialAction\":[{\"@type\":\"ReadAction\",\"target\":[\"https:\/\/dermo.com\/fabrica-de-detergentes-suavizantes\/\"]}]},{\"@type\":\"BreadcrumbList\",\"@id\":\"https:\/\/dermo.com\/fabrica-de-detergentes-suavizantes\/#breadcrumb\",\"itemListElement\":[{\"@type\":\"ListItem\",\"position\":1,\"name\":\"Portada\",\"item\":\"https:\/\/dermo.com\/\"},{\"@type\":\"ListItem\",\"position\":2,\"name\":\"F\u00e1brica de detergentes suavizantes\"}]},{\"@type\":\"WebSite\",\"@id\":\"https:\/\/dermo.com\/#website\",\"url\":\"https:\/\/dermo.com\/\",\"name\":\"Dermo | F\u00e1brica de detergentes\",\"description\":\"Tecnolog\u00eda avanzada, investigaci\u00f3n y desarrollo, respeto por el medio ambiente, competencia, formaci\u00f3n constante y alto nivel de profesionalidad en nuestro equipo humano, empe\u00f1ado en preservar la calidad de vida, la protecci\u00f3n del entorno natural contin\u00faan motiv\u00e1ndonos para desarrollar en nuestros laboratorios nuevos productos con ingredientes activos altamente biodegradables que hacen posible un desarrollo sostenible.\",\"potentialAction\":[{\"@type\":\"SearchAction\",\"target\":{\"@type\":\"EntryPoint\",\"urlTemplate\":\"https:\/\/dermo.com\/?s={search_term_string}\"},\"query-input\":{\"@type\":\"PropertyValueSpecification\",\"valueRequired\":true,\"valueName\":\"search_term_string\"}}],\"inLanguage\":\"pt-PT\"}]}<\/script>\n<!-- \/ Yoast SEO plugin. -->","yoast_head_json":{"title":"F\u00e1brica de detergente para amaciante de roupas - Dermo | F\u00e1brica de detergentes","robots":{"index":"index","follow":"follow","max-snippet":"max-snippet:-1","max-image-preview":"max-image-preview:large","max-video-preview":"max-video-preview:-1"},"canonical":"https:\/\/dermo.com\/pt\/fabrica-de-detergentes-amaciantes-de-roupas\/","og_locale":"pt_PT","og_type":"article","og_title":"F\u00e1brica de detergentes suavizantes - Dermo | F\u00e1brica de detergentes","og_description":"La\u00a0limpieza\u00a0y la\u00a0higiene\u00a0son dos de las necesidades vitales m\u00e1s importantes que deber\u00edan primar en todos y cada una de las diferentes realidades que se viven en este mundo, desarrollado o no, y que, por desgracia, no se cumplen. Los galones que el mundo materialista y capitalista han regalado a las esferas m\u00e1s altas de estas realidades&hellip;&nbsp;Ler mais &raquo;F\u00e1brica de detergentes suavizantes","og_url":"https:\/\/dermo.com\/pt\/fabrica-de-detergentes-amaciantes-de-roupas\/","og_site_name":"Dermo | F\u00e1brica de detergentes","article_modified_time":"2025-02-19T10:54:48+00:00","twitter_card":"summary_large_image","twitter_misc":{"Tempo estimado de leitura":"3 minutos"},"schema":{"@context":"https:\/\/schema.org","@graph":[{"@type":"WebPage","@id":"https:\/\/dermo.com\/fabrica-de-detergentes-suavizantes\/","url":"https:\/\/dermo.com\/fabrica-de-detergentes-suavizantes\/","name":"F\u00e1brica de detergente para amaciante de roupas - Dermo | F\u00e1brica de detergentes","isPartOf":{"@id":"https:\/\/dermo.com\/#website"},"datePublished":"2025-01-30T11:44:03+00:00","dateModified":"2025-02-19T10:54:48+00:00","breadcrumb":{"@id":"https:\/\/dermo.com\/fabrica-de-detergentes-suavizantes\/#breadcrumb"},"inLanguage":"pt-PT","potentialAction":[{"@type":"ReadAction","target":["https:\/\/dermo.com\/fabrica-de-detergentes-suavizantes\/"]}]},{"@type":"BreadcrumbList","@id":"https:\/\/dermo.com\/fabrica-de-detergentes-suavizantes\/#breadcrumb","itemListElement":[{"@type":"ListItem","position":1,"name":"Portada","item":"https:\/\/dermo.com\/"},{"@type":"ListItem","position":2,"name":"F\u00e1brica de detergentes suavizantes"}]},{"@type":"WebSite","@id":"https:\/\/dermo.com\/#website","url":"https:\/\/dermo.com\/","name":"Dermo | f\u00e1brica de detergentes","description":"A tecnologia avan\u00e7ada, a investiga\u00e7\u00e3o e desenvolvimento, o respeito pelo ambiente, a compet\u00eancia, a forma\u00e7\u00e3o constante e o elevado n\u00edvel de profissionalismo da nossa equipa humana, comprometida com a preserva\u00e7\u00e3o da qualidade de vida, a protec\u00e7\u00e3o do ambiente natural continuam a motivar-nos a desenvolver novos produtos nos nossos laborat\u00f3rios com princ\u00edpios ativos altamente biodegrad\u00e1veis que possibilitam o desenvolvimento sustent\u00e1vel.","potentialAction":[{"@type":"SearchAction","target":{"@type":"EntryPoint","urlTemplate":"https:\/\/dermo.com\/?s={search_term_string}"},"query-input":{"@type":"PropertyValueSpecification","valueRequired":true,"valueName":"search_term_string"}}],"inLanguage":"pt-PT"}]}},"_links":{"self":[{"href":"https:\/\/dermo.com\/pt\/wp-json\/wp\/v2\/pages\/12482","targetHints":{"allow":["GET"]}}],"collection":[{"href":"https:\/\/dermo.com\/pt\/wp-json\/wp\/v2\/pages"}],"about":[{"href":"https:\/\/dermo.com\/pt\/wp-json\/wp\/v2\/types\/page"}],"author":[{"embeddable":true,"href":"https:\/\/dermo.com\/pt\/wp-json\/wp\/v2\/users\/2"}],"replies":[{"embeddable":true,"href":"https:\/\/dermo.com\/pt\/wp-json\/wp\/v2\/comments?post=12482"}],"version-history":[{"count":7,"href":"https:\/\/dermo.com\/pt\/wp-json\/wp\/v2\/pages\/12482\/revisions"}],"predecessor-version":[{"id":13538,"href":"https:\/\/dermo.com\/pt\/wp-json\/wp\/v2\/pages\/12482\/revisions\/13538"}],"wp:attachment":[{"href":"https:\/\/dermo.com\/pt\/wp-json\/wp\/v2\/media?parent=12482"}],"curies":[{"name":"wp","href":"https:\/\/api.w.org\/{rel}","templated":true}]}}