{"id":12490,"date":"2025-01-30T12:44:46","date_gmt":"2025-01-30T11:44:46","guid":{"rendered":"https:\/\/dermo.com\/?page_id=12490"},"modified":"2025-02-19T11:45:53","modified_gmt":"2025-02-19T10:45:53","slug":"empresa-de-purificadores-de-ar","status":"publish","type":"page","link":"https:\/\/dermo.com\/pt\/empresa-de-purificadores-de-ar\/","title":{"rendered":"Empresa de ambientadores"},"content":{"rendered":"<div data-elementor-type=\"wp-page\" data-elementor-id=\"12490\" class=\"elementor elementor-12490\" data-elementor-post-type=\"page\">\n\t\t\t\t\t\t<section class=\"elementor-section elementor-top-section elementor-element elementor-element-a02683f elementor-section-boxed elementor-section-height-default elementor-section-height-default\" data-id=\"a02683f\" data-element_type=\"section\" data-e-type=\"section\" data-settings=\"{&quot;background_background&quot;:&quot;classic&quot;}\">\n\t\t\t\t\t\t\t<div class=\"elementor-background-overlay\"><\/div>\n\t\t\t\t\t\t\t<div class=\"elementor-container elementor-column-gap-default\">\n\t\t\t\t\t<div class=\"elementor-column elementor-col-100 elementor-top-column elementor-element elementor-element-f99dbff\" data-id=\"f99dbff\" data-element_type=\"column\" data-e-type=\"column\">\n\t\t\t<div class=\"elementor-widget-wrap elementor-element-populated\">\n\t\t\t\t\t\t\t<\/div>\n\t\t<\/div>\n\t\t\t\t\t<\/div>\n\t\t<\/section>\n\t\t\t\t<section class=\"elementor-section elementor-top-section elementor-element elementor-element-233ad3a4 elementor-section-boxed elementor-section-height-default elementor-section-height-default\" data-id=\"233ad3a4\" data-element_type=\"section\" data-e-type=\"section\">\n\t\t\t\t\t\t<div class=\"elementor-container elementor-column-gap-default\">\n\t\t\t\t\t<div class=\"elementor-column elementor-col-100 elementor-top-column elementor-element elementor-element-3244e578\" data-id=\"3244e578\" data-element_type=\"column\" data-e-type=\"column\">\n\t\t\t<div class=\"elementor-widget-wrap elementor-element-populated\">\n\t\t\t\t\t\t<section class=\"elementor-section elementor-inner-section elementor-element elementor-element-1a7040c2 elementor-section-content-middle elementor-section-boxed elementor-section-height-default elementor-section-height-default\" data-id=\"1a7040c2\" data-element_type=\"section\" data-e-type=\"section\">\n\t\t\t\t\t\t<div class=\"elementor-container elementor-column-gap-default\">\n\t\t\t\t\t<div class=\"elementor-column elementor-col-50 elementor-inner-column elementor-element elementor-element-58338543\" data-id=\"58338543\" data-element_type=\"column\" data-e-type=\"column\">\n\t\t\t<div class=\"elementor-widget-wrap elementor-element-populated\">\n\t\t\t\t\t\t<div class=\"elementor-element elementor-element-464b2e11 elementor-widget elementor-widget-text-editor\" data-id=\"464b2e11\" data-element_type=\"widget\" data-e-type=\"widget\" data-widget_type=\"text-editor.default\">\n\t\t\t\t<div class=\"elementor-widget-container\">\n\t\t\t\t\t\t\t\t\t<div id=\"lipsum\"><h2>Dermo: Empresa de ambientadores<\/h2><p><strong>Dermo<\/strong>, \u00e9 um\u00a0<strong>empresa<\/strong>\u00a0que se dedica \u00e0 venda e distribui\u00e7\u00e3o de todo o tipo de\u00a0<strong>purificadores de ar<\/strong>\u00a0atacado, como hot\u00e9is, lavanderias, bares e restaurantes,\u00a0<strong>empresas<\/strong>\u00a0limpeza, ind\u00fastrias, resid\u00eancias, oficinas automotivas e muito mais.<\/p><p>Nosso\u00a0<strong>empresa<\/strong>, \u00e9 especialista em vendas por atacado de\u00a0<strong>purificadores de ar<\/strong>, tamb\u00e9m podemos consider\u00e1-lo um\u00a0<strong>empresa<\/strong>\u00a0familiar, que produz seus produtos adaptando-se aos novos avan\u00e7os tecnol\u00f3gicos, mantendo a alta qualidade em todos e cada um de seus processos.<\/p><p>Um dos grandes segredos pelos quais o\u00a0<strong>empresa<\/strong>\u00a0<strong>Dermo<\/strong>\u00a0tem esse sucesso, \u00e9 a sua grande capacidade log\u00edstica e o processo de armazenagem, com o qual conseguem estocar imensas quantidades de produto, mantendo-o em perfeitas condi\u00e7\u00f5es e tamb\u00e9m, tendo sempre estoque dispon\u00edvel para quando uma\u00a0<strong>empresa<\/strong>\u00a0Fiz um pedido com voc\u00ea\u00a0<strong>purificadores de ar<\/strong>, pode ajud\u00e1-los e atend\u00ea-los rapidamente.<\/p><\/div>\t\t\t\t\t\t\t\t<\/div>\n\t\t\t\t<\/div>\n\t\t\t\t\t<\/div>\n\t\t<\/div>\n\t\t\t\t<div class=\"elementor-column elementor-col-50 elementor-inner-column elementor-element elementor-element-f2be79b elementor-invisible\" data-id=\"f2be79b\" data-element_type=\"column\" data-e-type=\"column\" data-settings=\"{&quot;animation&quot;:&quot;bounceInRight&quot;}\">\n\t\t\t<div class=\"elementor-widget-wrap elementor-element-populated\">\n\t\t\t\t\t\t<div class=\"elementor-element elementor-element-838bb49 elementor-widget elementor-widget-elementskit-contact-form7\" data-id=\"838bb49\" data-element_type=\"widget\" data-e-type=\"widget\" data-widget_type=\"elementskit-contact-form7.default\">\n\t\t\t\t<div class=\"elementor-widget-container\">\n\t\t\t\t\t<div class=\"ekit-wid-con\" ><div class=\"ekit-form\">\n<div class=\"wpcf7 no-js\" id=\"wpcf7-f13292-p12490-o1\" lang=\"es-ES\" dir=\"ltr\" data-wpcf7-id=\"13292\">\n<div class=\"screen-reader-response\"><p role=\"status\" aria-live=\"polite\" aria-atomic=\"true\"><\/p> <ul><\/ul><\/div>\n<form action=\"\/pt\/empresa-de-purificadores-de-ar\/#wpcf7-f13292-p12490-o1\" method=\"post\" class=\"wpcf7-form init\" aria-label=\"Formulario de contacto\" novalidate=\"novalidate\" data-status=\"init\" data-no-translation-aria-label=\"\" data-trp-original-action=\"\/pt\/empresa-ambientadores\/#wpcf7-f13292-p12490-o1\">\n<fieldset class=\"hidden-fields-container\"><input type=\"hidden\" name=\"_wpcf7\" value=\"13292\" \/><input type=\"hidden\" name=\"_wpcf7_version\" value=\"6.1.5\" \/><input type=\"hidden\" name=\"_wpcf7_locale\" value=\"es_ES\" \/><input type=\"hidden\" name=\"_wpcf7_unit_tag\" value=\"wpcf7-f13292-p12490-o1\" \/><input type=\"hidden\" name=\"_wpcf7_container_post\" value=\"12490\" \/><input type=\"hidden\" name=\"_wpcf7_posted_data_hash\" value=\"\" \/><input type=\"hidden\" name=\"_wpcf7_recaptcha_response\" value=\"\" \/>\n<\/fieldset>\n<div style=\"display: flex; gap: 10px;\">\n\t<div style=\"width: 50%;\">\n\t\t<p><span class=\"wpcf7-form-control-wrap\" data-name=\"your-name\"><input size=\"40\" maxlength=\"400\" class=\"wpcf7-form-control wpcf7-text wpcf7-validates-as-required\" aria-required=\"true\" aria-invalid=\"false\" placeholder=\"Nome\" value=\"\" type=\"text\" name=\"your-name\" \/><\/span>\n\t\t<\/p>\n\t<\/div>\n\t<div style=\"width: 50%;\">\n\t\t<p><span class=\"wpcf7-form-control-wrap\" data-name=\"your-phone\"><input size=\"40\" maxlength=\"400\" class=\"wpcf7-form-control wpcf7-tel wpcf7-validates-as-required wpcf7-text wpcf7-validates-as-tel\" aria-required=\"true\" aria-invalid=\"false\" placeholder=\"Telefone\" value=\"\" type=\"tel\" name=\"your-phone\" \/><\/span>\n\t\t<\/p>\n\t<\/div>\n<\/div>\n<p><span class=\"wpcf7-form-control-wrap\" data-name=\"your-email\"><input size=\"40\" maxlength=\"400\" class=\"wpcf7-form-control wpcf7-email wpcf7-validates-as-required wpcf7-text wpcf7-validates-as-email\" aria-required=\"true\" aria-invalid=\"false\" placeholder=\"E-mail\" value=\"\" type=\"email\" name=\"your-email\" \/><\/span>\n<\/p>\n<div style=\"display: flex; gap: 10px;\">\n\t<div style=\"width: 50%;\">\n\t\t<p><span class=\"wpcf7-form-control-wrap\" data-name=\"your-country\"><input size=\"40\" maxlength=\"400\" class=\"wpcf7-form-control wpcf7-text wpcf7-validates-as-required\" aria-required=\"true\" aria-invalid=\"false\" placeholder=\"Pa\u00eds\" value=\"\" type=\"text\" name=\"your-country\" \/><\/span>\n\t\t<\/p>\n\t<\/div>\n\t<div style=\"width: 50%;\">\n\t\t<p><span class=\"wpcf7-form-control-wrap\" data-name=\"your-city\"><input size=\"40\" maxlength=\"400\" class=\"wpcf7-form-control wpcf7-text wpcf7-validates-as-required\" aria-required=\"true\" aria-invalid=\"false\" placeholder=\"Popula\u00e7\u00e3o\" value=\"\" type=\"text\" name=\"your-city\" \/><\/span>\n\t\t<\/p>\n\t<\/div>\n<\/div>\n<p><span class=\"wpcf7-form-control-wrap\" data-name=\"your-subject\"><select class=\"wpcf7-form-control wpcf7-select\" aria-invalid=\"false\" name=\"your-subject\"><option value=\"Quiero ser distribuidor\">Quero ser um distribuidor<\/option><option value=\"Presupuesto\">Or\u00e7amento<\/option><option value=\"Consulta\">Consulta<\/option><option value=\"Sugerencia\">Sugest\u00e3o<\/option><option value=\"Otros\">Outros<\/option><\/select><\/span>\n<\/p>\n<p><span class=\"wpcf7-form-control-wrap\" data-name=\"your-message\"><textarea cols=\"40\" rows=\"10\" maxlength=\"2000\" class=\"wpcf7-form-control wpcf7-textarea\" aria-invalid=\"false\" placeholder=\"Mensagem ou consulta\" name=\"your-message\"><\/textarea><\/span>\n<\/p>\n<div style=\"display: flex; align-items: center; gap: 10px;\">\n\t<p><span class=\"wpcf7-form-control-wrap\" data-name=\"privacy-policy\"><span class=\"wpcf7-form-control wpcf7-acceptance\"><span class=\"wpcf7-list-item\"><input type=\"checkbox\" name=\"privacy-policy\" value=\"1\" aria-invalid=\"false\" \/><\/span><\/span><\/span><label for=\"privacy-policy\" style=\"margin-left: 5px;\">Li e aceito a pol\u00edtica de privacidade.<\/label>\n\t<\/p>\n<\/div>\n<div style=\"display: flex; align-items: center; gap: 10px;\">\n\t<p><span class=\"wpcf7-form-control-wrap\" data-name=\"send-info\"><span class=\"wpcf7-form-control wpcf7-acceptance\"><span class=\"wpcf7-list-item\"><input type=\"checkbox\" name=\"send-info\" value=\"1\" aria-invalid=\"false\" \/><\/span><\/span><\/span><label for=\"send-info\" style=\"margin-left: 5px;\">Concordo em receber informa\u00e7\u00f5es.<\/label>\n\t<\/p>\n<\/div>\n<p><input class=\"wpcf7-form-control wpcf7-submit has-spinner\" type=\"submit\" value=\"Enviar\" \/>\n<\/p><div class=\"wpcf7-response-output\" aria-hidden=\"true\"><\/div>\n<input type=\"hidden\" name=\"trp-form-language\" value=\"pt\"\/><\/form>\n<\/div>\n<\/div><\/div>\t\t\t\t<\/div>\n\t\t\t\t<\/div>\n\t\t\t\t\t<\/div>\n\t\t<\/div>\n\t\t\t\t\t<\/div>\n\t\t<\/section>\n\t\t\t\t<div class=\"elementor-element elementor-element-615d68f elementor-widget elementor-widget-text-editor\" data-id=\"615d68f\" data-element_type=\"widget\" data-e-type=\"widget\" data-widget_type=\"text-editor.default\">\n\t\t\t\t<div class=\"elementor-widget-container\">\n\t\t\t\t\t\t\t\t\t<div id=\"lipsum\"><p>No\u00a0<strong>Empresa de ambientadores Dermo<\/strong>, tamb\u00e9m lhe oferecemos outros servi\u00e7os, sempre com o objetivo de fabricar e projetar produtos da melhor qualidade, facilitando a gest\u00e3o e auxiliando-o na compra dos nossos produtos, tais como:\u00a0<strong>purificadores de ar<\/strong>.<\/p><p>O\u00a0<strong>purificadores de ar<\/strong>, s\u00e3o sem d\u00favida um dos melhores produtos da nossa\u00a0<strong>empresa<\/strong>, e embora muitas pessoas acreditem que servem apenas para eliminar e disfar\u00e7ar odores desagrad\u00e1veis, isso n\u00e3o \u00e9 verdade, pois\u00a0<strong>purificadores de ar<\/strong>\u00a0Eles podem nos dar muito mais do que pensamos.<\/p><p>No\u00a0<strong>empresa de purificadores de ar, Dermo<\/strong>\u00a0<strong>Barcelona<\/strong>Temos uma grande variedade de\u00a0<strong>purificadores de ar<\/strong>\u00a0diferentes, desde que se adaptem aos seus gostos, como:\u00a0<strong>purificadores de ar<\/strong>\u00a0macio,\u00a0<strong>purificadores de ar<\/strong>\u00a0doces,\u00a0<strong>purificadores de ar<\/strong>\u00a0persistente\u2026<\/p><p>Banheiros e carros s\u00e3o os locais onde eles s\u00e3o mais prevalentes.\u00a0<strong>purificadores de ar<\/strong>, pois \u00e9 muito comum coloc\u00e1-los, mas no\u00a0<strong>Empresa Dermo<\/strong>, percebemos que nos \u00faltimos anos, a import\u00e2ncia de colocar\u00a0<strong>purificadores de ar<\/strong>\u00a0nos diferentes c\u00f4modos de uma casa, de um hotel ou de uma loja aumentou consideravelmente.<\/p><p>\u00a0<\/p><p>Isso porque se usarmos um ambientador de qualidade e com bom aroma, ele criar\u00e1 um ambiente confort\u00e1vel e, portanto,\u00a0<strong>empresa<\/strong>\u00a0transmitir\u00e1 uma melhor imagem corporativa.<\/p><p>O\u00a0<strong>purificadores de ar da empresa Dermo<\/strong>, t\u00eam grande poder, pois conectam o olfato com as emo\u00e7\u00f5es e dessa forma criam respostas r\u00e1pidas e transmitem energia e bem-estar. Gra\u00e7as a esse grande poder, podemos induzir uma pessoa a realizar uma a\u00e7\u00e3o t\u00e3o simples como comprar roupas, simplesmente com um bom ambientador. Portanto podemos dizer que um bom ambientador \u00e9 o melhor aliado para um\u00a0<strong>empresa<\/strong>\u00a0que quer aumentar suas vendas e que quer dar uma imagem melhor<\/p><p>N\u00e3o pense mais nisso e se voc\u00ea quiser um\u00a0<strong>empresa<\/strong>\u00a0que lhe oferece alguns\u00a0<strong>purificadores de ar<\/strong>\u00a0qualidade que lhe garantem alta rentabilidade e que t\u00eam grande prest\u00edgio no mercado, n\u00e3o pense duas vezes e entre em contato com a\u00a0<strong>Empresa Dermo<\/strong>.<\/p><\/div>\t\t\t\t\t\t\t\t<\/div>\n\t\t\t\t<\/div>\n\t\t\t\t\t<\/div>\n\t\t<\/div>\n\t\t\t\t\t<\/div>\n\t\t<\/section>\n\t\t\t\t<section class=\"elementor-section elementor-top-section elementor-element elementor-element-484f41e elementor-section-full_width elementor-section-height-default elementor-section-height-default elementor-invisible\" data-id=\"484f41e\" data-element_type=\"section\" data-e-type=\"section\" data-settings=\"{&quot;animation&quot;:&quot;slideInUp&quot;}\">\n\t\t\t\t\t\t<div class=\"elementor-container elementor-column-gap-default\">\n\t\t\t\t\t<div class=\"elementor-column elementor-col-100 elementor-top-column elementor-element elementor-element-19948363\" data-id=\"19948363\" data-element_type=\"column\" data-e-type=\"column\">\n\t\t\t<div class=\"elementor-widget-wrap elementor-element-populated\">\n\t\t\t\t\t\t<div class=\"elementor-element elementor-element-339044a4 elementor-widget elementor-widget-google_maps\" data-id=\"339044a4\" data-element_type=\"widget\" data-e-type=\"widget\" data-widget_type=\"google_maps.default\">\n\t\t\t\t<div class=\"elementor-widget-container\">\n\t\t\t\t\t\t\t<div class=\"elementor-custom-embed\">\n\t\t\t<iframe loading=\"lazy\"\n\t\t\t\t\tsrc=\"https:\/\/maps.google.com\/maps?q=C%2F%20Pintor%20Joan%20Miro%2C%2016.%20Pol.%20Ind.%20Can%20Humet%20de%20Dalt%2C%2008213%20Poliny%C3%A0.%20Barcelona&#038;t=m&#038;z=15&#038;output=embed&#038;iwloc=near\"\n\t\t\t\t\ttitle=\"C\/ Pintor Joan Miro, 16. Pol. Ind. Can Humet de Dalt, 08213 Poliny\u00e0. Barcelona\"\n\t\t\t\t\taria-label=\"C\/ Pintor Joan Miro, 16. Pol. Ind. Can Humet de Dalt, 08213 Poliny\u00e0. Barcelona\"\n\t\t\t><\/iframe>\n\t\t<\/div>\n\t\t\t\t\t\t<\/div>\n\t\t\t\t<\/div>\n\t\t\t\t\t<\/div>\n\t\t<\/div>\n\t\t\t\t\t<\/div>\n\t\t<\/section>\n\t\t\t\t<\/div>","protected":false},"excerpt":{"rendered":"<p>Dermo: Empresa de Aromatizadores de Ambiente. A Dermo \u00e9 uma empresa dedicada \u00e0 venda e distribui\u00e7\u00e3o por atacado de todos os tipos de aromatizadores de ambiente, para hot\u00e9is, lavanderias, bares e restaurantes, empresas de limpeza, ind\u00fastrias, resid\u00eancias, oficinas automotivas e muito mais. Nossa empresa \u00e9 especializada na venda por atacado de aromatizadores de ambiente. Tamb\u00e9m podemos ser considerados uma empresa familiar, que produz\u2026&nbsp;<a href=\"https:\/\/dermo.com\/pt\/empresa-de-purificadores-de-ar\/\" rel=\"bookmark\">Ler mais \u00bb<span class=\"screen-reader-text\">Empresa de ambientadores<\/span><\/a><\/p>","protected":false},"author":2,"featured_media":0,"parent":0,"menu_order":0,"comment_status":"closed","ping_status":"closed","template":"page-templates\/template-pagebuilder-full-width.php","meta":{"neve_meta_sidebar":"","neve_meta_container":"","neve_meta_enable_content_width":"","neve_meta_content_width":0,"neve_meta_title_alignment":"","neve_meta_author_avatar":"","neve_post_elements_order":"","neve_meta_disable_header":"","neve_meta_disable_footer":"","neve_meta_disable_title":"","footnotes":""},"class_list":["post-12490","page","type-page","status-publish","hentry"],"yoast_head":"<!-- This site is optimized with the Yoast SEO plugin v27.0 - https:\/\/yoast.com\/product\/yoast-seo-wordpress\/ -->\n<title>Empresa Ambientadores - Dermo | F\u00e1brica de detergentes<\/title>\n<meta name=\"robots\" content=\"index, follow, max-snippet:-1, max-image-preview:large, max-video-preview:-1\" \/>\n<link rel=\"canonical\" href=\"https:\/\/dermo.com\/pt\/empresa-de-purificadores-de-ar\/\" \/>\n<meta property=\"og:locale\" content=\"pt_PT\" \/>\n<meta property=\"og:type\" content=\"article\" \/>\n<meta property=\"og:title\" content=\"Empresa Ambientadores - Dermo | F\u00e1brica de detergentes\" \/>\n<meta property=\"og:description\" content=\"Dermo:\u00a0Empresa de ambientadores Dermo, es una\u00a0empresa\u00a0que se dedica a la venta y a la distribuci\u00f3n de todo tipo de\u00a0ambientadores\u00a0al por mayor, como por ejemplo a hoteles, lavander\u00edas, bares y restaurantes,\u00a0empresas\u00a0de limpieza, industrias, residencias, talleres de automoci\u00f3n y mucho m\u00e1s. Nuestra\u00a0empresa, es especialista en venta al por mayor de\u00a0ambientadores, tambi\u00e9n la podemos considerar una\u00a0empresa\u00a0familiar, que elabora&hellip;&nbsp;Ler mais &raquo;Empresa Ambientadores\" \/>\n<meta property=\"og:url\" content=\"https:\/\/dermo.com\/pt\/empresa-de-purificadores-de-ar\/\" \/>\n<meta property=\"og:site_name\" content=\"Dermo | F\u00e1brica de detergentes\" \/>\n<meta property=\"article:modified_time\" content=\"2025-02-19T10:45:53+00:00\" \/>\n<meta name=\"twitter:card\" content=\"summary_large_image\" \/>\n<meta name=\"twitter:label1\" content=\"Tempo estimado de leitura\" \/>\n\t<meta name=\"twitter:data1\" content=\"3 minutos\" \/>\n<script type=\"application\/ld+json\" class=\"yoast-schema-graph\">{\"@context\":\"https:\/\/schema.org\",\"@graph\":[{\"@type\":\"WebPage\",\"@id\":\"https:\/\/dermo.com\/empresa-ambientadores\/\",\"url\":\"https:\/\/dermo.com\/empresa-ambientadores\/\",\"name\":\"Empresa Ambientadores - Dermo | F\u00e1brica de detergentes\",\"isPartOf\":{\"@id\":\"https:\/\/dermo.com\/#website\"},\"datePublished\":\"2025-01-30T11:44:46+00:00\",\"dateModified\":\"2025-02-19T10:45:53+00:00\",\"breadcrumb\":{\"@id\":\"https:\/\/dermo.com\/empresa-ambientadores\/#breadcrumb\"},\"inLanguage\":\"pt-PT\",\"potentialAction\":[{\"@type\":\"ReadAction\",\"target\":[\"https:\/\/dermo.com\/empresa-ambientadores\/\"]}]},{\"@type\":\"BreadcrumbList\",\"@id\":\"https:\/\/dermo.com\/empresa-ambientadores\/#breadcrumb\",\"itemListElement\":[{\"@type\":\"ListItem\",\"position\":1,\"name\":\"Portada\",\"item\":\"https:\/\/dermo.com\/\"},{\"@type\":\"ListItem\",\"position\":2,\"name\":\"Empresa Ambientadores\"}]},{\"@type\":\"WebSite\",\"@id\":\"https:\/\/dermo.com\/#website\",\"url\":\"https:\/\/dermo.com\/\",\"name\":\"Dermo | F\u00e1brica de detergentes\",\"description\":\"Tecnolog\u00eda avanzada, investigaci\u00f3n y desarrollo, respeto por el medio ambiente, competencia, formaci\u00f3n constante y alto nivel de profesionalidad en nuestro equipo humano, empe\u00f1ado en preservar la calidad de vida, la protecci\u00f3n del entorno natural contin\u00faan motiv\u00e1ndonos para desarrollar en nuestros laboratorios nuevos productos con ingredientes activos altamente biodegradables que hacen posible un desarrollo sostenible.\",\"potentialAction\":[{\"@type\":\"SearchAction\",\"target\":{\"@type\":\"EntryPoint\",\"urlTemplate\":\"https:\/\/dermo.com\/?s={search_term_string}\"},\"query-input\":{\"@type\":\"PropertyValueSpecification\",\"valueRequired\":true,\"valueName\":\"search_term_string\"}}],\"inLanguage\":\"pt-PT\"}]}<\/script>\n<!-- \/ Yoast SEO plugin. -->","yoast_head_json":{"title":"Empresa de purificadores de ar - Dermo | F\u00e1brica de detergentes","robots":{"index":"index","follow":"follow","max-snippet":"max-snippet:-1","max-image-preview":"max-image-preview:large","max-video-preview":"max-video-preview:-1"},"canonical":"https:\/\/dermo.com\/pt\/empresa-de-purificadores-de-ar\/","og_locale":"pt_PT","og_type":"article","og_title":"Empresa Ambientadores - Dermo | F\u00e1brica de detergentes","og_description":"Dermo:\u00a0Empresa de ambientadores Dermo, es una\u00a0empresa\u00a0que se dedica a la venta y a la distribuci\u00f3n de todo tipo de\u00a0ambientadores\u00a0al por mayor, como por ejemplo a hoteles, lavander\u00edas, bares y restaurantes,\u00a0empresas\u00a0de limpieza, industrias, residencias, talleres de automoci\u00f3n y mucho m\u00e1s. Nuestra\u00a0empresa, es especialista en venta al por mayor de\u00a0ambientadores, tambi\u00e9n la podemos considerar una\u00a0empresa\u00a0familiar, que elabora&hellip;&nbsp;Ler mais &raquo;Empresa Ambientadores","og_url":"https:\/\/dermo.com\/pt\/empresa-de-purificadores-de-ar\/","og_site_name":"Dermo | F\u00e1brica de detergentes","article_modified_time":"2025-02-19T10:45:53+00:00","twitter_card":"summary_large_image","twitter_misc":{"Tempo estimado de leitura":"3 minutos"},"schema":{"@context":"https:\/\/schema.org","@graph":[{"@type":"WebPage","@id":"https:\/\/dermo.com\/empresa-ambientadores\/","url":"https:\/\/dermo.com\/empresa-ambientadores\/","name":"Empresa de purificadores de ar - Dermo | F\u00e1brica de detergentes","isPartOf":{"@id":"https:\/\/dermo.com\/#website"},"datePublished":"2025-01-30T11:44:46+00:00","dateModified":"2025-02-19T10:45:53+00:00","breadcrumb":{"@id":"https:\/\/dermo.com\/empresa-ambientadores\/#breadcrumb"},"inLanguage":"pt-PT","potentialAction":[{"@type":"ReadAction","target":["https:\/\/dermo.com\/empresa-ambientadores\/"]}]},{"@type":"BreadcrumbList","@id":"https:\/\/dermo.com\/empresa-ambientadores\/#breadcrumb","itemListElement":[{"@type":"ListItem","position":1,"name":"Portada","item":"https:\/\/dermo.com\/"},{"@type":"ListItem","position":2,"name":"Empresa Ambientadores"}]},{"@type":"WebSite","@id":"https:\/\/dermo.com\/#website","url":"https:\/\/dermo.com\/","name":"Dermo | f\u00e1brica de detergentes","description":"A tecnologia avan\u00e7ada, a investiga\u00e7\u00e3o e desenvolvimento, o respeito pelo ambiente, a compet\u00eancia, a forma\u00e7\u00e3o constante e o elevado n\u00edvel de profissionalismo da nossa equipa humana, comprometida com a preserva\u00e7\u00e3o da qualidade de vida, a protec\u00e7\u00e3o do ambiente natural continuam a motivar-nos a desenvolver novos produtos nos nossos laborat\u00f3rios com princ\u00edpios ativos altamente biodegrad\u00e1veis que possibilitam o desenvolvimento sustent\u00e1vel.","potentialAction":[{"@type":"SearchAction","target":{"@type":"EntryPoint","urlTemplate":"https:\/\/dermo.com\/?s={search_term_string}"},"query-input":{"@type":"PropertyValueSpecification","valueRequired":true,"valueName":"search_term_string"}}],"inLanguage":"pt-PT"}]}},"_links":{"self":[{"href":"https:\/\/dermo.com\/pt\/wp-json\/wp\/v2\/pages\/12490","targetHints":{"allow":["GET"]}}],"collection":[{"href":"https:\/\/dermo.com\/pt\/wp-json\/wp\/v2\/pages"}],"about":[{"href":"https:\/\/dermo.com\/pt\/wp-json\/wp\/v2\/types\/page"}],"author":[{"embeddable":true,"href":"https:\/\/dermo.com\/pt\/wp-json\/wp\/v2\/users\/2"}],"replies":[{"embeddable":true,"href":"https:\/\/dermo.com\/pt\/wp-json\/wp\/v2\/comments?post=12490"}],"version-history":[{"count":7,"href":"https:\/\/dermo.com\/pt\/wp-json\/wp\/v2\/pages\/12490\/revisions"}],"predecessor-version":[{"id":13484,"href":"https:\/\/dermo.com\/pt\/wp-json\/wp\/v2\/pages\/12490\/revisions\/13484"}],"wp:attachment":[{"href":"https:\/\/dermo.com\/pt\/wp-json\/wp\/v2\/media?parent=12490"}],"curies":[{"name":"wp","href":"https:\/\/api.w.org\/{rel}","templated":true}]}}