{"id":12507,"date":"2025-01-30T12:47:43","date_gmt":"2025-01-30T11:47:43","guid":{"rendered":"https:\/\/dermo.com\/?page_id=12507"},"modified":"2025-02-19T12:07:22","modified_gmt":"2025-02-19T11:07:22","slug":"detergentes-para-limpeza-domestica-laboratorio","status":"publish","type":"page","link":"https:\/\/dermo.com\/pt\/detergentes-para-limpeza-domestica-laboratorio\/","title":{"rendered":"Laborat\u00f3rio de Detergentes para Limpeza Dom\u00e9stica"},"content":{"rendered":"<div data-elementor-type=\"wp-page\" data-elementor-id=\"12507\" class=\"elementor elementor-12507\" data-elementor-post-type=\"page\">\n\t\t\t\t\t\t<section class=\"elementor-section elementor-top-section elementor-element elementor-element-a02683f elementor-section-boxed elementor-section-height-default elementor-section-height-default\" data-id=\"a02683f\" data-element_type=\"section\" data-e-type=\"section\" data-settings=\"{&quot;background_background&quot;:&quot;classic&quot;}\">\n\t\t\t\t\t\t\t<div class=\"elementor-background-overlay\"><\/div>\n\t\t\t\t\t\t\t<div class=\"elementor-container elementor-column-gap-default\">\n\t\t\t\t\t<div class=\"elementor-column elementor-col-100 elementor-top-column elementor-element elementor-element-f99dbff\" data-id=\"f99dbff\" data-element_type=\"column\" data-e-type=\"column\">\n\t\t\t<div class=\"elementor-widget-wrap elementor-element-populated\">\n\t\t\t\t\t\t\t<\/div>\n\t\t<\/div>\n\t\t\t\t\t<\/div>\n\t\t<\/section>\n\t\t\t\t<section class=\"elementor-section elementor-top-section elementor-element elementor-element-233ad3a4 elementor-section-boxed elementor-section-height-default elementor-section-height-default\" data-id=\"233ad3a4\" data-element_type=\"section\" data-e-type=\"section\">\n\t\t\t\t\t\t<div class=\"elementor-container elementor-column-gap-default\">\n\t\t\t\t\t<div class=\"elementor-column elementor-col-100 elementor-top-column elementor-element elementor-element-3244e578\" data-id=\"3244e578\" data-element_type=\"column\" data-e-type=\"column\">\n\t\t\t<div class=\"elementor-widget-wrap elementor-element-populated\">\n\t\t\t\t\t\t<section class=\"elementor-section elementor-inner-section elementor-element elementor-element-1a7040c2 elementor-section-content-middle elementor-section-boxed elementor-section-height-default elementor-section-height-default\" data-id=\"1a7040c2\" data-element_type=\"section\" data-e-type=\"section\">\n\t\t\t\t\t\t<div class=\"elementor-container elementor-column-gap-default\">\n\t\t\t\t\t<div class=\"elementor-column elementor-col-50 elementor-inner-column elementor-element elementor-element-58338543\" data-id=\"58338543\" data-element_type=\"column\" data-e-type=\"column\">\n\t\t\t<div class=\"elementor-widget-wrap elementor-element-populated\">\n\t\t\t\t\t\t<div class=\"elementor-element elementor-element-464b2e11 elementor-widget elementor-widget-text-editor\" data-id=\"464b2e11\" data-element_type=\"widget\" data-e-type=\"widget\" data-widget_type=\"text-editor.default\">\n\t\t\t\t<div class=\"elementor-widget-container\">\n\t\t\t\t\t\t\t\t\t<p>Uma das principais preocupa\u00e7\u00f5es que mais importam para n\u00f3s em nossa vida di\u00e1ria \u00e9 garantir que nossas necessidades mais b\u00e1sicas, como alimenta\u00e7\u00e3o, educa\u00e7\u00e3o ou sa\u00fade, sejam atendidas como deveriam ser. Todas essas s\u00e3o op\u00e7\u00f5es de cuidados vitais, \u00e0s quais muitas vezes n\u00e3o damos a aten\u00e7\u00e3o que merecem. O\u00a0<strong>limpeza<\/strong>\u00a0e o\u00a0<strong>higiene<\/strong>, por exemplo, s\u00e3o duas dessas necessidades prim\u00e1rias que cuidamos em\u00a0<strong>Dermo SA<\/strong>\u00a0e uma prioridade que garante a sa\u00fade, pilar fundamental das nossas vidas.<\/p><p><strong>Dermo SA,<\/strong>\u00a0<strong>f\u00e1brica de detergentes e laborat\u00f3rio<\/strong>\u00a0refer\u00eancia para a cria\u00e7\u00e3o e elabora\u00e7\u00e3o de\u00a0<strong>detergentes<\/strong>\u00a0e outros produtos, acess\u00f3rios e servi\u00e7os da\u00a0<strong>limpeza<\/strong>\u00a0e o\u00a0<strong>higiene<\/strong>, bem como para sua distribui\u00e7\u00e3o; \u00c9 a solu\u00e7\u00e3o para cobrir essas necessidades ineg\u00e1veis. Formada por uma equipe humana de especialistas, que cuida dessas necessidades essenciais, oferecemos o melhor aos nossos clientes h\u00e1 mais de 25 anos.\u00a0<strong>detergentes<\/strong>\u00a0e complementos do\u00a0<strong>limpeza<\/strong>\u00a0e o\u00a0<strong>higiene,\u00a0<\/strong>tanto no setor<strong>\u00a0dom\u00e9stico\u00a0<\/strong>como<strong>\u00a0industrial<\/strong>, para o mercado nacional e internacional. Empresa com car\u00e1ter e personalidade familiar e pr\u00f3xima, esse compromisso firme que nos une ao cliente, permite que ele conhe\u00e7a o interior da nossa empresa e que possa acreditar em n\u00f3s\u00a0<strong>laborat\u00f3rio\u00a0<\/strong>os seus pr\u00f3prios\u00a0<strong>detergentes<\/strong>, seguindo as caracter\u00edsticas e propriedades daquele produto \u00fanico e irrepet\u00edvel. Essa aten\u00e7\u00e3o extremamente cuidadosa e a excel\u00eancia de nossos\u00a0<strong>detergentes<\/strong>, nos permitiram chegar ao topo e nos tornar uma refer\u00eancia na cria\u00e7\u00e3o desses produtos, respaldados pela confian\u00e7a dos clientes, mas tamb\u00e9m dos trabalhadores e fornecedores.<\/p>\t\t\t\t\t\t\t\t<\/div>\n\t\t\t\t<\/div>\n\t\t\t\t\t<\/div>\n\t\t<\/div>\n\t\t\t\t<div class=\"elementor-column elementor-col-50 elementor-inner-column elementor-element elementor-element-2275b12 elementor-invisible\" data-id=\"2275b12\" data-element_type=\"column\" data-e-type=\"column\" data-settings=\"{&quot;animation&quot;:&quot;bounceInRight&quot;}\">\n\t\t\t<div class=\"elementor-widget-wrap elementor-element-populated\">\n\t\t\t\t\t\t<div class=\"elementor-element elementor-element-0e2f4b5 elementor-widget__width-initial elementor-widget elementor-widget-elementskit-contact-form7\" data-id=\"0e2f4b5\" data-element_type=\"widget\" data-e-type=\"widget\" data-widget_type=\"elementskit-contact-form7.default\">\n\t\t\t\t<div class=\"elementor-widget-container\">\n\t\t\t\t\t<div class=\"ekit-wid-con\" ><div class=\"ekit-form\">\n<div class=\"wpcf7 no-js\" id=\"wpcf7-f13292-p12507-o1\" lang=\"es-ES\" dir=\"ltr\" data-wpcf7-id=\"13292\">\n<div class=\"screen-reader-response\"><p role=\"status\" aria-live=\"polite\" aria-atomic=\"true\"><\/p> <ul><\/ul><\/div>\n<form action=\"\/pt\/detergentes-para-limpeza-domestica-laboratorio\/#wpcf7-f13292-p12507-o1\" method=\"post\" class=\"wpcf7-form init\" aria-label=\"Formulario de contacto\" novalidate=\"novalidate\" data-status=\"init\" data-no-translation-aria-label=\"\" data-trp-original-action=\"\/en\/laboratorio-de-detergentes-de-limpieza-domestica\/#wpcf7-f13292-p12507-o1\">\n<fieldset class=\"hidden-fields-container\"><input type=\"hidden\" name=\"_wpcf7\" value=\"13292\" \/><input type=\"hidden\" name=\"_wpcf7_version\" value=\"6.1.5\" \/><input type=\"hidden\" name=\"_wpcf7_locale\" value=\"es_ES\" \/><input type=\"hidden\" name=\"_wpcf7_unit_tag\" value=\"wpcf7-f13292-p12507-o1\" \/><input type=\"hidden\" name=\"_wpcf7_container_post\" value=\"12507\" \/><input type=\"hidden\" name=\"_wpcf7_posted_data_hash\" value=\"\" \/><input type=\"hidden\" name=\"_wpcf7_recaptcha_response\" value=\"\" \/>\n<\/fieldset>\n<div style=\"display: flex; gap: 10px;\">\n\t<div style=\"width: 50%;\">\n\t\t<p><span class=\"wpcf7-form-control-wrap\" data-name=\"your-name\"><input size=\"40\" maxlength=\"400\" class=\"wpcf7-form-control wpcf7-text wpcf7-validates-as-required\" aria-required=\"true\" aria-invalid=\"false\" placeholder=\"Nome\" value=\"\" type=\"text\" name=\"your-name\" \/><\/span>\n\t\t<\/p>\n\t<\/div>\n\t<div style=\"width: 50%;\">\n\t\t<p><span class=\"wpcf7-form-control-wrap\" data-name=\"your-phone\"><input size=\"40\" maxlength=\"400\" class=\"wpcf7-form-control wpcf7-tel wpcf7-validates-as-required wpcf7-text wpcf7-validates-as-tel\" aria-required=\"true\" aria-invalid=\"false\" placeholder=\"Telefone\" value=\"\" type=\"tel\" name=\"your-phone\" \/><\/span>\n\t\t<\/p>\n\t<\/div>\n<\/div>\n<p><span class=\"wpcf7-form-control-wrap\" data-name=\"your-email\"><input size=\"40\" maxlength=\"400\" class=\"wpcf7-form-control wpcf7-email wpcf7-validates-as-required wpcf7-text wpcf7-validates-as-email\" aria-required=\"true\" aria-invalid=\"false\" placeholder=\"E-mail\" value=\"\" type=\"email\" name=\"your-email\" \/><\/span>\n<\/p>\n<div style=\"display: flex; gap: 10px;\">\n\t<div style=\"width: 50%;\">\n\t\t<p><span class=\"wpcf7-form-control-wrap\" data-name=\"your-country\"><input size=\"40\" maxlength=\"400\" class=\"wpcf7-form-control wpcf7-text wpcf7-validates-as-required\" aria-required=\"true\" aria-invalid=\"false\" placeholder=\"Pa\u00eds\" value=\"\" type=\"text\" name=\"your-country\" \/><\/span>\n\t\t<\/p>\n\t<\/div>\n\t<div style=\"width: 50%;\">\n\t\t<p><span class=\"wpcf7-form-control-wrap\" data-name=\"your-city\"><input size=\"40\" maxlength=\"400\" class=\"wpcf7-form-control wpcf7-text wpcf7-validates-as-required\" aria-required=\"true\" aria-invalid=\"false\" placeholder=\"Popula\u00e7\u00e3o\" value=\"\" type=\"text\" name=\"your-city\" \/><\/span>\n\t\t<\/p>\n\t<\/div>\n<\/div>\n<p><span class=\"wpcf7-form-control-wrap\" data-name=\"your-subject\"><select class=\"wpcf7-form-control wpcf7-select\" aria-invalid=\"false\" name=\"your-subject\"><option value=\"Quiero ser distribuidor\">Quero ser um distribuidor<\/option><option value=\"Presupuesto\">Or\u00e7amento<\/option><option value=\"Consulta\">Consulta<\/option><option value=\"Sugerencia\">Sugest\u00e3o<\/option><option value=\"Otros\">Outros<\/option><\/select><\/span>\n<\/p>\n<p><span class=\"wpcf7-form-control-wrap\" data-name=\"your-message\"><textarea cols=\"40\" rows=\"10\" maxlength=\"2000\" class=\"wpcf7-form-control wpcf7-textarea\" aria-invalid=\"false\" placeholder=\"Mensagem ou consulta\" name=\"your-message\"><\/textarea><\/span>\n<\/p>\n<div style=\"display: flex; align-items: center; gap: 10px;\">\n\t<p><span class=\"wpcf7-form-control-wrap\" data-name=\"privacy-policy\"><span class=\"wpcf7-form-control wpcf7-acceptance\"><span class=\"wpcf7-list-item\"><input type=\"checkbox\" name=\"privacy-policy\" value=\"1\" aria-invalid=\"false\" \/><\/span><\/span><\/span><label for=\"privacy-policy\" style=\"margin-left: 5px;\">Li e aceito a pol\u00edtica de privacidade.<\/label>\n\t<\/p>\n<\/div>\n<div style=\"display: flex; align-items: center; gap: 10px;\">\n\t<p><span class=\"wpcf7-form-control-wrap\" data-name=\"send-info\"><span class=\"wpcf7-form-control wpcf7-acceptance\"><span class=\"wpcf7-list-item\"><input type=\"checkbox\" name=\"send-info\" value=\"1\" aria-invalid=\"false\" \/><\/span><\/span><\/span><label for=\"send-info\" style=\"margin-left: 5px;\">Concordo em receber informa\u00e7\u00f5es.<\/label>\n\t<\/p>\n<\/div>\n<p><input class=\"wpcf7-form-control wpcf7-submit has-spinner\" type=\"submit\" value=\"Enviar\" \/>\n<\/p><div class=\"wpcf7-response-output\" aria-hidden=\"true\"><\/div>\n<input type=\"hidden\" name=\"trp-form-language\" value=\"pt\"\/><\/form>\n<\/div>\n<\/div><\/div>\t\t\t\t<\/div>\n\t\t\t\t<\/div>\n\t\t\t\t\t<\/div>\n\t\t<\/div>\n\t\t\t\t\t<\/div>\n\t\t<\/section>\n\t\t\t\t<div class=\"elementor-element elementor-element-615d68f elementor-widget elementor-widget-text-editor\" data-id=\"615d68f\" data-element_type=\"widget\" data-e-type=\"widget\" data-widget_type=\"text-editor.default\">\n\t\t\t\t<div class=\"elementor-widget-container\">\n\t\t\t\t\t\t\t\t\t<p>Nossa m\u00e1xima \u00e9 baseada na satisfa\u00e7\u00e3o dos nossos clientes, por isso em\u00a0<strong>Dermo SA<\/strong>\u00a0N\u00e3o paramos de trabalhar e evoluir nossos m\u00e9todos e procedimentos, adaptando-nos \u00e0s exig\u00eancias do mercado e dos nossos clientes, com comprometimento, perseveran\u00e7a e voca\u00e7\u00e3o para a profiss\u00e3o; para cobrir as garantias dessas necessidades\u00a0<strong>limpeza<\/strong>\u00a0e<strong>\u00a0higiene\u00a0<\/strong>que cada um de n\u00f3s merece desfrutar, com\u00a0<strong>detergentes\u00a0<\/strong>realizado em um<strong>\u00a0laborat\u00f3rio\u00a0<\/strong>qualidade. Em conformidade com as mais rigorosas normas europeias e com aten\u00e7\u00e3o a cada detalhe\u00a0<strong>Dermo SA<\/strong>, voc\u00ea ver\u00e1 seus produtos feitos e\u00a0<strong>detergentes<\/strong>\u00a0em nosso\u00a0<strong>laborat\u00f3rio\u00a0<\/strong>especializada, onde atuam grandes profissionais com larga experi\u00eancia no setor.<\/p><p>A correta cobertura desta necessidade prim\u00e1ria inquestion\u00e1vel \u00e9 responsabilidade de\u00a0<strong>Dermo SA<\/strong>\u00a0e nosso atendimento excepcional, sempre atenciosos e dispostos a prestar o aux\u00edlio necess\u00e1rio aos nossos clientes com a garantia merecida. Os membros do nosso\u00a0<strong>f\u00e1brica de detergentes e laborat\u00f3rio<\/strong>Somos apaixonados e respeitamos o trabalho que fazemos, por isso sabemos o que enfrentamos e o fazemos sem medo e com toda a vontade que nos move a continuar trabalhando. Comprometimento, responsabilidade, profissionalismo\u2026\u00a0<strong>Dermo SA<\/strong>\u00a0sua empresa e\u00a0<strong>laborat\u00f3rio de detergentes<\/strong>\u00a0familiar e pr\u00f3ximo, para produzir seus produtos com total confian\u00e7a e responder a uma necessidade vital e urgente.<\/p>\t\t\t\t\t\t\t\t<\/div>\n\t\t\t\t<\/div>\n\t\t\t\t\t<\/div>\n\t\t<\/div>\n\t\t\t\t\t<\/div>\n\t\t<\/section>\n\t\t\t\t<section class=\"elementor-section elementor-top-section elementor-element elementor-element-484f41e elementor-section-full_width elementor-section-height-default elementor-section-height-default elementor-invisible\" data-id=\"484f41e\" data-element_type=\"section\" data-e-type=\"section\" data-settings=\"{&quot;animation&quot;:&quot;slideInUp&quot;}\">\n\t\t\t\t\t\t<div class=\"elementor-container elementor-column-gap-default\">\n\t\t\t\t\t<div class=\"elementor-column elementor-col-100 elementor-top-column elementor-element elementor-element-19948363\" data-id=\"19948363\" data-element_type=\"column\" data-e-type=\"column\">\n\t\t\t<div class=\"elementor-widget-wrap elementor-element-populated\">\n\t\t\t\t\t\t<div class=\"elementor-element elementor-element-339044a4 elementor-widget elementor-widget-google_maps\" data-id=\"339044a4\" data-element_type=\"widget\" data-e-type=\"widget\" data-widget_type=\"google_maps.default\">\n\t\t\t\t<div class=\"elementor-widget-container\">\n\t\t\t\t\t\t\t<div class=\"elementor-custom-embed\">\n\t\t\t<iframe loading=\"lazy\"\n\t\t\t\t\tsrc=\"https:\/\/maps.google.com\/maps?q=C%2F%20Pintor%20Joan%20Miro%2C%2016.%20Pol.%20Ind.%20Can%20Humet%20de%20Dalt%2C%2008213%20Poliny%C3%A0.%20Barcelona&#038;t=m&#038;z=15&#038;output=embed&#038;iwloc=near\"\n\t\t\t\t\ttitle=\"C\/ Pintor Joan Miro, 16. Pol. Ind. Can Humet de Dalt, 08213 Poliny\u00e0. Barcelona\"\n\t\t\t\t\taria-label=\"C\/ Pintor Joan Miro, 16. Pol. Ind. Can Humet de Dalt, 08213 Poliny\u00e0. Barcelona\"\n\t\t\t><\/iframe>\n\t\t<\/div>\n\t\t\t\t\t\t<\/div>\n\t\t\t\t<\/div>\n\t\t\t\t\t<\/div>\n\t\t<\/div>\n\t\t\t\t\t<\/div>\n\t\t<\/section>\n\t\t\t\t<\/div>","protected":false},"excerpt":{"rendered":"<p>Uma das principais preocupa\u00e7\u00f5es com que nos preocupamos no dia a dia \u00e9 garantir que nossas necessidades mais b\u00e1sicas, como alimenta\u00e7\u00e3o, educa\u00e7\u00e3o e sa\u00fade, sejam atendidas como deveriam. Todas essas s\u00e3o necessidades vitais, \u00e0s quais muitas vezes n\u00e3o damos a devida aten\u00e7\u00e3o. Limpeza e\u2026&nbsp;<a href=\"https:\/\/dermo.com\/pt\/detergentes-para-limpeza-domestica-laboratorio\/\" rel=\"bookmark\">Ler mais \u00bb<span class=\"screen-reader-text\">Laborat\u00f3rio de Detergentes para Limpeza Dom\u00e9stica<\/span><\/a><\/p>","protected":false},"author":2,"featured_media":0,"parent":0,"menu_order":0,"comment_status":"closed","ping_status":"closed","template":"page-templates\/template-pagebuilder-full-width.php","meta":{"neve_meta_sidebar":"","neve_meta_container":"","neve_meta_enable_content_width":"","neve_meta_content_width":0,"neve_meta_title_alignment":"","neve_meta_author_avatar":"","neve_post_elements_order":"","neve_meta_disable_header":"","neve_meta_disable_footer":"","neve_meta_disable_title":"","footnotes":""},"class_list":["post-12507","page","type-page","status-publish","hentry"],"yoast_head":"<!-- This site is optimized with the Yoast SEO plugin v27.0 - https:\/\/yoast.com\/product\/yoast-seo-wordpress\/ -->\n<title>Laboratorio de Detergentes de Limpieza Dom\u00e9stica - Dermo | F\u00e1brica de detergentes<\/title>\n<meta name=\"robots\" content=\"index, follow, max-snippet:-1, max-image-preview:large, max-video-preview:-1\" \/>\n<link rel=\"canonical\" href=\"https:\/\/dermo.com\/pt\/detergentes-para-limpeza-domestica-laboratorio\/\" \/>\n<meta property=\"og:locale\" content=\"pt_PT\" \/>\n<meta property=\"og:type\" content=\"article\" \/>\n<meta property=\"og:title\" content=\"Laboratorio de Detergentes de Limpieza Dom\u00e9stica - Dermo | F\u00e1brica de detergentes\" \/>\n<meta property=\"og:description\" content=\"Una de las principales preocupaciones que m\u00e1s nos importa, en nuestro d\u00eda a d\u00eda, es ver que nuestras necesidades m\u00e1s primarias, tales como la alimentaci\u00f3n, la educaci\u00f3n o la salud, se ven cubiertas como deben. Todas ellas son atenciones vitales, a algunas de las cuales, muchas veces, no prestamos la suficiente atenci\u00f3n que merecen. La\u00a0limpieza\u00a0y&hellip;&nbsp;Ler mais &raquo;Laboratorio de Detergentes de Limpieza Dom\u00e9stica\" \/>\n<meta property=\"og:url\" content=\"https:\/\/dermo.com\/pt\/detergentes-para-limpeza-domestica-laboratorio\/\" \/>\n<meta property=\"og:site_name\" content=\"Dermo | F\u00e1brica de detergentes\" \/>\n<meta property=\"article:modified_time\" content=\"2025-02-19T11:07:22+00:00\" \/>\n<meta name=\"twitter:card\" content=\"summary_large_image\" \/>\n<meta name=\"twitter:label1\" content=\"Tempo estimado de leitura\" \/>\n\t<meta name=\"twitter:data1\" content=\"3 minutos\" \/>\n<script type=\"application\/ld+json\" class=\"yoast-schema-graph\">{\"@context\":\"https:\/\/schema.org\",\"@graph\":[{\"@type\":\"WebPage\",\"@id\":\"https:\/\/dermo.com\/laboratorio-de-detergentes-de-limpieza-domestica\/\",\"url\":\"https:\/\/dermo.com\/laboratorio-de-detergentes-de-limpieza-domestica\/\",\"name\":\"Laboratorio de Detergentes de Limpieza Dom\u00e9stica - Dermo | F\u00e1brica de detergentes\",\"isPartOf\":{\"@id\":\"https:\/\/dermo.com\/#website\"},\"datePublished\":\"2025-01-30T11:47:43+00:00\",\"dateModified\":\"2025-02-19T11:07:22+00:00\",\"breadcrumb\":{\"@id\":\"https:\/\/dermo.com\/laboratorio-de-detergentes-de-limpieza-domestica\/#breadcrumb\"},\"inLanguage\":\"pt-PT\",\"potentialAction\":[{\"@type\":\"ReadAction\",\"target\":[\"https:\/\/dermo.com\/laboratorio-de-detergentes-de-limpieza-domestica\/\"]}]},{\"@type\":\"BreadcrumbList\",\"@id\":\"https:\/\/dermo.com\/laboratorio-de-detergentes-de-limpieza-domestica\/#breadcrumb\",\"itemListElement\":[{\"@type\":\"ListItem\",\"position\":1,\"name\":\"Portada\",\"item\":\"https:\/\/dermo.com\/\"},{\"@type\":\"ListItem\",\"position\":2,\"name\":\"Laboratorio de Detergentes de Limpieza Dom\u00e9stica\"}]},{\"@type\":\"WebSite\",\"@id\":\"https:\/\/dermo.com\/#website\",\"url\":\"https:\/\/dermo.com\/\",\"name\":\"Dermo | F\u00e1brica de detergentes\",\"description\":\"Tecnolog\u00eda avanzada, investigaci\u00f3n y desarrollo, respeto por el medio ambiente, competencia, formaci\u00f3n constante y alto nivel de profesionalidad en nuestro equipo humano, empe\u00f1ado en preservar la calidad de vida, la protecci\u00f3n del entorno natural contin\u00faan motiv\u00e1ndonos para desarrollar en nuestros laboratorios nuevos productos con ingredientes activos altamente biodegradables que hacen posible un desarrollo sostenible.\",\"potentialAction\":[{\"@type\":\"SearchAction\",\"target\":{\"@type\":\"EntryPoint\",\"urlTemplate\":\"https:\/\/dermo.com\/?s={search_term_string}\"},\"query-input\":{\"@type\":\"PropertyValueSpecification\",\"valueRequired\":true,\"valueName\":\"search_term_string\"}}],\"inLanguage\":\"pt-PT\"}]}<\/script>\n<!-- \/ Yoast SEO plugin. -->","yoast_head_json":{"title":"Laborat\u00f3rio de Detergentes para Limpeza Dom\u00e9stica - Dermo | F\u00e1brica de detergentes","robots":{"index":"index","follow":"follow","max-snippet":"max-snippet:-1","max-image-preview":"max-image-preview:large","max-video-preview":"max-video-preview:-1"},"canonical":"https:\/\/dermo.com\/pt\/detergentes-para-limpeza-domestica-laboratorio\/","og_locale":"pt_PT","og_type":"article","og_title":"Laboratorio de Detergentes de Limpieza Dom\u00e9stica - Dermo | F\u00e1brica de detergentes","og_description":"Una de las principales preocupaciones que m\u00e1s nos importa, en nuestro d\u00eda a d\u00eda, es ver que nuestras necesidades m\u00e1s primarias, tales como la alimentaci\u00f3n, la educaci\u00f3n o la salud, se ven cubiertas como deben. Todas ellas son atenciones vitales, a algunas de las cuales, muchas veces, no prestamos la suficiente atenci\u00f3n que merecen. La\u00a0limpieza\u00a0y&hellip;&nbsp;Ler mais &raquo;Laboratorio de Detergentes de Limpieza Dom\u00e9stica","og_url":"https:\/\/dermo.com\/pt\/detergentes-para-limpeza-domestica-laboratorio\/","og_site_name":"Dermo | F\u00e1brica de detergentes","article_modified_time":"2025-02-19T11:07:22+00:00","twitter_card":"summary_large_image","twitter_misc":{"Tempo estimado de leitura":"3 minutos"},"schema":{"@context":"https:\/\/schema.org","@graph":[{"@type":"WebPage","@id":"https:\/\/dermo.com\/laboratorio-de-detergentes-de-limpieza-domestica\/","url":"https:\/\/dermo.com\/laboratorio-de-detergentes-de-limpieza-domestica\/","name":"Laborat\u00f3rio de Detergentes para Limpeza Dom\u00e9stica - Dermo | F\u00e1brica de detergentes","isPartOf":{"@id":"https:\/\/dermo.com\/#website"},"datePublished":"2025-01-30T11:47:43+00:00","dateModified":"2025-02-19T11:07:22+00:00","breadcrumb":{"@id":"https:\/\/dermo.com\/laboratorio-de-detergentes-de-limpieza-domestica\/#breadcrumb"},"inLanguage":"pt-PT","potentialAction":[{"@type":"ReadAction","target":["https:\/\/dermo.com\/laboratorio-de-detergentes-de-limpieza-domestica\/"]}]},{"@type":"BreadcrumbList","@id":"https:\/\/dermo.com\/laboratorio-de-detergentes-de-limpieza-domestica\/#breadcrumb","itemListElement":[{"@type":"ListItem","position":1,"name":"Portada","item":"https:\/\/dermo.com\/"},{"@type":"ListItem","position":2,"name":"Laboratorio de Detergentes de Limpieza Dom\u00e9stica"}]},{"@type":"WebSite","@id":"https:\/\/dermo.com\/#website","url":"https:\/\/dermo.com\/","name":"Dermo | f\u00e1brica de detergentes","description":"A tecnologia avan\u00e7ada, a investiga\u00e7\u00e3o e desenvolvimento, o respeito pelo ambiente, a compet\u00eancia, a forma\u00e7\u00e3o constante e o elevado n\u00edvel de profissionalismo da nossa equipa humana, comprometida com a preserva\u00e7\u00e3o da qualidade de vida, a protec\u00e7\u00e3o do ambiente natural continuam a motivar-nos a desenvolver novos produtos nos nossos laborat\u00f3rios com princ\u00edpios ativos altamente biodegrad\u00e1veis que possibilitam o desenvolvimento sustent\u00e1vel.","potentialAction":[{"@type":"SearchAction","target":{"@type":"EntryPoint","urlTemplate":"https:\/\/dermo.com\/?s={search_term_string}"},"query-input":{"@type":"PropertyValueSpecification","valueRequired":true,"valueName":"search_term_string"}}],"inLanguage":"pt-PT"}]}},"_links":{"self":[{"href":"https:\/\/dermo.com\/pt\/wp-json\/wp\/v2\/pages\/12507","targetHints":{"allow":["GET"]}}],"collection":[{"href":"https:\/\/dermo.com\/pt\/wp-json\/wp\/v2\/pages"}],"about":[{"href":"https:\/\/dermo.com\/pt\/wp-json\/wp\/v2\/types\/page"}],"author":[{"embeddable":true,"href":"https:\/\/dermo.com\/pt\/wp-json\/wp\/v2\/users\/2"}],"replies":[{"embeddable":true,"href":"https:\/\/dermo.com\/pt\/wp-json\/wp\/v2\/comments?post=12507"}],"version-history":[{"count":10,"href":"https:\/\/dermo.com\/pt\/wp-json\/wp\/v2\/pages\/12507\/revisions"}],"predecessor-version":[{"id":13593,"href":"https:\/\/dermo.com\/pt\/wp-json\/wp\/v2\/pages\/12507\/revisions\/13593"}],"wp:attachment":[{"href":"https:\/\/dermo.com\/pt\/wp-json\/wp\/v2\/media?parent=12507"}],"curies":[{"name":"wp","href":"https:\/\/api.w.org\/{rel}","templated":true}]}}