{"id":12534,"date":"2025-01-30T12:54:10","date_gmt":"2025-01-30T11:54:10","guid":{"rendered":"https:\/\/dermo.com\/?page_id=12534"},"modified":"2025-02-19T11:39:23","modified_gmt":"2025-02-19T10:39:23","slug":"detergentes-carroceria-2","status":"publish","type":"page","link":"https:\/\/dermo.com\/pt\/detergentes-carroceria-2\/","title":{"rendered":"Detergentes para carroceria"},"content":{"rendered":"<div data-elementor-type=\"wp-page\" data-elementor-id=\"12534\" class=\"elementor elementor-12534\" data-elementor-post-type=\"page\">\n\t\t\t\t\t\t<section class=\"elementor-section elementor-top-section elementor-element elementor-element-a02683f elementor-section-boxed elementor-section-height-default elementor-section-height-default\" data-id=\"a02683f\" data-element_type=\"section\" data-e-type=\"section\" data-settings=\"{&quot;background_background&quot;:&quot;classic&quot;}\">\n\t\t\t\t\t\t\t<div class=\"elementor-background-overlay\"><\/div>\n\t\t\t\t\t\t\t<div class=\"elementor-container elementor-column-gap-default\">\n\t\t\t\t\t<div class=\"elementor-column elementor-col-100 elementor-top-column elementor-element elementor-element-f99dbff\" data-id=\"f99dbff\" data-element_type=\"column\" data-e-type=\"column\">\n\t\t\t<div class=\"elementor-widget-wrap elementor-element-populated\">\n\t\t\t\t\t\t\t<\/div>\n\t\t<\/div>\n\t\t\t\t\t<\/div>\n\t\t<\/section>\n\t\t\t\t<section class=\"elementor-section elementor-top-section elementor-element elementor-element-233ad3a4 elementor-section-boxed elementor-section-height-default elementor-section-height-default\" data-id=\"233ad3a4\" data-element_type=\"section\" data-e-type=\"section\">\n\t\t\t\t\t\t<div class=\"elementor-container elementor-column-gap-default\">\n\t\t\t\t\t<div class=\"elementor-column elementor-col-100 elementor-top-column elementor-element elementor-element-3244e578\" data-id=\"3244e578\" data-element_type=\"column\" data-e-type=\"column\">\n\t\t\t<div class=\"elementor-widget-wrap elementor-element-populated\">\n\t\t\t\t\t\t<section class=\"elementor-section elementor-inner-section elementor-element elementor-element-1a7040c2 elementor-section-content-middle elementor-section-boxed elementor-section-height-default elementor-section-height-default\" data-id=\"1a7040c2\" data-element_type=\"section\" data-e-type=\"section\">\n\t\t\t\t\t\t<div class=\"elementor-container elementor-column-gap-default\">\n\t\t\t\t\t<div class=\"elementor-column elementor-col-50 elementor-inner-column elementor-element elementor-element-58338543\" data-id=\"58338543\" data-element_type=\"column\" data-e-type=\"column\">\n\t\t\t<div class=\"elementor-widget-wrap elementor-element-populated\">\n\t\t\t\t\t\t<div class=\"elementor-element elementor-element-464b2e11 elementor-widget elementor-widget-text-editor\" data-id=\"464b2e11\" data-element_type=\"widget\" data-e-type=\"widget\" data-widget_type=\"text-editor.default\">\n\t\t\t\t<div class=\"elementor-widget-container\">\n\t\t\t\t\t\t\t\t\t<div id=\"lipsum\"><h2>Dermo: F\u00e1brica de detergentes para lataria de autom\u00f3veis<\/h2><p>Pela nossa fam\u00edlia e car\u00e1ter pr\u00f3ximo, dois valores que nos acompanham depois de mais de 25 anos de luta di\u00e1ria por ela,\u00a0<strong><a href=\"https:\/\/dermo.com\/pt\/\">Dermo SA<\/a><\/strong>\u00a0Procuramos sempre fazer todo o poss\u00edvel para satisfazer os nossos clientes e garantir que todas as suas necessidades sejam satisfeitas neste mundo que engloba o setor da\u00a0<strong>limpeza<\/strong>\u00a0e o\u00a0<strong>higiene<\/strong>.<\/p><p>Em\u00a0<strong><a href=\"https:\/\/dermo.com\/pt\/\">Dermo SA<\/a><\/strong>\u00a0A nossa atividade n\u00e3o para nunca e gra\u00e7as a este compromisso conseguimos posicionar-nos como um todo\u00a0<strong>f\u00e1brica de detergentes\u00a0<\/strong>de refer\u00eancia na elabora\u00e7\u00e3o de produtos deste tipo, com especial destaque para a\u00a0<strong>detergentes\u00a0<\/strong>destinado ao setor da<strong>\u00a0automotivo\u00a0<\/strong>e<strong>\u00a0detergentes\u00a0<\/strong>para o<strong>\u00a0carroceria\u00a0<\/strong>do seu<strong>\u00a0carro<\/strong>.<\/p><\/div>\t\t\t\t\t\t\t\t<\/div>\n\t\t\t\t<\/div>\n\t\t\t\t\t<\/div>\n\t\t<\/div>\n\t\t\t\t<div class=\"elementor-column elementor-col-50 elementor-inner-column elementor-element elementor-element-d49aec1 elementor-invisible\" data-id=\"d49aec1\" data-element_type=\"column\" data-e-type=\"column\" data-settings=\"{&quot;animation&quot;:&quot;bounceInRight&quot;}\">\n\t\t\t<div class=\"elementor-widget-wrap elementor-element-populated\">\n\t\t\t\t\t\t<div class=\"elementor-element elementor-element-050da89 elementor-widget elementor-widget-elementskit-contact-form7\" data-id=\"050da89\" data-element_type=\"widget\" data-e-type=\"widget\" data-widget_type=\"elementskit-contact-form7.default\">\n\t\t\t\t<div class=\"elementor-widget-container\">\n\t\t\t\t\t<div class=\"ekit-wid-con\" ><div class=\"ekit-form\">\n<div class=\"wpcf7 no-js\" id=\"wpcf7-f13292-p12534-o1\" lang=\"es-ES\" dir=\"ltr\" data-wpcf7-id=\"13292\">\n<div class=\"screen-reader-response\"><p role=\"status\" aria-live=\"polite\" aria-atomic=\"true\"><\/p> <ul><\/ul><\/div>\n<form action=\"\/pt\/detergentes-carroceria-2\/#wpcf7-f13292-p12534-o1\" method=\"post\" class=\"wpcf7-form init\" aria-label=\"Formulario de contacto\" novalidate=\"novalidate\" data-status=\"init\" data-no-translation-aria-label=\"\" data-trp-original-action=\"\/pt\/detergentes-carroceria-coche-2\/#wpcf7-f13292-p12534-o1\">\n<fieldset class=\"hidden-fields-container\"><input type=\"hidden\" name=\"_wpcf7\" value=\"13292\" \/><input type=\"hidden\" name=\"_wpcf7_version\" value=\"6.1.5\" \/><input type=\"hidden\" name=\"_wpcf7_locale\" value=\"es_ES\" \/><input type=\"hidden\" name=\"_wpcf7_unit_tag\" value=\"wpcf7-f13292-p12534-o1\" \/><input type=\"hidden\" name=\"_wpcf7_container_post\" value=\"12534\" \/><input type=\"hidden\" name=\"_wpcf7_posted_data_hash\" value=\"\" \/><input type=\"hidden\" name=\"_wpcf7_recaptcha_response\" value=\"\" \/>\n<\/fieldset>\n<div style=\"display: flex; gap: 10px;\">\n\t<div style=\"width: 50%;\">\n\t\t<p><span class=\"wpcf7-form-control-wrap\" data-name=\"your-name\"><input size=\"40\" maxlength=\"400\" class=\"wpcf7-form-control wpcf7-text wpcf7-validates-as-required\" aria-required=\"true\" aria-invalid=\"false\" placeholder=\"Nome\" value=\"\" type=\"text\" name=\"your-name\" \/><\/span>\n\t\t<\/p>\n\t<\/div>\n\t<div style=\"width: 50%;\">\n\t\t<p><span class=\"wpcf7-form-control-wrap\" data-name=\"your-phone\"><input size=\"40\" maxlength=\"400\" class=\"wpcf7-form-control wpcf7-tel wpcf7-validates-as-required wpcf7-text wpcf7-validates-as-tel\" aria-required=\"true\" aria-invalid=\"false\" placeholder=\"Telefone\" value=\"\" type=\"tel\" name=\"your-phone\" \/><\/span>\n\t\t<\/p>\n\t<\/div>\n<\/div>\n<p><span class=\"wpcf7-form-control-wrap\" data-name=\"your-email\"><input size=\"40\" maxlength=\"400\" class=\"wpcf7-form-control wpcf7-email wpcf7-validates-as-required wpcf7-text wpcf7-validates-as-email\" aria-required=\"true\" aria-invalid=\"false\" placeholder=\"E-mail\" value=\"\" type=\"email\" name=\"your-email\" \/><\/span>\n<\/p>\n<div style=\"display: flex; gap: 10px;\">\n\t<div style=\"width: 50%;\">\n\t\t<p><span class=\"wpcf7-form-control-wrap\" data-name=\"your-country\"><input size=\"40\" maxlength=\"400\" class=\"wpcf7-form-control wpcf7-text wpcf7-validates-as-required\" aria-required=\"true\" aria-invalid=\"false\" placeholder=\"Pa\u00eds\" value=\"\" type=\"text\" name=\"your-country\" \/><\/span>\n\t\t<\/p>\n\t<\/div>\n\t<div style=\"width: 50%;\">\n\t\t<p><span class=\"wpcf7-form-control-wrap\" data-name=\"your-city\"><input size=\"40\" maxlength=\"400\" class=\"wpcf7-form-control wpcf7-text wpcf7-validates-as-required\" aria-required=\"true\" aria-invalid=\"false\" placeholder=\"Popula\u00e7\u00e3o\" value=\"\" type=\"text\" name=\"your-city\" \/><\/span>\n\t\t<\/p>\n\t<\/div>\n<\/div>\n<p><span class=\"wpcf7-form-control-wrap\" data-name=\"your-subject\"><select class=\"wpcf7-form-control wpcf7-select\" aria-invalid=\"false\" name=\"your-subject\"><option value=\"Quiero ser distribuidor\">Quero ser um distribuidor<\/option><option value=\"Presupuesto\">Or\u00e7amento<\/option><option value=\"Consulta\">Consulta<\/option><option value=\"Sugerencia\">Sugest\u00e3o<\/option><option value=\"Otros\">Outros<\/option><\/select><\/span>\n<\/p>\n<p><span class=\"wpcf7-form-control-wrap\" data-name=\"your-message\"><textarea cols=\"40\" rows=\"10\" maxlength=\"2000\" class=\"wpcf7-form-control wpcf7-textarea\" aria-invalid=\"false\" placeholder=\"Mensagem ou consulta\" name=\"your-message\"><\/textarea><\/span>\n<\/p>\n<div style=\"display: flex; align-items: center; gap: 10px;\">\n\t<p><span class=\"wpcf7-form-control-wrap\" data-name=\"privacy-policy\"><span class=\"wpcf7-form-control wpcf7-acceptance\"><span class=\"wpcf7-list-item\"><input type=\"checkbox\" name=\"privacy-policy\" value=\"1\" aria-invalid=\"false\" \/><\/span><\/span><\/span><label for=\"privacy-policy\" style=\"margin-left: 5px;\">Li e aceito a pol\u00edtica de privacidade.<\/label>\n\t<\/p>\n<\/div>\n<div style=\"display: flex; align-items: center; gap: 10px;\">\n\t<p><span class=\"wpcf7-form-control-wrap\" data-name=\"send-info\"><span class=\"wpcf7-form-control wpcf7-acceptance\"><span class=\"wpcf7-list-item\"><input type=\"checkbox\" name=\"send-info\" value=\"1\" aria-invalid=\"false\" \/><\/span><\/span><\/span><label for=\"send-info\" style=\"margin-left: 5px;\">Concordo em receber informa\u00e7\u00f5es.<\/label>\n\t<\/p>\n<\/div>\n<p><input class=\"wpcf7-form-control wpcf7-submit has-spinner\" type=\"submit\" value=\"Enviar\" \/>\n<\/p><div class=\"wpcf7-response-output\" aria-hidden=\"true\"><\/div>\n<input type=\"hidden\" name=\"trp-form-language\" value=\"pt\"\/><\/form>\n<\/div>\n<\/div><\/div>\t\t\t\t<\/div>\n\t\t\t\t<\/div>\n\t\t\t\t\t<\/div>\n\t\t<\/div>\n\t\t\t\t\t<\/div>\n\t\t<\/section>\n\t\t\t\t<div class=\"elementor-element elementor-element-615d68f elementor-widget elementor-widget-text-editor\" data-id=\"615d68f\" data-element_type=\"widget\" data-e-type=\"widget\" data-widget_type=\"text-editor.default\">\n\t\t\t\t<div class=\"elementor-widget-container\">\n\t\t\t\t\t\t\t\t\t<div id=\"lipsum\"><p>Uma das principais preocupa\u00e7\u00f5es que afeta a todos n\u00f3s \u00e9 a cobertura das nossas necessidades mais b\u00e1sicas, que normalmente se concentram naquelas coisas essenciais para o desenvolvimento das nossas vidas. Alimenta\u00e7\u00e3o, moradia, educa\u00e7\u00e3o, sa\u00fade... Mas muitas vezes n\u00e3o damos a devida aten\u00e7\u00e3o a alguns deles, como por exemplo\u00a0<strong>limpeza<\/strong>\u00a0e o\u00a0<strong>higiene<\/strong>, uma prioridade para garantir a nossa sa\u00fade e a de quem nos rodeia, que come\u00e7a pela aten\u00e7\u00e3o aos mais pequenos detalhes. Neste caso, por exemplo, para o\u00a0<strong>limpeza<\/strong>\u00a0e\u00a0<strong>higiene<\/strong>\u00a0O que queremos para o nosso\u00a0<strong>carro\u00a0<\/strong>com o uso correspondente de\u00a0<strong>detergentes\u00a0<\/strong>para esse prop\u00f3sito. H\u00e1 muitas pessoas que se mudam\u00a0<strong>carro<\/strong>\u00a0constantemente aqui e ali e que deve zelar pela sua boa apar\u00eancia, tanto interna quanto externamente.<\/p><p>Em\u00a0<strong>Dermo SA,<\/strong>\u00a0<a href=\"https:\/\/dermo.com\/pt\/fabrica-de-detergentes\/\"><strong>f\u00e1brica de detergentes<\/strong><\/a>composta por uma equipe de grandes profissionais especializados no setor de\u00a0<strong>automotivo<\/strong>, garantimos que esta necessidade essencial de indiv\u00edduos e empresas de ve\u00edculos seja atendida, ap\u00f3s uma carreira de mais de 25 anos no setor de\u00a0<strong>limpeza<\/strong>\u00a0e o\u00a0<strong>higiene,<\/strong>\u00a0oferecendo aos nossos clientes o melhor\u00a0<strong>detergentes<\/strong>\u00a0\u00a0para o\u00a0<strong>carroceria<\/strong>\u00a0dele\u00a0<strong>carro<\/strong>, bem como todos os acess\u00f3rios e complementos pertinentes que o completam\u00a0<strong>limpeza.<\/strong>\u00a0Empresa familiar, pr\u00f3xima e, acima de tudo, consciente desta necessidade de todos n\u00f3s de mostrarmos o nosso\u00a0<strong>carro<\/strong>\u00a0que queremos, n\u00e3o poder\u00edamos deixar de lado os nossos amigos e colegas do setor da\u00a0<strong>automotivo<\/strong>\u00a0para que eles possam desfrutar, e voc\u00ea possa desfrutar, do nosso extenso cat\u00e1logo de\u00a0<strong>detergentes<\/strong>\u00a0para a carroceria do seu carro, e os demais produtos que comp\u00f5em nossa crescente gama de produtos para a ind\u00fastria e\u00a0<strong>automotivo\u00a0<\/strong>que suprem todas as necessidades que possam surgir no\u00a0<strong>limpeza<\/strong>\u00a0veicular:\u00a0<strong><a href=\"https:\/\/dermo.com\/pt\/detergentes-coches-automocion\/\">carros<\/a><\/strong>, caminh\u00f5es, trens, \u00f4nibus..., e n\u00e3o h\u00e1 bem mais precioso do que a correta cobertura desta necessidade, sempre levando em considera\u00e7\u00e3o as demandas de nossos clientes.<\/p><p>\u00a0<\/p><\/div><p>Gra\u00e7as ao esfor\u00e7o e \u00e0 confian\u00e7a de todos os nossos colaboradores e fornecedores, que nos demonstram diariamente o seu apoio incondicional e nos ajudaram a alcan\u00e7ar a posi\u00e7\u00e3o que ocupamos, conseguimos colocar ao seu servi\u00e7o mais de 200 produtos, incluindo os destinados ao sector da\u00a0<strong>automotivo<\/strong>, e entre os quais se destacam os nossos\u00a0<strong>detergentes<\/strong>\u00a0para o\u00a0<strong>carroceria<\/strong>\u00a0do\u00a0<strong>carro<\/strong>, polidores, ceras e produtos de limpeza.<\/p><p><strong>Dermo SA<\/strong>, sua empresa e\u00a0<strong>f\u00e1brica de detergentes\u00a0<\/strong>para o\u00a0<strong>carroceria<\/strong>\u00a0do seu\u00a0<strong>carro<\/strong>, ou qualquer outro ve\u00edculo confi\u00e1vel e que se preze. Familiares e pr\u00f3ximos, como dissemos, preocupamo-nos com a sua satisfa\u00e7\u00e3o e em cobrir, merecidamente, essa necessidade indispens\u00e1vel que afeta muitas dimens\u00f5es e esferas da sociedade porque, afinal, quem n\u00e3o utilizou os seus\u00a0<strong>carro<\/strong>, ou viajou de trem ou \u00f4nibus no final do dia?<\/p>\t\t\t\t\t\t\t\t<\/div>\n\t\t\t\t<\/div>\n\t\t\t\t\t<\/div>\n\t\t<\/div>\n\t\t\t\t\t<\/div>\n\t\t<\/section>\n\t\t\t\t<section class=\"elementor-section elementor-top-section elementor-element elementor-element-484f41e elementor-section-full_width elementor-section-height-default elementor-section-height-default elementor-invisible\" data-id=\"484f41e\" data-element_type=\"section\" data-e-type=\"section\" data-settings=\"{&quot;animation&quot;:&quot;slideInUp&quot;}\">\n\t\t\t\t\t\t<div class=\"elementor-container elementor-column-gap-default\">\n\t\t\t\t\t<div class=\"elementor-column elementor-col-100 elementor-top-column elementor-element elementor-element-19948363\" data-id=\"19948363\" data-element_type=\"column\" data-e-type=\"column\">\n\t\t\t<div class=\"elementor-widget-wrap elementor-element-populated\">\n\t\t\t\t\t\t<div class=\"elementor-element elementor-element-339044a4 elementor-widget elementor-widget-google_maps\" data-id=\"339044a4\" data-element_type=\"widget\" data-e-type=\"widget\" data-widget_type=\"google_maps.default\">\n\t\t\t\t<div class=\"elementor-widget-container\">\n\t\t\t\t\t\t\t<div class=\"elementor-custom-embed\">\n\t\t\t<iframe loading=\"lazy\"\n\t\t\t\t\tsrc=\"https:\/\/maps.google.com\/maps?q=C%2F%20Pintor%20Joan%20Miro%2C%2016.%20Pol.%20Ind.%20Can%20Humet%20de%20Dalt%2C%2008213%20Poliny%C3%A0.%20Barcelona&#038;t=m&#038;z=15&#038;output=embed&#038;iwloc=near\"\n\t\t\t\t\ttitle=\"C\/ Pintor Joan Miro, 16. Pol. Ind. Can Humet de Dalt, 08213 Poliny\u00e0. Barcelona\"\n\t\t\t\t\taria-label=\"C\/ Pintor Joan Miro, 16. Pol. Ind. Can Humet de Dalt, 08213 Poliny\u00e0. Barcelona\"\n\t\t\t><\/iframe>\n\t\t<\/div>\n\t\t\t\t\t\t<\/div>\n\t\t\t\t<\/div>\n\t\t\t\t\t<\/div>\n\t\t<\/div>\n\t\t\t\t\t<\/div>\n\t\t<\/section>\n\t\t\t\t<\/div>","protected":false},"excerpt":{"rendered":"<p>Dermo: F\u00e1brica de Detergentes para carrocer\u00eda de coche Por nuestro car\u00e1cter familiar y pr\u00f3ximo, dos valores que nos acompa\u00f1an tras m\u00e1s de 25 a\u00f1os luchando a diario por ello, en\u00a0Dermo S.A.\u00a0siempre tratamos de hacer todo lo posible por satisfacer a nuestros clientes y garantizarles el cubrimiento de todas sus necesidades en este mundo que abarca&hellip;&nbsp;<a href=\"https:\/\/dermo.com\/pt\/detergentes-carroceria-2\/\" rel=\"bookmark\">Ler mais \u00bb<span class=\"screen-reader-text\">Detergentes para carroceria<\/span><\/a><\/p>","protected":false},"author":2,"featured_media":0,"parent":0,"menu_order":0,"comment_status":"closed","ping_status":"closed","template":"page-templates\/template-pagebuilder-full-width.php","meta":{"neve_meta_sidebar":"","neve_meta_container":"","neve_meta_enable_content_width":"","neve_meta_content_width":0,"neve_meta_title_alignment":"","neve_meta_author_avatar":"","neve_post_elements_order":"","neve_meta_disable_header":"","neve_meta_disable_footer":"","neve_meta_disable_title":"","footnotes":""},"class_list":["post-12534","page","type-page","status-publish","hentry"],"yoast_head":"<!-- This site is optimized with the Yoast SEO plugin v27.0 - https:\/\/yoast.com\/product\/yoast-seo-wordpress\/ -->\n<title>Detergentes carrocer\u00eda coche - Dermo | F\u00e1brica de detergentes<\/title>\n<meta name=\"robots\" content=\"index, follow, max-snippet:-1, max-image-preview:large, max-video-preview:-1\" \/>\n<link rel=\"canonical\" href=\"https:\/\/dermo.com\/pt\/detergentes-carroceria-2\/\" \/>\n<meta property=\"og:locale\" content=\"pt_PT\" \/>\n<meta property=\"og:type\" content=\"article\" \/>\n<meta property=\"og:title\" content=\"Detergentes carrocer\u00eda coche - Dermo | F\u00e1brica de detergentes\" \/>\n<meta property=\"og:description\" content=\"Dermo: F\u00e1brica de Detergentes para carrocer\u00eda de coche Por nuestro car\u00e1cter familiar y pr\u00f3ximo, dos valores que nos acompa\u00f1an tras m\u00e1s de 25 a\u00f1os luchando a diario por ello, en\u00a0Dermo S.A.\u00a0siempre tratamos de hacer todo lo posible por satisfacer a nuestros clientes y garantizarles el cubrimiento de todas sus necesidades en este mundo que abarca&hellip;&nbsp;Ler mais &raquo;Detergentes carrocer\u00eda coche\" \/>\n<meta property=\"og:url\" content=\"https:\/\/dermo.com\/pt\/detergentes-carroceria-2\/\" \/>\n<meta property=\"og:site_name\" content=\"Dermo | F\u00e1brica de detergentes\" \/>\n<meta property=\"article:modified_time\" content=\"2025-02-19T10:39:23+00:00\" \/>\n<meta name=\"twitter:card\" content=\"summary_large_image\" \/>\n<meta name=\"twitter:label1\" content=\"Tempo estimado de leitura\" \/>\n\t<meta name=\"twitter:data1\" content=\"3 minutos\" \/>\n<script type=\"application\/ld+json\" class=\"yoast-schema-graph\">{\"@context\":\"https:\/\/schema.org\",\"@graph\":[{\"@type\":\"WebPage\",\"@id\":\"https:\/\/dermo.com\/detergentes-carroceria-coche-2\/\",\"url\":\"https:\/\/dermo.com\/detergentes-carroceria-coche-2\/\",\"name\":\"Detergentes carrocer\u00eda coche - Dermo | F\u00e1brica de detergentes\",\"isPartOf\":{\"@id\":\"https:\/\/dermo.com\/#website\"},\"datePublished\":\"2025-01-30T11:54:10+00:00\",\"dateModified\":\"2025-02-19T10:39:23+00:00\",\"breadcrumb\":{\"@id\":\"https:\/\/dermo.com\/detergentes-carroceria-coche-2\/#breadcrumb\"},\"inLanguage\":\"pt-PT\",\"potentialAction\":[{\"@type\":\"ReadAction\",\"target\":[\"https:\/\/dermo.com\/detergentes-carroceria-coche-2\/\"]}]},{\"@type\":\"BreadcrumbList\",\"@id\":\"https:\/\/dermo.com\/detergentes-carroceria-coche-2\/#breadcrumb\",\"itemListElement\":[{\"@type\":\"ListItem\",\"position\":1,\"name\":\"Portada\",\"item\":\"https:\/\/dermo.com\/\"},{\"@type\":\"ListItem\",\"position\":2,\"name\":\"Detergentes carrocer\u00eda coche\"}]},{\"@type\":\"WebSite\",\"@id\":\"https:\/\/dermo.com\/#website\",\"url\":\"https:\/\/dermo.com\/\",\"name\":\"Dermo | F\u00e1brica de detergentes\",\"description\":\"Tecnolog\u00eda avanzada, investigaci\u00f3n y desarrollo, respeto por el medio ambiente, competencia, formaci\u00f3n constante y alto nivel de profesionalidad en nuestro equipo humano, empe\u00f1ado en preservar la calidad de vida, la protecci\u00f3n del entorno natural contin\u00faan motiv\u00e1ndonos para desarrollar en nuestros laboratorios nuevos productos con ingredientes activos altamente biodegradables que hacen posible un desarrollo sostenible.\",\"potentialAction\":[{\"@type\":\"SearchAction\",\"target\":{\"@type\":\"EntryPoint\",\"urlTemplate\":\"https:\/\/dermo.com\/?s={search_term_string}\"},\"query-input\":{\"@type\":\"PropertyValueSpecification\",\"valueRequired\":true,\"valueName\":\"search_term_string\"}}],\"inLanguage\":\"pt-PT\"}]}<\/script>\n<!-- \/ Yoast SEO plugin. -->","yoast_head_json":{"title":"Detergentes para carroceria - Dermo | F\u00e1brica de detergentes","robots":{"index":"index","follow":"follow","max-snippet":"max-snippet:-1","max-image-preview":"max-image-preview:large","max-video-preview":"max-video-preview:-1"},"canonical":"https:\/\/dermo.com\/pt\/detergentes-carroceria-2\/","og_locale":"pt_PT","og_type":"article","og_title":"Detergentes carrocer\u00eda coche - Dermo | F\u00e1brica de detergentes","og_description":"Dermo: F\u00e1brica de Detergentes para carrocer\u00eda de coche Por nuestro car\u00e1cter familiar y pr\u00f3ximo, dos valores que nos acompa\u00f1an tras m\u00e1s de 25 a\u00f1os luchando a diario por ello, en\u00a0Dermo S.A.\u00a0siempre tratamos de hacer todo lo posible por satisfacer a nuestros clientes y garantizarles el cubrimiento de todas sus necesidades en este mundo que abarca&hellip;&nbsp;Ler mais &raquo;Detergentes carrocer\u00eda coche","og_url":"https:\/\/dermo.com\/pt\/detergentes-carroceria-2\/","og_site_name":"Dermo | F\u00e1brica de detergentes","article_modified_time":"2025-02-19T10:39:23+00:00","twitter_card":"summary_large_image","twitter_misc":{"Tempo estimado de leitura":"3 minutos"},"schema":{"@context":"https:\/\/schema.org","@graph":[{"@type":"WebPage","@id":"https:\/\/dermo.com\/detergentes-carroceria-coche-2\/","url":"https:\/\/dermo.com\/detergentes-carroceria-coche-2\/","name":"Detergentes para carroceria - Dermo | F\u00e1brica de detergentes","isPartOf":{"@id":"https:\/\/dermo.com\/#website"},"datePublished":"2025-01-30T11:54:10+00:00","dateModified":"2025-02-19T10:39:23+00:00","breadcrumb":{"@id":"https:\/\/dermo.com\/detergentes-carroceria-coche-2\/#breadcrumb"},"inLanguage":"pt-PT","potentialAction":[{"@type":"ReadAction","target":["https:\/\/dermo.com\/detergentes-carroceria-coche-2\/"]}]},{"@type":"BreadcrumbList","@id":"https:\/\/dermo.com\/detergentes-carroceria-coche-2\/#breadcrumb","itemListElement":[{"@type":"ListItem","position":1,"name":"Portada","item":"https:\/\/dermo.com\/"},{"@type":"ListItem","position":2,"name":"Detergentes carrocer\u00eda coche"}]},{"@type":"WebSite","@id":"https:\/\/dermo.com\/#website","url":"https:\/\/dermo.com\/","name":"Dermo | f\u00e1brica de detergentes","description":"A tecnologia avan\u00e7ada, a investiga\u00e7\u00e3o e desenvolvimento, o respeito pelo ambiente, a compet\u00eancia, a forma\u00e7\u00e3o constante e o elevado n\u00edvel de profissionalismo da nossa equipa humana, comprometida com a preserva\u00e7\u00e3o da qualidade de vida, a protec\u00e7\u00e3o do ambiente natural continuam a motivar-nos a desenvolver novos produtos nos nossos laborat\u00f3rios com princ\u00edpios ativos altamente biodegrad\u00e1veis que possibilitam o desenvolvimento sustent\u00e1vel.","potentialAction":[{"@type":"SearchAction","target":{"@type":"EntryPoint","urlTemplate":"https:\/\/dermo.com\/?s={search_term_string}"},"query-input":{"@type":"PropertyValueSpecification","valueRequired":true,"valueName":"search_term_string"}}],"inLanguage":"pt-PT"}]}},"_links":{"self":[{"href":"https:\/\/dermo.com\/pt\/wp-json\/wp\/v2\/pages\/12534","targetHints":{"allow":["GET"]}}],"collection":[{"href":"https:\/\/dermo.com\/pt\/wp-json\/wp\/v2\/pages"}],"about":[{"href":"https:\/\/dermo.com\/pt\/wp-json\/wp\/v2\/types\/page"}],"author":[{"embeddable":true,"href":"https:\/\/dermo.com\/pt\/wp-json\/wp\/v2\/users\/2"}],"replies":[{"embeddable":true,"href":"https:\/\/dermo.com\/pt\/wp-json\/wp\/v2\/comments?post=12534"}],"version-history":[{"count":7,"href":"https:\/\/dermo.com\/pt\/wp-json\/wp\/v2\/pages\/12534\/revisions"}],"predecessor-version":[{"id":13442,"href":"https:\/\/dermo.com\/pt\/wp-json\/wp\/v2\/pages\/12534\/revisions\/13442"}],"wp:attachment":[{"href":"https:\/\/dermo.com\/pt\/wp-json\/wp\/v2\/media?parent=12534"}],"curies":[{"name":"wp","href":"https:\/\/api.w.org\/{rel}","templated":true}]}}