{"id":12535,"date":"2025-01-31T10:00:15","date_gmt":"2025-01-31T09:00:15","guid":{"rendered":"https:\/\/dermo.com\/?page_id=12535"},"modified":"2025-02-19T12:36:21","modified_gmt":"2025-02-19T11:36:21","slug":"amaciante-de-roupas-com-microcapsulas-de-perfume-presto-crazy-sensation","status":"publish","type":"page","link":"https:\/\/dermo.com\/pt\/amaciante-de-roupas-com-microcapsulas-de-perfume-presto-crazy-sensation\/","title":{"rendered":"Amaciante de roupas com microc\u00e1psulas de perfume (Presto Crazy Sensation)"},"content":{"rendered":"<div data-elementor-type=\"wp-page\" data-elementor-id=\"12535\" class=\"elementor elementor-12535\" data-elementor-post-type=\"page\">\n\t\t\t\t\t\t<section class=\"elementor-section elementor-top-section elementor-element elementor-element-a02683f elementor-section-boxed elementor-section-height-default elementor-section-height-default\" data-id=\"a02683f\" data-element_type=\"section\" data-e-type=\"section\" data-settings=\"{&quot;background_background&quot;:&quot;classic&quot;}\">\n\t\t\t\t\t\t\t<div class=\"elementor-background-overlay\"><\/div>\n\t\t\t\t\t\t\t<div class=\"elementor-container elementor-column-gap-default\">\n\t\t\t\t\t<div class=\"elementor-column elementor-col-100 elementor-top-column elementor-element elementor-element-f99dbff\" data-id=\"f99dbff\" data-element_type=\"column\" data-e-type=\"column\">\n\t\t\t<div class=\"elementor-widget-wrap elementor-element-populated\">\n\t\t\t\t\t\t\t<\/div>\n\t\t<\/div>\n\t\t\t\t\t<\/div>\n\t\t<\/section>\n\t\t\t\t<section class=\"elementor-section elementor-top-section elementor-element elementor-element-233ad3a4 elementor-section-boxed elementor-section-height-default elementor-section-height-default\" data-id=\"233ad3a4\" data-element_type=\"section\" data-e-type=\"section\">\n\t\t\t\t\t\t<div class=\"elementor-container elementor-column-gap-default\">\n\t\t\t\t\t<div class=\"elementor-column elementor-col-100 elementor-top-column elementor-element elementor-element-3244e578\" data-id=\"3244e578\" data-element_type=\"column\" data-e-type=\"column\">\n\t\t\t<div class=\"elementor-widget-wrap elementor-element-populated\">\n\t\t\t\t\t\t<section class=\"elementor-section elementor-inner-section elementor-element elementor-element-1a7040c2 elementor-section-content-middle elementor-section-boxed elementor-section-height-default elementor-section-height-default\" data-id=\"1a7040c2\" data-element_type=\"section\" data-e-type=\"section\">\n\t\t\t\t\t\t<div class=\"elementor-container elementor-column-gap-default\">\n\t\t\t\t\t<div class=\"elementor-column elementor-col-50 elementor-inner-column elementor-element elementor-element-58338543\" data-id=\"58338543\" data-element_type=\"column\" data-e-type=\"column\">\n\t\t\t<div class=\"elementor-widget-wrap elementor-element-populated\">\n\t\t\t\t\t\t<div class=\"elementor-element elementor-element-464b2e11 elementor-widget elementor-widget-text-editor\" data-id=\"464b2e11\" data-element_type=\"widget\" data-e-type=\"widget\" data-widget_type=\"text-editor.default\">\n\t\t\t\t<div class=\"elementor-widget-container\">\n\t\t\t\t\t\t\t\t\t<p>Existem muitas raz\u00f5es pelas quais recorremos a\u00a0<strong>amaciante de roupas com microc\u00e1psulas de perfume<\/strong>\u00a0dia de lavar roupa. H\u00e1bito, por exemplo. Mas tamb\u00e9m queremos que nossas roupas e len\u00e7\u00f3is tenham um cheiro fresco e sejam confort\u00e1veis, al\u00e9m de n\u00e3o apresentarem vincos nem est\u00e1tica.<\/p><p>Para alguns, o\u00a0<strong>amaciante de roupas com microc\u00e1psulas de perfume<\/strong>\u00a0\u00c9 t\u00e3o essencial quanto o detergente. As raz\u00f5es \u00f3bvias para usar\u00a0<strong>amaciante de roupas com microc\u00e1psulas de perfume<\/strong>\u00a0s\u00e3o v\u00e1lidas. \u00c9 uma maneira eficaz de manter os tecidos macios. Ele tamb\u00e9m ajuda a reduzir o atrito entre as fibras, o que cria menos eletricidade est\u00e1tica e ajuda a proteger as roupas do desgaste, fazendo com que durem mais do que durariam sem ele. Sem mencionar que \u00e9 uma maneira f\u00e1cil de adicionar um toque de fragr\u00e2ncia \u00e0s suas roupas.<\/p><p>Ele\u00a0<strong>amaciante de roupas com microc\u00e1psulas de perfume<\/strong>\u00a0faz exatamente o que seu nome sugere: amacia tecidos. Mant\u00e9m suas roupas e roupas de cama extremamente confort\u00e1veis, d\u00e1 a elas um aroma agrad\u00e1vel e ajuda a evitar vincos e est\u00e1tica logo ap\u00f3s a lavagem. Isso pode ser particularmente importante se voc\u00ea n\u00e3o gosta de passar roupa. Suas roupas alisam rapidamente porque\u00a0<strong>amaciante de roupas com microc\u00e1psulas de perfume<\/strong>\u00a0reduz a resist\u00eancia da superf\u00edcie.<\/p>\t\t\t\t\t\t\t\t<\/div>\n\t\t\t\t<\/div>\n\t\t\t\t\t<\/div>\n\t\t<\/div>\n\t\t\t\t<div class=\"elementor-column elementor-col-50 elementor-inner-column elementor-element elementor-element-137356a elementor-invisible\" data-id=\"137356a\" data-element_type=\"column\" data-e-type=\"column\" data-settings=\"{&quot;animation&quot;:&quot;bounceInRight&quot;}\">\n\t\t\t<div class=\"elementor-widget-wrap elementor-element-populated\">\n\t\t\t\t\t\t<div class=\"elementor-element elementor-element-91fdef7 elementor-widget__width-initial elementor-widget elementor-widget-elementskit-contact-form7\" data-id=\"91fdef7\" data-element_type=\"widget\" data-e-type=\"widget\" data-widget_type=\"elementskit-contact-form7.default\">\n\t\t\t\t<div class=\"elementor-widget-container\">\n\t\t\t\t\t<div class=\"ekit-wid-con\" ><div class=\"ekit-form\">\n<div class=\"wpcf7 no-js\" id=\"wpcf7-f13292-p12535-o1\" lang=\"es-ES\" dir=\"ltr\" data-wpcf7-id=\"13292\">\n<div class=\"screen-reader-response\"><p role=\"status\" aria-live=\"polite\" aria-atomic=\"true\"><\/p> <ul><\/ul><\/div>\n<form action=\"\/pt\/amaciante-de-roupas-com-microcapsulas-de-perfume-presto-crazy-sensation\/#wpcf7-f13292-p12535-o1\" method=\"post\" class=\"wpcf7-form init\" aria-label=\"Formulario de contacto\" novalidate=\"novalidate\" data-status=\"init\" data-no-translation-aria-label=\"\" data-trp-original-action=\"\/pt\/suavizante-con-microcapsulas-de-perfume-presto-crazy-sensation\/#wpcf7-f13292-p12535-o1\">\n<fieldset class=\"hidden-fields-container\"><input type=\"hidden\" name=\"_wpcf7\" value=\"13292\" \/><input type=\"hidden\" name=\"_wpcf7_version\" value=\"6.1.5\" \/><input type=\"hidden\" name=\"_wpcf7_locale\" value=\"es_ES\" \/><input type=\"hidden\" name=\"_wpcf7_unit_tag\" value=\"wpcf7-f13292-p12535-o1\" \/><input type=\"hidden\" name=\"_wpcf7_container_post\" value=\"12535\" \/><input type=\"hidden\" name=\"_wpcf7_posted_data_hash\" value=\"\" \/><input type=\"hidden\" name=\"_wpcf7_recaptcha_response\" value=\"\" \/>\n<\/fieldset>\n<div style=\"display: flex; gap: 10px;\">\n\t<div style=\"width: 50%;\">\n\t\t<p><span class=\"wpcf7-form-control-wrap\" data-name=\"your-name\"><input size=\"40\" maxlength=\"400\" class=\"wpcf7-form-control wpcf7-text wpcf7-validates-as-required\" aria-required=\"true\" aria-invalid=\"false\" placeholder=\"Nome\" value=\"\" type=\"text\" name=\"your-name\" \/><\/span>\n\t\t<\/p>\n\t<\/div>\n\t<div style=\"width: 50%;\">\n\t\t<p><span class=\"wpcf7-form-control-wrap\" data-name=\"your-phone\"><input size=\"40\" maxlength=\"400\" class=\"wpcf7-form-control wpcf7-tel wpcf7-validates-as-required wpcf7-text wpcf7-validates-as-tel\" aria-required=\"true\" aria-invalid=\"false\" placeholder=\"Telefone\" value=\"\" type=\"tel\" name=\"your-phone\" \/><\/span>\n\t\t<\/p>\n\t<\/div>\n<\/div>\n<p><span class=\"wpcf7-form-control-wrap\" data-name=\"your-email\"><input size=\"40\" maxlength=\"400\" class=\"wpcf7-form-control wpcf7-email wpcf7-validates-as-required wpcf7-text wpcf7-validates-as-email\" aria-required=\"true\" aria-invalid=\"false\" placeholder=\"E-mail\" value=\"\" type=\"email\" name=\"your-email\" \/><\/span>\n<\/p>\n<div style=\"display: flex; gap: 10px;\">\n\t<div style=\"width: 50%;\">\n\t\t<p><span class=\"wpcf7-form-control-wrap\" data-name=\"your-country\"><input size=\"40\" maxlength=\"400\" class=\"wpcf7-form-control wpcf7-text wpcf7-validates-as-required\" aria-required=\"true\" aria-invalid=\"false\" placeholder=\"Pa\u00eds\" value=\"\" type=\"text\" name=\"your-country\" \/><\/span>\n\t\t<\/p>\n\t<\/div>\n\t<div style=\"width: 50%;\">\n\t\t<p><span class=\"wpcf7-form-control-wrap\" data-name=\"your-city\"><input size=\"40\" maxlength=\"400\" class=\"wpcf7-form-control wpcf7-text wpcf7-validates-as-required\" aria-required=\"true\" aria-invalid=\"false\" placeholder=\"Popula\u00e7\u00e3o\" value=\"\" type=\"text\" name=\"your-city\" \/><\/span>\n\t\t<\/p>\n\t<\/div>\n<\/div>\n<p><span class=\"wpcf7-form-control-wrap\" data-name=\"your-subject\"><select class=\"wpcf7-form-control wpcf7-select\" aria-invalid=\"false\" name=\"your-subject\"><option value=\"Quiero ser distribuidor\">Quero ser um distribuidor<\/option><option value=\"Presupuesto\">Or\u00e7amento<\/option><option value=\"Consulta\">Consulta<\/option><option value=\"Sugerencia\">Sugest\u00e3o<\/option><option value=\"Otros\">Outros<\/option><\/select><\/span>\n<\/p>\n<p><span class=\"wpcf7-form-control-wrap\" data-name=\"your-message\"><textarea cols=\"40\" rows=\"10\" maxlength=\"2000\" class=\"wpcf7-form-control wpcf7-textarea\" aria-invalid=\"false\" placeholder=\"Mensagem ou consulta\" name=\"your-message\"><\/textarea><\/span>\n<\/p>\n<div style=\"display: flex; align-items: center; gap: 10px;\">\n\t<p><span class=\"wpcf7-form-control-wrap\" data-name=\"privacy-policy\"><span class=\"wpcf7-form-control wpcf7-acceptance\"><span class=\"wpcf7-list-item\"><input type=\"checkbox\" name=\"privacy-policy\" value=\"1\" aria-invalid=\"false\" \/><\/span><\/span><\/span><label for=\"privacy-policy\" style=\"margin-left: 5px;\">Li e aceito a pol\u00edtica de privacidade.<\/label>\n\t<\/p>\n<\/div>\n<div style=\"display: flex; align-items: center; gap: 10px;\">\n\t<p><span class=\"wpcf7-form-control-wrap\" data-name=\"send-info\"><span class=\"wpcf7-form-control wpcf7-acceptance\"><span class=\"wpcf7-list-item\"><input type=\"checkbox\" name=\"send-info\" value=\"1\" aria-invalid=\"false\" \/><\/span><\/span><\/span><label for=\"send-info\" style=\"margin-left: 5px;\">Concordo em receber informa\u00e7\u00f5es.<\/label>\n\t<\/p>\n<\/div>\n<p><input class=\"wpcf7-form-control wpcf7-submit has-spinner\" type=\"submit\" value=\"Enviar\" \/>\n<\/p><div class=\"wpcf7-response-output\" aria-hidden=\"true\"><\/div>\n<input type=\"hidden\" name=\"trp-form-language\" value=\"pt\"\/><\/form>\n<\/div>\n<\/div><\/div>\t\t\t\t<\/div>\n\t\t\t\t<\/div>\n\t\t\t\t\t<\/div>\n\t\t<\/div>\n\t\t\t\t\t<\/div>\n\t\t<\/section>\n\t\t\t\t<div class=\"elementor-element elementor-element-615d68f elementor-widget elementor-widget-text-editor\" data-id=\"615d68f\" data-element_type=\"widget\" data-e-type=\"widget\" data-widget_type=\"text-editor.default\">\n\t\t\t\t<div class=\"elementor-widget-container\">\n\t\t\t\t\t\t\t\t\t<p>O uso de\u00a0<strong>amaciante de roupas com microc\u00e1psulas de perfume<\/strong>\u00a0na lavagem \u00e9 uma maneira de reduzir vincos, evitar ac\u00famulo de eletricidade est\u00e1tica, deixar suas roupas mais macias e com um cheiro fresco. Um amaciante de roupas tamb\u00e9m pode prolongar a vida \u00fatil das suas roupas, evitando que a eletricidade est\u00e1tica \u201cgrude\u201d nelas e prevenindo o desgaste.<\/p><p>A melhor parte \u00e9 que um\u00a0<strong>amaciante de roupas com microc\u00e1psulas de perfume<\/strong>\u00a0faz mais do que apenas manter o formato da sua pe\u00e7a. Espere que ele mantenha suas roupas brilhantes, pois os surfactantes fornecem uma camada extra para proteger a fibra do atrito comum na lavagem. Como resultado, suas roupas n\u00e3o desbotar\u00e3o rapidamente. Outra vantagem \u00e9 que haver\u00e1 menos forma\u00e7\u00e3o de bolinhas, ent\u00e3o diga adeus \u00e0s bolas de pelo teimosas.<\/p><p>Uma das vantagens mais populares de usar\u00a0<strong>amaciante de roupas com microc\u00e1psulas de perfume<\/strong>\u00a0\u00e9 fazer com que qualquer tecido pare\u00e7a mais el\u00e1stico e agrad\u00e1vel ao toque. As fibras revestidas reduzem a eletricidade est\u00e1tica que pode causar irrita\u00e7\u00e3o quando as roupas grudam na pele.<\/p><p>O uso de\u00a0<strong>amaciante de roupas com microc\u00e1psulas de perfume<\/strong>\u00a0pode neutralizar o ressecamento que os detergentes para roupa podem causar. Se voc\u00ea n\u00e3o us\u00e1-lo depois de lavar suas roupas, ele acabar\u00e1 ficando \u00e1spero e irritando a pele sens\u00edvel. Isto \u00e9 particularmente problem\u00e1tico para crian\u00e7as.<\/p>\t\t\t\t\t\t\t\t<\/div>\n\t\t\t\t<\/div>\n\t\t\t\t\t<\/div>\n\t\t<\/div>\n\t\t\t\t\t<\/div>\n\t\t<\/section>\n\t\t\t\t<section class=\"elementor-section elementor-top-section elementor-element elementor-element-484f41e elementor-section-full_width elementor-section-height-default elementor-section-height-default elementor-invisible\" data-id=\"484f41e\" data-element_type=\"section\" data-e-type=\"section\" data-settings=\"{&quot;animation&quot;:&quot;slideInUp&quot;}\">\n\t\t\t\t\t\t<div class=\"elementor-container elementor-column-gap-default\">\n\t\t\t\t\t<div class=\"elementor-column elementor-col-100 elementor-top-column elementor-element elementor-element-19948363\" data-id=\"19948363\" data-element_type=\"column\" data-e-type=\"column\">\n\t\t\t<div class=\"elementor-widget-wrap elementor-element-populated\">\n\t\t\t\t\t\t<div class=\"elementor-element elementor-element-339044a4 elementor-widget elementor-widget-google_maps\" data-id=\"339044a4\" data-element_type=\"widget\" data-e-type=\"widget\" data-widget_type=\"google_maps.default\">\n\t\t\t\t<div class=\"elementor-widget-container\">\n\t\t\t\t\t\t\t<div class=\"elementor-custom-embed\">\n\t\t\t<iframe loading=\"lazy\"\n\t\t\t\t\tsrc=\"https:\/\/maps.google.com\/maps?q=C%2F%20Pintor%20Joan%20Miro%2C%2016.%20Pol.%20Ind.%20Can%20Humet%20de%20Dalt%2C%2008213%20Poliny%C3%A0.%20Barcelona&#038;t=m&#038;z=15&#038;output=embed&#038;iwloc=near\"\n\t\t\t\t\ttitle=\"C\/ Pintor Joan Miro, 16. Pol. Ind. Can Humet de Dalt, 08213 Poliny\u00e0. Barcelona\"\n\t\t\t\t\taria-label=\"C\/ Pintor Joan Miro, 16. Pol. Ind. Can Humet de Dalt, 08213 Poliny\u00e0. Barcelona\"\n\t\t\t><\/iframe>\n\t\t<\/div>\n\t\t\t\t\t\t<\/div>\n\t\t\t\t<\/div>\n\t\t\t\t\t<\/div>\n\t\t<\/div>\n\t\t\t\t\t<\/div>\n\t\t<\/section>\n\t\t\t\t<\/div>","protected":false},"excerpt":{"rendered":"<p>H\u00e1 muitos motivos pelos quais recorremos a amaciantes com microc\u00e1psulas perfumadas no dia da lavagem. H\u00e1bito, por exemplo. Mas tamb\u00e9m queremos que nossas roupas e len\u00e7\u00f3is tenham um cheiro fresco e sejam confort\u00e1veis, sem vincos e sem est\u00e1tica. Para alguns, amaciantes com microc\u00e1psulas perfumadas s\u00e3o t\u00e3o essenciais quanto detergente.&nbsp;<a href=\"https:\/\/dermo.com\/pt\/amaciante-de-roupas-com-microcapsulas-de-perfume-presto-crazy-sensation\/\" rel=\"bookmark\">Ler mais \u00bb<span class=\"screen-reader-text\">Amaciante de roupas com microc\u00e1psulas de perfume (Presto Crazy Sensation)<\/span><\/a><\/p>","protected":false},"author":2,"featured_media":0,"parent":0,"menu_order":0,"comment_status":"closed","ping_status":"closed","template":"page-templates\/template-pagebuilder-full-width.php","meta":{"neve_meta_sidebar":"","neve_meta_container":"","neve_meta_enable_content_width":"","neve_meta_content_width":0,"neve_meta_title_alignment":"","neve_meta_author_avatar":"","neve_post_elements_order":"","neve_meta_disable_header":"","neve_meta_disable_footer":"","neve_meta_disable_title":"","footnotes":""},"class_list":["post-12535","page","type-page","status-publish","hentry"],"yoast_head":"<!-- This site is optimized with the Yoast SEO plugin v27.0 - https:\/\/yoast.com\/product\/yoast-seo-wordpress\/ -->\n<title>Suavizante con microc\u00e1psulas de perfume (Presto Crazy Sensation) - Dermo | F\u00e1brica de detergentes<\/title>\n<meta name=\"robots\" content=\"index, follow, max-snippet:-1, max-image-preview:large, max-video-preview:-1\" \/>\n<link rel=\"canonical\" href=\"https:\/\/dermo.com\/pt\/amaciante-de-roupas-com-microcapsulas-de-perfume-presto-crazy-sensation\/\" \/>\n<meta property=\"og:locale\" content=\"pt_PT\" \/>\n<meta property=\"og:type\" content=\"article\" \/>\n<meta property=\"og:title\" content=\"Suavizante con microc\u00e1psulas de perfume (Presto Crazy Sensation) - Dermo | F\u00e1brica de detergentes\" \/>\n<meta property=\"og:description\" content=\"Hay muchas razones por las que recurrimos al\u00a0suavizante con microc\u00e1psulas de perfume\u00a0el d\u00eda de la colada. H\u00e1bito, para uno. Pero tambi\u00e9n queremos que nuestra ropa y s\u00e1banas tengan un olor fresco y se sientan c\u00f3modas, y que salgan libres de arrugas y est\u00e1tica. Para algunos, el\u00a0suavizante con microc\u00e1psulas de perfume\u00a0es tan esencial como el detergente.&hellip;&nbsp;Ler mais &raquo;Suavizante con microc\u00e1psulas de perfume (Presto Crazy Sensation)\" \/>\n<meta property=\"og:url\" content=\"https:\/\/dermo.com\/pt\/amaciante-de-roupas-com-microcapsulas-de-perfume-presto-crazy-sensation\/\" \/>\n<meta property=\"og:site_name\" content=\"Dermo | F\u00e1brica de detergentes\" \/>\n<meta property=\"article:modified_time\" content=\"2025-02-19T11:36:21+00:00\" \/>\n<meta name=\"twitter:card\" content=\"summary_large_image\" \/>\n<meta name=\"twitter:label1\" content=\"Tempo estimado de leitura\" \/>\n\t<meta name=\"twitter:data1\" content=\"3 minutos\" \/>\n<script type=\"application\/ld+json\" class=\"yoast-schema-graph\">{\"@context\":\"https:\/\/schema.org\",\"@graph\":[{\"@type\":\"WebPage\",\"@id\":\"https:\/\/dermo.com\/suavizante-con-microcapsulas-de-perfume-presto-crazy-sensation\/\",\"url\":\"https:\/\/dermo.com\/suavizante-con-microcapsulas-de-perfume-presto-crazy-sensation\/\",\"name\":\"Suavizante con microc\u00e1psulas de perfume (Presto Crazy Sensation) - Dermo | F\u00e1brica de detergentes\",\"isPartOf\":{\"@id\":\"https:\/\/dermo.com\/#website\"},\"datePublished\":\"2025-01-31T09:00:15+00:00\",\"dateModified\":\"2025-02-19T11:36:21+00:00\",\"breadcrumb\":{\"@id\":\"https:\/\/dermo.com\/suavizante-con-microcapsulas-de-perfume-presto-crazy-sensation\/#breadcrumb\"},\"inLanguage\":\"pt-PT\",\"potentialAction\":[{\"@type\":\"ReadAction\",\"target\":[\"https:\/\/dermo.com\/suavizante-con-microcapsulas-de-perfume-presto-crazy-sensation\/\"]}]},{\"@type\":\"BreadcrumbList\",\"@id\":\"https:\/\/dermo.com\/suavizante-con-microcapsulas-de-perfume-presto-crazy-sensation\/#breadcrumb\",\"itemListElement\":[{\"@type\":\"ListItem\",\"position\":1,\"name\":\"Portada\",\"item\":\"https:\/\/dermo.com\/\"},{\"@type\":\"ListItem\",\"position\":2,\"name\":\"Suavizante con microc\u00e1psulas de perfume (Presto Crazy Sensation)\"}]},{\"@type\":\"WebSite\",\"@id\":\"https:\/\/dermo.com\/#website\",\"url\":\"https:\/\/dermo.com\/\",\"name\":\"Dermo | F\u00e1brica de detergentes\",\"description\":\"Tecnolog\u00eda avanzada, investigaci\u00f3n y desarrollo, respeto por el medio ambiente, competencia, formaci\u00f3n constante y alto nivel de profesionalidad en nuestro equipo humano, empe\u00f1ado en preservar la calidad de vida, la protecci\u00f3n del entorno natural contin\u00faan motiv\u00e1ndonos para desarrollar en nuestros laboratorios nuevos productos con ingredientes activos altamente biodegradables que hacen posible un desarrollo sostenible.\",\"potentialAction\":[{\"@type\":\"SearchAction\",\"target\":{\"@type\":\"EntryPoint\",\"urlTemplate\":\"https:\/\/dermo.com\/?s={search_term_string}\"},\"query-input\":{\"@type\":\"PropertyValueSpecification\",\"valueRequired\":true,\"valueName\":\"search_term_string\"}}],\"inLanguage\":\"pt-PT\"}]}<\/script>\n<!-- \/ Yoast SEO plugin. -->","yoast_head_json":{"title":"Amaciante de roupas com microc\u00e1psulas de perfume (Presto Crazy Sensation) - Dermo | F\u00e1brica de detergentes","robots":{"index":"index","follow":"follow","max-snippet":"max-snippet:-1","max-image-preview":"max-image-preview:large","max-video-preview":"max-video-preview:-1"},"canonical":"https:\/\/dermo.com\/pt\/amaciante-de-roupas-com-microcapsulas-de-perfume-presto-crazy-sensation\/","og_locale":"pt_PT","og_type":"article","og_title":"Suavizante con microc\u00e1psulas de perfume (Presto Crazy Sensation) - Dermo | F\u00e1brica de detergentes","og_description":"Hay muchas razones por las que recurrimos al\u00a0suavizante con microc\u00e1psulas de perfume\u00a0el d\u00eda de la colada. H\u00e1bito, para uno. Pero tambi\u00e9n queremos que nuestra ropa y s\u00e1banas tengan un olor fresco y se sientan c\u00f3modas, y que salgan libres de arrugas y est\u00e1tica. Para algunos, el\u00a0suavizante con microc\u00e1psulas de perfume\u00a0es tan esencial como el detergente.&hellip;&nbsp;Ler mais &raquo;Suavizante con microc\u00e1psulas de perfume (Presto Crazy Sensation)","og_url":"https:\/\/dermo.com\/pt\/amaciante-de-roupas-com-microcapsulas-de-perfume-presto-crazy-sensation\/","og_site_name":"Dermo | F\u00e1brica de detergentes","article_modified_time":"2025-02-19T11:36:21+00:00","twitter_card":"summary_large_image","twitter_misc":{"Tempo estimado de leitura":"3 minutos"},"schema":{"@context":"https:\/\/schema.org","@graph":[{"@type":"WebPage","@id":"https:\/\/dermo.com\/suavizante-con-microcapsulas-de-perfume-presto-crazy-sensation\/","url":"https:\/\/dermo.com\/suavizante-con-microcapsulas-de-perfume-presto-crazy-sensation\/","name":"Amaciante de roupas com microc\u00e1psulas de perfume (Presto Crazy Sensation) - Dermo | F\u00e1brica de detergentes","isPartOf":{"@id":"https:\/\/dermo.com\/#website"},"datePublished":"2025-01-31T09:00:15+00:00","dateModified":"2025-02-19T11:36:21+00:00","breadcrumb":{"@id":"https:\/\/dermo.com\/suavizante-con-microcapsulas-de-perfume-presto-crazy-sensation\/#breadcrumb"},"inLanguage":"pt-PT","potentialAction":[{"@type":"ReadAction","target":["https:\/\/dermo.com\/suavizante-con-microcapsulas-de-perfume-presto-crazy-sensation\/"]}]},{"@type":"BreadcrumbList","@id":"https:\/\/dermo.com\/suavizante-con-microcapsulas-de-perfume-presto-crazy-sensation\/#breadcrumb","itemListElement":[{"@type":"ListItem","position":1,"name":"Portada","item":"https:\/\/dermo.com\/"},{"@type":"ListItem","position":2,"name":"Suavizante con microc\u00e1psulas de perfume (Presto Crazy Sensation)"}]},{"@type":"WebSite","@id":"https:\/\/dermo.com\/#website","url":"https:\/\/dermo.com\/","name":"Dermo | f\u00e1brica de detergentes","description":"A tecnologia avan\u00e7ada, a investiga\u00e7\u00e3o e desenvolvimento, o respeito pelo ambiente, a compet\u00eancia, a forma\u00e7\u00e3o constante e o elevado n\u00edvel de profissionalismo da nossa equipa humana, comprometida com a preserva\u00e7\u00e3o da qualidade de vida, a protec\u00e7\u00e3o do ambiente natural continuam a motivar-nos a desenvolver novos produtos nos nossos laborat\u00f3rios com princ\u00edpios ativos altamente biodegrad\u00e1veis que possibilitam o desenvolvimento sustent\u00e1vel.","potentialAction":[{"@type":"SearchAction","target":{"@type":"EntryPoint","urlTemplate":"https:\/\/dermo.com\/?s={search_term_string}"},"query-input":{"@type":"PropertyValueSpecification","valueRequired":true,"valueName":"search_term_string"}}],"inLanguage":"pt-PT"}]}},"_links":{"self":[{"href":"https:\/\/dermo.com\/pt\/wp-json\/wp\/v2\/pages\/12535","targetHints":{"allow":["GET"]}}],"collection":[{"href":"https:\/\/dermo.com\/pt\/wp-json\/wp\/v2\/pages"}],"about":[{"href":"https:\/\/dermo.com\/pt\/wp-json\/wp\/v2\/types\/page"}],"author":[{"embeddable":true,"href":"https:\/\/dermo.com\/pt\/wp-json\/wp\/v2\/users\/2"}],"replies":[{"embeddable":true,"href":"https:\/\/dermo.com\/pt\/wp-json\/wp\/v2\/comments?post=12535"}],"version-history":[{"count":8,"href":"https:\/\/dermo.com\/pt\/wp-json\/wp\/v2\/pages\/12535\/revisions"}],"predecessor-version":[{"id":13723,"href":"https:\/\/dermo.com\/pt\/wp-json\/wp\/v2\/pages\/12535\/revisions\/13723"}],"wp:attachment":[{"href":"https:\/\/dermo.com\/pt\/wp-json\/wp\/v2\/media?parent=12535"}],"curies":[{"name":"wp","href":"https:\/\/api.w.org\/{rel}","templated":true}]}}