{"id":12563,"date":"2025-01-30T13:05:49","date_gmt":"2025-01-30T12:05:49","guid":{"rendered":"https:\/\/dermo.com\/?page_id=12563"},"modified":"2025-02-19T12:06:14","modified_gmt":"2025-02-19T11:06:14","slug":"sabao-liquido-de-marselha","status":"publish","type":"page","link":"https:\/\/dermo.com\/pt\/sabao-liquido-de-marselha\/","title":{"rendered":"Sabonete l\u00edquido de Marselha"},"content":{"rendered":"<div data-elementor-type=\"wp-page\" data-elementor-id=\"12563\" class=\"elementor elementor-12563\" data-elementor-post-type=\"page\">\n\t\t\t\t\t\t<section class=\"elementor-section elementor-top-section elementor-element elementor-element-a02683f elementor-section-boxed elementor-section-height-default elementor-section-height-default\" data-id=\"a02683f\" data-element_type=\"section\" data-e-type=\"section\" data-settings=\"{&quot;background_background&quot;:&quot;classic&quot;}\">\n\t\t\t\t\t\t\t<div class=\"elementor-background-overlay\"><\/div>\n\t\t\t\t\t\t\t<div class=\"elementor-container elementor-column-gap-default\">\n\t\t\t\t\t<div class=\"elementor-column elementor-col-100 elementor-top-column elementor-element elementor-element-f99dbff\" data-id=\"f99dbff\" data-element_type=\"column\" data-e-type=\"column\">\n\t\t\t<div class=\"elementor-widget-wrap elementor-element-populated\">\n\t\t\t\t\t\t\t<\/div>\n\t\t<\/div>\n\t\t\t\t\t<\/div>\n\t\t<\/section>\n\t\t\t\t<section class=\"elementor-section elementor-top-section elementor-element elementor-element-233ad3a4 elementor-section-boxed elementor-section-height-default elementor-section-height-default\" data-id=\"233ad3a4\" data-element_type=\"section\" data-e-type=\"section\">\n\t\t\t\t\t\t<div class=\"elementor-container elementor-column-gap-default\">\n\t\t\t\t\t<div class=\"elementor-column elementor-col-100 elementor-top-column elementor-element elementor-element-3244e578\" data-id=\"3244e578\" data-element_type=\"column\" data-e-type=\"column\">\n\t\t\t<div class=\"elementor-widget-wrap elementor-element-populated\">\n\t\t\t\t\t\t<section class=\"elementor-section elementor-inner-section elementor-element elementor-element-1a7040c2 elementor-section-content-middle elementor-section-boxed elementor-section-height-default elementor-section-height-default\" data-id=\"1a7040c2\" data-element_type=\"section\" data-e-type=\"section\">\n\t\t\t\t\t\t<div class=\"elementor-container elementor-column-gap-default\">\n\t\t\t\t\t<div class=\"elementor-column elementor-col-50 elementor-inner-column elementor-element elementor-element-58338543\" data-id=\"58338543\" data-element_type=\"column\" data-e-type=\"column\">\n\t\t\t<div class=\"elementor-widget-wrap elementor-element-populated\">\n\t\t\t\t\t\t<div class=\"elementor-element elementor-element-464b2e11 elementor-widget elementor-widget-text-editor\" data-id=\"464b2e11\" data-element_type=\"widget\" data-e-type=\"widget\" data-widget_type=\"text-editor.default\">\n\t\t\t\t<div class=\"elementor-widget-container\">\n\t\t\t\t\t\t\t\t\t<p>Na Dermo voc\u00ea encontra diversos tipos de detergente l\u00edquido, mas um dos detergentes mais procurados pelos nossos clientes \u00e9 o detergente\u00a0<a href=\"https:\/\/dermo.com\/pt\/catalogo\/es\/lavanderia\/68-marsella.html\/\"><strong>Sab\u00e3o de Marselha<\/strong>\u00a0<strong>l\u00edquido<\/strong><\/a>. \u00c9 um dos mais vendidos pela maciez que proporciona \u00e0s roupas, pela fragr\u00e2ncia agrad\u00e1vel que exala, pela sua efic\u00e1cia e pela sua durabilidade. \u00c9 um detergente l\u00edquido com espuma controlada que deixa as roupas com aspecto de novas e confere aos tecidos um toque sedoso.\u00a0<\/p><h3><strong>Como usar este produto?<\/strong><\/h3><p>Para utiliz\u00e1-lo ser\u00e1 necess\u00e1rio dosar de 15 a 30 cm3 de\u00a0<strong>sabonete liquido marseille<\/strong>\u00a0para cada litro de roupa que voc\u00ea deseja lavar, sempre dependendo da sujeira e da dureza da \u00e1gua.<\/p><p>Tem um pH entre 7,5 e 8,5 e uma concentra\u00e7\u00e3o de ingredientes ativos entre 15 e 17 por cento, sendo um l\u00edquido branco e viscoso que exala um inconfund\u00edvel aroma de Marselha nos tecidos, que dura horas e dias na lavagem.<\/p><p>O detergente para\u00a0<strong>Sabonete l\u00edquido de Marselha<\/strong>\u00a0Encontra-se na categoria de lavandaria, que pode consultar no cat\u00e1logo que apresentamos no nosso site. Uma categoria que inclui diferentes produtos de limpeza profissionais dedicados \u00e0 remo\u00e7\u00e3o de sujeira e manchas incrustadas em diferentes tipos de superf\u00edcies.<\/p><p>\u00a0<\/p>\t\t\t\t\t\t\t\t<\/div>\n\t\t\t\t<\/div>\n\t\t\t\t\t<\/div>\n\t\t<\/div>\n\t\t\t\t<div class=\"elementor-column elementor-col-50 elementor-inner-column elementor-element elementor-element-4f1792c elementor-invisible\" data-id=\"4f1792c\" data-element_type=\"column\" data-e-type=\"column\" data-settings=\"{&quot;animation&quot;:&quot;bounceInRight&quot;}\">\n\t\t\t<div class=\"elementor-widget-wrap elementor-element-populated\">\n\t\t\t\t\t\t<div class=\"elementor-element elementor-element-0008974 elementor-widget__width-initial elementor-widget elementor-widget-elementskit-contact-form7\" data-id=\"0008974\" data-element_type=\"widget\" data-e-type=\"widget\" data-widget_type=\"elementskit-contact-form7.default\">\n\t\t\t\t<div class=\"elementor-widget-container\">\n\t\t\t\t\t<div class=\"ekit-wid-con\" ><div class=\"ekit-form\">\n<div class=\"wpcf7 no-js\" id=\"wpcf7-f13292-p12563-o1\" lang=\"es-ES\" dir=\"ltr\" data-wpcf7-id=\"13292\">\n<div class=\"screen-reader-response\"><p role=\"status\" aria-live=\"polite\" aria-atomic=\"true\"><\/p> <ul><\/ul><\/div>\n<form action=\"\/pt\/sabao-liquido-de-marselha\/#wpcf7-f13292-p12563-o1\" method=\"post\" class=\"wpcf7-form init\" aria-label=\"Formulario de contacto\" novalidate=\"novalidate\" data-status=\"init\" data-no-translation-aria-label=\"\" data-trp-original-action=\"\/en\/jabon-marsella-liquido\/#wpcf7-f13292-p12563-o1\">\n<fieldset class=\"hidden-fields-container\"><input type=\"hidden\" name=\"_wpcf7\" value=\"13292\" \/><input type=\"hidden\" name=\"_wpcf7_version\" value=\"6.1.5\" \/><input type=\"hidden\" name=\"_wpcf7_locale\" value=\"es_ES\" \/><input type=\"hidden\" name=\"_wpcf7_unit_tag\" value=\"wpcf7-f13292-p12563-o1\" \/><input type=\"hidden\" name=\"_wpcf7_container_post\" value=\"12563\" \/><input type=\"hidden\" name=\"_wpcf7_posted_data_hash\" value=\"\" \/><input type=\"hidden\" name=\"_wpcf7_recaptcha_response\" value=\"\" \/>\n<\/fieldset>\n<div style=\"display: flex; gap: 10px;\">\n\t<div style=\"width: 50%;\">\n\t\t<p><span class=\"wpcf7-form-control-wrap\" data-name=\"your-name\"><input size=\"40\" maxlength=\"400\" class=\"wpcf7-form-control wpcf7-text wpcf7-validates-as-required\" aria-required=\"true\" aria-invalid=\"false\" placeholder=\"Nome\" value=\"\" type=\"text\" name=\"your-name\" \/><\/span>\n\t\t<\/p>\n\t<\/div>\n\t<div style=\"width: 50%;\">\n\t\t<p><span class=\"wpcf7-form-control-wrap\" data-name=\"your-phone\"><input size=\"40\" maxlength=\"400\" class=\"wpcf7-form-control wpcf7-tel wpcf7-validates-as-required wpcf7-text wpcf7-validates-as-tel\" aria-required=\"true\" aria-invalid=\"false\" placeholder=\"Telefone\" value=\"\" type=\"tel\" name=\"your-phone\" \/><\/span>\n\t\t<\/p>\n\t<\/div>\n<\/div>\n<p><span class=\"wpcf7-form-control-wrap\" data-name=\"your-email\"><input size=\"40\" maxlength=\"400\" class=\"wpcf7-form-control wpcf7-email wpcf7-validates-as-required wpcf7-text wpcf7-validates-as-email\" aria-required=\"true\" aria-invalid=\"false\" placeholder=\"E-mail\" value=\"\" type=\"email\" name=\"your-email\" \/><\/span>\n<\/p>\n<div style=\"display: flex; gap: 10px;\">\n\t<div style=\"width: 50%;\">\n\t\t<p><span class=\"wpcf7-form-control-wrap\" data-name=\"your-country\"><input size=\"40\" maxlength=\"400\" class=\"wpcf7-form-control wpcf7-text wpcf7-validates-as-required\" aria-required=\"true\" aria-invalid=\"false\" placeholder=\"Pa\u00eds\" value=\"\" type=\"text\" name=\"your-country\" \/><\/span>\n\t\t<\/p>\n\t<\/div>\n\t<div style=\"width: 50%;\">\n\t\t<p><span class=\"wpcf7-form-control-wrap\" data-name=\"your-city\"><input size=\"40\" maxlength=\"400\" class=\"wpcf7-form-control wpcf7-text wpcf7-validates-as-required\" aria-required=\"true\" aria-invalid=\"false\" placeholder=\"Popula\u00e7\u00e3o\" value=\"\" type=\"text\" name=\"your-city\" \/><\/span>\n\t\t<\/p>\n\t<\/div>\n<\/div>\n<p><span class=\"wpcf7-form-control-wrap\" data-name=\"your-subject\"><select class=\"wpcf7-form-control wpcf7-select\" aria-invalid=\"false\" name=\"your-subject\"><option value=\"Quiero ser distribuidor\">Quero ser um distribuidor<\/option><option value=\"Presupuesto\">Or\u00e7amento<\/option><option value=\"Consulta\">Consulta<\/option><option value=\"Sugerencia\">Sugest\u00e3o<\/option><option value=\"Otros\">Outros<\/option><\/select><\/span>\n<\/p>\n<p><span class=\"wpcf7-form-control-wrap\" data-name=\"your-message\"><textarea cols=\"40\" rows=\"10\" maxlength=\"2000\" class=\"wpcf7-form-control wpcf7-textarea\" aria-invalid=\"false\" placeholder=\"Mensagem ou consulta\" name=\"your-message\"><\/textarea><\/span>\n<\/p>\n<div style=\"display: flex; align-items: center; gap: 10px;\">\n\t<p><span class=\"wpcf7-form-control-wrap\" data-name=\"privacy-policy\"><span class=\"wpcf7-form-control wpcf7-acceptance\"><span class=\"wpcf7-list-item\"><input type=\"checkbox\" name=\"privacy-policy\" value=\"1\" aria-invalid=\"false\" \/><\/span><\/span><\/span><label for=\"privacy-policy\" style=\"margin-left: 5px;\">Li e aceito a pol\u00edtica de privacidade.<\/label>\n\t<\/p>\n<\/div>\n<div style=\"display: flex; align-items: center; gap: 10px;\">\n\t<p><span class=\"wpcf7-form-control-wrap\" data-name=\"send-info\"><span class=\"wpcf7-form-control wpcf7-acceptance\"><span class=\"wpcf7-list-item\"><input type=\"checkbox\" name=\"send-info\" value=\"1\" aria-invalid=\"false\" \/><\/span><\/span><\/span><label for=\"send-info\" style=\"margin-left: 5px;\">Concordo em receber informa\u00e7\u00f5es.<\/label>\n\t<\/p>\n<\/div>\n<p><input class=\"wpcf7-form-control wpcf7-submit has-spinner\" type=\"submit\" value=\"Enviar\" \/>\n<\/p><div class=\"wpcf7-response-output\" aria-hidden=\"true\"><\/div>\n<input type=\"hidden\" name=\"trp-form-language\" value=\"pt\"\/><\/form>\n<\/div>\n<\/div><\/div>\t\t\t\t<\/div>\n\t\t\t\t<\/div>\n\t\t\t\t\t<\/div>\n\t\t<\/div>\n\t\t\t\t\t<\/div>\n\t\t<\/section>\n\t\t\t\t<div class=\"elementor-element elementor-element-615d68f elementor-widget elementor-widget-text-editor\" data-id=\"615d68f\" data-element_type=\"widget\" data-e-type=\"widget\" data-widget_type=\"text-editor.default\">\n\t\t\t\t<div class=\"elementor-widget-container\">\n\t\t\t\t\t\t\t\t\t<div id=\"lipsum\"><p>Na Dermo voc\u00ea encontra produtos espec\u00edficos para lavanderia, lava-lou\u00e7as, desincrustantes, desinfetantes, desengordurantes, produtos ecol\u00f3gicos, para tratamento de pisos, limpadores espec\u00edficos, higiene pessoal, para ind\u00fastria e ind\u00fastria automotiva, limpeza de banheiros, limpadores multiuso, para limpeza de piscinas e diversos utens\u00edlios de limpeza. Na Dermo voc\u00ea encontra produtos duradouros, potentes, eficazes e com \u00f3timo custo-benef\u00edcio.<\/p><p>Com mais de 30 anos de experi\u00eancia, inovando e capacitando continuamente, e sempre servindo as pessoas, a Dermo \u00e9 atualmente considerada uma das marcas l\u00edderes no setor de design de produtos de limpeza profissional, tanto para o setor industrial quanto para uso dom\u00e9stico. Nosso objetivo \u00e9 oferecer um servi\u00e7o eficiente e abrangente que possa atender a todas as necessidades de limpeza profissional ou higiene pessoal de nossos clientes. \u00c9 por isso que tamb\u00e9m oferecemos a possibilidade de desenhar um formato personalizado para os nossos produtos, que se adapte totalmente \u00e0s necessidades de cada cliente.<\/p><p>Se decidir confiar em n\u00f3s, beneficiar\u00e1 de muitas vantagens, como o facto de termos produtos formulados e desenhados por uma equipa t\u00e9cnica que trabalha h\u00e1 mais de 30 anos na inova\u00e7\u00e3o e cria\u00e7\u00e3o de produtos de limpeza profissional para o sector industrial e tamb\u00e9m para uso dom\u00e9stico, como o detergente para\u00a0<strong>Sabonete l\u00edquido de Marselha<\/strong>.<\/p><p>Somos uma empresa familiar fundada em 1987 e continuamos com o mesmo entusiasmo, entusiasmo, especializa\u00e7\u00e3o e treinamento cont\u00ednuo para garantir o melhor servi\u00e7o e os melhores resultados para nossos clientes. Atualmente contamos com a certifica\u00e7\u00e3o europeia de qualidade Ecolabel ISO 9001, temos produtos ecol\u00f3gicos certificados, internacionalizamos nossos produtos em mais de 32 pa\u00edses, temos uma sala limpa para projetar e inovar na composi\u00e7\u00e3o de nossos produtos, muitos de nossos produtos possuem princ\u00edpios ativos altamente biodegrad\u00e1veis que protegem o meio ambiente e conseguimos nos tornar uma marca l\u00edder neste setor, com grande notoriedade e prest\u00edgio.<\/p><\/div>\t\t\t\t\t\t\t\t<\/div>\n\t\t\t\t<\/div>\n\t\t\t\t\t<\/div>\n\t\t<\/div>\n\t\t\t\t\t<\/div>\n\t\t<\/section>\n\t\t\t\t<section class=\"elementor-section elementor-top-section elementor-element elementor-element-484f41e elementor-section-full_width elementor-section-height-default elementor-section-height-default elementor-invisible\" data-id=\"484f41e\" data-element_type=\"section\" data-e-type=\"section\" data-settings=\"{&quot;animation&quot;:&quot;slideInUp&quot;}\">\n\t\t\t\t\t\t<div class=\"elementor-container elementor-column-gap-default\">\n\t\t\t\t\t<div class=\"elementor-column elementor-col-100 elementor-top-column elementor-element elementor-element-19948363\" data-id=\"19948363\" data-element_type=\"column\" data-e-type=\"column\">\n\t\t\t<div class=\"elementor-widget-wrap elementor-element-populated\">\n\t\t\t\t\t\t<div class=\"elementor-element elementor-element-339044a4 elementor-widget elementor-widget-google_maps\" data-id=\"339044a4\" data-element_type=\"widget\" data-e-type=\"widget\" data-widget_type=\"google_maps.default\">\n\t\t\t\t<div class=\"elementor-widget-container\">\n\t\t\t\t\t\t\t<div class=\"elementor-custom-embed\">\n\t\t\t<iframe loading=\"lazy\"\n\t\t\t\t\tsrc=\"https:\/\/maps.google.com\/maps?q=C%2F%20Pintor%20Joan%20Miro%2C%2016.%20Pol.%20Ind.%20Can%20Humet%20de%20Dalt%2C%2008213%20Poliny%C3%A0.%20Barcelona&#038;t=m&#038;z=15&#038;output=embed&#038;iwloc=near\"\n\t\t\t\t\ttitle=\"C\/ Pintor Joan Miro, 16. Pol. Ind. Can Humet de Dalt, 08213 Poliny\u00e0. Barcelona\"\n\t\t\t\t\taria-label=\"C\/ Pintor Joan Miro, 16. Pol. Ind. Can Humet de Dalt, 08213 Poliny\u00e0. Barcelona\"\n\t\t\t><\/iframe>\n\t\t<\/div>\n\t\t\t\t\t\t<\/div>\n\t\t\t\t<\/div>\n\t\t\t\t\t<\/div>\n\t\t<\/div>\n\t\t\t\t\t<\/div>\n\t\t<\/section>\n\t\t\t\t<\/div>","protected":false},"excerpt":{"rendered":"<p>Na Dermo, voc\u00ea encontra diversos tipos de detergentes l\u00edquidos, mas um dos mais populares entre nossos clientes \u00e9 o sab\u00e3o l\u00edquido de Marselha. \u00c9 um dos nossos campe\u00f5es de vendas gra\u00e7as \u00e0 sua maciez, fragr\u00e2ncia agrad\u00e1vel, efic\u00e1cia e durabilidade. \u00c9 um detergente l\u00edquido espumante\u2026&nbsp;<a href=\"https:\/\/dermo.com\/pt\/sabao-liquido-de-marselha\/\" rel=\"bookmark\">Ler mais \u00bb<span class=\"screen-reader-text\">Sabonete l\u00edquido de Marselha<\/span><\/a><\/p>","protected":false},"author":2,"featured_media":0,"parent":0,"menu_order":0,"comment_status":"closed","ping_status":"closed","template":"page-templates\/template-pagebuilder-full-width.php","meta":{"neve_meta_sidebar":"","neve_meta_container":"","neve_meta_enable_content_width":"","neve_meta_content_width":0,"neve_meta_title_alignment":"","neve_meta_author_avatar":"","neve_post_elements_order":"","neve_meta_disable_header":"","neve_meta_disable_footer":"","neve_meta_disable_title":"","footnotes":""},"class_list":["post-12563","page","type-page","status-publish","hentry"],"yoast_head":"<!-- This site is optimized with the Yoast SEO plugin v27.0 - https:\/\/yoast.com\/product\/yoast-seo-wordpress\/ -->\n<title>Jab\u00f3n Marsella l\u00edquido - Dermo | F\u00e1brica de detergentes<\/title>\n<meta name=\"robots\" content=\"index, follow, max-snippet:-1, max-image-preview:large, max-video-preview:-1\" \/>\n<link rel=\"canonical\" href=\"https:\/\/dermo.com\/pt\/sabao-liquido-de-marselha\/\" \/>\n<meta property=\"og:locale\" content=\"pt_PT\" \/>\n<meta property=\"og:type\" content=\"article\" \/>\n<meta property=\"og:title\" content=\"Jab\u00f3n Marsella l\u00edquido - Dermo | F\u00e1brica de detergentes\" \/>\n<meta property=\"og:description\" content=\"En Dermo puedes encontrar muchos tipos de detergente l\u00edquido, pero uno de los detergentes m\u00e1s demandados por nuestros clientes es el detergente\u00a0jab\u00f3n de Marsella\u00a0l\u00edquido. Es uno de los m\u00e1s vendidos gracias a la suavidad que aporta a la ropa, el agradable perfume que desprende, su eficacia y su durabilidad. Es un detergente l\u00edquido de espuma&hellip;&nbsp;Ler mais &raquo;Jab\u00f3n Marsella l\u00edquido\" \/>\n<meta property=\"og:url\" content=\"https:\/\/dermo.com\/pt\/sabao-liquido-de-marselha\/\" \/>\n<meta property=\"og:site_name\" content=\"Dermo | F\u00e1brica de detergentes\" \/>\n<meta property=\"article:modified_time\" content=\"2025-02-19T11:06:14+00:00\" \/>\n<meta name=\"twitter:card\" content=\"summary_large_image\" \/>\n<meta name=\"twitter:label1\" content=\"Tempo estimado de leitura\" \/>\n\t<meta name=\"twitter:data1\" content=\"3 minutos\" \/>\n<script type=\"application\/ld+json\" class=\"yoast-schema-graph\">{\"@context\":\"https:\/\/schema.org\",\"@graph\":[{\"@type\":\"WebPage\",\"@id\":\"https:\/\/dermo.com\/jabon-marsella-liquido\/\",\"url\":\"https:\/\/dermo.com\/jabon-marsella-liquido\/\",\"name\":\"Jab\u00f3n Marsella l\u00edquido - Dermo | F\u00e1brica de detergentes\",\"isPartOf\":{\"@id\":\"https:\/\/dermo.com\/#website\"},\"datePublished\":\"2025-01-30T12:05:49+00:00\",\"dateModified\":\"2025-02-19T11:06:14+00:00\",\"breadcrumb\":{\"@id\":\"https:\/\/dermo.com\/jabon-marsella-liquido\/#breadcrumb\"},\"inLanguage\":\"pt-PT\",\"potentialAction\":[{\"@type\":\"ReadAction\",\"target\":[\"https:\/\/dermo.com\/jabon-marsella-liquido\/\"]}]},{\"@type\":\"BreadcrumbList\",\"@id\":\"https:\/\/dermo.com\/jabon-marsella-liquido\/#breadcrumb\",\"itemListElement\":[{\"@type\":\"ListItem\",\"position\":1,\"name\":\"Portada\",\"item\":\"https:\/\/dermo.com\/\"},{\"@type\":\"ListItem\",\"position\":2,\"name\":\"Jab\u00f3n Marsella l\u00edquido\"}]},{\"@type\":\"WebSite\",\"@id\":\"https:\/\/dermo.com\/#website\",\"url\":\"https:\/\/dermo.com\/\",\"name\":\"Dermo | F\u00e1brica de detergentes\",\"description\":\"Tecnolog\u00eda avanzada, investigaci\u00f3n y desarrollo, respeto por el medio ambiente, competencia, formaci\u00f3n constante y alto nivel de profesionalidad en nuestro equipo humano, empe\u00f1ado en preservar la calidad de vida, la protecci\u00f3n del entorno natural contin\u00faan motiv\u00e1ndonos para desarrollar en nuestros laboratorios nuevos productos con ingredientes activos altamente biodegradables que hacen posible un desarrollo sostenible.\",\"potentialAction\":[{\"@type\":\"SearchAction\",\"target\":{\"@type\":\"EntryPoint\",\"urlTemplate\":\"https:\/\/dermo.com\/?s={search_term_string}\"},\"query-input\":{\"@type\":\"PropertyValueSpecification\",\"valueRequired\":true,\"valueName\":\"search_term_string\"}}],\"inLanguage\":\"pt-PT\"}]}<\/script>\n<!-- \/ Yoast SEO plugin. -->","yoast_head_json":{"title":"Sabonete l\u00edquido de Marselha - Dermo | F\u00e1brica de detergentes","robots":{"index":"index","follow":"follow","max-snippet":"max-snippet:-1","max-image-preview":"max-image-preview:large","max-video-preview":"max-video-preview:-1"},"canonical":"https:\/\/dermo.com\/pt\/sabao-liquido-de-marselha\/","og_locale":"pt_PT","og_type":"article","og_title":"Jab\u00f3n Marsella l\u00edquido - Dermo | F\u00e1brica de detergentes","og_description":"En Dermo puedes encontrar muchos tipos de detergente l\u00edquido, pero uno de los detergentes m\u00e1s demandados por nuestros clientes es el detergente\u00a0jab\u00f3n de Marsella\u00a0l\u00edquido. Es uno de los m\u00e1s vendidos gracias a la suavidad que aporta a la ropa, el agradable perfume que desprende, su eficacia y su durabilidad. Es un detergente l\u00edquido de espuma&hellip;&nbsp;Ler mais &raquo;Jab\u00f3n Marsella l\u00edquido","og_url":"https:\/\/dermo.com\/pt\/sabao-liquido-de-marselha\/","og_site_name":"Dermo | F\u00e1brica de detergentes","article_modified_time":"2025-02-19T11:06:14+00:00","twitter_card":"summary_large_image","twitter_misc":{"Tempo estimado de leitura":"3 minutos"},"schema":{"@context":"https:\/\/schema.org","@graph":[{"@type":"WebPage","@id":"https:\/\/dermo.com\/jabon-marsella-liquido\/","url":"https:\/\/dermo.com\/jabon-marsella-liquido\/","name":"Sabonete l\u00edquido de Marselha - Dermo | F\u00e1brica de detergentes","isPartOf":{"@id":"https:\/\/dermo.com\/#website"},"datePublished":"2025-01-30T12:05:49+00:00","dateModified":"2025-02-19T11:06:14+00:00","breadcrumb":{"@id":"https:\/\/dermo.com\/jabon-marsella-liquido\/#breadcrumb"},"inLanguage":"pt-PT","potentialAction":[{"@type":"ReadAction","target":["https:\/\/dermo.com\/jabon-marsella-liquido\/"]}]},{"@type":"BreadcrumbList","@id":"https:\/\/dermo.com\/jabon-marsella-liquido\/#breadcrumb","itemListElement":[{"@type":"ListItem","position":1,"name":"Portada","item":"https:\/\/dermo.com\/"},{"@type":"ListItem","position":2,"name":"Jab\u00f3n Marsella l\u00edquido"}]},{"@type":"WebSite","@id":"https:\/\/dermo.com\/#website","url":"https:\/\/dermo.com\/","name":"Dermo | f\u00e1brica de detergentes","description":"A tecnologia avan\u00e7ada, a investiga\u00e7\u00e3o e desenvolvimento, o respeito pelo ambiente, a compet\u00eancia, a forma\u00e7\u00e3o constante e o elevado n\u00edvel de profissionalismo da nossa equipa humana, comprometida com a preserva\u00e7\u00e3o da qualidade de vida, a protec\u00e7\u00e3o do ambiente natural continuam a motivar-nos a desenvolver novos produtos nos nossos laborat\u00f3rios com princ\u00edpios ativos altamente biodegrad\u00e1veis que possibilitam o desenvolvimento sustent\u00e1vel.","potentialAction":[{"@type":"SearchAction","target":{"@type":"EntryPoint","urlTemplate":"https:\/\/dermo.com\/?s={search_term_string}"},"query-input":{"@type":"PropertyValueSpecification","valueRequired":true,"valueName":"search_term_string"}}],"inLanguage":"pt-PT"}]}},"_links":{"self":[{"href":"https:\/\/dermo.com\/pt\/wp-json\/wp\/v2\/pages\/12563","targetHints":{"allow":["GET"]}}],"collection":[{"href":"https:\/\/dermo.com\/pt\/wp-json\/wp\/v2\/pages"}],"about":[{"href":"https:\/\/dermo.com\/pt\/wp-json\/wp\/v2\/types\/page"}],"author":[{"embeddable":true,"href":"https:\/\/dermo.com\/pt\/wp-json\/wp\/v2\/users\/2"}],"replies":[{"embeddable":true,"href":"https:\/\/dermo.com\/pt\/wp-json\/wp\/v2\/comments?post=12563"}],"version-history":[{"count":7,"href":"https:\/\/dermo.com\/pt\/wp-json\/wp\/v2\/pages\/12563\/revisions"}],"predecessor-version":[{"id":13584,"href":"https:\/\/dermo.com\/pt\/wp-json\/wp\/v2\/pages\/12563\/revisions\/13584"}],"wp:attachment":[{"href":"https:\/\/dermo.com\/pt\/wp-json\/wp\/v2\/media?parent=12563"}],"curies":[{"name":"wp","href":"https:\/\/api.w.org\/{rel}","templated":true}]}}