{"id":12568,"date":"2025-01-30T13:09:02","date_gmt":"2025-01-30T12:09:02","guid":{"rendered":"https:\/\/dermo.com\/?page_id=12568"},"modified":"2025-02-19T12:00:28","modified_gmt":"2025-02-19T11:00:28","slug":"gel-hidroalcoolico-para-limpeza-das-maos","status":"publish","type":"page","link":"https:\/\/dermo.com\/pt\/gel-hidroalcoolico-para-limpeza-das-maos\/","title":{"rendered":"Gel hidroalco\u00f3lico para limpeza das m\u00e3os"},"content":{"rendered":"<div data-elementor-type=\"wp-page\" data-elementor-id=\"12568\" class=\"elementor elementor-12568\" data-elementor-post-type=\"page\">\n\t\t\t\t\t\t<section class=\"elementor-section elementor-top-section elementor-element elementor-element-a02683f elementor-section-boxed elementor-section-height-default elementor-section-height-default\" data-id=\"a02683f\" data-element_type=\"section\" data-e-type=\"section\" data-settings=\"{&quot;background_background&quot;:&quot;classic&quot;}\">\n\t\t\t\t\t\t\t<div class=\"elementor-background-overlay\"><\/div>\n\t\t\t\t\t\t\t<div class=\"elementor-container elementor-column-gap-default\">\n\t\t\t\t\t<div class=\"elementor-column elementor-col-100 elementor-top-column elementor-element elementor-element-f99dbff\" data-id=\"f99dbff\" data-element_type=\"column\" data-e-type=\"column\">\n\t\t\t<div class=\"elementor-widget-wrap elementor-element-populated\">\n\t\t\t\t\t\t\t<\/div>\n\t\t<\/div>\n\t\t\t\t\t<\/div>\n\t\t<\/section>\n\t\t\t\t<section class=\"elementor-section elementor-top-section elementor-element elementor-element-233ad3a4 elementor-section-boxed elementor-section-height-default elementor-section-height-default\" data-id=\"233ad3a4\" data-element_type=\"section\" data-e-type=\"section\">\n\t\t\t\t\t\t<div class=\"elementor-container elementor-column-gap-default\">\n\t\t\t\t\t<div class=\"elementor-column elementor-col-100 elementor-top-column elementor-element elementor-element-3244e578\" data-id=\"3244e578\" data-element_type=\"column\" data-e-type=\"column\">\n\t\t\t<div class=\"elementor-widget-wrap elementor-element-populated\">\n\t\t\t\t\t\t<section class=\"elementor-section elementor-inner-section elementor-element elementor-element-1a7040c2 elementor-section-content-middle elementor-section-boxed elementor-section-height-default elementor-section-height-default\" data-id=\"1a7040c2\" data-element_type=\"section\" data-e-type=\"section\">\n\t\t\t\t\t\t<div class=\"elementor-container elementor-column-gap-default\">\n\t\t\t\t\t<div class=\"elementor-column elementor-col-50 elementor-inner-column elementor-element elementor-element-58338543\" data-id=\"58338543\" data-element_type=\"column\" data-e-type=\"column\">\n\t\t\t<div class=\"elementor-widget-wrap elementor-element-populated\">\n\t\t\t\t\t\t<div class=\"elementor-element elementor-element-464b2e11 elementor-widget elementor-widget-text-editor\" data-id=\"464b2e11\" data-element_type=\"widget\" data-e-type=\"widget\" data-widget_type=\"text-editor.default\">\n\t\t\t\t<div class=\"elementor-widget-container\">\n\t\t\t\t\t\t\t\t\t<p>Ele\u00a0<a href=\"https:\/\/dermo.com\/wp-content\/uploads\/2020\/03\/GEL-HIDROALCOHOLICO_GELMAN-H.pdf\"><strong>Gel hidroalco\u00f3lico para limpeza das m\u00e3os<\/strong><\/a>\u00a0Dermo \u00e9 a melhor arma para combater v\u00edrus e bact\u00e9rias, pois \u00e9 formulado e desenvolvido com componentes projetados para eliminar qualquer tipo de sujeira.<\/p><p>Ele\u00a0<strong>Gel hidroalco\u00f3lico para limpeza\u00a0<\/strong><strong>eu<\/strong><strong>anos<\/strong>\u00a0Gelman H \u00e9 um gel cosm\u00e9tico que proporciona uma excelente limpeza para as m\u00e3os, evitando a sujeira e o ac\u00famulo de v\u00edrus e bact\u00e9rias de forma segura e eficiente, pois \u00e9 um sabonete l\u00edquido do qual podemos utilizar a por\u00e7\u00e3o que necessitamos em cada momento, o que nos permite limpar profundamente as m\u00e3os de forma eficiente, mais do que se o fiz\u00e9ssemos com um sabonete em barra, no qual podem se acumular mais germes.<\/p><p>A melhor maneira de limpar as m\u00e3os \u00e9 usar uma quantidade generosa deste gel cosm\u00e9tico para limpeza das m\u00e3os e espalh\u00e1-lo, esfregando as m\u00e3os em todas as \u00e1reas poss\u00edveis por um per\u00edodo de cerca de 5 minutos, para que o m\u00e9todo seja realmente eficaz. Ent\u00e3o, para eliminar a possibilidade de ac\u00famulo de germes em nossas m\u00e3os, o melhor \u00e9 usar papel absorvente de uso \u00fanico, pelo menos at\u00e9 que o per\u00edodo de bloqueio do coronav\u00edrus termine. Voc\u00ea tamb\u00e9m pode usar toalhas comuns depois, embora seja sempre aconselh\u00e1vel troc\u00e1-las a cada tr\u00eas dias para evitar o ac\u00famulo de muitos microrganismos.<\/p>\t\t\t\t\t\t\t\t<\/div>\n\t\t\t\t<\/div>\n\t\t\t\t\t<\/div>\n\t\t<\/div>\n\t\t\t\t<div class=\"elementor-column elementor-col-50 elementor-inner-column elementor-element elementor-element-0483e68 elementor-invisible\" data-id=\"0483e68\" data-element_type=\"column\" data-e-type=\"column\" data-settings=\"{&quot;animation&quot;:&quot;bounceInRight&quot;}\">\n\t\t\t<div class=\"elementor-widget-wrap elementor-element-populated\">\n\t\t\t\t\t\t<div class=\"elementor-element elementor-element-99c765c elementor-widget__width-initial elementor-widget elementor-widget-elementskit-contact-form7\" data-id=\"99c765c\" data-element_type=\"widget\" data-e-type=\"widget\" data-widget_type=\"elementskit-contact-form7.default\">\n\t\t\t\t<div class=\"elementor-widget-container\">\n\t\t\t\t\t<div class=\"ekit-wid-con\" ><div class=\"ekit-form\">\n<div class=\"wpcf7 no-js\" id=\"wpcf7-f13292-p12568-o1\" lang=\"es-ES\" dir=\"ltr\" data-wpcf7-id=\"13292\">\n<div class=\"screen-reader-response\"><p role=\"status\" aria-live=\"polite\" aria-atomic=\"true\"><\/p> <ul><\/ul><\/div>\n<form action=\"\/pt\/gel-hidroalcoolico-para-limpeza-das-maos\/#wpcf7-f13292-p12568-o1\" method=\"post\" class=\"wpcf7-form init\" aria-label=\"Formulario de contacto\" novalidate=\"novalidate\" data-status=\"init\" data-no-translation-aria-label=\"\" data-trp-original-action=\"\/pt\/gel-hidroalcoholico-para-la-limpieza-de-manos\/#wpcf7-f13292-p12568-o1\">\n<fieldset class=\"hidden-fields-container\"><input type=\"hidden\" name=\"_wpcf7\" value=\"13292\" \/><input type=\"hidden\" name=\"_wpcf7_version\" value=\"6.1.5\" \/><input type=\"hidden\" name=\"_wpcf7_locale\" value=\"es_ES\" \/><input type=\"hidden\" name=\"_wpcf7_unit_tag\" value=\"wpcf7-f13292-p12568-o1\" \/><input type=\"hidden\" name=\"_wpcf7_container_post\" value=\"12568\" \/><input type=\"hidden\" name=\"_wpcf7_posted_data_hash\" value=\"\" \/><input type=\"hidden\" name=\"_wpcf7_recaptcha_response\" value=\"\" \/>\n<\/fieldset>\n<div style=\"display: flex; gap: 10px;\">\n\t<div style=\"width: 50%;\">\n\t\t<p><span class=\"wpcf7-form-control-wrap\" data-name=\"your-name\"><input size=\"40\" maxlength=\"400\" class=\"wpcf7-form-control wpcf7-text wpcf7-validates-as-required\" aria-required=\"true\" aria-invalid=\"false\" placeholder=\"Nome\" value=\"\" type=\"text\" name=\"your-name\" \/><\/span>\n\t\t<\/p>\n\t<\/div>\n\t<div style=\"width: 50%;\">\n\t\t<p><span class=\"wpcf7-form-control-wrap\" data-name=\"your-phone\"><input size=\"40\" maxlength=\"400\" class=\"wpcf7-form-control wpcf7-tel wpcf7-validates-as-required wpcf7-text wpcf7-validates-as-tel\" aria-required=\"true\" aria-invalid=\"false\" placeholder=\"Telefone\" value=\"\" type=\"tel\" name=\"your-phone\" \/><\/span>\n\t\t<\/p>\n\t<\/div>\n<\/div>\n<p><span class=\"wpcf7-form-control-wrap\" data-name=\"your-email\"><input size=\"40\" maxlength=\"400\" class=\"wpcf7-form-control wpcf7-email wpcf7-validates-as-required wpcf7-text wpcf7-validates-as-email\" aria-required=\"true\" aria-invalid=\"false\" placeholder=\"E-mail\" value=\"\" type=\"email\" name=\"your-email\" \/><\/span>\n<\/p>\n<div style=\"display: flex; gap: 10px;\">\n\t<div style=\"width: 50%;\">\n\t\t<p><span class=\"wpcf7-form-control-wrap\" data-name=\"your-country\"><input size=\"40\" maxlength=\"400\" class=\"wpcf7-form-control wpcf7-text wpcf7-validates-as-required\" aria-required=\"true\" aria-invalid=\"false\" placeholder=\"Pa\u00eds\" value=\"\" type=\"text\" name=\"your-country\" \/><\/span>\n\t\t<\/p>\n\t<\/div>\n\t<div style=\"width: 50%;\">\n\t\t<p><span class=\"wpcf7-form-control-wrap\" data-name=\"your-city\"><input size=\"40\" maxlength=\"400\" class=\"wpcf7-form-control wpcf7-text wpcf7-validates-as-required\" aria-required=\"true\" aria-invalid=\"false\" placeholder=\"Popula\u00e7\u00e3o\" value=\"\" type=\"text\" name=\"your-city\" \/><\/span>\n\t\t<\/p>\n\t<\/div>\n<\/div>\n<p><span class=\"wpcf7-form-control-wrap\" data-name=\"your-subject\"><select class=\"wpcf7-form-control wpcf7-select\" aria-invalid=\"false\" name=\"your-subject\"><option value=\"Quiero ser distribuidor\">Quero ser um distribuidor<\/option><option value=\"Presupuesto\">Or\u00e7amento<\/option><option value=\"Consulta\">Consulta<\/option><option value=\"Sugerencia\">Sugest\u00e3o<\/option><option value=\"Otros\">Outros<\/option><\/select><\/span>\n<\/p>\n<p><span class=\"wpcf7-form-control-wrap\" data-name=\"your-message\"><textarea cols=\"40\" rows=\"10\" maxlength=\"2000\" class=\"wpcf7-form-control wpcf7-textarea\" aria-invalid=\"false\" placeholder=\"Mensagem ou consulta\" name=\"your-message\"><\/textarea><\/span>\n<\/p>\n<div style=\"display: flex; align-items: center; gap: 10px;\">\n\t<p><span class=\"wpcf7-form-control-wrap\" data-name=\"privacy-policy\"><span class=\"wpcf7-form-control wpcf7-acceptance\"><span class=\"wpcf7-list-item\"><input type=\"checkbox\" name=\"privacy-policy\" value=\"1\" aria-invalid=\"false\" \/><\/span><\/span><\/span><label for=\"privacy-policy\" style=\"margin-left: 5px;\">Li e aceito a pol\u00edtica de privacidade.<\/label>\n\t<\/p>\n<\/div>\n<div style=\"display: flex; align-items: center; gap: 10px;\">\n\t<p><span class=\"wpcf7-form-control-wrap\" data-name=\"send-info\"><span class=\"wpcf7-form-control wpcf7-acceptance\"><span class=\"wpcf7-list-item\"><input type=\"checkbox\" name=\"send-info\" value=\"1\" aria-invalid=\"false\" \/><\/span><\/span><\/span><label for=\"send-info\" style=\"margin-left: 5px;\">Concordo em receber informa\u00e7\u00f5es.<\/label>\n\t<\/p>\n<\/div>\n<p><input class=\"wpcf7-form-control wpcf7-submit has-spinner\" type=\"submit\" value=\"Enviar\" \/>\n<\/p><div class=\"wpcf7-response-output\" aria-hidden=\"true\"><\/div>\n<input type=\"hidden\" name=\"trp-form-language\" value=\"pt\"\/><\/form>\n<\/div>\n<\/div><\/div>\t\t\t\t<\/div>\n\t\t\t\t<\/div>\n\t\t\t\t\t<\/div>\n\t\t<\/div>\n\t\t\t\t\t<\/div>\n\t\t<\/section>\n\t\t\t\t<div class=\"elementor-element elementor-element-615d68f elementor-widget elementor-widget-text-editor\" data-id=\"615d68f\" data-element_type=\"widget\" data-e-type=\"widget\" data-widget_type=\"text-editor.default\">\n\t\t\t\t<div class=\"elementor-widget-container\">\n\t\t\t\t\t\t\t\t\t<div id=\"lipsum\"><p>Ele\u00a0<strong>Gel hidroalco\u00f3lico para limpeza das m\u00e3os<\/strong>\u00a0Esta \u00e9 uma das solu\u00e7\u00f5es que lhe apresentamos na Dermo, mas poder\u00e1 encontrar muitas solu\u00e7\u00f5es mais eficazes e profissionais, que ser\u00e3o as melhores ferramentas para manter os ambientes absolutamente higienizados e livres de v\u00edrus. Um dos exemplos que podemos dar \u00e9 o nosso produto DL 21 FUNGIBAC, um produto de limpeza profissional desenvolvido para desinfe\u00e7\u00e3o dom\u00e9stica e que \u00e9 altamente eficaz contra v\u00e1rios v\u00edrus, como o Poliov\u00edrus tipo 1, o Adenov\u00edrus tipo 5 e o Normov\u00edrus Murino.<\/p><p>Al\u00e9m do gel hidroalco\u00f3lico, voc\u00ea tamb\u00e9m encontrar\u00e1 outras solu\u00e7\u00f5es ideais para a limpeza nos dias de hoje, como o DL 21 FUNGIBAC que mencionamos, que \u00e9 um produto com alta concentra\u00e7\u00e3o de princ\u00edpios ativos, que foi desenvolvido para limpeza integral e desinfec\u00e7\u00e3o de contato de superf\u00edcies e utens\u00edlios altamente contaminados. \u00c9 um detergente fungicida e bactericida, perfeito para uso em limpeza no setor de hospitalidade, ind\u00fastria aliment\u00edcia, grandes comunidades, etc.<\/p><p>Al\u00e9m do\u00a0<strong>gel hidroalco\u00f3lico para<\/strong>\u00a0<strong>limpeza das m\u00e3os<\/strong>\u00a0e este fungicida, na Dermo apresentamos-lhe um amplo e extenso cat\u00e1logo de produtos de limpeza e higiene pessoal, com os quais conseguir\u00e1 uma casa limpa e saud\u00e1vel, tendo o produto ideal para cada situa\u00e7\u00e3o e para cada superf\u00edcie.<\/p><p>Se voc\u00ea quer encontrar os melhores produtos de limpeza para sua casa, estamos esperando por voc\u00ea na Dermo!<\/p><\/div>\t\t\t\t\t\t\t\t<\/div>\n\t\t\t\t<\/div>\n\t\t\t\t\t<\/div>\n\t\t<\/div>\n\t\t\t\t\t<\/div>\n\t\t<\/section>\n\t\t\t\t<section class=\"elementor-section elementor-top-section elementor-element elementor-element-484f41e elementor-section-full_width elementor-section-height-default elementor-section-height-default elementor-invisible\" data-id=\"484f41e\" data-element_type=\"section\" data-e-type=\"section\" data-settings=\"{&quot;animation&quot;:&quot;slideInUp&quot;}\">\n\t\t\t\t\t\t<div class=\"elementor-container elementor-column-gap-default\">\n\t\t\t\t\t<div class=\"elementor-column elementor-col-100 elementor-top-column elementor-element elementor-element-19948363\" data-id=\"19948363\" data-element_type=\"column\" data-e-type=\"column\">\n\t\t\t<div class=\"elementor-widget-wrap elementor-element-populated\">\n\t\t\t\t\t\t<div class=\"elementor-element elementor-element-339044a4 elementor-widget elementor-widget-google_maps\" data-id=\"339044a4\" data-element_type=\"widget\" data-e-type=\"widget\" data-widget_type=\"google_maps.default\">\n\t\t\t\t<div class=\"elementor-widget-container\">\n\t\t\t\t\t\t\t<div class=\"elementor-custom-embed\">\n\t\t\t<iframe loading=\"lazy\"\n\t\t\t\t\tsrc=\"https:\/\/maps.google.com\/maps?q=C%2F%20Pintor%20Joan%20Miro%2C%2016.%20Pol.%20Ind.%20Can%20Humet%20de%20Dalt%2C%2008213%20Poliny%C3%A0.%20Barcelona&#038;t=m&#038;z=15&#038;output=embed&#038;iwloc=near\"\n\t\t\t\t\ttitle=\"C\/ Pintor Joan Miro, 16. Pol. Ind. Can Humet de Dalt, 08213 Poliny\u00e0. Barcelona\"\n\t\t\t\t\taria-label=\"C\/ Pintor Joan Miro, 16. Pol. Ind. Can Humet de Dalt, 08213 Poliny\u00e0. Barcelona\"\n\t\t\t><\/iframe>\n\t\t<\/div>\n\t\t\t\t\t\t<\/div>\n\t\t\t\t<\/div>\n\t\t\t\t\t<\/div>\n\t\t<\/div>\n\t\t\t\t\t<\/div>\n\t\t<\/section>\n\t\t\t\t<\/div>","protected":false},"excerpt":{"rendered":"<p>O gel hidroalco\u00f3lico para limpeza das m\u00e3os da Dermo \u00e9 a melhor arma contra v\u00edrus e bact\u00e9rias, pois \u00e9 formulado e desenvolvido com ingredientes projetados para remover qualquer tipo de sujeira. O gel hidroalco\u00f3lico para limpeza das m\u00e3os Gelman H \u00e9 um gel cosm\u00e9tico que proporciona excelente higiene das m\u00e3os, prevenindo a sujeira...&nbsp;<a href=\"https:\/\/dermo.com\/pt\/gel-hidroalcoolico-para-limpeza-das-maos\/\" rel=\"bookmark\">Ler mais \u00bb<span class=\"screen-reader-text\">Gel hidroalco\u00f3lico para limpeza das m\u00e3os<\/span><\/a><\/p>","protected":false},"author":2,"featured_media":0,"parent":0,"menu_order":0,"comment_status":"closed","ping_status":"closed","template":"page-templates\/template-pagebuilder-full-width.php","meta":{"neve_meta_sidebar":"","neve_meta_container":"","neve_meta_enable_content_width":"","neve_meta_content_width":0,"neve_meta_title_alignment":"","neve_meta_author_avatar":"","neve_post_elements_order":"","neve_meta_disable_header":"","neve_meta_disable_footer":"","neve_meta_disable_title":"","footnotes":""},"class_list":["post-12568","page","type-page","status-publish","hentry"],"yoast_head":"<!-- This site is optimized with the Yoast SEO plugin v27.0 - https:\/\/yoast.com\/product\/yoast-seo-wordpress\/ -->\n<title>Gel hidroalcoh\u00f3lico para la limpieza de manos - Dermo | F\u00e1brica de detergentes<\/title>\n<meta name=\"robots\" content=\"index, follow, max-snippet:-1, max-image-preview:large, max-video-preview:-1\" \/>\n<link rel=\"canonical\" href=\"https:\/\/dermo.com\/pt\/gel-hidroalcoolico-para-limpeza-das-maos\/\" \/>\n<meta property=\"og:locale\" content=\"pt_PT\" \/>\n<meta property=\"og:type\" content=\"article\" \/>\n<meta property=\"og:title\" content=\"Gel hidroalcoh\u00f3lico para la limpieza de manos - Dermo | F\u00e1brica de detergentes\" \/>\n<meta property=\"og:description\" content=\"El\u00a0gel hidroalcoh\u00f3lico para la limpieza de manos\u00a0de Dermo es la mejor arma para combatir los virus y las bacterias, porque est\u00e1 elaborado y desarrollado con componentes pensados para eliminar cualquier tipo de suciedad. El\u00a0gel hidroalcoh\u00f3lico para la limpieza de\u00a0manos\u00a0Gelman H es un gel cosm\u00e9tico que aporta una gran limpieza para las manos, evitando la suciedad&hellip;&nbsp;Ler mais &raquo;Gel hidroalcoh\u00f3lico para la limpieza de manos\" \/>\n<meta property=\"og:url\" content=\"https:\/\/dermo.com\/pt\/gel-hidroalcoolico-para-limpeza-das-maos\/\" \/>\n<meta property=\"og:site_name\" content=\"Dermo | F\u00e1brica de detergentes\" \/>\n<meta property=\"article:modified_time\" content=\"2025-02-19T11:00:28+00:00\" \/>\n<meta name=\"twitter:card\" content=\"summary_large_image\" \/>\n<meta name=\"twitter:label1\" content=\"Tempo estimado de leitura\" \/>\n\t<meta name=\"twitter:data1\" content=\"3 minutos\" \/>\n<script type=\"application\/ld+json\" class=\"yoast-schema-graph\">{\"@context\":\"https:\/\/schema.org\",\"@graph\":[{\"@type\":\"WebPage\",\"@id\":\"https:\/\/dermo.com\/gel-hidroalcoholico-para-la-limpieza-de-manos\/\",\"url\":\"https:\/\/dermo.com\/gel-hidroalcoholico-para-la-limpieza-de-manos\/\",\"name\":\"Gel hidroalcoh\u00f3lico para la limpieza de manos - Dermo | F\u00e1brica de detergentes\",\"isPartOf\":{\"@id\":\"https:\/\/dermo.com\/#website\"},\"datePublished\":\"2025-01-30T12:09:02+00:00\",\"dateModified\":\"2025-02-19T11:00:28+00:00\",\"breadcrumb\":{\"@id\":\"https:\/\/dermo.com\/gel-hidroalcoholico-para-la-limpieza-de-manos\/#breadcrumb\"},\"inLanguage\":\"pt-PT\",\"potentialAction\":[{\"@type\":\"ReadAction\",\"target\":[\"https:\/\/dermo.com\/gel-hidroalcoholico-para-la-limpieza-de-manos\/\"]}]},{\"@type\":\"BreadcrumbList\",\"@id\":\"https:\/\/dermo.com\/gel-hidroalcoholico-para-la-limpieza-de-manos\/#breadcrumb\",\"itemListElement\":[{\"@type\":\"ListItem\",\"position\":1,\"name\":\"Portada\",\"item\":\"https:\/\/dermo.com\/\"},{\"@type\":\"ListItem\",\"position\":2,\"name\":\"Gel hidroalcoh\u00f3lico para la limpieza de manos\"}]},{\"@type\":\"WebSite\",\"@id\":\"https:\/\/dermo.com\/#website\",\"url\":\"https:\/\/dermo.com\/\",\"name\":\"Dermo | F\u00e1brica de detergentes\",\"description\":\"Tecnolog\u00eda avanzada, investigaci\u00f3n y desarrollo, respeto por el medio ambiente, competencia, formaci\u00f3n constante y alto nivel de profesionalidad en nuestro equipo humano, empe\u00f1ado en preservar la calidad de vida, la protecci\u00f3n del entorno natural contin\u00faan motiv\u00e1ndonos para desarrollar en nuestros laboratorios nuevos productos con ingredientes activos altamente biodegradables que hacen posible un desarrollo sostenible.\",\"potentialAction\":[{\"@type\":\"SearchAction\",\"target\":{\"@type\":\"EntryPoint\",\"urlTemplate\":\"https:\/\/dermo.com\/?s={search_term_string}\"},\"query-input\":{\"@type\":\"PropertyValueSpecification\",\"valueRequired\":true,\"valueName\":\"search_term_string\"}}],\"inLanguage\":\"pt-PT\"}]}<\/script>\n<!-- \/ Yoast SEO plugin. -->","yoast_head_json":{"title":"Gel hidroalco\u00f3lico para limpeza das m\u00e3os - Dermo | F\u00e1brica de detergentes","robots":{"index":"index","follow":"follow","max-snippet":"max-snippet:-1","max-image-preview":"max-image-preview:large","max-video-preview":"max-video-preview:-1"},"canonical":"https:\/\/dermo.com\/pt\/gel-hidroalcoolico-para-limpeza-das-maos\/","og_locale":"pt_PT","og_type":"article","og_title":"Gel hidroalcoh\u00f3lico para la limpieza de manos - Dermo | F\u00e1brica de detergentes","og_description":"El\u00a0gel hidroalcoh\u00f3lico para la limpieza de manos\u00a0de Dermo es la mejor arma para combatir los virus y las bacterias, porque est\u00e1 elaborado y desarrollado con componentes pensados para eliminar cualquier tipo de suciedad. El\u00a0gel hidroalcoh\u00f3lico para la limpieza de\u00a0manos\u00a0Gelman H es un gel cosm\u00e9tico que aporta una gran limpieza para las manos, evitando la suciedad&hellip;&nbsp;Ler mais &raquo;Gel hidroalcoh\u00f3lico para la limpieza de manos","og_url":"https:\/\/dermo.com\/pt\/gel-hidroalcoolico-para-limpeza-das-maos\/","og_site_name":"Dermo | F\u00e1brica de detergentes","article_modified_time":"2025-02-19T11:00:28+00:00","twitter_card":"summary_large_image","twitter_misc":{"Tempo estimado de leitura":"3 minutos"},"schema":{"@context":"https:\/\/schema.org","@graph":[{"@type":"WebPage","@id":"https:\/\/dermo.com\/gel-hidroalcoholico-para-la-limpieza-de-manos\/","url":"https:\/\/dermo.com\/gel-hidroalcoholico-para-la-limpieza-de-manos\/","name":"Gel hidroalco\u00f3lico para limpeza das m\u00e3os - Dermo | F\u00e1brica de detergentes","isPartOf":{"@id":"https:\/\/dermo.com\/#website"},"datePublished":"2025-01-30T12:09:02+00:00","dateModified":"2025-02-19T11:00:28+00:00","breadcrumb":{"@id":"https:\/\/dermo.com\/gel-hidroalcoholico-para-la-limpieza-de-manos\/#breadcrumb"},"inLanguage":"pt-PT","potentialAction":[{"@type":"ReadAction","target":["https:\/\/dermo.com\/gel-hidroalcoholico-para-la-limpieza-de-manos\/"]}]},{"@type":"BreadcrumbList","@id":"https:\/\/dermo.com\/gel-hidroalcoholico-para-la-limpieza-de-manos\/#breadcrumb","itemListElement":[{"@type":"ListItem","position":1,"name":"Portada","item":"https:\/\/dermo.com\/"},{"@type":"ListItem","position":2,"name":"Gel hidroalcoh\u00f3lico para la limpieza de manos"}]},{"@type":"WebSite","@id":"https:\/\/dermo.com\/#website","url":"https:\/\/dermo.com\/","name":"Dermo | f\u00e1brica de detergentes","description":"A tecnologia avan\u00e7ada, a investiga\u00e7\u00e3o e desenvolvimento, o respeito pelo ambiente, a compet\u00eancia, a forma\u00e7\u00e3o constante e o elevado n\u00edvel de profissionalismo da nossa equipa humana, comprometida com a preserva\u00e7\u00e3o da qualidade de vida, a protec\u00e7\u00e3o do ambiente natural continuam a motivar-nos a desenvolver novos produtos nos nossos laborat\u00f3rios com princ\u00edpios ativos altamente biodegrad\u00e1veis que possibilitam o desenvolvimento sustent\u00e1vel.","potentialAction":[{"@type":"SearchAction","target":{"@type":"EntryPoint","urlTemplate":"https:\/\/dermo.com\/?s={search_term_string}"},"query-input":{"@type":"PropertyValueSpecification","valueRequired":true,"valueName":"search_term_string"}}],"inLanguage":"pt-PT"}]}},"_links":{"self":[{"href":"https:\/\/dermo.com\/pt\/wp-json\/wp\/v2\/pages\/12568","targetHints":{"allow":["GET"]}}],"collection":[{"href":"https:\/\/dermo.com\/pt\/wp-json\/wp\/v2\/pages"}],"about":[{"href":"https:\/\/dermo.com\/pt\/wp-json\/wp\/v2\/types\/page"}],"author":[{"embeddable":true,"href":"https:\/\/dermo.com\/pt\/wp-json\/wp\/v2\/users\/2"}],"replies":[{"embeddable":true,"href":"https:\/\/dermo.com\/pt\/wp-json\/wp\/v2\/comments?post=12568"}],"version-history":[{"count":7,"href":"https:\/\/dermo.com\/pt\/wp-json\/wp\/v2\/pages\/12568\/revisions"}],"predecessor-version":[{"id":13575,"href":"https:\/\/dermo.com\/pt\/wp-json\/wp\/v2\/pages\/12568\/revisions\/13575"}],"wp:attachment":[{"href":"https:\/\/dermo.com\/pt\/wp-json\/wp\/v2\/media?parent=12568"}],"curies":[{"name":"wp","href":"https:\/\/api.w.org\/{rel}","templated":true}]}}