{"id":12603,"date":"2025-01-30T13:39:20","date_gmt":"2025-01-30T12:39:20","guid":{"rendered":"https:\/\/dermo.com\/?page_id=12603"},"modified":"2025-02-19T11:59:25","modified_gmt":"2025-02-19T10:59:25","slug":"limpadores-de-piso-perfumados","status":"publish","type":"page","link":"https:\/\/dermo.com\/pt\/limpadores-de-piso-perfumados\/","title":{"rendered":"Limpador de piso perfumado"},"content":{"rendered":"<div data-elementor-type=\"wp-page\" data-elementor-id=\"12603\" class=\"elementor elementor-12603\" data-elementor-post-type=\"page\">\n\t\t\t\t\t\t<section class=\"elementor-section elementor-top-section elementor-element elementor-element-a02683f elementor-section-boxed elementor-section-height-default elementor-section-height-default\" data-id=\"a02683f\" data-element_type=\"section\" data-e-type=\"section\" data-settings=\"{&quot;background_background&quot;:&quot;classic&quot;}\">\n\t\t\t\t\t\t\t<div class=\"elementor-background-overlay\"><\/div>\n\t\t\t\t\t\t\t<div class=\"elementor-container elementor-column-gap-default\">\n\t\t\t\t\t<div class=\"elementor-column elementor-col-100 elementor-top-column elementor-element elementor-element-f99dbff\" data-id=\"f99dbff\" data-element_type=\"column\" data-e-type=\"column\">\n\t\t\t<div class=\"elementor-widget-wrap elementor-element-populated\">\n\t\t\t\t\t\t\t<\/div>\n\t\t<\/div>\n\t\t\t\t\t<\/div>\n\t\t<\/section>\n\t\t\t\t<section class=\"elementor-section elementor-top-section elementor-element elementor-element-233ad3a4 elementor-section-boxed elementor-section-height-default elementor-section-height-default\" data-id=\"233ad3a4\" data-element_type=\"section\" data-e-type=\"section\">\n\t\t\t\t\t\t<div class=\"elementor-container elementor-column-gap-default\">\n\t\t\t\t\t<div class=\"elementor-column elementor-col-100 elementor-top-column elementor-element elementor-element-3244e578\" data-id=\"3244e578\" data-element_type=\"column\" data-e-type=\"column\">\n\t\t\t<div class=\"elementor-widget-wrap elementor-element-populated\">\n\t\t\t\t\t\t<section class=\"elementor-section elementor-inner-section elementor-element elementor-element-1a7040c2 elementor-section-content-middle elementor-section-boxed elementor-section-height-default elementor-section-height-default\" data-id=\"1a7040c2\" data-element_type=\"section\" data-e-type=\"section\">\n\t\t\t\t\t\t<div class=\"elementor-container elementor-column-gap-default\">\n\t\t\t\t\t<div class=\"elementor-column elementor-col-50 elementor-inner-column elementor-element elementor-element-58338543\" data-id=\"58338543\" data-element_type=\"column\" data-e-type=\"column\">\n\t\t\t<div class=\"elementor-widget-wrap elementor-element-populated\">\n\t\t\t\t\t\t<div class=\"elementor-element elementor-element-464b2e11 elementor-widget elementor-widget-text-editor\" data-id=\"464b2e11\" data-element_type=\"widget\" data-e-type=\"widget\" data-widget_type=\"text-editor.default\">\n\t\t\t\t<div class=\"elementor-widget-container\">\n\t\t\t\t\t\t\t\t\t<p>Encontre o melhor\u00a0<strong>limpadores de piso perfumados<\/strong>\u00a0na Dermo, escolhendo entre diversas op\u00e7\u00f5es e aromas. Na Dermo fabricamos produtos profissionais para limpar, desinfetar e cuidar de todos os tipos de pisos, pois cada piso tem necessidades diferentes. Com aroma de ma\u00e7\u00e3, lim\u00e3o, cereja, flores, eucalipto... Escolha o\u00a0<strong>limpadores de piso perfumados<\/strong>\u00a0mais eficiente do mercado na Dermo, conseguindo um produto duradouro e eficaz que cuida de todos os tipos de pisos.<\/p><p><a href=\"https:\/\/dermo.com\/pt\/catalogo\/es\/tratamento-do-solo\/98-star-gres-pino.html\/?search_query=Star+Gres+Pino+&amp;results=1\">Pinho Gr\u00e9s Estrela<\/a>\u00a0\u00c9 um detergente l\u00edquido especialmente desenvolvido para limpeza de superf\u00edcies de gr\u00e9s, azulejos, cer\u00e2mica, etc. N\u00e3o deixa marcas ao secar e deixa um aroma agrad\u00e1vel e persistente. Possui grande poder detergente e deixa brilho natural. Outra op\u00e7\u00e3o \u00e9\u00a0<a href=\"https:\/\/dermo.com\/pt\/catalogo\/es\/comecar\/161-f200-blue-fregasuelos.html\/?search_query=F200+Blue&amp;results=1\">F200 Azul<\/a>, outro dos nossos\u00a0<strong>limpadores de piso perfumados<\/strong>\u00a0limpeza eficaz, proporcionando secagem r\u00e1pida e sem manchas, preservando todo o brilho natural e podendo ser utilizado em pisos ou superf\u00edcies lav\u00e1veis como cer\u00e2mica, borracha, granilite, m\u00e1rmore, vinil, PVC...<\/p><p>Se voc\u00ea est\u00e1 procurando um cheiro doce para seus produtos de limpeza de piso perfumados, voc\u00ea pode escolher\u00a0<a href=\"https:\/\/dermo.com\/pt\/catalogo\/es\/tratamento-do-solo\/155-f-80-cherry-fregasuelos.html\/?search_query=F80+Cherry&amp;results=1\">F80 Cereja<\/a>, um produto de secagem r\u00e1pida, sem manchas, que preserva o brilho natural, pode ser usado em pisos e superf\u00edcies lav\u00e1veis e deixa um agrad\u00e1vel aroma doce de cereja.<\/p><p><a href=\"https:\/\/dermo.com\/pt\/catalogo\/es\/tratamento-do-solo\/95-f80intense.html\/?search_query=Intense&amp;results=1\">F80 Intenso<\/a>, um limpador de pisos com limpeza eficiente e alto poder detergente, que brilha naturalmente e pode ser usado em qualquer tipo de piso. Deixa um perfume agrad\u00e1vel e persistente.<\/p>\t\t\t\t\t\t\t\t<\/div>\n\t\t\t\t<\/div>\n\t\t\t\t\t<\/div>\n\t\t<\/div>\n\t\t\t\t<div class=\"elementor-column elementor-col-50 elementor-inner-column elementor-element elementor-element-6ef661c elementor-invisible\" data-id=\"6ef661c\" data-element_type=\"column\" data-e-type=\"column\" data-settings=\"{&quot;animation&quot;:&quot;bounceInRight&quot;}\">\n\t\t\t<div class=\"elementor-widget-wrap elementor-element-populated\">\n\t\t\t\t\t\t<div class=\"elementor-element elementor-element-269567b elementor-widget__width-initial elementor-widget elementor-widget-elementskit-contact-form7\" data-id=\"269567b\" data-element_type=\"widget\" data-e-type=\"widget\" data-widget_type=\"elementskit-contact-form7.default\">\n\t\t\t\t<div class=\"elementor-widget-container\">\n\t\t\t\t\t<div class=\"ekit-wid-con\" ><div class=\"ekit-form\">\n<div class=\"wpcf7 no-js\" id=\"wpcf7-f13292-p12603-o1\" lang=\"es-ES\" dir=\"ltr\" data-wpcf7-id=\"13292\">\n<div class=\"screen-reader-response\"><p role=\"status\" aria-live=\"polite\" aria-atomic=\"true\"><\/p> <ul><\/ul><\/div>\n<form action=\"\/pt\/limpadores-de-piso-perfumados\/#wpcf7-f13292-p12603-o1\" method=\"post\" class=\"wpcf7-form init\" aria-label=\"Formulario de contacto\" novalidate=\"novalidate\" data-status=\"init\" data-no-translation-aria-label=\"\" data-trp-original-action=\"\/pt\/fregasuelos-perfumados\/#wpcf7-f13292-p12603-o1\">\n<fieldset class=\"hidden-fields-container\"><input type=\"hidden\" name=\"_wpcf7\" value=\"13292\" \/><input type=\"hidden\" name=\"_wpcf7_version\" value=\"6.1.5\" \/><input type=\"hidden\" name=\"_wpcf7_locale\" value=\"es_ES\" \/><input type=\"hidden\" name=\"_wpcf7_unit_tag\" value=\"wpcf7-f13292-p12603-o1\" \/><input type=\"hidden\" name=\"_wpcf7_container_post\" value=\"12603\" \/><input type=\"hidden\" name=\"_wpcf7_posted_data_hash\" value=\"\" \/><input type=\"hidden\" name=\"_wpcf7_recaptcha_response\" value=\"\" \/>\n<\/fieldset>\n<div style=\"display: flex; gap: 10px;\">\n\t<div style=\"width: 50%;\">\n\t\t<p><span class=\"wpcf7-form-control-wrap\" data-name=\"your-name\"><input size=\"40\" maxlength=\"400\" class=\"wpcf7-form-control wpcf7-text wpcf7-validates-as-required\" aria-required=\"true\" aria-invalid=\"false\" placeholder=\"Nome\" value=\"\" type=\"text\" name=\"your-name\" \/><\/span>\n\t\t<\/p>\n\t<\/div>\n\t<div style=\"width: 50%;\">\n\t\t<p><span class=\"wpcf7-form-control-wrap\" data-name=\"your-phone\"><input size=\"40\" maxlength=\"400\" class=\"wpcf7-form-control wpcf7-tel wpcf7-validates-as-required wpcf7-text wpcf7-validates-as-tel\" aria-required=\"true\" aria-invalid=\"false\" placeholder=\"Telefone\" value=\"\" type=\"tel\" name=\"your-phone\" \/><\/span>\n\t\t<\/p>\n\t<\/div>\n<\/div>\n<p><span class=\"wpcf7-form-control-wrap\" data-name=\"your-email\"><input size=\"40\" maxlength=\"400\" class=\"wpcf7-form-control wpcf7-email wpcf7-validates-as-required wpcf7-text wpcf7-validates-as-email\" aria-required=\"true\" aria-invalid=\"false\" placeholder=\"E-mail\" value=\"\" type=\"email\" name=\"your-email\" \/><\/span>\n<\/p>\n<div style=\"display: flex; gap: 10px;\">\n\t<div style=\"width: 50%;\">\n\t\t<p><span class=\"wpcf7-form-control-wrap\" data-name=\"your-country\"><input size=\"40\" maxlength=\"400\" class=\"wpcf7-form-control wpcf7-text wpcf7-validates-as-required\" aria-required=\"true\" aria-invalid=\"false\" placeholder=\"Pa\u00eds\" value=\"\" type=\"text\" name=\"your-country\" \/><\/span>\n\t\t<\/p>\n\t<\/div>\n\t<div style=\"width: 50%;\">\n\t\t<p><span class=\"wpcf7-form-control-wrap\" data-name=\"your-city\"><input size=\"40\" maxlength=\"400\" class=\"wpcf7-form-control wpcf7-text wpcf7-validates-as-required\" aria-required=\"true\" aria-invalid=\"false\" placeholder=\"Popula\u00e7\u00e3o\" value=\"\" type=\"text\" name=\"your-city\" \/><\/span>\n\t\t<\/p>\n\t<\/div>\n<\/div>\n<p><span class=\"wpcf7-form-control-wrap\" data-name=\"your-subject\"><select class=\"wpcf7-form-control wpcf7-select\" aria-invalid=\"false\" name=\"your-subject\"><option value=\"Quiero ser distribuidor\">Quero ser um distribuidor<\/option><option value=\"Presupuesto\">Or\u00e7amento<\/option><option value=\"Consulta\">Consulta<\/option><option value=\"Sugerencia\">Sugest\u00e3o<\/option><option value=\"Otros\">Outros<\/option><\/select><\/span>\n<\/p>\n<p><span class=\"wpcf7-form-control-wrap\" data-name=\"your-message\"><textarea cols=\"40\" rows=\"10\" maxlength=\"2000\" class=\"wpcf7-form-control wpcf7-textarea\" aria-invalid=\"false\" placeholder=\"Mensagem ou consulta\" name=\"your-message\"><\/textarea><\/span>\n<\/p>\n<div style=\"display: flex; align-items: center; gap: 10px;\">\n\t<p><span class=\"wpcf7-form-control-wrap\" data-name=\"privacy-policy\"><span class=\"wpcf7-form-control wpcf7-acceptance\"><span class=\"wpcf7-list-item\"><input type=\"checkbox\" name=\"privacy-policy\" value=\"1\" aria-invalid=\"false\" \/><\/span><\/span><\/span><label for=\"privacy-policy\" style=\"margin-left: 5px;\">Li e aceito a pol\u00edtica de privacidade.<\/label>\n\t<\/p>\n<\/div>\n<div style=\"display: flex; align-items: center; gap: 10px;\">\n\t<p><span class=\"wpcf7-form-control-wrap\" data-name=\"send-info\"><span class=\"wpcf7-form-control wpcf7-acceptance\"><span class=\"wpcf7-list-item\"><input type=\"checkbox\" name=\"send-info\" value=\"1\" aria-invalid=\"false\" \/><\/span><\/span><\/span><label for=\"send-info\" style=\"margin-left: 5px;\">Concordo em receber informa\u00e7\u00f5es.<\/label>\n\t<\/p>\n<\/div>\n<p><input class=\"wpcf7-form-control wpcf7-submit has-spinner\" type=\"submit\" value=\"Enviar\" \/>\n<\/p><div class=\"wpcf7-response-output\" aria-hidden=\"true\"><\/div>\n<input type=\"hidden\" name=\"trp-form-language\" value=\"pt\"\/><\/form>\n<\/div>\n<\/div><\/div>\t\t\t\t<\/div>\n\t\t\t\t<\/div>\n\t\t\t\t\t<\/div>\n\t\t<\/div>\n\t\t\t\t\t<\/div>\n\t\t<\/section>\n\t\t\t\t<div class=\"elementor-element elementor-element-615d68f elementor-widget elementor-widget-text-editor\" data-id=\"615d68f\" data-element_type=\"widget\" data-e-type=\"widget\" data-widget_type=\"text-editor.default\">\n\t\t\t\t<div class=\"elementor-widget-container\">\n\t\t\t\t\t\t\t\t\t<p><a href=\"https:\/\/dermo.com\/pt\/catalogo\/es\/tratamento-do-solo\/91-f80apple.html\/?search_query=F+80+Apple+&amp;results=2\">F 80 Ma\u00e7\u00e3<\/a>\u00a0\u00e9 outro dos\u00a0<strong>limpadores de piso perfumados<\/strong>\u00a0da Dermo, que oferece uma limpeza eficaz com alto poder detergente que proporcionar\u00e1 limpeza e um agrad\u00e1vel aroma de ma\u00e7\u00e3.<\/p><p>Encontre o melhor produto para cuidar dos seus pisos e garanta que essa limpeza e aroma durem por horas, mantendo aquela sensa\u00e7\u00e3o de limpeza e bem-estar.<\/p><p>O\u00a0<strong>limpadores de piso perfumados<\/strong>\u00a0Os produtos da Dermo s\u00e3o projetados para serem usados tanto no n\u00edvel pessoal quanto profissional e voc\u00ea poder\u00e1 aproveit\u00e1-los por muitos anos, pois eles t\u00eam um alto poder concentrado e agem efetivamente em pequenas doses. Voc\u00ea deve ler as instru\u00e7\u00f5es de cada um deles para saber como s\u00e3o usados e para que tipo de piso s\u00e3o mais adequados.<\/p><p>Al\u00e9m do\u00a0<strong>limpadores de piso perfumados<\/strong>Na Dermo voc\u00ea tamb\u00e9m encontra produtos de limpeza para pisos totalmente neutros, como os produtos de limpeza para pisos neutros da Fial; um produto n\u00e3o espumante projetado para uso em lavadoras autom\u00e1ticas e adequado para pisos polidos. Fial Fregadoras Lim\u00e3o \u00e9 outro dos nossos limpadores de piso, que tamb\u00e9m \u00e9 neutro e n\u00e3o faz espuma e \u00e9 usado na lavadora autom\u00e1tica.<\/p><p>Acesse o site da Dermo e descubra os melhores limpadores de piso perfumados, escolhendo o aroma e o tipo de produto que mais se adequam ao piso em quest\u00e3o.<\/p><p>Al\u00e9m de limpadores de piso, voc\u00ea tamb\u00e9m pode encontrar produtos de lavanderia, desinfetantes, desengordurantes, limpadores espec\u00edficos, etc.<\/p>\t\t\t\t\t\t\t\t<\/div>\n\t\t\t\t<\/div>\n\t\t\t\t\t<\/div>\n\t\t<\/div>\n\t\t\t\t\t<\/div>\n\t\t<\/section>\n\t\t\t\t<section class=\"elementor-section elementor-top-section elementor-element elementor-element-484f41e elementor-section-full_width elementor-section-height-default elementor-section-height-default elementor-invisible\" data-id=\"484f41e\" data-element_type=\"section\" data-e-type=\"section\" data-settings=\"{&quot;animation&quot;:&quot;slideInUp&quot;}\">\n\t\t\t\t\t\t<div class=\"elementor-container elementor-column-gap-default\">\n\t\t\t\t\t<div class=\"elementor-column elementor-col-100 elementor-top-column elementor-element elementor-element-19948363\" data-id=\"19948363\" data-element_type=\"column\" data-e-type=\"column\">\n\t\t\t<div class=\"elementor-widget-wrap elementor-element-populated\">\n\t\t\t\t\t\t<div class=\"elementor-element elementor-element-339044a4 elementor-widget elementor-widget-google_maps\" data-id=\"339044a4\" data-element_type=\"widget\" data-e-type=\"widget\" data-widget_type=\"google_maps.default\">\n\t\t\t\t<div class=\"elementor-widget-container\">\n\t\t\t\t\t\t\t<div class=\"elementor-custom-embed\">\n\t\t\t<iframe loading=\"lazy\"\n\t\t\t\t\tsrc=\"https:\/\/maps.google.com\/maps?q=C%2F%20Pintor%20Joan%20Miro%2C%2016.%20Pol.%20Ind.%20Can%20Humet%20de%20Dalt%2C%2008213%20Poliny%C3%A0.%20Barcelona&#038;t=m&#038;z=15&#038;output=embed&#038;iwloc=near\"\n\t\t\t\t\ttitle=\"C\/ Pintor Joan Miro, 16. Pol. Ind. Can Humet de Dalt, 08213 Poliny\u00e0. Barcelona\"\n\t\t\t\t\taria-label=\"C\/ Pintor Joan Miro, 16. Pol. Ind. Can Humet de Dalt, 08213 Poliny\u00e0. Barcelona\"\n\t\t\t><\/iframe>\n\t\t<\/div>\n\t\t\t\t\t\t<\/div>\n\t\t\t\t<\/div>\n\t\t\t\t\t<\/div>\n\t\t<\/div>\n\t\t\t\t\t<\/div>\n\t\t<\/section>\n\t\t\t\t<\/div>","protected":false},"excerpt":{"rendered":"<p>Encontre os melhores limpadores de piso perfumados na Dermo, escolhendo entre uma ampla variedade de op\u00e7\u00f5es e aromas. Na Dermo, fabricamos produtos profissionais para limpar, desinfetar e cuidar de todos os tipos de piso, pois cada piso tem suas pr\u00f3prias necessidades. Com aromas de ma\u00e7\u00e3, lim\u00e3o, cereja, flores, eucalipto e muito mais, escolha os limpadores de piso perfumados mais eficazes do mercado na Dermo, garantindo um produto\u2026&nbsp;<a href=\"https:\/\/dermo.com\/pt\/limpadores-de-piso-perfumados\/\" rel=\"bookmark\">Ler mais \u00bb<span class=\"screen-reader-text\">Limpador de piso perfumado<\/span><\/a><\/p>","protected":false},"author":2,"featured_media":0,"parent":0,"menu_order":0,"comment_status":"closed","ping_status":"closed","template":"page-templates\/template-pagebuilder-full-width.php","meta":{"neve_meta_sidebar":"","neve_meta_container":"","neve_meta_enable_content_width":"","neve_meta_content_width":0,"neve_meta_title_alignment":"","neve_meta_author_avatar":"","neve_post_elements_order":"","neve_meta_disable_header":"","neve_meta_disable_footer":"","neve_meta_disable_title":"","footnotes":""},"class_list":["post-12603","page","type-page","status-publish","hentry"],"yoast_head":"<!-- This site is optimized with the Yoast SEO plugin v27.0 - https:\/\/yoast.com\/product\/yoast-seo-wordpress\/ -->\n<title>Fregasuelos perfumados - Dermo | F\u00e1brica de detergentes<\/title>\n<meta name=\"robots\" content=\"index, follow, max-snippet:-1, max-image-preview:large, max-video-preview:-1\" \/>\n<link rel=\"canonical\" href=\"https:\/\/dermo.com\/pt\/limpadores-de-piso-perfumados\/\" \/>\n<meta property=\"og:locale\" content=\"pt_PT\" \/>\n<meta property=\"og:type\" content=\"article\" \/>\n<meta property=\"og:title\" content=\"Fregasuelos perfumados - Dermo | F\u00e1brica de detergentes\" \/>\n<meta property=\"og:description\" content=\"Encuentra los mejores\u00a0fregasuelos perfumados\u00a0en Dermo, eligiendo entre m\u00faltiples opciones y aromas. En Dermo fabricamos productos profesionales para limpiar, desinfectar y cuidar de todo tipo de pavimentos, ya que cada suelo presenta distintas necesidades. Con olor a manzana, a lim\u00f3n, a cereza, a flores, eucalipto\u2026 Elige los\u00a0fregasuelos perfumados\u00a0m\u00e1s eficientes del mercado en Dermo, consiguiendo un producto&hellip;&nbsp;Ler mais &raquo;Fregasuelos perfumados\" \/>\n<meta property=\"og:url\" content=\"https:\/\/dermo.com\/pt\/limpadores-de-piso-perfumados\/\" \/>\n<meta property=\"og:site_name\" content=\"Dermo | F\u00e1brica de detergentes\" \/>\n<meta property=\"article:modified_time\" content=\"2025-02-19T10:59:25+00:00\" \/>\n<meta name=\"twitter:card\" content=\"summary_large_image\" \/>\n<meta name=\"twitter:label1\" content=\"Tempo estimado de leitura\" \/>\n\t<meta name=\"twitter:data1\" content=\"3 minutos\" \/>\n<script type=\"application\/ld+json\" class=\"yoast-schema-graph\">{\"@context\":\"https:\/\/schema.org\",\"@graph\":[{\"@type\":\"WebPage\",\"@id\":\"https:\/\/dermo.com\/fregasuelos-perfumados\/\",\"url\":\"https:\/\/dermo.com\/fregasuelos-perfumados\/\",\"name\":\"Fregasuelos perfumados - Dermo | F\u00e1brica de detergentes\",\"isPartOf\":{\"@id\":\"https:\/\/dermo.com\/#website\"},\"datePublished\":\"2025-01-30T12:39:20+00:00\",\"dateModified\":\"2025-02-19T10:59:25+00:00\",\"breadcrumb\":{\"@id\":\"https:\/\/dermo.com\/fregasuelos-perfumados\/#breadcrumb\"},\"inLanguage\":\"pt-PT\",\"potentialAction\":[{\"@type\":\"ReadAction\",\"target\":[\"https:\/\/dermo.com\/fregasuelos-perfumados\/\"]}]},{\"@type\":\"BreadcrumbList\",\"@id\":\"https:\/\/dermo.com\/fregasuelos-perfumados\/#breadcrumb\",\"itemListElement\":[{\"@type\":\"ListItem\",\"position\":1,\"name\":\"Portada\",\"item\":\"https:\/\/dermo.com\/\"},{\"@type\":\"ListItem\",\"position\":2,\"name\":\"Fregasuelos perfumados\"}]},{\"@type\":\"WebSite\",\"@id\":\"https:\/\/dermo.com\/#website\",\"url\":\"https:\/\/dermo.com\/\",\"name\":\"Dermo | F\u00e1brica de detergentes\",\"description\":\"Tecnolog\u00eda avanzada, investigaci\u00f3n y desarrollo, respeto por el medio ambiente, competencia, formaci\u00f3n constante y alto nivel de profesionalidad en nuestro equipo humano, empe\u00f1ado en preservar la calidad de vida, la protecci\u00f3n del entorno natural contin\u00faan motiv\u00e1ndonos para desarrollar en nuestros laboratorios nuevos productos con ingredientes activos altamente biodegradables que hacen posible un desarrollo sostenible.\",\"potentialAction\":[{\"@type\":\"SearchAction\",\"target\":{\"@type\":\"EntryPoint\",\"urlTemplate\":\"https:\/\/dermo.com\/?s={search_term_string}\"},\"query-input\":{\"@type\":\"PropertyValueSpecification\",\"valueRequired\":true,\"valueName\":\"search_term_string\"}}],\"inLanguage\":\"pt-PT\"}]}<\/script>\n<!-- \/ Yoast SEO plugin. -->","yoast_head_json":{"title":"Limpador de piso perfumado - Dermo | F\u00e1brica de detergentes","robots":{"index":"index","follow":"follow","max-snippet":"max-snippet:-1","max-image-preview":"max-image-preview:large","max-video-preview":"max-video-preview:-1"},"canonical":"https:\/\/dermo.com\/pt\/limpadores-de-piso-perfumados\/","og_locale":"pt_PT","og_type":"article","og_title":"Fregasuelos perfumados - Dermo | F\u00e1brica de detergentes","og_description":"Encuentra los mejores\u00a0fregasuelos perfumados\u00a0en Dermo, eligiendo entre m\u00faltiples opciones y aromas. En Dermo fabricamos productos profesionales para limpiar, desinfectar y cuidar de todo tipo de pavimentos, ya que cada suelo presenta distintas necesidades. Con olor a manzana, a lim\u00f3n, a cereza, a flores, eucalipto\u2026 Elige los\u00a0fregasuelos perfumados\u00a0m\u00e1s eficientes del mercado en Dermo, consiguiendo un producto&hellip;&nbsp;Ler mais &raquo;Fregasuelos perfumados","og_url":"https:\/\/dermo.com\/pt\/limpadores-de-piso-perfumados\/","og_site_name":"Dermo | F\u00e1brica de detergentes","article_modified_time":"2025-02-19T10:59:25+00:00","twitter_card":"summary_large_image","twitter_misc":{"Tempo estimado de leitura":"3 minutos"},"schema":{"@context":"https:\/\/schema.org","@graph":[{"@type":"WebPage","@id":"https:\/\/dermo.com\/fregasuelos-perfumados\/","url":"https:\/\/dermo.com\/fregasuelos-perfumados\/","name":"Limpador de piso perfumado - Dermo | F\u00e1brica de detergentes","isPartOf":{"@id":"https:\/\/dermo.com\/#website"},"datePublished":"2025-01-30T12:39:20+00:00","dateModified":"2025-02-19T10:59:25+00:00","breadcrumb":{"@id":"https:\/\/dermo.com\/fregasuelos-perfumados\/#breadcrumb"},"inLanguage":"pt-PT","potentialAction":[{"@type":"ReadAction","target":["https:\/\/dermo.com\/fregasuelos-perfumados\/"]}]},{"@type":"BreadcrumbList","@id":"https:\/\/dermo.com\/fregasuelos-perfumados\/#breadcrumb","itemListElement":[{"@type":"ListItem","position":1,"name":"Portada","item":"https:\/\/dermo.com\/"},{"@type":"ListItem","position":2,"name":"Fregasuelos perfumados"}]},{"@type":"WebSite","@id":"https:\/\/dermo.com\/#website","url":"https:\/\/dermo.com\/","name":"Dermo | f\u00e1brica de detergentes","description":"A tecnologia avan\u00e7ada, a investiga\u00e7\u00e3o e desenvolvimento, o respeito pelo ambiente, a compet\u00eancia, a forma\u00e7\u00e3o constante e o elevado n\u00edvel de profissionalismo da nossa equipa humana, comprometida com a preserva\u00e7\u00e3o da qualidade de vida, a protec\u00e7\u00e3o do ambiente natural continuam a motivar-nos a desenvolver novos produtos nos nossos laborat\u00f3rios com princ\u00edpios ativos altamente biodegrad\u00e1veis que possibilitam o desenvolvimento sustent\u00e1vel.","potentialAction":[{"@type":"SearchAction","target":{"@type":"EntryPoint","urlTemplate":"https:\/\/dermo.com\/?s={search_term_string}"},"query-input":{"@type":"PropertyValueSpecification","valueRequired":true,"valueName":"search_term_string"}}],"inLanguage":"pt-PT"}]}},"_links":{"self":[{"href":"https:\/\/dermo.com\/pt\/wp-json\/wp\/v2\/pages\/12603","targetHints":{"allow":["GET"]}}],"collection":[{"href":"https:\/\/dermo.com\/pt\/wp-json\/wp\/v2\/pages"}],"about":[{"href":"https:\/\/dermo.com\/pt\/wp-json\/wp\/v2\/types\/page"}],"author":[{"embeddable":true,"href":"https:\/\/dermo.com\/pt\/wp-json\/wp\/v2\/users\/2"}],"replies":[{"embeddable":true,"href":"https:\/\/dermo.com\/pt\/wp-json\/wp\/v2\/comments?post=12603"}],"version-history":[{"count":7,"href":"https:\/\/dermo.com\/pt\/wp-json\/wp\/v2\/pages\/12603\/revisions"}],"predecessor-version":[{"id":13566,"href":"https:\/\/dermo.com\/pt\/wp-json\/wp\/v2\/pages\/12603\/revisions\/13566"}],"wp:attachment":[{"href":"https:\/\/dermo.com\/pt\/wp-json\/wp\/v2\/media?parent=12603"}],"curies":[{"name":"wp","href":"https:\/\/api.w.org\/{rel}","templated":true}]}}