{"id":12633,"date":"2025-01-30T13:58:31","date_gmt":"2025-01-30T12:58:31","guid":{"rendered":"https:\/\/dermo.com\/?page_id=12633"},"modified":"2025-02-19T12:31:07","modified_gmt":"2025-02-19T11:31:07","slug":"produtos-de-limpeza-para-industria","status":"publish","type":"page","link":"https:\/\/dermo.com\/pt\/produtos-de-limpeza-para-industria\/","title":{"rendered":"Produtos de limpeza para a ind\u00fastria"},"content":{"rendered":"<div data-elementor-type=\"wp-page\" data-elementor-id=\"12633\" class=\"elementor elementor-12633\" data-elementor-post-type=\"page\">\n\t\t\t\t\t\t<section class=\"elementor-section elementor-top-section elementor-element elementor-element-a02683f elementor-section-boxed elementor-section-height-default elementor-section-height-default\" data-id=\"a02683f\" data-element_type=\"section\" data-e-type=\"section\" data-settings=\"{&quot;background_background&quot;:&quot;classic&quot;}\">\n\t\t\t\t\t\t\t<div class=\"elementor-background-overlay\"><\/div>\n\t\t\t\t\t\t\t<div class=\"elementor-container elementor-column-gap-default\">\n\t\t\t\t\t<div class=\"elementor-column elementor-col-100 elementor-top-column elementor-element elementor-element-f99dbff\" data-id=\"f99dbff\" data-element_type=\"column\" data-e-type=\"column\">\n\t\t\t<div class=\"elementor-widget-wrap elementor-element-populated\">\n\t\t\t\t\t\t\t<\/div>\n\t\t<\/div>\n\t\t\t\t\t<\/div>\n\t\t<\/section>\n\t\t\t\t<section class=\"elementor-section elementor-top-section elementor-element elementor-element-233ad3a4 elementor-section-boxed elementor-section-height-default elementor-section-height-default\" data-id=\"233ad3a4\" data-element_type=\"section\" data-e-type=\"section\">\n\t\t\t\t\t\t<div class=\"elementor-container elementor-column-gap-default\">\n\t\t\t\t\t<div class=\"elementor-column elementor-col-100 elementor-top-column elementor-element elementor-element-3244e578\" data-id=\"3244e578\" data-element_type=\"column\" data-e-type=\"column\">\n\t\t\t<div class=\"elementor-widget-wrap elementor-element-populated\">\n\t\t\t\t\t\t<section class=\"elementor-section elementor-inner-section elementor-element elementor-element-1a7040c2 elementor-section-content-middle elementor-section-boxed elementor-section-height-default elementor-section-height-default\" data-id=\"1a7040c2\" data-element_type=\"section\" data-e-type=\"section\">\n\t\t\t\t\t\t<div class=\"elementor-container elementor-column-gap-default\">\n\t\t\t\t\t<div class=\"elementor-column elementor-col-50 elementor-inner-column elementor-element elementor-element-58338543\" data-id=\"58338543\" data-element_type=\"column\" data-e-type=\"column\">\n\t\t\t<div class=\"elementor-widget-wrap elementor-element-populated\">\n\t\t\t\t\t\t<div class=\"elementor-element elementor-element-464b2e11 elementor-widget elementor-widget-text-editor\" data-id=\"464b2e11\" data-element_type=\"widget\" data-e-type=\"widget\" data-widget_type=\"text-editor.default\">\n\t\t\t\t<div class=\"elementor-widget-container\">\n\t\t\t\t\t\t\t\t\t<p>Dermo oferece\u00a0<strong>produtos de limpeza<\/strong>\u00a0<strong>para<\/strong>\u00a0todos os tipos de superf\u00edcies, bem como para locais e setores espec\u00edficos, como\u00a0<strong>ind\u00fastria<\/strong>. Nossa ampla gama de\u00a0<strong>produtos de limpeza para ind\u00fastria<\/strong>\u00a0assim como para a ind\u00fastria automotiva, eles cobrem todas as necessidades que possam surgir na limpeza de ve\u00edculos, caminh\u00f5es, trens, \u00f4nibus e carros de passeio.<\/p><p>N\u00f3s temos\u00a0<strong>produtos de limpeza para\u00a0<\/strong>o<strong>\u00a0ind\u00fastria<\/strong>\u00a0como\u00a0<a href=\"https:\/\/dermo.com\/pt\/catalogo\/es\/industria-e-automotiva\/129-derlac10.html\/\">Derlac 10<\/a>, que \u00e9 alcalino clorado e tem poder hidratante e emulsionante, perfeito para o\u00a0<strong>limpeza<\/strong>\u00a0<strong>industrial<\/strong>\u00a0de res\u00edduos org\u00e2nicos provenientes de trocadores de calor na\u00a0<strong>ind\u00fastria<\/strong>\u00a0latic\u00ednios, cervejarias e, finalmente, toda a ind\u00fastria aliment\u00edcia.<\/p><p><a href=\"https:\/\/dermo.com\/pt\/catalogo\/es\/industria-e-automotiva\/130-derlac20.html\/\">Derlac 20<\/a>\u00a0\u00e9 um\u00a0<strong>produto de<\/strong>\u00a0<strong>limpeza<\/strong>\u00a0espec\u00edfico, tamb\u00e9m para o\u00a0<strong>ind\u00fastria<\/strong>\u00a0e \u00e9 projetado para o tratamento de incrusta\u00e7\u00f5es calc\u00e1rias nas ind\u00fastrias de alimentos, vinhos, latic\u00ednios e frutas e vegetais para autoclaves, caldeiras, c\u00e2maras frias e tanques.<\/p><p><a href=\"https:\/\/dermo.com\/pt\/catalogo\/es\/tratamento-do-solo\/101-fial-fregadoras.html\/\">Fial Fregadoras<\/a>\u00a0\u00c9 outro\u00a0<strong>produto<\/strong>\u00a0especial de\u00a0<strong>limpeza<\/strong>\u00a0<strong>para<\/strong>\u00a0o\u00a0<strong>ind\u00fastria<\/strong>\u00a0e neste caso, consiste em um desengordurante potente e sem espuma, projetado para uso em lavadoras autom\u00e1ticas.<\/p><p><a href=\"https:\/\/dermo.com\/pt\/catalogo\/es\/higiene-pessoal\/117-pm3.html\/\">PM3<\/a>\u00a0\u00e9 um\u00a0<strong>produto<\/strong>\u00a0para lavar e proteger as m\u00e3os, muito \u00fatil para\u00a0<strong>limpeza<\/strong>\u00a0<strong>industrial<\/strong>, porque foi projetado para proteger as m\u00e3os e, ao mesmo tempo, dissolve gorduras e \u00f3leos queimados, bem como lubrificantes, tintas, ferrugem, etc. \u00c9 recomendado para lavar m\u00e3os com sujeira persistente.<\/p>\t\t\t\t\t\t\t\t<\/div>\n\t\t\t\t<\/div>\n\t\t\t\t\t<\/div>\n\t\t<\/div>\n\t\t\t\t<div class=\"elementor-column elementor-col-50 elementor-inner-column elementor-element elementor-element-6487d63 elementor-invisible\" data-id=\"6487d63\" data-element_type=\"column\" data-e-type=\"column\" data-settings=\"{&quot;animation&quot;:&quot;bounceInRight&quot;}\">\n\t\t\t<div class=\"elementor-widget-wrap elementor-element-populated\">\n\t\t\t\t\t\t<div class=\"elementor-element elementor-element-bf99394 elementor-widget__width-initial elementor-widget elementor-widget-elementskit-contact-form7\" data-id=\"bf99394\" data-element_type=\"widget\" data-e-type=\"widget\" data-widget_type=\"elementskit-contact-form7.default\">\n\t\t\t\t<div class=\"elementor-widget-container\">\n\t\t\t\t\t<div class=\"ekit-wid-con\" ><div class=\"ekit-form\">\n<div class=\"wpcf7 no-js\" id=\"wpcf7-f13292-o1\" lang=\"es-ES\" dir=\"ltr\" data-wpcf7-id=\"13292\">\n<div class=\"screen-reader-response\"><p role=\"status\" aria-live=\"polite\" aria-atomic=\"true\"><\/p> <ul><\/ul><\/div>\n<form action=\"\/pt\/wp-json\/wp\/v2\/pages\/12633#wpcf7-f13292-o1\" method=\"post\" class=\"wpcf7-form init\" aria-label=\"Formul\u00e1rio de contato\" novalidate=\"novalidate\" data-status=\"init\" data-trp-original-action=\"\/pt\/wp-json\/wp\/v2\/pages\/12633#wpcf7-f13292-o1\">\n<fieldset class=\"hidden-fields-container\"><input type=\"hidden\" name=\"_wpcf7\" value=\"13292\" \/><input type=\"hidden\" name=\"_wpcf7_version\" value=\"6.1.5\" \/><input type=\"hidden\" name=\"_wpcf7_locale\" value=\"es_ES\" \/><input type=\"hidden\" name=\"_wpcf7_unit_tag\" value=\"wpcf7-f13292-o1\" \/><input type=\"hidden\" name=\"_wpcf7_container_post\" value=\"0\" \/><input type=\"hidden\" name=\"_wpcf7_posted_data_hash\" value=\"\" \/><input type=\"hidden\" name=\"_wpcf7_recaptcha_response\" value=\"\" \/>\n<\/fieldset>\n<div style=\"display: flex; gap: 10px;\">\n\t<div style=\"width: 50%;\">\n\t\t<p><span class=\"wpcf7-form-control-wrap\" data-name=\"your-name\"><input size=\"40\" maxlength=\"400\" class=\"wpcf7-form-control wpcf7-text wpcf7-validates-as-required\" aria-required=\"true\" aria-invalid=\"false\" placeholder=\"Nome\" value=\"\" type=\"text\" name=\"your-name\" \/><\/span>\n\t\t<\/p>\n\t<\/div>\n\t<div style=\"width: 50%;\">\n\t\t<p><span class=\"wpcf7-form-control-wrap\" data-name=\"your-phone\"><input size=\"40\" maxlength=\"400\" class=\"wpcf7-form-control wpcf7-tel wpcf7-validates-as-required wpcf7-text wpcf7-validates-as-tel\" aria-required=\"true\" aria-invalid=\"false\" placeholder=\"Telefone\" value=\"\" type=\"tel\" name=\"your-phone\" \/><\/span>\n\t\t<\/p>\n\t<\/div>\n<\/div>\n<p><span class=\"wpcf7-form-control-wrap\" data-name=\"your-email\"><input size=\"40\" maxlength=\"400\" class=\"wpcf7-form-control wpcf7-email wpcf7-validates-as-required wpcf7-text wpcf7-validates-as-email\" aria-required=\"true\" aria-invalid=\"false\" placeholder=\"E-mail\" value=\"\" type=\"email\" name=\"your-email\" \/><\/span>\n<\/p>\n<div style=\"display: flex; gap: 10px;\">\n\t<div style=\"width: 50%;\">\n\t\t<p><span class=\"wpcf7-form-control-wrap\" data-name=\"your-country\"><input size=\"40\" maxlength=\"400\" class=\"wpcf7-form-control wpcf7-text wpcf7-validates-as-required\" aria-required=\"true\" aria-invalid=\"false\" placeholder=\"Pa\u00eds\" value=\"\" type=\"text\" name=\"your-country\" \/><\/span>\n\t\t<\/p>\n\t<\/div>\n\t<div style=\"width: 50%;\">\n\t\t<p><span class=\"wpcf7-form-control-wrap\" data-name=\"your-city\"><input size=\"40\" maxlength=\"400\" class=\"wpcf7-form-control wpcf7-text wpcf7-validates-as-required\" aria-required=\"true\" aria-invalid=\"false\" placeholder=\"Popula\u00e7\u00e3o\" value=\"\" type=\"text\" name=\"your-city\" \/><\/span>\n\t\t<\/p>\n\t<\/div>\n<\/div>\n<p><span class=\"wpcf7-form-control-wrap\" data-name=\"your-subject\"><select class=\"wpcf7-form-control wpcf7-select\" aria-invalid=\"false\" name=\"your-subject\"><option value=\"Quiero ser distribuidor\">Quero ser um distribuidor<\/option><option value=\"Presupuesto\">Or\u00e7amento<\/option><option value=\"Consulta\">Consulta<\/option><option value=\"Sugerencia\">Sugest\u00e3o<\/option><option value=\"Otros\">Outros<\/option><\/select><\/span>\n<\/p>\n<p><span class=\"wpcf7-form-control-wrap\" data-name=\"your-message\"><textarea cols=\"40\" rows=\"10\" maxlength=\"2000\" class=\"wpcf7-form-control wpcf7-textarea\" aria-invalid=\"false\" placeholder=\"Mensagem ou consulta\" name=\"your-message\"><\/textarea><\/span>\n<\/p>\n<div style=\"display: flex; align-items: center; gap: 10px;\">\n\t<p><span class=\"wpcf7-form-control-wrap\" data-name=\"privacy-policy\"><span class=\"wpcf7-form-control wpcf7-acceptance\"><span class=\"wpcf7-list-item\"><input type=\"checkbox\" name=\"privacy-policy\" value=\"1\" aria-invalid=\"false\" \/><\/span><\/span><\/span><label for=\"privacy-policy\" style=\"margin-left: 5px;\">Li e aceito a pol\u00edtica de privacidade.<\/label>\n\t<\/p>\n<\/div>\n<div style=\"display: flex; align-items: center; gap: 10px;\">\n\t<p><span class=\"wpcf7-form-control-wrap\" data-name=\"send-info\"><span class=\"wpcf7-form-control wpcf7-acceptance\"><span class=\"wpcf7-list-item\"><input type=\"checkbox\" name=\"send-info\" value=\"1\" aria-invalid=\"false\" \/><\/span><\/span><\/span><label for=\"send-info\" style=\"margin-left: 5px;\">Concordo em receber informa\u00e7\u00f5es.<\/label>\n\t<\/p>\n<\/div>\n<p><input class=\"wpcf7-form-control wpcf7-submit has-spinner\" type=\"submit\" value=\"Enviar\" \/>\n<\/p><div class=\"wpcf7-response-output\" aria-hidden=\"true\"><\/div>\n<input type=\"hidden\" name=\"trp-form-language\" value=\"pt\"\/><\/form>\n<\/div>\n<\/div><\/div>\t\t\t\t<\/div>\n\t\t\t\t<\/div>\n\t\t\t\t\t<\/div>\n\t\t<\/div>\n\t\t\t\t\t<\/div>\n\t\t<\/section>\n\t\t\t\t<div class=\"elementor-element elementor-element-615d68f elementor-widget elementor-widget-text-editor\" data-id=\"615d68f\" data-element_type=\"widget\" data-e-type=\"widget\" data-widget_type=\"text-editor.default\">\n\t\t\t\t<div class=\"elementor-widget-container\">\n\t\t\t\t\t\t\t\t\t<div id=\"lipsum\"><div class=\"wpb_text_column wpb_content_element\"><div class=\"wpb_wrapper\"><p>E para as m\u00e3os, tamb\u00e9m temos gel l\u00edquido.\u00a0<a href=\"https:\/\/dermo.com\/pt\/catalogo\/es\/higiene-pessoal\/111-gelman.html\/\">Gelman<\/a>, especialmente para lavar m\u00e3os oleosas, deixando-as limpas, macias e agradavelmente perfumadas.<\/p><p><a href=\"https:\/\/dermo.com\/pt\/catalogo\/es\/agentes-descalcificantes\/60-limcal.html\/\">Limcal<\/a>\u00a0\u00c9 outro\u00a0<strong>produto<\/strong>\u00a0para o\u00a0<strong>limpeza industrial<\/strong>Neste caso \u00e9 um descalcificante para circuitos de \u00e1gua quente ou fria em m\u00e1quinas de lavar lou\u00e7a, m\u00e1quinas de lavar roupa, etc.<\/p><p>\u00c9 capaz de dissolver dep\u00f3sitos de calc\u00e1rio e ferrugem e \u00e9 v\u00e1lido para\u00a0<strong>limpeza<\/strong>\u00a0no final de obras e piscinas (res\u00edduos de cimento, sujidade ambiental, salitre, ferrugem ou cal) e tamb\u00e9m funciona muito bem como limpa-juntas de azulejos.<\/p><p>Como voc\u00ea pode ver, temos um amplo cat\u00e1logo de\u00a0<strong>produtos de limpeza<\/strong>\u00a0para o\u00a0<strong>ind\u00fastria<\/strong>, projetados para atender \u00e0s expectativas e necessidades de nossos clientes. Eles t\u00eam um alto poder de concentra\u00e7\u00e3o que lhes permite agir de forma decisiva e muito eficaz, em apenas alguns minutos.<\/p><p>Temos todos os tipos de\u00a0<strong>produtos de limpeza<\/strong>\u00a0<strong>para<\/strong>\u00a0o\u00a0<strong>ind\u00fastria<\/strong>, para que cada produto se adapte \u00e0s diferentes situa\u00e7\u00f5es, pessoas, lugares e problemas de cada momento.<\/p><p>O\u00a0<strong>produtos de limpeza<\/strong>\u00a0<strong>para<\/strong>\u00a0o\u00a0<strong>ind\u00fastria<\/strong>\u00a0Os Dermo&#039;s t\u00eam um tamanho grande, o que pode durar muito tempo, pois para o tratamento ser eficaz\u00a0<strong>limpeza<\/strong>, apenas uma quantidade insignificante de produto \u00e9 necess\u00e1ria. Na Dermo nos preocupamos com a durabilidade dos produtos, pois queremos que durem mais e sejam mais eficazes, por isso possuem uma f\u00f3rmula concentrada que nos permite obter \u00f3timos resultados e satisfazer as necessidades dos nossos clientes, no\u00a0<strong>limpeza<\/strong>\u00a0do\u00a0<strong>ind\u00fastria<\/strong>.<\/p><\/div><\/div><\/div>\t\t\t\t\t\t\t\t<\/div>\n\t\t\t\t<\/div>\n\t\t\t\t\t<\/div>\n\t\t<\/div>\n\t\t\t\t\t<\/div>\n\t\t<\/section>\n\t\t\t\t<section class=\"elementor-section elementor-top-section elementor-element elementor-element-484f41e elementor-section-full_width elementor-section-height-default elementor-section-height-default elementor-invisible\" data-id=\"484f41e\" data-element_type=\"section\" data-e-type=\"section\" data-settings=\"{&quot;animation&quot;:&quot;slideInUp&quot;}\">\n\t\t\t\t\t\t<div class=\"elementor-container elementor-column-gap-default\">\n\t\t\t\t\t<div class=\"elementor-column elementor-col-100 elementor-top-column elementor-element elementor-element-19948363\" data-id=\"19948363\" data-element_type=\"column\" data-e-type=\"column\">\n\t\t\t<div class=\"elementor-widget-wrap elementor-element-populated\">\n\t\t\t\t\t\t<div class=\"elementor-element elementor-element-339044a4 elementor-widget elementor-widget-google_maps\" data-id=\"339044a4\" data-element_type=\"widget\" data-e-type=\"widget\" data-widget_type=\"google_maps.default\">\n\t\t\t\t<div class=\"elementor-widget-container\">\n\t\t\t\t\t\t\t<div class=\"elementor-custom-embed\">\n\t\t\t<iframe loading=\"lazy\"\n\t\t\t\t\tsrc=\"https:\/\/maps.google.com\/maps?q=C%2F%20Pintor%20Joan%20Miro%2C%2016.%20Pol.%20Ind.%20Can%20Humet%20de%20Dalt%2C%2008213%20Poliny%C3%A0.%20Barcelona&#038;t=m&#038;z=15&#038;output=embed&#038;iwloc=near\"\n\t\t\t\t\ttitle=\"C\/ Pintor Joan Miro, 16. Pol. Ind. Can Humet de Dalt, 08213 Poliny\u00e0. Barcelona\"\n\t\t\t\t\taria-label=\"C\/ Pintor Joan Miro, 16. Pol. Ind. Can Humet de Dalt, 08213 Poliny\u00e0. Barcelona\"\n\t\t\t><\/iframe>\n\t\t<\/div>\n\t\t\t\t\t\t<\/div>\n\t\t\t\t<\/div>\n\t\t\t\t\t<\/div>\n\t\t<\/div>\n\t\t\t\t\t<\/div>\n\t\t<\/section>\n\t\t\t\t<\/div>","protected":false},"excerpt":{"rendered":"<p>Dermo ofrece\u00a0productos de limpieza\u00a0para\u00a0todo tipo de superficies, as\u00ed como para lugares y sectores espec\u00edficos como la\u00a0industria. Nuestra amplia gama de\u00a0productos de limpieza para industria\u00a0as\u00ed como para la automoci\u00f3n, cubren todas las necesidades que puedan plantearse en la limpieza de veh\u00edculos, camiones, trenes, autocares y turismos. Contamos con\u00a0productos de limpieza para\u00a0la\u00a0industria\u00a0tales como\u00a0Derlac 10, que es alcalino&hellip;&nbsp;<a href=\"https:\/\/dermo.com\/pt\/produtos-de-limpeza-para-industria\/\" rel=\"bookmark\">Ler mais \u00bb<span class=\"screen-reader-text\">Produtos de limpeza para a ind\u00fastria<\/span><\/a><\/p>","protected":false},"author":2,"featured_media":0,"parent":0,"menu_order":0,"comment_status":"closed","ping_status":"closed","template":"page-templates\/template-pagebuilder-full-width.php","meta":{"neve_meta_sidebar":"","neve_meta_container":"","neve_meta_enable_content_width":"","neve_meta_content_width":0,"neve_meta_title_alignment":"","neve_meta_author_avatar":"","neve_post_elements_order":"","neve_meta_disable_header":"","neve_meta_disable_footer":"","neve_meta_disable_title":"","footnotes":""},"class_list":["post-12633","page","type-page","status-publish","hentry"],"yoast_head":"<!-- This site is optimized with the Yoast SEO plugin v27.0 - https:\/\/yoast.com\/product\/yoast-seo-wordpress\/ -->\n<title>Productos de limpieza para industria - Dermo | F\u00e1brica de detergentes<\/title>\n<meta name=\"robots\" content=\"index, follow, max-snippet:-1, max-image-preview:large, max-video-preview:-1\" \/>\n<link rel=\"canonical\" href=\"https:\/\/dermo.com\/pt\/produtos-de-limpeza-para-industria\/\" \/>\n<meta property=\"og:locale\" content=\"pt_PT\" \/>\n<meta property=\"og:type\" content=\"article\" \/>\n<meta property=\"og:title\" content=\"Productos de limpieza para industria - Dermo | F\u00e1brica de detergentes\" \/>\n<meta property=\"og:description\" content=\"Dermo ofrece\u00a0productos de limpieza\u00a0para\u00a0todo tipo de superficies, as\u00ed como para lugares y sectores espec\u00edficos como la\u00a0industria. Nuestra amplia gama de\u00a0productos de limpieza para industria\u00a0as\u00ed como para la automoci\u00f3n, cubren todas las necesidades que puedan plantearse en la limpieza de veh\u00edculos, camiones, trenes, autocares y turismos. Contamos con\u00a0productos de limpieza para\u00a0la\u00a0industria\u00a0tales como\u00a0Derlac 10, que es alcalino&hellip;&nbsp;Ler mais &raquo;Productos de limpieza para industria\" \/>\n<meta property=\"og:url\" content=\"https:\/\/dermo.com\/pt\/produtos-de-limpeza-para-industria\/\" \/>\n<meta property=\"og:site_name\" content=\"Dermo | F\u00e1brica de detergentes\" \/>\n<meta property=\"article:modified_time\" content=\"2025-02-19T11:31:07+00:00\" \/>\n<meta name=\"twitter:card\" content=\"summary_large_image\" \/>\n<meta name=\"twitter:label1\" content=\"Tempo estimado de leitura\" \/>\n\t<meta name=\"twitter:data1\" content=\"3 minutos\" \/>\n<script type=\"application\/ld+json\" class=\"yoast-schema-graph\">{\"@context\":\"https:\/\/schema.org\",\"@graph\":[{\"@type\":\"WebPage\",\"@id\":\"https:\/\/dermo.com\/productos-de-limpieza-para-industria\/\",\"url\":\"https:\/\/dermo.com\/productos-de-limpieza-para-industria\/\",\"name\":\"Productos de limpieza para industria - Dermo | F\u00e1brica de detergentes\",\"isPartOf\":{\"@id\":\"https:\/\/dermo.com\/#website\"},\"datePublished\":\"2025-01-30T12:58:31+00:00\",\"dateModified\":\"2025-02-19T11:31:07+00:00\",\"breadcrumb\":{\"@id\":\"https:\/\/dermo.com\/productos-de-limpieza-para-industria\/#breadcrumb\"},\"inLanguage\":\"pt-PT\",\"potentialAction\":[{\"@type\":\"ReadAction\",\"target\":[\"https:\/\/dermo.com\/productos-de-limpieza-para-industria\/\"]}]},{\"@type\":\"BreadcrumbList\",\"@id\":\"https:\/\/dermo.com\/productos-de-limpieza-para-industria\/#breadcrumb\",\"itemListElement\":[{\"@type\":\"ListItem\",\"position\":1,\"name\":\"Portada\",\"item\":\"https:\/\/dermo.com\/\"},{\"@type\":\"ListItem\",\"position\":2,\"name\":\"Productos de limpieza para industria\"}]},{\"@type\":\"WebSite\",\"@id\":\"https:\/\/dermo.com\/#website\",\"url\":\"https:\/\/dermo.com\/\",\"name\":\"Dermo | F\u00e1brica de detergentes\",\"description\":\"Tecnolog\u00eda avanzada, investigaci\u00f3n y desarrollo, respeto por el medio ambiente, competencia, formaci\u00f3n constante y alto nivel de profesionalidad en nuestro equipo humano, empe\u00f1ado en preservar la calidad de vida, la protecci\u00f3n del entorno natural contin\u00faan motiv\u00e1ndonos para desarrollar en nuestros laboratorios nuevos productos con ingredientes activos altamente biodegradables que hacen posible un desarrollo sostenible.\",\"potentialAction\":[{\"@type\":\"SearchAction\",\"target\":{\"@type\":\"EntryPoint\",\"urlTemplate\":\"https:\/\/dermo.com\/?s={search_term_string}\"},\"query-input\":{\"@type\":\"PropertyValueSpecification\",\"valueRequired\":true,\"valueName\":\"search_term_string\"}}],\"inLanguage\":\"pt-PT\"}]}<\/script>\n<!-- \/ Yoast SEO plugin. -->","yoast_head_json":{"title":"Produtos de limpeza para ind\u00fastria - Dermo | F\u00e1brica de detergentes","robots":{"index":"index","follow":"follow","max-snippet":"max-snippet:-1","max-image-preview":"max-image-preview:large","max-video-preview":"max-video-preview:-1"},"canonical":"https:\/\/dermo.com\/pt\/produtos-de-limpeza-para-industria\/","og_locale":"pt_PT","og_type":"article","og_title":"Productos de limpieza para industria - Dermo | F\u00e1brica de detergentes","og_description":"Dermo ofrece\u00a0productos de limpieza\u00a0para\u00a0todo tipo de superficies, as\u00ed como para lugares y sectores espec\u00edficos como la\u00a0industria. Nuestra amplia gama de\u00a0productos de limpieza para industria\u00a0as\u00ed como para la automoci\u00f3n, cubren todas las necesidades que puedan plantearse en la limpieza de veh\u00edculos, camiones, trenes, autocares y turismos. Contamos con\u00a0productos de limpieza para\u00a0la\u00a0industria\u00a0tales como\u00a0Derlac 10, que es alcalino&hellip;&nbsp;Ler mais &raquo;Productos de limpieza para industria","og_url":"https:\/\/dermo.com\/pt\/produtos-de-limpeza-para-industria\/","og_site_name":"Dermo | F\u00e1brica de detergentes","article_modified_time":"2025-02-19T11:31:07+00:00","twitter_card":"summary_large_image","twitter_misc":{"Tempo estimado de leitura":"3 minutos"},"schema":{"@context":"https:\/\/schema.org","@graph":[{"@type":"WebPage","@id":"https:\/\/dermo.com\/productos-de-limpieza-para-industria\/","url":"https:\/\/dermo.com\/productos-de-limpieza-para-industria\/","name":"Produtos de limpeza para ind\u00fastria - Dermo | F\u00e1brica de detergentes","isPartOf":{"@id":"https:\/\/dermo.com\/#website"},"datePublished":"2025-01-30T12:58:31+00:00","dateModified":"2025-02-19T11:31:07+00:00","breadcrumb":{"@id":"https:\/\/dermo.com\/productos-de-limpieza-para-industria\/#breadcrumb"},"inLanguage":"pt-PT","potentialAction":[{"@type":"ReadAction","target":["https:\/\/dermo.com\/productos-de-limpieza-para-industria\/"]}]},{"@type":"BreadcrumbList","@id":"https:\/\/dermo.com\/productos-de-limpieza-para-industria\/#breadcrumb","itemListElement":[{"@type":"ListItem","position":1,"name":"Portada","item":"https:\/\/dermo.com\/"},{"@type":"ListItem","position":2,"name":"Productos de limpieza para industria"}]},{"@type":"WebSite","@id":"https:\/\/dermo.com\/#website","url":"https:\/\/dermo.com\/","name":"Dermo | f\u00e1brica de detergentes","description":"A tecnologia avan\u00e7ada, a investiga\u00e7\u00e3o e desenvolvimento, o respeito pelo ambiente, a compet\u00eancia, a forma\u00e7\u00e3o constante e o elevado n\u00edvel de profissionalismo da nossa equipa humana, comprometida com a preserva\u00e7\u00e3o da qualidade de vida, a protec\u00e7\u00e3o do ambiente natural continuam a motivar-nos a desenvolver novos produtos nos nossos laborat\u00f3rios com princ\u00edpios ativos altamente biodegrad\u00e1veis que possibilitam o desenvolvimento sustent\u00e1vel.","potentialAction":[{"@type":"SearchAction","target":{"@type":"EntryPoint","urlTemplate":"https:\/\/dermo.com\/?s={search_term_string}"},"query-input":{"@type":"PropertyValueSpecification","valueRequired":true,"valueName":"search_term_string"}}],"inLanguage":"pt-PT"}]}},"_links":{"self":[{"href":"https:\/\/dermo.com\/pt\/wp-json\/wp\/v2\/pages\/12633","targetHints":{"allow":["GET"]}}],"collection":[{"href":"https:\/\/dermo.com\/pt\/wp-json\/wp\/v2\/pages"}],"about":[{"href":"https:\/\/dermo.com\/pt\/wp-json\/wp\/v2\/types\/page"}],"author":[{"embeddable":true,"href":"https:\/\/dermo.com\/pt\/wp-json\/wp\/v2\/users\/2"}],"replies":[{"embeddable":true,"href":"https:\/\/dermo.com\/pt\/wp-json\/wp\/v2\/comments?post=12633"}],"version-history":[{"count":7,"href":"https:\/\/dermo.com\/pt\/wp-json\/wp\/v2\/pages\/12633\/revisions"}],"predecessor-version":[{"id":13693,"href":"https:\/\/dermo.com\/pt\/wp-json\/wp\/v2\/pages\/12633\/revisions\/13693"}],"wp:attachment":[{"href":"https:\/\/dermo.com\/pt\/wp-json\/wp\/v2\/media?parent=12633"}],"curies":[{"name":"wp","href":"https:\/\/api.w.org\/{rel}","templated":true}]}}