{"id":12717,"date":"2025-01-31T09:42:12","date_gmt":"2025-01-31T08:42:12","guid":{"rendered":"https:\/\/dermo.com\/?page_id=12717"},"modified":"2025-02-19T11:33:21","modified_gmt":"2025-02-19T10:33:21","slug":"desinfetante-de-superficie-2","status":"publish","type":"page","link":"https:\/\/dermo.com\/pt\/desinfetante-de-superficie-2\/","title":{"rendered":"Desinfetante de superf\u00edcie"},"content":{"rendered":"<div data-elementor-type=\"wp-page\" data-elementor-id=\"12717\" class=\"elementor elementor-12717\" data-elementor-post-type=\"page\">\n\t\t\t\t\t\t<section class=\"elementor-section elementor-top-section elementor-element elementor-element-98a4dec elementor-section-boxed elementor-section-height-default elementor-section-height-default\" data-id=\"98a4dec\" data-element_type=\"section\" data-e-type=\"section\" data-settings=\"{&quot;background_background&quot;:&quot;classic&quot;}\">\n\t\t\t\t\t\t\t<div class=\"elementor-background-overlay\"><\/div>\n\t\t\t\t\t\t\t<div class=\"elementor-container elementor-column-gap-default\">\n\t\t\t\t\t<div class=\"elementor-column elementor-col-100 elementor-top-column elementor-element elementor-element-e1dd055\" data-id=\"e1dd055\" data-element_type=\"column\" data-e-type=\"column\">\n\t\t\t<div class=\"elementor-widget-wrap elementor-element-populated\">\n\t\t\t\t\t\t\t<\/div>\n\t\t<\/div>\n\t\t\t\t\t<\/div>\n\t\t<\/section>\n\t\t\t\t<section class=\"elementor-section elementor-top-section elementor-element elementor-element-2ec8e30 elementor-section-boxed elementor-section-height-default elementor-section-height-default\" data-id=\"2ec8e30\" data-element_type=\"section\" data-e-type=\"section\">\n\t\t\t\t\t\t<div class=\"elementor-container elementor-column-gap-default\">\n\t\t\t\t\t<div class=\"elementor-column elementor-col-100 elementor-top-column elementor-element elementor-element-8c075e9\" data-id=\"8c075e9\" data-element_type=\"column\" data-e-type=\"column\">\n\t\t\t<div class=\"elementor-widget-wrap elementor-element-populated\">\n\t\t\t\t\t\t<section class=\"elementor-section elementor-inner-section elementor-element elementor-element-64bab18 elementor-section-content-middle elementor-section-boxed elementor-section-height-default elementor-section-height-default\" data-id=\"64bab18\" data-element_type=\"section\" data-e-type=\"section\">\n\t\t\t\t\t\t<div class=\"elementor-container elementor-column-gap-default\">\n\t\t\t\t\t<div class=\"elementor-column elementor-col-50 elementor-inner-column elementor-element elementor-element-1517a1f\" data-id=\"1517a1f\" data-element_type=\"column\" data-e-type=\"column\">\n\t\t\t<div class=\"elementor-widget-wrap elementor-element-populated\">\n\t\t\t\t\t\t<div class=\"elementor-element elementor-element-4ecb927 elementor-widget elementor-widget-text-editor\" data-id=\"4ecb927\" data-element_type=\"widget\" data-e-type=\"widget\" data-widget_type=\"text-editor.default\">\n\t\t\t\t<div class=\"elementor-widget-container\">\n\t\t\t\t\t\t\t\t\t<div id=\"lipsum\"><h2><strong>Desinfetante de superf\u00edcie\u00a0<\/strong><\/h2><p>Na Dermo somos especialistas na fabrica\u00e7\u00e3o e desenvolvimento de todo o tipo de produtos de limpeza profissional e, ap\u00f3s mais de 30 anos dedicados a este setor, podemos oferecer-lhe as m\u00e1ximas garantias em cada um dos nossos produtos, tais como:\u00a0<strong>desinfetante<\/strong>\u00a0para\u00a0<strong>superf\u00edcies<\/strong>.<\/p><p>Os desinfetantes que oferecemos na Dermo s\u00e3o projetados n\u00e3o apenas para limpar, mas tamb\u00e9m para desinfetar, ou seja, deixar as superf\u00edcies completamente higienizadas e livres de germes. Em nosso cat\u00e1logo apresentamos diversas op\u00e7\u00f5es poss\u00edveis, como o desinfetante de superf\u00edcies DL21 Acibac, um produto \u00e1cido utilizado para limpeza e desinfec\u00e7\u00e3o geral de superf\u00edcies e utens\u00edlios altamente contaminados na ind\u00fastria aliment\u00edcia, com o objetivo de remover dep\u00f3sitos de calc\u00e1rio e sujeira acumulada sobre eles.<\/p><\/div>\t\t\t\t\t\t\t\t<\/div>\n\t\t\t\t<\/div>\n\t\t\t\t\t<\/div>\n\t\t<\/div>\n\t\t\t\t<div class=\"elementor-column elementor-col-50 elementor-inner-column elementor-element elementor-element-f924105 elementor-invisible\" data-id=\"f924105\" data-element_type=\"column\" data-e-type=\"column\" data-settings=\"{&quot;animation&quot;:&quot;bounceInRight&quot;}\">\n\t\t\t<div class=\"elementor-widget-wrap elementor-element-populated\">\n\t\t\t\t\t\t<div class=\"elementor-element elementor-element-35a13b7 elementor-widget elementor-widget-elementskit-contact-form7\" data-id=\"35a13b7\" data-element_type=\"widget\" data-e-type=\"widget\" data-widget_type=\"elementskit-contact-form7.default\">\n\t\t\t\t<div class=\"elementor-widget-container\">\n\t\t\t\t\t<div class=\"ekit-wid-con\" ><div class=\"ekit-form\">\n<div class=\"wpcf7 no-js\" id=\"wpcf7-f13292-p12717-o1\" lang=\"es-ES\" dir=\"ltr\" data-wpcf7-id=\"13292\">\n<div class=\"screen-reader-response\"><p role=\"status\" aria-live=\"polite\" aria-atomic=\"true\"><\/p> <ul><\/ul><\/div>\n<form action=\"\/pt\/desinfetante-de-superficie-2\/#wpcf7-f13292-p12717-o1\" method=\"post\" class=\"wpcf7-form init\" aria-label=\"Formulario de contacto\" novalidate=\"novalidate\" data-status=\"init\" data-no-translation-aria-label=\"\" data-trp-original-action=\"\/fr\/desinfectante-superficies-2\/#wpcf7-f13292-p12717-o1\">\n<fieldset class=\"hidden-fields-container\"><input type=\"hidden\" name=\"_wpcf7\" value=\"13292\" \/><input type=\"hidden\" name=\"_wpcf7_version\" value=\"6.1.5\" \/><input type=\"hidden\" name=\"_wpcf7_locale\" value=\"es_ES\" \/><input type=\"hidden\" name=\"_wpcf7_unit_tag\" value=\"wpcf7-f13292-p12717-o1\" \/><input type=\"hidden\" name=\"_wpcf7_container_post\" value=\"12717\" \/><input type=\"hidden\" name=\"_wpcf7_posted_data_hash\" value=\"\" \/><input type=\"hidden\" name=\"_wpcf7_recaptcha_response\" value=\"\" \/>\n<\/fieldset>\n<div style=\"display: flex; gap: 10px;\">\n\t<div style=\"width: 50%;\">\n\t\t<p><span class=\"wpcf7-form-control-wrap\" data-name=\"your-name\"><input size=\"40\" maxlength=\"400\" class=\"wpcf7-form-control wpcf7-text wpcf7-validates-as-required\" aria-required=\"true\" aria-invalid=\"false\" placeholder=\"Nome\" value=\"\" type=\"text\" name=\"your-name\" \/><\/span>\n\t\t<\/p>\n\t<\/div>\n\t<div style=\"width: 50%;\">\n\t\t<p><span class=\"wpcf7-form-control-wrap\" data-name=\"your-phone\"><input size=\"40\" maxlength=\"400\" class=\"wpcf7-form-control wpcf7-tel wpcf7-validates-as-required wpcf7-text wpcf7-validates-as-tel\" aria-required=\"true\" aria-invalid=\"false\" placeholder=\"Telefone\" value=\"\" type=\"tel\" name=\"your-phone\" \/><\/span>\n\t\t<\/p>\n\t<\/div>\n<\/div>\n<p><span class=\"wpcf7-form-control-wrap\" data-name=\"your-email\"><input size=\"40\" maxlength=\"400\" class=\"wpcf7-form-control wpcf7-email wpcf7-validates-as-required wpcf7-text wpcf7-validates-as-email\" aria-required=\"true\" aria-invalid=\"false\" placeholder=\"E-mail\" value=\"\" type=\"email\" name=\"your-email\" \/><\/span>\n<\/p>\n<div style=\"display: flex; gap: 10px;\">\n\t<div style=\"width: 50%;\">\n\t\t<p><span class=\"wpcf7-form-control-wrap\" data-name=\"your-country\"><input size=\"40\" maxlength=\"400\" class=\"wpcf7-form-control wpcf7-text wpcf7-validates-as-required\" aria-required=\"true\" aria-invalid=\"false\" placeholder=\"Pa\u00eds\" value=\"\" type=\"text\" name=\"your-country\" \/><\/span>\n\t\t<\/p>\n\t<\/div>\n\t<div style=\"width: 50%;\">\n\t\t<p><span class=\"wpcf7-form-control-wrap\" data-name=\"your-city\"><input size=\"40\" maxlength=\"400\" class=\"wpcf7-form-control wpcf7-text wpcf7-validates-as-required\" aria-required=\"true\" aria-invalid=\"false\" placeholder=\"Popula\u00e7\u00e3o\" value=\"\" type=\"text\" name=\"your-city\" \/><\/span>\n\t\t<\/p>\n\t<\/div>\n<\/div>\n<p><span class=\"wpcf7-form-control-wrap\" data-name=\"your-subject\"><select class=\"wpcf7-form-control wpcf7-select\" aria-invalid=\"false\" name=\"your-subject\"><option value=\"Quiero ser distribuidor\">Quero ser um distribuidor<\/option><option value=\"Presupuesto\">Or\u00e7amento<\/option><option value=\"Consulta\">Consulta<\/option><option value=\"Sugerencia\">Sugest\u00e3o<\/option><option value=\"Otros\">Outros<\/option><\/select><\/span>\n<\/p>\n<p><span class=\"wpcf7-form-control-wrap\" data-name=\"your-message\"><textarea cols=\"40\" rows=\"10\" maxlength=\"2000\" class=\"wpcf7-form-control wpcf7-textarea\" aria-invalid=\"false\" placeholder=\"Mensagem ou consulta\" name=\"your-message\"><\/textarea><\/span>\n<\/p>\n<div style=\"display: flex; align-items: center; gap: 10px;\">\n\t<p><span class=\"wpcf7-form-control-wrap\" data-name=\"privacy-policy\"><span class=\"wpcf7-form-control wpcf7-acceptance\"><span class=\"wpcf7-list-item\"><input type=\"checkbox\" name=\"privacy-policy\" value=\"1\" aria-invalid=\"false\" \/><\/span><\/span><\/span><label for=\"privacy-policy\" style=\"margin-left: 5px;\">Li e aceito a pol\u00edtica de privacidade.<\/label>\n\t<\/p>\n<\/div>\n<div style=\"display: flex; align-items: center; gap: 10px;\">\n\t<p><span class=\"wpcf7-form-control-wrap\" data-name=\"send-info\"><span class=\"wpcf7-form-control wpcf7-acceptance\"><span class=\"wpcf7-list-item\"><input type=\"checkbox\" name=\"send-info\" value=\"1\" aria-invalid=\"false\" \/><\/span><\/span><\/span><label for=\"send-info\" style=\"margin-left: 5px;\">Concordo em receber informa\u00e7\u00f5es.<\/label>\n\t<\/p>\n<\/div>\n<p><input class=\"wpcf7-form-control wpcf7-submit has-spinner\" type=\"submit\" value=\"Enviar\" \/>\n<\/p><div class=\"wpcf7-response-output\" aria-hidden=\"true\"><\/div>\n<input type=\"hidden\" name=\"trp-form-language\" value=\"pt\"\/><\/form>\n<\/div>\n<\/div><\/div>\t\t\t\t<\/div>\n\t\t\t\t<\/div>\n\t\t\t\t\t<\/div>\n\t\t<\/div>\n\t\t\t\t\t<\/div>\n\t\t<\/section>\n\t\t\t\t<div class=\"elementor-element elementor-element-7c2eb24 elementor-widget elementor-widget-image\" data-id=\"7c2eb24\" data-element_type=\"widget\" data-e-type=\"widget\" data-widget_type=\"image.default\">\n\t\t\t\t<div class=\"elementor-widget-container\">\n\t\t\t\t\t\t\t\t\t\t\t\t\t\t\t<img fetchpriority=\"high\" decoding=\"async\" width=\"1024\" height=\"576\" src=\"https:\/\/dermo.com\/wp-content\/uploads\/2025\/01\/Diseno-sin-titulo-2-1-1024x576.jpg\" class=\"attachment-large size-large wp-image-12694\" alt=\"\" srcset=\"https:\/\/dermo.com\/wp-content\/uploads\/2025\/01\/Diseno-sin-titulo-2-1-1024x576.jpg 1024w, https:\/\/dermo.com\/wp-content\/uploads\/2025\/01\/Diseno-sin-titulo-2-1-300x169.jpg 300w, https:\/\/dermo.com\/wp-content\/uploads\/2025\/01\/Diseno-sin-titulo-2-1-768x432.jpg 768w, https:\/\/dermo.com\/wp-content\/uploads\/2025\/01\/Diseno-sin-titulo-2-1-1536x864.jpg 1536w, https:\/\/dermo.com\/wp-content\/uploads\/2025\/01\/Diseno-sin-titulo-2-1-18x10.jpg 18w, https:\/\/dermo.com\/wp-content\/uploads\/2025\/01\/Diseno-sin-titulo-2-1-600x338.jpg 600w, https:\/\/dermo.com\/wp-content\/uploads\/2025\/01\/Diseno-sin-titulo-2-1.jpg 1920w\" sizes=\"(max-width: 1024px) 100vw, 1024px\" \/>\t\t\t\t\t\t\t\t\t\t\t\t\t\t\t<\/div>\n\t\t\t\t<\/div>\n\t\t\t\t<div class=\"elementor-element elementor-element-29d4788 elementor-widget elementor-widget-text-editor\" data-id=\"29d4788\" data-element_type=\"widget\" data-e-type=\"widget\" data-widget_type=\"text-editor.default\">\n\t\t\t\t<div class=\"elementor-widget-container\">\n\t\t\t\t\t\t\t\t\t<div id=\"lipsum\"><p>DL21 Fungibac \u00e9 outro produto que n\u00e3o s\u00f3 limpa, mas tamb\u00e9m desinfeta. Ele tem uma alta concentra\u00e7\u00e3o de ingredientes ativos e \u00e9 especialmente formulado para ser usado na limpeza e desinfec\u00e7\u00e3o abrangentes de objetos e superf\u00edcies contaminadas na ind\u00fastria aliment\u00edcia.<\/p><p>DL 21 Clorbac \u00e9 outro desinfetante da Dermo, neste caso um limpador alcalino clorado que ataca gorduras, prote\u00ednas, sangue e todo tipo de res\u00edduos org\u00e2nicos, sendo utilizado sobretudo para limpar e desinfetar superf\u00edcies e utens\u00edlios contaminados em uma \u00fanica opera\u00e7\u00e3o na ind\u00fastria aliment\u00edcia, como a de latic\u00ednios ou a de carnes.<\/p><p>E, se falamos de not\u00edcias, a nossa\u00a0<strong>desinfetante\u00a0<\/strong>de<strong>\u00a0superf\u00edcies<\/strong>\u00a0por excel\u00eancia \u00e9 o DL 21 Viricide, um limpador desinfetante que est\u00e1 inclu\u00eddo na lista de viricidas autorizados pelo Minist\u00e9rio da Sa\u00fade, para combater v\u00edrus e bact\u00e9rias. Este desinfetante de superf\u00edcie \u00e9 adequado para limpar e desinfetar bancadas, utens\u00edlios de cozinha, latas de lixo e eletrodom\u00e9sticos.<\/p><p>Voc\u00ea tamb\u00e9m pode us\u00e1-lo em vasos sanit\u00e1rios, banheiros e para limpar e desinfetar todos os tipos de objetos e m\u00f3veis da casa. UM\u00a0<strong>desinfetante<\/strong>\u00a0de\u00a0<strong>superf\u00edcies<\/strong>\u00a0multiuso que ser\u00e1 pr\u00e1tico e muito eficaz para voc\u00ea, tanto em casa quanto profissionalmente.<\/p><h3><strong>Descubra o poder da limpeza impec\u00e1vel com nossos detergentes de qualidade superior!<\/strong><\/h3><p>Voc\u00ea est\u00e1 procurando solu\u00e7\u00f5es de limpeza eficientes e ecologicamente corretas? N\u00e3o procure mais! Transforme a tarefa di\u00e1ria de limpeza em uma experi\u00eancia f\u00e1cil e eficaz.<\/p><\/div>\t\t\t\t\t\t\t\t<\/div>\n\t\t\t\t<\/div>\n\t\t\t\t<div class=\"elementor-element elementor-element-e02489f elementor-widget elementor-widget-button\" data-id=\"e02489f\" data-element_type=\"widget\" data-e-type=\"widget\" data-widget_type=\"button.default\">\n\t\t\t\t<div class=\"elementor-widget-container\">\n\t\t\t\t\t\t\t\t\t<div class=\"elementor-button-wrapper\">\n\t\t\t\t\t<a class=\"elementor-button elementor-button-link elementor-size-sm\" href=\"\/pt\/contato\/\">\n\t\t\t\t\t\t<span class=\"elementor-button-content-wrapper\">\n\t\t\t\t\t\t\t\t\t<span class=\"elementor-button-text\">Contate-nos<\/span>\n\t\t\t\t\t<\/span>\n\t\t\t\t\t<\/a>\n\t\t\t\t<\/div>\n\t\t\t\t\t\t\t\t<\/div>\n\t\t\t\t<\/div>\n\t\t\t\t<div class=\"elementor-element elementor-element-69a3b74 elementor-widget elementor-widget-text-editor\" data-id=\"69a3b74\" data-element_type=\"widget\" data-e-type=\"widget\" data-widget_type=\"text-editor.default\">\n\t\t\t\t<div class=\"elementor-widget-container\">\n\t\t\t\t\t\t\t\t\t<p>Na Dermo oferecemos uma linha de desinfetantes de alt\u00edssima qualidade, com a qual voc\u00ea tamb\u00e9m contar\u00e1 com produtos fungicidas e bactericidas e que possuem o registro HA, ou seja, preparados para a higiene alimentar. S\u00e3o produtos de limpeza profissionais testados e altamente eficazes para atuar em superf\u00edcies sujas, limpando-as e desinfetando-as em uma \u00fanica opera\u00e7\u00e3o, tornando o trabalho muito mais f\u00e1cil e eficaz e oferecendo uma \u00f3tima desinfec\u00e7\u00e3o, segura e duradoura, para obter um efeito mais duradouro em um tempo de exposi\u00e7\u00e3o reduzido.<\/p><p>Para solicitar mais informa\u00e7\u00f5es sobre qualquer\u00a0<strong>desinfetante<\/strong>\u00a0de\u00a0<strong>superf\u00edcies<\/strong>, n\u00e3o hesite em nos contactar preenchendo o formul\u00e1rio de contacto com os seus dados e a sua quest\u00e3o, enviando um email para\u00a0<a href=\"mailto:dermo@dermo.com\">dermo@dermo.com<\/a>\u00a0ou ligando para 937 13 35 00.<\/p>\t\t\t\t\t\t\t\t<\/div>\n\t\t\t\t<\/div>\n\t\t\t\t\t<\/div>\n\t\t<\/div>\n\t\t\t\t\t<\/div>\n\t\t<\/section>\n\t\t\t\t<section class=\"elementor-section elementor-top-section elementor-element elementor-element-095470b elementor-section-full_width elementor-section-height-default elementor-section-height-default elementor-invisible\" data-id=\"095470b\" data-element_type=\"section\" data-e-type=\"section\" data-settings=\"{&quot;animation&quot;:&quot;slideInUp&quot;}\">\n\t\t\t\t\t\t<div class=\"elementor-container elementor-column-gap-default\">\n\t\t\t\t\t<div class=\"elementor-column elementor-col-100 elementor-top-column elementor-element elementor-element-4c6a34f\" data-id=\"4c6a34f\" data-element_type=\"column\" data-e-type=\"column\">\n\t\t\t<div class=\"elementor-widget-wrap elementor-element-populated\">\n\t\t\t\t\t\t<div class=\"elementor-element elementor-element-7f4c627 elementor-widget elementor-widget-google_maps\" data-id=\"7f4c627\" data-element_type=\"widget\" data-e-type=\"widget\" data-widget_type=\"google_maps.default\">\n\t\t\t\t<div class=\"elementor-widget-container\">\n\t\t\t\t\t\t\t<div class=\"elementor-custom-embed\">\n\t\t\t<iframe loading=\"lazy\"\n\t\t\t\t\tsrc=\"https:\/\/maps.google.com\/maps?q=C%2F%20Pintor%20Joan%20Miro%2C%2016.%20Pol.%20Ind.%20Can%20Humet%20de%20Dalt%2C%2008213%20Poliny%C3%A0.%20Barcelona&#038;t=m&#038;z=15&#038;output=embed&#038;iwloc=near\"\n\t\t\t\t\ttitle=\"C\/ Pintor Joan Miro, 16. Pol. Ind. Can Humet de Dalt, 08213 Poliny\u00e0. Barcelona\"\n\t\t\t\t\taria-label=\"C\/ Pintor Joan Miro, 16. Pol. Ind. Can Humet de Dalt, 08213 Poliny\u00e0. Barcelona\"\n\t\t\t><\/iframe>\n\t\t<\/div>\n\t\t\t\t\t\t<\/div>\n\t\t\t\t<\/div>\n\t\t\t\t\t<\/div>\n\t\t<\/div>\n\t\t\t\t\t<\/div>\n\t\t<\/section>\n\t\t\t\t<\/div>","protected":false},"excerpt":{"rendered":"<p>Desinfetante de Superf\u00edcies Na Dermo, somos especializados na fabrica\u00e7\u00e3o e desenvolvimento de todos os tipos de produtos de limpeza profissional. Com mais de 30 anos de experi\u00eancia neste setor, podemos oferecer as mais altas garantias de qualidade para cada um dos nossos produtos, incluindo o nosso desinfetante de superf\u00edcies. Os desinfetantes que oferecemos na Dermo s\u00e3o projetados n\u00e3o apenas para\u2026&nbsp;<a href=\"https:\/\/dermo.com\/pt\/desinfetante-de-superficie-2\/\" rel=\"bookmark\">Ler mais \u00bb<span class=\"screen-reader-text\">Desinfetante de superf\u00edcie<\/span><\/a><\/p>","protected":false},"author":2,"featured_media":0,"parent":0,"menu_order":0,"comment_status":"closed","ping_status":"closed","template":"page-templates\/template-pagebuilder-full-width.php","meta":{"neve_meta_sidebar":"","neve_meta_container":"","neve_meta_enable_content_width":"","neve_meta_content_width":0,"neve_meta_title_alignment":"","neve_meta_author_avatar":"","neve_post_elements_order":"","neve_meta_disable_header":"","neve_meta_disable_footer":"","neve_meta_disable_title":"","footnotes":""},"class_list":["post-12717","page","type-page","status-publish","hentry"],"yoast_head":"<!-- This site is optimized with the Yoast SEO plugin v27.0 - https:\/\/yoast.com\/product\/yoast-seo-wordpress\/ -->\n<title>Desinfectante superficies - Dermo | F\u00e1brica de detergentes<\/title>\n<meta name=\"robots\" content=\"index, follow, max-snippet:-1, max-image-preview:large, max-video-preview:-1\" \/>\n<link rel=\"canonical\" href=\"https:\/\/dermo.com\/pt\/desinfetante-de-superficie-2\/\" \/>\n<meta property=\"og:locale\" content=\"pt_PT\" \/>\n<meta property=\"og:type\" content=\"article\" \/>\n<meta property=\"og:title\" content=\"Desinfectante superficies - Dermo | F\u00e1brica de detergentes\" \/>\n<meta property=\"og:description\" content=\"Desinfectante superficies\u00a0 En Dermo somos especialistas en la fabricaci\u00f3n y desarrollo de todo tipo de productos de limpieza profesionales y tras m\u00e1s de 30 a\u00f1os dedic\u00e1ndonos a este sector, podemos ofrecerte las m\u00e1ximas garant\u00edas en cada uno de nuestros productos, como es el\u00a0desinfectante\u00a0para\u00a0superficies. Los desinfectantes que te ofrecemos en Dermo est\u00e1n preparado no s\u00f3lo para&hellip;&nbsp;Ler mais &raquo;Desinfectante superficies\" \/>\n<meta property=\"og:url\" content=\"https:\/\/dermo.com\/pt\/desinfetante-de-superficie-2\/\" \/>\n<meta property=\"og:site_name\" content=\"Dermo | F\u00e1brica de detergentes\" \/>\n<meta property=\"article:modified_time\" content=\"2025-02-19T10:33:21+00:00\" \/>\n<meta property=\"og:image\" content=\"https:\/\/dermo.com\/wp-content\/uploads\/2025\/01\/Diseno-sin-titulo-2-1-1024x576.jpg\" \/>\n<meta name=\"twitter:card\" content=\"summary_large_image\" \/>\n<meta name=\"twitter:label1\" content=\"Tempo estimado de leitura\" \/>\n\t<meta name=\"twitter:data1\" content=\"3 minutos\" \/>\n<script type=\"application\/ld+json\" class=\"yoast-schema-graph\">{\"@context\":\"https:\/\/schema.org\",\"@graph\":[{\"@type\":\"WebPage\",\"@id\":\"https:\/\/dermo.com\/desinfectante-superficies-2\/\",\"url\":\"https:\/\/dermo.com\/desinfectante-superficies-2\/\",\"name\":\"Desinfectante superficies - Dermo | F\u00e1brica de detergentes\",\"isPartOf\":{\"@id\":\"https:\/\/dermo.com\/#website\"},\"primaryImageOfPage\":{\"@id\":\"https:\/\/dermo.com\/desinfectante-superficies-2\/#primaryimage\"},\"image\":{\"@id\":\"https:\/\/dermo.com\/desinfectante-superficies-2\/#primaryimage\"},\"thumbnailUrl\":\"https:\/\/dermo.com\/wp-content\/uploads\/2025\/01\/Diseno-sin-titulo-2-1-1024x576.jpg\",\"datePublished\":\"2025-01-31T08:42:12+00:00\",\"dateModified\":\"2025-02-19T10:33:21+00:00\",\"breadcrumb\":{\"@id\":\"https:\/\/dermo.com\/desinfectante-superficies-2\/#breadcrumb\"},\"inLanguage\":\"pt-PT\",\"potentialAction\":[{\"@type\":\"ReadAction\",\"target\":[\"https:\/\/dermo.com\/desinfectante-superficies-2\/\"]}]},{\"@type\":\"ImageObject\",\"inLanguage\":\"pt-PT\",\"@id\":\"https:\/\/dermo.com\/desinfectante-superficies-2\/#primaryimage\",\"url\":\"https:\/\/dermo.com\/wp-content\/uploads\/2025\/01\/Diseno-sin-titulo-2-1-1024x576.jpg\",\"contentUrl\":\"https:\/\/dermo.com\/wp-content\/uploads\/2025\/01\/Diseno-sin-titulo-2-1-1024x576.jpg\"},{\"@type\":\"BreadcrumbList\",\"@id\":\"https:\/\/dermo.com\/desinfectante-superficies-2\/#breadcrumb\",\"itemListElement\":[{\"@type\":\"ListItem\",\"position\":1,\"name\":\"Portada\",\"item\":\"https:\/\/dermo.com\/\"},{\"@type\":\"ListItem\",\"position\":2,\"name\":\"Desinfectante superficies\"}]},{\"@type\":\"WebSite\",\"@id\":\"https:\/\/dermo.com\/#website\",\"url\":\"https:\/\/dermo.com\/\",\"name\":\"Dermo | F\u00e1brica de detergentes\",\"description\":\"Tecnolog\u00eda avanzada, investigaci\u00f3n y desarrollo, respeto por el medio ambiente, competencia, formaci\u00f3n constante y alto nivel de profesionalidad en nuestro equipo humano, empe\u00f1ado en preservar la calidad de vida, la protecci\u00f3n del entorno natural contin\u00faan motiv\u00e1ndonos para desarrollar en nuestros laboratorios nuevos productos con ingredientes activos altamente biodegradables que hacen posible un desarrollo sostenible.\",\"potentialAction\":[{\"@type\":\"SearchAction\",\"target\":{\"@type\":\"EntryPoint\",\"urlTemplate\":\"https:\/\/dermo.com\/?s={search_term_string}\"},\"query-input\":{\"@type\":\"PropertyValueSpecification\",\"valueRequired\":true,\"valueName\":\"search_term_string\"}}],\"inLanguage\":\"pt-PT\"}]}<\/script>\n<!-- \/ Yoast SEO plugin. -->","yoast_head_json":{"title":"Desinfetante de superf\u00edcies - Dermo | F\u00e1brica de detergentes","robots":{"index":"index","follow":"follow","max-snippet":"max-snippet:-1","max-image-preview":"max-image-preview:large","max-video-preview":"max-video-preview:-1"},"canonical":"https:\/\/dermo.com\/pt\/desinfetante-de-superficie-2\/","og_locale":"pt_PT","og_type":"article","og_title":"Desinfectante superficies - Dermo | F\u00e1brica de detergentes","og_description":"Desinfectante superficies\u00a0 En Dermo somos especialistas en la fabricaci\u00f3n y desarrollo de todo tipo de productos de limpieza profesionales y tras m\u00e1s de 30 a\u00f1os dedic\u00e1ndonos a este sector, podemos ofrecerte las m\u00e1ximas garant\u00edas en cada uno de nuestros productos, como es el\u00a0desinfectante\u00a0para\u00a0superficies. Los desinfectantes que te ofrecemos en Dermo est\u00e1n preparado no s\u00f3lo para&hellip;&nbsp;Ler mais &raquo;Desinfectante superficies","og_url":"https:\/\/dermo.com\/pt\/desinfetante-de-superficie-2\/","og_site_name":"Dermo | F\u00e1brica de detergentes","article_modified_time":"2025-02-19T10:33:21+00:00","og_image":[{"url":"https:\/\/dermo.com\/wp-content\/uploads\/2025\/01\/Diseno-sin-titulo-2-1-1024x576.jpg","type":"","width":"","height":""}],"twitter_card":"summary_large_image","twitter_misc":{"Tempo estimado de leitura":"3 minutos"},"schema":{"@context":"https:\/\/schema.org","@graph":[{"@type":"WebPage","@id":"https:\/\/dermo.com\/desinfectante-superficies-2\/","url":"https:\/\/dermo.com\/desinfectante-superficies-2\/","name":"Desinfetante de superf\u00edcies - Dermo | F\u00e1brica de detergentes","isPartOf":{"@id":"https:\/\/dermo.com\/#website"},"primaryImageOfPage":{"@id":"https:\/\/dermo.com\/desinfectante-superficies-2\/#primaryimage"},"image":{"@id":"https:\/\/dermo.com\/desinfectante-superficies-2\/#primaryimage"},"thumbnailUrl":"https:\/\/dermo.com\/wp-content\/uploads\/2025\/01\/Diseno-sin-titulo-2-1-1024x576.jpg","datePublished":"2025-01-31T08:42:12+00:00","dateModified":"2025-02-19T10:33:21+00:00","breadcrumb":{"@id":"https:\/\/dermo.com\/desinfectante-superficies-2\/#breadcrumb"},"inLanguage":"pt-PT","potentialAction":[{"@type":"ReadAction","target":["https:\/\/dermo.com\/desinfectante-superficies-2\/"]}]},{"@type":"ImageObject","inLanguage":"pt-PT","@id":"https:\/\/dermo.com\/desinfectante-superficies-2\/#primaryimage","url":"https:\/\/dermo.com\/wp-content\/uploads\/2025\/01\/Diseno-sin-titulo-2-1-1024x576.jpg","contentUrl":"https:\/\/dermo.com\/wp-content\/uploads\/2025\/01\/Diseno-sin-titulo-2-1-1024x576.jpg"},{"@type":"BreadcrumbList","@id":"https:\/\/dermo.com\/desinfectante-superficies-2\/#breadcrumb","itemListElement":[{"@type":"ListItem","position":1,"name":"Portada","item":"https:\/\/dermo.com\/"},{"@type":"ListItem","position":2,"name":"Desinfectante superficies"}]},{"@type":"WebSite","@id":"https:\/\/dermo.com\/#website","url":"https:\/\/dermo.com\/","name":"Dermo | f\u00e1brica de detergentes","description":"A tecnologia avan\u00e7ada, a investiga\u00e7\u00e3o e desenvolvimento, o respeito pelo ambiente, a compet\u00eancia, a forma\u00e7\u00e3o constante e o elevado n\u00edvel de profissionalismo da nossa equipa humana, comprometida com a preserva\u00e7\u00e3o da qualidade de vida, a protec\u00e7\u00e3o do ambiente natural continuam a motivar-nos a desenvolver novos produtos nos nossos laborat\u00f3rios com princ\u00edpios ativos altamente biodegrad\u00e1veis que possibilitam o desenvolvimento sustent\u00e1vel.","potentialAction":[{"@type":"SearchAction","target":{"@type":"EntryPoint","urlTemplate":"https:\/\/dermo.com\/?s={search_term_string}"},"query-input":{"@type":"PropertyValueSpecification","valueRequired":true,"valueName":"search_term_string"}}],"inLanguage":"pt-PT"}]}},"_links":{"self":[{"href":"https:\/\/dermo.com\/pt\/wp-json\/wp\/v2\/pages\/12717","targetHints":{"allow":["GET"]}}],"collection":[{"href":"https:\/\/dermo.com\/pt\/wp-json\/wp\/v2\/pages"}],"about":[{"href":"https:\/\/dermo.com\/pt\/wp-json\/wp\/v2\/types\/page"}],"author":[{"embeddable":true,"href":"https:\/\/dermo.com\/pt\/wp-json\/wp\/v2\/users\/2"}],"replies":[{"embeddable":true,"href":"https:\/\/dermo.com\/pt\/wp-json\/wp\/v2\/comments?post=12717"}],"version-history":[{"count":10,"href":"https:\/\/dermo.com\/pt\/wp-json\/wp\/v2\/pages\/12717\/revisions"}],"predecessor-version":[{"id":13407,"href":"https:\/\/dermo.com\/pt\/wp-json\/wp\/v2\/pages\/12717\/revisions\/13407"}],"wp:attachment":[{"href":"https:\/\/dermo.com\/pt\/wp-json\/wp\/v2\/media?parent=12717"}],"curies":[{"name":"wp","href":"https:\/\/api.w.org\/{rel}","templated":true}]}}