{"id":12750,"date":"2025-01-31T10:15:42","date_gmt":"2025-01-31T09:15:42","guid":{"rendered":"https:\/\/dermo.com\/?page_id=12750"},"modified":"2025-02-19T11:40:11","modified_gmt":"2025-02-19T10:40:11","slug":"detergentes-descalcificantes-2","status":"publish","type":"page","link":"https:\/\/dermo.com\/pt\/detergentes-descalcificantes-2\/","title":{"rendered":"Detergentes descalcificantes"},"content":{"rendered":"<div data-elementor-type=\"wp-page\" data-elementor-id=\"12750\" class=\"elementor elementor-12750\" data-elementor-post-type=\"page\">\n\t\t\t\t\t\t<section class=\"elementor-section elementor-top-section elementor-element elementor-element-a02683f elementor-section-boxed elementor-section-height-default elementor-section-height-default\" data-id=\"a02683f\" data-element_type=\"section\" data-e-type=\"section\" data-settings=\"{&quot;background_background&quot;:&quot;classic&quot;}\">\n\t\t\t\t\t\t\t<div class=\"elementor-background-overlay\"><\/div>\n\t\t\t\t\t\t\t<div class=\"elementor-container elementor-column-gap-default\">\n\t\t\t\t\t<div class=\"elementor-column elementor-col-100 elementor-top-column elementor-element elementor-element-f99dbff\" data-id=\"f99dbff\" data-element_type=\"column\" data-e-type=\"column\">\n\t\t\t<div class=\"elementor-widget-wrap elementor-element-populated\">\n\t\t\t\t\t\t\t<\/div>\n\t\t<\/div>\n\t\t\t\t\t<\/div>\n\t\t<\/section>\n\t\t\t\t<section class=\"elementor-section elementor-top-section elementor-element elementor-element-233ad3a4 elementor-section-boxed elementor-section-height-default elementor-section-height-default\" data-id=\"233ad3a4\" data-element_type=\"section\" data-e-type=\"section\">\n\t\t\t\t\t\t<div class=\"elementor-container elementor-column-gap-default\">\n\t\t\t\t\t<div class=\"elementor-column elementor-col-100 elementor-top-column elementor-element elementor-element-3244e578\" data-id=\"3244e578\" data-element_type=\"column\" data-e-type=\"column\">\n\t\t\t<div class=\"elementor-widget-wrap elementor-element-populated\">\n\t\t\t\t\t\t<section class=\"elementor-section elementor-inner-section elementor-element elementor-element-1a7040c2 elementor-section-content-middle elementor-section-boxed elementor-section-height-default elementor-section-height-default\" data-id=\"1a7040c2\" data-element_type=\"section\" data-e-type=\"section\">\n\t\t\t\t\t\t<div class=\"elementor-container elementor-column-gap-default\">\n\t\t\t\t\t<div class=\"elementor-column elementor-col-50 elementor-inner-column elementor-element elementor-element-58338543\" data-id=\"58338543\" data-element_type=\"column\" data-e-type=\"column\">\n\t\t\t<div class=\"elementor-widget-wrap elementor-element-populated\">\n\t\t\t\t\t\t<div class=\"elementor-element elementor-element-464b2e11 elementor-widget elementor-widget-text-editor\" data-id=\"464b2e11\" data-element_type=\"widget\" data-e-type=\"widget\" data-widget_type=\"text-editor.default\">\n\t\t\t\t<div class=\"elementor-widget-container\">\n\t\t\t\t\t\t\t\t\t<h2>Dermo: F\u00e1brica de detergentes desincrustantes<\/h2><p><strong>Dermo<\/strong>\u00a0\u00c9 uma empresa que fabrica e fornece produtos de limpeza, tais como:\u00a0<strong>detergentes descalcificantes<\/strong>, que limpam superf\u00edcies completamente. O\u00a0<strong>detergentes descalcificantes<\/strong>\u00a0que fabricamos em\u00a0<strong>Dermo<\/strong>\u00a0Eles eliminam todo tipo de res\u00edduo calc\u00e1rio em qualquer tipo de superf\u00edcie, seja pisos, pias, m\u00e1quinas de lavar lou\u00e7a e roupa, serpentinas ou resist\u00eancias. O\u00a0<strong>detergentes descalcificantes<\/strong>\u00a0de\u00a0<strong>Dermo<\/strong>\u00a0Eles conseguem prolongar a vida \u00fatil da m\u00e1quina e evitar poss\u00edveis encanamentos.<\/p><p>Em\u00a0<strong>Dermo<\/strong>, provedor de\u00a0<strong>detergentes descalcificantes<\/strong>Oferecemos produtos biodegrad\u00e1veis em 90%, sem fosfatos ou solventes, porque queremos contribuir para a conscientiza\u00e7\u00e3o ambiental e produzir de forma sustent\u00e1vel. \u00c9 por isso que voc\u00ea tamb\u00e9m pode encontrar produtos org\u00e2nicos em nossa linha chamada Naturgreen.<\/p>\t\t\t\t\t\t\t\t<\/div>\n\t\t\t\t<\/div>\n\t\t\t\t\t<\/div>\n\t\t<\/div>\n\t\t\t\t<div class=\"elementor-column elementor-col-50 elementor-inner-column elementor-element elementor-element-15b4f01 elementor-invisible\" data-id=\"15b4f01\" data-element_type=\"column\" data-e-type=\"column\" data-settings=\"{&quot;animation&quot;:&quot;bounceInRight&quot;}\">\n\t\t\t<div class=\"elementor-widget-wrap elementor-element-populated\">\n\t\t\t\t\t\t<div class=\"elementor-element elementor-element-dce6662 elementor-widget elementor-widget-elementskit-contact-form7\" data-id=\"dce6662\" data-element_type=\"widget\" data-e-type=\"widget\" data-widget_type=\"elementskit-contact-form7.default\">\n\t\t\t\t<div class=\"elementor-widget-container\">\n\t\t\t\t\t<div class=\"ekit-wid-con\" ><div class=\"ekit-form\">\n<div class=\"wpcf7 no-js\" id=\"wpcf7-f13292-p12750-o1\" lang=\"es-ES\" dir=\"ltr\" data-wpcf7-id=\"13292\">\n<div class=\"screen-reader-response\"><p role=\"status\" aria-live=\"polite\" aria-atomic=\"true\"><\/p> <ul><\/ul><\/div>\n<form action=\"\/pt\/detergentes-descalcificantes-2\/#wpcf7-f13292-p12750-o1\" method=\"post\" class=\"wpcf7-form init\" aria-label=\"Formulario de contacto\" novalidate=\"novalidate\" data-status=\"init\" data-no-translation-aria-label=\"\" data-trp-original-action=\"\/en\/detergentes-desincrustantes-2\/#wpcf7-f13292-p12750-o1\">\n<fieldset class=\"hidden-fields-container\"><input type=\"hidden\" name=\"_wpcf7\" value=\"13292\" \/><input type=\"hidden\" name=\"_wpcf7_version\" value=\"6.1.5\" \/><input type=\"hidden\" name=\"_wpcf7_locale\" value=\"es_ES\" \/><input type=\"hidden\" name=\"_wpcf7_unit_tag\" value=\"wpcf7-f13292-p12750-o1\" \/><input type=\"hidden\" name=\"_wpcf7_container_post\" value=\"12750\" \/><input type=\"hidden\" name=\"_wpcf7_posted_data_hash\" value=\"\" \/><input type=\"hidden\" name=\"_wpcf7_recaptcha_response\" value=\"\" \/>\n<\/fieldset>\n<div style=\"display: flex; gap: 10px;\">\n\t<div style=\"width: 50%;\">\n\t\t<p><span class=\"wpcf7-form-control-wrap\" data-name=\"your-name\"><input size=\"40\" maxlength=\"400\" class=\"wpcf7-form-control wpcf7-text wpcf7-validates-as-required\" aria-required=\"true\" aria-invalid=\"false\" placeholder=\"Nome\" value=\"\" type=\"text\" name=\"your-name\" \/><\/span>\n\t\t<\/p>\n\t<\/div>\n\t<div style=\"width: 50%;\">\n\t\t<p><span class=\"wpcf7-form-control-wrap\" data-name=\"your-phone\"><input size=\"40\" maxlength=\"400\" class=\"wpcf7-form-control wpcf7-tel wpcf7-validates-as-required wpcf7-text wpcf7-validates-as-tel\" aria-required=\"true\" aria-invalid=\"false\" placeholder=\"Telefone\" value=\"\" type=\"tel\" name=\"your-phone\" \/><\/span>\n\t\t<\/p>\n\t<\/div>\n<\/div>\n<p><span class=\"wpcf7-form-control-wrap\" data-name=\"your-email\"><input size=\"40\" maxlength=\"400\" class=\"wpcf7-form-control wpcf7-email wpcf7-validates-as-required wpcf7-text wpcf7-validates-as-email\" aria-required=\"true\" aria-invalid=\"false\" placeholder=\"E-mail\" value=\"\" type=\"email\" name=\"your-email\" \/><\/span>\n<\/p>\n<div style=\"display: flex; gap: 10px;\">\n\t<div style=\"width: 50%;\">\n\t\t<p><span class=\"wpcf7-form-control-wrap\" data-name=\"your-country\"><input size=\"40\" maxlength=\"400\" class=\"wpcf7-form-control wpcf7-text wpcf7-validates-as-required\" aria-required=\"true\" aria-invalid=\"false\" placeholder=\"Pa\u00eds\" value=\"\" type=\"text\" name=\"your-country\" \/><\/span>\n\t\t<\/p>\n\t<\/div>\n\t<div style=\"width: 50%;\">\n\t\t<p><span class=\"wpcf7-form-control-wrap\" data-name=\"your-city\"><input size=\"40\" maxlength=\"400\" class=\"wpcf7-form-control wpcf7-text wpcf7-validates-as-required\" aria-required=\"true\" aria-invalid=\"false\" placeholder=\"Popula\u00e7\u00e3o\" value=\"\" type=\"text\" name=\"your-city\" \/><\/span>\n\t\t<\/p>\n\t<\/div>\n<\/div>\n<p><span class=\"wpcf7-form-control-wrap\" data-name=\"your-subject\"><select class=\"wpcf7-form-control wpcf7-select\" aria-invalid=\"false\" name=\"your-subject\"><option value=\"Quiero ser distribuidor\">Quero ser um distribuidor<\/option><option value=\"Presupuesto\">Or\u00e7amento<\/option><option value=\"Consulta\">Consulta<\/option><option value=\"Sugerencia\">Sugest\u00e3o<\/option><option value=\"Otros\">Outros<\/option><\/select><\/span>\n<\/p>\n<p><span class=\"wpcf7-form-control-wrap\" data-name=\"your-message\"><textarea cols=\"40\" rows=\"10\" maxlength=\"2000\" class=\"wpcf7-form-control wpcf7-textarea\" aria-invalid=\"false\" placeholder=\"Mensagem ou consulta\" name=\"your-message\"><\/textarea><\/span>\n<\/p>\n<div style=\"display: flex; align-items: center; gap: 10px;\">\n\t<p><span class=\"wpcf7-form-control-wrap\" data-name=\"privacy-policy\"><span class=\"wpcf7-form-control wpcf7-acceptance\"><span class=\"wpcf7-list-item\"><input type=\"checkbox\" name=\"privacy-policy\" value=\"1\" aria-invalid=\"false\" \/><\/span><\/span><\/span><label for=\"privacy-policy\" style=\"margin-left: 5px;\">Li e aceito a pol\u00edtica de privacidade.<\/label>\n\t<\/p>\n<\/div>\n<div style=\"display: flex; align-items: center; gap: 10px;\">\n\t<p><span class=\"wpcf7-form-control-wrap\" data-name=\"send-info\"><span class=\"wpcf7-form-control wpcf7-acceptance\"><span class=\"wpcf7-list-item\"><input type=\"checkbox\" name=\"send-info\" value=\"1\" aria-invalid=\"false\" \/><\/span><\/span><\/span><label for=\"send-info\" style=\"margin-left: 5px;\">Concordo em receber informa\u00e7\u00f5es.<\/label>\n\t<\/p>\n<\/div>\n<p><input class=\"wpcf7-form-control wpcf7-submit has-spinner\" type=\"submit\" value=\"Enviar\" \/>\n<\/p><div class=\"wpcf7-response-output\" aria-hidden=\"true\"><\/div>\n<input type=\"hidden\" name=\"trp-form-language\" value=\"pt\"\/><\/form>\n<\/div>\n<\/div><\/div>\t\t\t\t<\/div>\n\t\t\t\t<\/div>\n\t\t\t\t\t<\/div>\n\t\t<\/div>\n\t\t\t\t\t<\/div>\n\t\t<\/section>\n\t\t\t\t<div class=\"elementor-element elementor-element-615d68f elementor-widget elementor-widget-text-editor\" data-id=\"615d68f\" data-element_type=\"widget\" data-e-type=\"widget\" data-widget_type=\"text-editor.default\">\n\t\t\t\t<div class=\"elementor-widget-container\">\n\t\t\t\t\t\t\t\t\t<div id=\"lipsum\"><p>O\u00a0<strong>detergentes descalcificantes<\/strong>\u00a0que temos em\u00a0<strong>Dermo<\/strong>\u00a0S\u00e3o produtos concentrados e muito eficientes, que permitem utilizar pouca quantidade de produto, obtendo resultados realmente surpreendentes. Ter\u00a0<strong>detergentes descalcificantes<\/strong>\u00a0espec\u00edficas para cada caso, tanto a n\u00edvel industrial como dom\u00e9stico. A seguir explicamos as caracter\u00edsticas de cada um dos\u00a0<strong>detergentes descalcificantes<\/strong>\u00a0que temos em\u00a0<strong>Dermo<\/strong>.<\/p><p>Um deles \u00e9 o\u00a0<strong>Detergente descalcificante Cleanot Descal<\/strong>;\u00a0<strong>Detergente\u00a0<\/strong>higienizador para limpeza e\u00a0<strong>design<\/strong><strong>tutoria<\/strong>\u00a0das \u00e1reas dos banheiros. Pode ser usado na maioria das superf\u00edcies sem nenhum risco, por\u00e9m, em m\u00e1rmore, alum\u00ednio e cromo \u00e9 aconselh\u00e1vel enxaguar abundantemente, para que a superf\u00edcie fique completamente limpa e livre de res\u00edduos de produto. Ele\u00a0<strong>Detergente descalcificante Cleanot Descal<\/strong>\u00a0de\u00a0<strong>Dermo<\/strong>\u00a0Ele tamb\u00e9m \u00e9 projetado para circuitos de \u00e1gua quente ou fria, lava-lou\u00e7as, m\u00e1quinas de lavar roupa, etc. Ele\u00a0<strong>Detergente descalcificante Cleanot Descal\u00a0<\/strong>de<strong>\u00a0Dermo<\/strong>\u00a0Deve ser pulverizado e deixado agir por 3 minutos e depois enxaguado. Em superf\u00edcies com incrusta\u00e7\u00f5es tamb\u00e9m devemos pulverizar, esfregar com uma escova macia e depois enxaguar.<\/p><p>Por outro lado, temos o\u00a0<strong>detergente descalcificante<\/strong>\u00a0<strong>WC limpo\u00a0<\/strong>de<strong>\u00a0Dermo;\u00a0<\/strong>Gel de limpeza\u00a0<strong>descalcificador<\/strong>\u00a0para vasos sanit\u00e1rios, que remove res\u00edduos de calc\u00e1rio e sujeira acumulada, deixando a superf\u00edcie impec\u00e1vel. Ele\u00a0<strong>Detergente descalcificante Cleanot WC<\/strong>\u00a0de\u00a0<strong>Dermo<\/strong>\u00a0\u00c9 muito eficaz na remo\u00e7\u00e3o de manchas de ferrugem de vasos sanit\u00e1rios, azulejos e torneiras. Bem como para descalcificar circuitos de \u00e1gua quente ou fria em m\u00e1quinas de lavar lou\u00e7a, m\u00e1quinas de lavar roupa, etc.  Devido \u00e0 sua viscosidade, pode ser aplicado diretamente dentro do vaso sanit\u00e1rio. Como n\u00e3o se mistura com \u00e1gua, \u00e9 um\u00a0<strong>detergente descalcificante<\/strong>\u00a0muito eficaz. \u00c9 um produto de limpeza e higieniza\u00e7\u00e3o.\u00a0<strong>Dermo<\/strong>\u00a0que elimina res\u00edduos e maus odores do vaso sanit\u00e1rio.<\/p><p>\u00a0<\/p><p>Em\u00a0<strong>Dermo<\/strong>N\u00f3s tamb\u00e9m temos\u00a0<strong>detergentes descalcificantes<\/strong>\u00a0tipo industrial como\u00a0<strong>Descalcificador Limcal<\/strong>, um produto que \u00e9 utilizado tanto para remover restos de cimento e res\u00edduos de um canteiro de obras, como tamb\u00e9m para\u00a0<strong>escala<\/strong>\u00a0em m\u00e1quinas de lavar lou\u00e7a industriais.\u00a0<strong>Limcal\u00a0<\/strong>\u00e9 um\u00a0<strong>detergente descalcificante<\/strong>, para circuitos de \u00e1gua quente ou fria de m\u00e1quinas de lavar lou\u00e7a, m\u00e1quinas de lavar roupa, etc. Dissolve\u00a0<strong>escala<\/strong>\u00a0de cal e ferrugem. V\u00e1lido para limpeza ap\u00f3s obras e piscinas (res\u00edduos de cimento, sujeira ambiental, salitre, ferrugem, cal) e como limpador de juntas de ladrilhos.<\/p><p>Al\u00e9m do\u00a0<strong>detergentes descalcificantes<\/strong>\u00a0l\u00edquidos, em\u00a0<strong>Dermo<\/strong>\u00a0Tamb\u00e9m temos outros formatos de\u00a0<strong>agentes descalcificantes<\/strong>\u00a0como os comprimidos LIMCAL TABS, que s\u00e3o focados no cuidado interno de m\u00e1quinas de lavar roupa e lava-lou\u00e7as dom\u00e9sticas.<\/p><\/div>\t\t\t\t\t\t\t\t<\/div>\n\t\t\t\t<\/div>\n\t\t\t\t\t<\/div>\n\t\t<\/div>\n\t\t\t\t\t<\/div>\n\t\t<\/section>\n\t\t\t\t<section class=\"elementor-section elementor-top-section elementor-element elementor-element-484f41e elementor-section-full_width elementor-section-height-default elementor-section-height-default elementor-invisible\" data-id=\"484f41e\" data-element_type=\"section\" data-e-type=\"section\" data-settings=\"{&quot;animation&quot;:&quot;slideInUp&quot;}\">\n\t\t\t\t\t\t<div class=\"elementor-container elementor-column-gap-default\">\n\t\t\t\t\t<div class=\"elementor-column elementor-col-100 elementor-top-column elementor-element elementor-element-19948363\" data-id=\"19948363\" data-element_type=\"column\" data-e-type=\"column\">\n\t\t\t<div class=\"elementor-widget-wrap elementor-element-populated\">\n\t\t\t\t\t\t<div class=\"elementor-element elementor-element-339044a4 elementor-widget elementor-widget-google_maps\" data-id=\"339044a4\" data-element_type=\"widget\" data-e-type=\"widget\" data-widget_type=\"google_maps.default\">\n\t\t\t\t<div class=\"elementor-widget-container\">\n\t\t\t\t\t\t\t<div class=\"elementor-custom-embed\">\n\t\t\t<iframe loading=\"lazy\"\n\t\t\t\t\tsrc=\"https:\/\/maps.google.com\/maps?q=C%2F%20Pintor%20Joan%20Miro%2C%2016.%20Pol.%20Ind.%20Can%20Humet%20de%20Dalt%2C%2008213%20Poliny%C3%A0.%20Barcelona&#038;t=m&#038;z=15&#038;output=embed&#038;iwloc=near\"\n\t\t\t\t\ttitle=\"C\/ Pintor Joan Miro, 16. Pol. Ind. Can Humet de Dalt, 08213 Poliny\u00e0. Barcelona\"\n\t\t\t\t\taria-label=\"C\/ Pintor Joan Miro, 16. Pol. Ind. Can Humet de Dalt, 08213 Poliny\u00e0. Barcelona\"\n\t\t\t><\/iframe>\n\t\t<\/div>\n\t\t\t\t\t\t<\/div>\n\t\t\t\t<\/div>\n\t\t\t\t\t<\/div>\n\t\t<\/div>\n\t\t\t\t\t<\/div>\n\t\t<\/section>\n\t\t\t\t<\/div>","protected":false},"excerpt":{"rendered":"<p>Dermo: F\u00e1brica de Detergentes Desincrustantes. A Dermo \u00e9 fabricante e fornecedora de produtos de limpeza, como detergentes desincrustantes, que limpam superf\u00edcies profundamente. Os detergentes desincrustantes que fabricamos na Dermo eliminam todos os tipos de res\u00edduos de calc\u00e1rio em qualquer superf\u00edcie, sejam pisos, pias, lava-lou\u00e7as e m\u00e1quinas de lavar roupa, serpentinas ou...&nbsp;<a href=\"https:\/\/dermo.com\/pt\/detergentes-descalcificantes-2\/\" rel=\"bookmark\">Ler mais \u00bb<span class=\"screen-reader-text\">Detergentes descalcificantes<\/span><\/a><\/p>","protected":false},"author":2,"featured_media":0,"parent":0,"menu_order":0,"comment_status":"closed","ping_status":"closed","template":"page-templates\/template-pagebuilder-full-width.php","meta":{"neve_meta_sidebar":"","neve_meta_container":"","neve_meta_enable_content_width":"","neve_meta_content_width":0,"neve_meta_title_alignment":"","neve_meta_author_avatar":"","neve_post_elements_order":"","neve_meta_disable_header":"","neve_meta_disable_footer":"","neve_meta_disable_title":"","footnotes":""},"class_list":["post-12750","page","type-page","status-publish","hentry"],"yoast_head":"<!-- This site is optimized with the Yoast SEO plugin v27.0 - https:\/\/yoast.com\/product\/yoast-seo-wordpress\/ -->\n<title>Detergentes desincrustantes - Dermo | F\u00e1brica de detergentes<\/title>\n<meta name=\"robots\" content=\"index, follow, max-snippet:-1, max-image-preview:large, max-video-preview:-1\" \/>\n<link rel=\"canonical\" href=\"https:\/\/dermo.com\/pt\/detergentes-descalcificantes-2\/\" \/>\n<meta property=\"og:locale\" content=\"pt_PT\" \/>\n<meta property=\"og:type\" content=\"article\" \/>\n<meta property=\"og:title\" content=\"Detergentes desincrustantes - Dermo | F\u00e1brica de detergentes\" \/>\n<meta property=\"og:description\" content=\"Dermo: F\u00e1brica de Detergentes desincrustantes Dermo\u00a0es una empresa fabricante y proveedora de productos de limpieza, como es el caso de los\u00a0detergentes desincrustantes, que limpian en profundidad las superficies. Los\u00a0detergentes desincrustantes\u00a0que fabricamos en\u00a0Dermo\u00a0acaban con todo tipo de residuos de origen calc\u00e1reo en cualquier tipo de superficie, ya sean pavimentos, fregaderos, m\u00e1quinas lavavajillas y lavadoras, serpentines o&hellip;&nbsp;Ler mais &raquo;Detergentes desincrustantes\" \/>\n<meta property=\"og:url\" content=\"https:\/\/dermo.com\/pt\/detergentes-descalcificantes-2\/\" \/>\n<meta property=\"og:site_name\" content=\"Dermo | F\u00e1brica de detergentes\" \/>\n<meta property=\"article:modified_time\" content=\"2025-02-19T10:40:11+00:00\" \/>\n<meta name=\"twitter:card\" content=\"summary_large_image\" \/>\n<meta name=\"twitter:label1\" content=\"Tempo estimado de leitura\" \/>\n\t<meta name=\"twitter:data1\" content=\"3 minutos\" \/>\n<script type=\"application\/ld+json\" class=\"yoast-schema-graph\">{\"@context\":\"https:\/\/schema.org\",\"@graph\":[{\"@type\":\"WebPage\",\"@id\":\"https:\/\/dermo.com\/detergentes-desincrustantes-2\/\",\"url\":\"https:\/\/dermo.com\/detergentes-desincrustantes-2\/\",\"name\":\"Detergentes desincrustantes - Dermo | F\u00e1brica de detergentes\",\"isPartOf\":{\"@id\":\"https:\/\/dermo.com\/#website\"},\"datePublished\":\"2025-01-31T09:15:42+00:00\",\"dateModified\":\"2025-02-19T10:40:11+00:00\",\"breadcrumb\":{\"@id\":\"https:\/\/dermo.com\/detergentes-desincrustantes-2\/#breadcrumb\"},\"inLanguage\":\"pt-PT\",\"potentialAction\":[{\"@type\":\"ReadAction\",\"target\":[\"https:\/\/dermo.com\/detergentes-desincrustantes-2\/\"]}]},{\"@type\":\"BreadcrumbList\",\"@id\":\"https:\/\/dermo.com\/detergentes-desincrustantes-2\/#breadcrumb\",\"itemListElement\":[{\"@type\":\"ListItem\",\"position\":1,\"name\":\"Portada\",\"item\":\"https:\/\/dermo.com\/\"},{\"@type\":\"ListItem\",\"position\":2,\"name\":\"Detergentes desincrustantes\"}]},{\"@type\":\"WebSite\",\"@id\":\"https:\/\/dermo.com\/#website\",\"url\":\"https:\/\/dermo.com\/\",\"name\":\"Dermo | F\u00e1brica de detergentes\",\"description\":\"Tecnolog\u00eda avanzada, investigaci\u00f3n y desarrollo, respeto por el medio ambiente, competencia, formaci\u00f3n constante y alto nivel de profesionalidad en nuestro equipo humano, empe\u00f1ado en preservar la calidad de vida, la protecci\u00f3n del entorno natural contin\u00faan motiv\u00e1ndonos para desarrollar en nuestros laboratorios nuevos productos con ingredientes activos altamente biodegradables que hacen posible un desarrollo sostenible.\",\"potentialAction\":[{\"@type\":\"SearchAction\",\"target\":{\"@type\":\"EntryPoint\",\"urlTemplate\":\"https:\/\/dermo.com\/?s={search_term_string}\"},\"query-input\":{\"@type\":\"PropertyValueSpecification\",\"valueRequired\":true,\"valueName\":\"search_term_string\"}}],\"inLanguage\":\"pt-PT\"}]}<\/script>\n<!-- \/ Yoast SEO plugin. -->","yoast_head_json":{"title":"Detergentes descalcificantes - Dermo | F\u00e1brica de detergentes","robots":{"index":"index","follow":"follow","max-snippet":"max-snippet:-1","max-image-preview":"max-image-preview:large","max-video-preview":"max-video-preview:-1"},"canonical":"https:\/\/dermo.com\/pt\/detergentes-descalcificantes-2\/","og_locale":"pt_PT","og_type":"article","og_title":"Detergentes desincrustantes - Dermo | F\u00e1brica de detergentes","og_description":"Dermo: F\u00e1brica de Detergentes desincrustantes Dermo\u00a0es una empresa fabricante y proveedora de productos de limpieza, como es el caso de los\u00a0detergentes desincrustantes, que limpian en profundidad las superficies. Los\u00a0detergentes desincrustantes\u00a0que fabricamos en\u00a0Dermo\u00a0acaban con todo tipo de residuos de origen calc\u00e1reo en cualquier tipo de superficie, ya sean pavimentos, fregaderos, m\u00e1quinas lavavajillas y lavadoras, serpentines o&hellip;&nbsp;Ler mais &raquo;Detergentes desincrustantes","og_url":"https:\/\/dermo.com\/pt\/detergentes-descalcificantes-2\/","og_site_name":"Dermo | F\u00e1brica de detergentes","article_modified_time":"2025-02-19T10:40:11+00:00","twitter_card":"summary_large_image","twitter_misc":{"Tempo estimado de leitura":"3 minutos"},"schema":{"@context":"https:\/\/schema.org","@graph":[{"@type":"WebPage","@id":"https:\/\/dermo.com\/detergentes-desincrustantes-2\/","url":"https:\/\/dermo.com\/detergentes-desincrustantes-2\/","name":"Detergentes descalcificantes - Dermo | F\u00e1brica de detergentes","isPartOf":{"@id":"https:\/\/dermo.com\/#website"},"datePublished":"2025-01-31T09:15:42+00:00","dateModified":"2025-02-19T10:40:11+00:00","breadcrumb":{"@id":"https:\/\/dermo.com\/detergentes-desincrustantes-2\/#breadcrumb"},"inLanguage":"pt-PT","potentialAction":[{"@type":"ReadAction","target":["https:\/\/dermo.com\/detergentes-desincrustantes-2\/"]}]},{"@type":"BreadcrumbList","@id":"https:\/\/dermo.com\/detergentes-desincrustantes-2\/#breadcrumb","itemListElement":[{"@type":"ListItem","position":1,"name":"Portada","item":"https:\/\/dermo.com\/"},{"@type":"ListItem","position":2,"name":"Detergentes desincrustantes"}]},{"@type":"WebSite","@id":"https:\/\/dermo.com\/#website","url":"https:\/\/dermo.com\/","name":"Dermo | f\u00e1brica de detergentes","description":"A tecnologia avan\u00e7ada, a investiga\u00e7\u00e3o e desenvolvimento, o respeito pelo ambiente, a compet\u00eancia, a forma\u00e7\u00e3o constante e o elevado n\u00edvel de profissionalismo da nossa equipa humana, comprometida com a preserva\u00e7\u00e3o da qualidade de vida, a protec\u00e7\u00e3o do ambiente natural continuam a motivar-nos a desenvolver novos produtos nos nossos laborat\u00f3rios com princ\u00edpios ativos altamente biodegrad\u00e1veis que possibilitam o desenvolvimento sustent\u00e1vel.","potentialAction":[{"@type":"SearchAction","target":{"@type":"EntryPoint","urlTemplate":"https:\/\/dermo.com\/?s={search_term_string}"},"query-input":{"@type":"PropertyValueSpecification","valueRequired":true,"valueName":"search_term_string"}}],"inLanguage":"pt-PT"}]}},"_links":{"self":[{"href":"https:\/\/dermo.com\/pt\/wp-json\/wp\/v2\/pages\/12750","targetHints":{"allow":["GET"]}}],"collection":[{"href":"https:\/\/dermo.com\/pt\/wp-json\/wp\/v2\/pages"}],"about":[{"href":"https:\/\/dermo.com\/pt\/wp-json\/wp\/v2\/types\/page"}],"author":[{"embeddable":true,"href":"https:\/\/dermo.com\/pt\/wp-json\/wp\/v2\/users\/2"}],"replies":[{"embeddable":true,"href":"https:\/\/dermo.com\/pt\/wp-json\/wp\/v2\/comments?post=12750"}],"version-history":[{"count":10,"href":"https:\/\/dermo.com\/pt\/wp-json\/wp\/v2\/pages\/12750\/revisions"}],"predecessor-version":[{"id":13448,"href":"https:\/\/dermo.com\/pt\/wp-json\/wp\/v2\/pages\/12750\/revisions\/13448"}],"wp:attachment":[{"href":"https:\/\/dermo.com\/pt\/wp-json\/wp\/v2\/media?parent=12750"}],"curies":[{"name":"wp","href":"https:\/\/api.w.org\/{rel}","templated":true}]}}