{"id":12757,"date":"2025-01-31T10:17:57","date_gmt":"2025-01-31T09:17:57","guid":{"rendered":"https:\/\/dermo.com\/?page_id=12757"},"modified":"2025-02-19T12:38:00","modified_gmt":"2025-02-19T11:38:00","slug":"produtos-de-higiene-para-salas-limpas","status":"publish","type":"page","link":"https:\/\/dermo.com\/pt\/produtos-de-higiene-para-salas-limpas\/","title":{"rendered":"Produtos de higiene para salas limpas"},"content":{"rendered":"<div data-elementor-type=\"wp-page\" data-elementor-id=\"12757\" class=\"elementor elementor-12757\" data-elementor-post-type=\"page\">\n\t\t\t\t\t\t<section class=\"elementor-section elementor-top-section elementor-element elementor-element-a02683f elementor-section-boxed elementor-section-height-default elementor-section-height-default\" data-id=\"a02683f\" data-element_type=\"section\" data-e-type=\"section\" data-settings=\"{&quot;background_background&quot;:&quot;classic&quot;}\">\n\t\t\t\t\t\t\t<div class=\"elementor-background-overlay\"><\/div>\n\t\t\t\t\t\t\t<div class=\"elementor-container elementor-column-gap-default\">\n\t\t\t\t\t<div class=\"elementor-column elementor-col-100 elementor-top-column elementor-element elementor-element-f99dbff\" data-id=\"f99dbff\" data-element_type=\"column\" data-e-type=\"column\">\n\t\t\t<div class=\"elementor-widget-wrap elementor-element-populated\">\n\t\t\t\t\t\t\t<\/div>\n\t\t<\/div>\n\t\t\t\t\t<\/div>\n\t\t<\/section>\n\t\t\t\t<section class=\"elementor-section elementor-top-section elementor-element elementor-element-233ad3a4 elementor-section-boxed elementor-section-height-default elementor-section-height-default\" data-id=\"233ad3a4\" data-element_type=\"section\" data-e-type=\"section\">\n\t\t\t\t\t\t<div class=\"elementor-container elementor-column-gap-default\">\n\t\t\t\t\t<div class=\"elementor-column elementor-col-100 elementor-top-column elementor-element elementor-element-3244e578\" data-id=\"3244e578\" data-element_type=\"column\" data-e-type=\"column\">\n\t\t\t<div class=\"elementor-widget-wrap elementor-element-populated\">\n\t\t\t\t\t\t<section class=\"elementor-section elementor-inner-section elementor-element elementor-element-1a7040c2 elementor-section-content-middle elementor-section-boxed elementor-section-height-default elementor-section-height-default\" data-id=\"1a7040c2\" data-element_type=\"section\" data-e-type=\"section\">\n\t\t\t\t\t\t<div class=\"elementor-container elementor-column-gap-default\">\n\t\t\t\t\t<div class=\"elementor-column elementor-col-50 elementor-inner-column elementor-element elementor-element-58338543\" data-id=\"58338543\" data-element_type=\"column\" data-e-type=\"column\">\n\t\t\t<div class=\"elementor-widget-wrap elementor-element-populated\">\n\t\t\t\t\t\t<div class=\"elementor-element elementor-element-464b2e11 elementor-widget elementor-widget-text-editor\" data-id=\"464b2e11\" data-element_type=\"widget\" data-e-type=\"widget\" data-widget_type=\"text-editor.default\">\n\t\t\t\t<div class=\"elementor-widget-container\">\n\t\t\t\t\t\t\t\t\t<p>N\u00f3s temos um\u00a0<strong>sala limpa<\/strong>\u00a0para fabricar\u00a0<strong>produtos de higiene<\/strong>\u00a0equipe profissional e limpeza, a fim de proteger ao m\u00e1ximo a qualidade e a pureza de todos os nossos produtos. \u00c9 um espa\u00e7o privilegiado com o qual nem todas as empresas do setor podem contar e \u00e9 onde realizamos todo o tipo de produtos.<\/p><p>Nosso\u00a0<strong>sala limpa<\/strong>\u00a0para\u00a0<strong>produtos de higiene<\/strong>\u00a0\u00c9 um espa\u00e7o desinfetado e est\u00e9ril, o que nos permite desenvolver todo o tipo de produtos com total seguran\u00e7a e desinfe\u00e7\u00e3o. \u00c9 um lugar onde n\u00e3o entra nem um pingo de polui\u00e7\u00e3o, onde a temperatura do ar \u00e9 controlada e onde a umidade tem limites bem espec\u00edficos. Ter esse espa\u00e7o \u00e9 essencial para que possamos obter produtos puros e de alt\u00edssima qualidade, feitos com muito cuidado e cuidado, do in\u00edcio ao fim. Gra\u00e7as ao trabalho que realizamos no sal\u00e3o, nossos clientes podem desfrutar de produtos de higiene pessoal altamente hidratantes, que lhes proporcionam uma pele limpa, macia e bem cuidada. Todos os produtos feitos no sal\u00e3o s\u00e3o compostos por delicados ingredientes ativos que buscam proporcionar um equil\u00edbrio natural \u00e0 pele gra\u00e7as ao uso de um pH neutro. Todos eles s\u00e3o feitos com ingredientes altamente hidratantes, projetados para o cuidado da pele, como aloe vera, am\u00eandoas doces, rom\u00e3 e glicerina. S\u00e3o produtos pensados para uso pessoal, mas tamb\u00e9m oferecemos formatos para uso industrial, como o gel para m\u00e3os Gelman F., o Gelman Foam ou o creme desengordurante para m\u00e3os Gelman ou PM3.<\/p>\t\t\t\t\t\t\t\t<\/div>\n\t\t\t\t<\/div>\n\t\t\t\t\t<\/div>\n\t\t<\/div>\n\t\t\t\t<div class=\"elementor-column elementor-col-50 elementor-inner-column elementor-element elementor-element-74b688e elementor-invisible\" data-id=\"74b688e\" data-element_type=\"column\" data-e-type=\"column\" data-settings=\"{&quot;animation&quot;:&quot;bounceInRight&quot;}\">\n\t\t\t<div class=\"elementor-widget-wrap elementor-element-populated\">\n\t\t\t\t\t\t<div class=\"elementor-element elementor-element-f4ef0c6 elementor-widget__width-initial elementor-widget elementor-widget-elementskit-contact-form7\" data-id=\"f4ef0c6\" data-element_type=\"widget\" data-e-type=\"widget\" data-widget_type=\"elementskit-contact-form7.default\">\n\t\t\t\t<div class=\"elementor-widget-container\">\n\t\t\t\t\t<div class=\"ekit-wid-con\" ><div class=\"ekit-form\">\n<div class=\"wpcf7 no-js\" id=\"wpcf7-f13292-p12757-o1\" lang=\"es-ES\" dir=\"ltr\" data-wpcf7-id=\"13292\">\n<div class=\"screen-reader-response\"><p role=\"status\" aria-live=\"polite\" aria-atomic=\"true\"><\/p> <ul><\/ul><\/div>\n<form action=\"\/pt\/produtos-de-higiene-para-salas-limpas\/#wpcf7-f13292-p12757-o1\" method=\"post\" class=\"wpcf7-form init\" aria-label=\"Formulario de contacto\" novalidate=\"novalidate\" data-status=\"init\" data-no-translation-aria-label=\"\" data-trp-original-action=\"\/pt\/sala-blanca-productos-de-higiene\/#wpcf7-f13292-p12757-o1\">\n<fieldset class=\"hidden-fields-container\"><input type=\"hidden\" name=\"_wpcf7\" value=\"13292\" \/><input type=\"hidden\" name=\"_wpcf7_version\" value=\"6.1.5\" \/><input type=\"hidden\" name=\"_wpcf7_locale\" value=\"es_ES\" \/><input type=\"hidden\" name=\"_wpcf7_unit_tag\" value=\"wpcf7-f13292-p12757-o1\" \/><input type=\"hidden\" name=\"_wpcf7_container_post\" value=\"12757\" \/><input type=\"hidden\" name=\"_wpcf7_posted_data_hash\" value=\"\" \/><input type=\"hidden\" name=\"_wpcf7_recaptcha_response\" value=\"\" \/>\n<\/fieldset>\n<div style=\"display: flex; gap: 10px;\">\n\t<div style=\"width: 50%;\">\n\t\t<p><span class=\"wpcf7-form-control-wrap\" data-name=\"your-name\"><input size=\"40\" maxlength=\"400\" class=\"wpcf7-form-control wpcf7-text wpcf7-validates-as-required\" aria-required=\"true\" aria-invalid=\"false\" placeholder=\"Nome\" value=\"\" type=\"text\" name=\"your-name\" \/><\/span>\n\t\t<\/p>\n\t<\/div>\n\t<div style=\"width: 50%;\">\n\t\t<p><span class=\"wpcf7-form-control-wrap\" data-name=\"your-phone\"><input size=\"40\" maxlength=\"400\" class=\"wpcf7-form-control wpcf7-tel wpcf7-validates-as-required wpcf7-text wpcf7-validates-as-tel\" aria-required=\"true\" aria-invalid=\"false\" placeholder=\"Telefone\" value=\"\" type=\"tel\" name=\"your-phone\" \/><\/span>\n\t\t<\/p>\n\t<\/div>\n<\/div>\n<p><span class=\"wpcf7-form-control-wrap\" data-name=\"your-email\"><input size=\"40\" maxlength=\"400\" class=\"wpcf7-form-control wpcf7-email wpcf7-validates-as-required wpcf7-text wpcf7-validates-as-email\" aria-required=\"true\" aria-invalid=\"false\" placeholder=\"E-mail\" value=\"\" type=\"email\" name=\"your-email\" \/><\/span>\n<\/p>\n<div style=\"display: flex; gap: 10px;\">\n\t<div style=\"width: 50%;\">\n\t\t<p><span class=\"wpcf7-form-control-wrap\" data-name=\"your-country\"><input size=\"40\" maxlength=\"400\" class=\"wpcf7-form-control wpcf7-text wpcf7-validates-as-required\" aria-required=\"true\" aria-invalid=\"false\" placeholder=\"Pa\u00eds\" value=\"\" type=\"text\" name=\"your-country\" \/><\/span>\n\t\t<\/p>\n\t<\/div>\n\t<div style=\"width: 50%;\">\n\t\t<p><span class=\"wpcf7-form-control-wrap\" data-name=\"your-city\"><input size=\"40\" maxlength=\"400\" class=\"wpcf7-form-control wpcf7-text wpcf7-validates-as-required\" aria-required=\"true\" aria-invalid=\"false\" placeholder=\"Popula\u00e7\u00e3o\" value=\"\" type=\"text\" name=\"your-city\" \/><\/span>\n\t\t<\/p>\n\t<\/div>\n<\/div>\n<p><span class=\"wpcf7-form-control-wrap\" data-name=\"your-subject\"><select class=\"wpcf7-form-control wpcf7-select\" aria-invalid=\"false\" name=\"your-subject\"><option value=\"Quiero ser distribuidor\">Quero ser um distribuidor<\/option><option value=\"Presupuesto\">Or\u00e7amento<\/option><option value=\"Consulta\">Consulta<\/option><option value=\"Sugerencia\">Sugest\u00e3o<\/option><option value=\"Otros\">Outros<\/option><\/select><\/span>\n<\/p>\n<p><span class=\"wpcf7-form-control-wrap\" data-name=\"your-message\"><textarea cols=\"40\" rows=\"10\" maxlength=\"2000\" class=\"wpcf7-form-control wpcf7-textarea\" aria-invalid=\"false\" placeholder=\"Mensagem ou consulta\" name=\"your-message\"><\/textarea><\/span>\n<\/p>\n<div style=\"display: flex; align-items: center; gap: 10px;\">\n\t<p><span class=\"wpcf7-form-control-wrap\" data-name=\"privacy-policy\"><span class=\"wpcf7-form-control wpcf7-acceptance\"><span class=\"wpcf7-list-item\"><input type=\"checkbox\" name=\"privacy-policy\" value=\"1\" aria-invalid=\"false\" \/><\/span><\/span><\/span><label for=\"privacy-policy\" style=\"margin-left: 5px;\">Li e aceito a pol\u00edtica de privacidade.<\/label>\n\t<\/p>\n<\/div>\n<div style=\"display: flex; align-items: center; gap: 10px;\">\n\t<p><span class=\"wpcf7-form-control-wrap\" data-name=\"send-info\"><span class=\"wpcf7-form-control wpcf7-acceptance\"><span class=\"wpcf7-list-item\"><input type=\"checkbox\" name=\"send-info\" value=\"1\" aria-invalid=\"false\" \/><\/span><\/span><\/span><label for=\"send-info\" style=\"margin-left: 5px;\">Concordo em receber informa\u00e7\u00f5es.<\/label>\n\t<\/p>\n<\/div>\n<p><input class=\"wpcf7-form-control wpcf7-submit has-spinner\" type=\"submit\" value=\"Enviar\" \/>\n<\/p><div class=\"wpcf7-response-output\" aria-hidden=\"true\"><\/div>\n<input type=\"hidden\" name=\"trp-form-language\" value=\"pt\"\/><\/form>\n<\/div>\n<\/div><\/div>\t\t\t\t<\/div>\n\t\t\t\t<\/div>\n\t\t\t\t\t<\/div>\n\t\t<\/div>\n\t\t\t\t\t<\/div>\n\t\t<\/section>\n\t\t\t\t<div class=\"elementor-element elementor-element-615d68f elementor-widget elementor-widget-text-editor\" data-id=\"615d68f\" data-element_type=\"widget\" data-e-type=\"widget\" data-widget_type=\"text-editor.default\">\n\t\t\t\t<div class=\"elementor-widget-container\">\n\t\t\t\t\t\t\t\t\t<p>No&nbsp;<strong>sala limpa<\/strong>&nbsp;para&nbsp;<strong>produtos de higiene<\/strong>&nbsp;Podemos garantir um trabalho impec\u00e1vel, livre de qualquer tipo de microrganismo nocivo, para que n\u00e3o haja nada que interfira na f\u00f3rmula poderosa dos nossos produtos. No&nbsp;<strong>sala limpa<\/strong>&nbsp;para&nbsp;<strong>produtos de higiene<\/strong>&nbsp;Tamb\u00e9m fabricamos xampu e gel para o corpo, para as m\u00e3os, creme desengordurante para as m\u00e3os, etc. Na Dermo voc\u00ea encontra um cat\u00e1logo amplo e variado com todos os tipos de produtos, que podem resolver todo tipo de manchas ou sujeira. Usar nossos produtos de higiene pessoal ajudar\u00e1 voc\u00ea a cuidar do seu cabelo, corpo, rosto e m\u00e3os da maneira mais segura e cuidadosa poss\u00edvel. Nossa f\u00f3rmula foi desenvolvida para ser eficaz, decisiva, espec\u00edfica e duradoura para todos os tipos de superf\u00edcies e, gra\u00e7as aos nossos mais de 30 anos de experi\u00eancia, conseguimos isso.<\/p>\n<p>Em nosso site voc\u00ea conhecer\u00e1 um pouco mais sobre a filosofia da nossa empresa, nossos&nbsp;<strong>sala limpa&nbsp;<\/strong>para<strong>&nbsp;produtos de higiene&nbsp;<\/strong>e acompanhe todas as informa\u00e7\u00f5es que publicamos semanalmente em nosso blog. Al\u00e9m de poder ver todos os produtos que apresentamos no nosso cat\u00e1logo online, onde encontrar\u00e1 produtos de limpeza e higiene para todas as \u00e1reas e para todas as superf\u00edcies.<\/p>\n<p><b>Tipo de servi\u00e7oQuarto&nbsp;<\/b><\/p>\n<p>produtos de higiene brancos<\/p>\n<p><b>Nome do Provedor<\/b><\/p>\n<p>Dermo,<\/p><p><span style=\"background-color: var(--nv-site-bg); color: var( --e-global-color-text ); font-size: var( --e-global-typography-b2ce6af-font-size ); font-weight: var(--bodyfontweight); letter-spacing: var( --e-global-typography-b2ce6af-letter-spacing ); text-transform: var(--bodytexttransform); word-spacing: var( --e-global-typography-b2ce6af-word-spacing );\">C\/ Pintor Joan Mir\u00f3,&nbsp;<\/span><\/p><p><span style=\"background-color: var(--nv-site-bg); color: var( --e-global-color-text ); font-size: var( --e-global-typography-b2ce6af-font-size ); font-weight: var(--bodyfontweight); letter-spacing: var( --e-global-typography-b2ce6af-letter-spacing ); text-transform: var(--bodytexttransform); word-spacing: var( --e-global-typography-b2ce6af-word-spacing );\">16,Poliny\u00e0,Barcelona-08213,<\/span><\/p>\n<p>Telefone No.937 13 35 00<\/p>\n<p><b>\u00c1rea<\/b><\/p><p>Barcelona<\/p>\n<p><b>Descri\u00e7\u00e3o<\/b><\/p><p>Temos uma sala limpa para fabrica\u00e7\u00e3o de produtos de higiene pessoal e limpeza profissional, a fim de proteger ao m\u00e1ximo a qualidade e a pureza de todos os nossos produtos. \u00c9 um espa\u00e7o privilegiado com o qual nem todas as empresas do setor podem contar e \u00e9 onde realizamos todo o tipo de produtos.<\/p>\n<p><\/p>\t\t\t\t\t\t\t\t<\/div>\n\t\t\t\t<\/div>\n\t\t\t\t\t<\/div>\n\t\t<\/div>\n\t\t\t\t\t<\/div>\n\t\t<\/section>\n\t\t\t\t<section class=\"elementor-section elementor-top-section elementor-element elementor-element-484f41e elementor-section-full_width elementor-section-height-default elementor-section-height-default elementor-invisible\" data-id=\"484f41e\" data-element_type=\"section\" data-e-type=\"section\" data-settings=\"{&quot;animation&quot;:&quot;slideInUp&quot;}\">\n\t\t\t\t\t\t<div class=\"elementor-container elementor-column-gap-default\">\n\t\t\t\t\t<div class=\"elementor-column elementor-col-100 elementor-top-column elementor-element elementor-element-19948363\" data-id=\"19948363\" data-element_type=\"column\" data-e-type=\"column\">\n\t\t\t<div class=\"elementor-widget-wrap elementor-element-populated\">\n\t\t\t\t\t\t<div class=\"elementor-element elementor-element-339044a4 elementor-widget elementor-widget-google_maps\" data-id=\"339044a4\" data-element_type=\"widget\" data-e-type=\"widget\" data-widget_type=\"google_maps.default\">\n\t\t\t\t<div class=\"elementor-widget-container\">\n\t\t\t\t\t\t\t<div class=\"elementor-custom-embed\">\n\t\t\t<iframe loading=\"lazy\"\n\t\t\t\t\tsrc=\"https:\/\/maps.google.com\/maps?q=C%2F%20Pintor%20Joan%20Miro%2C%2016.%20Pol.%20Ind.%20Can%20Humet%20de%20Dalt%2C%2008213%20Poliny%C3%A0.%20Barcelona&#038;t=m&#038;z=15&#038;output=embed&#038;iwloc=near\"\n\t\t\t\t\ttitle=\"C\/ Pintor Joan Miro, 16. Pol. Ind. Can Humet de Dalt, 08213 Poliny\u00e0. Barcelona\"\n\t\t\t\t\taria-label=\"C\/ Pintor Joan Miro, 16. Pol. Ind. Can Humet de Dalt, 08213 Poliny\u00e0. Barcelona\"\n\t\t\t><\/iframe>\n\t\t<\/div>\n\t\t\t\t\t\t<\/div>\n\t\t\t\t<\/div>\n\t\t\t\t\t<\/div>\n\t\t<\/div>\n\t\t\t\t\t<\/div>\n\t\t<\/section>\n\t\t\t\t<\/div>","protected":false},"excerpt":{"rendered":"<p>Possu\u00edmos uma sala limpa para a fabrica\u00e7\u00e3o de produtos de higiene pessoal e limpeza profissional, garantindo o mais alto n\u00edvel de qualidade e pureza. \u00c9 um espa\u00e7o privilegiado, n\u00e3o dispon\u00edvel para todas as empresas do setor, e \u00e9 onde fabricamos todos os tipos de produtos. Nossa sala limpa para produtos de higiene pessoal e limpeza profissional\u2026&nbsp;<a href=\"https:\/\/dermo.com\/pt\/produtos-de-higiene-para-salas-limpas\/\" rel=\"bookmark\">Ler mais \u00bb<span class=\"screen-reader-text\">Produtos de higiene para salas limpas<\/span><\/a><\/p>","protected":false},"author":2,"featured_media":0,"parent":0,"menu_order":0,"comment_status":"closed","ping_status":"closed","template":"page-templates\/template-pagebuilder-full-width.php","meta":{"neve_meta_sidebar":"","neve_meta_container":"","neve_meta_enable_content_width":"","neve_meta_content_width":0,"neve_meta_title_alignment":"","neve_meta_author_avatar":"","neve_post_elements_order":"","neve_meta_disable_header":"","neve_meta_disable_footer":"","neve_meta_disable_title":"","footnotes":""},"class_list":["post-12757","page","type-page","status-publish","hentry"],"yoast_head":"<!-- This site is optimized with the Yoast SEO plugin v27.0 - https:\/\/yoast.com\/product\/yoast-seo-wordpress\/ -->\n<title>Sala blanca productos de higiene - Dermo | F\u00e1brica de detergentes<\/title>\n<meta name=\"robots\" content=\"index, follow, max-snippet:-1, max-image-preview:large, max-video-preview:-1\" \/>\n<link rel=\"canonical\" href=\"https:\/\/dermo.com\/pt\/produtos-de-higiene-para-salas-limpas\/\" \/>\n<meta property=\"og:locale\" content=\"pt_PT\" \/>\n<meta property=\"og:type\" content=\"article\" \/>\n<meta property=\"og:title\" content=\"Sala blanca productos de higiene - Dermo | F\u00e1brica de detergentes\" \/>\n<meta property=\"og:description\" content=\"Contamos con una\u00a0sala blanca\u00a0para fabricar\u00a0productos de higiene\u00a0personal y limpieza profesional, con el fin de proteger lo m\u00e1ximo posible la calidad y la pureza de todos nuestros productos. Es un espacio privilegiado con el que no todas las empresas del sector pueden contar y es donde llevamos a cabo todo tipo de productos. Nuestra\u00a0sala blanca\u00a0para\u00a0productos de&hellip;&nbsp;Ler mais &raquo;Sala blanca productos de higiene\" \/>\n<meta property=\"og:url\" content=\"https:\/\/dermo.com\/pt\/produtos-de-higiene-para-salas-limpas\/\" \/>\n<meta property=\"og:site_name\" content=\"Dermo | F\u00e1brica de detergentes\" \/>\n<meta property=\"article:modified_time\" content=\"2025-02-19T11:38:00+00:00\" \/>\n<meta name=\"twitter:card\" content=\"summary_large_image\" \/>\n<meta name=\"twitter:label1\" content=\"Tempo estimado de leitura\" \/>\n\t<meta name=\"twitter:data1\" content=\"3 minutos\" \/>\n<script type=\"application\/ld+json\" class=\"yoast-schema-graph\">{\"@context\":\"https:\/\/schema.org\",\"@graph\":[{\"@type\":\"WebPage\",\"@id\":\"https:\/\/dermo.com\/sala-blanca-productos-de-higiene\/\",\"url\":\"https:\/\/dermo.com\/sala-blanca-productos-de-higiene\/\",\"name\":\"Sala blanca productos de higiene - Dermo | F\u00e1brica de detergentes\",\"isPartOf\":{\"@id\":\"https:\/\/dermo.com\/#website\"},\"datePublished\":\"2025-01-31T09:17:57+00:00\",\"dateModified\":\"2025-02-19T11:38:00+00:00\",\"breadcrumb\":{\"@id\":\"https:\/\/dermo.com\/sala-blanca-productos-de-higiene\/#breadcrumb\"},\"inLanguage\":\"pt-PT\",\"potentialAction\":[{\"@type\":\"ReadAction\",\"target\":[\"https:\/\/dermo.com\/sala-blanca-productos-de-higiene\/\"]}]},{\"@type\":\"BreadcrumbList\",\"@id\":\"https:\/\/dermo.com\/sala-blanca-productos-de-higiene\/#breadcrumb\",\"itemListElement\":[{\"@type\":\"ListItem\",\"position\":1,\"name\":\"Portada\",\"item\":\"https:\/\/dermo.com\/\"},{\"@type\":\"ListItem\",\"position\":2,\"name\":\"Sala blanca productos de higiene\"}]},{\"@type\":\"WebSite\",\"@id\":\"https:\/\/dermo.com\/#website\",\"url\":\"https:\/\/dermo.com\/\",\"name\":\"Dermo | F\u00e1brica de detergentes\",\"description\":\"Tecnolog\u00eda avanzada, investigaci\u00f3n y desarrollo, respeto por el medio ambiente, competencia, formaci\u00f3n constante y alto nivel de profesionalidad en nuestro equipo humano, empe\u00f1ado en preservar la calidad de vida, la protecci\u00f3n del entorno natural contin\u00faan motiv\u00e1ndonos para desarrollar en nuestros laboratorios nuevos productos con ingredientes activos altamente biodegradables que hacen posible un desarrollo sostenible.\",\"potentialAction\":[{\"@type\":\"SearchAction\",\"target\":{\"@type\":\"EntryPoint\",\"urlTemplate\":\"https:\/\/dermo.com\/?s={search_term_string}\"},\"query-input\":{\"@type\":\"PropertyValueSpecification\",\"valueRequired\":true,\"valueName\":\"search_term_string\"}}],\"inLanguage\":\"pt-PT\"}]}<\/script>\n<!-- \/ Yoast SEO plugin. -->","yoast_head_json":{"title":"Produtos de higiene para salas limpas - Dermo | F\u00e1brica de detergentes","robots":{"index":"index","follow":"follow","max-snippet":"max-snippet:-1","max-image-preview":"max-image-preview:large","max-video-preview":"max-video-preview:-1"},"canonical":"https:\/\/dermo.com\/pt\/produtos-de-higiene-para-salas-limpas\/","og_locale":"pt_PT","og_type":"article","og_title":"Sala blanca productos de higiene - Dermo | F\u00e1brica de detergentes","og_description":"Contamos con una\u00a0sala blanca\u00a0para fabricar\u00a0productos de higiene\u00a0personal y limpieza profesional, con el fin de proteger lo m\u00e1ximo posible la calidad y la pureza de todos nuestros productos. Es un espacio privilegiado con el que no todas las empresas del sector pueden contar y es donde llevamos a cabo todo tipo de productos. Nuestra\u00a0sala blanca\u00a0para\u00a0productos de&hellip;&nbsp;Ler mais &raquo;Sala blanca productos de higiene","og_url":"https:\/\/dermo.com\/pt\/produtos-de-higiene-para-salas-limpas\/","og_site_name":"Dermo | F\u00e1brica de detergentes","article_modified_time":"2025-02-19T11:38:00+00:00","twitter_card":"summary_large_image","twitter_misc":{"Tempo estimado de leitura":"3 minutos"},"schema":{"@context":"https:\/\/schema.org","@graph":[{"@type":"WebPage","@id":"https:\/\/dermo.com\/sala-blanca-productos-de-higiene\/","url":"https:\/\/dermo.com\/sala-blanca-productos-de-higiene\/","name":"Produtos de higiene para salas limpas - Dermo | F\u00e1brica de detergentes","isPartOf":{"@id":"https:\/\/dermo.com\/#website"},"datePublished":"2025-01-31T09:17:57+00:00","dateModified":"2025-02-19T11:38:00+00:00","breadcrumb":{"@id":"https:\/\/dermo.com\/sala-blanca-productos-de-higiene\/#breadcrumb"},"inLanguage":"pt-PT","potentialAction":[{"@type":"ReadAction","target":["https:\/\/dermo.com\/sala-blanca-productos-de-higiene\/"]}]},{"@type":"BreadcrumbList","@id":"https:\/\/dermo.com\/sala-blanca-productos-de-higiene\/#breadcrumb","itemListElement":[{"@type":"ListItem","position":1,"name":"Portada","item":"https:\/\/dermo.com\/"},{"@type":"ListItem","position":2,"name":"Sala blanca productos de higiene"}]},{"@type":"WebSite","@id":"https:\/\/dermo.com\/#website","url":"https:\/\/dermo.com\/","name":"Dermo | f\u00e1brica de detergentes","description":"A tecnologia avan\u00e7ada, a investiga\u00e7\u00e3o e desenvolvimento, o respeito pelo ambiente, a compet\u00eancia, a forma\u00e7\u00e3o constante e o elevado n\u00edvel de profissionalismo da nossa equipa humana, comprometida com a preserva\u00e7\u00e3o da qualidade de vida, a protec\u00e7\u00e3o do ambiente natural continuam a motivar-nos a desenvolver novos produtos nos nossos laborat\u00f3rios com princ\u00edpios ativos altamente biodegrad\u00e1veis que possibilitam o desenvolvimento sustent\u00e1vel.","potentialAction":[{"@type":"SearchAction","target":{"@type":"EntryPoint","urlTemplate":"https:\/\/dermo.com\/?s={search_term_string}"},"query-input":{"@type":"PropertyValueSpecification","valueRequired":true,"valueName":"search_term_string"}}],"inLanguage":"pt-PT"}]}},"_links":{"self":[{"href":"https:\/\/dermo.com\/pt\/wp-json\/wp\/v2\/pages\/12757","targetHints":{"allow":["GET"]}}],"collection":[{"href":"https:\/\/dermo.com\/pt\/wp-json\/wp\/v2\/pages"}],"about":[{"href":"https:\/\/dermo.com\/pt\/wp-json\/wp\/v2\/types\/page"}],"author":[{"embeddable":true,"href":"https:\/\/dermo.com\/pt\/wp-json\/wp\/v2\/users\/2"}],"replies":[{"embeddable":true,"href":"https:\/\/dermo.com\/pt\/wp-json\/wp\/v2\/comments?post=12757"}],"version-history":[{"count":8,"href":"https:\/\/dermo.com\/pt\/wp-json\/wp\/v2\/pages\/12757\/revisions"}],"predecessor-version":[{"id":13738,"href":"https:\/\/dermo.com\/pt\/wp-json\/wp\/v2\/pages\/12757\/revisions\/13738"}],"wp:attachment":[{"href":"https:\/\/dermo.com\/pt\/wp-json\/wp\/v2\/media?parent=12757"}],"curies":[{"name":"wp","href":"https:\/\/api.w.org\/{rel}","templated":true}]}}