{"id":12780,"date":"2025-01-31T10:22:05","date_gmt":"2025-01-31T09:22:05","guid":{"rendered":"https:\/\/dermo.com\/?page_id=12780"},"modified":"2025-02-19T12:30:48","modified_gmt":"2025-02-19T11:30:48","slug":"produtos-de-limpeza-para-hoteis","status":"publish","type":"page","link":"https:\/\/dermo.com\/pt\/produtos-de-limpeza-para-hoteis\/","title":{"rendered":"Produtos de limpeza para hot\u00e9is"},"content":{"rendered":"<div data-elementor-type=\"wp-page\" data-elementor-id=\"12780\" class=\"elementor elementor-12780\" data-elementor-post-type=\"page\">\n\t\t\t\t\t\t<section class=\"elementor-section elementor-top-section elementor-element elementor-element-a02683f elementor-section-boxed elementor-section-height-default elementor-section-height-default\" data-id=\"a02683f\" data-element_type=\"section\" data-e-type=\"section\" data-settings=\"{&quot;background_background&quot;:&quot;classic&quot;}\">\n\t\t\t\t\t\t\t<div class=\"elementor-background-overlay\"><\/div>\n\t\t\t\t\t\t\t<div class=\"elementor-container elementor-column-gap-default\">\n\t\t\t\t\t<div class=\"elementor-column elementor-col-100 elementor-top-column elementor-element elementor-element-f99dbff\" data-id=\"f99dbff\" data-element_type=\"column\" data-e-type=\"column\">\n\t\t\t<div class=\"elementor-widget-wrap elementor-element-populated\">\n\t\t\t\t\t\t\t<\/div>\n\t\t<\/div>\n\t\t\t\t\t<\/div>\n\t\t<\/section>\n\t\t\t\t<section class=\"elementor-section elementor-top-section elementor-element elementor-element-233ad3a4 elementor-section-boxed elementor-section-height-default elementor-section-height-default\" data-id=\"233ad3a4\" data-element_type=\"section\" data-e-type=\"section\">\n\t\t\t\t\t\t<div class=\"elementor-container elementor-column-gap-default\">\n\t\t\t\t\t<div class=\"elementor-column elementor-col-100 elementor-top-column elementor-element elementor-element-3244e578\" data-id=\"3244e578\" data-element_type=\"column\" data-e-type=\"column\">\n\t\t\t<div class=\"elementor-widget-wrap elementor-element-populated\">\n\t\t\t\t\t\t<section class=\"elementor-section elementor-inner-section elementor-element elementor-element-1a7040c2 elementor-section-content-middle elementor-section-boxed elementor-section-height-default elementor-section-height-default\" data-id=\"1a7040c2\" data-element_type=\"section\" data-e-type=\"section\">\n\t\t\t\t\t\t<div class=\"elementor-container elementor-column-gap-default\">\n\t\t\t\t\t<div class=\"elementor-column elementor-col-50 elementor-inner-column elementor-element elementor-element-58338543\" data-id=\"58338543\" data-element_type=\"column\" data-e-type=\"column\">\n\t\t\t<div class=\"elementor-widget-wrap elementor-element-populated\">\n\t\t\t\t\t\t<div class=\"elementor-element elementor-element-464b2e11 elementor-widget elementor-widget-text-editor\" data-id=\"464b2e11\" data-element_type=\"widget\" data-e-type=\"widget\" data-widget_type=\"text-editor.default\">\n\t\t\t\t<div class=\"elementor-widget-container\">\n\t\t\t\t\t\t\t\t\t<p>A Dermo tem 30 anos de experi\u00eancia na fabrica\u00e7\u00e3o e design de\u00a0<strong>produtos de limpeza<\/strong>. Ao longo dos anos temos aperfei\u00e7oado t\u00e9cnicas e f\u00f3rmulas para atingir\u00a0<strong>produtos de limpeza<\/strong>\u00a0mais espec\u00edfico, como produto de\u00a0<strong>limpeza<\/strong>\u00a0para\u00a0<strong>hot\u00e9is<\/strong>.<\/p><p>Sabemos que o\u00a0<strong>hot\u00e9is<\/strong>\u00a0precisar\u00a0<strong>produtos de limpeza<\/strong>\u00a0espec\u00edfico, manter diariamente a devida higiene nas suas instala\u00e7\u00f5es, de forma a apresentar a melhor imagem dos seus quartos aos clientes, bem como nas \u00e1reas comuns; Recep\u00e7\u00e3o, lobby, banheiros e elevadores devem oferecer uma imagem impec\u00e1vel, perfeita, com um aroma suave e agrad\u00e1vel, que promova conforto e convide voc\u00ea a permanecer mais tempo no hotel.<\/p><p>Em nosso cat\u00e1logo voc\u00ea pode encontrar muitos\u00a0<strong>produtos de limpeza<\/strong>, entre os quais se encontram os detergentes para\u00a0<strong>hot\u00e9is<\/strong>\u00a0e\u00a0<strong>produtos de limpeza\u00a0<\/strong>focado na limpeza\u00a0<strong>hot\u00e9is<\/strong>\u00a0e grandes espa\u00e7os, em geral.<\/p><p><strong>Produtos Dermo para limpeza de hot\u00e9is<\/strong><br \/><a href=\"https:\/\/dermo.com\/pt\/catalogo\/es\/maquinas-de-lavar-louca-automaticas\/54-fial2.html\/\">2 finais<\/a>\u00a0\u00e9 um\u00a0<strong>produto<\/strong>\u00a0detergente l\u00edquido, para o\u00a0<strong>limpeza<\/strong>\u00a0de\u00a0<strong>hot\u00e9is<\/strong>, especificamente para lavar lou\u00e7as em m\u00e1quinas autom\u00e1ticas. \u00c9 alcalino, com espuma controlada e alto poder de limpeza. Protege as partes met\u00e1licas e os circuitos da m\u00e1quina, evitando a corros\u00e3o. Est\u00e1 dispon\u00edvel em 4 variedades: Fial 1, Fial 2, Fial 3, Fial 4, de acordo com seu poder crescente de sequestrar \u00edons de c\u00e1lcio e magn\u00e9sio da \u00e1gua dura.<\/p>\t\t\t\t\t\t\t\t<\/div>\n\t\t\t\t<\/div>\n\t\t\t\t\t<\/div>\n\t\t<\/div>\n\t\t\t\t<div class=\"elementor-column elementor-col-50 elementor-inner-column elementor-element elementor-element-6bb2a86 elementor-invisible\" data-id=\"6bb2a86\" data-element_type=\"column\" data-e-type=\"column\" data-settings=\"{&quot;animation&quot;:&quot;bounceInRight&quot;}\">\n\t\t\t<div class=\"elementor-widget-wrap elementor-element-populated\">\n\t\t\t\t\t\t<div class=\"elementor-element elementor-element-16e2c20 elementor-widget__width-initial elementor-widget elementor-widget-elementskit-contact-form7\" data-id=\"16e2c20\" data-element_type=\"widget\" data-e-type=\"widget\" data-widget_type=\"elementskit-contact-form7.default\">\n\t\t\t\t<div class=\"elementor-widget-container\">\n\t\t\t\t\t<div class=\"ekit-wid-con\" ><div class=\"ekit-form\">\n<div class=\"wpcf7 no-js\" id=\"wpcf7-f13292-p12780-o1\" lang=\"es-ES\" dir=\"ltr\" data-wpcf7-id=\"13292\">\n<div class=\"screen-reader-response\"><p role=\"status\" aria-live=\"polite\" aria-atomic=\"true\"><\/p> <ul><\/ul><\/div>\n<form action=\"\/pt\/produtos-de-limpeza-para-hoteis\/#wpcf7-f13292-p12780-o1\" method=\"post\" class=\"wpcf7-form init\" aria-label=\"Formulario de contacto\" novalidate=\"novalidate\" data-status=\"init\" data-no-translation-aria-label=\"\" data-trp-original-action=\"\/fr\/productos-de-limpieza-para-hoteles\/#wpcf7-f13292-p12780-o1\">\n<fieldset class=\"hidden-fields-container\"><input type=\"hidden\" name=\"_wpcf7\" value=\"13292\" \/><input type=\"hidden\" name=\"_wpcf7_version\" value=\"6.1.5\" \/><input type=\"hidden\" name=\"_wpcf7_locale\" value=\"es_ES\" \/><input type=\"hidden\" name=\"_wpcf7_unit_tag\" value=\"wpcf7-f13292-p12780-o1\" \/><input type=\"hidden\" name=\"_wpcf7_container_post\" value=\"12780\" \/><input type=\"hidden\" name=\"_wpcf7_posted_data_hash\" value=\"\" \/><input type=\"hidden\" name=\"_wpcf7_recaptcha_response\" value=\"\" \/>\n<\/fieldset>\n<div style=\"display: flex; gap: 10px;\">\n\t<div style=\"width: 50%;\">\n\t\t<p><span class=\"wpcf7-form-control-wrap\" data-name=\"your-name\"><input size=\"40\" maxlength=\"400\" class=\"wpcf7-form-control wpcf7-text wpcf7-validates-as-required\" aria-required=\"true\" aria-invalid=\"false\" placeholder=\"Nome\" value=\"\" type=\"text\" name=\"your-name\" \/><\/span>\n\t\t<\/p>\n\t<\/div>\n\t<div style=\"width: 50%;\">\n\t\t<p><span class=\"wpcf7-form-control-wrap\" data-name=\"your-phone\"><input size=\"40\" maxlength=\"400\" class=\"wpcf7-form-control wpcf7-tel wpcf7-validates-as-required wpcf7-text wpcf7-validates-as-tel\" aria-required=\"true\" aria-invalid=\"false\" placeholder=\"Telefone\" value=\"\" type=\"tel\" name=\"your-phone\" \/><\/span>\n\t\t<\/p>\n\t<\/div>\n<\/div>\n<p><span class=\"wpcf7-form-control-wrap\" data-name=\"your-email\"><input size=\"40\" maxlength=\"400\" class=\"wpcf7-form-control wpcf7-email wpcf7-validates-as-required wpcf7-text wpcf7-validates-as-email\" aria-required=\"true\" aria-invalid=\"false\" placeholder=\"E-mail\" value=\"\" type=\"email\" name=\"your-email\" \/><\/span>\n<\/p>\n<div style=\"display: flex; gap: 10px;\">\n\t<div style=\"width: 50%;\">\n\t\t<p><span class=\"wpcf7-form-control-wrap\" data-name=\"your-country\"><input size=\"40\" maxlength=\"400\" class=\"wpcf7-form-control wpcf7-text wpcf7-validates-as-required\" aria-required=\"true\" aria-invalid=\"false\" placeholder=\"Pa\u00eds\" value=\"\" type=\"text\" name=\"your-country\" \/><\/span>\n\t\t<\/p>\n\t<\/div>\n\t<div style=\"width: 50%;\">\n\t\t<p><span class=\"wpcf7-form-control-wrap\" data-name=\"your-city\"><input size=\"40\" maxlength=\"400\" class=\"wpcf7-form-control wpcf7-text wpcf7-validates-as-required\" aria-required=\"true\" aria-invalid=\"false\" placeholder=\"Popula\u00e7\u00e3o\" value=\"\" type=\"text\" name=\"your-city\" \/><\/span>\n\t\t<\/p>\n\t<\/div>\n<\/div>\n<p><span class=\"wpcf7-form-control-wrap\" data-name=\"your-subject\"><select class=\"wpcf7-form-control wpcf7-select\" aria-invalid=\"false\" name=\"your-subject\"><option value=\"Quiero ser distribuidor\">Quero ser um distribuidor<\/option><option value=\"Presupuesto\">Or\u00e7amento<\/option><option value=\"Consulta\">Consulta<\/option><option value=\"Sugerencia\">Sugest\u00e3o<\/option><option value=\"Otros\">Outros<\/option><\/select><\/span>\n<\/p>\n<p><span class=\"wpcf7-form-control-wrap\" data-name=\"your-message\"><textarea cols=\"40\" rows=\"10\" maxlength=\"2000\" class=\"wpcf7-form-control wpcf7-textarea\" aria-invalid=\"false\" placeholder=\"Mensagem ou consulta\" name=\"your-message\"><\/textarea><\/span>\n<\/p>\n<div style=\"display: flex; align-items: center; gap: 10px;\">\n\t<p><span class=\"wpcf7-form-control-wrap\" data-name=\"privacy-policy\"><span class=\"wpcf7-form-control wpcf7-acceptance\"><span class=\"wpcf7-list-item\"><input type=\"checkbox\" name=\"privacy-policy\" value=\"1\" aria-invalid=\"false\" \/><\/span><\/span><\/span><label for=\"privacy-policy\" style=\"margin-left: 5px;\">Li e aceito a pol\u00edtica de privacidade.<\/label>\n\t<\/p>\n<\/div>\n<div style=\"display: flex; align-items: center; gap: 10px;\">\n\t<p><span class=\"wpcf7-form-control-wrap\" data-name=\"send-info\"><span class=\"wpcf7-form-control wpcf7-acceptance\"><span class=\"wpcf7-list-item\"><input type=\"checkbox\" name=\"send-info\" value=\"1\" aria-invalid=\"false\" \/><\/span><\/span><\/span><label for=\"send-info\" style=\"margin-left: 5px;\">Concordo em receber informa\u00e7\u00f5es.<\/label>\n\t<\/p>\n<\/div>\n<p><input class=\"wpcf7-form-control wpcf7-submit has-spinner\" type=\"submit\" value=\"Enviar\" \/>\n<\/p><div class=\"wpcf7-response-output\" aria-hidden=\"true\"><\/div>\n<input type=\"hidden\" name=\"trp-form-language\" value=\"pt\"\/><\/form>\n<\/div>\n<\/div><\/div>\t\t\t\t<\/div>\n\t\t\t\t<\/div>\n\t\t\t\t\t<\/div>\n\t\t<\/div>\n\t\t\t\t\t<\/div>\n\t\t<\/section>\n\t\t\t\t<div class=\"elementor-element elementor-element-615d68f elementor-widget elementor-widget-text-editor\" data-id=\"615d68f\" data-element_type=\"widget\" data-e-type=\"widget\" data-widget_type=\"text-editor.default\">\n\t\t\t\t<div class=\"elementor-widget-container\">\n\t\t\t\t\t\t\t\t\t<p>UM\u00a0<strong>produto<\/strong>\u00a0perfeito para limpeza\u00a0<strong>hot\u00e9is<\/strong>\u00a0ele\u00a0<a href=\"https:\/\/dermo.com\/pt\/catalogo\/es\/tratamento-do-solo\/95-f80intense.html\/\">F80 intenso<\/a>, que deixa o piso brilhante em pouco tempo e de forma muito eficaz, esfrega os pisos e os deixa impec\u00e1veis, gra\u00e7as ao seu alto poder detergente. Brilha naturalmente e pode ser usado em qualquer tipo de piso, proporcionando uma limpeza perfeita e um aroma agrad\u00e1vel e duradouro.<\/p><p>E para dar o tom\u00a0<strong>hot\u00e9is<\/strong>A Dermo tamb\u00e9m conta com ambientadores, para conseguir um aroma agrad\u00e1vel e confort\u00e1vel. Voc\u00ea pode escolher entre toda a nossa cole\u00e7\u00e3o de fragr\u00e2ncias. Um dos ambientadores mais utilizados para\u00a0<strong>hot\u00e9is<\/strong>\u00a0\u00c9 o\u00a0<a href=\"https:\/\/dermo.com\/pt\/catalogo\/es\/purificadores-de-ar\/46-tropic-golden.html\/\">Tropic Golden<\/a>, um\u00a0<strong>produto<\/strong>\u00a0l\u00edquido, com perfume especial e altamente resistente, que elimina odores por mais desagrad\u00e1veis que sejam, purificando o ambiente e deixando um cheiro muito agrad\u00e1vel e distribu\u00eddo uniformemente por todo o espa\u00e7o.<\/p><p><a href=\"https:\/\/dermo.com\/pt\/catalogo\/es\/desengordurantes\/30-audaz.html\/\">Audaz<\/a>\u00a0\u00c9 outro\u00a0<strong>produto<\/strong>\u00a0da Dermo, espec\u00edfico para o\u00a0<strong>limpeza<\/strong>\u00a0de\u00a0<strong>hot\u00e9is<\/strong>\u00a0e grandes espa\u00e7os. Este \u00e9 um produto de\u00a0<strong>limpeza<\/strong>\u00a0L\u00edquido e concentrado, com grande poder emulsionante, que dissolve gordura e sujeira. Foi desenvolvido para desengordurar todo tipo de superf\u00edcies resistentes ao pH alcalino, como pisos, paredes, mesas de trabalho, utens\u00edlios, equipamentos, etc.<\/p><p>E n\u00e3o consegu\u00edamos parar de falar sobre isso\u00a0<strong>produto<\/strong>\u00a0Dermo star, para o\u00a0<strong>limpeza<\/strong>\u00a0de\u00a0<strong>hot\u00e9is<\/strong>, assim como o detergente\u00a0<a href=\"https:\/\/dermo.com\/pt\/catalogo\/es\/lavanderia\/22-sarex-color.html\/\">Cor Sarex<\/a>, um produto completo para lavar roupas coloridas que se adapta a todas as temperaturas. Cont\u00e9m enzimas que eliminam sujeira e maus odores. Possui f\u00f3rmula potente e \u00e9 muito pr\u00e1tica para lavar roupas em\u00a0<strong>hot\u00e9is<\/strong>\u00a0e lugares onde len\u00e7\u00f3is e tecidos precisam ser limpos com frequ\u00eancia, pois isso os deixa com apar\u00eancia impec\u00e1vel e cheiro de limpeza, o que dura o dia todo.<\/p>\t\t\t\t\t\t\t\t<\/div>\n\t\t\t\t<\/div>\n\t\t\t\t\t<\/div>\n\t\t<\/div>\n\t\t\t\t\t<\/div>\n\t\t<\/section>\n\t\t\t\t<section class=\"elementor-section elementor-top-section elementor-element elementor-element-484f41e elementor-section-full_width elementor-section-height-default elementor-section-height-default elementor-invisible\" data-id=\"484f41e\" data-element_type=\"section\" data-e-type=\"section\" data-settings=\"{&quot;animation&quot;:&quot;slideInUp&quot;}\">\n\t\t\t\t\t\t<div class=\"elementor-container elementor-column-gap-default\">\n\t\t\t\t\t<div class=\"elementor-column elementor-col-100 elementor-top-column elementor-element elementor-element-19948363\" data-id=\"19948363\" data-element_type=\"column\" data-e-type=\"column\">\n\t\t\t<div class=\"elementor-widget-wrap elementor-element-populated\">\n\t\t\t\t\t\t<div class=\"elementor-element elementor-element-339044a4 elementor-widget elementor-widget-google_maps\" data-id=\"339044a4\" data-element_type=\"widget\" data-e-type=\"widget\" data-widget_type=\"google_maps.default\">\n\t\t\t\t<div class=\"elementor-widget-container\">\n\t\t\t\t\t\t\t<div class=\"elementor-custom-embed\">\n\t\t\t<iframe loading=\"lazy\"\n\t\t\t\t\tsrc=\"https:\/\/maps.google.com\/maps?q=C%2F%20Pintor%20Joan%20Miro%2C%2016.%20Pol.%20Ind.%20Can%20Humet%20de%20Dalt%2C%2008213%20Poliny%C3%A0.%20Barcelona&#038;t=m&#038;z=15&#038;output=embed&#038;iwloc=near\"\n\t\t\t\t\ttitle=\"C\/ Pintor Joan Miro, 16. Pol. Ind. Can Humet de Dalt, 08213 Poliny\u00e0. Barcelona\"\n\t\t\t\t\taria-label=\"C\/ Pintor Joan Miro, 16. Pol. Ind. Can Humet de Dalt, 08213 Poliny\u00e0. Barcelona\"\n\t\t\t><\/iframe>\n\t\t<\/div>\n\t\t\t\t\t\t<\/div>\n\t\t\t\t<\/div>\n\t\t\t\t\t<\/div>\n\t\t<\/div>\n\t\t\t\t\t<\/div>\n\t\t<\/section>\n\t\t\t\t<\/div>","protected":false},"excerpt":{"rendered":"<p>A Dermo possui 30 anos de experi\u00eancia na fabrica\u00e7\u00e3o e design de produtos de limpeza. Ao longo dos anos, aperfei\u00e7oamos t\u00e9cnicas e f\u00f3rmulas para criar produtos de limpeza mais espec\u00edficos, como produtos de limpeza para hot\u00e9is. Sabemos que os hot\u00e9is precisam de produtos de limpeza espec\u00edficos para manter a higiene adequada em suas instala\u00e7\u00f5es diariamente, com\u2026&nbsp;<a href=\"https:\/\/dermo.com\/pt\/produtos-de-limpeza-para-hoteis\/\" rel=\"bookmark\">Ler mais \u00bb<span class=\"screen-reader-text\">Produtos de limpeza para hot\u00e9is<\/span><\/a><\/p>","protected":false},"author":2,"featured_media":0,"parent":0,"menu_order":0,"comment_status":"closed","ping_status":"closed","template":"page-templates\/template-pagebuilder-full-width.php","meta":{"neve_meta_sidebar":"","neve_meta_container":"","neve_meta_enable_content_width":"","neve_meta_content_width":0,"neve_meta_title_alignment":"","neve_meta_author_avatar":"","neve_post_elements_order":"","neve_meta_disable_header":"","neve_meta_disable_footer":"","neve_meta_disable_title":"","footnotes":""},"class_list":["post-12780","page","type-page","status-publish","hentry"],"yoast_head":"<!-- This site is optimized with the Yoast SEO plugin v27.0 - https:\/\/yoast.com\/product\/yoast-seo-wordpress\/ -->\n<title>Productos de limpieza para hoteles - Dermo | F\u00e1brica de detergentes<\/title>\n<meta name=\"robots\" content=\"index, follow, max-snippet:-1, max-image-preview:large, max-video-preview:-1\" \/>\n<link rel=\"canonical\" href=\"https:\/\/dermo.com\/pt\/produtos-de-limpeza-para-hoteis\/\" \/>\n<meta property=\"og:locale\" content=\"pt_PT\" \/>\n<meta property=\"og:type\" content=\"article\" \/>\n<meta property=\"og:title\" content=\"Productos de limpieza para hoteles - Dermo | F\u00e1brica de detergentes\" \/>\n<meta property=\"og:description\" content=\"Dermo cuenta con 30 a\u00f1os de experiencia en la fabricaci\u00f3n y el dise\u00f1o de\u00a0productos de limpieza. A lo largo de estos a\u00f1os hemos ido perfeccionando t\u00e9cnicas y f\u00f3rmulas, para conseguir\u00a0productos de limpieza\u00a0m\u00e1s espec\u00edficos, como por ejemplo producto de\u00a0limpieza\u00a0para\u00a0hoteles. Sabemos que los\u00a0hoteles\u00a0necesitan\u00a0productos de limpieza\u00a0espec\u00edficos, para mantener una correcta higiene en sus instalaciones, de forma diaria, con&hellip;&nbsp;Ler mais &raquo;Productos de limpieza para hoteles\" \/>\n<meta property=\"og:url\" content=\"https:\/\/dermo.com\/pt\/produtos-de-limpeza-para-hoteis\/\" \/>\n<meta property=\"og:site_name\" content=\"Dermo | F\u00e1brica de detergentes\" \/>\n<meta property=\"article:modified_time\" content=\"2025-02-19T11:30:48+00:00\" \/>\n<meta name=\"twitter:card\" content=\"summary_large_image\" \/>\n<meta name=\"twitter:label1\" content=\"Tempo estimado de leitura\" \/>\n\t<meta name=\"twitter:data1\" content=\"3 minutos\" \/>\n<script type=\"application\/ld+json\" class=\"yoast-schema-graph\">{\"@context\":\"https:\/\/schema.org\",\"@graph\":[{\"@type\":\"WebPage\",\"@id\":\"https:\/\/dermo.com\/productos-de-limpieza-para-hoteles\/\",\"url\":\"https:\/\/dermo.com\/productos-de-limpieza-para-hoteles\/\",\"name\":\"Productos de limpieza para hoteles - Dermo | F\u00e1brica de detergentes\",\"isPartOf\":{\"@id\":\"https:\/\/dermo.com\/#website\"},\"datePublished\":\"2025-01-31T09:22:05+00:00\",\"dateModified\":\"2025-02-19T11:30:48+00:00\",\"breadcrumb\":{\"@id\":\"https:\/\/dermo.com\/productos-de-limpieza-para-hoteles\/#breadcrumb\"},\"inLanguage\":\"pt-PT\",\"potentialAction\":[{\"@type\":\"ReadAction\",\"target\":[\"https:\/\/dermo.com\/productos-de-limpieza-para-hoteles\/\"]}]},{\"@type\":\"BreadcrumbList\",\"@id\":\"https:\/\/dermo.com\/productos-de-limpieza-para-hoteles\/#breadcrumb\",\"itemListElement\":[{\"@type\":\"ListItem\",\"position\":1,\"name\":\"Portada\",\"item\":\"https:\/\/dermo.com\/\"},{\"@type\":\"ListItem\",\"position\":2,\"name\":\"Productos de limpieza para hoteles\"}]},{\"@type\":\"WebSite\",\"@id\":\"https:\/\/dermo.com\/#website\",\"url\":\"https:\/\/dermo.com\/\",\"name\":\"Dermo | F\u00e1brica de detergentes\",\"description\":\"Tecnolog\u00eda avanzada, investigaci\u00f3n y desarrollo, respeto por el medio ambiente, competencia, formaci\u00f3n constante y alto nivel de profesionalidad en nuestro equipo humano, empe\u00f1ado en preservar la calidad de vida, la protecci\u00f3n del entorno natural contin\u00faan motiv\u00e1ndonos para desarrollar en nuestros laboratorios nuevos productos con ingredientes activos altamente biodegradables que hacen posible un desarrollo sostenible.\",\"potentialAction\":[{\"@type\":\"SearchAction\",\"target\":{\"@type\":\"EntryPoint\",\"urlTemplate\":\"https:\/\/dermo.com\/?s={search_term_string}\"},\"query-input\":{\"@type\":\"PropertyValueSpecification\",\"valueRequired\":true,\"valueName\":\"search_term_string\"}}],\"inLanguage\":\"pt-PT\"}]}<\/script>\n<!-- \/ Yoast SEO plugin. -->","yoast_head_json":{"title":"Produtos de limpeza para hot\u00e9is - Dermo | F\u00e1brica de detergentes","robots":{"index":"index","follow":"follow","max-snippet":"max-snippet:-1","max-image-preview":"max-image-preview:large","max-video-preview":"max-video-preview:-1"},"canonical":"https:\/\/dermo.com\/pt\/produtos-de-limpeza-para-hoteis\/","og_locale":"pt_PT","og_type":"article","og_title":"Productos de limpieza para hoteles - Dermo | F\u00e1brica de detergentes","og_description":"Dermo cuenta con 30 a\u00f1os de experiencia en la fabricaci\u00f3n y el dise\u00f1o de\u00a0productos de limpieza. A lo largo de estos a\u00f1os hemos ido perfeccionando t\u00e9cnicas y f\u00f3rmulas, para conseguir\u00a0productos de limpieza\u00a0m\u00e1s espec\u00edficos, como por ejemplo producto de\u00a0limpieza\u00a0para\u00a0hoteles. Sabemos que los\u00a0hoteles\u00a0necesitan\u00a0productos de limpieza\u00a0espec\u00edficos, para mantener una correcta higiene en sus instalaciones, de forma diaria, con&hellip;&nbsp;Ler mais &raquo;Productos de limpieza para hoteles","og_url":"https:\/\/dermo.com\/pt\/produtos-de-limpeza-para-hoteis\/","og_site_name":"Dermo | F\u00e1brica de detergentes","article_modified_time":"2025-02-19T11:30:48+00:00","twitter_card":"summary_large_image","twitter_misc":{"Tempo estimado de leitura":"3 minutos"},"schema":{"@context":"https:\/\/schema.org","@graph":[{"@type":"WebPage","@id":"https:\/\/dermo.com\/productos-de-limpieza-para-hoteles\/","url":"https:\/\/dermo.com\/productos-de-limpieza-para-hoteles\/","name":"Produtos de limpeza para hot\u00e9is - Dermo | F\u00e1brica de detergentes","isPartOf":{"@id":"https:\/\/dermo.com\/#website"},"datePublished":"2025-01-31T09:22:05+00:00","dateModified":"2025-02-19T11:30:48+00:00","breadcrumb":{"@id":"https:\/\/dermo.com\/productos-de-limpieza-para-hoteles\/#breadcrumb"},"inLanguage":"pt-PT","potentialAction":[{"@type":"ReadAction","target":["https:\/\/dermo.com\/productos-de-limpieza-para-hoteles\/"]}]},{"@type":"BreadcrumbList","@id":"https:\/\/dermo.com\/productos-de-limpieza-para-hoteles\/#breadcrumb","itemListElement":[{"@type":"ListItem","position":1,"name":"Portada","item":"https:\/\/dermo.com\/"},{"@type":"ListItem","position":2,"name":"Productos de limpieza para hoteles"}]},{"@type":"WebSite","@id":"https:\/\/dermo.com\/#website","url":"https:\/\/dermo.com\/","name":"Dermo | f\u00e1brica de detergentes","description":"A tecnologia avan\u00e7ada, a investiga\u00e7\u00e3o e desenvolvimento, o respeito pelo ambiente, a compet\u00eancia, a forma\u00e7\u00e3o constante e o elevado n\u00edvel de profissionalismo da nossa equipa humana, comprometida com a preserva\u00e7\u00e3o da qualidade de vida, a protec\u00e7\u00e3o do ambiente natural continuam a motivar-nos a desenvolver novos produtos nos nossos laborat\u00f3rios com princ\u00edpios ativos altamente biodegrad\u00e1veis que possibilitam o desenvolvimento sustent\u00e1vel.","potentialAction":[{"@type":"SearchAction","target":{"@type":"EntryPoint","urlTemplate":"https:\/\/dermo.com\/?s={search_term_string}"},"query-input":{"@type":"PropertyValueSpecification","valueRequired":true,"valueName":"search_term_string"}}],"inLanguage":"pt-PT"}]}},"_links":{"self":[{"href":"https:\/\/dermo.com\/pt\/wp-json\/wp\/v2\/pages\/12780","targetHints":{"allow":["GET"]}}],"collection":[{"href":"https:\/\/dermo.com\/pt\/wp-json\/wp\/v2\/pages"}],"about":[{"href":"https:\/\/dermo.com\/pt\/wp-json\/wp\/v2\/types\/page"}],"author":[{"embeddable":true,"href":"https:\/\/dermo.com\/pt\/wp-json\/wp\/v2\/users\/2"}],"replies":[{"embeddable":true,"href":"https:\/\/dermo.com\/pt\/wp-json\/wp\/v2\/comments?post=12780"}],"version-history":[{"count":7,"href":"https:\/\/dermo.com\/pt\/wp-json\/wp\/v2\/pages\/12780\/revisions"}],"predecessor-version":[{"id":13690,"href":"https:\/\/dermo.com\/pt\/wp-json\/wp\/v2\/pages\/12780\/revisions\/13690"}],"wp:attachment":[{"href":"https:\/\/dermo.com\/pt\/wp-json\/wp\/v2\/media?parent=12780"}],"curies":[{"name":"wp","href":"https:\/\/api.w.org\/{rel}","templated":true}]}}