{"id":12797,"date":"2025-01-31T10:28:05","date_gmt":"2025-01-31T09:28:05","guid":{"rendered":"https:\/\/dermo.com\/?page_id=12797"},"modified":"2025-02-19T11:56:02","modified_gmt":"2025-02-19T10:56:02","slug":"fabrica-de-detergentes-de-marca-branca","status":"publish","type":"page","link":"https:\/\/dermo.com\/pt\/fabrica-de-detergentes-de-marca-branca\/","title":{"rendered":"F\u00e1brica de detergentes de marca branca"},"content":{"rendered":"<div data-elementor-type=\"wp-page\" data-elementor-id=\"12797\" class=\"elementor elementor-12797\" data-elementor-post-type=\"page\">\n\t\t\t\t\t\t<section class=\"elementor-section elementor-top-section elementor-element elementor-element-a02683f elementor-section-boxed elementor-section-height-default elementor-section-height-default\" data-id=\"a02683f\" data-element_type=\"section\" data-e-type=\"section\" data-settings=\"{&quot;background_background&quot;:&quot;classic&quot;}\">\n\t\t\t\t\t\t\t<div class=\"elementor-background-overlay\"><\/div>\n\t\t\t\t\t\t\t<div class=\"elementor-container elementor-column-gap-default\">\n\t\t\t\t\t<div class=\"elementor-column elementor-col-100 elementor-top-column elementor-element elementor-element-f99dbff\" data-id=\"f99dbff\" data-element_type=\"column\" data-e-type=\"column\">\n\t\t\t<div class=\"elementor-widget-wrap elementor-element-populated\">\n\t\t\t\t\t\t\t<\/div>\n\t\t<\/div>\n\t\t\t\t\t<\/div>\n\t\t<\/section>\n\t\t\t\t<section class=\"elementor-section elementor-top-section elementor-element elementor-element-233ad3a4 elementor-section-boxed elementor-section-height-default elementor-section-height-default\" data-id=\"233ad3a4\" data-element_type=\"section\" data-e-type=\"section\">\n\t\t\t\t\t\t<div class=\"elementor-container elementor-column-gap-default\">\n\t\t\t\t\t<div class=\"elementor-column elementor-col-100 elementor-top-column elementor-element elementor-element-3244e578\" data-id=\"3244e578\" data-element_type=\"column\" data-e-type=\"column\">\n\t\t\t<div class=\"elementor-widget-wrap elementor-element-populated\">\n\t\t\t\t\t\t<section class=\"elementor-section elementor-inner-section elementor-element elementor-element-1a7040c2 elementor-section-content-middle elementor-section-boxed elementor-section-height-default elementor-section-height-default\" data-id=\"1a7040c2\" data-element_type=\"section\" data-e-type=\"section\">\n\t\t\t\t\t\t<div class=\"elementor-container elementor-column-gap-default\">\n\t\t\t\t\t<div class=\"elementor-column elementor-col-50 elementor-inner-column elementor-element elementor-element-58338543\" data-id=\"58338543\" data-element_type=\"column\" data-e-type=\"column\">\n\t\t\t<div class=\"elementor-widget-wrap elementor-element-populated\">\n\t\t\t\t\t\t<div class=\"elementor-element elementor-element-464b2e11 elementor-widget elementor-widget-text-editor\" data-id=\"464b2e11\" data-element_type=\"widget\" data-e-type=\"widget\" data-widget_type=\"text-editor.default\">\n\t\t\t\t<div class=\"elementor-widget-container\">\n\t\t\t\t\t\t\t\t\t<div id=\"lipsum\"><div class=\"wpb_text_column wpb_content_element\"><div class=\"wpb_wrapper\"><p><strong>Dermo SA,\u00a0<\/strong>\u00c9 seu\u00a0<strong>f\u00e1brica de detergentes<\/strong>\u00a0com uma longa hist\u00f3ria no setor de\u00a0<strong>limpeza\u00a0<\/strong>e o\u00a0<strong>higiene<\/strong>\u00a0h\u00e1 mais de 25 anos, com um objetivo claro e firme focado em alcan\u00e7ar a satisfa\u00e7\u00e3o de todos os nossos clientes, oferecendo um servi\u00e7o que respeitamos e que, com paix\u00e3o, estabelecemos: o desenvolvimento e a cria\u00e7\u00e3o de\u00a0<strong>detergentes<\/strong>\u00a0e acess\u00f3rios e complementos em\u00a0<strong>limpeza<\/strong>\u00a0e\u00a0<strong>higiene.<\/strong>\u00a0O\u00a0<strong>limpeza<\/strong>\u00a0e o\u00a0<strong>higiene<\/strong>\u00a0Elas foram subestimadas e n\u00e3o consideradas uma necessidade prim\u00e1ria em muitos casos, mas a verdade \u00e9 que \u00e9 justamente gra\u00e7as a elas que aproveitamos cada momento que vivemos. Aproveite os produtos que certificam isso\u00a0<strong>limpeza<\/strong>\u00a0e\u00a0<strong>higiene<\/strong>, como\u00a0<strong>detergentes<\/strong>, \u00e9 o servi\u00e7o em que somos mais especializados\u00a0<strong>Dermo SA<\/strong>., e por quem sentimos devo\u00e7\u00e3o e respeito genu\u00edno. O comprometimento e a responsabilidade que sentimos pelo trabalho que realizamos nos permitem garantir a satisfa\u00e7\u00e3o dos nossos clientes que, por sua vez, aumentam a nossa pr\u00f3pria satisfa\u00e7\u00e3o.<\/p><p>Em\u00a0<strong>Dermo SA<\/strong>\u00a0N\u00f3s nos especializamos na produ\u00e7\u00e3o de nossos pr\u00f3prios\u00a0<strong>detergentes<\/strong>, n\u00e3o s\u00f3 o nosso\u00a0<strong>marca<\/strong>, mas tamb\u00e9m na cria\u00e7\u00e3o de produtos pr\u00f3prios para os nossos clientes, gerando os seus pr\u00f3prios\u00a0<strong>marca branca<\/strong>\u00a0em produtos de\u00a0<strong>higiene<\/strong>\u00a0e\u00a0<strong>limpeza<\/strong>\u00a0para marketing. Produtos como amaciadores, lava-lou\u00e7as, abrilhantadores, descalcificadores ou limpadores, al\u00e9m dos nossos mais do que reconhecidos\u00a0<strong>detergentes<\/strong>, com m\u00faltiplas utiliza\u00e7\u00f5es ao n\u00edvel\u00a0<strong>dom\u00e9stico<\/strong>\u00a0e\u00a0<strong>industrial,<\/strong> para consumidores nacionais e internacionais, garantindo suas necessidades com um servi\u00e7o com resultados satisfat\u00f3rios e bem-sucedidos.<\/p><\/div><\/div><\/div>\t\t\t\t\t\t\t\t<\/div>\n\t\t\t\t<\/div>\n\t\t\t\t\t<\/div>\n\t\t<\/div>\n\t\t\t\t<div class=\"elementor-column elementor-col-50 elementor-inner-column elementor-element elementor-element-18045a1 elementor-invisible\" data-id=\"18045a1\" data-element_type=\"column\" data-e-type=\"column\" data-settings=\"{&quot;animation&quot;:&quot;bounceInRight&quot;}\">\n\t\t\t<div class=\"elementor-widget-wrap elementor-element-populated\">\n\t\t\t\t\t\t<div class=\"elementor-element elementor-element-4806f42 elementor-widget__width-initial elementor-widget elementor-widget-elementskit-contact-form7\" data-id=\"4806f42\" data-element_type=\"widget\" data-e-type=\"widget\" data-widget_type=\"elementskit-contact-form7.default\">\n\t\t\t\t<div class=\"elementor-widget-container\">\n\t\t\t\t\t<div class=\"ekit-wid-con\" ><div class=\"ekit-form\">\n<div class=\"wpcf7 no-js\" id=\"wpcf7-f13292-p12797-o1\" lang=\"es-ES\" dir=\"ltr\" data-wpcf7-id=\"13292\">\n<div class=\"screen-reader-response\"><p role=\"status\" aria-live=\"polite\" aria-atomic=\"true\"><\/p> <ul><\/ul><\/div>\n<form action=\"\/pt\/fabrica-de-detergentes-de-marca-branca\/#wpcf7-f13292-p12797-o1\" method=\"post\" class=\"wpcf7-form init\" aria-label=\"Formulario de contacto\" novalidate=\"novalidate\" data-status=\"init\" data-no-translation-aria-label=\"\" data-trp-original-action=\"\/pt\/fabrica-detergentes-marca-blanca\/#wpcf7-f13292-p12797-o1\">\n<fieldset class=\"hidden-fields-container\"><input type=\"hidden\" name=\"_wpcf7\" value=\"13292\" \/><input type=\"hidden\" name=\"_wpcf7_version\" value=\"6.1.5\" \/><input type=\"hidden\" name=\"_wpcf7_locale\" value=\"es_ES\" \/><input type=\"hidden\" name=\"_wpcf7_unit_tag\" value=\"wpcf7-f13292-p12797-o1\" \/><input type=\"hidden\" name=\"_wpcf7_container_post\" value=\"12797\" \/><input type=\"hidden\" name=\"_wpcf7_posted_data_hash\" value=\"\" \/><input type=\"hidden\" name=\"_wpcf7_recaptcha_response\" value=\"\" \/>\n<\/fieldset>\n<div style=\"display: flex; gap: 10px;\">\n\t<div style=\"width: 50%;\">\n\t\t<p><span class=\"wpcf7-form-control-wrap\" data-name=\"your-name\"><input size=\"40\" maxlength=\"400\" class=\"wpcf7-form-control wpcf7-text wpcf7-validates-as-required\" aria-required=\"true\" aria-invalid=\"false\" placeholder=\"Nome\" value=\"\" type=\"text\" name=\"your-name\" \/><\/span>\n\t\t<\/p>\n\t<\/div>\n\t<div style=\"width: 50%;\">\n\t\t<p><span class=\"wpcf7-form-control-wrap\" data-name=\"your-phone\"><input size=\"40\" maxlength=\"400\" class=\"wpcf7-form-control wpcf7-tel wpcf7-validates-as-required wpcf7-text wpcf7-validates-as-tel\" aria-required=\"true\" aria-invalid=\"false\" placeholder=\"Telefone\" value=\"\" type=\"tel\" name=\"your-phone\" \/><\/span>\n\t\t<\/p>\n\t<\/div>\n<\/div>\n<p><span class=\"wpcf7-form-control-wrap\" data-name=\"your-email\"><input size=\"40\" maxlength=\"400\" class=\"wpcf7-form-control wpcf7-email wpcf7-validates-as-required wpcf7-text wpcf7-validates-as-email\" aria-required=\"true\" aria-invalid=\"false\" placeholder=\"E-mail\" value=\"\" type=\"email\" name=\"your-email\" \/><\/span>\n<\/p>\n<div style=\"display: flex; gap: 10px;\">\n\t<div style=\"width: 50%;\">\n\t\t<p><span class=\"wpcf7-form-control-wrap\" data-name=\"your-country\"><input size=\"40\" maxlength=\"400\" class=\"wpcf7-form-control wpcf7-text wpcf7-validates-as-required\" aria-required=\"true\" aria-invalid=\"false\" placeholder=\"Pa\u00eds\" value=\"\" type=\"text\" name=\"your-country\" \/><\/span>\n\t\t<\/p>\n\t<\/div>\n\t<div style=\"width: 50%;\">\n\t\t<p><span class=\"wpcf7-form-control-wrap\" data-name=\"your-city\"><input size=\"40\" maxlength=\"400\" class=\"wpcf7-form-control wpcf7-text wpcf7-validates-as-required\" aria-required=\"true\" aria-invalid=\"false\" placeholder=\"Popula\u00e7\u00e3o\" value=\"\" type=\"text\" name=\"your-city\" \/><\/span>\n\t\t<\/p>\n\t<\/div>\n<\/div>\n<p><span class=\"wpcf7-form-control-wrap\" data-name=\"your-subject\"><select class=\"wpcf7-form-control wpcf7-select\" aria-invalid=\"false\" name=\"your-subject\"><option value=\"Quiero ser distribuidor\">Quero ser um distribuidor<\/option><option value=\"Presupuesto\">Or\u00e7amento<\/option><option value=\"Consulta\">Consulta<\/option><option value=\"Sugerencia\">Sugest\u00e3o<\/option><option value=\"Otros\">Outros<\/option><\/select><\/span>\n<\/p>\n<p><span class=\"wpcf7-form-control-wrap\" data-name=\"your-message\"><textarea cols=\"40\" rows=\"10\" maxlength=\"2000\" class=\"wpcf7-form-control wpcf7-textarea\" aria-invalid=\"false\" placeholder=\"Mensagem ou consulta\" name=\"your-message\"><\/textarea><\/span>\n<\/p>\n<div style=\"display: flex; align-items: center; gap: 10px;\">\n\t<p><span class=\"wpcf7-form-control-wrap\" data-name=\"privacy-policy\"><span class=\"wpcf7-form-control wpcf7-acceptance\"><span class=\"wpcf7-list-item\"><input type=\"checkbox\" name=\"privacy-policy\" value=\"1\" aria-invalid=\"false\" \/><\/span><\/span><\/span><label for=\"privacy-policy\" style=\"margin-left: 5px;\">Li e aceito a pol\u00edtica de privacidade.<\/label>\n\t<\/p>\n<\/div>\n<div style=\"display: flex; align-items: center; gap: 10px;\">\n\t<p><span class=\"wpcf7-form-control-wrap\" data-name=\"send-info\"><span class=\"wpcf7-form-control wpcf7-acceptance\"><span class=\"wpcf7-list-item\"><input type=\"checkbox\" name=\"send-info\" value=\"1\" aria-invalid=\"false\" \/><\/span><\/span><\/span><label for=\"send-info\" style=\"margin-left: 5px;\">Concordo em receber informa\u00e7\u00f5es.<\/label>\n\t<\/p>\n<\/div>\n<p><input class=\"wpcf7-form-control wpcf7-submit has-spinner\" type=\"submit\" value=\"Enviar\" \/>\n<\/p><div class=\"wpcf7-response-output\" aria-hidden=\"true\"><\/div>\n<input type=\"hidden\" name=\"trp-form-language\" value=\"pt\"\/><\/form>\n<\/div>\n<\/div><\/div>\t\t\t\t<\/div>\n\t\t\t\t<\/div>\n\t\t\t\t\t<\/div>\n\t\t<\/div>\n\t\t\t\t\t<\/div>\n\t\t<\/section>\n\t\t\t\t<div class=\"elementor-element elementor-element-615d68f elementor-widget elementor-widget-text-editor\" data-id=\"615d68f\" data-element_type=\"widget\" data-e-type=\"widget\" data-widget_type=\"text-editor.default\">\n\t\t\t\t<div class=\"elementor-widget-container\">\n\t\t\t\t\t\t\t\t\t<div class=\"wpb_text_column wpb_content_element\"><div class=\"wpb_wrapper\"><p>Gra\u00e7as ao esfor\u00e7o colocado em cada atividade realizada por todos e cada um dos membros que comp\u00f5em esta\u00a0<strong>f\u00e1brica de<\/strong>\u00a0<strong>detergentes<\/strong>,\u00a0<strong>Dermo SA<\/strong>, e valores que estimulam o sim do nosso trabalho: perseveran\u00e7a, profissionalismo, sacrif\u00edcio e envolvimento em querer oferecer sempre\u00a0<strong>detergentes<\/strong>\u00a0e servi\u00e7os com o merecido grau de excel\u00eancia, respondendo ao compromisso com nossos clientes e garantindo-lhes a cobertura desta necessidade essencial. \u00c9 por tudo isso que,\u00a0<strong>Dermo SA,\u00a0<\/strong>Com tantos anos de trabalho e conhecimento do setor e de todas as pessoas que dele dependem, conseguiu posicionar-se como uma das\u00a0<strong>f\u00e1bricas de detergentes<\/strong>\u00a0uma refer\u00eancia tanto em nosso pa\u00eds como nos 34 pa\u00edses onde nossos produtos est\u00e3o presentes.<\/p><p><strong>Dermo SA<\/strong>, com um car\u00e1ter unido e uma personalidade baseada no trabalho em equipe, como uma fam\u00edlia inteira, tornou-se uma\u00a0<strong>f\u00e1brica de detergentes<\/strong>\u00a0apresenta uma ampla gama de produtos eficientes, eficazes e comprometidos em satisfazer essa necessidade de primeira inst\u00e2ncia que \u00e9 a\u00a0<strong>higiene<\/strong>\u00a0e o\u00a0<strong>limpeza<\/strong>, com aten\u00e7\u00e3o exclusiva, personalizada e detalhada para cuidar desses produtos e\u00a0<strong>detergentes<\/strong>\u00a0de\u00a0<strong>marca branca<\/strong>\u00a0qualidade, que estabelecer\u00e1 as bases para um relacionamento que certamente durar\u00e1.\u00a0<strong>Dermo SA<\/strong>, seu\u00a0<strong>f\u00e1brica de detergentes<\/strong>\u00a0confi\u00e1vel.<\/p><\/div><\/div>\t\t\t\t\t\t\t\t<\/div>\n\t\t\t\t<\/div>\n\t\t\t\t\t<\/div>\n\t\t<\/div>\n\t\t\t\t\t<\/div>\n\t\t<\/section>\n\t\t\t\t<section class=\"elementor-section elementor-top-section elementor-element elementor-element-484f41e elementor-section-full_width elementor-section-height-default elementor-section-height-default elementor-invisible\" data-id=\"484f41e\" data-element_type=\"section\" data-e-type=\"section\" data-settings=\"{&quot;animation&quot;:&quot;slideInUp&quot;}\">\n\t\t\t\t\t\t<div class=\"elementor-container elementor-column-gap-default\">\n\t\t\t\t\t<div class=\"elementor-column elementor-col-100 elementor-top-column elementor-element elementor-element-19948363\" data-id=\"19948363\" data-element_type=\"column\" data-e-type=\"column\">\n\t\t\t<div class=\"elementor-widget-wrap elementor-element-populated\">\n\t\t\t\t\t\t<div class=\"elementor-element elementor-element-339044a4 elementor-widget elementor-widget-google_maps\" data-id=\"339044a4\" data-element_type=\"widget\" data-e-type=\"widget\" data-widget_type=\"google_maps.default\">\n\t\t\t\t<div class=\"elementor-widget-container\">\n\t\t\t\t\t\t\t<div class=\"elementor-custom-embed\">\n\t\t\t<iframe loading=\"lazy\"\n\t\t\t\t\tsrc=\"https:\/\/maps.google.com\/maps?q=C%2F%20Pintor%20Joan%20Miro%2C%2016.%20Pol.%20Ind.%20Can%20Humet%20de%20Dalt%2C%2008213%20Poliny%C3%A0.%20Barcelona&#038;t=m&#038;z=15&#038;output=embed&#038;iwloc=near\"\n\t\t\t\t\ttitle=\"C\/ Pintor Joan Miro, 16. Pol. Ind. Can Humet de Dalt, 08213 Poliny\u00e0. Barcelona\"\n\t\t\t\t\taria-label=\"C\/ Pintor Joan Miro, 16. Pol. Ind. Can Humet de Dalt, 08213 Poliny\u00e0. Barcelona\"\n\t\t\t><\/iframe>\n\t\t<\/div>\n\t\t\t\t\t\t<\/div>\n\t\t\t\t<\/div>\n\t\t\t\t\t<\/div>\n\t\t<\/div>\n\t\t\t\t\t<\/div>\n\t\t<\/section>\n\t\t\t\t<\/div>","protected":false},"excerpt":{"rendered":"<p>A Dermo SA \u00e9 a sua f\u00e1brica de detergentes com uma longa trajet\u00f3ria no setor de limpeza e higiene h\u00e1 mais de 25 anos, com um objetivo claro e firme focado na satisfa\u00e7\u00e3o do cliente, oferecendo um servi\u00e7o que respeitamos e que consolidamos com paix\u00e3o: o desenvolvimento e a cria\u00e7\u00e3o de detergentes, acess\u00f3rios e complementos.&nbsp;<a href=\"https:\/\/dermo.com\/pt\/fabrica-de-detergentes-de-marca-branca\/\" rel=\"bookmark\">Ler mais \u00bb<span class=\"screen-reader-text\">F\u00e1brica de detergentes de marca branca<\/span><\/a><\/p>","protected":false},"author":2,"featured_media":0,"parent":0,"menu_order":0,"comment_status":"closed","ping_status":"closed","template":"page-templates\/template-pagebuilder-full-width.php","meta":{"neve_meta_sidebar":"","neve_meta_container":"","neve_meta_enable_content_width":"","neve_meta_content_width":0,"neve_meta_title_alignment":"","neve_meta_author_avatar":"","neve_post_elements_order":"","neve_meta_disable_header":"","neve_meta_disable_footer":"","neve_meta_disable_title":"","footnotes":""},"class_list":["post-12797","page","type-page","status-publish","hentry"],"yoast_head":"<!-- This site is optimized with the Yoast SEO plugin v27.0 - https:\/\/yoast.com\/product\/yoast-seo-wordpress\/ -->\n<title>F\u00e1brica detergentes marca blanca - Dermo | F\u00e1brica de detergentes<\/title>\n<meta name=\"robots\" content=\"index, follow, max-snippet:-1, max-image-preview:large, max-video-preview:-1\" \/>\n<link rel=\"canonical\" href=\"https:\/\/dermo.com\/pt\/fabrica-de-detergentes-de-marca-branca\/\" \/>\n<meta property=\"og:locale\" content=\"pt_PT\" \/>\n<meta property=\"og:type\" content=\"article\" \/>\n<meta property=\"og:title\" content=\"F\u00e1brica detergentes marca blanca - Dermo | F\u00e1brica de detergentes\" \/>\n<meta property=\"og:description\" content=\"Dermo S.A.,\u00a0es vuestra\u00a0f\u00e1brica de detergentes\u00a0con una dilatada trayectoria en el sector de la\u00a0limpieza\u00a0y la\u00a0higiene\u00a0de m\u00e1s de 25 a\u00f1os, con un objetivo claro y firme focalizado en conseguir la satisfacci\u00f3n de todos nuestros clientes en el ofrecimiento de un servicio que respetamos y que, con pasi\u00f3n, hemos constituido: la elaboraci\u00f3n y creaci\u00f3n de\u00a0detergentes\u00a0y complementos y accesorios&hellip;&nbsp;Ler mais &raquo;F\u00e1brica detergentes marca blanca\" \/>\n<meta property=\"og:url\" content=\"https:\/\/dermo.com\/pt\/fabrica-de-detergentes-de-marca-branca\/\" \/>\n<meta property=\"og:site_name\" content=\"Dermo | F\u00e1brica de detergentes\" \/>\n<meta property=\"article:modified_time\" content=\"2025-02-19T10:56:02+00:00\" \/>\n<meta name=\"twitter:card\" content=\"summary_large_image\" \/>\n<meta name=\"twitter:label1\" content=\"Tempo estimado de leitura\" \/>\n\t<meta name=\"twitter:data1\" content=\"3 minutos\" \/>\n<script type=\"application\/ld+json\" class=\"yoast-schema-graph\">{\"@context\":\"https:\/\/schema.org\",\"@graph\":[{\"@type\":\"WebPage\",\"@id\":\"https:\/\/dermo.com\/fabrica-detergentes-marca-blanca\/\",\"url\":\"https:\/\/dermo.com\/fabrica-detergentes-marca-blanca\/\",\"name\":\"F\u00e1brica detergentes marca blanca - Dermo | F\u00e1brica de detergentes\",\"isPartOf\":{\"@id\":\"https:\/\/dermo.com\/#website\"},\"datePublished\":\"2025-01-31T09:28:05+00:00\",\"dateModified\":\"2025-02-19T10:56:02+00:00\",\"breadcrumb\":{\"@id\":\"https:\/\/dermo.com\/fabrica-detergentes-marca-blanca\/#breadcrumb\"},\"inLanguage\":\"pt-PT\",\"potentialAction\":[{\"@type\":\"ReadAction\",\"target\":[\"https:\/\/dermo.com\/fabrica-detergentes-marca-blanca\/\"]}]},{\"@type\":\"BreadcrumbList\",\"@id\":\"https:\/\/dermo.com\/fabrica-detergentes-marca-blanca\/#breadcrumb\",\"itemListElement\":[{\"@type\":\"ListItem\",\"position\":1,\"name\":\"Portada\",\"item\":\"https:\/\/dermo.com\/\"},{\"@type\":\"ListItem\",\"position\":2,\"name\":\"F\u00e1brica detergentes marca blanca\"}]},{\"@type\":\"WebSite\",\"@id\":\"https:\/\/dermo.com\/#website\",\"url\":\"https:\/\/dermo.com\/\",\"name\":\"Dermo | F\u00e1brica de detergentes\",\"description\":\"Tecnolog\u00eda avanzada, investigaci\u00f3n y desarrollo, respeto por el medio ambiente, competencia, formaci\u00f3n constante y alto nivel de profesionalidad en nuestro equipo humano, empe\u00f1ado en preservar la calidad de vida, la protecci\u00f3n del entorno natural contin\u00faan motiv\u00e1ndonos para desarrollar en nuestros laboratorios nuevos productos con ingredientes activos altamente biodegradables que hacen posible un desarrollo sostenible.\",\"potentialAction\":[{\"@type\":\"SearchAction\",\"target\":{\"@type\":\"EntryPoint\",\"urlTemplate\":\"https:\/\/dermo.com\/?s={search_term_string}\"},\"query-input\":{\"@type\":\"PropertyValueSpecification\",\"valueRequired\":true,\"valueName\":\"search_term_string\"}}],\"inLanguage\":\"pt-PT\"}]}<\/script>\n<!-- \/ Yoast SEO plugin. -->","yoast_head_json":{"title":"F\u00e1brica de detergentes de marca branca - Dermo | F\u00e1brica de detergentes","robots":{"index":"index","follow":"follow","max-snippet":"max-snippet:-1","max-image-preview":"max-image-preview:large","max-video-preview":"max-video-preview:-1"},"canonical":"https:\/\/dermo.com\/pt\/fabrica-de-detergentes-de-marca-branca\/","og_locale":"pt_PT","og_type":"article","og_title":"F\u00e1brica detergentes marca blanca - Dermo | F\u00e1brica de detergentes","og_description":"Dermo S.A.,\u00a0es vuestra\u00a0f\u00e1brica de detergentes\u00a0con una dilatada trayectoria en el sector de la\u00a0limpieza\u00a0y la\u00a0higiene\u00a0de m\u00e1s de 25 a\u00f1os, con un objetivo claro y firme focalizado en conseguir la satisfacci\u00f3n de todos nuestros clientes en el ofrecimiento de un servicio que respetamos y que, con pasi\u00f3n, hemos constituido: la elaboraci\u00f3n y creaci\u00f3n de\u00a0detergentes\u00a0y complementos y accesorios&hellip;&nbsp;Ler mais &raquo;F\u00e1brica detergentes marca blanca","og_url":"https:\/\/dermo.com\/pt\/fabrica-de-detergentes-de-marca-branca\/","og_site_name":"Dermo | F\u00e1brica de detergentes","article_modified_time":"2025-02-19T10:56:02+00:00","twitter_card":"summary_large_image","twitter_misc":{"Tempo estimado de leitura":"3 minutos"},"schema":{"@context":"https:\/\/schema.org","@graph":[{"@type":"WebPage","@id":"https:\/\/dermo.com\/fabrica-detergentes-marca-blanca\/","url":"https:\/\/dermo.com\/fabrica-detergentes-marca-blanca\/","name":"F\u00e1brica de detergentes de marca branca - Dermo | F\u00e1brica de detergentes","isPartOf":{"@id":"https:\/\/dermo.com\/#website"},"datePublished":"2025-01-31T09:28:05+00:00","dateModified":"2025-02-19T10:56:02+00:00","breadcrumb":{"@id":"https:\/\/dermo.com\/fabrica-detergentes-marca-blanca\/#breadcrumb"},"inLanguage":"pt-PT","potentialAction":[{"@type":"ReadAction","target":["https:\/\/dermo.com\/fabrica-detergentes-marca-blanca\/"]}]},{"@type":"BreadcrumbList","@id":"https:\/\/dermo.com\/fabrica-detergentes-marca-blanca\/#breadcrumb","itemListElement":[{"@type":"ListItem","position":1,"name":"Portada","item":"https:\/\/dermo.com\/"},{"@type":"ListItem","position":2,"name":"F\u00e1brica detergentes marca blanca"}]},{"@type":"WebSite","@id":"https:\/\/dermo.com\/#website","url":"https:\/\/dermo.com\/","name":"Dermo | f\u00e1brica de detergentes","description":"A tecnologia avan\u00e7ada, a investiga\u00e7\u00e3o e desenvolvimento, o respeito pelo ambiente, a compet\u00eancia, a forma\u00e7\u00e3o constante e o elevado n\u00edvel de profissionalismo da nossa equipa humana, comprometida com a preserva\u00e7\u00e3o da qualidade de vida, a protec\u00e7\u00e3o do ambiente natural continuam a motivar-nos a desenvolver novos produtos nos nossos laborat\u00f3rios com princ\u00edpios ativos altamente biodegrad\u00e1veis que possibilitam o desenvolvimento sustent\u00e1vel.","potentialAction":[{"@type":"SearchAction","target":{"@type":"EntryPoint","urlTemplate":"https:\/\/dermo.com\/?s={search_term_string}"},"query-input":{"@type":"PropertyValueSpecification","valueRequired":true,"valueName":"search_term_string"}}],"inLanguage":"pt-PT"}]}},"_links":{"self":[{"href":"https:\/\/dermo.com\/pt\/wp-json\/wp\/v2\/pages\/12797","targetHints":{"allow":["GET"]}}],"collection":[{"href":"https:\/\/dermo.com\/pt\/wp-json\/wp\/v2\/pages"}],"about":[{"href":"https:\/\/dermo.com\/pt\/wp-json\/wp\/v2\/types\/page"}],"author":[{"embeddable":true,"href":"https:\/\/dermo.com\/pt\/wp-json\/wp\/v2\/users\/2"}],"replies":[{"embeddable":true,"href":"https:\/\/dermo.com\/pt\/wp-json\/wp\/v2\/comments?post=12797"}],"version-history":[{"count":7,"href":"https:\/\/dermo.com\/pt\/wp-json\/wp\/v2\/pages\/12797\/revisions"}],"predecessor-version":[{"id":13547,"href":"https:\/\/dermo.com\/pt\/wp-json\/wp\/v2\/pages\/12797\/revisions\/13547"}],"wp:attachment":[{"href":"https:\/\/dermo.com\/pt\/wp-json\/wp\/v2\/media?parent=12797"}],"curies":[{"name":"wp","href":"https:\/\/api.w.org\/{rel}","templated":true}]}}