{"id":12819,"date":"2025-01-31T10:34:32","date_gmt":"2025-01-31T09:34:32","guid":{"rendered":"https:\/\/dermo.com\/?page_id=12819"},"modified":"2025-02-19T11:55:37","modified_gmt":"2025-02-19T10:55:37","slug":"fabrica-de-amaciante-de-roupas","status":"publish","type":"page","link":"https:\/\/dermo.com\/pt\/fabrica-de-amaciante-de-roupas\/","title":{"rendered":"F\u00e1brica de amaciante de roupas"},"content":{"rendered":"<div data-elementor-type=\"wp-page\" data-elementor-id=\"12819\" class=\"elementor elementor-12819\" data-elementor-post-type=\"page\">\n\t\t\t\t\t\t<section class=\"elementor-section elementor-top-section elementor-element elementor-element-a02683f elementor-section-boxed elementor-section-height-default elementor-section-height-default\" data-id=\"a02683f\" data-element_type=\"section\" data-e-type=\"section\" data-settings=\"{&quot;background_background&quot;:&quot;classic&quot;}\">\n\t\t\t\t\t\t\t<div class=\"elementor-background-overlay\"><\/div>\n\t\t\t\t\t\t\t<div class=\"elementor-container elementor-column-gap-default\">\n\t\t\t\t\t<div class=\"elementor-column elementor-col-100 elementor-top-column elementor-element elementor-element-f99dbff\" data-id=\"f99dbff\" data-element_type=\"column\" data-e-type=\"column\">\n\t\t\t<div class=\"elementor-widget-wrap elementor-element-populated\">\n\t\t\t\t\t\t\t<\/div>\n\t\t<\/div>\n\t\t\t\t\t<\/div>\n\t\t<\/section>\n\t\t\t\t<section class=\"elementor-section elementor-top-section elementor-element elementor-element-233ad3a4 elementor-section-boxed elementor-section-height-default elementor-section-height-default\" data-id=\"233ad3a4\" data-element_type=\"section\" data-e-type=\"section\">\n\t\t\t\t\t\t<div class=\"elementor-container elementor-column-gap-default\">\n\t\t\t\t\t<div class=\"elementor-column elementor-col-100 elementor-top-column elementor-element elementor-element-3244e578\" data-id=\"3244e578\" data-element_type=\"column\" data-e-type=\"column\">\n\t\t\t<div class=\"elementor-widget-wrap elementor-element-populated\">\n\t\t\t\t\t\t<section class=\"elementor-section elementor-inner-section elementor-element elementor-element-1a7040c2 elementor-section-content-middle elementor-section-boxed elementor-section-height-default elementor-section-height-default\" data-id=\"1a7040c2\" data-element_type=\"section\" data-e-type=\"section\">\n\t\t\t\t\t\t<div class=\"elementor-container elementor-column-gap-default\">\n\t\t\t\t\t<div class=\"elementor-column elementor-col-50 elementor-inner-column elementor-element elementor-element-58338543\" data-id=\"58338543\" data-element_type=\"column\" data-e-type=\"column\">\n\t\t\t<div class=\"elementor-widget-wrap elementor-element-populated\">\n\t\t\t\t\t\t<div class=\"elementor-element elementor-element-464b2e11 elementor-widget elementor-widget-text-editor\" data-id=\"464b2e11\" data-element_type=\"widget\" data-e-type=\"widget\" data-widget_type=\"text-editor.default\">\n\t\t\t\t<div class=\"elementor-widget-container\">\n\t\t\t\t\t\t\t\t\t<div id=\"lipsum\"><p><strong>F\u00e1brica de Amaciantes DERMO<\/strong>\u00a0oferece produtos espec\u00edficos para cada coisa.\u00a0<strong>Amaciantes<\/strong>\u00a0Eles desempenham fun\u00e7\u00f5es diferentes, pois n\u00e3o s\u00e3o respons\u00e1veis apenas por participar da lavagem das roupas, mas tamb\u00e9m oferecem outras vantagens. Em\u00a0<strong>F\u00e1brica de Amaciantes DERMO<\/strong>, o\u00a0<strong>amaciadores<\/strong>\u00a0Eles proporcionam grande maciez \u00e0s suas roupas, repelem a sujeira e conferem um aroma muito agrad\u00e1vel aos tecidos, evitando que sua textura fique \u00e1spera.<\/p><p>O\u00a0<strong>amaciadores<\/strong>\u00a0de\u00a0<strong>F\u00e1brica de Amaciantes DERMO<\/strong>\u00a0S\u00e3o delicados e proporcionam um aroma fresco e duradouro \u00e0s suas roupas, adaptando-se a cada tipo de tecido. O\u00a0<strong>amaciadores<\/strong>\u00a0de\u00a0<strong>F\u00e1brica de Amaciantes DERMO<\/strong>\u00a0Eles conseguem deixar as pe\u00e7as como novas, transformando texturas usadas ao longo dos anos.<\/p><p>No\u00a0<strong>F\u00e1brica de amaciantes DERMO<\/strong>\u00a0Estamos comprometidos com a qualidade em todos os nossos produtos, oferecendo a voc\u00ea todos os tipos de produtos de limpeza e higiene, sempre feitos com materiais de primeira qualidade. Temos at\u00e9 uma gama de produtos org\u00e2nicos chamada Naturgreen:\u00a0<a href=\"https:\/\/dermo.com\/pt\/catalogo\/es\/18-productos-ecologicos\/\"><strong>https:\/\/dermo.com\/catalogo\/es\/18-productos-ecologicos<\/strong><\/a><\/p><p>Os produtos da gama NATURGREEN da\u00a0<strong>F\u00e1brica de amaciantes DERMO<\/strong>, receberam o selo ecol\u00f3gico europeu, que avalia os efeitos ambientais de um produto ao longo de seu ciclo de vida. \u00c9 concedido a produtos que garantem um alto n\u00edvel de prote\u00e7\u00e3o ambiental, tudo isso sem sacrificar a alta efici\u00eancia e a seguran\u00e7a de uso.<\/p><\/div>\t\t\t\t\t\t\t\t<\/div>\n\t\t\t\t<\/div>\n\t\t\t\t\t<\/div>\n\t\t<\/div>\n\t\t\t\t<div class=\"elementor-column elementor-col-50 elementor-inner-column elementor-element elementor-element-e776363 elementor-invisible\" data-id=\"e776363\" data-element_type=\"column\" data-e-type=\"column\" data-settings=\"{&quot;animation&quot;:&quot;bounceInRight&quot;}\">\n\t\t\t<div class=\"elementor-widget-wrap elementor-element-populated\">\n\t\t\t\t\t\t<div class=\"elementor-element elementor-element-b883070 elementor-widget elementor-widget-elementskit-contact-form7\" data-id=\"b883070\" data-element_type=\"widget\" data-e-type=\"widget\" data-widget_type=\"elementskit-contact-form7.default\">\n\t\t\t\t<div class=\"elementor-widget-container\">\n\t\t\t\t\t<div class=\"ekit-wid-con\" ><div class=\"ekit-form\">\n<div class=\"wpcf7 no-js\" id=\"wpcf7-f13292-p12819-o1\" lang=\"es-ES\" dir=\"ltr\" data-wpcf7-id=\"13292\">\n<div class=\"screen-reader-response\"><p role=\"status\" aria-live=\"polite\" aria-atomic=\"true\"><\/p> <ul><\/ul><\/div>\n<form action=\"\/pt\/fabrica-de-amaciante-de-roupas\/#wpcf7-f13292-p12819-o1\" method=\"post\" class=\"wpcf7-form init\" aria-label=\"Formulario de contacto\" novalidate=\"novalidate\" data-status=\"init\" data-no-translation-aria-label=\"\" data-trp-original-action=\"\/fr\/fabrica-de-suavizantes\/#wpcf7-f13292-p12819-o1\">\n<fieldset class=\"hidden-fields-container\"><input type=\"hidden\" name=\"_wpcf7\" value=\"13292\" \/><input type=\"hidden\" name=\"_wpcf7_version\" value=\"6.1.5\" \/><input type=\"hidden\" name=\"_wpcf7_locale\" value=\"es_ES\" \/><input type=\"hidden\" name=\"_wpcf7_unit_tag\" value=\"wpcf7-f13292-p12819-o1\" \/><input type=\"hidden\" name=\"_wpcf7_container_post\" value=\"12819\" \/><input type=\"hidden\" name=\"_wpcf7_posted_data_hash\" value=\"\" \/><input type=\"hidden\" name=\"_wpcf7_recaptcha_response\" value=\"\" \/>\n<\/fieldset>\n<div style=\"display: flex; gap: 10px;\">\n\t<div style=\"width: 50%;\">\n\t\t<p><span class=\"wpcf7-form-control-wrap\" data-name=\"your-name\"><input size=\"40\" maxlength=\"400\" class=\"wpcf7-form-control wpcf7-text wpcf7-validates-as-required\" aria-required=\"true\" aria-invalid=\"false\" placeholder=\"Nome\" value=\"\" type=\"text\" name=\"your-name\" \/><\/span>\n\t\t<\/p>\n\t<\/div>\n\t<div style=\"width: 50%;\">\n\t\t<p><span class=\"wpcf7-form-control-wrap\" data-name=\"your-phone\"><input size=\"40\" maxlength=\"400\" class=\"wpcf7-form-control wpcf7-tel wpcf7-validates-as-required wpcf7-text wpcf7-validates-as-tel\" aria-required=\"true\" aria-invalid=\"false\" placeholder=\"Telefone\" value=\"\" type=\"tel\" name=\"your-phone\" \/><\/span>\n\t\t<\/p>\n\t<\/div>\n<\/div>\n<p><span class=\"wpcf7-form-control-wrap\" data-name=\"your-email\"><input size=\"40\" maxlength=\"400\" class=\"wpcf7-form-control wpcf7-email wpcf7-validates-as-required wpcf7-text wpcf7-validates-as-email\" aria-required=\"true\" aria-invalid=\"false\" placeholder=\"E-mail\" value=\"\" type=\"email\" name=\"your-email\" \/><\/span>\n<\/p>\n<div style=\"display: flex; gap: 10px;\">\n\t<div style=\"width: 50%;\">\n\t\t<p><span class=\"wpcf7-form-control-wrap\" data-name=\"your-country\"><input size=\"40\" maxlength=\"400\" class=\"wpcf7-form-control wpcf7-text wpcf7-validates-as-required\" aria-required=\"true\" aria-invalid=\"false\" placeholder=\"Pa\u00eds\" value=\"\" type=\"text\" name=\"your-country\" \/><\/span>\n\t\t<\/p>\n\t<\/div>\n\t<div style=\"width: 50%;\">\n\t\t<p><span class=\"wpcf7-form-control-wrap\" data-name=\"your-city\"><input size=\"40\" maxlength=\"400\" class=\"wpcf7-form-control wpcf7-text wpcf7-validates-as-required\" aria-required=\"true\" aria-invalid=\"false\" placeholder=\"Popula\u00e7\u00e3o\" value=\"\" type=\"text\" name=\"your-city\" \/><\/span>\n\t\t<\/p>\n\t<\/div>\n<\/div>\n<p><span class=\"wpcf7-form-control-wrap\" data-name=\"your-subject\"><select class=\"wpcf7-form-control wpcf7-select\" aria-invalid=\"false\" name=\"your-subject\"><option value=\"Quiero ser distribuidor\">Quero ser um distribuidor<\/option><option value=\"Presupuesto\">Or\u00e7amento<\/option><option value=\"Consulta\">Consulta<\/option><option value=\"Sugerencia\">Sugest\u00e3o<\/option><option value=\"Otros\">Outros<\/option><\/select><\/span>\n<\/p>\n<p><span class=\"wpcf7-form-control-wrap\" data-name=\"your-message\"><textarea cols=\"40\" rows=\"10\" maxlength=\"2000\" class=\"wpcf7-form-control wpcf7-textarea\" aria-invalid=\"false\" placeholder=\"Mensagem ou consulta\" name=\"your-message\"><\/textarea><\/span>\n<\/p>\n<div style=\"display: flex; align-items: center; gap: 10px;\">\n\t<p><span class=\"wpcf7-form-control-wrap\" data-name=\"privacy-policy\"><span class=\"wpcf7-form-control wpcf7-acceptance\"><span class=\"wpcf7-list-item\"><input type=\"checkbox\" name=\"privacy-policy\" value=\"1\" aria-invalid=\"false\" \/><\/span><\/span><\/span><label for=\"privacy-policy\" style=\"margin-left: 5px;\">Li e aceito a pol\u00edtica de privacidade.<\/label>\n\t<\/p>\n<\/div>\n<div style=\"display: flex; align-items: center; gap: 10px;\">\n\t<p><span class=\"wpcf7-form-control-wrap\" data-name=\"send-info\"><span class=\"wpcf7-form-control wpcf7-acceptance\"><span class=\"wpcf7-list-item\"><input type=\"checkbox\" name=\"send-info\" value=\"1\" aria-invalid=\"false\" \/><\/span><\/span><\/span><label for=\"send-info\" style=\"margin-left: 5px;\">Concordo em receber informa\u00e7\u00f5es.<\/label>\n\t<\/p>\n<\/div>\n<p><input class=\"wpcf7-form-control wpcf7-submit has-spinner\" type=\"submit\" value=\"Enviar\" \/>\n<\/p><div class=\"wpcf7-response-output\" aria-hidden=\"true\"><\/div>\n<input type=\"hidden\" name=\"trp-form-language\" value=\"pt\"\/><\/form>\n<\/div>\n<\/div><\/div>\t\t\t\t<\/div>\n\t\t\t\t<\/div>\n\t\t\t\t\t<\/div>\n\t\t<\/div>\n\t\t\t\t\t<\/div>\n\t\t<\/section>\n\t\t\t\t<div class=\"elementor-element elementor-element-615d68f elementor-widget elementor-widget-text-editor\" data-id=\"615d68f\" data-element_type=\"widget\" data-e-type=\"widget\" data-widget_type=\"text-editor.default\">\n\t\t\t\t<div class=\"elementor-widget-container\">\n\t\t\t\t\t\t\t\t\t<p>Em\u00a0<strong>F\u00e1brica de Amaciantes DERMO<\/strong>\u00a0Oferecemos-lhe diferentes\u00a0<a href=\"https:\/\/dermo.com\/pt\/catalogo\/es\/buscar\/?orderby=position&amp;orderway=desc&amp;search_query=Presto\"><strong>tipos de amaciantes de roupas<\/strong><\/a>, e todos eles ajudam a facilitar a secagem e a passagem a ferro e tamb\u00e9m repelem a sujeira. O<strong>\u00a0amaciantes da f\u00e1brica de amaciantes DERMO<\/strong>\u00a0Eles prolongam a vida \u00fatil do tecido e evitam a forma\u00e7\u00e3o de mofo e umidade nas roupas armazenadas, deixando-as agradavelmente perfumadas. O\u00a0<strong>amaciantes da f\u00e1brica de amaciantes DERMO<\/strong>\u00a0Eles s\u00e3o Presto Energy, Suavil, Presto Fresh e Presto.<\/p><p>O aroma \u00e9 um aspecto a ter em conta na hora de comprar um\u00a0<strong>amaciante<\/strong>, \u00e9 por isso que no\u00a0<strong>F\u00e1brica de amaciante de roupas<\/strong>\u00a0<strong>DERMO<\/strong>\u00a0Oferecemos diferentes tipos de fragr\u00e2ncias, entre as quais voc\u00ea certamente encontrar\u00e1 uma boa op\u00e7\u00e3o. Escolha um\u00a0<strong>amaciante<\/strong>\u00a0A fragr\u00e2ncia certa para suas roupas \u00e9 essencial para perfumar n\u00e3o apenas suas roupas, mas tamb\u00e9m sua casa, onde toda vez que voc\u00ea pendurar ou pegar roupas do varal, voc\u00ea exalar\u00e1 um aroma de limpeza e frescor em cada canto.<\/p><p>No\u00a0<strong>F\u00e1brica\u00a0<\/strong>de<strong>\u00a0amaciadores<\/strong>\u00a0<strong>DERMO\u00a0<\/strong>Queremos apresentar-lhe algumas op\u00e7\u00f5es, todas de alt\u00edssima qualidade, para que possa obter o melhor\u00a0<strong>amaciante<\/strong>\u00a0que melhor se adapta a voc\u00ea e \u00e0s suas roupas, len\u00e7\u00f3is, toalhas ou qualquer outra fibra. Aqui voc\u00ea pode ver todos os nossos amaciantes:\u00a0<a href=\"https:\/\/dermo.com\/pt\/catalogo\/es\/41-suavizantes\/\">https:\/\/dermo.com\/catalogo\/es\/41-suavizantes<\/a><\/p><p>O\u00a0<strong>F\u00e1brica de amaciantes DERMO<\/strong>\u00a0fornece qualidade, experi\u00eancia e confiabilidade para todos os clientes. Voc\u00ea pode encontrar diferentes op\u00e7\u00f5es para lavar suas roupas e\/ou tecidos, pois existem diferentes fragr\u00e2ncias e caracter\u00edsticas em cada um deles.\u00a0<strong>amaciadores<\/strong>.<\/p><p>Em\u00a0<strong>F\u00e1brica de Amaciantes DERMO<\/strong>\u00a0Oferecemos-lhe diferentes\u00a0<a href=\"https:\/\/dermo.com\/pt\/catalogo\/es\/buscar\/?orderby=position&amp;orderway=desc&amp;search_query=Presto\"><strong>tipos de amaciantes de roupas<\/strong><\/a>, e todos eles ajudam a facilitar a secagem e a passagem a ferro e tamb\u00e9m repelem a sujeira. O<strong>\u00a0amaciantes da F\u00e1brica de Amaciantes DERMO<\/strong>\u00a0Eles prolongam a vida \u00fatil do tecido e evitam a forma\u00e7\u00e3o de mofo e umidade nas roupas armazenadas, deixando-as agradavelmente perfumadas.<\/p><p><strong>DERMO \u00e9 a f\u00e1brica de amaciantes<\/strong>\u00a0que voc\u00ea precisa, onde oferecemos produtos de limpeza para todas as ocasi\u00f5es. Se voc\u00ea entrar em nosso site, poder\u00e1 ver todos os produtos que podemos lhe oferecer, incluindo todos os\u00a0<strong>amaciadores<\/strong>, que conseguem cuidar dos tecidos das suas roupas como nenhuma outra fez antes.<\/p>\t\t\t\t\t\t\t\t<\/div>\n\t\t\t\t<\/div>\n\t\t\t\t\t<\/div>\n\t\t<\/div>\n\t\t\t\t\t<\/div>\n\t\t<\/section>\n\t\t\t\t<section class=\"elementor-section elementor-top-section elementor-element elementor-element-484f41e elementor-section-full_width elementor-section-height-default elementor-section-height-default elementor-invisible\" data-id=\"484f41e\" data-element_type=\"section\" data-e-type=\"section\" data-settings=\"{&quot;animation&quot;:&quot;slideInUp&quot;}\">\n\t\t\t\t\t\t<div class=\"elementor-container elementor-column-gap-default\">\n\t\t\t\t\t<div class=\"elementor-column elementor-col-100 elementor-top-column elementor-element elementor-element-19948363\" data-id=\"19948363\" data-element_type=\"column\" data-e-type=\"column\">\n\t\t\t<div class=\"elementor-widget-wrap elementor-element-populated\">\n\t\t\t\t\t\t<div class=\"elementor-element elementor-element-339044a4 elementor-widget elementor-widget-google_maps\" data-id=\"339044a4\" data-element_type=\"widget\" data-e-type=\"widget\" data-widget_type=\"google_maps.default\">\n\t\t\t\t<div class=\"elementor-widget-container\">\n\t\t\t\t\t\t\t<div class=\"elementor-custom-embed\">\n\t\t\t<iframe loading=\"lazy\"\n\t\t\t\t\tsrc=\"https:\/\/maps.google.com\/maps?q=C%2F%20Pintor%20Joan%20Miro%2C%2016.%20Pol.%20Ind.%20Can%20Humet%20de%20Dalt%2C%2008213%20Poliny%C3%A0.%20Barcelona&#038;t=m&#038;z=15&#038;output=embed&#038;iwloc=near\"\n\t\t\t\t\ttitle=\"C\/ Pintor Joan Miro, 16. Pol. Ind. Can Humet de Dalt, 08213 Poliny\u00e0. Barcelona\"\n\t\t\t\t\taria-label=\"C\/ Pintor Joan Miro, 16. Pol. Ind. Can Humet de Dalt, 08213 Poliny\u00e0. Barcelona\"\n\t\t\t><\/iframe>\n\t\t<\/div>\n\t\t\t\t\t\t<\/div>\n\t\t\t\t<\/div>\n\t\t\t\t\t<\/div>\n\t\t<\/div>\n\t\t\t\t\t<\/div>\n\t\t<\/section>\n\t\t\t\t<\/div>","protected":false},"excerpt":{"rendered":"<p>A F\u00e1brica de Amaciantes DERMO oferece produtos espec\u00edficos para cada pe\u00e7a. Amaciantes que desempenham fun\u00e7\u00f5es diferentes, pois n\u00e3o s\u00f3 participam da lavagem, mas tamb\u00e9m oferecem outros benef\u00edcios. Na F\u00e1brica de Amaciantes DERMO, os amaciantes proporcionam grande maciez \u00e0s suas roupas, repelem a sujeira e deixam um aroma muito agrad\u00e1vel.&nbsp;<a href=\"https:\/\/dermo.com\/pt\/fabrica-de-amaciante-de-roupas\/\" rel=\"bookmark\">Ler mais \u00bb<span class=\"screen-reader-text\">F\u00e1brica de amaciante de roupas<\/span><\/a><\/p>","protected":false},"author":2,"featured_media":0,"parent":0,"menu_order":0,"comment_status":"closed","ping_status":"closed","template":"page-templates\/template-pagebuilder-full-width.php","meta":{"neve_meta_sidebar":"","neve_meta_container":"","neve_meta_enable_content_width":"","neve_meta_content_width":0,"neve_meta_title_alignment":"","neve_meta_author_avatar":"","neve_post_elements_order":"","neve_meta_disable_header":"","neve_meta_disable_footer":"","neve_meta_disable_title":"","footnotes":""},"class_list":["post-12819","page","type-page","status-publish","hentry"],"yoast_head":"<!-- This site is optimized with the Yoast SEO plugin v27.0 - https:\/\/yoast.com\/product\/yoast-seo-wordpress\/ -->\n<title>F\u00e1brica de suavizantes - Dermo | F\u00e1brica de detergentes<\/title>\n<meta name=\"robots\" content=\"index, follow, max-snippet:-1, max-image-preview:large, max-video-preview:-1\" \/>\n<link rel=\"canonical\" href=\"https:\/\/dermo.com\/pt\/fabrica-de-amaciante-de-roupas\/\" \/>\n<meta property=\"og:locale\" content=\"pt_PT\" \/>\n<meta property=\"og:type\" content=\"article\" \/>\n<meta property=\"og:title\" content=\"F\u00e1brica de suavizantes - Dermo | F\u00e1brica de detergentes\" \/>\n<meta property=\"og:description\" content=\"DERMO F\u00e1brica de suavizantes\u00a0te propone productos espec\u00edficos para cada cosa.\u00a0Suavizantes\u00a0que cumplen diferentes funciones, porque no s\u00f3lo se encargan de participar en el lavado de la ropa, sino que tambi\u00e9n te ofrecen otras ventajas. En\u00a0DERMO F\u00e1brica de suavizantes, los\u00a0suavizantes\u00a0aportan una gran suavidad a tus prendas, repelen la suciedad y entregan un aroma muy agradable a los&hellip;&nbsp;Ler mais &raquo;F\u00e1brica de suavizantes\" \/>\n<meta property=\"og:url\" content=\"https:\/\/dermo.com\/pt\/fabrica-de-amaciante-de-roupas\/\" \/>\n<meta property=\"og:site_name\" content=\"Dermo | F\u00e1brica de detergentes\" \/>\n<meta property=\"article:modified_time\" content=\"2025-02-19T10:55:37+00:00\" \/>\n<meta name=\"twitter:card\" content=\"summary_large_image\" \/>\n<meta name=\"twitter:label1\" content=\"Tempo estimado de leitura\" \/>\n\t<meta name=\"twitter:data1\" content=\"3 minutos\" \/>\n<script type=\"application\/ld+json\" class=\"yoast-schema-graph\">{\"@context\":\"https:\/\/schema.org\",\"@graph\":[{\"@type\":\"WebPage\",\"@id\":\"https:\/\/dermo.com\/fabrica-de-suavizantes\/\",\"url\":\"https:\/\/dermo.com\/fabrica-de-suavizantes\/\",\"name\":\"F\u00e1brica de suavizantes - Dermo | F\u00e1brica de detergentes\",\"isPartOf\":{\"@id\":\"https:\/\/dermo.com\/#website\"},\"datePublished\":\"2025-01-31T09:34:32+00:00\",\"dateModified\":\"2025-02-19T10:55:37+00:00\",\"breadcrumb\":{\"@id\":\"https:\/\/dermo.com\/fabrica-de-suavizantes\/#breadcrumb\"},\"inLanguage\":\"pt-PT\",\"potentialAction\":[{\"@type\":\"ReadAction\",\"target\":[\"https:\/\/dermo.com\/fabrica-de-suavizantes\/\"]}]},{\"@type\":\"BreadcrumbList\",\"@id\":\"https:\/\/dermo.com\/fabrica-de-suavizantes\/#breadcrumb\",\"itemListElement\":[{\"@type\":\"ListItem\",\"position\":1,\"name\":\"Portada\",\"item\":\"https:\/\/dermo.com\/\"},{\"@type\":\"ListItem\",\"position\":2,\"name\":\"F\u00e1brica de suavizantes\"}]},{\"@type\":\"WebSite\",\"@id\":\"https:\/\/dermo.com\/#website\",\"url\":\"https:\/\/dermo.com\/\",\"name\":\"Dermo | F\u00e1brica de detergentes\",\"description\":\"Tecnolog\u00eda avanzada, investigaci\u00f3n y desarrollo, respeto por el medio ambiente, competencia, formaci\u00f3n constante y alto nivel de profesionalidad en nuestro equipo humano, empe\u00f1ado en preservar la calidad de vida, la protecci\u00f3n del entorno natural contin\u00faan motiv\u00e1ndonos para desarrollar en nuestros laboratorios nuevos productos con ingredientes activos altamente biodegradables que hacen posible un desarrollo sostenible.\",\"potentialAction\":[{\"@type\":\"SearchAction\",\"target\":{\"@type\":\"EntryPoint\",\"urlTemplate\":\"https:\/\/dermo.com\/?s={search_term_string}\"},\"query-input\":{\"@type\":\"PropertyValueSpecification\",\"valueRequired\":true,\"valueName\":\"search_term_string\"}}],\"inLanguage\":\"pt-PT\"}]}<\/script>\n<!-- \/ Yoast SEO plugin. -->","yoast_head_json":{"title":"F\u00e1brica de amaciantes de roupas - Dermo | F\u00e1brica de detergentes","robots":{"index":"index","follow":"follow","max-snippet":"max-snippet:-1","max-image-preview":"max-image-preview:large","max-video-preview":"max-video-preview:-1"},"canonical":"https:\/\/dermo.com\/pt\/fabrica-de-amaciante-de-roupas\/","og_locale":"pt_PT","og_type":"article","og_title":"F\u00e1brica de suavizantes - Dermo | F\u00e1brica de detergentes","og_description":"DERMO F\u00e1brica de suavizantes\u00a0te propone productos espec\u00edficos para cada cosa.\u00a0Suavizantes\u00a0que cumplen diferentes funciones, porque no s\u00f3lo se encargan de participar en el lavado de la ropa, sino que tambi\u00e9n te ofrecen otras ventajas. En\u00a0DERMO F\u00e1brica de suavizantes, los\u00a0suavizantes\u00a0aportan una gran suavidad a tus prendas, repelen la suciedad y entregan un aroma muy agradable a los&hellip;&nbsp;Ler mais &raquo;F\u00e1brica de suavizantes","og_url":"https:\/\/dermo.com\/pt\/fabrica-de-amaciante-de-roupas\/","og_site_name":"Dermo | F\u00e1brica de detergentes","article_modified_time":"2025-02-19T10:55:37+00:00","twitter_card":"summary_large_image","twitter_misc":{"Tempo estimado de leitura":"3 minutos"},"schema":{"@context":"https:\/\/schema.org","@graph":[{"@type":"WebPage","@id":"https:\/\/dermo.com\/fabrica-de-suavizantes\/","url":"https:\/\/dermo.com\/fabrica-de-suavizantes\/","name":"F\u00e1brica de amaciantes de roupas - Dermo | F\u00e1brica de detergentes","isPartOf":{"@id":"https:\/\/dermo.com\/#website"},"datePublished":"2025-01-31T09:34:32+00:00","dateModified":"2025-02-19T10:55:37+00:00","breadcrumb":{"@id":"https:\/\/dermo.com\/fabrica-de-suavizantes\/#breadcrumb"},"inLanguage":"pt-PT","potentialAction":[{"@type":"ReadAction","target":["https:\/\/dermo.com\/fabrica-de-suavizantes\/"]}]},{"@type":"BreadcrumbList","@id":"https:\/\/dermo.com\/fabrica-de-suavizantes\/#breadcrumb","itemListElement":[{"@type":"ListItem","position":1,"name":"Portada","item":"https:\/\/dermo.com\/"},{"@type":"ListItem","position":2,"name":"F\u00e1brica de suavizantes"}]},{"@type":"WebSite","@id":"https:\/\/dermo.com\/#website","url":"https:\/\/dermo.com\/","name":"Dermo | f\u00e1brica de detergentes","description":"A tecnologia avan\u00e7ada, a investiga\u00e7\u00e3o e desenvolvimento, o respeito pelo ambiente, a compet\u00eancia, a forma\u00e7\u00e3o constante e o elevado n\u00edvel de profissionalismo da nossa equipa humana, comprometida com a preserva\u00e7\u00e3o da qualidade de vida, a protec\u00e7\u00e3o do ambiente natural continuam a motivar-nos a desenvolver novos produtos nos nossos laborat\u00f3rios com princ\u00edpios ativos altamente biodegrad\u00e1veis que possibilitam o desenvolvimento sustent\u00e1vel.","potentialAction":[{"@type":"SearchAction","target":{"@type":"EntryPoint","urlTemplate":"https:\/\/dermo.com\/?s={search_term_string}"},"query-input":{"@type":"PropertyValueSpecification","valueRequired":true,"valueName":"search_term_string"}}],"inLanguage":"pt-PT"}]}},"_links":{"self":[{"href":"https:\/\/dermo.com\/pt\/wp-json\/wp\/v2\/pages\/12819","targetHints":{"allow":["GET"]}}],"collection":[{"href":"https:\/\/dermo.com\/pt\/wp-json\/wp\/v2\/pages"}],"about":[{"href":"https:\/\/dermo.com\/pt\/wp-json\/wp\/v2\/types\/page"}],"author":[{"embeddable":true,"href":"https:\/\/dermo.com\/pt\/wp-json\/wp\/v2\/users\/2"}],"replies":[{"embeddable":true,"href":"https:\/\/dermo.com\/pt\/wp-json\/wp\/v2\/comments?post=12819"}],"version-history":[{"count":7,"href":"https:\/\/dermo.com\/pt\/wp-json\/wp\/v2\/pages\/12819\/revisions"}],"predecessor-version":[{"id":13544,"href":"https:\/\/dermo.com\/pt\/wp-json\/wp\/v2\/pages\/12819\/revisions\/13544"}],"wp:attachment":[{"href":"https:\/\/dermo.com\/pt\/wp-json\/wp\/v2\/media?parent=12819"}],"curies":[{"name":"wp","href":"https:\/\/api.w.org\/{rel}","templated":true}]}}