{"id":12838,"date":"2025-01-31T10:41:09","date_gmt":"2025-01-31T09:41:09","guid":{"rendered":"https:\/\/dermo.com\/?page_id=12838"},"modified":"2025-02-19T11:55:10","modified_gmt":"2025-02-19T10:55:10","slug":"fabrica-de-produtos-de-limpeza-3","status":"publish","type":"page","link":"https:\/\/dermo.com\/pt\/fabrica-de-produtos-de-limpeza-3\/","title":{"rendered":"F\u00e1brica de produtos de limpeza"},"content":{"rendered":"<div data-elementor-type=\"wp-page\" data-elementor-id=\"12838\" class=\"elementor elementor-12838\" data-elementor-post-type=\"page\">\n\t\t\t\t\t\t<section class=\"elementor-section elementor-top-section elementor-element elementor-element-a02683f elementor-section-boxed elementor-section-height-default elementor-section-height-default\" data-id=\"a02683f\" data-element_type=\"section\" data-e-type=\"section\" data-settings=\"{&quot;background_background&quot;:&quot;classic&quot;}\">\n\t\t\t\t\t\t\t<div class=\"elementor-background-overlay\"><\/div>\n\t\t\t\t\t\t\t<div class=\"elementor-container elementor-column-gap-default\">\n\t\t\t\t\t<div class=\"elementor-column elementor-col-100 elementor-top-column elementor-element elementor-element-f99dbff\" data-id=\"f99dbff\" data-element_type=\"column\" data-e-type=\"column\">\n\t\t\t<div class=\"elementor-widget-wrap elementor-element-populated\">\n\t\t\t\t\t\t\t<\/div>\n\t\t<\/div>\n\t\t\t\t\t<\/div>\n\t\t<\/section>\n\t\t\t\t<section class=\"elementor-section elementor-top-section elementor-element elementor-element-233ad3a4 elementor-section-boxed elementor-section-height-default elementor-section-height-default\" data-id=\"233ad3a4\" data-element_type=\"section\" data-e-type=\"section\">\n\t\t\t\t\t\t<div class=\"elementor-container elementor-column-gap-default\">\n\t\t\t\t\t<div class=\"elementor-column elementor-col-100 elementor-top-column elementor-element elementor-element-3244e578\" data-id=\"3244e578\" data-element_type=\"column\" data-e-type=\"column\">\n\t\t\t<div class=\"elementor-widget-wrap elementor-element-populated\">\n\t\t\t\t\t\t<section class=\"elementor-section elementor-inner-section elementor-element elementor-element-1a7040c2 elementor-section-content-middle elementor-section-boxed elementor-section-height-default elementor-section-height-default\" data-id=\"1a7040c2\" data-element_type=\"section\" data-e-type=\"section\">\n\t\t\t\t\t\t<div class=\"elementor-container elementor-column-gap-default\">\n\t\t\t\t\t<div class=\"elementor-column elementor-col-50 elementor-inner-column elementor-element elementor-element-58338543\" data-id=\"58338543\" data-element_type=\"column\" data-e-type=\"column\">\n\t\t\t<div class=\"elementor-widget-wrap elementor-element-populated\">\n\t\t\t\t\t\t<div class=\"elementor-element elementor-element-464b2e11 elementor-widget elementor-widget-text-editor\" data-id=\"464b2e11\" data-element_type=\"widget\" data-e-type=\"widget\" data-widget_type=\"text-editor.default\">\n\t\t\t\t<div class=\"elementor-widget-container\">\n\t\t\t\t\t\t\t\t\t<div id=\"lipsum\"><p>Dermo \u00e9\u00a0<strong>fabricante<\/strong>\u00a0de\u00a0<strong>produtos de limpeza\u00a0<\/strong>e \u00e9 considerada uma das l\u00edderes neste setor. Temos mais de 30 anos de experi\u00eancia no mercado, trabalhando dia a dia para obter as melhores f\u00f3rmulas para\u00a0<strong>limpeza<\/strong>\u00a0para o nosso\u00a0<strong>produtos<\/strong>.<\/p><p>N\u00f3s temos\u00a0<strong>produtos de limpeza<\/strong>\u00a0espec\u00edfico para cada superf\u00edcie e para cada local. S\u00e3o\u00a0<strong>fabricantes\u00a0<\/strong>e fornecedores de\u00a0<strong>produtos de limpeza<\/strong>\u00a0e acreditamos que cada produto deve ser projetado para limpar uma superf\u00edcie ou local espec\u00edfico, adaptando-se \u00e0s necessidades de cada situa\u00e7\u00e3o.<\/p><p>Dermo \u00e9\u00a0<strong>fabricante<\/strong>\u00a0e provedor de\u00a0<strong>produtos de limpeza<\/strong>\u00a0e tem um grande n\u00famero de\u00a0<strong>produtos<\/strong>, de alta qualidade, que resolvem profissionalmente problemas de manchas, incrusta\u00e7\u00f5es, gordura e sujeira, de forma r\u00e1pida, eficiente e profissional.<\/p><p>Dermo \u00e9\u00a0<strong>fabricante<\/strong>\u00a0de\u00a0<strong>produtos de limpeza<\/strong>\u00a0h\u00e1 mais de 30 anos, e acreditamos que continuamos sendo uma refer\u00eancia no setor, gra\u00e7as \u00e0 vontade de projetar e fabricar\u00a0<strong>produtos<\/strong>\u00a0alta qualidade e especializa\u00e7\u00e3o espec\u00edfica. Nosso principal objetivo \u00e9 oferecer um servi\u00e7o abrangente e eficaz para quaisquer necessidades de higiene profissional de nossos clientes.<\/p><p>O entusiasmo, a especializa\u00e7\u00e3o e a forma\u00e7\u00e3o dos profissionais da Dermo fizeram com que a empresa se tornasse uma das\u00a0<strong>fabricantes<\/strong>\u00a0de\u00a0<strong>produtos de limpeza<\/strong>\u00a0mais popular em todo o pa\u00eds.<\/p><\/div>\t\t\t\t\t\t\t\t<\/div>\n\t\t\t\t<\/div>\n\t\t\t\t\t<\/div>\n\t\t<\/div>\n\t\t\t\t<div class=\"elementor-column elementor-col-50 elementor-inner-column elementor-element elementor-element-346dd0e elementor-invisible\" data-id=\"346dd0e\" data-element_type=\"column\" data-e-type=\"column\" data-settings=\"{&quot;animation&quot;:&quot;bounceInRight&quot;}\">\n\t\t\t<div class=\"elementor-widget-wrap elementor-element-populated\">\n\t\t\t\t\t\t<div class=\"elementor-element elementor-element-611c930 elementor-widget elementor-widget-elementskit-contact-form7\" data-id=\"611c930\" data-element_type=\"widget\" data-e-type=\"widget\" data-widget_type=\"elementskit-contact-form7.default\">\n\t\t\t\t<div class=\"elementor-widget-container\">\n\t\t\t\t\t<div class=\"ekit-wid-con\" ><div class=\"ekit-form\">\n<div class=\"wpcf7 no-js\" id=\"wpcf7-f13292-p12838-o1\" lang=\"es-ES\" dir=\"ltr\" data-wpcf7-id=\"13292\">\n<div class=\"screen-reader-response\"><p role=\"status\" aria-live=\"polite\" aria-atomic=\"true\"><\/p> <ul><\/ul><\/div>\n<form action=\"\/pt\/fabrica-de-produtos-de-limpeza-3\/#wpcf7-f13292-p12838-o1\" method=\"post\" class=\"wpcf7-form init\" aria-label=\"Formulario de contacto\" novalidate=\"novalidate\" data-status=\"init\" data-no-translation-aria-label=\"\" data-trp-original-action=\"\/pt\/fabrica-de-productos-de-limpieza-3\/#wpcf7-f13292-p12838-o1\">\n<fieldset class=\"hidden-fields-container\"><input type=\"hidden\" name=\"_wpcf7\" value=\"13292\" \/><input type=\"hidden\" name=\"_wpcf7_version\" value=\"6.1.5\" \/><input type=\"hidden\" name=\"_wpcf7_locale\" value=\"es_ES\" \/><input type=\"hidden\" name=\"_wpcf7_unit_tag\" value=\"wpcf7-f13292-p12838-o1\" \/><input type=\"hidden\" name=\"_wpcf7_container_post\" value=\"12838\" \/><input type=\"hidden\" name=\"_wpcf7_posted_data_hash\" value=\"\" \/><input type=\"hidden\" name=\"_wpcf7_recaptcha_response\" value=\"\" \/>\n<\/fieldset>\n<div style=\"display: flex; gap: 10px;\">\n\t<div style=\"width: 50%;\">\n\t\t<p><span class=\"wpcf7-form-control-wrap\" data-name=\"your-name\"><input size=\"40\" maxlength=\"400\" class=\"wpcf7-form-control wpcf7-text wpcf7-validates-as-required\" aria-required=\"true\" aria-invalid=\"false\" placeholder=\"Nome\" value=\"\" type=\"text\" name=\"your-name\" \/><\/span>\n\t\t<\/p>\n\t<\/div>\n\t<div style=\"width: 50%;\">\n\t\t<p><span class=\"wpcf7-form-control-wrap\" data-name=\"your-phone\"><input size=\"40\" maxlength=\"400\" class=\"wpcf7-form-control wpcf7-tel wpcf7-validates-as-required wpcf7-text wpcf7-validates-as-tel\" aria-required=\"true\" aria-invalid=\"false\" placeholder=\"Telefone\" value=\"\" type=\"tel\" name=\"your-phone\" \/><\/span>\n\t\t<\/p>\n\t<\/div>\n<\/div>\n<p><span class=\"wpcf7-form-control-wrap\" data-name=\"your-email\"><input size=\"40\" maxlength=\"400\" class=\"wpcf7-form-control wpcf7-email wpcf7-validates-as-required wpcf7-text wpcf7-validates-as-email\" aria-required=\"true\" aria-invalid=\"false\" placeholder=\"E-mail\" value=\"\" type=\"email\" name=\"your-email\" \/><\/span>\n<\/p>\n<div style=\"display: flex; gap: 10px;\">\n\t<div style=\"width: 50%;\">\n\t\t<p><span class=\"wpcf7-form-control-wrap\" data-name=\"your-country\"><input size=\"40\" maxlength=\"400\" class=\"wpcf7-form-control wpcf7-text wpcf7-validates-as-required\" aria-required=\"true\" aria-invalid=\"false\" placeholder=\"Pa\u00eds\" value=\"\" type=\"text\" name=\"your-country\" \/><\/span>\n\t\t<\/p>\n\t<\/div>\n\t<div style=\"width: 50%;\">\n\t\t<p><span class=\"wpcf7-form-control-wrap\" data-name=\"your-city\"><input size=\"40\" maxlength=\"400\" class=\"wpcf7-form-control wpcf7-text wpcf7-validates-as-required\" aria-required=\"true\" aria-invalid=\"false\" placeholder=\"Popula\u00e7\u00e3o\" value=\"\" type=\"text\" name=\"your-city\" \/><\/span>\n\t\t<\/p>\n\t<\/div>\n<\/div>\n<p><span class=\"wpcf7-form-control-wrap\" data-name=\"your-subject\"><select class=\"wpcf7-form-control wpcf7-select\" aria-invalid=\"false\" name=\"your-subject\"><option value=\"Quiero ser distribuidor\">Quero ser um distribuidor<\/option><option value=\"Presupuesto\">Or\u00e7amento<\/option><option value=\"Consulta\">Consulta<\/option><option value=\"Sugerencia\">Sugest\u00e3o<\/option><option value=\"Otros\">Outros<\/option><\/select><\/span>\n<\/p>\n<p><span class=\"wpcf7-form-control-wrap\" data-name=\"your-message\"><textarea cols=\"40\" rows=\"10\" maxlength=\"2000\" class=\"wpcf7-form-control wpcf7-textarea\" aria-invalid=\"false\" placeholder=\"Mensagem ou consulta\" name=\"your-message\"><\/textarea><\/span>\n<\/p>\n<div style=\"display: flex; align-items: center; gap: 10px;\">\n\t<p><span class=\"wpcf7-form-control-wrap\" data-name=\"privacy-policy\"><span class=\"wpcf7-form-control wpcf7-acceptance\"><span class=\"wpcf7-list-item\"><input type=\"checkbox\" name=\"privacy-policy\" value=\"1\" aria-invalid=\"false\" \/><\/span><\/span><\/span><label for=\"privacy-policy\" style=\"margin-left: 5px;\">Li e aceito a pol\u00edtica de privacidade.<\/label>\n\t<\/p>\n<\/div>\n<div style=\"display: flex; align-items: center; gap: 10px;\">\n\t<p><span class=\"wpcf7-form-control-wrap\" data-name=\"send-info\"><span class=\"wpcf7-form-control wpcf7-acceptance\"><span class=\"wpcf7-list-item\"><input type=\"checkbox\" name=\"send-info\" value=\"1\" aria-invalid=\"false\" \/><\/span><\/span><\/span><label for=\"send-info\" style=\"margin-left: 5px;\">Concordo em receber informa\u00e7\u00f5es.<\/label>\n\t<\/p>\n<\/div>\n<p><input class=\"wpcf7-form-control wpcf7-submit has-spinner\" type=\"submit\" value=\"Enviar\" \/>\n<\/p><div class=\"wpcf7-response-output\" aria-hidden=\"true\"><\/div>\n<input type=\"hidden\" name=\"trp-form-language\" value=\"pt\"\/><\/form>\n<\/div>\n<\/div><\/div>\t\t\t\t<\/div>\n\t\t\t\t<\/div>\n\t\t\t\t\t<\/div>\n\t\t<\/div>\n\t\t\t\t\t<\/div>\n\t\t<\/section>\n\t\t\t\t<div class=\"elementor-element elementor-element-615d68f elementor-widget elementor-widget-text-editor\" data-id=\"615d68f\" data-element_type=\"widget\" data-e-type=\"widget\" data-widget_type=\"text-editor.default\">\n\t\t\t\t<div class=\"elementor-widget-container\">\n\t\t\t\t\t\t\t\t\t<p>Dermo,\u00a0<strong>fabricante\u00a0<\/strong>de\u00a0<strong>produtos de limpeza<\/strong>, projeta e fabrica o\u00a0<strong>produtos de limpeza<\/strong>\u00a0com desenvolvimento sustent\u00e1vel e grande responsabilidade social corporativa, colocando \u00e0 venda\u00a0<strong>produtos<\/strong>\u00a0<strong>limpeza<\/strong>\u00a0certificados como org\u00e2nicos, como \u00e9 o caso da linha Naturgreen, que possui o selo ecol\u00f3gico da Uni\u00e3o Europeia. S\u00e3o detergentes biodegrad\u00e1veis, de composi\u00e7\u00e3o natural, sem fosfatos nem elementos t\u00f3xicos ou nocivos \u00e0 sa\u00fade.<\/p><p>Dermo \u00e9 um\u00a0<strong>fabricante<\/strong>\u00a0de\u00a0<strong>produtos de limpeza<\/strong>, que conta com um cat\u00e1logo amplo e variado, onde voc\u00ea pode encontrar desde\u00a0<strong>produtos<\/strong>\u00a0para higiene pessoal, desengordurantes, desincrustantes, amaciadores, detergentes ecol\u00f3gicos, abrilhantadores ou limpadores de pisos, entre outros.<\/p><p>Se voc\u00ea est\u00e1 procurando por\u00a0<strong>produtos de limpeza<\/strong>\u00a0produtos de alta qualidade que oferecem resultados profissionais, confie na\u00a0<strong>fabricante<\/strong>\u00a0de\u00a0<strong>produtos de limpeza<\/strong>\u00a0Dermo.<\/p><p>Podemos oferecer-lhe higiene e uma\u00a0<strong>limpeza<\/strong>\u00a0impec\u00e1vel imediatamente e usando muito pouco produto. Isso se traduz em uma enorme economia de produtos e, consequentemente, de dinheiro para os usu\u00e1rios.<\/p><p>Nos preocupamos com a durabilidade dos nossos produtos, por isso trabalhamos com f\u00f3rmulas especiais que oferecem grande efic\u00e1cia com pouqu\u00edssimo produto. Com apenas algumas gotas do produto, a f\u00f3rmula ativa come\u00e7a seu trabalho de remover, desengordurar, desincrustar ou realizar qualquer a\u00e7\u00e3o para a qual foi projetada, apresentando resultados imediatos na superf\u00edcie em quest\u00e3o. Em Dermo\u00a0<strong>fabricante de produtos de limpeza<\/strong>\u00a0Trabalhamos dia a dia para melhorar os resultados dos nossos\u00a0<strong>produtos<\/strong>, sem que o cliente precise utilizar grandes quantidades. Dessa forma, fabricamos e projetamos produtos levando em considera\u00e7\u00e3o sua sustentabilidade e durabilidade, bem como a sustentabilidade do planeta.<\/p><p>Dermo \u00e9\u00a0<strong>fabricante<\/strong>\u00a0e provedor de\u00a0<strong>produtos de limpeza<\/strong>\u00a0e conta com mais de 30 anos de experi\u00eancia, com os quais podemos garantir resultados profissionais e eficazes para todos os tipos de superf\u00edcies e espa\u00e7os.<\/p>\t\t\t\t\t\t\t\t<\/div>\n\t\t\t\t<\/div>\n\t\t\t\t\t<\/div>\n\t\t<\/div>\n\t\t\t\t\t<\/div>\n\t\t<\/section>\n\t\t\t\t<section class=\"elementor-section elementor-top-section elementor-element elementor-element-484f41e elementor-section-full_width elementor-section-height-default elementor-section-height-default elementor-invisible\" data-id=\"484f41e\" data-element_type=\"section\" data-e-type=\"section\" data-settings=\"{&quot;animation&quot;:&quot;slideInUp&quot;}\">\n\t\t\t\t\t\t<div class=\"elementor-container elementor-column-gap-default\">\n\t\t\t\t\t<div class=\"elementor-column elementor-col-100 elementor-top-column elementor-element elementor-element-19948363\" data-id=\"19948363\" data-element_type=\"column\" data-e-type=\"column\">\n\t\t\t<div class=\"elementor-widget-wrap elementor-element-populated\">\n\t\t\t\t\t\t<div class=\"elementor-element elementor-element-339044a4 elementor-widget elementor-widget-google_maps\" data-id=\"339044a4\" data-element_type=\"widget\" data-e-type=\"widget\" data-widget_type=\"google_maps.default\">\n\t\t\t\t<div class=\"elementor-widget-container\">\n\t\t\t\t\t\t\t<div class=\"elementor-custom-embed\">\n\t\t\t<iframe loading=\"lazy\"\n\t\t\t\t\tsrc=\"https:\/\/maps.google.com\/maps?q=C%2F%20Pintor%20Joan%20Miro%2C%2016.%20Pol.%20Ind.%20Can%20Humet%20de%20Dalt%2C%2008213%20Poliny%C3%A0.%20Barcelona&#038;t=m&#038;z=15&#038;output=embed&#038;iwloc=near\"\n\t\t\t\t\ttitle=\"C\/ Pintor Joan Miro, 16. Pol. Ind. Can Humet de Dalt, 08213 Poliny\u00e0. Barcelona\"\n\t\t\t\t\taria-label=\"C\/ Pintor Joan Miro, 16. Pol. Ind. Can Humet de Dalt, 08213 Poliny\u00e0. Barcelona\"\n\t\t\t><\/iframe>\n\t\t<\/div>\n\t\t\t\t\t\t<\/div>\n\t\t\t\t<\/div>\n\t\t\t\t\t<\/div>\n\t\t<\/div>\n\t\t\t\t\t<\/div>\n\t\t<\/section>\n\t\t\t\t<\/div>","protected":false},"excerpt":{"rendered":"<p>A Dermo \u00e9 fabricante de produtos de limpeza e \u00e9 considerada l\u00edder neste setor. Temos mais de 30 anos de experi\u00eancia no mercado, trabalhando diariamente para obter as melhores f\u00f3rmulas de limpeza para os nossos produtos. Temos produtos de limpeza espec\u00edficos para cada superf\u00edcie e cada local. Somos fabricantes e fornecedores de produtos de limpeza e acreditamos que cada\u2026&nbsp;<a href=\"https:\/\/dermo.com\/pt\/fabrica-de-produtos-de-limpeza-3\/\" rel=\"bookmark\">Ler mais \u00bb<span class=\"screen-reader-text\">F\u00e1brica de produtos de limpeza<\/span><\/a><\/p>","protected":false},"author":2,"featured_media":0,"parent":0,"menu_order":0,"comment_status":"closed","ping_status":"closed","template":"page-templates\/template-pagebuilder-full-width.php","meta":{"neve_meta_sidebar":"","neve_meta_container":"","neve_meta_enable_content_width":"","neve_meta_content_width":0,"neve_meta_title_alignment":"","neve_meta_author_avatar":"","neve_post_elements_order":"","neve_meta_disable_header":"","neve_meta_disable_footer":"","neve_meta_disable_title":"","footnotes":""},"class_list":["post-12838","page","type-page","status-publish","hentry"],"yoast_head":"<!-- This site is optimized with the Yoast SEO plugin v27.0 - https:\/\/yoast.com\/product\/yoast-seo-wordpress\/ -->\n<title>F\u00e1brica de productos de limpieza - Dermo | F\u00e1brica de detergentes<\/title>\n<meta name=\"robots\" content=\"index, follow, max-snippet:-1, max-image-preview:large, max-video-preview:-1\" \/>\n<link rel=\"canonical\" href=\"https:\/\/dermo.com\/pt\/fabrica-de-produtos-de-limpeza-3\/\" \/>\n<meta property=\"og:locale\" content=\"pt_PT\" \/>\n<meta property=\"og:type\" content=\"article\" \/>\n<meta property=\"og:title\" content=\"F\u00e1brica de productos de limpieza - Dermo | F\u00e1brica de detergentes\" \/>\n<meta property=\"og:description\" content=\"Dermo es\u00a0fabricante\u00a0de\u00a0productos de limpieza\u00a0y est\u00e1 considerado como uno de los referentes en este sector. Contamos con m\u00e1s de 30 a\u00f1os de experiencia en el mercado, trabajando d\u00eda a d\u00eda para obtener las mejores f\u00f3rmulas de\u00a0limpieza\u00a0para nuestros\u00a0productos. Contamos con\u00a0productos de limpieza\u00a0espec\u00edficos para cada superficie y para cada lugar. Somos\u00a0fabricantes\u00a0y proveedores de\u00a0productos de limpieza\u00a0y consideramos que cada&hellip;&nbsp;Ler mais &raquo;F\u00e1brica de productos de limpieza\" \/>\n<meta property=\"og:url\" content=\"https:\/\/dermo.com\/pt\/fabrica-de-produtos-de-limpeza-3\/\" \/>\n<meta property=\"og:site_name\" content=\"Dermo | F\u00e1brica de detergentes\" \/>\n<meta property=\"article:modified_time\" content=\"2025-02-19T10:55:10+00:00\" \/>\n<meta name=\"twitter:card\" content=\"summary_large_image\" \/>\n<meta name=\"twitter:label1\" content=\"Tempo estimado de leitura\" \/>\n\t<meta name=\"twitter:data1\" content=\"3 minutos\" \/>\n<script type=\"application\/ld+json\" class=\"yoast-schema-graph\">{\"@context\":\"https:\/\/schema.org\",\"@graph\":[{\"@type\":\"WebPage\",\"@id\":\"https:\/\/dermo.com\/fabrica-de-productos-de-limpieza-3\/\",\"url\":\"https:\/\/dermo.com\/fabrica-de-productos-de-limpieza-3\/\",\"name\":\"F\u00e1brica de productos de limpieza - Dermo | F\u00e1brica de detergentes\",\"isPartOf\":{\"@id\":\"https:\/\/dermo.com\/#website\"},\"datePublished\":\"2025-01-31T09:41:09+00:00\",\"dateModified\":\"2025-02-19T10:55:10+00:00\",\"breadcrumb\":{\"@id\":\"https:\/\/dermo.com\/fabrica-de-productos-de-limpieza-3\/#breadcrumb\"},\"inLanguage\":\"pt-PT\",\"potentialAction\":[{\"@type\":\"ReadAction\",\"target\":[\"https:\/\/dermo.com\/fabrica-de-productos-de-limpieza-3\/\"]}]},{\"@type\":\"BreadcrumbList\",\"@id\":\"https:\/\/dermo.com\/fabrica-de-productos-de-limpieza-3\/#breadcrumb\",\"itemListElement\":[{\"@type\":\"ListItem\",\"position\":1,\"name\":\"Portada\",\"item\":\"https:\/\/dermo.com\/\"},{\"@type\":\"ListItem\",\"position\":2,\"name\":\"F\u00e1brica de productos de limpieza\"}]},{\"@type\":\"WebSite\",\"@id\":\"https:\/\/dermo.com\/#website\",\"url\":\"https:\/\/dermo.com\/\",\"name\":\"Dermo | F\u00e1brica de detergentes\",\"description\":\"Tecnolog\u00eda avanzada, investigaci\u00f3n y desarrollo, respeto por el medio ambiente, competencia, formaci\u00f3n constante y alto nivel de profesionalidad en nuestro equipo humano, empe\u00f1ado en preservar la calidad de vida, la protecci\u00f3n del entorno natural contin\u00faan motiv\u00e1ndonos para desarrollar en nuestros laboratorios nuevos productos con ingredientes activos altamente biodegradables que hacen posible un desarrollo sostenible.\",\"potentialAction\":[{\"@type\":\"SearchAction\",\"target\":{\"@type\":\"EntryPoint\",\"urlTemplate\":\"https:\/\/dermo.com\/?s={search_term_string}\"},\"query-input\":{\"@type\":\"PropertyValueSpecification\",\"valueRequired\":true,\"valueName\":\"search_term_string\"}}],\"inLanguage\":\"pt-PT\"}]}<\/script>\n<!-- \/ Yoast SEO plugin. -->","yoast_head_json":{"title":"F\u00e1brica de produtos de limpeza - Dermo | F\u00e1brica de detergentes","robots":{"index":"index","follow":"follow","max-snippet":"max-snippet:-1","max-image-preview":"max-image-preview:large","max-video-preview":"max-video-preview:-1"},"canonical":"https:\/\/dermo.com\/pt\/fabrica-de-produtos-de-limpeza-3\/","og_locale":"pt_PT","og_type":"article","og_title":"F\u00e1brica de productos de limpieza - Dermo | F\u00e1brica de detergentes","og_description":"Dermo es\u00a0fabricante\u00a0de\u00a0productos de limpieza\u00a0y est\u00e1 considerado como uno de los referentes en este sector. Contamos con m\u00e1s de 30 a\u00f1os de experiencia en el mercado, trabajando d\u00eda a d\u00eda para obtener las mejores f\u00f3rmulas de\u00a0limpieza\u00a0para nuestros\u00a0productos. Contamos con\u00a0productos de limpieza\u00a0espec\u00edficos para cada superficie y para cada lugar. Somos\u00a0fabricantes\u00a0y proveedores de\u00a0productos de limpieza\u00a0y consideramos que cada&hellip;&nbsp;Ler mais &raquo;F\u00e1brica de productos de limpieza","og_url":"https:\/\/dermo.com\/pt\/fabrica-de-produtos-de-limpeza-3\/","og_site_name":"Dermo | F\u00e1brica de detergentes","article_modified_time":"2025-02-19T10:55:10+00:00","twitter_card":"summary_large_image","twitter_misc":{"Tempo estimado de leitura":"3 minutos"},"schema":{"@context":"https:\/\/schema.org","@graph":[{"@type":"WebPage","@id":"https:\/\/dermo.com\/fabrica-de-productos-de-limpieza-3\/","url":"https:\/\/dermo.com\/fabrica-de-productos-de-limpieza-3\/","name":"F\u00e1brica de produtos de limpeza - Dermo | F\u00e1brica de detergentes","isPartOf":{"@id":"https:\/\/dermo.com\/#website"},"datePublished":"2025-01-31T09:41:09+00:00","dateModified":"2025-02-19T10:55:10+00:00","breadcrumb":{"@id":"https:\/\/dermo.com\/fabrica-de-productos-de-limpieza-3\/#breadcrumb"},"inLanguage":"pt-PT","potentialAction":[{"@type":"ReadAction","target":["https:\/\/dermo.com\/fabrica-de-productos-de-limpieza-3\/"]}]},{"@type":"BreadcrumbList","@id":"https:\/\/dermo.com\/fabrica-de-productos-de-limpieza-3\/#breadcrumb","itemListElement":[{"@type":"ListItem","position":1,"name":"Portada","item":"https:\/\/dermo.com\/"},{"@type":"ListItem","position":2,"name":"F\u00e1brica de productos de limpieza"}]},{"@type":"WebSite","@id":"https:\/\/dermo.com\/#website","url":"https:\/\/dermo.com\/","name":"Dermo | f\u00e1brica de detergentes","description":"A tecnologia avan\u00e7ada, a investiga\u00e7\u00e3o e desenvolvimento, o respeito pelo ambiente, a compet\u00eancia, a forma\u00e7\u00e3o constante e o elevado n\u00edvel de profissionalismo da nossa equipa humana, comprometida com a preserva\u00e7\u00e3o da qualidade de vida, a protec\u00e7\u00e3o do ambiente natural continuam a motivar-nos a desenvolver novos produtos nos nossos laborat\u00f3rios com princ\u00edpios ativos altamente biodegrad\u00e1veis que possibilitam o desenvolvimento sustent\u00e1vel.","potentialAction":[{"@type":"SearchAction","target":{"@type":"EntryPoint","urlTemplate":"https:\/\/dermo.com\/?s={search_term_string}"},"query-input":{"@type":"PropertyValueSpecification","valueRequired":true,"valueName":"search_term_string"}}],"inLanguage":"pt-PT"}]}},"_links":{"self":[{"href":"https:\/\/dermo.com\/pt\/wp-json\/wp\/v2\/pages\/12838","targetHints":{"allow":["GET"]}}],"collection":[{"href":"https:\/\/dermo.com\/pt\/wp-json\/wp\/v2\/pages"}],"about":[{"href":"https:\/\/dermo.com\/pt\/wp-json\/wp\/v2\/types\/page"}],"author":[{"embeddable":true,"href":"https:\/\/dermo.com\/pt\/wp-json\/wp\/v2\/users\/2"}],"replies":[{"embeddable":true,"href":"https:\/\/dermo.com\/pt\/wp-json\/wp\/v2\/comments?post=12838"}],"version-history":[{"count":10,"href":"https:\/\/dermo.com\/pt\/wp-json\/wp\/v2\/pages\/12838\/revisions"}],"predecessor-version":[{"id":13541,"href":"https:\/\/dermo.com\/pt\/wp-json\/wp\/v2\/pages\/12838\/revisions\/13541"}],"wp:attachment":[{"href":"https:\/\/dermo.com\/pt\/wp-json\/wp\/v2\/media?parent=12838"}],"curies":[{"name":"wp","href":"https:\/\/api.w.org\/{rel}","templated":true}]}}