{"id":12855,"date":"2025-01-31T10:43:18","date_gmt":"2025-01-31T09:43:18","guid":{"rendered":"https:\/\/dermo.com\/?page_id=12855"},"modified":"2025-02-19T12:35:16","modified_gmt":"2025-02-19T11:35:16","slug":"desengordurante-3","status":"publish","type":"page","link":"https:\/\/dermo.com\/pt\/desengordurante-3\/","title":{"rendered":"Desengordurante"},"content":{"rendered":"<div data-elementor-type=\"wp-page\" data-elementor-id=\"12855\" class=\"elementor elementor-12855\" data-elementor-post-type=\"page\">\n\t\t\t\t\t\t<section class=\"elementor-section elementor-top-section elementor-element elementor-element-a02683f elementor-section-boxed elementor-section-height-default elementor-section-height-default\" data-id=\"a02683f\" data-element_type=\"section\" data-e-type=\"section\" data-settings=\"{&quot;background_background&quot;:&quot;classic&quot;}\">\n\t\t\t\t\t\t\t<div class=\"elementor-background-overlay\"><\/div>\n\t\t\t\t\t\t\t<div class=\"elementor-container elementor-column-gap-default\">\n\t\t\t\t\t<div class=\"elementor-column elementor-col-100 elementor-top-column elementor-element elementor-element-f99dbff\" data-id=\"f99dbff\" data-element_type=\"column\" data-e-type=\"column\">\n\t\t\t<div class=\"elementor-widget-wrap elementor-element-populated\">\n\t\t\t\t\t\t\t<\/div>\n\t\t<\/div>\n\t\t\t\t\t<\/div>\n\t\t<\/section>\n\t\t\t\t<section class=\"elementor-section elementor-top-section elementor-element elementor-element-233ad3a4 elementor-section-boxed elementor-section-height-default elementor-section-height-default\" data-id=\"233ad3a4\" data-element_type=\"section\" data-e-type=\"section\">\n\t\t\t\t\t\t<div class=\"elementor-container elementor-column-gap-default\">\n\t\t\t\t\t<div class=\"elementor-column elementor-col-100 elementor-top-column elementor-element elementor-element-3244e578\" data-id=\"3244e578\" data-element_type=\"column\" data-e-type=\"column\">\n\t\t\t<div class=\"elementor-widget-wrap elementor-element-populated\">\n\t\t\t\t\t\t<section class=\"elementor-section elementor-inner-section elementor-element elementor-element-1a7040c2 elementor-section-content-middle elementor-section-boxed elementor-section-height-default elementor-section-height-default\" data-id=\"1a7040c2\" data-element_type=\"section\" data-e-type=\"section\">\n\t\t\t\t\t\t<div class=\"elementor-container elementor-column-gap-default\">\n\t\t\t\t\t<div class=\"elementor-column elementor-col-50 elementor-inner-column elementor-element elementor-element-58338543\" data-id=\"58338543\" data-element_type=\"column\" data-e-type=\"column\">\n\t\t\t<div class=\"elementor-widget-wrap elementor-element-populated\">\n\t\t\t\t\t\t<div class=\"elementor-element elementor-element-464b2e11 elementor-widget elementor-widget-text-editor\" data-id=\"464b2e11\" data-element_type=\"widget\" data-e-type=\"widget\" data-widget_type=\"text-editor.default\">\n\t\t\t\t<div class=\"elementor-widget-container\">\n\t\t\t\t\t\t\t\t\t<p>Na Dermo oferecemos-lhe\u00a0<strong>desengordurante<\/strong>\u00a0Produtos de alta qualidade, com alto poder desengordurante, capazes de remover qualquer sujeira incrustada e at\u00e9 mesmo as manchas mais dif\u00edceis, que costumam aderir \u00e0s superf\u00edcies e utens\u00edlios utilizados na cozinha. Nosso\u00a0<strong>desengordurante<\/strong>\u00a0S\u00e3o formulados para garantir a seguran\u00e7a da \u00e1rea alimentar de todas as superf\u00edcies em contato com os alimentos, proporcionando um resultado eficaz e seguro no menor tempo poss\u00edvel.<\/p><p>Alguns dos produtos desengordurantes que podemos oferecer na Dermo s\u00e3o:<\/p><p><a href=\"https:\/\/dermo.com\/pt\/catalogo\/es\/desengordurantes\/34-audaz-especial.html\/\">Audaz Especial<\/a>; Produto l\u00edquido concentrado e emulsionante que dissolve sujeira e gordura. Projetado para desengordurar qualquer superf\u00edcie resistente a pH alcalino que precise ser limpa a frio; Paredes, pisos, mesas de trabalho e todo tipo de utens\u00edlios.<\/p><p><a href=\"https:\/\/dermo.com\/pt\/catalogo\/es\/desengordurantes\/29-audaz-high-foam.html\/\">Audaz High Foam<\/a>; \u00c9 um\u00a0<strong>desengordurante<\/strong>\u00a0tixotr\u00f3pico com grande poder emulsionante, muito eficaz na dissolu\u00e7\u00e3o de gorduras e sujidades e especialmente indicado para limpeza de superf\u00edcies verticais e locais de dif\u00edcil acesso. Gra\u00e7as a uma composi\u00e7\u00e3o especial, gera uma espuma que adere permanentemente \u00e0s superf\u00edcies verticais sem pingar, uma caracter\u00edstica \u00fanica que permite uma limpeza eficaz neste tipo de locais.<\/p><p><a href=\"https:\/\/dermo.com\/pt\/catalogo\/es\/desengordurantes\/31-audaz-lemon.html\/\">Audaz Lemon<\/a>; Desengordurante l\u00edquido concentrado com grande poder emulsionante que dissolve gordura e foi desenvolvido para remover gordura de todos os tipos de superf\u00edcies resistentes a pH alcalino, paredes, mesas, pisos e utens\u00edlios.<\/p>\t\t\t\t\t\t\t\t<\/div>\n\t\t\t\t<\/div>\n\t\t\t\t\t<\/div>\n\t\t<\/div>\n\t\t\t\t<div class=\"elementor-column elementor-col-50 elementor-inner-column elementor-element elementor-element-1568c45 elementor-invisible\" data-id=\"1568c45\" data-element_type=\"column\" data-e-type=\"column\" data-settings=\"{&quot;animation&quot;:&quot;bounceInRight&quot;}\">\n\t\t\t<div class=\"elementor-widget-wrap elementor-element-populated\">\n\t\t\t\t\t\t<div class=\"elementor-element elementor-element-04918a1 elementor-widget__width-initial elementor-widget elementor-widget-elementskit-contact-form7\" data-id=\"04918a1\" data-element_type=\"widget\" data-e-type=\"widget\" data-widget_type=\"elementskit-contact-form7.default\">\n\t\t\t\t<div class=\"elementor-widget-container\">\n\t\t\t\t\t<div class=\"ekit-wid-con\" ><div class=\"ekit-form\">\n<div class=\"wpcf7 no-js\" id=\"wpcf7-f13292-p12855-o1\" lang=\"es-ES\" dir=\"ltr\" data-wpcf7-id=\"13292\">\n<div class=\"screen-reader-response\"><p role=\"status\" aria-live=\"polite\" aria-atomic=\"true\"><\/p> <ul><\/ul><\/div>\n<form action=\"\/pt\/desengordurante-3\/#wpcf7-f13292-p12855-o1\" method=\"post\" class=\"wpcf7-form init\" aria-label=\"Formulario de contacto\" novalidate=\"novalidate\" data-status=\"init\" data-no-translation-aria-label=\"\" data-trp-original-action=\"\/pt\/quitagrasas-2\/#wpcf7-f13292-p12855-o1\">\n<fieldset class=\"hidden-fields-container\"><input type=\"hidden\" name=\"_wpcf7\" value=\"13292\" \/><input type=\"hidden\" name=\"_wpcf7_version\" value=\"6.1.5\" \/><input type=\"hidden\" name=\"_wpcf7_locale\" value=\"es_ES\" \/><input type=\"hidden\" name=\"_wpcf7_unit_tag\" value=\"wpcf7-f13292-p12855-o1\" \/><input type=\"hidden\" name=\"_wpcf7_container_post\" value=\"12855\" \/><input type=\"hidden\" name=\"_wpcf7_posted_data_hash\" value=\"\" \/><input type=\"hidden\" name=\"_wpcf7_recaptcha_response\" value=\"\" \/>\n<\/fieldset>\n<div style=\"display: flex; gap: 10px;\">\n\t<div style=\"width: 50%;\">\n\t\t<p><span class=\"wpcf7-form-control-wrap\" data-name=\"your-name\"><input size=\"40\" maxlength=\"400\" class=\"wpcf7-form-control wpcf7-text wpcf7-validates-as-required\" aria-required=\"true\" aria-invalid=\"false\" placeholder=\"Nome\" value=\"\" type=\"text\" name=\"your-name\" \/><\/span>\n\t\t<\/p>\n\t<\/div>\n\t<div style=\"width: 50%;\">\n\t\t<p><span class=\"wpcf7-form-control-wrap\" data-name=\"your-phone\"><input size=\"40\" maxlength=\"400\" class=\"wpcf7-form-control wpcf7-tel wpcf7-validates-as-required wpcf7-text wpcf7-validates-as-tel\" aria-required=\"true\" aria-invalid=\"false\" placeholder=\"Telefone\" value=\"\" type=\"tel\" name=\"your-phone\" \/><\/span>\n\t\t<\/p>\n\t<\/div>\n<\/div>\n<p><span class=\"wpcf7-form-control-wrap\" data-name=\"your-email\"><input size=\"40\" maxlength=\"400\" class=\"wpcf7-form-control wpcf7-email wpcf7-validates-as-required wpcf7-text wpcf7-validates-as-email\" aria-required=\"true\" aria-invalid=\"false\" placeholder=\"E-mail\" value=\"\" type=\"email\" name=\"your-email\" \/><\/span>\n<\/p>\n<div style=\"display: flex; gap: 10px;\">\n\t<div style=\"width: 50%;\">\n\t\t<p><span class=\"wpcf7-form-control-wrap\" data-name=\"your-country\"><input size=\"40\" maxlength=\"400\" class=\"wpcf7-form-control wpcf7-text wpcf7-validates-as-required\" aria-required=\"true\" aria-invalid=\"false\" placeholder=\"Pa\u00eds\" value=\"\" type=\"text\" name=\"your-country\" \/><\/span>\n\t\t<\/p>\n\t<\/div>\n\t<div style=\"width: 50%;\">\n\t\t<p><span class=\"wpcf7-form-control-wrap\" data-name=\"your-city\"><input size=\"40\" maxlength=\"400\" class=\"wpcf7-form-control wpcf7-text wpcf7-validates-as-required\" aria-required=\"true\" aria-invalid=\"false\" placeholder=\"Popula\u00e7\u00e3o\" value=\"\" type=\"text\" name=\"your-city\" \/><\/span>\n\t\t<\/p>\n\t<\/div>\n<\/div>\n<p><span class=\"wpcf7-form-control-wrap\" data-name=\"your-subject\"><select class=\"wpcf7-form-control wpcf7-select\" aria-invalid=\"false\" name=\"your-subject\"><option value=\"Quiero ser distribuidor\">Quero ser um distribuidor<\/option><option value=\"Presupuesto\">Or\u00e7amento<\/option><option value=\"Consulta\">Consulta<\/option><option value=\"Sugerencia\">Sugest\u00e3o<\/option><option value=\"Otros\">Outros<\/option><\/select><\/span>\n<\/p>\n<p><span class=\"wpcf7-form-control-wrap\" data-name=\"your-message\"><textarea cols=\"40\" rows=\"10\" maxlength=\"2000\" class=\"wpcf7-form-control wpcf7-textarea\" aria-invalid=\"false\" placeholder=\"Mensagem ou consulta\" name=\"your-message\"><\/textarea><\/span>\n<\/p>\n<div style=\"display: flex; align-items: center; gap: 10px;\">\n\t<p><span class=\"wpcf7-form-control-wrap\" data-name=\"privacy-policy\"><span class=\"wpcf7-form-control wpcf7-acceptance\"><span class=\"wpcf7-list-item\"><input type=\"checkbox\" name=\"privacy-policy\" value=\"1\" aria-invalid=\"false\" \/><\/span><\/span><\/span><label for=\"privacy-policy\" style=\"margin-left: 5px;\">Li e aceito a pol\u00edtica de privacidade.<\/label>\n\t<\/p>\n<\/div>\n<div style=\"display: flex; align-items: center; gap: 10px;\">\n\t<p><span class=\"wpcf7-form-control-wrap\" data-name=\"send-info\"><span class=\"wpcf7-form-control wpcf7-acceptance\"><span class=\"wpcf7-list-item\"><input type=\"checkbox\" name=\"send-info\" value=\"1\" aria-invalid=\"false\" \/><\/span><\/span><\/span><label for=\"send-info\" style=\"margin-left: 5px;\">Concordo em receber informa\u00e7\u00f5es.<\/label>\n\t<\/p>\n<\/div>\n<p><input class=\"wpcf7-form-control wpcf7-submit has-spinner\" type=\"submit\" value=\"Enviar\" \/>\n<\/p><div class=\"wpcf7-response-output\" aria-hidden=\"true\"><\/div>\n<input type=\"hidden\" name=\"trp-form-language\" value=\"pt\"\/><\/form>\n<\/div>\n<\/div><\/div>\t\t\t\t<\/div>\n\t\t\t\t<\/div>\n\t\t\t\t\t<\/div>\n\t\t<\/div>\n\t\t\t\t\t<\/div>\n\t\t<\/section>\n\t\t\t\t<div class=\"elementor-element elementor-element-615d68f elementor-widget elementor-widget-text-editor\" data-id=\"615d68f\" data-element_type=\"widget\" data-e-type=\"widget\" data-widget_type=\"text-editor.default\">\n\t\t\t\t<div class=\"elementor-widget-container\">\n\t\t\t\t\t\t\t\t\t<p><a href=\"https:\/\/dermo.com\/pt\/catalogo\/es\/21-desengrasantes\/\">Audaz Planchas<\/a>; Desengordurante l\u00edquido concentrado que remove eficazmente gordura queimada e\/ou carbonizada de fog\u00f5es, fornos e grelhas com o m\u00ednimo de esfor\u00e7o. Dissolvido em \u00e1gua, tamb\u00e9m pode ser usado para limpar fritadeiras e remover ferrugem, al\u00e9m de atuar como antioxidante em superf\u00edcies.<\/p><p><a href=\"https:\/\/dermo.com\/pt\/catalogo\/es\/desengordurantes\/33-audaz-universal.html\/\">Audaz Universal<\/a>; \u00c9 outro dos\u00a0<strong>desengordurante<\/strong>\u00a0que apresentamos na Dermo, um desengordurante multiuso para limpeza e desengorduramento de superf\u00edcies pintadas e metais. \u00c9 indicado para tratamento de alum\u00ednio, a\u00e7o inoxid\u00e1vel ou pl\u00e1sticos.<\/p><p><a href=\"https:\/\/dermo.com\/pt\/catalogo\/es\/desengordurantes\/30-audaz.html\/\">Audacioso;<\/a>\u00a0Produto concentrado com grande poder emulsionante que dissolve gordura e sujeira e \u00e9 indicado para desengordurar superf\u00edcies resistentes a pH alcalino, como mesas de trabalho, equipamentos, pisos ou paredes.<\/p><p>E tamb\u00e9m queremos falar sobre outro dos nossos produtos,\u00a0<a href=\"https:\/\/dermo.com\/pt\/catalogo\/es\/desengordurantes\/35-dhp-100.html\/\">DHP-100<\/a>, um desengordurante especial para superf\u00edcies muito oleosas, como fornos, coifas, fog\u00f5es ou azulejos de cozinha.<\/p><p>Na nossa empresa podemos oferecer-lhe todo o tipo de produtos, pensados para diferentes setores como a restaura\u00e7\u00e3o. Se voc\u00ea quiser mais informa\u00e7\u00f5es, solicitar um or\u00e7amento ou receber consultoria personalizada, podemos ajud\u00e1-lo, pois temos ampla experi\u00eancia na fabrica\u00e7\u00e3o e venda de todos os tipos de produtos de limpeza.<\/p><p>Voc\u00ea pode entrar em contato conosco preenchendo o formul\u00e1rio de contato em nosso site com seus dados e sua d\u00favida ou sugest\u00e3o, ligue para 937 133 500 ou envie um e-mail para\u00a0<a href=\"mailto:dermo@dermo.com\">dermo@dermo.com<\/a><\/p>\t\t\t\t\t\t\t\t<\/div>\n\t\t\t\t<\/div>\n\t\t\t\t\t<\/div>\n\t\t<\/div>\n\t\t\t\t\t<\/div>\n\t\t<\/section>\n\t\t\t\t<section class=\"elementor-section elementor-top-section elementor-element elementor-element-484f41e elementor-section-full_width elementor-section-height-default elementor-section-height-default elementor-invisible\" data-id=\"484f41e\" data-element_type=\"section\" data-e-type=\"section\" data-settings=\"{&quot;animation&quot;:&quot;slideInUp&quot;}\">\n\t\t\t\t\t\t<div class=\"elementor-container elementor-column-gap-default\">\n\t\t\t\t\t<div class=\"elementor-column elementor-col-100 elementor-top-column elementor-element elementor-element-19948363\" data-id=\"19948363\" data-element_type=\"column\" data-e-type=\"column\">\n\t\t\t<div class=\"elementor-widget-wrap elementor-element-populated\">\n\t\t\t\t\t\t<div class=\"elementor-element elementor-element-339044a4 elementor-widget elementor-widget-google_maps\" data-id=\"339044a4\" data-element_type=\"widget\" data-e-type=\"widget\" data-widget_type=\"google_maps.default\">\n\t\t\t\t<div class=\"elementor-widget-container\">\n\t\t\t\t\t\t\t<div class=\"elementor-custom-embed\">\n\t\t\t<iframe loading=\"lazy\"\n\t\t\t\t\tsrc=\"https:\/\/maps.google.com\/maps?q=C%2F%20Pintor%20Joan%20Miro%2C%2016.%20Pol.%20Ind.%20Can%20Humet%20de%20Dalt%2C%2008213%20Poliny%C3%A0.%20Barcelona&#038;t=m&#038;z=15&#038;output=embed&#038;iwloc=near\"\n\t\t\t\t\ttitle=\"C\/ Pintor Joan Miro, 16. Pol. Ind. Can Humet de Dalt, 08213 Poliny\u00e0. Barcelona\"\n\t\t\t\t\taria-label=\"C\/ Pintor Joan Miro, 16. Pol. Ind. Can Humet de Dalt, 08213 Poliny\u00e0. Barcelona\"\n\t\t\t><\/iframe>\n\t\t<\/div>\n\t\t\t\t\t\t<\/div>\n\t\t\t\t<\/div>\n\t\t\t\t\t<\/div>\n\t\t<\/div>\n\t\t\t\t\t<\/div>\n\t\t<\/section>\n\t\t\t\t<\/div>","protected":false},"excerpt":{"rendered":"<p>Na Dermo, oferecemos desengordurantes premium com alto poder desengordurante, capazes de remover qualquer sujeira persistente e at\u00e9 mesmo as manchas mais dif\u00edceis que costumam grudar em superf\u00edcies e utens\u00edlios de cozinha. Nossos desengordurantes s\u00e3o formulados para garantir a seguran\u00e7a alimentar em todas as superf\u00edcies da cozinha.&nbsp;<a href=\"https:\/\/dermo.com\/pt\/desengordurante-3\/\" rel=\"bookmark\">Ler mais \u00bb<span class=\"screen-reader-text\">Desengordurante<\/span><\/a><\/p>","protected":false},"author":2,"featured_media":0,"parent":0,"menu_order":0,"comment_status":"closed","ping_status":"closed","template":"page-templates\/template-pagebuilder-full-width.php","meta":{"neve_meta_sidebar":"","neve_meta_container":"","neve_meta_enable_content_width":"","neve_meta_content_width":0,"neve_meta_title_alignment":"","neve_meta_author_avatar":"","neve_post_elements_order":"","neve_meta_disable_header":"","neve_meta_disable_footer":"","neve_meta_disable_title":"","footnotes":""},"class_list":["post-12855","page","type-page","status-publish","hentry"],"yoast_head":"<!-- This site is optimized with the Yoast SEO plugin v27.0 - https:\/\/yoast.com\/product\/yoast-seo-wordpress\/ -->\n<title>Quitagrasas - Dermo | F\u00e1brica de detergentes<\/title>\n<meta name=\"robots\" content=\"index, follow, max-snippet:-1, max-image-preview:large, max-video-preview:-1\" \/>\n<link rel=\"canonical\" href=\"https:\/\/dermo.com\/pt\/desengordurante-3\/\" \/>\n<meta property=\"og:locale\" content=\"pt_PT\" \/>\n<meta property=\"og:type\" content=\"article\" \/>\n<meta property=\"og:title\" content=\"Quitagrasas - Dermo | F\u00e1brica de detergentes\" \/>\n<meta property=\"og:description\" content=\"En Dermo te ofrecemos\u00a0quitagrasas\u00a0de primera calidad que cuentan con un alto poder desengrasante y son capaces de eliminar cualquier suciedad incrustada y hasta las manchas m\u00e1s dif\u00edciles, que suelen adherirse a las superficies y utensilios que se utilizan en una cocina. Nuestros\u00a0quitagrasas\u00a0est\u00e1n formulados para garantizar la seguridad del \u00e1rea alimentaria de todas aquellas superficies en&hellip;&nbsp;Ler mais &raquo;Quitagrasas\" \/>\n<meta property=\"og:url\" content=\"https:\/\/dermo.com\/pt\/desengordurante-3\/\" \/>\n<meta property=\"og:site_name\" content=\"Dermo | F\u00e1brica de detergentes\" \/>\n<meta property=\"article:modified_time\" content=\"2025-02-19T11:35:16+00:00\" \/>\n<meta name=\"twitter:card\" content=\"summary_large_image\" \/>\n<meta name=\"twitter:label1\" content=\"Tempo estimado de leitura\" \/>\n\t<meta name=\"twitter:data1\" content=\"3 minutos\" \/>\n<script type=\"application\/ld+json\" class=\"yoast-schema-graph\">{\"@context\":\"https:\/\/schema.org\",\"@graph\":[{\"@type\":\"WebPage\",\"@id\":\"https:\/\/dermo.com\/quitagrasas-2\/\",\"url\":\"https:\/\/dermo.com\/quitagrasas-2\/\",\"name\":\"Quitagrasas - Dermo | F\u00e1brica de detergentes\",\"isPartOf\":{\"@id\":\"https:\/\/dermo.com\/#website\"},\"datePublished\":\"2025-01-31T09:43:18+00:00\",\"dateModified\":\"2025-02-19T11:35:16+00:00\",\"breadcrumb\":{\"@id\":\"https:\/\/dermo.com\/quitagrasas-2\/#breadcrumb\"},\"inLanguage\":\"pt-PT\",\"potentialAction\":[{\"@type\":\"ReadAction\",\"target\":[\"https:\/\/dermo.com\/quitagrasas-2\/\"]}]},{\"@type\":\"BreadcrumbList\",\"@id\":\"https:\/\/dermo.com\/quitagrasas-2\/#breadcrumb\",\"itemListElement\":[{\"@type\":\"ListItem\",\"position\":1,\"name\":\"Portada\",\"item\":\"https:\/\/dermo.com\/\"},{\"@type\":\"ListItem\",\"position\":2,\"name\":\"Quitagrasas\"}]},{\"@type\":\"WebSite\",\"@id\":\"https:\/\/dermo.com\/#website\",\"url\":\"https:\/\/dermo.com\/\",\"name\":\"Dermo | F\u00e1brica de detergentes\",\"description\":\"Tecnolog\u00eda avanzada, investigaci\u00f3n y desarrollo, respeto por el medio ambiente, competencia, formaci\u00f3n constante y alto nivel de profesionalidad en nuestro equipo humano, empe\u00f1ado en preservar la calidad de vida, la protecci\u00f3n del entorno natural contin\u00faan motiv\u00e1ndonos para desarrollar en nuestros laboratorios nuevos productos con ingredientes activos altamente biodegradables que hacen posible un desarrollo sostenible.\",\"potentialAction\":[{\"@type\":\"SearchAction\",\"target\":{\"@type\":\"EntryPoint\",\"urlTemplate\":\"https:\/\/dermo.com\/?s={search_term_string}\"},\"query-input\":{\"@type\":\"PropertyValueSpecification\",\"valueRequired\":true,\"valueName\":\"search_term_string\"}}],\"inLanguage\":\"pt-PT\"}]}<\/script>\n<!-- \/ Yoast SEO plugin. -->","yoast_head_json":{"title":"Desengordurante - Dermo | F\u00e1brica de detergentes","robots":{"index":"index","follow":"follow","max-snippet":"max-snippet:-1","max-image-preview":"max-image-preview:large","max-video-preview":"max-video-preview:-1"},"canonical":"https:\/\/dermo.com\/pt\/desengordurante-3\/","og_locale":"pt_PT","og_type":"article","og_title":"Quitagrasas - Dermo | F\u00e1brica de detergentes","og_description":"En Dermo te ofrecemos\u00a0quitagrasas\u00a0de primera calidad que cuentan con un alto poder desengrasante y son capaces de eliminar cualquier suciedad incrustada y hasta las manchas m\u00e1s dif\u00edciles, que suelen adherirse a las superficies y utensilios que se utilizan en una cocina. Nuestros\u00a0quitagrasas\u00a0est\u00e1n formulados para garantizar la seguridad del \u00e1rea alimentaria de todas aquellas superficies en&hellip;&nbsp;Ler mais &raquo;Quitagrasas","og_url":"https:\/\/dermo.com\/pt\/desengordurante-3\/","og_site_name":"Dermo | F\u00e1brica de detergentes","article_modified_time":"2025-02-19T11:35:16+00:00","twitter_card":"summary_large_image","twitter_misc":{"Tempo estimado de leitura":"3 minutos"},"schema":{"@context":"https:\/\/schema.org","@graph":[{"@type":"WebPage","@id":"https:\/\/dermo.com\/quitagrasas-2\/","url":"https:\/\/dermo.com\/quitagrasas-2\/","name":"Desengordurante - Dermo | F\u00e1brica de detergentes","isPartOf":{"@id":"https:\/\/dermo.com\/#website"},"datePublished":"2025-01-31T09:43:18+00:00","dateModified":"2025-02-19T11:35:16+00:00","breadcrumb":{"@id":"https:\/\/dermo.com\/quitagrasas-2\/#breadcrumb"},"inLanguage":"pt-PT","potentialAction":[{"@type":"ReadAction","target":["https:\/\/dermo.com\/quitagrasas-2\/"]}]},{"@type":"BreadcrumbList","@id":"https:\/\/dermo.com\/quitagrasas-2\/#breadcrumb","itemListElement":[{"@type":"ListItem","position":1,"name":"Portada","item":"https:\/\/dermo.com\/"},{"@type":"ListItem","position":2,"name":"Quitagrasas"}]},{"@type":"WebSite","@id":"https:\/\/dermo.com\/#website","url":"https:\/\/dermo.com\/","name":"Dermo | f\u00e1brica de detergentes","description":"A tecnologia avan\u00e7ada, a investiga\u00e7\u00e3o e desenvolvimento, o respeito pelo ambiente, a compet\u00eancia, a forma\u00e7\u00e3o constante e o elevado n\u00edvel de profissionalismo da nossa equipa humana, comprometida com a preserva\u00e7\u00e3o da qualidade de vida, a protec\u00e7\u00e3o do ambiente natural continuam a motivar-nos a desenvolver novos produtos nos nossos laborat\u00f3rios com princ\u00edpios ativos altamente biodegrad\u00e1veis que possibilitam o desenvolvimento sustent\u00e1vel.","potentialAction":[{"@type":"SearchAction","target":{"@type":"EntryPoint","urlTemplate":"https:\/\/dermo.com\/?s={search_term_string}"},"query-input":{"@type":"PropertyValueSpecification","valueRequired":true,"valueName":"search_term_string"}}],"inLanguage":"pt-PT"}]}},"_links":{"self":[{"href":"https:\/\/dermo.com\/pt\/wp-json\/wp\/v2\/pages\/12855","targetHints":{"allow":["GET"]}}],"collection":[{"href":"https:\/\/dermo.com\/pt\/wp-json\/wp\/v2\/pages"}],"about":[{"href":"https:\/\/dermo.com\/pt\/wp-json\/wp\/v2\/types\/page"}],"author":[{"embeddable":true,"href":"https:\/\/dermo.com\/pt\/wp-json\/wp\/v2\/users\/2"}],"replies":[{"embeddable":true,"href":"https:\/\/dermo.com\/pt\/wp-json\/wp\/v2\/comments?post=12855"}],"version-history":[{"count":10,"href":"https:\/\/dermo.com\/pt\/wp-json\/wp\/v2\/pages\/12855\/revisions"}],"predecessor-version":[{"id":13714,"href":"https:\/\/dermo.com\/pt\/wp-json\/wp\/v2\/pages\/12855\/revisions\/13714"}],"wp:attachment":[{"href":"https:\/\/dermo.com\/pt\/wp-json\/wp\/v2\/media?parent=12855"}],"curies":[{"name":"wp","href":"https:\/\/api.w.org\/{rel}","templated":true}]}}