{"id":12931,"date":"2025-01-31T11:08:41","date_gmt":"2025-01-31T10:08:41","guid":{"rendered":"https:\/\/dermo.com\/?page_id=12931"},"modified":"2025-02-19T11:36:20","modified_gmt":"2025-02-19T10:36:20","slug":"detergente-industrial","status":"publish","type":"page","link":"https:\/\/dermo.com\/pt\/detergente-industrial\/","title":{"rendered":"Detergente Industrial"},"content":{"rendered":"<div data-elementor-type=\"wp-page\" data-elementor-id=\"12931\" class=\"elementor elementor-12931\" data-elementor-post-type=\"page\">\n\t\t\t\t\t\t<section class=\"elementor-section elementor-top-section elementor-element elementor-element-7ee893c elementor-section-boxed elementor-section-height-default elementor-section-height-default\" data-id=\"7ee893c\" data-element_type=\"section\" data-e-type=\"section\" data-settings=\"{&quot;background_background&quot;:&quot;classic&quot;}\">\n\t\t\t\t\t\t\t<div class=\"elementor-background-overlay\"><\/div>\n\t\t\t\t\t\t\t<div class=\"elementor-container elementor-column-gap-default\">\n\t\t\t\t\t<div class=\"elementor-column elementor-col-100 elementor-top-column elementor-element elementor-element-fc832b1\" data-id=\"fc832b1\" data-element_type=\"column\" data-e-type=\"column\">\n\t\t\t<div class=\"elementor-widget-wrap elementor-element-populated\">\n\t\t\t\t\t\t\t<\/div>\n\t\t<\/div>\n\t\t\t\t\t<\/div>\n\t\t<\/section>\n\t\t\t\t<section class=\"elementor-section elementor-top-section elementor-element elementor-element-90fc12f elementor-section-boxed elementor-section-height-default elementor-section-height-default\" data-id=\"90fc12f\" data-element_type=\"section\" data-e-type=\"section\">\n\t\t\t\t\t\t<div class=\"elementor-container elementor-column-gap-default\">\n\t\t\t\t\t<div class=\"elementor-column elementor-col-100 elementor-top-column elementor-element elementor-element-e34c38d\" data-id=\"e34c38d\" data-element_type=\"column\" data-e-type=\"column\">\n\t\t\t<div class=\"elementor-widget-wrap elementor-element-populated\">\n\t\t\t\t\t\t<section class=\"elementor-section elementor-inner-section elementor-element elementor-element-a43579a elementor-section-content-middle elementor-section-boxed elementor-section-height-default elementor-section-height-default\" data-id=\"a43579a\" data-element_type=\"section\" data-e-type=\"section\">\n\t\t\t\t\t\t<div class=\"elementor-container elementor-column-gap-default\">\n\t\t\t\t\t<div class=\"elementor-column elementor-col-50 elementor-inner-column elementor-element elementor-element-0b67869\" data-id=\"0b67869\" data-element_type=\"column\" data-e-type=\"column\">\n\t\t\t<div class=\"elementor-widget-wrap elementor-element-populated\">\n\t\t\t\t\t\t<div class=\"elementor-element elementor-element-10b2717 elementor-widget elementor-widget-text-editor\" data-id=\"10b2717\" data-element_type=\"widget\" data-e-type=\"widget\" data-widget_type=\"text-editor.default\">\n\t\t\t\t<div class=\"elementor-widget-container\">\n\t\t\t\t\t\t\t\t\t<div id=\"lipsum\"><h2><strong>Detergente Industrial<\/strong><\/h2><p>Encontre um\u00a0<strong>detergente industrial<\/strong>\u00a0com mais de 25% de ingrediente ativo e descubra a maior efic\u00e1cia para limpeza profunda de todos os tipos de superf\u00edcies.<\/p><p>Na Dermo utilizamos tecnologia avan\u00e7ada e empregamos processos inovadores para desenvolver o melhor\u00a0<strong>detergente industrial<\/strong>\u00a0para nossos clientes, projetando e fabricando diferentes op\u00e7\u00f5es, projetadas para cobrir diferentes necessidades. Cada uma dessas op\u00e7\u00f5es que apresentamos \u00e9 de alta qualidade e especializa\u00e7\u00e3o e continuamos em constante evolu\u00e7\u00e3o, para que o\u00a0<strong>detergente industrial\u00a0<\/strong>pode oferecer a m\u00e1xima efic\u00e1cia no menor tempo poss\u00edvel.<\/p><\/div>\t\t\t\t\t\t\t\t<\/div>\n\t\t\t\t<\/div>\n\t\t\t\t<div class=\"elementor-element elementor-element-e3d20bf elementor-widget elementor-widget-image\" data-id=\"e3d20bf\" data-element_type=\"widget\" data-e-type=\"widget\" data-widget_type=\"image.default\">\n\t\t\t\t<div class=\"elementor-widget-container\">\n\t\t\t\t\t\t\t\t\t\t\t\t\t\t\t<img fetchpriority=\"high\" decoding=\"async\" width=\"1024\" height=\"576\" src=\"https:\/\/dermo.com\/wp-content\/uploads\/2025\/01\/Diseno-sin-titulo-10-1024x576.jpg\" class=\"attachment-large size-large wp-image-12936\" alt=\"\" srcset=\"https:\/\/dermo.com\/wp-content\/uploads\/2025\/01\/Diseno-sin-titulo-10-1024x576.jpg 1024w, https:\/\/dermo.com\/wp-content\/uploads\/2025\/01\/Diseno-sin-titulo-10-300x169.jpg 300w, https:\/\/dermo.com\/wp-content\/uploads\/2025\/01\/Diseno-sin-titulo-10-768x432.jpg 768w, https:\/\/dermo.com\/wp-content\/uploads\/2025\/01\/Diseno-sin-titulo-10-1536x864.jpg 1536w, https:\/\/dermo.com\/wp-content\/uploads\/2025\/01\/Diseno-sin-titulo-10-18x10.jpg 18w, https:\/\/dermo.com\/wp-content\/uploads\/2025\/01\/Diseno-sin-titulo-10-600x338.jpg 600w, https:\/\/dermo.com\/wp-content\/uploads\/2025\/01\/Diseno-sin-titulo-10.jpg 1920w\" sizes=\"(max-width: 1024px) 100vw, 1024px\" \/>\t\t\t\t\t\t\t\t\t\t\t\t\t\t\t<\/div>\n\t\t\t\t<\/div>\n\t\t\t\t\t<\/div>\n\t\t<\/div>\n\t\t\t\t<div class=\"elementor-column elementor-col-50 elementor-inner-column elementor-element elementor-element-9e39fa0 elementor-invisible\" data-id=\"9e39fa0\" data-element_type=\"column\" data-e-type=\"column\" data-settings=\"{&quot;animation&quot;:&quot;bounceInRight&quot;}\">\n\t\t\t<div class=\"elementor-widget-wrap elementor-element-populated\">\n\t\t\t\t\t\t<div class=\"elementor-element elementor-element-526a617 elementor-widget elementor-widget-elementskit-contact-form7\" data-id=\"526a617\" data-element_type=\"widget\" data-e-type=\"widget\" data-widget_type=\"elementskit-contact-form7.default\">\n\t\t\t\t<div class=\"elementor-widget-container\">\n\t\t\t\t\t<div class=\"ekit-wid-con\" ><div class=\"ekit-form\">\n<div class=\"wpcf7 no-js\" id=\"wpcf7-f13292-p12931-o1\" lang=\"es-ES\" dir=\"ltr\" data-wpcf7-id=\"13292\">\n<div class=\"screen-reader-response\"><p role=\"status\" aria-live=\"polite\" aria-atomic=\"true\"><\/p> <ul><\/ul><\/div>\n<form action=\"\/pt\/detergente-industrial\/#wpcf7-f13292-p12931-o1\" method=\"post\" class=\"wpcf7-form init\" aria-label=\"Formulario de contacto\" novalidate=\"novalidate\" data-status=\"init\" data-no-translation-aria-label=\"\" data-trp-original-action=\"\/pt\/detergente-industrial\/#wpcf7-f13292-p12931-o1\">\n<fieldset class=\"hidden-fields-container\"><input type=\"hidden\" name=\"_wpcf7\" value=\"13292\" \/><input type=\"hidden\" name=\"_wpcf7_version\" value=\"6.1.5\" \/><input type=\"hidden\" name=\"_wpcf7_locale\" value=\"es_ES\" \/><input type=\"hidden\" name=\"_wpcf7_unit_tag\" value=\"wpcf7-f13292-p12931-o1\" \/><input type=\"hidden\" name=\"_wpcf7_container_post\" value=\"12931\" \/><input type=\"hidden\" name=\"_wpcf7_posted_data_hash\" value=\"\" \/><input type=\"hidden\" name=\"_wpcf7_recaptcha_response\" value=\"\" \/>\n<\/fieldset>\n<div style=\"display: flex; gap: 10px;\">\n\t<div style=\"width: 50%;\">\n\t\t<p><span class=\"wpcf7-form-control-wrap\" data-name=\"your-name\"><input size=\"40\" maxlength=\"400\" class=\"wpcf7-form-control wpcf7-text wpcf7-validates-as-required\" aria-required=\"true\" aria-invalid=\"false\" placeholder=\"Nome\" value=\"\" type=\"text\" name=\"your-name\" \/><\/span>\n\t\t<\/p>\n\t<\/div>\n\t<div style=\"width: 50%;\">\n\t\t<p><span class=\"wpcf7-form-control-wrap\" data-name=\"your-phone\"><input size=\"40\" maxlength=\"400\" class=\"wpcf7-form-control wpcf7-tel wpcf7-validates-as-required wpcf7-text wpcf7-validates-as-tel\" aria-required=\"true\" aria-invalid=\"false\" placeholder=\"Telefone\" value=\"\" type=\"tel\" name=\"your-phone\" \/><\/span>\n\t\t<\/p>\n\t<\/div>\n<\/div>\n<p><span class=\"wpcf7-form-control-wrap\" data-name=\"your-email\"><input size=\"40\" maxlength=\"400\" class=\"wpcf7-form-control wpcf7-email wpcf7-validates-as-required wpcf7-text wpcf7-validates-as-email\" aria-required=\"true\" aria-invalid=\"false\" placeholder=\"E-mail\" value=\"\" type=\"email\" name=\"your-email\" \/><\/span>\n<\/p>\n<div style=\"display: flex; gap: 10px;\">\n\t<div style=\"width: 50%;\">\n\t\t<p><span class=\"wpcf7-form-control-wrap\" data-name=\"your-country\"><input size=\"40\" maxlength=\"400\" class=\"wpcf7-form-control wpcf7-text wpcf7-validates-as-required\" aria-required=\"true\" aria-invalid=\"false\" placeholder=\"Pa\u00eds\" value=\"\" type=\"text\" name=\"your-country\" \/><\/span>\n\t\t<\/p>\n\t<\/div>\n\t<div style=\"width: 50%;\">\n\t\t<p><span class=\"wpcf7-form-control-wrap\" data-name=\"your-city\"><input size=\"40\" maxlength=\"400\" class=\"wpcf7-form-control wpcf7-text wpcf7-validates-as-required\" aria-required=\"true\" aria-invalid=\"false\" placeholder=\"Popula\u00e7\u00e3o\" value=\"\" type=\"text\" name=\"your-city\" \/><\/span>\n\t\t<\/p>\n\t<\/div>\n<\/div>\n<p><span class=\"wpcf7-form-control-wrap\" data-name=\"your-subject\"><select class=\"wpcf7-form-control wpcf7-select\" aria-invalid=\"false\" name=\"your-subject\"><option value=\"Quiero ser distribuidor\">Quero ser um distribuidor<\/option><option value=\"Presupuesto\">Or\u00e7amento<\/option><option value=\"Consulta\">Consulta<\/option><option value=\"Sugerencia\">Sugest\u00e3o<\/option><option value=\"Otros\">Outros<\/option><\/select><\/span>\n<\/p>\n<p><span class=\"wpcf7-form-control-wrap\" data-name=\"your-message\"><textarea cols=\"40\" rows=\"10\" maxlength=\"2000\" class=\"wpcf7-form-control wpcf7-textarea\" aria-invalid=\"false\" placeholder=\"Mensagem ou consulta\" name=\"your-message\"><\/textarea><\/span>\n<\/p>\n<div style=\"display: flex; align-items: center; gap: 10px;\">\n\t<p><span class=\"wpcf7-form-control-wrap\" data-name=\"privacy-policy\"><span class=\"wpcf7-form-control wpcf7-acceptance\"><span class=\"wpcf7-list-item\"><input type=\"checkbox\" name=\"privacy-policy\" value=\"1\" aria-invalid=\"false\" \/><\/span><\/span><\/span><label for=\"privacy-policy\" style=\"margin-left: 5px;\">Li e aceito a pol\u00edtica de privacidade.<\/label>\n\t<\/p>\n<\/div>\n<div style=\"display: flex; align-items: center; gap: 10px;\">\n\t<p><span class=\"wpcf7-form-control-wrap\" data-name=\"send-info\"><span class=\"wpcf7-form-control wpcf7-acceptance\"><span class=\"wpcf7-list-item\"><input type=\"checkbox\" name=\"send-info\" value=\"1\" aria-invalid=\"false\" \/><\/span><\/span><\/span><label for=\"send-info\" style=\"margin-left: 5px;\">Concordo em receber informa\u00e7\u00f5es.<\/label>\n\t<\/p>\n<\/div>\n<p><input class=\"wpcf7-form-control wpcf7-submit has-spinner\" type=\"submit\" value=\"Enviar\" \/>\n<\/p><div class=\"wpcf7-response-output\" aria-hidden=\"true\"><\/div>\n<input type=\"hidden\" name=\"trp-form-language\" value=\"pt\"\/><\/form>\n<\/div>\n<\/div><\/div>\t\t\t\t<\/div>\n\t\t\t\t<\/div>\n\t\t\t\t\t<\/div>\n\t\t<\/div>\n\t\t\t\t\t<\/div>\n\t\t<\/section>\n\t\t\t\t<div class=\"elementor-element elementor-element-585efc3 elementor-widget elementor-widget-text-editor\" data-id=\"585efc3\" data-element_type=\"widget\" data-e-type=\"widget\" data-widget_type=\"text-editor.default\">\n\t\t\t\t<div class=\"elementor-widget-container\">\n\t\t\t\t\t\t\t\t\t<div id=\"lipsum\"><p>Oferecemos alta confiabilidade em cada um dos nossos produtos, para que as empresas tenham um produto de limpeza profissional que tamb\u00e9m seja seguro e duradouro. O detergente industrial pode ser \u00fatil em todos os tipos de setores, especialmente em \u00e1reas como a ind\u00fastria automotiva, onde s\u00e3o necess\u00e1rios produtos especiais para remover as sujeiras mais dif\u00edceis ou incrustadas, para limpar ve\u00edculos, caminh\u00f5es, trens, \u00f4nibus, etc.<\/p><p>Somos especialistas na fabrica\u00e7\u00e3o de detergentes, por isso podemos oferecer a voc\u00ea as m\u00e1ximas garantias na compra de qualquer produto.\u00a0<strong>detergente industrial<\/strong>, podendo escolher aquele que melhor se adapta \u00e0s suas necessidades de limpeza.<\/p><p>Nossa crescente gama de produtos industriais e automotivos \u00e9 capaz de cobrir todas as necessidades que podem surgir na limpeza de ve\u00edculos. UM\u00a0<strong>detergente industrial<\/strong>\u00a0O detergente profissional da Dermo, muito utilizado neste setor, \u00e9 o Car Clean, um detergente l\u00edquido concentrado que \u00e9 capaz de remover todo tipo de sujeira de carrocerias e rodas de liga leve sem esfregar, al\u00e9m de proporcionar secagem r\u00e1pida e acabamento muito brilhante. Esse\u00a0<strong>detergente industrial<\/strong>\u00a0Foi criado para limpeza de carrocerias de ve\u00edculos industriais, \u00f4nibus, carros e barcos de recreio e pode ser aplicado manualmente em lavagens de carros ou por lavagem de alta press\u00e3o.<\/p><p>Em nosso cat\u00e1logo voc\u00ea pode encontrar muitos tipos de\u00a0<strong>detergente industrial<\/strong>, desde detergentes industriais para a ind\u00fastria aliment\u00edcia at\u00e9 detergentes para carroceria. Visite nosso cat\u00e1logo online para descobrir todos os produtos de limpeza profissional que podemos lhe oferecer.<\/p><h3><strong>Descubra o poder da limpeza impec\u00e1vel com nossos detergentes de qualidade superior!<\/strong><\/h3><p>Voc\u00ea est\u00e1 procurando solu\u00e7\u00f5es de limpeza eficientes e ecologicamente corretas? N\u00e3o procure mais! Transforme a tarefa di\u00e1ria de limpeza em uma experi\u00eancia f\u00e1cil e eficaz.<\/p><\/div>\t\t\t\t\t\t\t\t<\/div>\n\t\t\t\t<\/div>\n\t\t\t\t<div class=\"elementor-element elementor-element-9908554 elementor-widget elementor-widget-button\" data-id=\"9908554\" data-element_type=\"widget\" data-e-type=\"widget\" data-widget_type=\"button.default\">\n\t\t\t\t<div class=\"elementor-widget-container\">\n\t\t\t\t\t\t\t\t\t<div class=\"elementor-button-wrapper\">\n\t\t\t\t\t<a class=\"elementor-button elementor-button-link elementor-size-sm\" href=\"\/pt\/contato\/\">\n\t\t\t\t\t\t<span class=\"elementor-button-content-wrapper\">\n\t\t\t\t\t\t\t\t\t<span class=\"elementor-button-text\">Contate-nos<\/span>\n\t\t\t\t\t<\/span>\n\t\t\t\t\t<\/a>\n\t\t\t\t<\/div>\n\t\t\t\t\t\t\t\t<\/div>\n\t\t\t\t<\/div>\n\t\t\t\t<div class=\"elementor-element elementor-element-e92cfe5 elementor-widget elementor-widget-text-editor\" data-id=\"e92cfe5\" data-element_type=\"widget\" data-e-type=\"widget\" data-widget_type=\"text-editor.default\">\n\t\t\t\t<div class=\"elementor-widget-container\">\n\t\t\t\t\t\t\t\t\t<p>Al\u00e9m de detergentes, em nosso cat\u00e1logo voc\u00ea pode descobrir todo tipo de desengordurantes, desinfetantes, produtos de higiene pessoal, produtos para limpeza de pisos e todo tipo de produtos de limpeza.<\/p><p>Nosso objetivo \u00e9 projetar e fabricar produtos qu\u00edmicos e detergentes de alta qualidade e oferecer um servi\u00e7o integral e eficaz para cobrir todos os tipos de necessidades, tanto de limpeza quanto de higiene pessoal.<\/p><p>Na Dermo, trabalhamos para diversos setores e consideramos todas as necessidades que eles apresentam, desde a restaura\u00e7\u00e3o, hotelaria, lares de idosos ou servi\u00e7os de limpeza, com especial \u00eanfase na ind\u00fastria e no setor autom\u00f3vel.<\/p><p>Se voc\u00ea quiser saber mais sobre nossa empresa ou sobre tudo o que podemos lhe oferecer, n\u00e3o hesite em entrar em contato conosco.<\/p>\t\t\t\t\t\t\t\t<\/div>\n\t\t\t\t<\/div>\n\t\t\t\t\t<\/div>\n\t\t<\/div>\n\t\t\t\t\t<\/div>\n\t\t<\/section>\n\t\t\t\t<section class=\"elementor-section elementor-top-section elementor-element elementor-element-c99d216 elementor-section-full_width elementor-section-height-default elementor-section-height-default elementor-invisible\" data-id=\"c99d216\" data-element_type=\"section\" data-e-type=\"section\" data-settings=\"{&quot;animation&quot;:&quot;slideInUp&quot;}\">\n\t\t\t\t\t\t<div class=\"elementor-container elementor-column-gap-default\">\n\t\t\t\t\t<div class=\"elementor-column elementor-col-100 elementor-top-column elementor-element elementor-element-9093199\" data-id=\"9093199\" data-element_type=\"column\" data-e-type=\"column\">\n\t\t\t<div class=\"elementor-widget-wrap elementor-element-populated\">\n\t\t\t\t\t\t<div class=\"elementor-element elementor-element-235214f elementor-widget elementor-widget-google_maps\" data-id=\"235214f\" data-element_type=\"widget\" data-e-type=\"widget\" data-widget_type=\"google_maps.default\">\n\t\t\t\t<div class=\"elementor-widget-container\">\n\t\t\t\t\t\t\t<div class=\"elementor-custom-embed\">\n\t\t\t<iframe loading=\"lazy\"\n\t\t\t\t\tsrc=\"https:\/\/maps.google.com\/maps?q=C%2F%20Pintor%20Joan%20Miro%2C%2016.%20Pol.%20Ind.%20Can%20Humet%20de%20Dalt%2C%2008213%20Poliny%C3%A0.%20Barcelona&#038;t=m&#038;z=15&#038;output=embed&#038;iwloc=near\"\n\t\t\t\t\ttitle=\"C\/ Pintor Joan Miro, 16. Pol. Ind. Can Humet de Dalt, 08213 Poliny\u00e0. Barcelona\"\n\t\t\t\t\taria-label=\"C\/ Pintor Joan Miro, 16. Pol. Ind. Can Humet de Dalt, 08213 Poliny\u00e0. Barcelona\"\n\t\t\t><\/iframe>\n\t\t<\/div>\n\t\t\t\t\t\t<\/div>\n\t\t\t\t<\/div>\n\t\t\t\t\t<\/div>\n\t\t<\/div>\n\t\t\t\t\t<\/div>\n\t\t<\/section>\n\t\t\t\t<\/div>","protected":false},"excerpt":{"rendered":"<p>Detergente Industrial Encontre um detergente industrial com mais de 25% de ingredientes ativos e descubra a maior efic\u00e1cia na limpeza profunda de todos os tipos de superf\u00edcies. Na Dermo, utilizamos tecnologia avan\u00e7ada e processos inovadores para desenvolver o melhor detergente industrial para os nossos clientes, projetando e fabricando diferentes op\u00e7\u00f5es para atender a diferentes necessidades. Cada um dos nossos\u2026&nbsp;<a href=\"https:\/\/dermo.com\/pt\/detergente-industrial\/\" rel=\"bookmark\">Ler mais \u00bb<span class=\"screen-reader-text\">Detergente Industrial<\/span><\/a><\/p>","protected":false},"author":2,"featured_media":0,"parent":0,"menu_order":0,"comment_status":"closed","ping_status":"closed","template":"page-templates\/template-pagebuilder-full-width.php","meta":{"neve_meta_sidebar":"","neve_meta_container":"","neve_meta_enable_content_width":"","neve_meta_content_width":0,"neve_meta_title_alignment":"","neve_meta_author_avatar":"","neve_post_elements_order":"","neve_meta_disable_header":"","neve_meta_disable_footer":"","neve_meta_disable_title":"","footnotes":""},"class_list":["post-12931","page","type-page","status-publish","hentry"],"yoast_head":"<!-- This site is optimized with the Yoast SEO plugin v27.0 - https:\/\/yoast.com\/product\/yoast-seo-wordpress\/ -->\n<title>Detergente Industrial - Dermo | F\u00e1brica de detergentes<\/title>\n<meta name=\"robots\" content=\"index, follow, max-snippet:-1, max-image-preview:large, max-video-preview:-1\" \/>\n<link rel=\"canonical\" href=\"https:\/\/dermo.com\/pt\/detergente-industrial\/\" \/>\n<meta property=\"og:locale\" content=\"pt_PT\" \/>\n<meta property=\"og:type\" content=\"article\" \/>\n<meta property=\"og:title\" content=\"Detergente Industrial - Dermo | F\u00e1brica de detergentes\" \/>\n<meta property=\"og:description\" content=\"Detergente Industrial Encuentra un\u00a0detergente industrial\u00a0con m\u00e1s de un 25% de principio activo y descubre la mayor efectividad para limpiar en profundidad todo tipo de superficies. En Dermo utilizamos una tecnolog\u00eda avanzada y empleamos procesos innovadores para desarrollar el mejor\u00a0detergente industrial\u00a0para nuestros clientes, dise\u00f1ando y fabricando distintas opciones, pensadas para cubrir diferentes necesidades. Cada una de&hellip;&nbsp;Ler mais &raquo;Detergente Industrial\" \/>\n<meta property=\"og:url\" content=\"https:\/\/dermo.com\/pt\/detergente-industrial\/\" \/>\n<meta property=\"og:site_name\" content=\"Dermo | F\u00e1brica de detergentes\" \/>\n<meta property=\"article:modified_time\" content=\"2025-02-19T10:36:20+00:00\" \/>\n<meta property=\"og:image\" content=\"https:\/\/dermo.com\/wp-content\/uploads\/2025\/01\/Diseno-sin-titulo-10-1024x576.jpg\" \/>\n<meta name=\"twitter:card\" content=\"summary_large_image\" \/>\n<meta name=\"twitter:label1\" content=\"Tempo estimado de leitura\" \/>\n\t<meta name=\"twitter:data1\" content=\"3 minutos\" \/>\n<script type=\"application\/ld+json\" class=\"yoast-schema-graph\">{\"@context\":\"https:\/\/schema.org\",\"@graph\":[{\"@type\":\"WebPage\",\"@id\":\"https:\/\/dermo.com\/detergente-industrial\/\",\"url\":\"https:\/\/dermo.com\/detergente-industrial\/\",\"name\":\"Detergente Industrial - Dermo | F\u00e1brica de detergentes\",\"isPartOf\":{\"@id\":\"https:\/\/dermo.com\/#website\"},\"primaryImageOfPage\":{\"@id\":\"https:\/\/dermo.com\/detergente-industrial\/#primaryimage\"},\"image\":{\"@id\":\"https:\/\/dermo.com\/detergente-industrial\/#primaryimage\"},\"thumbnailUrl\":\"https:\/\/dermo.com\/wp-content\/uploads\/2025\/01\/Diseno-sin-titulo-10-1024x576.jpg\",\"datePublished\":\"2025-01-31T10:08:41+00:00\",\"dateModified\":\"2025-02-19T10:36:20+00:00\",\"breadcrumb\":{\"@id\":\"https:\/\/dermo.com\/detergente-industrial\/#breadcrumb\"},\"inLanguage\":\"pt-PT\",\"potentialAction\":[{\"@type\":\"ReadAction\",\"target\":[\"https:\/\/dermo.com\/detergente-industrial\/\"]}]},{\"@type\":\"ImageObject\",\"inLanguage\":\"pt-PT\",\"@id\":\"https:\/\/dermo.com\/detergente-industrial\/#primaryimage\",\"url\":\"https:\/\/dermo.com\/wp-content\/uploads\/2025\/01\/Diseno-sin-titulo-10-1024x576.jpg\",\"contentUrl\":\"https:\/\/dermo.com\/wp-content\/uploads\/2025\/01\/Diseno-sin-titulo-10-1024x576.jpg\"},{\"@type\":\"BreadcrumbList\",\"@id\":\"https:\/\/dermo.com\/detergente-industrial\/#breadcrumb\",\"itemListElement\":[{\"@type\":\"ListItem\",\"position\":1,\"name\":\"Portada\",\"item\":\"https:\/\/dermo.com\/\"},{\"@type\":\"ListItem\",\"position\":2,\"name\":\"Detergente Industrial\"}]},{\"@type\":\"WebSite\",\"@id\":\"https:\/\/dermo.com\/#website\",\"url\":\"https:\/\/dermo.com\/\",\"name\":\"Dermo | F\u00e1brica de detergentes\",\"description\":\"Tecnolog\u00eda avanzada, investigaci\u00f3n y desarrollo, respeto por el medio ambiente, competencia, formaci\u00f3n constante y alto nivel de profesionalidad en nuestro equipo humano, empe\u00f1ado en preservar la calidad de vida, la protecci\u00f3n del entorno natural contin\u00faan motiv\u00e1ndonos para desarrollar en nuestros laboratorios nuevos productos con ingredientes activos altamente biodegradables que hacen posible un desarrollo sostenible.\",\"potentialAction\":[{\"@type\":\"SearchAction\",\"target\":{\"@type\":\"EntryPoint\",\"urlTemplate\":\"https:\/\/dermo.com\/?s={search_term_string}\"},\"query-input\":{\"@type\":\"PropertyValueSpecification\",\"valueRequired\":true,\"valueName\":\"search_term_string\"}}],\"inLanguage\":\"pt-PT\"}]}<\/script>\n<!-- \/ Yoast SEO plugin. -->","yoast_head_json":{"title":"Detergente Industrial - Dermo | F\u00e1brica de detergentes","robots":{"index":"index","follow":"follow","max-snippet":"max-snippet:-1","max-image-preview":"max-image-preview:large","max-video-preview":"max-video-preview:-1"},"canonical":"https:\/\/dermo.com\/pt\/detergente-industrial\/","og_locale":"pt_PT","og_type":"article","og_title":"Detergente Industrial - Dermo | F\u00e1brica de detergentes","og_description":"Detergente Industrial Encuentra un\u00a0detergente industrial\u00a0con m\u00e1s de un 25% de principio activo y descubre la mayor efectividad para limpiar en profundidad todo tipo de superficies. En Dermo utilizamos una tecnolog\u00eda avanzada y empleamos procesos innovadores para desarrollar el mejor\u00a0detergente industrial\u00a0para nuestros clientes, dise\u00f1ando y fabricando distintas opciones, pensadas para cubrir diferentes necesidades. Cada una de&hellip;&nbsp;Ler mais &raquo;Detergente Industrial","og_url":"https:\/\/dermo.com\/pt\/detergente-industrial\/","og_site_name":"Dermo | F\u00e1brica de detergentes","article_modified_time":"2025-02-19T10:36:20+00:00","og_image":[{"url":"https:\/\/dermo.com\/wp-content\/uploads\/2025\/01\/Diseno-sin-titulo-10-1024x576.jpg","type":"","width":"","height":""}],"twitter_card":"summary_large_image","twitter_misc":{"Tempo estimado de leitura":"3 minutos"},"schema":{"@context":"https:\/\/schema.org","@graph":[{"@type":"WebPage","@id":"https:\/\/dermo.com\/detergente-industrial\/","url":"https:\/\/dermo.com\/detergente-industrial\/","name":"Detergente Industrial - Dermo | F\u00e1brica de detergentes","isPartOf":{"@id":"https:\/\/dermo.com\/#website"},"primaryImageOfPage":{"@id":"https:\/\/dermo.com\/detergente-industrial\/#primaryimage"},"image":{"@id":"https:\/\/dermo.com\/detergente-industrial\/#primaryimage"},"thumbnailUrl":"https:\/\/dermo.com\/wp-content\/uploads\/2025\/01\/Diseno-sin-titulo-10-1024x576.jpg","datePublished":"2025-01-31T10:08:41+00:00","dateModified":"2025-02-19T10:36:20+00:00","breadcrumb":{"@id":"https:\/\/dermo.com\/detergente-industrial\/#breadcrumb"},"inLanguage":"pt-PT","potentialAction":[{"@type":"ReadAction","target":["https:\/\/dermo.com\/detergente-industrial\/"]}]},{"@type":"ImageObject","inLanguage":"pt-PT","@id":"https:\/\/dermo.com\/detergente-industrial\/#primaryimage","url":"https:\/\/dermo.com\/wp-content\/uploads\/2025\/01\/Diseno-sin-titulo-10-1024x576.jpg","contentUrl":"https:\/\/dermo.com\/wp-content\/uploads\/2025\/01\/Diseno-sin-titulo-10-1024x576.jpg"},{"@type":"BreadcrumbList","@id":"https:\/\/dermo.com\/detergente-industrial\/#breadcrumb","itemListElement":[{"@type":"ListItem","position":1,"name":"Portada","item":"https:\/\/dermo.com\/"},{"@type":"ListItem","position":2,"name":"Detergente Industrial"}]},{"@type":"WebSite","@id":"https:\/\/dermo.com\/#website","url":"https:\/\/dermo.com\/","name":"Dermo | f\u00e1brica de detergentes","description":"A tecnologia avan\u00e7ada, a investiga\u00e7\u00e3o e desenvolvimento, o respeito pelo ambiente, a compet\u00eancia, a forma\u00e7\u00e3o constante e o elevado n\u00edvel de profissionalismo da nossa equipa humana, comprometida com a preserva\u00e7\u00e3o da qualidade de vida, a protec\u00e7\u00e3o do ambiente natural continuam a motivar-nos a desenvolver novos produtos nos nossos laborat\u00f3rios com princ\u00edpios ativos altamente biodegrad\u00e1veis que possibilitam o desenvolvimento sustent\u00e1vel.","potentialAction":[{"@type":"SearchAction","target":{"@type":"EntryPoint","urlTemplate":"https:\/\/dermo.com\/?s={search_term_string}"},"query-input":{"@type":"PropertyValueSpecification","valueRequired":true,"valueName":"search_term_string"}}],"inLanguage":"pt-PT"}]}},"_links":{"self":[{"href":"https:\/\/dermo.com\/pt\/wp-json\/wp\/v2\/pages\/12931","targetHints":{"allow":["GET"]}}],"collection":[{"href":"https:\/\/dermo.com\/pt\/wp-json\/wp\/v2\/pages"}],"about":[{"href":"https:\/\/dermo.com\/pt\/wp-json\/wp\/v2\/types\/page"}],"author":[{"embeddable":true,"href":"https:\/\/dermo.com\/pt\/wp-json\/wp\/v2\/users\/2"}],"replies":[{"embeddable":true,"href":"https:\/\/dermo.com\/pt\/wp-json\/wp\/v2\/comments?post=12931"}],"version-history":[{"count":7,"href":"https:\/\/dermo.com\/pt\/wp-json\/wp\/v2\/pages\/12931\/revisions"}],"predecessor-version":[{"id":13422,"href":"https:\/\/dermo.com\/pt\/wp-json\/wp\/v2\/pages\/12931\/revisions\/13422"}],"wp:attachment":[{"href":"https:\/\/dermo.com\/pt\/wp-json\/wp\/v2\/media?parent=12931"}],"curies":[{"name":"wp","href":"https:\/\/api.w.org\/{rel}","templated":true}]}}