{"id":12941,"date":"2025-01-31T11:12:22","date_gmt":"2025-01-31T10:12:22","guid":{"rendered":"https:\/\/dermo.com\/?page_id=12941"},"modified":"2025-02-19T11:33:52","modified_gmt":"2025-02-19T10:33:52","slug":"detergente-decapante-alcalino","status":"publish","type":"page","link":"https:\/\/dermo.com\/pt\/detergente-decapante-alcalino\/","title":{"rendered":"Detergente decapante alcalino"},"content":{"rendered":"<div data-elementor-type=\"wp-page\" data-elementor-id=\"12941\" class=\"elementor elementor-12941\" data-elementor-post-type=\"page\">\n\t\t\t\t\t\t<section class=\"elementor-section elementor-top-section elementor-element elementor-element-a02683f elementor-section-boxed elementor-section-height-default elementor-section-height-default\" data-id=\"a02683f\" data-element_type=\"section\" data-e-type=\"section\" data-settings=\"{&quot;background_background&quot;:&quot;classic&quot;}\">\n\t\t\t\t\t\t\t<div class=\"elementor-background-overlay\"><\/div>\n\t\t\t\t\t\t\t<div class=\"elementor-container elementor-column-gap-default\">\n\t\t\t\t\t<div class=\"elementor-column elementor-col-100 elementor-top-column elementor-element elementor-element-f99dbff\" data-id=\"f99dbff\" data-element_type=\"column\" data-e-type=\"column\">\n\t\t\t<div class=\"elementor-widget-wrap elementor-element-populated\">\n\t\t\t\t\t\t\t<\/div>\n\t\t<\/div>\n\t\t\t\t\t<\/div>\n\t\t<\/section>\n\t\t\t\t<section class=\"elementor-section elementor-top-section elementor-element elementor-element-233ad3a4 elementor-section-boxed elementor-section-height-default elementor-section-height-default\" data-id=\"233ad3a4\" data-element_type=\"section\" data-e-type=\"section\">\n\t\t\t\t\t\t<div class=\"elementor-container elementor-column-gap-default\">\n\t\t\t\t\t<div class=\"elementor-column elementor-col-100 elementor-top-column elementor-element elementor-element-3244e578\" data-id=\"3244e578\" data-element_type=\"column\" data-e-type=\"column\">\n\t\t\t<div class=\"elementor-widget-wrap elementor-element-populated\">\n\t\t\t\t\t\t<section class=\"elementor-section elementor-inner-section elementor-element elementor-element-1a7040c2 elementor-section-content-middle elementor-section-boxed elementor-section-height-default elementor-section-height-default\" data-id=\"1a7040c2\" data-element_type=\"section\" data-e-type=\"section\">\n\t\t\t\t\t\t<div class=\"elementor-container elementor-column-gap-default\">\n\t\t\t\t\t<div class=\"elementor-column elementor-col-50 elementor-inner-column elementor-element elementor-element-58338543\" data-id=\"58338543\" data-element_type=\"column\" data-e-type=\"column\">\n\t\t\t<div class=\"elementor-widget-wrap elementor-element-populated\">\n\t\t\t\t\t\t<div class=\"elementor-element elementor-element-464b2e11 elementor-widget elementor-widget-text-editor\" data-id=\"464b2e11\" data-element_type=\"widget\" data-e-type=\"widget\" data-widget_type=\"text-editor.default\">\n\t\t\t\t<div class=\"elementor-widget-container\">\n\t\t\t\t\t\t\t\t\t<p>H\u00e1 30 anos inovamos para voc\u00ea em produtos de limpeza espec\u00edficos, como\u00a0<strong>detergentes para limpeza de pisos<\/strong>, que lhe oferecem solu\u00e7\u00f5es para a limpeza de todo o tipo de superf\u00edcies, garantindo a sua conserva\u00e7\u00e3o, higienizando-as, desinfectando-as, consoante o tipo de necessidade que se pretenda. O\u00a0<strong>detergentes para limpeza de pisos<\/strong>\u00a0de\u00a0<strong>Dermo<\/strong>\u00a0Deixam o piso impecavelmente limpo, acompanhado de um aroma agrad\u00e1vel e persistente, mantendo o aspecto original dos materiais.<\/p><p>Um dos nossos produtos estrela, no que diz respeito a detergentes para limpeza de pisos, \u00e9 o\u00a0<strong>detergente decapante e descalcificante alcalino<\/strong>, que se adapta a todos os tipos de piso. Este \u00e9 um\u00a0<strong>detergente decapante alcalino<\/strong>, que prepara as superf\u00edcies para o tratamento de vitrifica\u00e7\u00e3o subsequente, removendo vest\u00edgios de cera e emuls\u00f5es autopolidoras de aplica\u00e7\u00f5es anteriores. Ele\u00a0<strong>detergente decapante alcalino<\/strong>\u00a0de\u00a0<strong>Dermo\u00a0<\/strong>representa um produto de alta qualidade espec\u00edfico para tratamento de solos.<\/p><p>Em\u00a0<strong>Dermo<\/strong>\u00a0Temos todos os tipos de limpadores e tratadores de pisos, que se adaptam perfeitamente a todos os tipos de materiais. Cada um deles \u00e9 feito para um processo espec\u00edfico.\u00a0<strong>Dermo<\/strong>\u00a0oferece detergentes especializados para cada ocasi\u00e3o, como\u00a0<strong>detergentes para limpeza de pisos<\/strong>\u00a0para tratamento de pisos, proporcionando higiene, desinfec\u00e7\u00e3o e bom aroma, mantendo sempre a conserva\u00e7\u00e3o adequada do piso, respeitando seu aspecto original.<\/p><p>Ele\u00a0<strong>detergente decapante alcalino<\/strong>\u00a0de\u00a0<strong>Dermo<\/strong>\u00a0\u00c9 um produto concentrado que se adapta perfeitamente a todos os tipos de superf\u00edcies, respeitando seu estado natural e deixando resultados realmente incr\u00edveis.<\/p>\t\t\t\t\t\t\t\t<\/div>\n\t\t\t\t<\/div>\n\t\t\t\t\t<\/div>\n\t\t<\/div>\n\t\t\t\t<div class=\"elementor-column elementor-col-50 elementor-inner-column elementor-element elementor-element-6a11d74 elementor-invisible\" data-id=\"6a11d74\" data-element_type=\"column\" data-e-type=\"column\" data-settings=\"{&quot;animation&quot;:&quot;bounceInRight&quot;}\">\n\t\t\t<div class=\"elementor-widget-wrap elementor-element-populated\">\n\t\t\t\t\t\t<div class=\"elementor-element elementor-element-cce11bd elementor-widget elementor-widget-elementskit-contact-form7\" data-id=\"cce11bd\" data-element_type=\"widget\" data-e-type=\"widget\" data-widget_type=\"elementskit-contact-form7.default\">\n\t\t\t\t<div class=\"elementor-widget-container\">\n\t\t\t\t\t<div class=\"ekit-wid-con\" ><div class=\"ekit-form\">\n<div class=\"wpcf7 no-js\" id=\"wpcf7-f13292-p12941-o1\" lang=\"es-ES\" dir=\"ltr\" data-wpcf7-id=\"13292\">\n<div class=\"screen-reader-response\"><p role=\"status\" aria-live=\"polite\" aria-atomic=\"true\"><\/p> <ul><\/ul><\/div>\n<form action=\"\/pt\/detergente-decapante-alcalino\/#wpcf7-f13292-p12941-o1\" method=\"post\" class=\"wpcf7-form init\" aria-label=\"Formulario de contacto\" novalidate=\"novalidate\" data-status=\"init\" data-no-translation-aria-label=\"\" data-trp-original-action=\"\/pt\/detergente-decapante-alcalino\/#wpcf7-f13292-p12941-o1\">\n<fieldset class=\"hidden-fields-container\"><input type=\"hidden\" name=\"_wpcf7\" value=\"13292\" \/><input type=\"hidden\" name=\"_wpcf7_version\" value=\"6.1.5\" \/><input type=\"hidden\" name=\"_wpcf7_locale\" value=\"es_ES\" \/><input type=\"hidden\" name=\"_wpcf7_unit_tag\" value=\"wpcf7-f13292-p12941-o1\" \/><input type=\"hidden\" name=\"_wpcf7_container_post\" value=\"12941\" \/><input type=\"hidden\" name=\"_wpcf7_posted_data_hash\" value=\"\" \/><input type=\"hidden\" name=\"_wpcf7_recaptcha_response\" value=\"\" \/>\n<\/fieldset>\n<div style=\"display: flex; gap: 10px;\">\n\t<div style=\"width: 50%;\">\n\t\t<p><span class=\"wpcf7-form-control-wrap\" data-name=\"your-name\"><input size=\"40\" maxlength=\"400\" class=\"wpcf7-form-control wpcf7-text wpcf7-validates-as-required\" aria-required=\"true\" aria-invalid=\"false\" placeholder=\"Nome\" value=\"\" type=\"text\" name=\"your-name\" \/><\/span>\n\t\t<\/p>\n\t<\/div>\n\t<div style=\"width: 50%;\">\n\t\t<p><span class=\"wpcf7-form-control-wrap\" data-name=\"your-phone\"><input size=\"40\" maxlength=\"400\" class=\"wpcf7-form-control wpcf7-tel wpcf7-validates-as-required wpcf7-text wpcf7-validates-as-tel\" aria-required=\"true\" aria-invalid=\"false\" placeholder=\"Telefone\" value=\"\" type=\"tel\" name=\"your-phone\" \/><\/span>\n\t\t<\/p>\n\t<\/div>\n<\/div>\n<p><span class=\"wpcf7-form-control-wrap\" data-name=\"your-email\"><input size=\"40\" maxlength=\"400\" class=\"wpcf7-form-control wpcf7-email wpcf7-validates-as-required wpcf7-text wpcf7-validates-as-email\" aria-required=\"true\" aria-invalid=\"false\" placeholder=\"E-mail\" value=\"\" type=\"email\" name=\"your-email\" \/><\/span>\n<\/p>\n<div style=\"display: flex; gap: 10px;\">\n\t<div style=\"width: 50%;\">\n\t\t<p><span class=\"wpcf7-form-control-wrap\" data-name=\"your-country\"><input size=\"40\" maxlength=\"400\" class=\"wpcf7-form-control wpcf7-text wpcf7-validates-as-required\" aria-required=\"true\" aria-invalid=\"false\" placeholder=\"Pa\u00eds\" value=\"\" type=\"text\" name=\"your-country\" \/><\/span>\n\t\t<\/p>\n\t<\/div>\n\t<div style=\"width: 50%;\">\n\t\t<p><span class=\"wpcf7-form-control-wrap\" data-name=\"your-city\"><input size=\"40\" maxlength=\"400\" class=\"wpcf7-form-control wpcf7-text wpcf7-validates-as-required\" aria-required=\"true\" aria-invalid=\"false\" placeholder=\"Popula\u00e7\u00e3o\" value=\"\" type=\"text\" name=\"your-city\" \/><\/span>\n\t\t<\/p>\n\t<\/div>\n<\/div>\n<p><span class=\"wpcf7-form-control-wrap\" data-name=\"your-subject\"><select class=\"wpcf7-form-control wpcf7-select\" aria-invalid=\"false\" name=\"your-subject\"><option value=\"Quiero ser distribuidor\">Quero ser um distribuidor<\/option><option value=\"Presupuesto\">Or\u00e7amento<\/option><option value=\"Consulta\">Consulta<\/option><option value=\"Sugerencia\">Sugest\u00e3o<\/option><option value=\"Otros\">Outros<\/option><\/select><\/span>\n<\/p>\n<p><span class=\"wpcf7-form-control-wrap\" data-name=\"your-message\"><textarea cols=\"40\" rows=\"10\" maxlength=\"2000\" class=\"wpcf7-form-control wpcf7-textarea\" aria-invalid=\"false\" placeholder=\"Mensagem ou consulta\" name=\"your-message\"><\/textarea><\/span>\n<\/p>\n<div style=\"display: flex; align-items: center; gap: 10px;\">\n\t<p><span class=\"wpcf7-form-control-wrap\" data-name=\"privacy-policy\"><span class=\"wpcf7-form-control wpcf7-acceptance\"><span class=\"wpcf7-list-item\"><input type=\"checkbox\" name=\"privacy-policy\" value=\"1\" aria-invalid=\"false\" \/><\/span><\/span><\/span><label for=\"privacy-policy\" style=\"margin-left: 5px;\">Li e aceito a pol\u00edtica de privacidade.<\/label>\n\t<\/p>\n<\/div>\n<div style=\"display: flex; align-items: center; gap: 10px;\">\n\t<p><span class=\"wpcf7-form-control-wrap\" data-name=\"send-info\"><span class=\"wpcf7-form-control wpcf7-acceptance\"><span class=\"wpcf7-list-item\"><input type=\"checkbox\" name=\"send-info\" value=\"1\" aria-invalid=\"false\" \/><\/span><\/span><\/span><label for=\"send-info\" style=\"margin-left: 5px;\">Concordo em receber informa\u00e7\u00f5es.<\/label>\n\t<\/p>\n<\/div>\n<p><input class=\"wpcf7-form-control wpcf7-submit has-spinner\" type=\"submit\" value=\"Enviar\" \/>\n<\/p><div class=\"wpcf7-response-output\" aria-hidden=\"true\"><\/div>\n<input type=\"hidden\" name=\"trp-form-language\" value=\"pt\"\/><\/form>\n<\/div>\n<\/div><\/div>\t\t\t\t<\/div>\n\t\t\t\t<\/div>\n\t\t\t\t\t<\/div>\n\t\t<\/div>\n\t\t\t\t\t<\/div>\n\t\t<\/section>\n\t\t\t\t<div class=\"elementor-element elementor-element-615d68f elementor-widget elementor-widget-text-editor\" data-id=\"615d68f\" data-element_type=\"widget\" data-e-type=\"widget\" data-widget_type=\"text-editor.default\">\n\t\t\t\t<div class=\"elementor-widget-container\">\n\t\t\t\t\t\t\t\t\t<p>Para utiliz\u00e1-lo corretamente, o\u00a0<strong>Detergente alcalino, desincrustante e decapante da Dermo<\/strong>\u00a0Deve ser aplicado dilu\u00eddo em \u00e1gua, na propor\u00e7\u00e3o de 5 para 10%, dependendo da sujidade, incrusta\u00e7\u00f5es e qualidade do pavimento. Para um acabamento adequado, deve-se limpar rapidamente o produto com \u00e1gua para evitar contato excessivamente longo com o pavimento. Dessa forma, voc\u00ea conseguir\u00e1 remover completamente o removedor da superf\u00edcie.<\/p><p>Em\u00a0<strong>Dermo<\/strong>\u00a0N\u00f3s fabricamos e distribu\u00edmos o melhor\u00a0<strong>detergentes para limpeza de pisos<\/strong>\u00a0do setor, com alto poder de concentra\u00e7\u00e3o e resist\u00eancia, com aroma agrad\u00e1vel que perdura durante todo o dia. O\u00a0<strong>detergentes para limpeza de pisos<\/strong>\u00a0de\u00a0<strong>Dermo<\/strong>\u00a0Eles s\u00e3o profissionais e dur\u00e1veis, como \u00e9 o caso do\u00a0<strong>detergente decapante alcalino<\/strong>, que requer uma pequena quantidade de produto para obter resultados impec\u00e1veis.<\/p><p>O\u00a0<strong>detergentes para limpeza de pisos<\/strong>\u00a0de\u00a0<strong>Dermo<\/strong>\u00a0Deixam o piso impecavelmente limpo, acompanhado de um aroma agrad\u00e1vel e persistente, mantendo o aspecto original dos materiais. Se voc\u00ea quiser ver todos os produtos espec\u00edficos que podemos oferecer para obter aquecimento de piso, n\u00e3o perca nosso cat\u00e1logo. L\u00e1 voc\u00ea poder\u00e1 ver as especifica\u00e7\u00f5es t\u00e9cnicas e instru\u00e7\u00f5es de uso, para realizar um processo adequado.<\/p><p>Entre os produtos espec\u00edficos que voc\u00ea pode encontrar no cat\u00e1logo da\u00a0<strong>Dermo<\/strong>, destacamos o\u00a0<strong>detergente decapante alcalino<\/strong>, que tamb\u00e9m remove incrusta\u00e7\u00f5es de qualquer tipo de piso, sem danific\u00e1-lo e proporcionando brilho e qualidade.<\/p><p>Ele\u00a0<strong>detergente decapante alcalino<\/strong>\u00a0de\u00a0<strong>Dermo<\/strong>\u00a0\u00c9 de cor azul e tem um impacto imediato no pavimento, restaurando-o ao seu estado original, deixando-o com um aspecto completamente novo e brilhante.<\/p><p>Bom aroma, higiene e desinfec\u00e7\u00e3o s\u00e3o qualidades que t\u00eam selo de marca\u00a0<strong>Dermo<\/strong>\u00c9 por isso que queremos que voc\u00ea conhe\u00e7a todos os produtos e possa escolher aquele que melhor se adapta \u00e0s suas necessidades, para cada ocasi\u00e3o.<\/p>\t\t\t\t\t\t\t\t<\/div>\n\t\t\t\t<\/div>\n\t\t\t\t\t<\/div>\n\t\t<\/div>\n\t\t\t\t\t<\/div>\n\t\t<\/section>\n\t\t\t\t<section class=\"elementor-section elementor-top-section elementor-element elementor-element-484f41e elementor-section-full_width elementor-section-height-default elementor-section-height-default elementor-invisible\" data-id=\"484f41e\" data-element_type=\"section\" data-e-type=\"section\" data-settings=\"{&quot;animation&quot;:&quot;slideInUp&quot;}\">\n\t\t\t\t\t\t<div class=\"elementor-container elementor-column-gap-default\">\n\t\t\t\t\t<div class=\"elementor-column elementor-col-100 elementor-top-column elementor-element elementor-element-19948363\" data-id=\"19948363\" data-element_type=\"column\" data-e-type=\"column\">\n\t\t\t<div class=\"elementor-widget-wrap elementor-element-populated\">\n\t\t\t\t\t\t<div class=\"elementor-element elementor-element-339044a4 elementor-widget elementor-widget-google_maps\" data-id=\"339044a4\" data-element_type=\"widget\" data-e-type=\"widget\" data-widget_type=\"google_maps.default\">\n\t\t\t\t<div class=\"elementor-widget-container\">\n\t\t\t\t\t\t\t<div class=\"elementor-custom-embed\">\n\t\t\t<iframe loading=\"lazy\"\n\t\t\t\t\tsrc=\"https:\/\/maps.google.com\/maps?q=C%2F%20Pintor%20Joan%20Miro%2C%2016.%20Pol.%20Ind.%20Can%20Humet%20de%20Dalt%2C%2008213%20Poliny%C3%A0.%20Barcelona&#038;t=m&#038;z=15&#038;output=embed&#038;iwloc=near\"\n\t\t\t\t\ttitle=\"C\/ Pintor Joan Miro, 16. Pol. Ind. Can Humet de Dalt, 08213 Poliny\u00e0. Barcelona\"\n\t\t\t\t\taria-label=\"C\/ Pintor Joan Miro, 16. Pol. Ind. Can Humet de Dalt, 08213 Poliny\u00e0. Barcelona\"\n\t\t\t><\/iframe>\n\t\t<\/div>\n\t\t\t\t\t\t<\/div>\n\t\t\t\t<\/div>\n\t\t\t\t\t<\/div>\n\t\t<\/div>\n\t\t\t\t\t<\/div>\n\t\t<\/section>\n\t\t\t\t<\/div>","protected":false},"excerpt":{"rendered":"<p>H\u00e1 30 anos inovamos para voc\u00ea com produtos de limpeza espec\u00edficos, como os detergentes para limpeza de pisos, que oferecem solu\u00e7\u00f5es para a limpeza de todos os tipos de superf\u00edcies, garantindo sua preserva\u00e7\u00e3o, higieniza\u00e7\u00e3o e desinfec\u00e7\u00e3o, conforme a necessidade. Os detergentes para limpeza de pisos Dermo deixam os pisos impecavelmente limpos, acompanhados de um aroma agrad\u00e1vel e persistente, mantendo...&nbsp;<a href=\"https:\/\/dermo.com\/pt\/detergente-decapante-alcalino\/\" rel=\"bookmark\">Ler mais \u00bb<span class=\"screen-reader-text\">Detergente decapante alcalino<\/span><\/a><\/p>","protected":false},"author":2,"featured_media":0,"parent":0,"menu_order":0,"comment_status":"closed","ping_status":"closed","template":"page-templates\/template-pagebuilder-full-width.php","meta":{"neve_meta_sidebar":"","neve_meta_container":"","neve_meta_enable_content_width":"","neve_meta_content_width":0,"neve_meta_title_alignment":"","neve_meta_author_avatar":"","neve_post_elements_order":"","neve_meta_disable_header":"","neve_meta_disable_footer":"","neve_meta_disable_title":"","footnotes":""},"class_list":["post-12941","page","type-page","status-publish","hentry"],"yoast_head":"<!-- This site is optimized with the Yoast SEO plugin v27.0 - https:\/\/yoast.com\/product\/yoast-seo-wordpress\/ -->\n<title>Detergente decapante alcalino - Dermo | F\u00e1brica de detergentes<\/title>\n<meta name=\"robots\" content=\"index, follow, max-snippet:-1, max-image-preview:large, max-video-preview:-1\" \/>\n<link rel=\"canonical\" href=\"https:\/\/dermo.com\/pt\/detergente-decapante-alcalino\/\" \/>\n<meta property=\"og:locale\" content=\"pt_PT\" \/>\n<meta property=\"og:type\" content=\"article\" \/>\n<meta property=\"og:title\" content=\"Detergente decapante alcalino - Dermo | F\u00e1brica de detergentes\" \/>\n<meta property=\"og:description\" content=\"Llevamos 30 a\u00f1os innovando por ti en productos de limpieza espec\u00edfica, como los\u00a0detergentes friegasuelos, que te ofrecen soluciones para la limpieza de todo tipo de superficies, garantizando su conservaci\u00f3n, higieniz\u00e1ndola, desinfect\u00e1ndola, seg\u00fan el tipo de necesidad que sea necesario. Los\u00a0detergentes friegasuelos\u00a0de\u00a0Dermo\u00a0consiguen dejar el pavimento impecablemente limpio, acompa\u00f1ado de un agradable y persistente aroma, manteniendo el&hellip;&nbsp;Ler mais &raquo;Detergente decapante alcalino\" \/>\n<meta property=\"og:url\" content=\"https:\/\/dermo.com\/pt\/detergente-decapante-alcalino\/\" \/>\n<meta property=\"og:site_name\" content=\"Dermo | F\u00e1brica de detergentes\" \/>\n<meta property=\"article:modified_time\" content=\"2025-02-19T10:33:52+00:00\" \/>\n<meta name=\"twitter:card\" content=\"summary_large_image\" \/>\n<meta name=\"twitter:label1\" content=\"Tempo estimado de leitura\" \/>\n\t<meta name=\"twitter:data1\" content=\"3 minutos\" \/>\n<script type=\"application\/ld+json\" class=\"yoast-schema-graph\">{\"@context\":\"https:\/\/schema.org\",\"@graph\":[{\"@type\":\"WebPage\",\"@id\":\"https:\/\/dermo.com\/detergente-decapante-alcalino\/\",\"url\":\"https:\/\/dermo.com\/detergente-decapante-alcalino\/\",\"name\":\"Detergente decapante alcalino - Dermo | F\u00e1brica de detergentes\",\"isPartOf\":{\"@id\":\"https:\/\/dermo.com\/#website\"},\"datePublished\":\"2025-01-31T10:12:22+00:00\",\"dateModified\":\"2025-02-19T10:33:52+00:00\",\"breadcrumb\":{\"@id\":\"https:\/\/dermo.com\/detergente-decapante-alcalino\/#breadcrumb\"},\"inLanguage\":\"pt-PT\",\"potentialAction\":[{\"@type\":\"ReadAction\",\"target\":[\"https:\/\/dermo.com\/detergente-decapante-alcalino\/\"]}]},{\"@type\":\"BreadcrumbList\",\"@id\":\"https:\/\/dermo.com\/detergente-decapante-alcalino\/#breadcrumb\",\"itemListElement\":[{\"@type\":\"ListItem\",\"position\":1,\"name\":\"Portada\",\"item\":\"https:\/\/dermo.com\/\"},{\"@type\":\"ListItem\",\"position\":2,\"name\":\"Detergente decapante alcalino\"}]},{\"@type\":\"WebSite\",\"@id\":\"https:\/\/dermo.com\/#website\",\"url\":\"https:\/\/dermo.com\/\",\"name\":\"Dermo | F\u00e1brica de detergentes\",\"description\":\"Tecnolog\u00eda avanzada, investigaci\u00f3n y desarrollo, respeto por el medio ambiente, competencia, formaci\u00f3n constante y alto nivel de profesionalidad en nuestro equipo humano, empe\u00f1ado en preservar la calidad de vida, la protecci\u00f3n del entorno natural contin\u00faan motiv\u00e1ndonos para desarrollar en nuestros laboratorios nuevos productos con ingredientes activos altamente biodegradables que hacen posible un desarrollo sostenible.\",\"potentialAction\":[{\"@type\":\"SearchAction\",\"target\":{\"@type\":\"EntryPoint\",\"urlTemplate\":\"https:\/\/dermo.com\/?s={search_term_string}\"},\"query-input\":{\"@type\":\"PropertyValueSpecification\",\"valueRequired\":true,\"valueName\":\"search_term_string\"}}],\"inLanguage\":\"pt-PT\"}]}<\/script>\n<!-- \/ Yoast SEO plugin. -->","yoast_head_json":{"title":"Detergente decapante alcalino - Dermo | F\u00e1brica de detergentes","robots":{"index":"index","follow":"follow","max-snippet":"max-snippet:-1","max-image-preview":"max-image-preview:large","max-video-preview":"max-video-preview:-1"},"canonical":"https:\/\/dermo.com\/pt\/detergente-decapante-alcalino\/","og_locale":"pt_PT","og_type":"article","og_title":"Detergente decapante alcalino - Dermo | F\u00e1brica de detergentes","og_description":"Llevamos 30 a\u00f1os innovando por ti en productos de limpieza espec\u00edfica, como los\u00a0detergentes friegasuelos, que te ofrecen soluciones para la limpieza de todo tipo de superficies, garantizando su conservaci\u00f3n, higieniz\u00e1ndola, desinfect\u00e1ndola, seg\u00fan el tipo de necesidad que sea necesario. Los\u00a0detergentes friegasuelos\u00a0de\u00a0Dermo\u00a0consiguen dejar el pavimento impecablemente limpio, acompa\u00f1ado de un agradable y persistente aroma, manteniendo el&hellip;&nbsp;Ler mais &raquo;Detergente decapante alcalino","og_url":"https:\/\/dermo.com\/pt\/detergente-decapante-alcalino\/","og_site_name":"Dermo | F\u00e1brica de detergentes","article_modified_time":"2025-02-19T10:33:52+00:00","twitter_card":"summary_large_image","twitter_misc":{"Tempo estimado de leitura":"3 minutos"},"schema":{"@context":"https:\/\/schema.org","@graph":[{"@type":"WebPage","@id":"https:\/\/dermo.com\/detergente-decapante-alcalino\/","url":"https:\/\/dermo.com\/detergente-decapante-alcalino\/","name":"Detergente decapante alcalino - Dermo | F\u00e1brica de detergentes","isPartOf":{"@id":"https:\/\/dermo.com\/#website"},"datePublished":"2025-01-31T10:12:22+00:00","dateModified":"2025-02-19T10:33:52+00:00","breadcrumb":{"@id":"https:\/\/dermo.com\/detergente-decapante-alcalino\/#breadcrumb"},"inLanguage":"pt-PT","potentialAction":[{"@type":"ReadAction","target":["https:\/\/dermo.com\/detergente-decapante-alcalino\/"]}]},{"@type":"BreadcrumbList","@id":"https:\/\/dermo.com\/detergente-decapante-alcalino\/#breadcrumb","itemListElement":[{"@type":"ListItem","position":1,"name":"Portada","item":"https:\/\/dermo.com\/"},{"@type":"ListItem","position":2,"name":"Detergente decapante alcalino"}]},{"@type":"WebSite","@id":"https:\/\/dermo.com\/#website","url":"https:\/\/dermo.com\/","name":"Dermo | f\u00e1brica de detergentes","description":"A tecnologia avan\u00e7ada, a investiga\u00e7\u00e3o e desenvolvimento, o respeito pelo ambiente, a compet\u00eancia, a forma\u00e7\u00e3o constante e o elevado n\u00edvel de profissionalismo da nossa equipa humana, comprometida com a preserva\u00e7\u00e3o da qualidade de vida, a protec\u00e7\u00e3o do ambiente natural continuam a motivar-nos a desenvolver novos produtos nos nossos laborat\u00f3rios com princ\u00edpios ativos altamente biodegrad\u00e1veis que possibilitam o desenvolvimento sustent\u00e1vel.","potentialAction":[{"@type":"SearchAction","target":{"@type":"EntryPoint","urlTemplate":"https:\/\/dermo.com\/?s={search_term_string}"},"query-input":{"@type":"PropertyValueSpecification","valueRequired":true,"valueName":"search_term_string"}}],"inLanguage":"pt-PT"}]}},"_links":{"self":[{"href":"https:\/\/dermo.com\/pt\/wp-json\/wp\/v2\/pages\/12941","targetHints":{"allow":["GET"]}}],"collection":[{"href":"https:\/\/dermo.com\/pt\/wp-json\/wp\/v2\/pages"}],"about":[{"href":"https:\/\/dermo.com\/pt\/wp-json\/wp\/v2\/types\/page"}],"author":[{"embeddable":true,"href":"https:\/\/dermo.com\/pt\/wp-json\/wp\/v2\/users\/2"}],"replies":[{"embeddable":true,"href":"https:\/\/dermo.com\/pt\/wp-json\/wp\/v2\/comments?post=12941"}],"version-history":[{"count":7,"href":"https:\/\/dermo.com\/pt\/wp-json\/wp\/v2\/pages\/12941\/revisions"}],"predecessor-version":[{"id":13410,"href":"https:\/\/dermo.com\/pt\/wp-json\/wp\/v2\/pages\/12941\/revisions\/13410"}],"wp:attachment":[{"href":"https:\/\/dermo.com\/pt\/wp-json\/wp\/v2\/media?parent=12941"}],"curies":[{"name":"wp","href":"https:\/\/api.w.org\/{rel}","templated":true}]}}