{"id":12961,"date":"2025-01-31T11:21:33","date_gmt":"2025-01-31T10:21:33","guid":{"rendered":"https:\/\/dermo.com\/?page_id=12961"},"modified":"2025-02-19T11:52:54","modified_gmt":"2025-02-19T10:52:54","slug":"fabrica-de-detergentes","status":"publish","type":"page","link":"https:\/\/dermo.com\/pt\/fabrica-de-detergentes\/","title":{"rendered":"F\u00e1brica de detergentes"},"content":{"rendered":"<div data-elementor-type=\"wp-page\" data-elementor-id=\"12961\" class=\"elementor elementor-12961\" data-elementor-post-type=\"page\">\n\t\t\t\t\t\t<section class=\"elementor-section elementor-top-section elementor-element elementor-element-a02683f elementor-section-boxed elementor-section-height-default elementor-section-height-default\" data-id=\"a02683f\" data-element_type=\"section\" data-e-type=\"section\" data-settings=\"{&quot;background_background&quot;:&quot;classic&quot;}\">\n\t\t\t\t\t\t\t<div class=\"elementor-background-overlay\"><\/div>\n\t\t\t\t\t\t\t<div class=\"elementor-container elementor-column-gap-default\">\n\t\t\t\t\t<div class=\"elementor-column elementor-col-100 elementor-top-column elementor-element elementor-element-f99dbff\" data-id=\"f99dbff\" data-element_type=\"column\" data-e-type=\"column\">\n\t\t\t<div class=\"elementor-widget-wrap elementor-element-populated\">\n\t\t\t\t\t\t\t<\/div>\n\t\t<\/div>\n\t\t\t\t\t<\/div>\n\t\t<\/section>\n\t\t\t\t<section class=\"elementor-section elementor-top-section elementor-element elementor-element-233ad3a4 elementor-section-boxed elementor-section-height-default elementor-section-height-default\" data-id=\"233ad3a4\" data-element_type=\"section\" data-e-type=\"section\">\n\t\t\t\t\t\t<div class=\"elementor-container elementor-column-gap-default\">\n\t\t\t\t\t<div class=\"elementor-column elementor-col-100 elementor-top-column elementor-element elementor-element-3244e578\" data-id=\"3244e578\" data-element_type=\"column\" data-e-type=\"column\">\n\t\t\t<div class=\"elementor-widget-wrap elementor-element-populated\">\n\t\t\t\t\t\t<section class=\"elementor-section elementor-inner-section elementor-element elementor-element-1a7040c2 elementor-section-content-middle elementor-section-boxed elementor-section-height-default elementor-section-height-default\" data-id=\"1a7040c2\" data-element_type=\"section\" data-e-type=\"section\">\n\t\t\t\t\t\t<div class=\"elementor-container elementor-column-gap-default\">\n\t\t\t\t\t<div class=\"elementor-column elementor-col-50 elementor-inner-column elementor-element elementor-element-58338543\" data-id=\"58338543\" data-element_type=\"column\" data-e-type=\"column\">\n\t\t\t<div class=\"elementor-widget-wrap elementor-element-populated\">\n\t\t\t\t\t\t<div class=\"elementor-element elementor-element-464b2e11 elementor-widget elementor-widget-text-editor\" data-id=\"464b2e11\" data-element_type=\"widget\" data-e-type=\"widget\" data-widget_type=\"text-editor.default\">\n\t\t\t\t<div class=\"elementor-widget-container\">\n\t\t\t\t\t\t\t\t\t<div id=\"lipsum\"><p>O\u00a0<strong>limpeza<\/strong>\u00a0e o\u00a0<strong>higiene<\/strong>, embora \u00e0s vezes pare\u00e7a que n\u00e3o recebem a import\u00e2ncia que t\u00eam, s\u00e3o um recurso b\u00e1sico que deve ser preenchido. Podemos chegar a pensar que, talvez, antes disso, existam muitas outras necessidades a serem atendidas, como a alimenta\u00e7\u00e3o. Mas o que seria da comida se n\u00e3o a lav\u00e1ssemos? Quem n\u00e3o tem o h\u00e1bito de limpar a ma\u00e7\u00e3 antes de coloc\u00e1-la na boca? Ou quem n\u00e3o lava as m\u00e3os antes de comer? Um gesto t\u00e3o simples, mas que ao mesmo tempo significa tanto.<\/p><p>Em\u00a0<strong>Dermo SA,<\/strong>\u00a0<strong>f\u00e1brica de detergentes<\/strong>\u00a0com vasta experi\u00eancia no setor de\u00a0<strong>limpeza\u00a0<\/strong>e o\u00a0<strong>higiene<\/strong>Trabalhamos h\u00e1 mais de 25 anos para oferecer aos nossos clientes o melhor\u00a0<strong>detergentes<\/strong>\u00a0e acess\u00f3rios e complementos para garantir, com precis\u00e3o, a correta cobertura desta necessidade, atendendo sempre \u00e0s exig\u00eancias dos nossos clientes, com esfor\u00e7o, perseveran\u00e7a e comprometimento em todas as atividades que realizamos\u00a0<strong>Dermo SA<\/strong>, gra\u00e7as \u00e0 confian\u00e7a destes e dos nossos fornecedores e trabalhadores.<\/p><p>O esfor\u00e7o di\u00e1rio para cuidar de cada pessoa que merece usufruir desta necessidade, e alcan\u00e7ar a excel\u00eancia em qualquer um dos nossos servi\u00e7os, fez com que a nossa\u00a0<strong>f\u00e1brica de detergentes<\/strong>\u00a0posicionar-se em um lugar privilegiado dentro do mercado, destacando-se dos demais concorrentes, com produtos eficientes, eficazes e, na medida do poss\u00edvel, ambientalmente respons\u00e1veis. Em\u00a0<strong>Dermo SA<\/strong>\u00a0Oferecemos uma ampla variedade de suprimentos para essa finalidade. N\u00e3o apenas como\u00a0<strong>f\u00e1brica<\/strong>\u00a0na realiza\u00e7\u00e3o de\u00a0<strong>detergentes<\/strong>, s\u00f3lidos e l\u00edquidos, para lavagem de roupas; mas tamb\u00e9m acess\u00f3rios como amaciantes de roupas, lava-lou\u00e7as, polidores, desincrustantes ou produtos de limpeza espec\u00edficos para tratamento de pisos e produtos de limpeza multiuso, dispon\u00edveis tanto para uso privado quanto especialmente para clientes do setor de servi\u00e7os que, por sua vez, devem zelar por seus pr\u00f3prios clientes e pela satisfa\u00e7\u00e3o deles (casas de repouso, hot\u00e9is, hospitais, etc.).<\/p><p>\u00a0<\/p><\/div>\t\t\t\t\t\t\t\t<\/div>\n\t\t\t\t<\/div>\n\t\t\t\t\t<\/div>\n\t\t<\/div>\n\t\t\t\t<div class=\"elementor-column elementor-col-50 elementor-inner-column elementor-element elementor-element-2de57fb elementor-invisible\" data-id=\"2de57fb\" data-element_type=\"column\" data-e-type=\"column\" data-settings=\"{&quot;animation&quot;:&quot;bounceInRight&quot;}\">\n\t\t\t<div class=\"elementor-widget-wrap elementor-element-populated\">\n\t\t\t\t\t\t<div class=\"elementor-element elementor-element-4818a22 elementor-widget elementor-widget-elementskit-contact-form7\" data-id=\"4818a22\" data-element_type=\"widget\" data-e-type=\"widget\" data-widget_type=\"elementskit-contact-form7.default\">\n\t\t\t\t<div class=\"elementor-widget-container\">\n\t\t\t\t\t<div class=\"ekit-wid-con\" ><div class=\"ekit-form\">\n<div class=\"wpcf7 no-js\" id=\"wpcf7-f13292-p12961-o1\" lang=\"es-ES\" dir=\"ltr\" data-wpcf7-id=\"13292\">\n<div class=\"screen-reader-response\"><p role=\"status\" aria-live=\"polite\" aria-atomic=\"true\"><\/p> <ul><\/ul><\/div>\n<form action=\"\/pt\/fabrica-de-detergentes\/#wpcf7-f13292-p12961-o1\" method=\"post\" class=\"wpcf7-form init\" aria-label=\"Formulario de contacto\" novalidate=\"novalidate\" data-status=\"init\" data-no-translation-aria-label=\"\" data-trp-original-action=\"\/en\/fabrica-de-detergentes\/#wpcf7-f13292-p12961-o1\">\n<fieldset class=\"hidden-fields-container\"><input type=\"hidden\" name=\"_wpcf7\" value=\"13292\" \/><input type=\"hidden\" name=\"_wpcf7_version\" value=\"6.1.5\" \/><input type=\"hidden\" name=\"_wpcf7_locale\" value=\"es_ES\" \/><input type=\"hidden\" name=\"_wpcf7_unit_tag\" value=\"wpcf7-f13292-p12961-o1\" \/><input type=\"hidden\" name=\"_wpcf7_container_post\" value=\"12961\" \/><input type=\"hidden\" name=\"_wpcf7_posted_data_hash\" value=\"\" \/><input type=\"hidden\" name=\"_wpcf7_recaptcha_response\" value=\"\" \/>\n<\/fieldset>\n<div style=\"display: flex; gap: 10px;\">\n\t<div style=\"width: 50%;\">\n\t\t<p><span class=\"wpcf7-form-control-wrap\" data-name=\"your-name\"><input size=\"40\" maxlength=\"400\" class=\"wpcf7-form-control wpcf7-text wpcf7-validates-as-required\" aria-required=\"true\" aria-invalid=\"false\" placeholder=\"Nome\" value=\"\" type=\"text\" name=\"your-name\" \/><\/span>\n\t\t<\/p>\n\t<\/div>\n\t<div style=\"width: 50%;\">\n\t\t<p><span class=\"wpcf7-form-control-wrap\" data-name=\"your-phone\"><input size=\"40\" maxlength=\"400\" class=\"wpcf7-form-control wpcf7-tel wpcf7-validates-as-required wpcf7-text wpcf7-validates-as-tel\" aria-required=\"true\" aria-invalid=\"false\" placeholder=\"Telefone\" value=\"\" type=\"tel\" name=\"your-phone\" \/><\/span>\n\t\t<\/p>\n\t<\/div>\n<\/div>\n<p><span class=\"wpcf7-form-control-wrap\" data-name=\"your-email\"><input size=\"40\" maxlength=\"400\" class=\"wpcf7-form-control wpcf7-email wpcf7-validates-as-required wpcf7-text wpcf7-validates-as-email\" aria-required=\"true\" aria-invalid=\"false\" placeholder=\"E-mail\" value=\"\" type=\"email\" name=\"your-email\" \/><\/span>\n<\/p>\n<div style=\"display: flex; gap: 10px;\">\n\t<div style=\"width: 50%;\">\n\t\t<p><span class=\"wpcf7-form-control-wrap\" data-name=\"your-country\"><input size=\"40\" maxlength=\"400\" class=\"wpcf7-form-control wpcf7-text wpcf7-validates-as-required\" aria-required=\"true\" aria-invalid=\"false\" placeholder=\"Pa\u00eds\" value=\"\" type=\"text\" name=\"your-country\" \/><\/span>\n\t\t<\/p>\n\t<\/div>\n\t<div style=\"width: 50%;\">\n\t\t<p><span class=\"wpcf7-form-control-wrap\" data-name=\"your-city\"><input size=\"40\" maxlength=\"400\" class=\"wpcf7-form-control wpcf7-text wpcf7-validates-as-required\" aria-required=\"true\" aria-invalid=\"false\" placeholder=\"Popula\u00e7\u00e3o\" value=\"\" type=\"text\" name=\"your-city\" \/><\/span>\n\t\t<\/p>\n\t<\/div>\n<\/div>\n<p><span class=\"wpcf7-form-control-wrap\" data-name=\"your-subject\"><select class=\"wpcf7-form-control wpcf7-select\" aria-invalid=\"false\" name=\"your-subject\"><option value=\"Quiero ser distribuidor\">Quero ser um distribuidor<\/option><option value=\"Presupuesto\">Or\u00e7amento<\/option><option value=\"Consulta\">Consulta<\/option><option value=\"Sugerencia\">Sugest\u00e3o<\/option><option value=\"Otros\">Outros<\/option><\/select><\/span>\n<\/p>\n<p><span class=\"wpcf7-form-control-wrap\" data-name=\"your-message\"><textarea cols=\"40\" rows=\"10\" maxlength=\"2000\" class=\"wpcf7-form-control wpcf7-textarea\" aria-invalid=\"false\" placeholder=\"Mensagem ou consulta\" name=\"your-message\"><\/textarea><\/span>\n<\/p>\n<div style=\"display: flex; align-items: center; gap: 10px;\">\n\t<p><span class=\"wpcf7-form-control-wrap\" data-name=\"privacy-policy\"><span class=\"wpcf7-form-control wpcf7-acceptance\"><span class=\"wpcf7-list-item\"><input type=\"checkbox\" name=\"privacy-policy\" value=\"1\" aria-invalid=\"false\" \/><\/span><\/span><\/span><label for=\"privacy-policy\" style=\"margin-left: 5px;\">Li e aceito a pol\u00edtica de privacidade.<\/label>\n\t<\/p>\n<\/div>\n<div style=\"display: flex; align-items: center; gap: 10px;\">\n\t<p><span class=\"wpcf7-form-control-wrap\" data-name=\"send-info\"><span class=\"wpcf7-form-control wpcf7-acceptance\"><span class=\"wpcf7-list-item\"><input type=\"checkbox\" name=\"send-info\" value=\"1\" aria-invalid=\"false\" \/><\/span><\/span><\/span><label for=\"send-info\" style=\"margin-left: 5px;\">Concordo em receber informa\u00e7\u00f5es.<\/label>\n\t<\/p>\n<\/div>\n<p><input class=\"wpcf7-form-control wpcf7-submit has-spinner\" type=\"submit\" value=\"Enviar\" \/>\n<\/p><div class=\"wpcf7-response-output\" aria-hidden=\"true\"><\/div>\n<input type=\"hidden\" name=\"trp-form-language\" value=\"pt\"\/><\/form>\n<\/div>\n<\/div><\/div>\t\t\t\t<\/div>\n\t\t\t\t<\/div>\n\t\t\t\t\t<\/div>\n\t\t<\/div>\n\t\t\t\t\t<\/div>\n\t\t<\/section>\n\t\t\t\t<div class=\"elementor-element elementor-element-615d68f elementor-widget elementor-widget-text-editor\" data-id=\"615d68f\" data-element_type=\"widget\" data-e-type=\"widget\" data-widget_type=\"text-editor.default\">\n\t\t\t\t<div class=\"elementor-widget-container\">\n\t\t\t\t\t\t\t\t\t<p>Em\u00a0<strong>Dermo SA<\/strong>\u00a0A nossa atividade n\u00e3o para nunca e, gra\u00e7as aos avan\u00e7os tecnol\u00f3gicos aplicados na nossa\u00a0<strong>laborat\u00f3rios<\/strong>\u00a0e instala\u00e7\u00f5es, conseguimos nos posicionar como a\u00a0<strong>f\u00e1brica de detergentes\u00a0<\/strong>de refer\u00eancia para a produ\u00e7\u00e3o de produtos desta natureza, com especial destaque para a\u00a0<strong>detergentes<\/strong>. Com aten\u00e7\u00e3o e tratamento direto e merit\u00f3rio, em\u00a0<strong>Dermo SA<\/strong>\u00a0Garantimos que essa necessidade vital seja devidamente atendida, pela qual sentimos respeito e pela qual nosso comprometimento nos impulsiona a cada dia a tentar ser melhores.<\/p><p>A nossa principal prioridade s\u00e3o os nossos clientes e a sua total satisfa\u00e7\u00e3o, por isso apostamos em garantir isso e, para isso, oferecer os melhores produtos e servi\u00e7os, neste caso\u00a0<strong>detergentes<\/strong>, para atingir nossa miss\u00e3o com o n\u00edvel de excel\u00eancia que nos precede. Valores como a singularidade, a responsabilidade, o comprometimento, mas tamb\u00e9m a nossa dedica\u00e7\u00e3o e voca\u00e7\u00e3o por este trabalho que desenvolvemos com toda a paix\u00e3o que sentimos para nos superarmos diariamente e ir ao encontro das\u00a0<strong>higiene<\/strong>\u00a0e o<strong>\u00a0limpeza<\/strong>\u00a0das pessoas, uma necessidade urgente neste mundo, continuamos nos colocando \u00e0 sua disposi\u00e7\u00e3o para tudo o que voc\u00ea precisar em rela\u00e7\u00e3o\u00a0<strong>detergentes<\/strong>\u00a0e produtos deste calibre est\u00e3o em quest\u00e3o. Se voc\u00ea est\u00e1 procurando sua empresa de confian\u00e7a e\u00a0<strong>f\u00e1brica de detergentes<\/strong>, n\u00e3o hesite em nos fazer qualquer pergunta que voc\u00ea tiver. Devido \u00e0 nossa natureza familiar, faremos todo o poss\u00edvel para satisfaz\u00ea-lo e garantir que essa necessidade essencial seja atendida.<\/p>\t\t\t\t\t\t\t\t<\/div>\n\t\t\t\t<\/div>\n\t\t\t\t\t<\/div>\n\t\t<\/div>\n\t\t\t\t\t<\/div>\n\t\t<\/section>\n\t\t\t\t<section class=\"elementor-section elementor-top-section elementor-element elementor-element-484f41e elementor-section-full_width elementor-section-height-default elementor-section-height-default elementor-invisible\" data-id=\"484f41e\" data-element_type=\"section\" data-e-type=\"section\" data-settings=\"{&quot;animation&quot;:&quot;slideInUp&quot;}\">\n\t\t\t\t\t\t<div class=\"elementor-container elementor-column-gap-default\">\n\t\t\t\t\t<div class=\"elementor-column elementor-col-100 elementor-top-column elementor-element elementor-element-19948363\" data-id=\"19948363\" data-element_type=\"column\" data-e-type=\"column\">\n\t\t\t<div class=\"elementor-widget-wrap elementor-element-populated\">\n\t\t\t\t\t\t<div class=\"elementor-element elementor-element-339044a4 elementor-widget elementor-widget-google_maps\" data-id=\"339044a4\" data-element_type=\"widget\" data-e-type=\"widget\" data-widget_type=\"google_maps.default\">\n\t\t\t\t<div class=\"elementor-widget-container\">\n\t\t\t\t\t\t\t<div class=\"elementor-custom-embed\">\n\t\t\t<iframe loading=\"lazy\"\n\t\t\t\t\tsrc=\"https:\/\/maps.google.com\/maps?q=C%2F%20Pintor%20Joan%20Miro%2C%2016.%20Pol.%20Ind.%20Can%20Humet%20de%20Dalt%2C%2008213%20Poliny%C3%A0.%20Barcelona&#038;t=m&#038;z=15&#038;output=embed&#038;iwloc=near\"\n\t\t\t\t\ttitle=\"C\/ Pintor Joan Miro, 16. Pol. Ind. Can Humet de Dalt, 08213 Poliny\u00e0. Barcelona\"\n\t\t\t\t\taria-label=\"C\/ Pintor Joan Miro, 16. Pol. Ind. Can Humet de Dalt, 08213 Poliny\u00e0. Barcelona\"\n\t\t\t><\/iframe>\n\t\t<\/div>\n\t\t\t\t\t\t<\/div>\n\t\t\t\t<\/div>\n\t\t\t\t\t<\/div>\n\t\t<\/div>\n\t\t\t\t\t<\/div>\n\t\t<\/section>\n\t\t\t\t<\/div>","protected":false},"excerpt":{"rendered":"<p>Limpeza e higiene, embora \u00e0s vezes negligenciadas, s\u00e3o recursos essenciais que devem ser atendidos. Podemos pensar que, talvez antes disso, existam muitas outras necessidades a serem atendidas, como a alimenta\u00e7\u00e3o. Mas como seria a comida se n\u00e3o a lav\u00e1ssemos? Quem...&nbsp;<a href=\"https:\/\/dermo.com\/pt\/fabrica-de-detergentes\/\" rel=\"bookmark\">Ler mais \u00bb<span class=\"screen-reader-text\">F\u00e1brica de detergentes<\/span><\/a><\/p>","protected":false},"author":2,"featured_media":0,"parent":0,"menu_order":0,"comment_status":"closed","ping_status":"closed","template":"page-templates\/template-pagebuilder-full-width.php","meta":{"neve_meta_sidebar":"","neve_meta_container":"","neve_meta_enable_content_width":"","neve_meta_content_width":0,"neve_meta_title_alignment":"","neve_meta_author_avatar":"","neve_post_elements_order":"","neve_meta_disable_header":"","neve_meta_disable_footer":"","neve_meta_disable_title":"","footnotes":""},"class_list":["post-12961","page","type-page","status-publish","hentry"],"yoast_head":"<!-- This site is optimized with the Yoast SEO plugin v27.0 - https:\/\/yoast.com\/product\/yoast-seo-wordpress\/ -->\n<title>F\u00e1brica de detergentes - Dermo | F\u00e1brica de detergentes<\/title>\n<meta name=\"robots\" content=\"index, follow, max-snippet:-1, max-image-preview:large, max-video-preview:-1\" \/>\n<link rel=\"canonical\" href=\"https:\/\/dermo.com\/pt\/fabrica-de-detergentes\/\" \/>\n<meta property=\"og:locale\" content=\"pt_PT\" \/>\n<meta property=\"og:type\" content=\"article\" \/>\n<meta property=\"og:title\" content=\"F\u00e1brica de detergentes - Dermo | F\u00e1brica de detergentes\" \/>\n<meta property=\"og:description\" content=\"La\u00a0limpieza\u00a0y la\u00a0higiene, aunque a veces parece no d\u00e1rsele la importancia que tienen, son un recurso de primera necesidad que debe verse cumplido. Podemos llegar a pensar que, quiz\u00e1s, antes de \u00e9ste, hay muchas otras necesidades por las que velar, como por ejemplo la alimentaci\u00f3n. Pero, \u00bfqu\u00e9 ser\u00eda de la comida si no la lav\u00e1semos? \u00bfQui\u00e9n&hellip;&nbsp;Ler mais &raquo;F\u00e1brica de detergentes\" \/>\n<meta property=\"og:url\" content=\"https:\/\/dermo.com\/pt\/fabrica-de-detergentes\/\" \/>\n<meta property=\"og:site_name\" content=\"Dermo | F\u00e1brica de detergentes\" \/>\n<meta property=\"article:modified_time\" content=\"2025-02-19T10:52:54+00:00\" \/>\n<meta name=\"twitter:card\" content=\"summary_large_image\" \/>\n<meta name=\"twitter:label1\" content=\"Tempo estimado de leitura\" \/>\n\t<meta name=\"twitter:data1\" content=\"3 minutos\" \/>\n<script type=\"application\/ld+json\" class=\"yoast-schema-graph\">{\"@context\":\"https:\/\/schema.org\",\"@graph\":[{\"@type\":\"WebPage\",\"@id\":\"https:\/\/dermo.com\/fabrica-de-detergentes\/\",\"url\":\"https:\/\/dermo.com\/fabrica-de-detergentes\/\",\"name\":\"F\u00e1brica de detergentes - Dermo | F\u00e1brica de detergentes\",\"isPartOf\":{\"@id\":\"https:\/\/dermo.com\/#website\"},\"datePublished\":\"2025-01-31T10:21:33+00:00\",\"dateModified\":\"2025-02-19T10:52:54+00:00\",\"breadcrumb\":{\"@id\":\"https:\/\/dermo.com\/fabrica-de-detergentes\/#breadcrumb\"},\"inLanguage\":\"pt-PT\",\"potentialAction\":[{\"@type\":\"ReadAction\",\"target\":[\"https:\/\/dermo.com\/fabrica-de-detergentes\/\"]}]},{\"@type\":\"BreadcrumbList\",\"@id\":\"https:\/\/dermo.com\/fabrica-de-detergentes\/#breadcrumb\",\"itemListElement\":[{\"@type\":\"ListItem\",\"position\":1,\"name\":\"Portada\",\"item\":\"https:\/\/dermo.com\/\"},{\"@type\":\"ListItem\",\"position\":2,\"name\":\"F\u00e1brica de detergentes\"}]},{\"@type\":\"WebSite\",\"@id\":\"https:\/\/dermo.com\/#website\",\"url\":\"https:\/\/dermo.com\/\",\"name\":\"Dermo | F\u00e1brica de detergentes\",\"description\":\"Tecnolog\u00eda avanzada, investigaci\u00f3n y desarrollo, respeto por el medio ambiente, competencia, formaci\u00f3n constante y alto nivel de profesionalidad en nuestro equipo humano, empe\u00f1ado en preservar la calidad de vida, la protecci\u00f3n del entorno natural contin\u00faan motiv\u00e1ndonos para desarrollar en nuestros laboratorios nuevos productos con ingredientes activos altamente biodegradables que hacen posible un desarrollo sostenible.\",\"potentialAction\":[{\"@type\":\"SearchAction\",\"target\":{\"@type\":\"EntryPoint\",\"urlTemplate\":\"https:\/\/dermo.com\/?s={search_term_string}\"},\"query-input\":{\"@type\":\"PropertyValueSpecification\",\"valueRequired\":true,\"valueName\":\"search_term_string\"}}],\"inLanguage\":\"pt-PT\"}]}<\/script>\n<!-- \/ Yoast SEO plugin. -->","yoast_head_json":{"title":"F\u00e1brica de detergentes - Dermo | F\u00e1brica de detergentes","robots":{"index":"index","follow":"follow","max-snippet":"max-snippet:-1","max-image-preview":"max-image-preview:large","max-video-preview":"max-video-preview:-1"},"canonical":"https:\/\/dermo.com\/pt\/fabrica-de-detergentes\/","og_locale":"pt_PT","og_type":"article","og_title":"F\u00e1brica de detergentes - Dermo | F\u00e1brica de detergentes","og_description":"La\u00a0limpieza\u00a0y la\u00a0higiene, aunque a veces parece no d\u00e1rsele la importancia que tienen, son un recurso de primera necesidad que debe verse cumplido. Podemos llegar a pensar que, quiz\u00e1s, antes de \u00e9ste, hay muchas otras necesidades por las que velar, como por ejemplo la alimentaci\u00f3n. Pero, \u00bfqu\u00e9 ser\u00eda de la comida si no la lav\u00e1semos? \u00bfQui\u00e9n&hellip;&nbsp;Ler mais &raquo;F\u00e1brica de detergentes","og_url":"https:\/\/dermo.com\/pt\/fabrica-de-detergentes\/","og_site_name":"Dermo | F\u00e1brica de detergentes","article_modified_time":"2025-02-19T10:52:54+00:00","twitter_card":"summary_large_image","twitter_misc":{"Tempo estimado de leitura":"3 minutos"},"schema":{"@context":"https:\/\/schema.org","@graph":[{"@type":"WebPage","@id":"https:\/\/dermo.com\/fabrica-de-detergentes\/","url":"https:\/\/dermo.com\/fabrica-de-detergentes\/","name":"F\u00e1brica de detergentes - Dermo | F\u00e1brica de detergentes","isPartOf":{"@id":"https:\/\/dermo.com\/#website"},"datePublished":"2025-01-31T10:21:33+00:00","dateModified":"2025-02-19T10:52:54+00:00","breadcrumb":{"@id":"https:\/\/dermo.com\/fabrica-de-detergentes\/#breadcrumb"},"inLanguage":"pt-PT","potentialAction":[{"@type":"ReadAction","target":["https:\/\/dermo.com\/fabrica-de-detergentes\/"]}]},{"@type":"BreadcrumbList","@id":"https:\/\/dermo.com\/fabrica-de-detergentes\/#breadcrumb","itemListElement":[{"@type":"ListItem","position":1,"name":"Portada","item":"https:\/\/dermo.com\/"},{"@type":"ListItem","position":2,"name":"F\u00e1brica de detergentes"}]},{"@type":"WebSite","@id":"https:\/\/dermo.com\/#website","url":"https:\/\/dermo.com\/","name":"Dermo | f\u00e1brica de detergentes","description":"A tecnologia avan\u00e7ada, a investiga\u00e7\u00e3o e desenvolvimento, o respeito pelo ambiente, a compet\u00eancia, a forma\u00e7\u00e3o constante e o elevado n\u00edvel de profissionalismo da nossa equipa humana, comprometida com a preserva\u00e7\u00e3o da qualidade de vida, a protec\u00e7\u00e3o do ambiente natural continuam a motivar-nos a desenvolver novos produtos nos nossos laborat\u00f3rios com princ\u00edpios ativos altamente biodegrad\u00e1veis que possibilitam o desenvolvimento sustent\u00e1vel.","potentialAction":[{"@type":"SearchAction","target":{"@type":"EntryPoint","urlTemplate":"https:\/\/dermo.com\/?s={search_term_string}"},"query-input":{"@type":"PropertyValueSpecification","valueRequired":true,"valueName":"search_term_string"}}],"inLanguage":"pt-PT"}]}},"_links":{"self":[{"href":"https:\/\/dermo.com\/pt\/wp-json\/wp\/v2\/pages\/12961","targetHints":{"allow":["GET"]}}],"collection":[{"href":"https:\/\/dermo.com\/pt\/wp-json\/wp\/v2\/pages"}],"about":[{"href":"https:\/\/dermo.com\/pt\/wp-json\/wp\/v2\/types\/page"}],"author":[{"embeddable":true,"href":"https:\/\/dermo.com\/pt\/wp-json\/wp\/v2\/users\/2"}],"replies":[{"embeddable":true,"href":"https:\/\/dermo.com\/pt\/wp-json\/wp\/v2\/comments?post=12961"}],"version-history":[{"count":10,"href":"https:\/\/dermo.com\/pt\/wp-json\/wp\/v2\/pages\/12961\/revisions"}],"predecessor-version":[{"id":13520,"href":"https:\/\/dermo.com\/pt\/wp-json\/wp\/v2\/pages\/12961\/revisions\/13520"}],"wp:attachment":[{"href":"https:\/\/dermo.com\/pt\/wp-json\/wp\/v2\/media?parent=12961"}],"curies":[{"name":"wp","href":"https:\/\/api.w.org\/{rel}","templated":true}]}}