{"id":12963,"date":"2025-01-31T11:27:15","date_gmt":"2025-01-31T10:27:15","guid":{"rendered":"https:\/\/dermo.com\/?page_id=12963"},"modified":"2025-02-19T11:53:38","modified_gmt":"2025-02-19T10:53:38","slug":"fabrica-de-detergentes-15","status":"publish","type":"page","link":"https:\/\/dermo.com\/pt\/fabrica-de-detergentes-15\/","title":{"rendered":"F\u00e1brica de detergentes"},"content":{"rendered":"<div data-elementor-type=\"wp-page\" data-elementor-id=\"12963\" class=\"elementor elementor-12963\" data-elementor-post-type=\"page\">\n\t\t\t\t\t\t<section class=\"elementor-section elementor-top-section elementor-element elementor-element-a02683f elementor-section-boxed elementor-section-height-default elementor-section-height-default\" data-id=\"a02683f\" data-element_type=\"section\" data-e-type=\"section\" data-settings=\"{&quot;background_background&quot;:&quot;classic&quot;}\">\n\t\t\t\t\t\t\t<div class=\"elementor-background-overlay\"><\/div>\n\t\t\t\t\t\t\t<div class=\"elementor-container elementor-column-gap-default\">\n\t\t\t\t\t<div class=\"elementor-column elementor-col-100 elementor-top-column elementor-element elementor-element-f99dbff\" data-id=\"f99dbff\" data-element_type=\"column\" data-e-type=\"column\">\n\t\t\t<div class=\"elementor-widget-wrap elementor-element-populated\">\n\t\t\t\t\t\t\t<\/div>\n\t\t<\/div>\n\t\t\t\t\t<\/div>\n\t\t<\/section>\n\t\t\t\t<section class=\"elementor-section elementor-top-section elementor-element elementor-element-233ad3a4 elementor-section-boxed elementor-section-height-default elementor-section-height-default\" data-id=\"233ad3a4\" data-element_type=\"section\" data-e-type=\"section\">\n\t\t\t\t\t\t<div class=\"elementor-container elementor-column-gap-default\">\n\t\t\t\t\t<div class=\"elementor-column elementor-col-100 elementor-top-column elementor-element elementor-element-3244e578\" data-id=\"3244e578\" data-element_type=\"column\" data-e-type=\"column\">\n\t\t\t<div class=\"elementor-widget-wrap elementor-element-populated\">\n\t\t\t\t\t\t<section class=\"elementor-section elementor-inner-section elementor-element elementor-element-1a7040c2 elementor-section-content-middle elementor-section-boxed elementor-section-height-default elementor-section-height-default\" data-id=\"1a7040c2\" data-element_type=\"section\" data-e-type=\"section\">\n\t\t\t\t\t\t<div class=\"elementor-container elementor-column-gap-default\">\n\t\t\t\t\t<div class=\"elementor-column elementor-col-50 elementor-inner-column elementor-element elementor-element-58338543\" data-id=\"58338543\" data-element_type=\"column\" data-e-type=\"column\">\n\t\t\t<div class=\"elementor-widget-wrap elementor-element-populated\">\n\t\t\t\t\t\t<div class=\"elementor-element elementor-element-464b2e11 elementor-widget elementor-widget-text-editor\" data-id=\"464b2e11\" data-element_type=\"widget\" data-e-type=\"widget\" data-widget_type=\"text-editor.default\">\n\t\t\t\t<div class=\"elementor-widget-container\">\n\t\t\t\t\t\t\t\t\t<div id=\"lipsum\"><p>Muitas vezes parece que n\u00e3o \u00e9 dada a import\u00e2ncia que realmente tem ao\u00a0<strong>limpeza<\/strong>\u00a0j\u00e1 o\u00a0<strong>higiene<\/strong>. Mas, na verdade, sem nos darmos conta, elas se tornaram um fator primordial, para n\u00e3o dizer uma necessidade premente de primeira ordem, que deve ser resolvida para garantir o desenvolvimento adequado da nossa vida cotidiana. Podemos n\u00e3o pensar nisso com cuidado, mas o que far\u00edamos sem eles? Mesmo que n\u00e3o consideremos isso como a necessidade prim\u00e1ria que \u00e9, precisamos apenas pensar no que comer\u00edamos se a comida n\u00e3o pudesse ser lavada, como cozinhar\u00edamos se nossas panelas e frigideiras estivessem sujas ou que roupa usar\u00edamos amanh\u00e3 para comparecer \u00e0quela importante reuni\u00e3o de trabalho.<\/p><p>A necessidade de\u00a0<strong>higiene<\/strong>\u00a0\u00c9 substancial e, porque sabemos disso e porque temos um compromisso com todas as pessoas que precisam ver essa necessidade resolvida; em\u00a0<strong>Dermo SA<\/strong>Pouco a pouco, fomos construindo as bases de um ambiente din\u00e2mico e familiar.\u00a0<strong>f\u00e1brica de detergentes<\/strong>, onde produzimos uma ampla gama de produtos\u00a0<strong>higiene<\/strong>, para uso\u00a0<strong>dom\u00e9stico\u00a0<\/strong>e\u00a0<strong>industrial<\/strong>, que ap\u00f3s 25 anos de s\u00f3lida experi\u00eancia se posicionou entre seus concorrentes como uma forte aposta em garantir a cobertura desta necessidade vital.<\/p><p>\u00a0<\/p><\/div>\t\t\t\t\t\t\t\t<\/div>\n\t\t\t\t<\/div>\n\t\t\t\t\t<\/div>\n\t\t<\/div>\n\t\t\t\t<div class=\"elementor-column elementor-col-50 elementor-inner-column elementor-element elementor-element-e6915d7 elementor-invisible\" data-id=\"e6915d7\" data-element_type=\"column\" data-e-type=\"column\" data-settings=\"{&quot;animation&quot;:&quot;bounceInRight&quot;}\">\n\t\t\t<div class=\"elementor-widget-wrap elementor-element-populated\">\n\t\t\t\t\t\t<div class=\"elementor-element elementor-element-52181cf elementor-widget elementor-widget-elementskit-contact-form7\" data-id=\"52181cf\" data-element_type=\"widget\" data-e-type=\"widget\" data-widget_type=\"elementskit-contact-form7.default\">\n\t\t\t\t<div class=\"elementor-widget-container\">\n\t\t\t\t\t<div class=\"ekit-wid-con\" ><div class=\"ekit-form\">\n<div class=\"wpcf7 no-js\" id=\"wpcf7-f13292-p12963-o1\" lang=\"es-ES\" dir=\"ltr\" data-wpcf7-id=\"13292\">\n<div class=\"screen-reader-response\"><p role=\"status\" aria-live=\"polite\" aria-atomic=\"true\"><\/p> <ul><\/ul><\/div>\n<form action=\"\/pt\/fabrica-de-detergentes-15\/#wpcf7-f13292-p12963-o1\" method=\"post\" class=\"wpcf7-form init\" aria-label=\"Formulario de contacto\" novalidate=\"novalidate\" data-status=\"init\" data-no-translation-aria-label=\"\" data-trp-original-action=\"\/pt\/fabrica-de-detergentes-15\/#wpcf7-f13292-p12963-o1\">\n<fieldset class=\"hidden-fields-container\"><input type=\"hidden\" name=\"_wpcf7\" value=\"13292\" \/><input type=\"hidden\" name=\"_wpcf7_version\" value=\"6.1.5\" \/><input type=\"hidden\" name=\"_wpcf7_locale\" value=\"es_ES\" \/><input type=\"hidden\" name=\"_wpcf7_unit_tag\" value=\"wpcf7-f13292-p12963-o1\" \/><input type=\"hidden\" name=\"_wpcf7_container_post\" value=\"12963\" \/><input type=\"hidden\" name=\"_wpcf7_posted_data_hash\" value=\"\" \/><input type=\"hidden\" name=\"_wpcf7_recaptcha_response\" value=\"\" \/>\n<\/fieldset>\n<div style=\"display: flex; gap: 10px;\">\n\t<div style=\"width: 50%;\">\n\t\t<p><span class=\"wpcf7-form-control-wrap\" data-name=\"your-name\"><input size=\"40\" maxlength=\"400\" class=\"wpcf7-form-control wpcf7-text wpcf7-validates-as-required\" aria-required=\"true\" aria-invalid=\"false\" placeholder=\"Nome\" value=\"\" type=\"text\" name=\"your-name\" \/><\/span>\n\t\t<\/p>\n\t<\/div>\n\t<div style=\"width: 50%;\">\n\t\t<p><span class=\"wpcf7-form-control-wrap\" data-name=\"your-phone\"><input size=\"40\" maxlength=\"400\" class=\"wpcf7-form-control wpcf7-tel wpcf7-validates-as-required wpcf7-text wpcf7-validates-as-tel\" aria-required=\"true\" aria-invalid=\"false\" placeholder=\"Telefone\" value=\"\" type=\"tel\" name=\"your-phone\" \/><\/span>\n\t\t<\/p>\n\t<\/div>\n<\/div>\n<p><span class=\"wpcf7-form-control-wrap\" data-name=\"your-email\"><input size=\"40\" maxlength=\"400\" class=\"wpcf7-form-control wpcf7-email wpcf7-validates-as-required wpcf7-text wpcf7-validates-as-email\" aria-required=\"true\" aria-invalid=\"false\" placeholder=\"E-mail\" value=\"\" type=\"email\" name=\"your-email\" \/><\/span>\n<\/p>\n<div style=\"display: flex; gap: 10px;\">\n\t<div style=\"width: 50%;\">\n\t\t<p><span class=\"wpcf7-form-control-wrap\" data-name=\"your-country\"><input size=\"40\" maxlength=\"400\" class=\"wpcf7-form-control wpcf7-text wpcf7-validates-as-required\" aria-required=\"true\" aria-invalid=\"false\" placeholder=\"Pa\u00eds\" value=\"\" type=\"text\" name=\"your-country\" \/><\/span>\n\t\t<\/p>\n\t<\/div>\n\t<div style=\"width: 50%;\">\n\t\t<p><span class=\"wpcf7-form-control-wrap\" data-name=\"your-city\"><input size=\"40\" maxlength=\"400\" class=\"wpcf7-form-control wpcf7-text wpcf7-validates-as-required\" aria-required=\"true\" aria-invalid=\"false\" placeholder=\"Popula\u00e7\u00e3o\" value=\"\" type=\"text\" name=\"your-city\" \/><\/span>\n\t\t<\/p>\n\t<\/div>\n<\/div>\n<p><span class=\"wpcf7-form-control-wrap\" data-name=\"your-subject\"><select class=\"wpcf7-form-control wpcf7-select\" aria-invalid=\"false\" name=\"your-subject\"><option value=\"Quiero ser distribuidor\">Quero ser um distribuidor<\/option><option value=\"Presupuesto\">Or\u00e7amento<\/option><option value=\"Consulta\">Consulta<\/option><option value=\"Sugerencia\">Sugest\u00e3o<\/option><option value=\"Otros\">Outros<\/option><\/select><\/span>\n<\/p>\n<p><span class=\"wpcf7-form-control-wrap\" data-name=\"your-message\"><textarea cols=\"40\" rows=\"10\" maxlength=\"2000\" class=\"wpcf7-form-control wpcf7-textarea\" aria-invalid=\"false\" placeholder=\"Mensagem ou consulta\" name=\"your-message\"><\/textarea><\/span>\n<\/p>\n<div style=\"display: flex; align-items: center; gap: 10px;\">\n\t<p><span class=\"wpcf7-form-control-wrap\" data-name=\"privacy-policy\"><span class=\"wpcf7-form-control wpcf7-acceptance\"><span class=\"wpcf7-list-item\"><input type=\"checkbox\" name=\"privacy-policy\" value=\"1\" aria-invalid=\"false\" \/><\/span><\/span><\/span><label for=\"privacy-policy\" style=\"margin-left: 5px;\">Li e aceito a pol\u00edtica de privacidade.<\/label>\n\t<\/p>\n<\/div>\n<div style=\"display: flex; align-items: center; gap: 10px;\">\n\t<p><span class=\"wpcf7-form-control-wrap\" data-name=\"send-info\"><span class=\"wpcf7-form-control wpcf7-acceptance\"><span class=\"wpcf7-list-item\"><input type=\"checkbox\" name=\"send-info\" value=\"1\" aria-invalid=\"false\" \/><\/span><\/span><\/span><label for=\"send-info\" style=\"margin-left: 5px;\">Concordo em receber informa\u00e7\u00f5es.<\/label>\n\t<\/p>\n<\/div>\n<p><input class=\"wpcf7-form-control wpcf7-submit has-spinner\" type=\"submit\" value=\"Enviar\" \/>\n<\/p><div class=\"wpcf7-response-output\" aria-hidden=\"true\"><\/div>\n<input type=\"hidden\" name=\"trp-form-language\" value=\"pt\"\/><\/form>\n<\/div>\n<\/div><\/div>\t\t\t\t<\/div>\n\t\t\t\t<\/div>\n\t\t\t\t\t<\/div>\n\t\t<\/div>\n\t\t\t\t\t<\/div>\n\t\t<\/section>\n\t\t\t\t<div class=\"elementor-element elementor-element-615d68f elementor-widget elementor-widget-text-editor\" data-id=\"615d68f\" data-element_type=\"widget\" data-e-type=\"widget\" data-widget_type=\"text-editor.default\">\n\t\t\t\t<div class=\"elementor-widget-container\">\n\t\t\t\t\t\t\t\t\t<p>Em\u00a0<strong>Dermo SA,<\/strong>\u00a0<strong>f\u00e1brica de detergentes,<\/strong>\u00a0Oferecemos aos nossos clientes o melhor\u00a0<strong>detergentes<\/strong>\u00a0e acess\u00f3rios e complementos para garantir que essa necessidade seja atendida, sempre levando em considera\u00e7\u00e3o suas demandas e solicita\u00e7\u00f5es. Nosso car\u00e1ter familiar e pr\u00f3ximo, sempre em contato para garantir a confiabilidade e satisfa\u00e7\u00e3o do produto (<strong>detergente<\/strong>), \u00e9 o que nos permitiu consolidar-nos numa posi\u00e7\u00e3o de destaque, assim como a qualidade dos nossos produtos assinada com o selo das mais elevadas normas europeias (ISO 9001:2008) e a favor do ambiente (produtos biol\u00f3gicos). Valores que transmitimos a todos e cada um dos membros que comp\u00f5em a nossa\u00a0<strong>f\u00e1brica de detergentes,\u00a0<\/strong>Profissionais capacitados, com qualifica\u00e7\u00e3o e conhecimento diferenciados, que colocam seu esfor\u00e7o, comprometimento e responsabilidade em cada uma das atividades que realizamos.\u00a0<strong>Dermo SA<\/strong><\/p><p>Gra\u00e7as \u00e0 confian\u00e7a destes e dos nossos fornecedores e trabalhadores, depois de tanto tempo desenvolvendo\u00a0<strong>detergentes<\/strong>\u00a0para uso\u00a0<strong>dom\u00e9stico<\/strong>\u00a0e\u00a0<strong>industrial<\/strong>, al\u00e9m de estarmos muito presentes em clientes do setor de servi\u00e7os (hot\u00e9is, casas de repouso, restaurantes, hospitais...), conseguimos garantir o merecido desfrute desta necessidade em cada pessoa, e alcan\u00e7amos a excel\u00eancia em qualquer um dos nossos servi\u00e7os, tornando a nossa\u00a0<strong>f\u00e1brica de detergentes<\/strong>\u00a0est\u00e1 em uma posi\u00e7\u00e3o privilegiada dentro do mercado. A atividade nunca para em\u00a0<strong>Dermo SA<\/strong>\u00a0e, com os mais inovadores avan\u00e7os tecnol\u00f3gicos, aplicados em nossa\u00a0<strong>laborat\u00f3rios<\/strong>\u00a0e instala\u00e7\u00f5es, com aten\u00e7\u00e3o e tratamento direto e merit\u00f3rio; em\u00a0<strong>Dermo SA<\/strong>\u00a0Garantimos a cobertura adequada desta necessidade vital, pela qual sentimos respeito e que se tornou a for\u00e7a motriz por tr\u00e1s do nosso compromisso de tentar ser os melhores.<\/p><p>O princ\u00edpio e valor fundamental que move o nosso dia a dia s\u00e3o os nossos clientes e a sua plena satisfa\u00e7\u00e3o, por isso focamos o nosso trabalho em garanti-lo e, para isso, oferecer os melhores produtos e servi\u00e7os para ver a nossa miss\u00e3o cumprida, neste caso\u00a0<strong>detergentes<\/strong>\u00a0para o\u00a0<strong>higiene\u00a0<\/strong>em seus m\u00faltiplos usos,\u00a0<strong>dom\u00e9stico<\/strong>\u00a0e\u00a0<strong>industrial<\/strong>. Se voc\u00ea est\u00e1 procurando sua empresa de confian\u00e7a e\u00a0<strong>f\u00e1brica de detergentes<\/strong>, para a produ\u00e7\u00e3o dos seus pr\u00f3prios produtos e distribui\u00e7\u00e3o de uma marca \u00fanica, respons\u00e1vel e comprometida,\u00a0<strong>Dermo SA<\/strong>, uma quest\u00e3o de\u00a0<strong>higiene<\/strong>.<\/p>\t\t\t\t\t\t\t\t<\/div>\n\t\t\t\t<\/div>\n\t\t\t\t\t<\/div>\n\t\t<\/div>\n\t\t\t\t\t<\/div>\n\t\t<\/section>\n\t\t\t\t<section class=\"elementor-section elementor-top-section elementor-element elementor-element-484f41e elementor-section-full_width elementor-section-height-default elementor-section-height-default elementor-invisible\" data-id=\"484f41e\" data-element_type=\"section\" data-e-type=\"section\" data-settings=\"{&quot;animation&quot;:&quot;slideInUp&quot;}\">\n\t\t\t\t\t\t<div class=\"elementor-container elementor-column-gap-default\">\n\t\t\t\t\t<div class=\"elementor-column elementor-col-100 elementor-top-column elementor-element elementor-element-19948363\" data-id=\"19948363\" data-element_type=\"column\" data-e-type=\"column\">\n\t\t\t<div class=\"elementor-widget-wrap elementor-element-populated\">\n\t\t\t\t\t\t<div class=\"elementor-element elementor-element-339044a4 elementor-widget elementor-widget-google_maps\" data-id=\"339044a4\" data-element_type=\"widget\" data-e-type=\"widget\" data-widget_type=\"google_maps.default\">\n\t\t\t\t<div class=\"elementor-widget-container\">\n\t\t\t\t\t\t\t<div class=\"elementor-custom-embed\">\n\t\t\t<iframe loading=\"lazy\"\n\t\t\t\t\tsrc=\"https:\/\/maps.google.com\/maps?q=C%2F%20Pintor%20Joan%20Miro%2C%2016.%20Pol.%20Ind.%20Can%20Humet%20de%20Dalt%2C%2008213%20Poliny%C3%A0.%20Barcelona&#038;t=m&#038;z=15&#038;output=embed&#038;iwloc=near\"\n\t\t\t\t\ttitle=\"C\/ Pintor Joan Miro, 16. Pol. Ind. Can Humet de Dalt, 08213 Poliny\u00e0. Barcelona\"\n\t\t\t\t\taria-label=\"C\/ Pintor Joan Miro, 16. Pol. Ind. Can Humet de Dalt, 08213 Poliny\u00e0. Barcelona\"\n\t\t\t><\/iframe>\n\t\t<\/div>\n\t\t\t\t\t\t<\/div>\n\t\t\t\t<\/div>\n\t\t\t\t\t<\/div>\n\t\t<\/div>\n\t\t\t\t\t<\/div>\n\t\t<\/section>\n\t\t\t\t<\/div>","protected":false},"excerpt":{"rendered":"<p>Limpeza e higiene muitas vezes parecem ser negligenciadas em sua verdadeira import\u00e2ncia. Mas, na verdade, sem percebermos, tornaram-se um fator primordial, sen\u00e3o uma necessidade premente de primeira ordem, que deve ser atendida para garantir o bom funcionamento do nosso dia a dia. Podemos n\u00e3o pensar nisso com cuidado, mas...&nbsp;<a href=\"https:\/\/dermo.com\/pt\/fabrica-de-detergentes-15\/\" rel=\"bookmark\">Ler mais \u00bb<span class=\"screen-reader-text\">F\u00e1brica de detergentes<\/span><\/a><\/p>","protected":false},"author":2,"featured_media":0,"parent":0,"menu_order":0,"comment_status":"closed","ping_status":"closed","template":"page-templates\/template-pagebuilder-full-width.php","meta":{"neve_meta_sidebar":"","neve_meta_container":"","neve_meta_enable_content_width":"","neve_meta_content_width":0,"neve_meta_title_alignment":"","neve_meta_author_avatar":"","neve_post_elements_order":"","neve_meta_disable_header":"","neve_meta_disable_footer":"","neve_meta_disable_title":"","footnotes":""},"class_list":["post-12963","page","type-page","status-publish","hentry"],"yoast_head":"<!-- This site is optimized with the Yoast SEO plugin v27.0 - https:\/\/yoast.com\/product\/yoast-seo-wordpress\/ -->\n<title>F\u00e1brica de detergentes - Dermo | F\u00e1brica de detergentes<\/title>\n<meta name=\"robots\" content=\"index, follow, max-snippet:-1, max-image-preview:large, max-video-preview:-1\" \/>\n<link rel=\"canonical\" href=\"https:\/\/dermo.com\/pt\/fabrica-de-detergentes-15\/\" \/>\n<meta property=\"og:locale\" content=\"pt_PT\" \/>\n<meta property=\"og:type\" content=\"article\" \/>\n<meta property=\"og:title\" content=\"F\u00e1brica de detergentes - Dermo | F\u00e1brica de detergentes\" \/>\n<meta property=\"og:description\" content=\"Muchas veces parece no d\u00e1rsele la importancia que realmente tienen a la\u00a0limpieza\u00a0y a la\u00a0higiene. Pero en verdad, sin darnos cuenta, han devenido un factor primordial, por no decir una necesidad imperante de primer orden, que debe ser solventada para garantizarnos el apropiado desarrollo de nuestro d\u00eda a d\u00eda. Quiz\u00e1s no lo pensemos con detenimiento, pero,&hellip;&nbsp;Ler mais &raquo;F\u00e1brica de detergentes\" \/>\n<meta property=\"og:url\" content=\"https:\/\/dermo.com\/pt\/fabrica-de-detergentes-15\/\" \/>\n<meta property=\"og:site_name\" content=\"Dermo | F\u00e1brica de detergentes\" \/>\n<meta property=\"article:modified_time\" content=\"2025-02-19T10:53:38+00:00\" \/>\n<meta name=\"twitter:card\" content=\"summary_large_image\" \/>\n<meta name=\"twitter:label1\" content=\"Tempo estimado de leitura\" \/>\n\t<meta name=\"twitter:data1\" content=\"3 minutos\" \/>\n<script type=\"application\/ld+json\" class=\"yoast-schema-graph\">{\"@context\":\"https:\/\/schema.org\",\"@graph\":[{\"@type\":\"WebPage\",\"@id\":\"https:\/\/dermo.com\/fabrica-de-detergentes-15\/\",\"url\":\"https:\/\/dermo.com\/fabrica-de-detergentes-15\/\",\"name\":\"F\u00e1brica de detergentes - Dermo | F\u00e1brica de detergentes\",\"isPartOf\":{\"@id\":\"https:\/\/dermo.com\/#website\"},\"datePublished\":\"2025-01-31T10:27:15+00:00\",\"dateModified\":\"2025-02-19T10:53:38+00:00\",\"breadcrumb\":{\"@id\":\"https:\/\/dermo.com\/fabrica-de-detergentes-15\/#breadcrumb\"},\"inLanguage\":\"pt-PT\",\"potentialAction\":[{\"@type\":\"ReadAction\",\"target\":[\"https:\/\/dermo.com\/fabrica-de-detergentes-15\/\"]}]},{\"@type\":\"BreadcrumbList\",\"@id\":\"https:\/\/dermo.com\/fabrica-de-detergentes-15\/#breadcrumb\",\"itemListElement\":[{\"@type\":\"ListItem\",\"position\":1,\"name\":\"Portada\",\"item\":\"https:\/\/dermo.com\/\"},{\"@type\":\"ListItem\",\"position\":2,\"name\":\"F\u00e1brica de detergentes\"}]},{\"@type\":\"WebSite\",\"@id\":\"https:\/\/dermo.com\/#website\",\"url\":\"https:\/\/dermo.com\/\",\"name\":\"Dermo | F\u00e1brica de detergentes\",\"description\":\"Tecnolog\u00eda avanzada, investigaci\u00f3n y desarrollo, respeto por el medio ambiente, competencia, formaci\u00f3n constante y alto nivel de profesionalidad en nuestro equipo humano, empe\u00f1ado en preservar la calidad de vida, la protecci\u00f3n del entorno natural contin\u00faan motiv\u00e1ndonos para desarrollar en nuestros laboratorios nuevos productos con ingredientes activos altamente biodegradables que hacen posible un desarrollo sostenible.\",\"potentialAction\":[{\"@type\":\"SearchAction\",\"target\":{\"@type\":\"EntryPoint\",\"urlTemplate\":\"https:\/\/dermo.com\/?s={search_term_string}\"},\"query-input\":{\"@type\":\"PropertyValueSpecification\",\"valueRequired\":true,\"valueName\":\"search_term_string\"}}],\"inLanguage\":\"pt-PT\"}]}<\/script>\n<!-- \/ Yoast SEO plugin. -->","yoast_head_json":{"title":"F\u00e1brica de detergentes - Dermo | F\u00e1brica de detergentes","robots":{"index":"index","follow":"follow","max-snippet":"max-snippet:-1","max-image-preview":"max-image-preview:large","max-video-preview":"max-video-preview:-1"},"canonical":"https:\/\/dermo.com\/pt\/fabrica-de-detergentes-15\/","og_locale":"pt_PT","og_type":"article","og_title":"F\u00e1brica de detergentes - Dermo | F\u00e1brica de detergentes","og_description":"Muchas veces parece no d\u00e1rsele la importancia que realmente tienen a la\u00a0limpieza\u00a0y a la\u00a0higiene. Pero en verdad, sin darnos cuenta, han devenido un factor primordial, por no decir una necesidad imperante de primer orden, que debe ser solventada para garantizarnos el apropiado desarrollo de nuestro d\u00eda a d\u00eda. Quiz\u00e1s no lo pensemos con detenimiento, pero,&hellip;&nbsp;Ler mais &raquo;F\u00e1brica de detergentes","og_url":"https:\/\/dermo.com\/pt\/fabrica-de-detergentes-15\/","og_site_name":"Dermo | F\u00e1brica de detergentes","article_modified_time":"2025-02-19T10:53:38+00:00","twitter_card":"summary_large_image","twitter_misc":{"Tempo estimado de leitura":"3 minutos"},"schema":{"@context":"https:\/\/schema.org","@graph":[{"@type":"WebPage","@id":"https:\/\/dermo.com\/fabrica-de-detergentes-15\/","url":"https:\/\/dermo.com\/fabrica-de-detergentes-15\/","name":"F\u00e1brica de detergentes - Dermo | F\u00e1brica de detergentes","isPartOf":{"@id":"https:\/\/dermo.com\/#website"},"datePublished":"2025-01-31T10:27:15+00:00","dateModified":"2025-02-19T10:53:38+00:00","breadcrumb":{"@id":"https:\/\/dermo.com\/fabrica-de-detergentes-15\/#breadcrumb"},"inLanguage":"pt-PT","potentialAction":[{"@type":"ReadAction","target":["https:\/\/dermo.com\/fabrica-de-detergentes-15\/"]}]},{"@type":"BreadcrumbList","@id":"https:\/\/dermo.com\/fabrica-de-detergentes-15\/#breadcrumb","itemListElement":[{"@type":"ListItem","position":1,"name":"Portada","item":"https:\/\/dermo.com\/"},{"@type":"ListItem","position":2,"name":"F\u00e1brica de detergentes"}]},{"@type":"WebSite","@id":"https:\/\/dermo.com\/#website","url":"https:\/\/dermo.com\/","name":"Dermo | f\u00e1brica de detergentes","description":"A tecnologia avan\u00e7ada, a investiga\u00e7\u00e3o e desenvolvimento, o respeito pelo ambiente, a compet\u00eancia, a forma\u00e7\u00e3o constante e o elevado n\u00edvel de profissionalismo da nossa equipa humana, comprometida com a preserva\u00e7\u00e3o da qualidade de vida, a protec\u00e7\u00e3o do ambiente natural continuam a motivar-nos a desenvolver novos produtos nos nossos laborat\u00f3rios com princ\u00edpios ativos altamente biodegrad\u00e1veis que possibilitam o desenvolvimento sustent\u00e1vel.","potentialAction":[{"@type":"SearchAction","target":{"@type":"EntryPoint","urlTemplate":"https:\/\/dermo.com\/?s={search_term_string}"},"query-input":{"@type":"PropertyValueSpecification","valueRequired":true,"valueName":"search_term_string"}}],"inLanguage":"pt-PT"}]}},"_links":{"self":[{"href":"https:\/\/dermo.com\/pt\/wp-json\/wp\/v2\/pages\/12963","targetHints":{"allow":["GET"]}}],"collection":[{"href":"https:\/\/dermo.com\/pt\/wp-json\/wp\/v2\/pages"}],"about":[{"href":"https:\/\/dermo.com\/pt\/wp-json\/wp\/v2\/types\/page"}],"author":[{"embeddable":true,"href":"https:\/\/dermo.com\/pt\/wp-json\/wp\/v2\/users\/2"}],"replies":[{"embeddable":true,"href":"https:\/\/dermo.com\/pt\/wp-json\/wp\/v2\/comments?post=12963"}],"version-history":[{"count":8,"href":"https:\/\/dermo.com\/pt\/wp-json\/wp\/v2\/pages\/12963\/revisions"}],"predecessor-version":[{"id":13529,"href":"https:\/\/dermo.com\/pt\/wp-json\/wp\/v2\/pages\/12963\/revisions\/13529"}],"wp:attachment":[{"href":"https:\/\/dermo.com\/pt\/wp-json\/wp\/v2\/media?parent=12963"}],"curies":[{"name":"wp","href":"https:\/\/api.w.org\/{rel}","templated":true}]}}