{"id":13046,"date":"2025-01-31T11:55:38","date_gmt":"2025-01-31T10:55:38","guid":{"rendered":"https:\/\/dermo.com\/?page_id=13046"},"modified":"2025-02-19T11:41:24","modified_gmt":"2025-02-19T10:41:24","slug":"detergentes-desinfetantes-4","status":"publish","type":"page","link":"https:\/\/dermo.com\/pt\/detergentes-desinfetantes-4\/","title":{"rendered":"Detergentes desinfetantes"},"content":{"rendered":"<div data-elementor-type=\"wp-page\" data-elementor-id=\"13046\" class=\"elementor elementor-13046\" data-elementor-post-type=\"page\">\n\t\t\t\t\t\t<section class=\"elementor-section elementor-top-section elementor-element elementor-element-a02683f elementor-section-boxed elementor-section-height-default elementor-section-height-default\" data-id=\"a02683f\" data-element_type=\"section\" data-e-type=\"section\" data-settings=\"{&quot;background_background&quot;:&quot;classic&quot;}\">\n\t\t\t\t\t\t\t<div class=\"elementor-background-overlay\"><\/div>\n\t\t\t\t\t\t\t<div class=\"elementor-container elementor-column-gap-default\">\n\t\t\t\t\t<div class=\"elementor-column elementor-col-100 elementor-top-column elementor-element elementor-element-f99dbff\" data-id=\"f99dbff\" data-element_type=\"column\" data-e-type=\"column\">\n\t\t\t<div class=\"elementor-widget-wrap elementor-element-populated\">\n\t\t\t\t\t\t\t<\/div>\n\t\t<\/div>\n\t\t\t\t\t<\/div>\n\t\t<\/section>\n\t\t\t\t<section class=\"elementor-section elementor-top-section elementor-element elementor-element-233ad3a4 elementor-section-boxed elementor-section-height-default elementor-section-height-default\" data-id=\"233ad3a4\" data-element_type=\"section\" data-e-type=\"section\">\n\t\t\t\t\t\t<div class=\"elementor-container elementor-column-gap-default\">\n\t\t\t\t\t<div class=\"elementor-column elementor-col-100 elementor-top-column elementor-element elementor-element-3244e578\" data-id=\"3244e578\" data-element_type=\"column\" data-e-type=\"column\">\n\t\t\t<div class=\"elementor-widget-wrap elementor-element-populated\">\n\t\t\t\t\t\t<section class=\"elementor-section elementor-inner-section elementor-element elementor-element-1a7040c2 elementor-section-content-middle elementor-section-boxed elementor-section-height-default elementor-section-height-default\" data-id=\"1a7040c2\" data-element_type=\"section\" data-e-type=\"section\">\n\t\t\t\t\t\t<div class=\"elementor-container elementor-column-gap-default\">\n\t\t\t\t\t<div class=\"elementor-column elementor-col-50 elementor-inner-column elementor-element elementor-element-58338543\" data-id=\"58338543\" data-element_type=\"column\" data-e-type=\"column\">\n\t\t\t<div class=\"elementor-widget-wrap elementor-element-populated\">\n\t\t\t\t\t\t<div class=\"elementor-element elementor-element-464b2e11 elementor-widget elementor-widget-text-editor\" data-id=\"464b2e11\" data-element_type=\"widget\" data-e-type=\"widget\" data-widget_type=\"text-editor.default\">\n\t\t\t\t<div class=\"elementor-widget-container\">\n\t\t\t\t\t\t\t\t\t<div id=\"lipsum\"><h2>Dermo: F\u00e1brica de detergentes desinfetantes<\/h2><p>O\u00a0<strong>detergentes desinfetantes<\/strong>\u00a0de\u00a0<strong>Dermo<\/strong>\u00a0S\u00e3o produtos com registro especial de\u00a0<strong>desinfetante<\/strong>\u00a0e tamb\u00e9m registro HA. A linha de\u00a0<strong>detergentes desinfetantes<\/strong>\u00a0de\u00a0<strong>Dermo<\/strong>, bactericidas e fungicidas com registro especial para higiene alimentar, s\u00e3o testados e apresentam alta efic\u00e1cia em superf\u00edcies sujas, completamente diferente de\u00a0<strong>detergentes<\/strong>\u00a0<strong>desinfetantes<\/strong>\u00a0tradicionais, pois limpam e\u00a0<strong>desinfetar<\/strong>\u00a0em uma \u00fanica opera\u00e7\u00e3o, facilitando muito seu trabalho e oferecendo a voc\u00ea a confian\u00e7a de um\u00a0<strong>desinfec\u00e7\u00e3o<\/strong>\u00a0seguro, com muito pouco tempo de contato.<\/p><p>O\u00a0<strong>detergentes desinfetantes<\/strong>\u00a0de\u00a0<strong>Dermo<\/strong>\u00a0Eles s\u00e3o classificados como: DL 21 ACIBAC, DL21 FUGNIBAC e DL21 CLORBAC.<\/p><p>\u00a0<\/p><\/div>\t\t\t\t\t\t\t\t<\/div>\n\t\t\t\t<\/div>\n\t\t\t\t\t<\/div>\n\t\t<\/div>\n\t\t\t\t<div class=\"elementor-column elementor-col-50 elementor-inner-column elementor-element elementor-element-5f4b992 elementor-invisible\" data-id=\"5f4b992\" data-element_type=\"column\" data-e-type=\"column\" data-settings=\"{&quot;animation&quot;:&quot;bounceInRight&quot;}\">\n\t\t\t<div class=\"elementor-widget-wrap elementor-element-populated\">\n\t\t\t\t\t\t<div class=\"elementor-element elementor-element-e8a1ca9 elementor-widget elementor-widget-elementskit-contact-form7\" data-id=\"e8a1ca9\" data-element_type=\"widget\" data-e-type=\"widget\" data-widget_type=\"elementskit-contact-form7.default\">\n\t\t\t\t<div class=\"elementor-widget-container\">\n\t\t\t\t\t<div class=\"ekit-wid-con\" ><div class=\"ekit-form\">\n<div class=\"wpcf7 no-js\" id=\"wpcf7-f13292-p13046-o1\" lang=\"es-ES\" dir=\"ltr\" data-wpcf7-id=\"13292\">\n<div class=\"screen-reader-response\"><p role=\"status\" aria-live=\"polite\" aria-atomic=\"true\"><\/p> <ul><\/ul><\/div>\n<form action=\"\/pt\/detergentes-desinfetantes-4\/#wpcf7-f13292-p13046-o1\" method=\"post\" class=\"wpcf7-form init\" aria-label=\"Formulario de contacto\" novalidate=\"novalidate\" data-status=\"init\" data-no-translation-aria-label=\"\" data-trp-original-action=\"\/fr\/detergentes-desinfectantes-4\/#wpcf7-f13292-p13046-o1\">\n<fieldset class=\"hidden-fields-container\"><input type=\"hidden\" name=\"_wpcf7\" value=\"13292\" \/><input type=\"hidden\" name=\"_wpcf7_version\" value=\"6.1.5\" \/><input type=\"hidden\" name=\"_wpcf7_locale\" value=\"es_ES\" \/><input type=\"hidden\" name=\"_wpcf7_unit_tag\" value=\"wpcf7-f13292-p13046-o1\" \/><input type=\"hidden\" name=\"_wpcf7_container_post\" value=\"13046\" \/><input type=\"hidden\" name=\"_wpcf7_posted_data_hash\" value=\"\" \/><input type=\"hidden\" name=\"_wpcf7_recaptcha_response\" value=\"\" \/>\n<\/fieldset>\n<div style=\"display: flex; gap: 10px;\">\n\t<div style=\"width: 50%;\">\n\t\t<p><span class=\"wpcf7-form-control-wrap\" data-name=\"your-name\"><input size=\"40\" maxlength=\"400\" class=\"wpcf7-form-control wpcf7-text wpcf7-validates-as-required\" aria-required=\"true\" aria-invalid=\"false\" placeholder=\"Nome\" value=\"\" type=\"text\" name=\"your-name\" \/><\/span>\n\t\t<\/p>\n\t<\/div>\n\t<div style=\"width: 50%;\">\n\t\t<p><span class=\"wpcf7-form-control-wrap\" data-name=\"your-phone\"><input size=\"40\" maxlength=\"400\" class=\"wpcf7-form-control wpcf7-tel wpcf7-validates-as-required wpcf7-text wpcf7-validates-as-tel\" aria-required=\"true\" aria-invalid=\"false\" placeholder=\"Telefone\" value=\"\" type=\"tel\" name=\"your-phone\" \/><\/span>\n\t\t<\/p>\n\t<\/div>\n<\/div>\n<p><span class=\"wpcf7-form-control-wrap\" data-name=\"your-email\"><input size=\"40\" maxlength=\"400\" class=\"wpcf7-form-control wpcf7-email wpcf7-validates-as-required wpcf7-text wpcf7-validates-as-email\" aria-required=\"true\" aria-invalid=\"false\" placeholder=\"E-mail\" value=\"\" type=\"email\" name=\"your-email\" \/><\/span>\n<\/p>\n<div style=\"display: flex; gap: 10px;\">\n\t<div style=\"width: 50%;\">\n\t\t<p><span class=\"wpcf7-form-control-wrap\" data-name=\"your-country\"><input size=\"40\" maxlength=\"400\" class=\"wpcf7-form-control wpcf7-text wpcf7-validates-as-required\" aria-required=\"true\" aria-invalid=\"false\" placeholder=\"Pa\u00eds\" value=\"\" type=\"text\" name=\"your-country\" \/><\/span>\n\t\t<\/p>\n\t<\/div>\n\t<div style=\"width: 50%;\">\n\t\t<p><span class=\"wpcf7-form-control-wrap\" data-name=\"your-city\"><input size=\"40\" maxlength=\"400\" class=\"wpcf7-form-control wpcf7-text wpcf7-validates-as-required\" aria-required=\"true\" aria-invalid=\"false\" placeholder=\"Popula\u00e7\u00e3o\" value=\"\" type=\"text\" name=\"your-city\" \/><\/span>\n\t\t<\/p>\n\t<\/div>\n<\/div>\n<p><span class=\"wpcf7-form-control-wrap\" data-name=\"your-subject\"><select class=\"wpcf7-form-control wpcf7-select\" aria-invalid=\"false\" name=\"your-subject\"><option value=\"Quiero ser distribuidor\">Quero ser um distribuidor<\/option><option value=\"Presupuesto\">Or\u00e7amento<\/option><option value=\"Consulta\">Consulta<\/option><option value=\"Sugerencia\">Sugest\u00e3o<\/option><option value=\"Otros\">Outros<\/option><\/select><\/span>\n<\/p>\n<p><span class=\"wpcf7-form-control-wrap\" data-name=\"your-message\"><textarea cols=\"40\" rows=\"10\" maxlength=\"2000\" class=\"wpcf7-form-control wpcf7-textarea\" aria-invalid=\"false\" placeholder=\"Mensagem ou consulta\" name=\"your-message\"><\/textarea><\/span>\n<\/p>\n<div style=\"display: flex; align-items: center; gap: 10px;\">\n\t<p><span class=\"wpcf7-form-control-wrap\" data-name=\"privacy-policy\"><span class=\"wpcf7-form-control wpcf7-acceptance\"><span class=\"wpcf7-list-item\"><input type=\"checkbox\" name=\"privacy-policy\" value=\"1\" aria-invalid=\"false\" \/><\/span><\/span><\/span><label for=\"privacy-policy\" style=\"margin-left: 5px;\">Li e aceito a pol\u00edtica de privacidade.<\/label>\n\t<\/p>\n<\/div>\n<div style=\"display: flex; align-items: center; gap: 10px;\">\n\t<p><span class=\"wpcf7-form-control-wrap\" data-name=\"send-info\"><span class=\"wpcf7-form-control wpcf7-acceptance\"><span class=\"wpcf7-list-item\"><input type=\"checkbox\" name=\"send-info\" value=\"1\" aria-invalid=\"false\" \/><\/span><\/span><\/span><label for=\"send-info\" style=\"margin-left: 5px;\">Concordo em receber informa\u00e7\u00f5es.<\/label>\n\t<\/p>\n<\/div>\n<p><input class=\"wpcf7-form-control wpcf7-submit has-spinner\" type=\"submit\" value=\"Enviar\" \/>\n<\/p><div class=\"wpcf7-response-output\" aria-hidden=\"true\"><\/div>\n<input type=\"hidden\" name=\"trp-form-language\" value=\"pt\"\/><\/form>\n<\/div>\n<\/div><\/div>\t\t\t\t<\/div>\n\t\t\t\t<\/div>\n\t\t\t\t\t<\/div>\n\t\t<\/div>\n\t\t\t\t\t<\/div>\n\t\t<\/section>\n\t\t\t\t<div class=\"elementor-element elementor-element-615d68f elementor-widget elementor-widget-text-editor\" data-id=\"615d68f\" data-element_type=\"widget\" data-e-type=\"widget\" data-widget_type=\"text-editor.default\">\n\t\t\t\t<div class=\"elementor-widget-container\">\n\t\t\t\t\t\t\t\t\t<h3>Detergente Desinfetante \u2013 DL 21 CLORBAC<\/h3><p>Limpador alcalino clorado com alto poder desinfetante e detergente contra prote\u00ednas, gorduras, sangue e res\u00edduos org\u00e2nicos em geral. Especialmente formulado para uso em limpeza e\u00a0<strong>desinfec\u00e7\u00e3o<\/strong>, em uma \u00fanica opera\u00e7\u00e3o de superf\u00edcies e utens\u00edlios altamente contaminados na Ind\u00fastria Aliment\u00edcia (latic\u00ednios, cervejarias, carnes, matadouros, hotelaria, etc.) e qualquer outra \u00e1rea da vida p\u00fablica e privada.<\/p><p>Dada a sua formula\u00e7\u00e3o clorada e alcalina, \u00e9 especialmente indicado para:<\/p><ul><li><strong>Desinfec\u00e7\u00e3o<\/strong>\u00a0de superf\u00edcies locais, armaz\u00e9ns e salas destinadas a qualquer finalidade, especialmente para a manipula\u00e7\u00e3o de produtos alimentares.<\/li><li><strong>Desinfec\u00e7\u00e3o<\/strong>\u00a0de superf\u00edcies de c\u00e2maras frias<\/li><li><strong>Desinfec\u00e7\u00e3o<\/strong>\u00a0de utens\u00edlios (facas, bancadas de trabalho, etc.)<\/li><li><strong>Desinfec\u00e7\u00e3o<\/strong>\u00a0de tubos, condu\u00edtes, tanques, etc.<\/li><\/ul><p>A presen\u00e7a de tensoativos n\u00e3o i\u00f4nicos e sua alta alcalinidade livre, conferem ao DL 21CLORBAC uma not\u00e1vel a\u00e7\u00e3o limpadora e desengordurante, mesmo em baixas concentra\u00e7\u00f5es, que permitem ao produto penetrar r\u00e1pida e facilmente em todos os interst\u00edcios que podem estar contaminados, mesmo em superf\u00edcies porosas, garantindo assim uma boa limpeza e\u00a0<strong>desinfec\u00e7\u00e3o<\/strong>, mesmo na presen\u00e7a de mat\u00e9ria org\u00e2nica.<\/p><p><strong>Detergente Desinfetante \u2013 DL 21 FUNGIBAC<\/strong><\/p><p>Possui pH alcalino e seu ingrediente ativo \u00e9 o cloreto de didecildimetilam\u00f4nio (DDAC-7%) e foi testado como bactericida e fungicida em condi\u00e7\u00f5es sujas. Sua utiliza\u00e7\u00e3o \u00e9 ambiental, na ind\u00fastria aliment\u00edcia, limpeza e\u00a0<strong>desinfec\u00e7\u00e3o<\/strong>\u00a0e desengordurante. DL 21 FUNGIBAC \u00e9 um produto com alta concentra\u00e7\u00e3o de princ\u00edpios ativos, especialmente formulado para utiliza\u00e7\u00e3o em limpeza e desinfe\u00e7\u00e3o completa.\u00a0<strong>desinfec\u00e7\u00e3o<\/strong>\u00a0atrav\u00e9s do contato com superf\u00edcies e utens\u00edlios altamente contaminados na ind\u00fastria aliment\u00edcia, hospitalidade, grandes comunidades e superf\u00edcies institucionais e de higiene. Especialmente recomendado para:<\/p><ul><li><strong>Desinfec\u00e7\u00e3o<\/strong>\u00a0de superf\u00edcies em instala\u00e7\u00f5es, armaz\u00e9ns, c\u00e2maras frigor\u00edficas e salas destinadas a qualquer finalidade, especialmente para a manipula\u00e7\u00e3o de produtos alimentares.<\/li><li><strong>Desinfec\u00e7\u00e3o<\/strong>\u00a0de elementos de transporte, m\u00e1quinas de corte, enchimento, mistura, embalagem, etc. na aus\u00eancia de comida.<\/li><li><strong>Desinfec\u00e7\u00e3o<\/strong>\u00a0de tubos, condu\u00edtes, tanques, etc.<\/li><li><strong>Desinfec\u00e7\u00e3o<\/strong>\u00a0de utens\u00edlios (facas, bancadas de trabalho, etc.)<\/li><\/ul><p>\u00c9 eficaz mesmo na presen\u00e7a de mat\u00e9ria org\u00e2nica e proporciona uma a\u00e7\u00e3o desodorante eficaz, que previne a forma\u00e7\u00e3o de maus odores. Possui tamb\u00e9m uma not\u00e1vel a\u00e7\u00e3o hidratante e desengordurante, gra\u00e7as \u00e0 sua alta concentra\u00e7\u00e3o de tensoativos, que permitem ao produto eliminar a gordura incrustada e penetrar rapidamente em tudo o que possa estar contaminado, mesmo em superf\u00edcies porosas, garantindo uma boa limpeza e uma limpeza eficaz.\u00a0<strong>desinfec\u00e7\u00e3o<\/strong>.<\/p><p><strong>Detergente desinfetante \u2013 DL 21 ACIBAC<\/strong>: Cont\u00e9m pH \u00e1cido, especialmente para desincrusta\u00e7\u00e3o tanto em locais onde h\u00e1 res\u00edduos de calc\u00e1rio, como para locais onde h\u00e1 res\u00edduos de sal, ap\u00f3s realizar limpezas cont\u00ednuas com produtos alcalinos. O ingrediente ativo deste\u00a0<strong>detergente desinfetante<\/strong>\u00a0\u00c9 cloreto de didecildimetilam\u00f4nio (DDAC-5,6%) e foi testado como bactericida em condi\u00e7\u00f5es sujas. Para uso ambiental, na ind\u00fastria aliment\u00edcia, limpeza e\u00a0<strong>desinfec\u00e7\u00e3o<\/strong>\u00a0e descalcifica\u00e7\u00e3o. Foi formulado para uso em limpeza abrangente e\u00a0<strong>desinfec\u00e7\u00e3o<\/strong>, atrav\u00e9s do contato com superf\u00edcies e utens\u00edlios altamente contaminados na ind\u00fastria aliment\u00edcia, hotelaria, grandes comunidades e superf\u00edcies institucionais e higiene, onde tamb\u00e9m \u00e9 necess\u00e1ria a desincrusta\u00e7\u00e3o de dep\u00f3sitos de calc\u00e1rio produzidos por \u00e1gua dura. Especialmente recomendado para:<\/p><ul><li><strong>Desinfec\u00e7\u00e3o<\/strong>\u00a0de superf\u00edcies em instala\u00e7\u00f5es, armaz\u00e9ns, c\u00e2maras frigor\u00edficas e salas destinadas a qualquer finalidade (industrial, institucional), especialmente onde se acumula uma grande quantidade de incrusta\u00e7\u00e3o devido ao calc\u00e1rio presente na \u00e1gua. Banheiros, sanit\u00e1rios, WCs, chuveiros, piscinas, spas, etc\u2026<\/li><li><strong>Desinfec\u00e7\u00e3o<\/strong>\u00a0de elementos de transporte, tubos, condu\u00edtes, tanques, etc.<\/li><li><strong>Desinfec\u00e7\u00e3o<\/strong>\u00a0de utens\u00edlios (facas, bancadas de trabalho, etc.)<\/li><\/ul><p>Possui uma potente a\u00e7\u00e3o desodorante, que previne a forma\u00e7\u00e3o de maus odores, e possui uma not\u00e1vel a\u00e7\u00e3o hidratante e desincrustante, gra\u00e7as \u00e0 sua alta concentra\u00e7\u00e3o de tensoativos e \u00e1cidos inorg\u00e2nicos, que permitem ao produto eliminar o calc\u00e1rio incrustado e penetrar at\u00e9 mesmo em superf\u00edcies porosas.<\/p><p>Esses\u00a0<strong>detergentes desinfetantes<\/strong>\u00a0de\u00a0<strong>Dermo<\/strong>\u00a0Eles s\u00e3o regulamentados pela Diretiva 98\/8\/C relativa \u00e0 comercializa\u00e7\u00e3o de biocidas, que harmoniza a legisla\u00e7\u00e3o sobre esses produtos em n\u00edvel europeu. Esta Diretiva foi transposta pelo Real Decreto 1054\/2002.<\/p>\t\t\t\t\t\t\t\t<\/div>\n\t\t\t\t<\/div>\n\t\t\t\t\t<\/div>\n\t\t<\/div>\n\t\t\t\t\t<\/div>\n\t\t<\/section>\n\t\t\t\t<section class=\"elementor-section elementor-top-section elementor-element elementor-element-484f41e elementor-section-full_width elementor-section-height-default elementor-section-height-default elementor-invisible\" data-id=\"484f41e\" data-element_type=\"section\" data-e-type=\"section\" data-settings=\"{&quot;animation&quot;:&quot;slideInUp&quot;}\">\n\t\t\t\t\t\t<div class=\"elementor-container elementor-column-gap-default\">\n\t\t\t\t\t<div class=\"elementor-column elementor-col-100 elementor-top-column elementor-element elementor-element-19948363\" data-id=\"19948363\" data-element_type=\"column\" data-e-type=\"column\">\n\t\t\t<div class=\"elementor-widget-wrap elementor-element-populated\">\n\t\t\t\t\t\t<div class=\"elementor-element elementor-element-339044a4 elementor-widget elementor-widget-google_maps\" data-id=\"339044a4\" data-element_type=\"widget\" data-e-type=\"widget\" data-widget_type=\"google_maps.default\">\n\t\t\t\t<div class=\"elementor-widget-container\">\n\t\t\t\t\t\t\t<div class=\"elementor-custom-embed\">\n\t\t\t<iframe loading=\"lazy\"\n\t\t\t\t\tsrc=\"https:\/\/maps.google.com\/maps?q=C%2F%20Pintor%20Joan%20Miro%2C%2016.%20Pol.%20Ind.%20Can%20Humet%20de%20Dalt%2C%2008213%20Poliny%C3%A0.%20Barcelona&#038;t=m&#038;z=15&#038;output=embed&#038;iwloc=near\"\n\t\t\t\t\ttitle=\"C\/ Pintor Joan Miro, 16. Pol. Ind. Can Humet de Dalt, 08213 Poliny\u00e0. Barcelona\"\n\t\t\t\t\taria-label=\"C\/ Pintor Joan Miro, 16. Pol. Ind. Can Humet de Dalt, 08213 Poliny\u00e0. Barcelona\"\n\t\t\t><\/iframe>\n\t\t<\/div>\n\t\t\t\t\t\t<\/div>\n\t\t\t\t<\/div>\n\t\t\t\t\t<\/div>\n\t\t<\/div>\n\t\t\t\t\t<\/div>\n\t\t<\/section>\n\t\t\t\t<\/div>","protected":false},"excerpt":{"rendered":"<p>Dermo: F\u00e1brica de Detergentes Desinfetantes. Os detergentes desinfetantes da Dermo s\u00e3o produtos com registro especial de desinfetante e tamb\u00e9m com registro HA. A linha de detergentes desinfetantes da Dermo, bactericidas e fungicidas, com registro especial para higiene alimentar, \u00e9 testada e altamente eficaz em superf\u00edcies sujas. Eles s\u00e3o completamente diferentes dos detergentes desinfetantes tradicionais, pois limpam e desinfetam em uma \u00fanica opera\u00e7\u00e3o, facilitando muito o seu trabalho.&nbsp;<a href=\"https:\/\/dermo.com\/pt\/detergentes-desinfetantes-4\/\" rel=\"bookmark\">Ler mais \u00bb<span class=\"screen-reader-text\">Detergentes desinfetantes<\/span><\/a><\/p>","protected":false},"author":2,"featured_media":0,"parent":0,"menu_order":0,"comment_status":"closed","ping_status":"closed","template":"page-templates\/template-pagebuilder-full-width.php","meta":{"neve_meta_sidebar":"","neve_meta_container":"","neve_meta_enable_content_width":"","neve_meta_content_width":0,"neve_meta_title_alignment":"","neve_meta_author_avatar":"","neve_post_elements_order":"","neve_meta_disable_header":"","neve_meta_disable_footer":"","neve_meta_disable_title":"","footnotes":""},"class_list":["post-13046","page","type-page","status-publish","hentry"],"yoast_head":"<!-- This site is optimized with the Yoast SEO plugin v27.0 - https:\/\/yoast.com\/product\/yoast-seo-wordpress\/ -->\n<title>Detergentes desinfectantes - Dermo | F\u00e1brica de detergentes<\/title>\n<meta name=\"robots\" content=\"index, follow, max-snippet:-1, max-image-preview:large, max-video-preview:-1\" \/>\n<link rel=\"canonical\" href=\"https:\/\/dermo.com\/pt\/detergentes-desinfetantes-4\/\" \/>\n<meta property=\"og:locale\" content=\"pt_PT\" \/>\n<meta property=\"og:type\" content=\"article\" \/>\n<meta property=\"og:title\" content=\"Detergentes desinfectantes - Dermo | F\u00e1brica de detergentes\" \/>\n<meta property=\"og:description\" content=\"Dermo: F\u00e1brica de Detergentes desinfectantes Los\u00a0detergentes desinfectantes\u00a0de\u00a0Dermo\u00a0son productos con registro especial de\u00a0desinfectante\u00a0y tambi\u00e9n registro HA. La l\u00ednea de\u00a0detergentes desinfectantes\u00a0de\u00a0Dermo, bactericidas y fungicidas con registro especial para la higiene alimentaria, est\u00e1n testados y son altamente eficaces en superficies sucias, diferenci\u00e1ndose totalmente de los\u00a0detergentes\u00a0desinfectantes\u00a0tradicionales, ya que limpian y\u00a0desinfectan\u00a0en una sola operaci\u00f3n, haciendo tu trabajo mucho m\u00e1s f\u00e1cil&hellip;&nbsp;Ler mais &raquo;Detergentes desinfectantes\" \/>\n<meta property=\"og:url\" content=\"https:\/\/dermo.com\/pt\/detergentes-desinfetantes-4\/\" \/>\n<meta property=\"og:site_name\" content=\"Dermo | F\u00e1brica de detergentes\" \/>\n<meta property=\"article:modified_time\" content=\"2025-02-19T10:41:24+00:00\" \/>\n<meta name=\"twitter:card\" content=\"summary_large_image\" \/>\n<meta name=\"twitter:label1\" content=\"Tempo estimado de leitura\" \/>\n\t<meta name=\"twitter:data1\" content=\"4 minutos\" \/>\n<script type=\"application\/ld+json\" class=\"yoast-schema-graph\">{\"@context\":\"https:\/\/schema.org\",\"@graph\":[{\"@type\":\"WebPage\",\"@id\":\"https:\/\/dermo.com\/detergentes-desinfectantes-4\/\",\"url\":\"https:\/\/dermo.com\/detergentes-desinfectantes-4\/\",\"name\":\"Detergentes desinfectantes - Dermo | F\u00e1brica de detergentes\",\"isPartOf\":{\"@id\":\"https:\/\/dermo.com\/#website\"},\"datePublished\":\"2025-01-31T10:55:38+00:00\",\"dateModified\":\"2025-02-19T10:41:24+00:00\",\"breadcrumb\":{\"@id\":\"https:\/\/dermo.com\/detergentes-desinfectantes-4\/#breadcrumb\"},\"inLanguage\":\"pt-PT\",\"potentialAction\":[{\"@type\":\"ReadAction\",\"target\":[\"https:\/\/dermo.com\/detergentes-desinfectantes-4\/\"]}]},{\"@type\":\"BreadcrumbList\",\"@id\":\"https:\/\/dermo.com\/detergentes-desinfectantes-4\/#breadcrumb\",\"itemListElement\":[{\"@type\":\"ListItem\",\"position\":1,\"name\":\"Portada\",\"item\":\"https:\/\/dermo.com\/\"},{\"@type\":\"ListItem\",\"position\":2,\"name\":\"Detergentes desinfectantes\"}]},{\"@type\":\"WebSite\",\"@id\":\"https:\/\/dermo.com\/#website\",\"url\":\"https:\/\/dermo.com\/\",\"name\":\"Dermo | F\u00e1brica de detergentes\",\"description\":\"Tecnolog\u00eda avanzada, investigaci\u00f3n y desarrollo, respeto por el medio ambiente, competencia, formaci\u00f3n constante y alto nivel de profesionalidad en nuestro equipo humano, empe\u00f1ado en preservar la calidad de vida, la protecci\u00f3n del entorno natural contin\u00faan motiv\u00e1ndonos para desarrollar en nuestros laboratorios nuevos productos con ingredientes activos altamente biodegradables que hacen posible un desarrollo sostenible.\",\"potentialAction\":[{\"@type\":\"SearchAction\",\"target\":{\"@type\":\"EntryPoint\",\"urlTemplate\":\"https:\/\/dermo.com\/?s={search_term_string}\"},\"query-input\":{\"@type\":\"PropertyValueSpecification\",\"valueRequired\":true,\"valueName\":\"search_term_string\"}}],\"inLanguage\":\"pt-PT\"}]}<\/script>\n<!-- \/ Yoast SEO plugin. -->","yoast_head_json":{"title":"Detergentes desinfetantes - Dermo | F\u00e1brica de detergentes","robots":{"index":"index","follow":"follow","max-snippet":"max-snippet:-1","max-image-preview":"max-image-preview:large","max-video-preview":"max-video-preview:-1"},"canonical":"https:\/\/dermo.com\/pt\/detergentes-desinfetantes-4\/","og_locale":"pt_PT","og_type":"article","og_title":"Detergentes desinfectantes - Dermo | F\u00e1brica de detergentes","og_description":"Dermo: F\u00e1brica de Detergentes desinfectantes Los\u00a0detergentes desinfectantes\u00a0de\u00a0Dermo\u00a0son productos con registro especial de\u00a0desinfectante\u00a0y tambi\u00e9n registro HA. La l\u00ednea de\u00a0detergentes desinfectantes\u00a0de\u00a0Dermo, bactericidas y fungicidas con registro especial para la higiene alimentaria, est\u00e1n testados y son altamente eficaces en superficies sucias, diferenci\u00e1ndose totalmente de los\u00a0detergentes\u00a0desinfectantes\u00a0tradicionales, ya que limpian y\u00a0desinfectan\u00a0en una sola operaci\u00f3n, haciendo tu trabajo mucho m\u00e1s f\u00e1cil&hellip;&nbsp;Ler mais &raquo;Detergentes desinfectantes","og_url":"https:\/\/dermo.com\/pt\/detergentes-desinfetantes-4\/","og_site_name":"Dermo | F\u00e1brica de detergentes","article_modified_time":"2025-02-19T10:41:24+00:00","twitter_card":"summary_large_image","twitter_misc":{"Tempo estimado de leitura":"4 minutos"},"schema":{"@context":"https:\/\/schema.org","@graph":[{"@type":"WebPage","@id":"https:\/\/dermo.com\/detergentes-desinfectantes-4\/","url":"https:\/\/dermo.com\/detergentes-desinfectantes-4\/","name":"Detergentes desinfetantes - Dermo | F\u00e1brica de detergentes","isPartOf":{"@id":"https:\/\/dermo.com\/#website"},"datePublished":"2025-01-31T10:55:38+00:00","dateModified":"2025-02-19T10:41:24+00:00","breadcrumb":{"@id":"https:\/\/dermo.com\/detergentes-desinfectantes-4\/#breadcrumb"},"inLanguage":"pt-PT","potentialAction":[{"@type":"ReadAction","target":["https:\/\/dermo.com\/detergentes-desinfectantes-4\/"]}]},{"@type":"BreadcrumbList","@id":"https:\/\/dermo.com\/detergentes-desinfectantes-4\/#breadcrumb","itemListElement":[{"@type":"ListItem","position":1,"name":"Portada","item":"https:\/\/dermo.com\/"},{"@type":"ListItem","position":2,"name":"Detergentes desinfectantes"}]},{"@type":"WebSite","@id":"https:\/\/dermo.com\/#website","url":"https:\/\/dermo.com\/","name":"Dermo | f\u00e1brica de detergentes","description":"A tecnologia avan\u00e7ada, a investiga\u00e7\u00e3o e desenvolvimento, o respeito pelo ambiente, a compet\u00eancia, a forma\u00e7\u00e3o constante e o elevado n\u00edvel de profissionalismo da nossa equipa humana, comprometida com a preserva\u00e7\u00e3o da qualidade de vida, a protec\u00e7\u00e3o do ambiente natural continuam a motivar-nos a desenvolver novos produtos nos nossos laborat\u00f3rios com princ\u00edpios ativos altamente biodegrad\u00e1veis que possibilitam o desenvolvimento sustent\u00e1vel.","potentialAction":[{"@type":"SearchAction","target":{"@type":"EntryPoint","urlTemplate":"https:\/\/dermo.com\/?s={search_term_string}"},"query-input":{"@type":"PropertyValueSpecification","valueRequired":true,"valueName":"search_term_string"}}],"inLanguage":"pt-PT"}]}},"_links":{"self":[{"href":"https:\/\/dermo.com\/pt\/wp-json\/wp\/v2\/pages\/13046","targetHints":{"allow":["GET"]}}],"collection":[{"href":"https:\/\/dermo.com\/pt\/wp-json\/wp\/v2\/pages"}],"about":[{"href":"https:\/\/dermo.com\/pt\/wp-json\/wp\/v2\/types\/page"}],"author":[{"embeddable":true,"href":"https:\/\/dermo.com\/pt\/wp-json\/wp\/v2\/users\/2"}],"replies":[{"embeddable":true,"href":"https:\/\/dermo.com\/pt\/wp-json\/wp\/v2\/comments?post=13046"}],"version-history":[{"count":7,"href":"https:\/\/dermo.com\/pt\/wp-json\/wp\/v2\/pages\/13046\/revisions"}],"predecessor-version":[{"id":13457,"href":"https:\/\/dermo.com\/pt\/wp-json\/wp\/v2\/pages\/13046\/revisions\/13457"}],"wp:attachment":[{"href":"https:\/\/dermo.com\/pt\/wp-json\/wp\/v2\/media?parent=13046"}],"curies":[{"name":"wp","href":"https:\/\/api.w.org\/{rel}","templated":true}]}}