{"id":13047,"date":"2025-01-31T11:54:45","date_gmt":"2025-01-31T10:54:45","guid":{"rendered":"https:\/\/dermo.com\/?page_id=13047"},"modified":"2025-02-19T11:51:01","modified_gmt":"2025-02-19T10:51:01","slug":"empresa-de-produtos-de-limpeza","status":"publish","type":"page","link":"https:\/\/dermo.com\/pt\/empresa-de-produtos-de-limpeza\/","title":{"rendered":"Empresa de produtos de limpeza"},"content":{"rendered":"<div data-elementor-type=\"wp-page\" data-elementor-id=\"13047\" class=\"elementor elementor-13047\" data-elementor-post-type=\"page\">\n\t\t\t\t\t\t<section class=\"elementor-section elementor-top-section elementor-element elementor-element-a02683f elementor-section-boxed elementor-section-height-default elementor-section-height-default\" data-id=\"a02683f\" data-element_type=\"section\" data-e-type=\"section\" data-settings=\"{&quot;background_background&quot;:&quot;classic&quot;}\">\n\t\t\t\t\t\t\t<div class=\"elementor-background-overlay\"><\/div>\n\t\t\t\t\t\t\t<div class=\"elementor-container elementor-column-gap-default\">\n\t\t\t\t\t<div class=\"elementor-column elementor-col-100 elementor-top-column elementor-element elementor-element-f99dbff\" data-id=\"f99dbff\" data-element_type=\"column\" data-e-type=\"column\">\n\t\t\t<div class=\"elementor-widget-wrap elementor-element-populated\">\n\t\t\t\t\t\t\t<\/div>\n\t\t<\/div>\n\t\t\t\t\t<\/div>\n\t\t<\/section>\n\t\t\t\t<section class=\"elementor-section elementor-top-section elementor-element elementor-element-233ad3a4 elementor-section-boxed elementor-section-height-default elementor-section-height-default\" data-id=\"233ad3a4\" data-element_type=\"section\" data-e-type=\"section\">\n\t\t\t\t\t\t<div class=\"elementor-container elementor-column-gap-default\">\n\t\t\t\t\t<div class=\"elementor-column elementor-col-100 elementor-top-column elementor-element elementor-element-3244e578\" data-id=\"3244e578\" data-element_type=\"column\" data-e-type=\"column\">\n\t\t\t<div class=\"elementor-widget-wrap elementor-element-populated\">\n\t\t\t\t\t\t<section class=\"elementor-section elementor-inner-section elementor-element elementor-element-1a7040c2 elementor-section-content-middle elementor-section-boxed elementor-section-height-default elementor-section-height-default\" data-id=\"1a7040c2\" data-element_type=\"section\" data-e-type=\"section\">\n\t\t\t\t\t\t<div class=\"elementor-container elementor-column-gap-default\">\n\t\t\t\t\t<div class=\"elementor-column elementor-col-50 elementor-inner-column elementor-element elementor-element-58338543\" data-id=\"58338543\" data-element_type=\"column\" data-e-type=\"column\">\n\t\t\t<div class=\"elementor-widget-wrap elementor-element-populated\">\n\t\t\t\t\t\t<div class=\"elementor-element elementor-element-464b2e11 elementor-widget elementor-widget-text-editor\" data-id=\"464b2e11\" data-element_type=\"widget\" data-e-type=\"widget\" data-widget_type=\"text-editor.default\">\n\t\t\t\t<div class=\"elementor-widget-container\">\n\t\t\t\t\t\t\t\t\t<h4><strong>A cada dia vamos mais longe com nossa empresa de produtos de limpeza<\/strong><\/h4><p>Nossos 30 anos de experi\u00eancia nos permitiram abrir portas no mercado de limpeza e higiene e garantir que nossos produtos cheguem hoje a quatro continentes diferentes e a um total de 32 pa\u00edses. No entanto, a partir da nossa sede, localizada em Poliny\u00e0, Barcelona, continuamos trabalhando na nossa internacionaliza\u00e7\u00e3o e prevemos novas aberturas que respondam \u00e0s necessidades dos nossos clientes. Entre os setores em que dividimos nossas \u00e1reas de atua\u00e7\u00e3o, por exemplo, alocamos um especificamente para o continente africano ap\u00f3s detectar necessidades muito diferentes em termos de formatos, apresenta\u00e7\u00f5es, qualidades e sistemas de aplica\u00e7\u00e3o, por isso um dos nossos principais objetivos para o futuro \u00e9 dedicar esfor\u00e7os voltados para dar respostas eficientes a essas necessidades de nossos distribuidores e clientes tamb\u00e9m na \u00c1frica.<\/p><h3 style=\"margin-bottom: 10px; overflow-wrap: break-word; clear: none; color: #333333; font-variant-numeric: normal; font-variant-east-asian: normal; font-variant-alternates: normal; font-size-adjust: none; font-kerning: auto; font-optical-sizing: auto; font-feature-settings: normal; font-variation-settings: normal; font-variant-position: normal; font-variant-emoji: normal; font-weight: bold; font-stretch: normal; font-size: 24px; line-height: 34px; font-family: Roboto, Helvetica, Arial, Verdana, sans-serif; text-transform: none; letter-spacing: normal; word-spacing: 0px;\"><span style=\"padding: 0px; margin: 0px;\">Os setores em que nossa empresa de produtos de limpeza se especializou<\/span><\/h3><p style=\"margin-bottom: 10px; overflow-wrap: break-word; color: #8b8d94; font-family: Roboto, Helvetica, Arial, Verdana, sans-serif;\"><span style=\"padding: 0px; margin: 0px; font-weight: bold;\">Hot\u00e9is:<\/span>\u00a0Dispomos de produtos especializados para garantir a limpeza e higiene de um estabelecimento hoteleiro, n\u00e3o s\u00f3 para cumprir com as normas e regulamentos de qualidade, mas tamb\u00e9m porque \u00e9 um dos aspetos mais valorizados pelos seus utilizadores. Por esse motivo, as diferentes \u00e1reas s\u00e3o levadas em considera\u00e7\u00e3o. Nas \u00e1reas comuns, damos aten\u00e7\u00e3o especial em oferecer uma imagem perfeita e um aroma confort\u00e1vel e relaxante para convidar os h\u00f3spedes a permanecerem nas instala\u00e7\u00f5es. Em c\u00f4modos privativos, como quartos, cada detalhe tamb\u00e9m deve ser cuidado, desde roupas de cama at\u00e9 banheiros e limpeza geral, criando um ambiente confort\u00e1vel e convidativo ao relaxamento.<\/p>\t\t\t\t\t\t\t\t<\/div>\n\t\t\t\t<\/div>\n\t\t\t\t\t<\/div>\n\t\t<\/div>\n\t\t\t\t<div class=\"elementor-column elementor-col-50 elementor-inner-column elementor-element elementor-element-ee9fe4f elementor-invisible\" data-id=\"ee9fe4f\" data-element_type=\"column\" data-e-type=\"column\" data-settings=\"{&quot;animation&quot;:&quot;bounceInRight&quot;}\">\n\t\t\t<div class=\"elementor-widget-wrap elementor-element-populated\">\n\t\t\t\t\t\t<div class=\"elementor-element elementor-element-5756e47 elementor-widget elementor-widget-elementskit-contact-form7\" data-id=\"5756e47\" data-element_type=\"widget\" data-e-type=\"widget\" data-widget_type=\"elementskit-contact-form7.default\">\n\t\t\t\t<div class=\"elementor-widget-container\">\n\t\t\t\t\t<div class=\"ekit-wid-con\" ><div class=\"ekit-form\">\n<div class=\"wpcf7 no-js\" id=\"wpcf7-f13292-p13047-o1\" lang=\"es-ES\" dir=\"ltr\" data-wpcf7-id=\"13292\">\n<div class=\"screen-reader-response\"><p role=\"status\" aria-live=\"polite\" aria-atomic=\"true\"><\/p> <ul><\/ul><\/div>\n<form action=\"\/pt\/empresa-de-produtos-de-limpeza\/#wpcf7-f13292-p13047-o1\" method=\"post\" class=\"wpcf7-form init\" aria-label=\"Formulario de contacto\" novalidate=\"novalidate\" data-status=\"init\" data-no-translation-aria-label=\"\" data-trp-original-action=\"\/pt\/empresa-productos-de-limpieza\/#wpcf7-f13292-p13047-o1\">\n<fieldset class=\"hidden-fields-container\"><input type=\"hidden\" name=\"_wpcf7\" value=\"13292\" \/><input type=\"hidden\" name=\"_wpcf7_version\" value=\"6.1.5\" \/><input type=\"hidden\" name=\"_wpcf7_locale\" value=\"es_ES\" \/><input type=\"hidden\" name=\"_wpcf7_unit_tag\" value=\"wpcf7-f13292-p13047-o1\" \/><input type=\"hidden\" name=\"_wpcf7_container_post\" value=\"13047\" \/><input type=\"hidden\" name=\"_wpcf7_posted_data_hash\" value=\"\" \/><input type=\"hidden\" name=\"_wpcf7_recaptcha_response\" value=\"\" \/>\n<\/fieldset>\n<div style=\"display: flex; gap: 10px;\">\n\t<div style=\"width: 50%;\">\n\t\t<p><span class=\"wpcf7-form-control-wrap\" data-name=\"your-name\"><input size=\"40\" maxlength=\"400\" class=\"wpcf7-form-control wpcf7-text wpcf7-validates-as-required\" aria-required=\"true\" aria-invalid=\"false\" placeholder=\"Nome\" value=\"\" type=\"text\" name=\"your-name\" \/><\/span>\n\t\t<\/p>\n\t<\/div>\n\t<div style=\"width: 50%;\">\n\t\t<p><span class=\"wpcf7-form-control-wrap\" data-name=\"your-phone\"><input size=\"40\" maxlength=\"400\" class=\"wpcf7-form-control wpcf7-tel wpcf7-validates-as-required wpcf7-text wpcf7-validates-as-tel\" aria-required=\"true\" aria-invalid=\"false\" placeholder=\"Telefone\" value=\"\" type=\"tel\" name=\"your-phone\" \/><\/span>\n\t\t<\/p>\n\t<\/div>\n<\/div>\n<p><span class=\"wpcf7-form-control-wrap\" data-name=\"your-email\"><input size=\"40\" maxlength=\"400\" class=\"wpcf7-form-control wpcf7-email wpcf7-validates-as-required wpcf7-text wpcf7-validates-as-email\" aria-required=\"true\" aria-invalid=\"false\" placeholder=\"E-mail\" value=\"\" type=\"email\" name=\"your-email\" \/><\/span>\n<\/p>\n<div style=\"display: flex; gap: 10px;\">\n\t<div style=\"width: 50%;\">\n\t\t<p><span class=\"wpcf7-form-control-wrap\" data-name=\"your-country\"><input size=\"40\" maxlength=\"400\" class=\"wpcf7-form-control wpcf7-text wpcf7-validates-as-required\" aria-required=\"true\" aria-invalid=\"false\" placeholder=\"Pa\u00eds\" value=\"\" type=\"text\" name=\"your-country\" \/><\/span>\n\t\t<\/p>\n\t<\/div>\n\t<div style=\"width: 50%;\">\n\t\t<p><span class=\"wpcf7-form-control-wrap\" data-name=\"your-city\"><input size=\"40\" maxlength=\"400\" class=\"wpcf7-form-control wpcf7-text wpcf7-validates-as-required\" aria-required=\"true\" aria-invalid=\"false\" placeholder=\"Popula\u00e7\u00e3o\" value=\"\" type=\"text\" name=\"your-city\" \/><\/span>\n\t\t<\/p>\n\t<\/div>\n<\/div>\n<p><span class=\"wpcf7-form-control-wrap\" data-name=\"your-subject\"><select class=\"wpcf7-form-control wpcf7-select\" aria-invalid=\"false\" name=\"your-subject\"><option value=\"Quiero ser distribuidor\">Quero ser um distribuidor<\/option><option value=\"Presupuesto\">Or\u00e7amento<\/option><option value=\"Consulta\">Consulta<\/option><option value=\"Sugerencia\">Sugest\u00e3o<\/option><option value=\"Otros\">Outros<\/option><\/select><\/span>\n<\/p>\n<p><span class=\"wpcf7-form-control-wrap\" data-name=\"your-message\"><textarea cols=\"40\" rows=\"10\" maxlength=\"2000\" class=\"wpcf7-form-control wpcf7-textarea\" aria-invalid=\"false\" placeholder=\"Mensagem ou consulta\" name=\"your-message\"><\/textarea><\/span>\n<\/p>\n<div style=\"display: flex; align-items: center; gap: 10px;\">\n\t<p><span class=\"wpcf7-form-control-wrap\" data-name=\"privacy-policy\"><span class=\"wpcf7-form-control wpcf7-acceptance\"><span class=\"wpcf7-list-item\"><input type=\"checkbox\" name=\"privacy-policy\" value=\"1\" aria-invalid=\"false\" \/><\/span><\/span><\/span><label for=\"privacy-policy\" style=\"margin-left: 5px;\">Li e aceito a pol\u00edtica de privacidade.<\/label>\n\t<\/p>\n<\/div>\n<div style=\"display: flex; align-items: center; gap: 10px;\">\n\t<p><span class=\"wpcf7-form-control-wrap\" data-name=\"send-info\"><span class=\"wpcf7-form-control wpcf7-acceptance\"><span class=\"wpcf7-list-item\"><input type=\"checkbox\" name=\"send-info\" value=\"1\" aria-invalid=\"false\" \/><\/span><\/span><\/span><label for=\"send-info\" style=\"margin-left: 5px;\">Concordo em receber informa\u00e7\u00f5es.<\/label>\n\t<\/p>\n<\/div>\n<p><input class=\"wpcf7-form-control wpcf7-submit has-spinner\" type=\"submit\" value=\"Enviar\" \/>\n<\/p><div class=\"wpcf7-response-output\" aria-hidden=\"true\"><\/div>\n<input type=\"hidden\" name=\"trp-form-language\" value=\"pt\"\/><\/form>\n<\/div>\n<\/div><\/div>\t\t\t\t<\/div>\n\t\t\t\t<\/div>\n\t\t\t\t\t<\/div>\n\t\t<\/div>\n\t\t\t\t\t<\/div>\n\t\t<\/section>\n\t\t\t\t<div class=\"elementor-element elementor-element-615d68f elementor-widget elementor-widget-text-editor\" data-id=\"615d68f\" data-element_type=\"widget\" data-e-type=\"widget\" data-widget_type=\"text-editor.default\">\n\t\t\t\t<div class=\"elementor-widget-container\">\n\t\t\t\t\t\t\t\t\t<p><strong>Casas de repouso:<\/strong>\u00a0Nossa empresa de produtos de limpeza est\u00e1 ciente de qu\u00e3o essenciais s\u00e3o os fatores de desinfec\u00e7\u00e3o e higiene em casas de repouso, porque \u00e0s vezes os moradores desses centros s\u00e3o pessoas com doen\u00e7as cr\u00f4nicas e um estado de sa\u00fade delicado. N\u00e3o s\u00f3 para causar uma boa primeira impress\u00e3o nos visitantes, mas tamb\u00e9m para garantir o bem-estar dos moradores, a limpeza e a higiene da \u00e1rea de recep\u00e7\u00e3o, \u00e1reas comuns, quartos e banheiros s\u00e3o essenciais.<\/p><p><strong>Restaura\u00e7\u00e3o:<\/strong>\u00a0Os clientes que seu restaurante ou estabelecimento recebe valorizar\u00e3o muitos aspectos dele. Limpeza, cheiro e higiene s\u00e3o essenciais, pois parte da avalia\u00e7\u00e3o dos seus h\u00f3spedes depender\u00e1 deles. Al\u00e9m disso, a higiene da cozinha n\u00e3o \u00e9 importante apenas para as normas de sa\u00fade, mas tamb\u00e9m far\u00e1 com que seu cliente se sinta seguro e confiante ao consumir ali.<\/p><p><strong>Servi\u00e7os de limpeza:<\/strong>\u00a0As empresas de limpeza devem ter os melhores produtos para garantir o melhor servi\u00e7o. Nosso\u00a0<strong>empresa de produtos de limpeza<\/strong>\u00a0tem uma gama brilhante de solu\u00e7\u00f5es de alto desempenho e f\u00e1ceis de aplicar para atender a qualquer necessidade no campo de manuten\u00e7\u00e3o de superf\u00edcies, edif\u00edcios, m\u00f3veis, banheiros, escrit\u00f3rios, esta\u00e7\u00f5es, aeroportos ou outros pontos de encontro onde ocorram grandes multid\u00f5es de pessoas.<\/p><p><strong>Ind\u00fastria e autom\u00f3vel:<\/strong>\u00a0A limpeza profunda em plantas e instala\u00e7\u00f5es industriais, f\u00e1bricas e plantas de processo requer produtos especializados com alto n\u00edvel de concentra\u00e7\u00e3o para higienizar e desinfetar, a fim de evitar contamina\u00e7\u00e3o cruzada. Dermo,\u00a0<strong>empresa de produtos de limpeza,\u00a0<\/strong>\u00a0trabalhou em uma gama de produtos para o setor automotivo que atendem a qualquer necessidade relacionada ao tratamento e limpeza de pneus, carrocerias, pain\u00e9is, motores e estofados, tanto para ve\u00edculos de passeio quanto para caminh\u00f5es e trens, tratores, barcos...<\/p>\t\t\t\t\t\t\t\t<\/div>\n\t\t\t\t<\/div>\n\t\t\t\t\t<\/div>\n\t\t<\/div>\n\t\t\t\t\t<\/div>\n\t\t<\/section>\n\t\t\t\t<section class=\"elementor-section elementor-top-section elementor-element elementor-element-484f41e elementor-section-full_width elementor-section-height-default elementor-section-height-default elementor-invisible\" data-id=\"484f41e\" data-element_type=\"section\" data-e-type=\"section\" data-settings=\"{&quot;animation&quot;:&quot;slideInUp&quot;}\">\n\t\t\t\t\t\t<div class=\"elementor-container elementor-column-gap-default\">\n\t\t\t\t\t<div class=\"elementor-column elementor-col-100 elementor-top-column elementor-element elementor-element-19948363\" data-id=\"19948363\" data-element_type=\"column\" data-e-type=\"column\">\n\t\t\t<div class=\"elementor-widget-wrap elementor-element-populated\">\n\t\t\t\t\t\t<div class=\"elementor-element elementor-element-339044a4 elementor-widget elementor-widget-google_maps\" data-id=\"339044a4\" data-element_type=\"widget\" data-e-type=\"widget\" data-widget_type=\"google_maps.default\">\n\t\t\t\t<div class=\"elementor-widget-container\">\n\t\t\t\t\t\t\t<div class=\"elementor-custom-embed\">\n\t\t\t<iframe loading=\"lazy\"\n\t\t\t\t\tsrc=\"https:\/\/maps.google.com\/maps?q=C%2F%20Pintor%20Joan%20Miro%2C%2016.%20Pol.%20Ind.%20Can%20Humet%20de%20Dalt%2C%2008213%20Poliny%C3%A0.%20Barcelona&#038;t=m&#038;z=15&#038;output=embed&#038;iwloc=near\"\n\t\t\t\t\ttitle=\"C\/ Pintor Joan Miro, 16. Pol. Ind. Can Humet de Dalt, 08213 Poliny\u00e0. Barcelona\"\n\t\t\t\t\taria-label=\"C\/ Pintor Joan Miro, 16. Pol. Ind. Can Humet de Dalt, 08213 Poliny\u00e0. Barcelona\"\n\t\t\t><\/iframe>\n\t\t<\/div>\n\t\t\t\t\t\t<\/div>\n\t\t\t\t<\/div>\n\t\t\t\t\t<\/div>\n\t\t<\/div>\n\t\t\t\t\t<\/div>\n\t\t<\/section>\n\t\t\t\t<\/div>","protected":false},"excerpt":{"rendered":"<p>Alcan\u00e7ando mais longe a cada dia com nossa empresa de produtos de limpeza. Nossos 30 anos de experi\u00eancia nos permitiram abrir portas no mercado de limpeza e higiene, e nossos produtos agora chegam a quatro continentes diferentes e a um total de 32 pa\u00edses. No entanto, a partir da nossa sede, localizada\u2026&nbsp;<a href=\"https:\/\/dermo.com\/pt\/empresa-de-produtos-de-limpeza\/\" rel=\"bookmark\">Ler mais \u00bb<span class=\"screen-reader-text\">Empresa de produtos de limpeza<\/span><\/a><\/p>","protected":false},"author":2,"featured_media":0,"parent":0,"menu_order":0,"comment_status":"closed","ping_status":"closed","template":"page-templates\/template-pagebuilder-full-width.php","meta":{"neve_meta_sidebar":"","neve_meta_container":"","neve_meta_enable_content_width":"","neve_meta_content_width":0,"neve_meta_title_alignment":"","neve_meta_author_avatar":"","neve_post_elements_order":"","neve_meta_disable_header":"","neve_meta_disable_footer":"","neve_meta_disable_title":"","footnotes":""},"class_list":["post-13047","page","type-page","status-publish","hentry"],"yoast_head":"<!-- This site is optimized with the Yoast SEO plugin v27.0 - https:\/\/yoast.com\/product\/yoast-seo-wordpress\/ -->\n<title>Empresa productos de limpieza - Dermo | F\u00e1brica de detergentes<\/title>\n<meta name=\"robots\" content=\"index, follow, max-snippet:-1, max-image-preview:large, max-video-preview:-1\" \/>\n<link rel=\"canonical\" href=\"https:\/\/dermo.com\/pt\/empresa-de-produtos-de-limpeza\/\" \/>\n<meta property=\"og:locale\" content=\"pt_PT\" \/>\n<meta property=\"og:type\" content=\"article\" \/>\n<meta property=\"og:title\" content=\"Empresa productos de limpieza - Dermo | F\u00e1brica de detergentes\" \/>\n<meta property=\"og:description\" content=\"Cada d\u00eda llegando m\u00e1s lejos con nuestra empresa de productos de limpieza Nuestros 30 a\u00f1os de experiencia nos han permitido abrirnos puertas en el mercado de la limpieza y la higiene y conseguir que nuestros productos lleguen ya a cuatro continentes distintos y a un total de 32 pa\u00edses. Sin embargo, desde nuestra central, situada&hellip;&nbsp;Ler mais &raquo;Empresa productos de limpieza\" \/>\n<meta property=\"og:url\" content=\"https:\/\/dermo.com\/pt\/empresa-de-produtos-de-limpeza\/\" \/>\n<meta property=\"og:site_name\" content=\"Dermo | F\u00e1brica de detergentes\" \/>\n<meta property=\"article:modified_time\" content=\"2025-02-19T10:51:01+00:00\" \/>\n<meta name=\"twitter:card\" content=\"summary_large_image\" \/>\n<meta name=\"twitter:label1\" content=\"Tempo estimado de leitura\" \/>\n\t<meta name=\"twitter:data1\" content=\"3 minutos\" \/>\n<script type=\"application\/ld+json\" class=\"yoast-schema-graph\">{\"@context\":\"https:\/\/schema.org\",\"@graph\":[{\"@type\":\"WebPage\",\"@id\":\"https:\/\/dermo.com\/empresa-productos-de-limpieza\/\",\"url\":\"https:\/\/dermo.com\/empresa-productos-de-limpieza\/\",\"name\":\"Empresa productos de limpieza - Dermo | F\u00e1brica de detergentes\",\"isPartOf\":{\"@id\":\"https:\/\/dermo.com\/#website\"},\"datePublished\":\"2025-01-31T10:54:45+00:00\",\"dateModified\":\"2025-02-19T10:51:01+00:00\",\"breadcrumb\":{\"@id\":\"https:\/\/dermo.com\/empresa-productos-de-limpieza\/#breadcrumb\"},\"inLanguage\":\"pt-PT\",\"potentialAction\":[{\"@type\":\"ReadAction\",\"target\":[\"https:\/\/dermo.com\/empresa-productos-de-limpieza\/\"]}]},{\"@type\":\"BreadcrumbList\",\"@id\":\"https:\/\/dermo.com\/empresa-productos-de-limpieza\/#breadcrumb\",\"itemListElement\":[{\"@type\":\"ListItem\",\"position\":1,\"name\":\"Portada\",\"item\":\"https:\/\/dermo.com\/\"},{\"@type\":\"ListItem\",\"position\":2,\"name\":\"Empresa productos de limpieza\"}]},{\"@type\":\"WebSite\",\"@id\":\"https:\/\/dermo.com\/#website\",\"url\":\"https:\/\/dermo.com\/\",\"name\":\"Dermo | F\u00e1brica de detergentes\",\"description\":\"Tecnolog\u00eda avanzada, investigaci\u00f3n y desarrollo, respeto por el medio ambiente, competencia, formaci\u00f3n constante y alto nivel de profesionalidad en nuestro equipo humano, empe\u00f1ado en preservar la calidad de vida, la protecci\u00f3n del entorno natural contin\u00faan motiv\u00e1ndonos para desarrollar en nuestros laboratorios nuevos productos con ingredientes activos altamente biodegradables que hacen posible un desarrollo sostenible.\",\"potentialAction\":[{\"@type\":\"SearchAction\",\"target\":{\"@type\":\"EntryPoint\",\"urlTemplate\":\"https:\/\/dermo.com\/?s={search_term_string}\"},\"query-input\":{\"@type\":\"PropertyValueSpecification\",\"valueRequired\":true,\"valueName\":\"search_term_string\"}}],\"inLanguage\":\"pt-PT\"}]}<\/script>\n<!-- \/ Yoast SEO plugin. -->","yoast_head_json":{"title":"Empresa de produtos de limpeza - Dermo | F\u00e1brica de detergentes","robots":{"index":"index","follow":"follow","max-snippet":"max-snippet:-1","max-image-preview":"max-image-preview:large","max-video-preview":"max-video-preview:-1"},"canonical":"https:\/\/dermo.com\/pt\/empresa-de-produtos-de-limpeza\/","og_locale":"pt_PT","og_type":"article","og_title":"Empresa productos de limpieza - Dermo | F\u00e1brica de detergentes","og_description":"Cada d\u00eda llegando m\u00e1s lejos con nuestra empresa de productos de limpieza Nuestros 30 a\u00f1os de experiencia nos han permitido abrirnos puertas en el mercado de la limpieza y la higiene y conseguir que nuestros productos lleguen ya a cuatro continentes distintos y a un total de 32 pa\u00edses. Sin embargo, desde nuestra central, situada&hellip;&nbsp;Ler mais &raquo;Empresa productos de limpieza","og_url":"https:\/\/dermo.com\/pt\/empresa-de-produtos-de-limpeza\/","og_site_name":"Dermo | F\u00e1brica de detergentes","article_modified_time":"2025-02-19T10:51:01+00:00","twitter_card":"summary_large_image","twitter_misc":{"Tempo estimado de leitura":"3 minutos"},"schema":{"@context":"https:\/\/schema.org","@graph":[{"@type":"WebPage","@id":"https:\/\/dermo.com\/empresa-productos-de-limpieza\/","url":"https:\/\/dermo.com\/empresa-productos-de-limpieza\/","name":"Empresa de produtos de limpeza - Dermo | F\u00e1brica de detergentes","isPartOf":{"@id":"https:\/\/dermo.com\/#website"},"datePublished":"2025-01-31T10:54:45+00:00","dateModified":"2025-02-19T10:51:01+00:00","breadcrumb":{"@id":"https:\/\/dermo.com\/empresa-productos-de-limpieza\/#breadcrumb"},"inLanguage":"pt-PT","potentialAction":[{"@type":"ReadAction","target":["https:\/\/dermo.com\/empresa-productos-de-limpieza\/"]}]},{"@type":"BreadcrumbList","@id":"https:\/\/dermo.com\/empresa-productos-de-limpieza\/#breadcrumb","itemListElement":[{"@type":"ListItem","position":1,"name":"Portada","item":"https:\/\/dermo.com\/"},{"@type":"ListItem","position":2,"name":"Empresa productos de limpieza"}]},{"@type":"WebSite","@id":"https:\/\/dermo.com\/#website","url":"https:\/\/dermo.com\/","name":"Dermo | f\u00e1brica de detergentes","description":"A tecnologia avan\u00e7ada, a investiga\u00e7\u00e3o e desenvolvimento, o respeito pelo ambiente, a compet\u00eancia, a forma\u00e7\u00e3o constante e o elevado n\u00edvel de profissionalismo da nossa equipa humana, comprometida com a preserva\u00e7\u00e3o da qualidade de vida, a protec\u00e7\u00e3o do ambiente natural continuam a motivar-nos a desenvolver novos produtos nos nossos laborat\u00f3rios com princ\u00edpios ativos altamente biodegrad\u00e1veis que possibilitam o desenvolvimento sustent\u00e1vel.","potentialAction":[{"@type":"SearchAction","target":{"@type":"EntryPoint","urlTemplate":"https:\/\/dermo.com\/?s={search_term_string}"},"query-input":{"@type":"PropertyValueSpecification","valueRequired":true,"valueName":"search_term_string"}}],"inLanguage":"pt-PT"}]}},"_links":{"self":[{"href":"https:\/\/dermo.com\/pt\/wp-json\/wp\/v2\/pages\/13047","targetHints":{"allow":["GET"]}}],"collection":[{"href":"https:\/\/dermo.com\/pt\/wp-json\/wp\/v2\/pages"}],"about":[{"href":"https:\/\/dermo.com\/pt\/wp-json\/wp\/v2\/types\/page"}],"author":[{"embeddable":true,"href":"https:\/\/dermo.com\/pt\/wp-json\/wp\/v2\/users\/2"}],"replies":[{"embeddable":true,"href":"https:\/\/dermo.com\/pt\/wp-json\/wp\/v2\/comments?post=13047"}],"version-history":[{"count":7,"href":"https:\/\/dermo.com\/pt\/wp-json\/wp\/v2\/pages\/13047\/revisions"}],"predecessor-version":[{"id":13508,"href":"https:\/\/dermo.com\/pt\/wp-json\/wp\/v2\/pages\/13047\/revisions\/13508"}],"wp:attachment":[{"href":"https:\/\/dermo.com\/pt\/wp-json\/wp\/v2\/media?parent=13047"}],"curies":[{"name":"wp","href":"https:\/\/api.w.org\/{rel}","templated":true}]}}