{"id":13052,"date":"2025-01-31T11:55:03","date_gmt":"2025-01-31T10:55:03","guid":{"rendered":"https:\/\/dermo.com\/?page_id=13052"},"modified":"2025-02-19T11:32:57","modified_gmt":"2025-02-19T10:32:57","slug":"desinfetante-de-piscina","status":"publish","type":"page","link":"https:\/\/dermo.com\/pt\/desinfetante-de-piscina\/","title":{"rendered":"Desinfetante para piscinas"},"content":{"rendered":"<div data-elementor-type=\"wp-page\" data-elementor-id=\"13052\" class=\"elementor elementor-13052\" data-elementor-post-type=\"page\">\n\t\t\t\t\t\t<section class=\"elementor-section elementor-top-section elementor-element elementor-element-8cd28ac elementor-section-boxed elementor-section-height-default elementor-section-height-default\" data-id=\"8cd28ac\" data-element_type=\"section\" data-e-type=\"section\" data-settings=\"{&quot;background_background&quot;:&quot;classic&quot;}\">\n\t\t\t\t\t\t\t<div class=\"elementor-background-overlay\"><\/div>\n\t\t\t\t\t\t\t<div class=\"elementor-container elementor-column-gap-default\">\n\t\t\t\t\t<div class=\"elementor-column elementor-col-100 elementor-top-column elementor-element elementor-element-e30564c\" data-id=\"e30564c\" data-element_type=\"column\" data-e-type=\"column\">\n\t\t\t<div class=\"elementor-widget-wrap elementor-element-populated\">\n\t\t\t\t\t\t\t<\/div>\n\t\t<\/div>\n\t\t\t\t\t<\/div>\n\t\t<\/section>\n\t\t\t\t<section class=\"elementor-section elementor-top-section elementor-element elementor-element-cd56a13 elementor-section-boxed elementor-section-height-default elementor-section-height-default\" data-id=\"cd56a13\" data-element_type=\"section\" data-e-type=\"section\">\n\t\t\t\t\t\t<div class=\"elementor-container elementor-column-gap-default\">\n\t\t\t\t\t<div class=\"elementor-column elementor-col-100 elementor-top-column elementor-element elementor-element-b243585\" data-id=\"b243585\" data-element_type=\"column\" data-e-type=\"column\">\n\t\t\t<div class=\"elementor-widget-wrap elementor-element-populated\">\n\t\t\t\t\t\t<section class=\"elementor-section elementor-inner-section elementor-element elementor-element-3cc2788 elementor-section-content-middle elementor-section-boxed elementor-section-height-default elementor-section-height-default\" data-id=\"3cc2788\" data-element_type=\"section\" data-e-type=\"section\">\n\t\t\t\t\t\t<div class=\"elementor-container elementor-column-gap-default\">\n\t\t\t\t\t<div class=\"elementor-column elementor-col-50 elementor-inner-column elementor-element elementor-element-667483d\" data-id=\"667483d\" data-element_type=\"column\" data-e-type=\"column\">\n\t\t\t<div class=\"elementor-widget-wrap elementor-element-populated\">\n\t\t\t\t\t\t<div class=\"elementor-element elementor-element-f828d94 elementor-widget elementor-widget-text-editor\" data-id=\"f828d94\" data-element_type=\"widget\" data-e-type=\"widget\" data-widget_type=\"text-editor.default\">\n\t\t\t\t<div class=\"elementor-widget-container\">\n\t\t\t\t\t\t\t\t\t<div id=\"lipsum\"><h2>Dermo: F\u00e1brica de desinfetantes para piscinas<\/h2><p>Em\u00a0<strong>Dermo SA<\/strong>\u00a0Desenvolvemos uma ampla gama de produtos\u00a0<strong>desinfetantes para piscinas<\/strong>\u00a0para que voc\u00ea e seus entes queridos possam aproveitar a transpar\u00eancia da \u00e1gua e a seguran\u00e7a de estar longe de bact\u00e9rias e v\u00edrus que podem se espalhar em ambientes aqu\u00e1ticos. Quando enchemos a piscina com\u00a0<strong>\u00e1gua da rede<\/strong>, este j\u00e1 possui um tratamento com produtos qu\u00edmicos para garantir sua potabilidade, por\u00e9m uma vez que tomamos banho nele, muitos res\u00edduos s\u00e3o transmitidos para a \u00e1gua e atrav\u00e9s do ar livre muitos<strong>\u00a0microorganismos\u00a0<\/strong>encontre um lugar seguro para se reproduzir. Para tudo isso \u00e9 necess\u00e1ria a aplica\u00e7\u00e3o de produtos\u00a0<strong>desinfetantes para piscinas.<\/strong><\/p><\/div>\t\t\t\t\t\t\t\t<\/div>\n\t\t\t\t<\/div>\n\t\t\t\t\t<\/div>\n\t\t<\/div>\n\t\t\t\t<div class=\"elementor-column elementor-col-50 elementor-inner-column elementor-element elementor-element-5852430 elementor-invisible\" data-id=\"5852430\" data-element_type=\"column\" data-e-type=\"column\" data-settings=\"{&quot;animation&quot;:&quot;bounceInRight&quot;}\">\n\t\t\t<div class=\"elementor-widget-wrap elementor-element-populated\">\n\t\t\t\t\t\t<div class=\"elementor-element elementor-element-045d132 elementor-widget elementor-widget-elementskit-contact-form7\" data-id=\"045d132\" data-element_type=\"widget\" data-e-type=\"widget\" data-widget_type=\"elementskit-contact-form7.default\">\n\t\t\t\t<div class=\"elementor-widget-container\">\n\t\t\t\t\t<div class=\"ekit-wid-con\" ><div class=\"ekit-form\">\n<div class=\"wpcf7 no-js\" id=\"wpcf7-f13292-p13052-o1\" lang=\"es-ES\" dir=\"ltr\" data-wpcf7-id=\"13292\">\n<div class=\"screen-reader-response\"><p role=\"status\" aria-live=\"polite\" aria-atomic=\"true\"><\/p> <ul><\/ul><\/div>\n<form action=\"\/pt\/desinfetante-de-piscina\/#wpcf7-f13292-p13052-o1\" method=\"post\" class=\"wpcf7-form init\" aria-label=\"Formulario de contacto\" novalidate=\"novalidate\" data-status=\"init\" data-no-translation-aria-label=\"\" data-trp-original-action=\"\/fr\/desinfectante-de-piscinas\/#wpcf7-f13292-p13052-o1\">\n<fieldset class=\"hidden-fields-container\"><input type=\"hidden\" name=\"_wpcf7\" value=\"13292\" \/><input type=\"hidden\" name=\"_wpcf7_version\" value=\"6.1.5\" \/><input type=\"hidden\" name=\"_wpcf7_locale\" value=\"es_ES\" \/><input type=\"hidden\" name=\"_wpcf7_unit_tag\" value=\"wpcf7-f13292-p13052-o1\" \/><input type=\"hidden\" name=\"_wpcf7_container_post\" value=\"13052\" \/><input type=\"hidden\" name=\"_wpcf7_posted_data_hash\" value=\"\" \/><input type=\"hidden\" name=\"_wpcf7_recaptcha_response\" value=\"\" \/>\n<\/fieldset>\n<div style=\"display: flex; gap: 10px;\">\n\t<div style=\"width: 50%;\">\n\t\t<p><span class=\"wpcf7-form-control-wrap\" data-name=\"your-name\"><input size=\"40\" maxlength=\"400\" class=\"wpcf7-form-control wpcf7-text wpcf7-validates-as-required\" aria-required=\"true\" aria-invalid=\"false\" placeholder=\"Nome\" value=\"\" type=\"text\" name=\"your-name\" \/><\/span>\n\t\t<\/p>\n\t<\/div>\n\t<div style=\"width: 50%;\">\n\t\t<p><span class=\"wpcf7-form-control-wrap\" data-name=\"your-phone\"><input size=\"40\" maxlength=\"400\" class=\"wpcf7-form-control wpcf7-tel wpcf7-validates-as-required wpcf7-text wpcf7-validates-as-tel\" aria-required=\"true\" aria-invalid=\"false\" placeholder=\"Telefone\" value=\"\" type=\"tel\" name=\"your-phone\" \/><\/span>\n\t\t<\/p>\n\t<\/div>\n<\/div>\n<p><span class=\"wpcf7-form-control-wrap\" data-name=\"your-email\"><input size=\"40\" maxlength=\"400\" class=\"wpcf7-form-control wpcf7-email wpcf7-validates-as-required wpcf7-text wpcf7-validates-as-email\" aria-required=\"true\" aria-invalid=\"false\" placeholder=\"E-mail\" value=\"\" type=\"email\" name=\"your-email\" \/><\/span>\n<\/p>\n<div style=\"display: flex; gap: 10px;\">\n\t<div style=\"width: 50%;\">\n\t\t<p><span class=\"wpcf7-form-control-wrap\" data-name=\"your-country\"><input size=\"40\" maxlength=\"400\" class=\"wpcf7-form-control wpcf7-text wpcf7-validates-as-required\" aria-required=\"true\" aria-invalid=\"false\" placeholder=\"Pa\u00eds\" value=\"\" type=\"text\" name=\"your-country\" \/><\/span>\n\t\t<\/p>\n\t<\/div>\n\t<div style=\"width: 50%;\">\n\t\t<p><span class=\"wpcf7-form-control-wrap\" data-name=\"your-city\"><input size=\"40\" maxlength=\"400\" class=\"wpcf7-form-control wpcf7-text wpcf7-validates-as-required\" aria-required=\"true\" aria-invalid=\"false\" placeholder=\"Popula\u00e7\u00e3o\" value=\"\" type=\"text\" name=\"your-city\" \/><\/span>\n\t\t<\/p>\n\t<\/div>\n<\/div>\n<p><span class=\"wpcf7-form-control-wrap\" data-name=\"your-subject\"><select class=\"wpcf7-form-control wpcf7-select\" aria-invalid=\"false\" name=\"your-subject\"><option value=\"Quiero ser distribuidor\">Quero ser um distribuidor<\/option><option value=\"Presupuesto\">Or\u00e7amento<\/option><option value=\"Consulta\">Consulta<\/option><option value=\"Sugerencia\">Sugest\u00e3o<\/option><option value=\"Otros\">Outros<\/option><\/select><\/span>\n<\/p>\n<p><span class=\"wpcf7-form-control-wrap\" data-name=\"your-message\"><textarea cols=\"40\" rows=\"10\" maxlength=\"2000\" class=\"wpcf7-form-control wpcf7-textarea\" aria-invalid=\"false\" placeholder=\"Mensagem ou consulta\" name=\"your-message\"><\/textarea><\/span>\n<\/p>\n<div style=\"display: flex; align-items: center; gap: 10px;\">\n\t<p><span class=\"wpcf7-form-control-wrap\" data-name=\"privacy-policy\"><span class=\"wpcf7-form-control wpcf7-acceptance\"><span class=\"wpcf7-list-item\"><input type=\"checkbox\" name=\"privacy-policy\" value=\"1\" aria-invalid=\"false\" \/><\/span><\/span><\/span><label for=\"privacy-policy\" style=\"margin-left: 5px;\">Li e aceito a pol\u00edtica de privacidade.<\/label>\n\t<\/p>\n<\/div>\n<div style=\"display: flex; align-items: center; gap: 10px;\">\n\t<p><span class=\"wpcf7-form-control-wrap\" data-name=\"send-info\"><span class=\"wpcf7-form-control wpcf7-acceptance\"><span class=\"wpcf7-list-item\"><input type=\"checkbox\" name=\"send-info\" value=\"1\" aria-invalid=\"false\" \/><\/span><\/span><\/span><label for=\"send-info\" style=\"margin-left: 5px;\">Concordo em receber informa\u00e7\u00f5es.<\/label>\n\t<\/p>\n<\/div>\n<p><input class=\"wpcf7-form-control wpcf7-submit has-spinner\" type=\"submit\" value=\"Enviar\" \/>\n<\/p><div class=\"wpcf7-response-output\" aria-hidden=\"true\"><\/div>\n<input type=\"hidden\" name=\"trp-form-language\" value=\"pt\"\/><\/form>\n<\/div>\n<\/div><\/div>\t\t\t\t<\/div>\n\t\t\t\t<\/div>\n\t\t\t\t\t<\/div>\n\t\t<\/div>\n\t\t\t\t\t<\/div>\n\t\t<\/section>\n\t\t\t\t<div class=\"elementor-element elementor-element-7caea20 elementor-widget elementor-widget-text-editor\" data-id=\"7caea20\" data-element_type=\"widget\" data-e-type=\"widget\" data-widget_type=\"text-editor.default\">\n\t\t\t\t<div class=\"elementor-widget-container\">\n\t\t\t\t\t\t\t\t\t<p>Entre nossos produtos\u00a0<strong>desinfetantes para piscinas<\/strong>\u00a0N\u00f3s encontramos o\u00a0<strong>Dermo Algina<\/strong>, especialmente formulado para a elimina\u00e7\u00e3o e preven\u00e7\u00e3o de algas na piscina. Seu teor de am\u00f4nio quatern\u00e1rio o torna um eficaz antialgas. \u00c9 totalmente compat\u00edvel com outros produtos qu\u00edmicos para piscinas e \u00e9 aprovado pela Dire\u00e7\u00e3o Geral de Sa\u00fade P\u00fablica, como todos os nossos produtos. A dose inicial para iniciar o tratamento \u00e9 de 4 litros do produto para cada 100.000 litros de \u00e1gua, a dose de manuten\u00e7\u00e3o ser\u00e1 de 1,25 litros de\u00a0<strong>Dermo Algina<\/strong>\u00a0toda semana ou quinzena.<\/p><p>Mas se al\u00e9m de eliminar o problema das algas, queremos um produto\u00a0<strong>desinfetante de piscina<\/strong>,\u00a0<strong>Dermocloro Complexo Granulado<\/strong>\u00a0\u00e9 o produto certo. Com seu uso n\u00e3o precisaremos utilizar nenhum outro produto na \u00e1gua, pois ele mant\u00e9m os n\u00edveis corretos de cloro e pH. O tratamento de choque consiste em despejar 20 gramas de \u00e1gua por metro c\u00fabico. Para manuten\u00e7\u00e3o, ser\u00e1 suficiente aplicar 2 gramas por semana. Por ser um produto em p\u00f3, recomenda-se que o utilizemos previamente dilu\u00eddo em um balde de \u00e1gua. Com as mesmas caracter\u00edsticas colocamos \u00e0 sua disposi\u00e7\u00e3o o\u00a0<strong>Pastilhas desinfetantes para piscinas Dermochlor Complex,<\/strong>\u00a0Igualmente eficaz contra algas e outros microrganismos presentes em piscinas, com especial cuidado para superf\u00edcies de liner, poli\u00e9ster, vinil ou pintadas.<\/p><p>Por fim, desenvolvemos produtos especialmente para controlar o pH da \u00e1gua.\u00a0<strong>PH+<\/strong>\u00a0e\u00a0<strong>PH-<\/strong>, ambos em formato l\u00edquido. O primeiro \u00e9 respons\u00e1vel por aumentar o pH da \u00e1gua para que ela atinja a alcalinidade adequada para a pele, e o segundo tem o efeito oposto, ou seja, diminui o pH.Princ\u00edpio da forma<\/p>\t\t\t\t\t\t\t\t<\/div>\n\t\t\t\t<\/div>\n\t\t\t\t\t<\/div>\n\t\t<\/div>\n\t\t\t\t\t<\/div>\n\t\t<\/section>\n\t\t\t\t<section class=\"elementor-section elementor-top-section elementor-element elementor-element-cffe24c elementor-section-full_width elementor-section-height-default elementor-section-height-default elementor-invisible\" data-id=\"cffe24c\" data-element_type=\"section\" data-e-type=\"section\" data-settings=\"{&quot;animation&quot;:&quot;slideInUp&quot;}\">\n\t\t\t\t\t\t<div class=\"elementor-container elementor-column-gap-default\">\n\t\t\t\t\t<div class=\"elementor-column elementor-col-100 elementor-top-column elementor-element elementor-element-1bd0fdf\" data-id=\"1bd0fdf\" data-element_type=\"column\" data-e-type=\"column\">\n\t\t\t<div class=\"elementor-widget-wrap elementor-element-populated\">\n\t\t\t\t\t\t<div class=\"elementor-element elementor-element-16ee2f8 elementor-widget elementor-widget-google_maps\" data-id=\"16ee2f8\" data-element_type=\"widget\" data-e-type=\"widget\" data-widget_type=\"google_maps.default\">\n\t\t\t\t<div class=\"elementor-widget-container\">\n\t\t\t\t\t\t\t<div class=\"elementor-custom-embed\">\n\t\t\t<iframe loading=\"lazy\"\n\t\t\t\t\tsrc=\"https:\/\/maps.google.com\/maps?q=C%2F%20Pintor%20Joan%20Miro%2C%2016.%20Pol.%20Ind.%20Can%20Humet%20de%20Dalt%2C%2008213%20Poliny%C3%A0.%20Barcelona&#038;t=m&#038;z=15&#038;output=embed&#038;iwloc=near\"\n\t\t\t\t\ttitle=\"C\/ Pintor Joan Miro, 16. Pol. Ind. Can Humet de Dalt, 08213 Poliny\u00e0. Barcelona\"\n\t\t\t\t\taria-label=\"C\/ Pintor Joan Miro, 16. Pol. Ind. Can Humet de Dalt, 08213 Poliny\u00e0. Barcelona\"\n\t\t\t><\/iframe>\n\t\t<\/div>\n\t\t\t\t\t\t<\/div>\n\t\t\t\t<\/div>\n\t\t\t\t\t<\/div>\n\t\t<\/div>\n\t\t\t\t\t<\/div>\n\t\t<\/section>\n\t\t\t\t<\/div>","protected":false},"excerpt":{"rendered":"<p>Dermo: F\u00e1brica de Desinfetantes para Piscinas Na Dermo SA, desenvolvemos uma ampla gama de produtos desinfetantes para piscinas para que voc\u00ea e sua fam\u00edlia possam desfrutar de \u00e1gua cristalina e da seguran\u00e7a de estar longe de bact\u00e9rias e v\u00edrus que podem se espalhar em ambientes aqu\u00e1ticos. Quando enchemos a piscina com \u00e1gua da torneira, ela j\u00e1 est\u00e1...&nbsp;<a href=\"https:\/\/dermo.com\/pt\/desinfetante-de-piscina\/\" rel=\"bookmark\">Ler mais \u00bb<span class=\"screen-reader-text\">Desinfetante para piscinas<\/span><\/a><\/p>","protected":false},"author":2,"featured_media":0,"parent":0,"menu_order":0,"comment_status":"closed","ping_status":"closed","template":"page-templates\/template-pagebuilder-full-width.php","meta":{"neve_meta_sidebar":"","neve_meta_container":"","neve_meta_enable_content_width":"","neve_meta_content_width":0,"neve_meta_title_alignment":"","neve_meta_author_avatar":"","neve_post_elements_order":"","neve_meta_disable_header":"","neve_meta_disable_footer":"","neve_meta_disable_title":"","footnotes":""},"class_list":["post-13052","page","type-page","status-publish","hentry"],"yoast_head":"<!-- This site is optimized with the Yoast SEO plugin v27.0 - https:\/\/yoast.com\/product\/yoast-seo-wordpress\/ -->\n<title>Desinfectante de piscinas - Dermo | F\u00e1brica de detergentes<\/title>\n<meta name=\"robots\" content=\"index, follow, max-snippet:-1, max-image-preview:large, max-video-preview:-1\" \/>\n<link rel=\"canonical\" href=\"https:\/\/dermo.com\/pt\/desinfetante-de-piscina\/\" \/>\n<meta property=\"og:locale\" content=\"pt_PT\" \/>\n<meta property=\"og:type\" content=\"article\" \/>\n<meta property=\"og:title\" content=\"Desinfectante de piscinas - Dermo | F\u00e1brica de detergentes\" \/>\n<meta property=\"og:description\" content=\"Dermo: F\u00e1brica de\u00a0desinfectantes de piscinas En\u00a0Dermo S.A.\u00a0hemos elaborado una amplia gama de productos\u00a0desinfectantes de piscinas\u00a0para que puedas disfrutar, t\u00fa y los tuyos, de la transparencia del agua y de la seguridad de estar lejos de bacterias y virus que se pueden propagar en medios acuosos. Cuando llenamos la piscina con\u00a0agua de la red, \u00e9sta ya&hellip;&nbsp;Ler mais &raquo;Desinfectante de piscinas\" \/>\n<meta property=\"og:url\" content=\"https:\/\/dermo.com\/pt\/desinfetante-de-piscina\/\" \/>\n<meta property=\"og:site_name\" content=\"Dermo | F\u00e1brica de detergentes\" \/>\n<meta property=\"article:modified_time\" content=\"2025-02-19T10:32:57+00:00\" \/>\n<meta name=\"twitter:card\" content=\"summary_large_image\" \/>\n<meta name=\"twitter:label1\" content=\"Tempo estimado de leitura\" \/>\n\t<meta name=\"twitter:data1\" content=\"2 minutos\" \/>\n<script type=\"application\/ld+json\" class=\"yoast-schema-graph\">{\"@context\":\"https:\/\/schema.org\",\"@graph\":[{\"@type\":\"WebPage\",\"@id\":\"https:\/\/dermo.com\/desinfectante-de-piscinas\/\",\"url\":\"https:\/\/dermo.com\/desinfectante-de-piscinas\/\",\"name\":\"Desinfectante de piscinas - Dermo | F\u00e1brica de detergentes\",\"isPartOf\":{\"@id\":\"https:\/\/dermo.com\/#website\"},\"datePublished\":\"2025-01-31T10:55:03+00:00\",\"dateModified\":\"2025-02-19T10:32:57+00:00\",\"breadcrumb\":{\"@id\":\"https:\/\/dermo.com\/desinfectante-de-piscinas\/#breadcrumb\"},\"inLanguage\":\"pt-PT\",\"potentialAction\":[{\"@type\":\"ReadAction\",\"target\":[\"https:\/\/dermo.com\/desinfectante-de-piscinas\/\"]}]},{\"@type\":\"BreadcrumbList\",\"@id\":\"https:\/\/dermo.com\/desinfectante-de-piscinas\/#breadcrumb\",\"itemListElement\":[{\"@type\":\"ListItem\",\"position\":1,\"name\":\"Portada\",\"item\":\"https:\/\/dermo.com\/\"},{\"@type\":\"ListItem\",\"position\":2,\"name\":\"Desinfectante de piscinas\"}]},{\"@type\":\"WebSite\",\"@id\":\"https:\/\/dermo.com\/#website\",\"url\":\"https:\/\/dermo.com\/\",\"name\":\"Dermo | F\u00e1brica de detergentes\",\"description\":\"Tecnolog\u00eda avanzada, investigaci\u00f3n y desarrollo, respeto por el medio ambiente, competencia, formaci\u00f3n constante y alto nivel de profesionalidad en nuestro equipo humano, empe\u00f1ado en preservar la calidad de vida, la protecci\u00f3n del entorno natural contin\u00faan motiv\u00e1ndonos para desarrollar en nuestros laboratorios nuevos productos con ingredientes activos altamente biodegradables que hacen posible un desarrollo sostenible.\",\"potentialAction\":[{\"@type\":\"SearchAction\",\"target\":{\"@type\":\"EntryPoint\",\"urlTemplate\":\"https:\/\/dermo.com\/?s={search_term_string}\"},\"query-input\":{\"@type\":\"PropertyValueSpecification\",\"valueRequired\":true,\"valueName\":\"search_term_string\"}}],\"inLanguage\":\"pt-PT\"}]}<\/script>\n<!-- \/ Yoast SEO plugin. -->","yoast_head_json":{"title":"Desinfetante para piscinas - Dermo | F\u00e1brica de detergentes","robots":{"index":"index","follow":"follow","max-snippet":"max-snippet:-1","max-image-preview":"max-image-preview:large","max-video-preview":"max-video-preview:-1"},"canonical":"https:\/\/dermo.com\/pt\/desinfetante-de-piscina\/","og_locale":"pt_PT","og_type":"article","og_title":"Desinfectante de piscinas - Dermo | F\u00e1brica de detergentes","og_description":"Dermo: F\u00e1brica de\u00a0desinfectantes de piscinas En\u00a0Dermo S.A.\u00a0hemos elaborado una amplia gama de productos\u00a0desinfectantes de piscinas\u00a0para que puedas disfrutar, t\u00fa y los tuyos, de la transparencia del agua y de la seguridad de estar lejos de bacterias y virus que se pueden propagar en medios acuosos. Cuando llenamos la piscina con\u00a0agua de la red, \u00e9sta ya&hellip;&nbsp;Ler mais &raquo;Desinfectante de piscinas","og_url":"https:\/\/dermo.com\/pt\/desinfetante-de-piscina\/","og_site_name":"Dermo | F\u00e1brica de detergentes","article_modified_time":"2025-02-19T10:32:57+00:00","twitter_card":"summary_large_image","twitter_misc":{"Tempo estimado de leitura":"2 minutos"},"schema":{"@context":"https:\/\/schema.org","@graph":[{"@type":"WebPage","@id":"https:\/\/dermo.com\/desinfectante-de-piscinas\/","url":"https:\/\/dermo.com\/desinfectante-de-piscinas\/","name":"Desinfetante para piscinas - Dermo | F\u00e1brica de detergentes","isPartOf":{"@id":"https:\/\/dermo.com\/#website"},"datePublished":"2025-01-31T10:55:03+00:00","dateModified":"2025-02-19T10:32:57+00:00","breadcrumb":{"@id":"https:\/\/dermo.com\/desinfectante-de-piscinas\/#breadcrumb"},"inLanguage":"pt-PT","potentialAction":[{"@type":"ReadAction","target":["https:\/\/dermo.com\/desinfectante-de-piscinas\/"]}]},{"@type":"BreadcrumbList","@id":"https:\/\/dermo.com\/desinfectante-de-piscinas\/#breadcrumb","itemListElement":[{"@type":"ListItem","position":1,"name":"Portada","item":"https:\/\/dermo.com\/"},{"@type":"ListItem","position":2,"name":"Desinfectante de piscinas"}]},{"@type":"WebSite","@id":"https:\/\/dermo.com\/#website","url":"https:\/\/dermo.com\/","name":"Dermo | f\u00e1brica de detergentes","description":"A tecnologia avan\u00e7ada, a investiga\u00e7\u00e3o e desenvolvimento, o respeito pelo ambiente, a compet\u00eancia, a forma\u00e7\u00e3o constante e o elevado n\u00edvel de profissionalismo da nossa equipa humana, comprometida com a preserva\u00e7\u00e3o da qualidade de vida, a protec\u00e7\u00e3o do ambiente natural continuam a motivar-nos a desenvolver novos produtos nos nossos laborat\u00f3rios com princ\u00edpios ativos altamente biodegrad\u00e1veis que possibilitam o desenvolvimento sustent\u00e1vel.","potentialAction":[{"@type":"SearchAction","target":{"@type":"EntryPoint","urlTemplate":"https:\/\/dermo.com\/?s={search_term_string}"},"query-input":{"@type":"PropertyValueSpecification","valueRequired":true,"valueName":"search_term_string"}}],"inLanguage":"pt-PT"}]}},"_links":{"self":[{"href":"https:\/\/dermo.com\/pt\/wp-json\/wp\/v2\/pages\/13052","targetHints":{"allow":["GET"]}}],"collection":[{"href":"https:\/\/dermo.com\/pt\/wp-json\/wp\/v2\/pages"}],"about":[{"href":"https:\/\/dermo.com\/pt\/wp-json\/wp\/v2\/types\/page"}],"author":[{"embeddable":true,"href":"https:\/\/dermo.com\/pt\/wp-json\/wp\/v2\/users\/2"}],"replies":[{"embeddable":true,"href":"https:\/\/dermo.com\/pt\/wp-json\/wp\/v2\/comments?post=13052"}],"version-history":[{"count":6,"href":"https:\/\/dermo.com\/pt\/wp-json\/wp\/v2\/pages\/13052\/revisions"}],"predecessor-version":[{"id":13404,"href":"https:\/\/dermo.com\/pt\/wp-json\/wp\/v2\/pages\/13052\/revisions\/13404"}],"wp:attachment":[{"href":"https:\/\/dermo.com\/pt\/wp-json\/wp\/v2\/media?parent=13052"}],"curies":[{"name":"wp","href":"https:\/\/api.w.org\/{rel}","templated":true}]}}