{"id":13067,"date":"2025-01-31T11:58:29","date_gmt":"2025-01-31T10:58:29","guid":{"rendered":"https:\/\/dermo.com\/?page_id=13067"},"modified":"2025-02-19T11:58:50","modified_gmt":"2025-02-19T10:58:50","slug":"esfregar","status":"publish","type":"page","link":"https:\/\/dermo.com\/pt\/esfregar\/","title":{"rendered":"Esfregar"},"content":{"rendered":"<div data-elementor-type=\"wp-page\" data-elementor-id=\"13067\" class=\"elementor elementor-13067\" data-elementor-post-type=\"page\">\n\t\t\t\t\t\t<section class=\"elementor-section elementor-top-section elementor-element elementor-element-81cb246 elementor-section-boxed elementor-section-height-default elementor-section-height-default\" data-id=\"81cb246\" data-element_type=\"section\" data-e-type=\"section\" data-settings=\"{&quot;background_background&quot;:&quot;classic&quot;}\">\n\t\t\t\t\t\t\t<div class=\"elementor-background-overlay\"><\/div>\n\t\t\t\t\t\t\t<div class=\"elementor-container elementor-column-gap-default\">\n\t\t\t\t\t<div class=\"elementor-column elementor-col-100 elementor-top-column elementor-element elementor-element-90ce240\" data-id=\"90ce240\" data-element_type=\"column\" data-e-type=\"column\">\n\t\t\t<div class=\"elementor-widget-wrap elementor-element-populated\">\n\t\t\t\t\t\t\t<\/div>\n\t\t<\/div>\n\t\t\t\t\t<\/div>\n\t\t<\/section>\n\t\t\t\t<section class=\"elementor-section elementor-top-section elementor-element elementor-element-8e50f86 elementor-section-boxed elementor-section-height-default elementor-section-height-default\" data-id=\"8e50f86\" data-element_type=\"section\" data-e-type=\"section\">\n\t\t\t\t\t\t<div class=\"elementor-container elementor-column-gap-default\">\n\t\t\t\t\t<div class=\"elementor-column elementor-col-100 elementor-top-column elementor-element elementor-element-9c3e47a\" data-id=\"9c3e47a\" data-element_type=\"column\" data-e-type=\"column\">\n\t\t\t<div class=\"elementor-widget-wrap elementor-element-populated\">\n\t\t\t\t\t\t<section class=\"elementor-section elementor-inner-section elementor-element elementor-element-66bd02e elementor-section-content-middle elementor-section-boxed elementor-section-height-default elementor-section-height-default\" data-id=\"66bd02e\" data-element_type=\"section\" data-e-type=\"section\">\n\t\t\t\t\t\t<div class=\"elementor-container elementor-column-gap-default\">\n\t\t\t\t\t<div class=\"elementor-column elementor-col-50 elementor-inner-column elementor-element elementor-element-23299db\" data-id=\"23299db\" data-element_type=\"column\" data-e-type=\"column\">\n\t\t\t<div class=\"elementor-widget-wrap elementor-element-populated\">\n\t\t\t\t\t\t<div class=\"elementor-element elementor-element-9466f9a elementor-widget elementor-widget-text-editor\" data-id=\"9466f9a\" data-element_type=\"widget\" data-e-type=\"widget\" data-widget_type=\"text-editor.default\">\n\t\t\t\t<div class=\"elementor-widget-container\">\n\t\t\t\t\t\t\t\t\t<div id=\"lipsum\"><h2>Dermo: Limpador de piso<\/h2><p>Na Dermo voc\u00ea encontra todo tipo de\u00a0<strong>esfregar<\/strong>\u00a0para realizar uma limpeza profissional e espec\u00edfica, obtendo um resultado eficaz e duradouro. Todos eles t\u00eam um alto e eficaz poder detergente e oferecem diferentes tipos de aromas, pois queremos que cada cliente possa escolher um produto com o qual se identifique, tanto pela sua efic\u00e1cia como pelo seu cheiro. Na Dermo voc\u00ea encontra\u00a0<strong>esfregar<\/strong>\u00a0Muito eficazes, eles criam um brilho natural no piso, deixando-o impecavelmente limpo por dias e ainda proporcionam um aroma agrad\u00e1vel que permeia todo o ambiente.<\/p><p>Hoje queremos falar com voc\u00eas sobre as caracter\u00edsticas de cada um dos nossos\u00a0<strong>esfregar<\/strong>, para que voc\u00ea conhe\u00e7a todos os detalhes e possa escolher o que mais lhe agrada, comparando todas as possibilidades que oferecemos na Dermo.<\/p><\/div>\t\t\t\t\t\t\t\t<\/div>\n\t\t\t\t<\/div>\n\t\t\t\t\t<\/div>\n\t\t<\/div>\n\t\t\t\t<div class=\"elementor-column elementor-col-50 elementor-inner-column elementor-element elementor-element-ffc707a elementor-invisible\" data-id=\"ffc707a\" data-element_type=\"column\" data-e-type=\"column\" data-settings=\"{&quot;animation&quot;:&quot;bounceInRight&quot;}\">\n\t\t\t<div class=\"elementor-widget-wrap elementor-element-populated\">\n\t\t\t\t\t\t<div class=\"elementor-element elementor-element-36cea6e elementor-widget__width-initial elementor-widget elementor-widget-elementskit-contact-form7\" data-id=\"36cea6e\" data-element_type=\"widget\" data-e-type=\"widget\" data-widget_type=\"elementskit-contact-form7.default\">\n\t\t\t\t<div class=\"elementor-widget-container\">\n\t\t\t\t\t<div class=\"ekit-wid-con\" ><div class=\"ekit-form\">\n<div class=\"wpcf7 no-js\" id=\"wpcf7-f13292-p13067-o1\" lang=\"es-ES\" dir=\"ltr\" data-wpcf7-id=\"13292\">\n<div class=\"screen-reader-response\"><p role=\"status\" aria-live=\"polite\" aria-atomic=\"true\"><\/p> <ul><\/ul><\/div>\n<form action=\"\/pt\/esfregar\/#wpcf7-f13292-p13067-o1\" method=\"post\" class=\"wpcf7-form init\" aria-label=\"Formulario de contacto\" novalidate=\"novalidate\" data-status=\"init\" data-no-translation-aria-label=\"\" data-trp-original-action=\"\/en\/fregasuelos\/#wpcf7-f13292-p13067-o1\">\n<fieldset class=\"hidden-fields-container\"><input type=\"hidden\" name=\"_wpcf7\" value=\"13292\" \/><input type=\"hidden\" name=\"_wpcf7_version\" value=\"6.1.5\" \/><input type=\"hidden\" name=\"_wpcf7_locale\" value=\"es_ES\" \/><input type=\"hidden\" name=\"_wpcf7_unit_tag\" value=\"wpcf7-f13292-p13067-o1\" \/><input type=\"hidden\" name=\"_wpcf7_container_post\" value=\"13067\" \/><input type=\"hidden\" name=\"_wpcf7_posted_data_hash\" value=\"\" \/><input type=\"hidden\" name=\"_wpcf7_recaptcha_response\" value=\"\" \/>\n<\/fieldset>\n<div style=\"display: flex; gap: 10px;\">\n\t<div style=\"width: 50%;\">\n\t\t<p><span class=\"wpcf7-form-control-wrap\" data-name=\"your-name\"><input size=\"40\" maxlength=\"400\" class=\"wpcf7-form-control wpcf7-text wpcf7-validates-as-required\" aria-required=\"true\" aria-invalid=\"false\" placeholder=\"Nome\" value=\"\" type=\"text\" name=\"your-name\" \/><\/span>\n\t\t<\/p>\n\t<\/div>\n\t<div style=\"width: 50%;\">\n\t\t<p><span class=\"wpcf7-form-control-wrap\" data-name=\"your-phone\"><input size=\"40\" maxlength=\"400\" class=\"wpcf7-form-control wpcf7-tel wpcf7-validates-as-required wpcf7-text wpcf7-validates-as-tel\" aria-required=\"true\" aria-invalid=\"false\" placeholder=\"Telefone\" value=\"\" type=\"tel\" name=\"your-phone\" \/><\/span>\n\t\t<\/p>\n\t<\/div>\n<\/div>\n<p><span class=\"wpcf7-form-control-wrap\" data-name=\"your-email\"><input size=\"40\" maxlength=\"400\" class=\"wpcf7-form-control wpcf7-email wpcf7-validates-as-required wpcf7-text wpcf7-validates-as-email\" aria-required=\"true\" aria-invalid=\"false\" placeholder=\"E-mail\" value=\"\" type=\"email\" name=\"your-email\" \/><\/span>\n<\/p>\n<div style=\"display: flex; gap: 10px;\">\n\t<div style=\"width: 50%;\">\n\t\t<p><span class=\"wpcf7-form-control-wrap\" data-name=\"your-country\"><input size=\"40\" maxlength=\"400\" class=\"wpcf7-form-control wpcf7-text wpcf7-validates-as-required\" aria-required=\"true\" aria-invalid=\"false\" placeholder=\"Pa\u00eds\" value=\"\" type=\"text\" name=\"your-country\" \/><\/span>\n\t\t<\/p>\n\t<\/div>\n\t<div style=\"width: 50%;\">\n\t\t<p><span class=\"wpcf7-form-control-wrap\" data-name=\"your-city\"><input size=\"40\" maxlength=\"400\" class=\"wpcf7-form-control wpcf7-text wpcf7-validates-as-required\" aria-required=\"true\" aria-invalid=\"false\" placeholder=\"Popula\u00e7\u00e3o\" value=\"\" type=\"text\" name=\"your-city\" \/><\/span>\n\t\t<\/p>\n\t<\/div>\n<\/div>\n<p><span class=\"wpcf7-form-control-wrap\" data-name=\"your-subject\"><select class=\"wpcf7-form-control wpcf7-select\" aria-invalid=\"false\" name=\"your-subject\"><option value=\"Quiero ser distribuidor\">Quero ser um distribuidor<\/option><option value=\"Presupuesto\">Or\u00e7amento<\/option><option value=\"Consulta\">Consulta<\/option><option value=\"Sugerencia\">Sugest\u00e3o<\/option><option value=\"Otros\">Outros<\/option><\/select><\/span>\n<\/p>\n<p><span class=\"wpcf7-form-control-wrap\" data-name=\"your-message\"><textarea cols=\"40\" rows=\"10\" maxlength=\"2000\" class=\"wpcf7-form-control wpcf7-textarea\" aria-invalid=\"false\" placeholder=\"Mensagem ou consulta\" name=\"your-message\"><\/textarea><\/span>\n<\/p>\n<div style=\"display: flex; align-items: center; gap: 10px;\">\n\t<p><span class=\"wpcf7-form-control-wrap\" data-name=\"privacy-policy\"><span class=\"wpcf7-form-control wpcf7-acceptance\"><span class=\"wpcf7-list-item\"><input type=\"checkbox\" name=\"privacy-policy\" value=\"1\" aria-invalid=\"false\" \/><\/span><\/span><\/span><label for=\"privacy-policy\" style=\"margin-left: 5px;\">Li e aceito a pol\u00edtica de privacidade.<\/label>\n\t<\/p>\n<\/div>\n<div style=\"display: flex; align-items: center; gap: 10px;\">\n\t<p><span class=\"wpcf7-form-control-wrap\" data-name=\"send-info\"><span class=\"wpcf7-form-control wpcf7-acceptance\"><span class=\"wpcf7-list-item\"><input type=\"checkbox\" name=\"send-info\" value=\"1\" aria-invalid=\"false\" \/><\/span><\/span><\/span><label for=\"send-info\" style=\"margin-left: 5px;\">Concordo em receber informa\u00e7\u00f5es.<\/label>\n\t<\/p>\n<\/div>\n<p><input class=\"wpcf7-form-control wpcf7-submit has-spinner\" type=\"submit\" value=\"Enviar\" \/>\n<\/p><div class=\"wpcf7-response-output\" aria-hidden=\"true\"><\/div>\n<input type=\"hidden\" name=\"trp-form-language\" value=\"pt\"\/><\/form>\n<\/div>\n<\/div><\/div>\t\t\t\t<\/div>\n\t\t\t\t<\/div>\n\t\t\t\t\t<\/div>\n\t\t<\/div>\n\t\t\t\t\t<\/div>\n\t\t<\/section>\n\t\t\t\t<div class=\"elementor-element elementor-element-63dd2c5 elementor-widget elementor-widget-text-editor\" data-id=\"63dd2c5\" data-element_type=\"widget\" data-e-type=\"widget\" data-widget_type=\"text-editor.default\">\n\t\t\t\t<div class=\"elementor-widget-container\">\n\t\t\t\t\t\t\t\t\t<div class=\"wpb_column vc_column_container vc_col-sm-6\"><div class=\"vc_column-inner\"><div class=\"wpb_wrapper\"><div class=\"wpb_text_column wpb_content_element  texto\"><div class=\"wpb_wrapper\"><p><a href=\"https:\/\/dermo.com\/pt\/catalogo\/es\/tratamento-do-solo\/98-star-gres-pino.html\/?search_query=fregasuelos&amp;results=10\">Pinho Gr\u00e9s Estrela<\/a>\u00a0\u00e9 um dos nossos\u00a0<strong>esfregar\u00a0<\/strong>estrela, pois \u00e9 um detergente l\u00edquido especialmente desenvolvido para limpeza de superf\u00edcies de gr\u00e9s, cer\u00e2mica e azulejos. Perfuma o ambiente e deixa um brilho natural no piso.<\/p><p><a href=\"https:\/\/dermo.com\/pt\/catalogo\/es\/tratamento-do-solo\/97-super-swing.html\/?search_query=fregasuelos&amp;results=10\">Super balan\u00e7o<\/a>, \u00e9 outro dos nossos produtos, neste caso \u00e9 um detergente l\u00edquido neutro preparado para a manuten\u00e7\u00e3o e limpeza de pisos de m\u00e1rmore, parquet, sint\u00e9ticos, etc.<\/p><p>Outro dos nossos produtos \u00e9\u00a0<a href=\"https:\/\/dermo.com\/pt\/catalogo\/es\/tratamento-do-solo\/96-star-gres.html\/?search_query=fregasuelos&amp;results=10\">Gr\u00e9s Estrela<\/a>, um detergente l\u00edquido que deixar\u00e1 o piso brilhante, perfumado e sem deixar marcas.<\/p><p><a href=\"https:\/\/dermo.com\/pt\/catalogo\/es\/comecar\/157-f-80-eucalipto-fregasuelos.html\/?search_query=fregasuelos&amp;results=10\">F 80 Eucalipto<\/a>, como o pr\u00f3prio nome sugere, deixa um aroma agrad\u00e1vel e fresco de eucalipto no ch\u00e3o, que se espalha por todo o ambiente e cria um ambiente higi\u00eanico e refrescante. \u00c9 um limpador de piso muito eficaz e de secagem r\u00e1pida que preserva o brilho natural do piso. Pode ser usado em superf\u00edcies lav\u00e1veis, como vinil, cer\u00e2mica, borracha, m\u00e1rmore, PVC, etc.\u00a0<a href=\"https:\/\/dermo.com\/pt\/catalogo\/es\/tratamento-do-solo\/155-f-80-cherry-fregasuelos.html\/?search_query=fregasuelos&amp;results=10\">F 80 Cereja<\/a>\u00a0Ele desempenha a mesma fun\u00e7\u00e3o do F 80 Eucalyptus, mas deixa um aroma agrad\u00e1vel e doce de cereja.<\/p><p>E para uma limpeza intensa recomendamos o\u00a0<a href=\"https:\/\/dermo.com\/pt\/catalogo\/es\/tratamento-do-solo\/95-f80intense.html\/?search_query=fregasuelos&amp;results=10\">F 80 Intenso<\/a>, que possui alto poder detergente e clareia naturalmente. Pode ser usado em todos os tipos de pisos e deixa um aroma agrad\u00e1vel e duradouro.<\/p><p>Com uma cor p\u00farpura intensa apresenta-se\u00a0<a href=\"https:\/\/dermo.com\/pt\/catalogo\/es\/tratamento-do-solo\/94-f200.html\/\">F 200,<\/a>\u00a0um produto de limpeza eficaz com alto poder detergente que brilha naturalmente e pode ser usado em todos os tipos de pisos. Ele tamb\u00e9m proporciona um aroma muito agrad\u00e1vel no ambiente em que foi utilizado.<\/p><p><a href=\"https:\/\/dermo.com\/pt\/catalogo\/es\/tratamento-do-solo\/93-f80flower.html\/?search_query=fregasuelos&amp;results=10\">F 80 Flor<\/a>\u00a0Ela deixa um aroma primaveril de flores no ch\u00e3o e no ar, que dura horas. \u00c9 tamb\u00e9m um produto muito eficaz, com alto poder detergente e \u00e9 um clareador natural.<\/p><p>E finalmente falamos sobre\u00a0\u00a0<a href=\"https:\/\/dermo.com\/pt\/catalogo\/es\/tratamento-do-solo\/92-f80apple.html\/?search_query=fregasuelos&amp;results=10\">F 80 Lim\u00e3o<\/a>, um\u00a0<strong>esfregar<\/strong>\u00a0produto de limpeza profissional que proporciona brilho natural em qualquer tipo de piso e possui grande poder detergente. O aroma de lim\u00e3o proporciona uma sensa\u00e7\u00e3o de limpeza e frescor que dura o dia todo.<\/p><\/div><\/div><\/div><\/div><\/div><div class=\"wpb_column vc_column_container vc_col-sm-6\"><div class=\"vc_column-inner\"><div class=\"wpb_wrapper\"><div class=\"vision-contentbox\">\u00a0<\/div><\/div><\/div><\/div>\t\t\t\t\t\t\t\t<\/div>\n\t\t\t\t<\/div>\n\t\t\t\t\t<\/div>\n\t\t<\/div>\n\t\t\t\t\t<\/div>\n\t\t<\/section>\n\t\t\t\t<section class=\"elementor-section elementor-top-section elementor-element elementor-element-9117fb8 elementor-section-full_width elementor-section-height-default elementor-section-height-default elementor-invisible\" data-id=\"9117fb8\" data-element_type=\"section\" data-e-type=\"section\" data-settings=\"{&quot;animation&quot;:&quot;slideInUp&quot;}\">\n\t\t\t\t\t\t<div class=\"elementor-container elementor-column-gap-default\">\n\t\t\t\t\t<div class=\"elementor-column elementor-col-100 elementor-top-column elementor-element elementor-element-4cb5f15\" data-id=\"4cb5f15\" data-element_type=\"column\" data-e-type=\"column\">\n\t\t\t<div class=\"elementor-widget-wrap elementor-element-populated\">\n\t\t\t\t\t\t<div class=\"elementor-element elementor-element-01e92bb elementor-widget elementor-widget-google_maps\" data-id=\"01e92bb\" data-element_type=\"widget\" data-e-type=\"widget\" data-widget_type=\"google_maps.default\">\n\t\t\t\t<div class=\"elementor-widget-container\">\n\t\t\t\t\t\t\t<div class=\"elementor-custom-embed\">\n\t\t\t<iframe loading=\"lazy\"\n\t\t\t\t\tsrc=\"https:\/\/maps.google.com\/maps?q=C%2F%20Pintor%20Joan%20Miro%2C%2016.%20Pol.%20Ind.%20Can%20Humet%20de%20Dalt%2C%2008213%20Poliny%C3%A0.%20Barcelona&#038;t=m&#038;z=15&#038;output=embed&#038;iwloc=near\"\n\t\t\t\t\ttitle=\"C\/ Pintor Joan Miro, 16. Pol. Ind. Can Humet de Dalt, 08213 Poliny\u00e0. Barcelona\"\n\t\t\t\t\taria-label=\"C\/ Pintor Joan Miro, 16. Pol. Ind. Can Humet de Dalt, 08213 Poliny\u00e0. Barcelona\"\n\t\t\t><\/iframe>\n\t\t<\/div>\n\t\t\t\t\t\t<\/div>\n\t\t\t\t<\/div>\n\t\t\t\t\t<\/div>\n\t\t<\/div>\n\t\t\t\t\t<\/div>\n\t\t<\/section>\n\t\t\t\t<\/div>","protected":false},"excerpt":{"rendered":"<p>Dermo: Limpadores de Pisos. Na Dermo, voc\u00ea encontra todos os tipos de limpadores de pisos para uma limpeza profissional e direcionada, alcan\u00e7ando resultados eficazes e duradouros. Todos eles apresentam alto poder de limpeza eficaz e est\u00e3o dispon\u00edveis em uma variedade de aromas, pois queremos que cada cliente possa escolher um produto com o qual se identifique, tanto pela sua\u2026&nbsp;<a href=\"https:\/\/dermo.com\/pt\/esfregar\/\" rel=\"bookmark\">Ler mais \u00bb<span class=\"screen-reader-text\">Esfregar<\/span><\/a><\/p>","protected":false},"author":2,"featured_media":0,"parent":0,"menu_order":0,"comment_status":"closed","ping_status":"closed","template":"page-templates\/template-pagebuilder-full-width.php","meta":{"neve_meta_sidebar":"","neve_meta_container":"","neve_meta_enable_content_width":"","neve_meta_content_width":0,"neve_meta_title_alignment":"","neve_meta_author_avatar":"","neve_post_elements_order":"","neve_meta_disable_header":"","neve_meta_disable_footer":"","neve_meta_disable_title":"","footnotes":""},"class_list":["post-13067","page","type-page","status-publish","hentry"],"yoast_head":"<!-- This site is optimized with the Yoast SEO plugin v27.0 - https:\/\/yoast.com\/product\/yoast-seo-wordpress\/ -->\n<title>Fregasuelos - Dermo | F\u00e1brica de detergentes<\/title>\n<meta name=\"robots\" content=\"index, follow, max-snippet:-1, max-image-preview:large, max-video-preview:-1\" \/>\n<link rel=\"canonical\" href=\"https:\/\/dermo.com\/pt\/esfregar\/\" \/>\n<meta property=\"og:locale\" content=\"pt_PT\" \/>\n<meta property=\"og:type\" content=\"article\" \/>\n<meta property=\"og:title\" content=\"Fregasuelos - Dermo | F\u00e1brica de detergentes\" \/>\n<meta property=\"og:description\" content=\"Dermo: Fregasuelos En Dermo podr\u00e1s encontrar todo tipo de\u00a0fregasuelos\u00a0para llevar a cabo una limpieza profesional y espec\u00edfica, consiguiendo un resultado eficaz y duradero. Todos ellos cuentan con alto y eficaz poder detergente y ofrecen distintos tipos de aromas, porque queremos que cada cliente pueda escoger un producto con el que pueda identificarse, tanto por su&hellip;&nbsp;Ler mais &raquo;Fregasuelos\" \/>\n<meta property=\"og:url\" content=\"https:\/\/dermo.com\/pt\/esfregar\/\" \/>\n<meta property=\"og:site_name\" content=\"Dermo | F\u00e1brica de detergentes\" \/>\n<meta property=\"article:modified_time\" content=\"2025-02-19T10:58:50+00:00\" \/>\n<meta name=\"twitter:card\" content=\"summary_large_image\" \/>\n<meta name=\"twitter:label1\" content=\"Tempo estimado de leitura\" \/>\n\t<meta name=\"twitter:data1\" content=\"3 minutos\" \/>\n<script type=\"application\/ld+json\" class=\"yoast-schema-graph\">{\"@context\":\"https:\/\/schema.org\",\"@graph\":[{\"@type\":\"WebPage\",\"@id\":\"https:\/\/dermo.com\/fregasuelos\/\",\"url\":\"https:\/\/dermo.com\/fregasuelos\/\",\"name\":\"Fregasuelos - Dermo | F\u00e1brica de detergentes\",\"isPartOf\":{\"@id\":\"https:\/\/dermo.com\/#website\"},\"datePublished\":\"2025-01-31T10:58:29+00:00\",\"dateModified\":\"2025-02-19T10:58:50+00:00\",\"breadcrumb\":{\"@id\":\"https:\/\/dermo.com\/fregasuelos\/#breadcrumb\"},\"inLanguage\":\"pt-PT\",\"potentialAction\":[{\"@type\":\"ReadAction\",\"target\":[\"https:\/\/dermo.com\/fregasuelos\/\"]}]},{\"@type\":\"BreadcrumbList\",\"@id\":\"https:\/\/dermo.com\/fregasuelos\/#breadcrumb\",\"itemListElement\":[{\"@type\":\"ListItem\",\"position\":1,\"name\":\"Portada\",\"item\":\"https:\/\/dermo.com\/\"},{\"@type\":\"ListItem\",\"position\":2,\"name\":\"Fregasuelos\"}]},{\"@type\":\"WebSite\",\"@id\":\"https:\/\/dermo.com\/#website\",\"url\":\"https:\/\/dermo.com\/\",\"name\":\"Dermo | F\u00e1brica de detergentes\",\"description\":\"Tecnolog\u00eda avanzada, investigaci\u00f3n y desarrollo, respeto por el medio ambiente, competencia, formaci\u00f3n constante y alto nivel de profesionalidad en nuestro equipo humano, empe\u00f1ado en preservar la calidad de vida, la protecci\u00f3n del entorno natural contin\u00faan motiv\u00e1ndonos para desarrollar en nuestros laboratorios nuevos productos con ingredientes activos altamente biodegradables que hacen posible un desarrollo sostenible.\",\"potentialAction\":[{\"@type\":\"SearchAction\",\"target\":{\"@type\":\"EntryPoint\",\"urlTemplate\":\"https:\/\/dermo.com\/?s={search_term_string}\"},\"query-input\":{\"@type\":\"PropertyValueSpecification\",\"valueRequired\":true,\"valueName\":\"search_term_string\"}}],\"inLanguage\":\"pt-PT\"}]}<\/script>\n<!-- \/ Yoast SEO plugin. -->","yoast_head_json":{"title":"Limpador de pisos - Dermo | F\u00e1brica de detergentes","robots":{"index":"index","follow":"follow","max-snippet":"max-snippet:-1","max-image-preview":"max-image-preview:large","max-video-preview":"max-video-preview:-1"},"canonical":"https:\/\/dermo.com\/pt\/esfregar\/","og_locale":"pt_PT","og_type":"article","og_title":"Fregasuelos - Dermo | F\u00e1brica de detergentes","og_description":"Dermo: Fregasuelos En Dermo podr\u00e1s encontrar todo tipo de\u00a0fregasuelos\u00a0para llevar a cabo una limpieza profesional y espec\u00edfica, consiguiendo un resultado eficaz y duradero. Todos ellos cuentan con alto y eficaz poder detergente y ofrecen distintos tipos de aromas, porque queremos que cada cliente pueda escoger un producto con el que pueda identificarse, tanto por su&hellip;&nbsp;Ler mais &raquo;Fregasuelos","og_url":"https:\/\/dermo.com\/pt\/esfregar\/","og_site_name":"Dermo | F\u00e1brica de detergentes","article_modified_time":"2025-02-19T10:58:50+00:00","twitter_card":"summary_large_image","twitter_misc":{"Tempo estimado de leitura":"3 minutos"},"schema":{"@context":"https:\/\/schema.org","@graph":[{"@type":"WebPage","@id":"https:\/\/dermo.com\/fregasuelos\/","url":"https:\/\/dermo.com\/fregasuelos\/","name":"Limpador de pisos - Dermo | F\u00e1brica de detergentes","isPartOf":{"@id":"https:\/\/dermo.com\/#website"},"datePublished":"2025-01-31T10:58:29+00:00","dateModified":"2025-02-19T10:58:50+00:00","breadcrumb":{"@id":"https:\/\/dermo.com\/fregasuelos\/#breadcrumb"},"inLanguage":"pt-PT","potentialAction":[{"@type":"ReadAction","target":["https:\/\/dermo.com\/fregasuelos\/"]}]},{"@type":"BreadcrumbList","@id":"https:\/\/dermo.com\/fregasuelos\/#breadcrumb","itemListElement":[{"@type":"ListItem","position":1,"name":"Portada","item":"https:\/\/dermo.com\/"},{"@type":"ListItem","position":2,"name":"Fregasuelos"}]},{"@type":"WebSite","@id":"https:\/\/dermo.com\/#website","url":"https:\/\/dermo.com\/","name":"Dermo | f\u00e1brica de detergentes","description":"A tecnologia avan\u00e7ada, a investiga\u00e7\u00e3o e desenvolvimento, o respeito pelo ambiente, a compet\u00eancia, a forma\u00e7\u00e3o constante e o elevado n\u00edvel de profissionalismo da nossa equipa humana, comprometida com a preserva\u00e7\u00e3o da qualidade de vida, a protec\u00e7\u00e3o do ambiente natural continuam a motivar-nos a desenvolver novos produtos nos nossos laborat\u00f3rios com princ\u00edpios ativos altamente biodegrad\u00e1veis que possibilitam o desenvolvimento sustent\u00e1vel.","potentialAction":[{"@type":"SearchAction","target":{"@type":"EntryPoint","urlTemplate":"https:\/\/dermo.com\/?s={search_term_string}"},"query-input":{"@type":"PropertyValueSpecification","valueRequired":true,"valueName":"search_term_string"}}],"inLanguage":"pt-PT"}]}},"_links":{"self":[{"href":"https:\/\/dermo.com\/pt\/wp-json\/wp\/v2\/pages\/13067","targetHints":{"allow":["GET"]}}],"collection":[{"href":"https:\/\/dermo.com\/pt\/wp-json\/wp\/v2\/pages"}],"about":[{"href":"https:\/\/dermo.com\/pt\/wp-json\/wp\/v2\/types\/page"}],"author":[{"embeddable":true,"href":"https:\/\/dermo.com\/pt\/wp-json\/wp\/v2\/users\/2"}],"replies":[{"embeddable":true,"href":"https:\/\/dermo.com\/pt\/wp-json\/wp\/v2\/comments?post=13067"}],"version-history":[{"count":9,"href":"https:\/\/dermo.com\/pt\/wp-json\/wp\/v2\/pages\/13067\/revisions"}],"predecessor-version":[{"id":13563,"href":"https:\/\/dermo.com\/pt\/wp-json\/wp\/v2\/pages\/13067\/revisions\/13563"}],"wp:attachment":[{"href":"https:\/\/dermo.com\/pt\/wp-json\/wp\/v2\/media?parent=13067"}],"curies":[{"name":"wp","href":"https:\/\/api.w.org\/{rel}","templated":true}]}}