{"id":13078,"date":"2025-01-31T12:02:52","date_gmt":"2025-01-31T11:02:52","guid":{"rendered":"https:\/\/dermo.com\/?page_id=13078"},"modified":"2025-02-19T12:09:57","modified_gmt":"2025-02-19T11:09:57","slug":"maquina-de-lavar-roupa-com-alvejante-2","status":"publish","type":"page","link":"https:\/\/dermo.com\/pt\/maquina-de-lavar-roupa-com-alvejante-2\/","title":{"rendered":"Alvejante para m\u00e1quina de lavar"},"content":{"rendered":"<div data-elementor-type=\"wp-page\" data-elementor-id=\"13078\" class=\"elementor elementor-13078\" data-elementor-post-type=\"page\">\n\t\t\t\t\t\t<section class=\"elementor-section elementor-top-section elementor-element elementor-element-001d468 elementor-section-boxed elementor-section-height-default elementor-section-height-default\" data-id=\"001d468\" data-element_type=\"section\" data-e-type=\"section\" data-settings=\"{&quot;background_background&quot;:&quot;classic&quot;}\">\n\t\t\t\t\t\t\t<div class=\"elementor-background-overlay\"><\/div>\n\t\t\t\t\t\t\t<div class=\"elementor-container elementor-column-gap-default\">\n\t\t\t\t\t<div class=\"elementor-column elementor-col-100 elementor-top-column elementor-element elementor-element-4554d04\" data-id=\"4554d04\" data-element_type=\"column\" data-e-type=\"column\">\n\t\t\t<div class=\"elementor-widget-wrap elementor-element-populated\">\n\t\t\t\t\t\t\t<\/div>\n\t\t<\/div>\n\t\t\t\t\t<\/div>\n\t\t<\/section>\n\t\t\t\t<section class=\"elementor-section elementor-top-section elementor-element elementor-element-1db4c36 elementor-section-boxed elementor-section-height-default elementor-section-height-default\" data-id=\"1db4c36\" data-element_type=\"section\" data-e-type=\"section\">\n\t\t\t\t\t\t<div class=\"elementor-container elementor-column-gap-default\">\n\t\t\t\t\t<div class=\"elementor-column elementor-col-100 elementor-top-column elementor-element elementor-element-8bef64f\" data-id=\"8bef64f\" data-element_type=\"column\" data-e-type=\"column\">\n\t\t\t<div class=\"elementor-widget-wrap elementor-element-populated\">\n\t\t\t\t\t\t<section class=\"elementor-section elementor-inner-section elementor-element elementor-element-a2d2aa6 elementor-section-content-middle elementor-section-boxed elementor-section-height-default elementor-section-height-default\" data-id=\"a2d2aa6\" data-element_type=\"section\" data-e-type=\"section\">\n\t\t\t\t\t\t<div class=\"elementor-container elementor-column-gap-default\">\n\t\t\t\t\t<div class=\"elementor-column elementor-col-50 elementor-inner-column elementor-element elementor-element-d7016bf\" data-id=\"d7016bf\" data-element_type=\"column\" data-e-type=\"column\">\n\t\t\t<div class=\"elementor-widget-wrap elementor-element-populated\">\n\t\t\t\t\t\t<div class=\"elementor-element elementor-element-d23d334 elementor-widget elementor-widget-text-editor\" data-id=\"d23d334\" data-element_type=\"widget\" data-e-type=\"widget\" data-widget_type=\"text-editor.default\">\n\t\t\t\t<div class=\"elementor-widget-container\">\n\t\t\t\t\t\t\t\t\t<div id=\"lipsum\"><h2>Dermo: Alvejante para m\u00e1quina de lavar<\/h2><p style=\"margin-bottom: 10px; overflow-wrap: break-word; color: #8b8d94; font-family: Roboto, Helvetica, Arial, Verdana, sans-serif;\">Na Dermo voc\u00ea encontra um cat\u00e1logo com muitas variedades de produtos de lavanderia, para garantir que roupas e tecidos saiam limpos, macios, frescos e conservando sua textura natural. Por exemplo, o produto de limpeza\u00a0<a href=\"https:\/\/dermo.com\/pt\/catalogo\/pt\/lavandaria\/123-azur.html\/\">Alvejante especial para m\u00e1quina de lavar<\/a>, que \u00e9 projetado para branquear ou remover manchas, bem como para desinfetar tecidos em processos de lavagem. Tamb\u00e9m pode ser usado para limpar superf\u00edcies como desinfetante.<\/p><\/div>\t\t\t\t\t\t\t\t<\/div>\n\t\t\t\t<\/div>\n\t\t\t\t\t<\/div>\n\t\t<\/div>\n\t\t\t\t<div class=\"elementor-column elementor-col-50 elementor-inner-column elementor-element elementor-element-e7f0d47 elementor-invisible\" data-id=\"e7f0d47\" data-element_type=\"column\" data-e-type=\"column\" data-settings=\"{&quot;animation&quot;:&quot;bounceInRight&quot;}\">\n\t\t\t<div class=\"elementor-widget-wrap elementor-element-populated\">\n\t\t\t\t\t\t<div class=\"elementor-element elementor-element-d0ec9ac elementor-widget__width-initial elementor-widget elementor-widget-elementskit-contact-form7\" data-id=\"d0ec9ac\" data-element_type=\"widget\" data-e-type=\"widget\" data-widget_type=\"elementskit-contact-form7.default\">\n\t\t\t\t<div class=\"elementor-widget-container\">\n\t\t\t\t\t<div class=\"ekit-wid-con\" ><div class=\"ekit-form\">\n<div class=\"wpcf7 no-js\" id=\"wpcf7-f13292-o1\" lang=\"es-ES\" dir=\"ltr\" data-wpcf7-id=\"13292\">\n<div class=\"screen-reader-response\"><p role=\"status\" aria-live=\"polite\" aria-atomic=\"true\"><\/p> <ul><\/ul><\/div>\n<form action=\"\/wp-json\/wp\/v2\/pages\/13078#wpcf7-f13292-o1\" method=\"post\" class=\"wpcf7-form init\" aria-label=\"Formul\u00e1rio de contato\" novalidate=\"novalidate\" data-status=\"init\" data-trp-original-action=\"\/wp-json\/wp\/v2\/pages\/13078#wpcf7-f13292-o1\">\n<fieldset class=\"hidden-fields-container\"><input type=\"hidden\" name=\"_wpcf7\" value=\"13292\" \/><input type=\"hidden\" name=\"_wpcf7_version\" value=\"6.1.5\" \/><input type=\"hidden\" name=\"_wpcf7_locale\" value=\"es_ES\" \/><input type=\"hidden\" name=\"_wpcf7_unit_tag\" value=\"wpcf7-f13292-o1\" \/><input type=\"hidden\" name=\"_wpcf7_container_post\" value=\"0\" \/><input type=\"hidden\" name=\"_wpcf7_posted_data_hash\" value=\"\" \/><input type=\"hidden\" name=\"_wpcf7_recaptcha_response\" value=\"\" \/>\n<\/fieldset>\n<div style=\"display: flex; gap: 10px;\">\n\t<div style=\"width: 50%;\">\n\t\t<p><span class=\"wpcf7-form-control-wrap\" data-name=\"your-name\"><input size=\"40\" maxlength=\"400\" class=\"wpcf7-form-control wpcf7-text wpcf7-validates-as-required\" aria-required=\"true\" aria-invalid=\"false\" placeholder=\"Nome\" value=\"\" type=\"text\" name=\"your-name\" \/><\/span>\n\t\t<\/p>\n\t<\/div>\n\t<div style=\"width: 50%;\">\n\t\t<p><span class=\"wpcf7-form-control-wrap\" data-name=\"your-phone\"><input size=\"40\" maxlength=\"400\" class=\"wpcf7-form-control wpcf7-tel wpcf7-validates-as-required wpcf7-text wpcf7-validates-as-tel\" aria-required=\"true\" aria-invalid=\"false\" placeholder=\"Telefone\" value=\"\" type=\"tel\" name=\"your-phone\" \/><\/span>\n\t\t<\/p>\n\t<\/div>\n<\/div>\n<p><span class=\"wpcf7-form-control-wrap\" data-name=\"your-email\"><input size=\"40\" maxlength=\"400\" class=\"wpcf7-form-control wpcf7-email wpcf7-validates-as-required wpcf7-text wpcf7-validates-as-email\" aria-required=\"true\" aria-invalid=\"false\" placeholder=\"E-mail\" value=\"\" type=\"email\" name=\"your-email\" \/><\/span>\n<\/p>\n<div style=\"display: flex; gap: 10px;\">\n\t<div style=\"width: 50%;\">\n\t\t<p><span class=\"wpcf7-form-control-wrap\" data-name=\"your-country\"><input size=\"40\" maxlength=\"400\" class=\"wpcf7-form-control wpcf7-text wpcf7-validates-as-required\" aria-required=\"true\" aria-invalid=\"false\" placeholder=\"Pa\u00eds\" value=\"\" type=\"text\" name=\"your-country\" \/><\/span>\n\t\t<\/p>\n\t<\/div>\n\t<div style=\"width: 50%;\">\n\t\t<p><span class=\"wpcf7-form-control-wrap\" data-name=\"your-city\"><input size=\"40\" maxlength=\"400\" class=\"wpcf7-form-control wpcf7-text wpcf7-validates-as-required\" aria-required=\"true\" aria-invalid=\"false\" placeholder=\"Popula\u00e7\u00e3o\" value=\"\" type=\"text\" name=\"your-city\" \/><\/span>\n\t\t<\/p>\n\t<\/div>\n<\/div>\n<p><span class=\"wpcf7-form-control-wrap\" data-name=\"your-subject\"><select class=\"wpcf7-form-control wpcf7-select\" aria-invalid=\"false\" name=\"your-subject\"><option value=\"Quiero ser distribuidor\">Quero ser um distribuidor<\/option><option value=\"Presupuesto\">Or\u00e7amento<\/option><option value=\"Consulta\">Consulta<\/option><option value=\"Sugerencia\">Sugest\u00e3o<\/option><option value=\"Otros\">Outros<\/option><\/select><\/span>\n<\/p>\n<p><span class=\"wpcf7-form-control-wrap\" data-name=\"your-message\"><textarea cols=\"40\" rows=\"10\" maxlength=\"2000\" class=\"wpcf7-form-control wpcf7-textarea\" aria-invalid=\"false\" placeholder=\"Mensagem ou consulta\" name=\"your-message\"><\/textarea><\/span>\n<\/p>\n<div style=\"display: flex; align-items: center; gap: 10px;\">\n\t<p><span class=\"wpcf7-form-control-wrap\" data-name=\"privacy-policy\"><span class=\"wpcf7-form-control wpcf7-acceptance\"><span class=\"wpcf7-list-item\"><input type=\"checkbox\" name=\"privacy-policy\" value=\"1\" aria-invalid=\"false\" \/><\/span><\/span><\/span><label for=\"privacy-policy\" style=\"margin-left: 5px;\">Li e aceito a pol\u00edtica de privacidade.<\/label>\n\t<\/p>\n<\/div>\n<div style=\"display: flex; align-items: center; gap: 10px;\">\n\t<p><span class=\"wpcf7-form-control-wrap\" data-name=\"send-info\"><span class=\"wpcf7-form-control wpcf7-acceptance\"><span class=\"wpcf7-list-item\"><input type=\"checkbox\" name=\"send-info\" value=\"1\" aria-invalid=\"false\" \/><\/span><\/span><\/span><label for=\"send-info\" style=\"margin-left: 5px;\">Concordo em receber informa\u00e7\u00f5es.<\/label>\n\t<\/p>\n<\/div>\n<p><input class=\"wpcf7-form-control wpcf7-submit has-spinner\" type=\"submit\" value=\"Enviar\" \/>\n<\/p><div class=\"wpcf7-response-output\" aria-hidden=\"true\"><\/div>\n<input type=\"hidden\" name=\"trp-form-language\" value=\"pt\"\/><\/form>\n<\/div>\n<\/div><\/div>\t\t\t\t<\/div>\n\t\t\t\t<\/div>\n\t\t\t\t\t<\/div>\n\t\t<\/div>\n\t\t\t\t\t<\/div>\n\t\t<\/section>\n\t\t\t\t<div class=\"elementor-element elementor-element-c06ab37 elementor-widget elementor-widget-text-editor\" data-id=\"c06ab37\" data-element_type=\"widget\" data-e-type=\"widget\" data-widget_type=\"text-editor.default\">\n\t\t\t\t<div class=\"elementor-widget-container\">\n\t\t\t\t\t\t\t\t\t<p>Outro dos produtos que propomos para a lavandaria \u00e9\u00a0<a href=\"https:\/\/dermo.com\/pt\/catalogo\/es\/lavanderia\/88-dermocolor.html\/\">Dermocolor,<\/a>\u00a0um\u00a0<strong>\u00e1gua sanit\u00e1ria<\/strong>\u00a0que voc\u00ea pode colocar no seu\u00a0<strong>m\u00e1quina de lavar<\/strong>, para remover manchas de roupas brancas ou coloridas, que pode ser usado \u00e0 m\u00e3o ou \u00e0 m\u00e1quina e consiste em um aditivo de lavagem t\u00eaxtil com oxig\u00eanio ativo. E tamb\u00e9m oferecemos muitos outros produtos para lavar roupa, como\u00a0<a href=\"https:\/\/dermo.com\/pt\/catalogo\/es\/lavanderia\/72-oxigeno-activo.html\/\">Oxig\u00eanio Ativo<\/a>, que \u00e9 um poderoso p\u00f3 removedor de manchas, projetado para ser usado em roupas brancas e coloridas e em qualquer tecido, com \u00e1gua. \u00c9 capaz de refor\u00e7ar a a\u00e7\u00e3o do detergente se adicionado \u00e0 m\u00e1quina de lavar e remove manchas dif\u00edceis. Com este produto voc\u00ea pode remover sujeira incrustada em carpetes, cadeiras, toalhas de mesa, sof\u00e1s e qualquer outra superf\u00edcie que possa ser lavada com \u00e1gua.<\/p><p>O\u00a0<strong>\u00e1gua sanit\u00e1ria<\/strong>\u00a0para\u00a0<strong>m\u00e1quina de lavar<\/strong>\u00a0Este \u00e9 um dos produtos que apresentamos na sec\u00e7\u00e3o de lavandaria do nosso cat\u00e1logo, para que possa lavar a sua roupa de forma profissional e eficaz, acompanhado dos produtos de limpeza adequados. Porque esta ser\u00e1 a f\u00f3rmula m\u00e1gica para manter suas roupas e tecidos em perfeitas condi\u00e7\u00f5es por mais tempo, sem perder textura, maciez ou elasticidade. Gra\u00e7as aos nossos detergentes, amaciantes e produtos de limpeza espec\u00edficos, voc\u00ea poder\u00e1 manter a cor das suas roupas e ench\u00ea-las de frescor e maciez, garantindo que elas mantenham sua apar\u00eancia original por muito mais tempo.<\/p><p>Na Dermo, como fabricantes de\u00a0<strong>\u00e1gua sanit\u00e1ria<\/strong>\u00a0para\u00a0<strong>m\u00e1quinas de lavar<\/strong>Podemos dizer que tamb\u00e9m \u00e9 importante cuidar da sua m\u00e1quina de lavar, por isso voc\u00ea deve limp\u00e1-la com os produtos de limpeza adequados e realizar a manuten\u00e7\u00e3o pertinente. Ser\u00e1 a melhor maneira de lavar roupa com sucesso e evitar surpresas, al\u00e9m de garantir que suas roupas saiam sempre livres de manchas e sujeira incrustada.<\/p><p>Se voc\u00ea estiver interessado em aprender mais sobre produtos de lavanderia, como\u00a0<strong>\u00e1gua sanit\u00e1ria<\/strong>\u00a0para\u00a0<strong>m\u00e1quinas de lavar<\/strong>, n\u00e3o hesite em visitar nosso site e conferir todas as op\u00e7\u00f5es do nosso cat\u00e1logo. Em nosso site voc\u00ea tamb\u00e9m pode conhecer mais detalhes sobre a hist\u00f3ria da nossa empresa e acompanhar nosso blog, onde postamos not\u00edcias e informa\u00e7\u00f5es relacionadas ao setor de limpeza dom\u00e9stica e industrial, al\u00e9m de oferecer dicas e truques de limpeza, explicando os benef\u00edcios da limpeza e do uso dos produtos certos, etc.<\/p>\t\t\t\t\t\t\t\t<\/div>\n\t\t\t\t<\/div>\n\t\t\t\t\t<\/div>\n\t\t<\/div>\n\t\t\t\t\t<\/div>\n\t\t<\/section>\n\t\t\t\t<section class=\"elementor-section elementor-top-section elementor-element elementor-element-154e4af elementor-section-full_width elementor-section-height-default elementor-section-height-default elementor-invisible\" data-id=\"154e4af\" data-element_type=\"section\" data-e-type=\"section\" data-settings=\"{&quot;animation&quot;:&quot;slideInUp&quot;}\">\n\t\t\t\t\t\t<div class=\"elementor-container elementor-column-gap-default\">\n\t\t\t\t\t<div class=\"elementor-column elementor-col-100 elementor-top-column elementor-element elementor-element-f5b517f\" data-id=\"f5b517f\" data-element_type=\"column\" data-e-type=\"column\">\n\t\t\t<div class=\"elementor-widget-wrap elementor-element-populated\">\n\t\t\t\t\t\t<div class=\"elementor-element elementor-element-347f9ba elementor-widget elementor-widget-google_maps\" data-id=\"347f9ba\" data-element_type=\"widget\" data-e-type=\"widget\" data-widget_type=\"google_maps.default\">\n\t\t\t\t<div class=\"elementor-widget-container\">\n\t\t\t\t\t\t\t<div class=\"elementor-custom-embed\">\n\t\t\t<iframe loading=\"lazy\"\n\t\t\t\t\tsrc=\"https:\/\/maps.google.com\/maps?q=C%2F%20Pintor%20Joan%20Miro%2C%2016.%20Pol.%20Ind.%20Can%20Humet%20de%20Dalt%2C%2008213%20Poliny%C3%A0.%20Barcelona&#038;t=m&#038;z=15&#038;output=embed&#038;iwloc=near\"\n\t\t\t\t\ttitle=\"C\/ Pintor Joan Miro, 16. Pol. Ind. Can Humet de Dalt, 08213 Poliny\u00e0. Barcelona\"\n\t\t\t\t\taria-label=\"C\/ Pintor Joan Miro, 16. Pol. Ind. Can Humet de Dalt, 08213 Poliny\u00e0. Barcelona\"\n\t\t\t><\/iframe>\n\t\t<\/div>\n\t\t\t\t\t\t<\/div>\n\t\t\t\t<\/div>\n\t\t\t\t\t<\/div>\n\t\t<\/div>\n\t\t\t\t\t<\/div>\n\t\t<\/section>\n\t\t\t\t<\/div>","protected":false},"excerpt":{"rendered":"<p>Dermo: Alvejante para M\u00e1quina de Lavar. Na Dermo, voc\u00ea encontra um cat\u00e1logo com diversas variedades de produtos para lavanderia, garantindo que roupas e tecidos saiam limpos, macios, frescos e com textura natural. Por exemplo, o produto de limpeza Alvejante Especial para M\u00e1quina de Lavar foi desenvolvido para branquear e remover manchas, al\u00e9m de desinfetar tecidos...&nbsp;<a href=\"https:\/\/dermo.com\/pt\/maquina-de-lavar-roupa-com-alvejante-2\/\" rel=\"bookmark\">Ler mais \u00bb<span class=\"screen-reader-text\">Alvejante para m\u00e1quina de lavar<\/span><\/a><\/p>","protected":false},"author":2,"featured_media":0,"parent":0,"menu_order":0,"comment_status":"closed","ping_status":"closed","template":"page-templates\/template-pagebuilder-full-width.php","meta":{"neve_meta_sidebar":"","neve_meta_container":"","neve_meta_enable_content_width":"","neve_meta_content_width":0,"neve_meta_title_alignment":"","neve_meta_author_avatar":"","neve_post_elements_order":"","neve_meta_disable_header":"","neve_meta_disable_footer":"","neve_meta_disable_title":"","footnotes":""},"class_list":["post-13078","page","type-page","status-publish","hentry"],"yoast_head":"<!-- This site is optimized with the Yoast SEO plugin v27.0 - https:\/\/yoast.com\/product\/yoast-seo-wordpress\/ -->\n<title>Lej\u00eda lavadora - Dermo | F\u00e1brica de detergentes<\/title>\n<meta name=\"robots\" content=\"index, follow, max-snippet:-1, max-image-preview:large, max-video-preview:-1\" \/>\n<link rel=\"canonical\" href=\"https:\/\/dermo.com\/pt\/maquina-de-lavar-roupa-com-alvejante-2\/\" \/>\n<meta property=\"og:locale\" content=\"pt_PT\" \/>\n<meta property=\"og:type\" content=\"article\" \/>\n<meta property=\"og:title\" content=\"Lej\u00eda lavadora - Dermo | F\u00e1brica de detergentes\" \/>\n<meta property=\"og:description\" content=\"Dermo: Lej\u00eda lavadora En Dermo encontrar\u00e1s un cat\u00e1logo con muchas variedades de productos para la lavander\u00eda, para conseguir que las prendas y tejidos salgan limpios, suaves, frescos y conservando su textura natural. Por ejemplo el producto de limpieza\u00a0Lej\u00eda especial lavadora, que est\u00e1 pensada para el blanqueo o desmanchado, as\u00ed como para la desinfecci\u00f3n de tejidos&hellip;&nbsp;Ler mais &raquo;Lej\u00eda lavadora\" \/>\n<meta property=\"og:url\" content=\"https:\/\/dermo.com\/pt\/maquina-de-lavar-roupa-com-alvejante-2\/\" \/>\n<meta property=\"og:site_name\" content=\"Dermo | F\u00e1brica de detergentes\" \/>\n<meta property=\"article:modified_time\" content=\"2025-02-19T11:09:57+00:00\" \/>\n<meta name=\"twitter:card\" content=\"summary_large_image\" \/>\n<meta name=\"twitter:label1\" content=\"Tempo estimado de leitura\" \/>\n\t<meta name=\"twitter:data1\" content=\"3 minutos\" \/>\n<script type=\"application\/ld+json\" class=\"yoast-schema-graph\">{\"@context\":\"https:\/\/schema.org\",\"@graph\":[{\"@type\":\"WebPage\",\"@id\":\"https:\/\/dermo.com\/lejia-lavadora-2\/\",\"url\":\"https:\/\/dermo.com\/lejia-lavadora-2\/\",\"name\":\"Lej\u00eda lavadora - Dermo | F\u00e1brica de detergentes\",\"isPartOf\":{\"@id\":\"https:\/\/dermo.com\/#website\"},\"datePublished\":\"2025-01-31T11:02:52+00:00\",\"dateModified\":\"2025-02-19T11:09:57+00:00\",\"breadcrumb\":{\"@id\":\"https:\/\/dermo.com\/lejia-lavadora-2\/#breadcrumb\"},\"inLanguage\":\"pt-PT\",\"potentialAction\":[{\"@type\":\"ReadAction\",\"target\":[\"https:\/\/dermo.com\/lejia-lavadora-2\/\"]}]},{\"@type\":\"BreadcrumbList\",\"@id\":\"https:\/\/dermo.com\/lejia-lavadora-2\/#breadcrumb\",\"itemListElement\":[{\"@type\":\"ListItem\",\"position\":1,\"name\":\"Portada\",\"item\":\"https:\/\/dermo.com\/\"},{\"@type\":\"ListItem\",\"position\":2,\"name\":\"Lej\u00eda lavadora\"}]},{\"@type\":\"WebSite\",\"@id\":\"https:\/\/dermo.com\/#website\",\"url\":\"https:\/\/dermo.com\/\",\"name\":\"Dermo | F\u00e1brica de detergentes\",\"description\":\"Tecnolog\u00eda avanzada, investigaci\u00f3n y desarrollo, respeto por el medio ambiente, competencia, formaci\u00f3n constante y alto nivel de profesionalidad en nuestro equipo humano, empe\u00f1ado en preservar la calidad de vida, la protecci\u00f3n del entorno natural contin\u00faan motiv\u00e1ndonos para desarrollar en nuestros laboratorios nuevos productos con ingredientes activos altamente biodegradables que hacen posible un desarrollo sostenible.\",\"potentialAction\":[{\"@type\":\"SearchAction\",\"target\":{\"@type\":\"EntryPoint\",\"urlTemplate\":\"https:\/\/dermo.com\/?s={search_term_string}\"},\"query-input\":{\"@type\":\"PropertyValueSpecification\",\"valueRequired\":true,\"valueName\":\"search_term_string\"}}],\"inLanguage\":\"pt-PT\"}]}<\/script>\n<!-- \/ Yoast SEO plugin. -->","yoast_head_json":{"title":"Alvejante para m\u00e1quina de lavar - Dermo | F\u00e1brica de detergentes","robots":{"index":"index","follow":"follow","max-snippet":"max-snippet:-1","max-image-preview":"max-image-preview:large","max-video-preview":"max-video-preview:-1"},"canonical":"https:\/\/dermo.com\/pt\/maquina-de-lavar-roupa-com-alvejante-2\/","og_locale":"pt_PT","og_type":"article","og_title":"Lej\u00eda lavadora - Dermo | F\u00e1brica de detergentes","og_description":"Dermo: Lej\u00eda lavadora En Dermo encontrar\u00e1s un cat\u00e1logo con muchas variedades de productos para la lavander\u00eda, para conseguir que las prendas y tejidos salgan limpios, suaves, frescos y conservando su textura natural. Por ejemplo el producto de limpieza\u00a0Lej\u00eda especial lavadora, que est\u00e1 pensada para el blanqueo o desmanchado, as\u00ed como para la desinfecci\u00f3n de tejidos&hellip;&nbsp;Ler mais &raquo;Lej\u00eda lavadora","og_url":"https:\/\/dermo.com\/pt\/maquina-de-lavar-roupa-com-alvejante-2\/","og_site_name":"Dermo | F\u00e1brica de detergentes","article_modified_time":"2025-02-19T11:09:57+00:00","twitter_card":"summary_large_image","twitter_misc":{"Tempo estimado de leitura":"3 minutos"},"schema":{"@context":"https:\/\/schema.org","@graph":[{"@type":"WebPage","@id":"https:\/\/dermo.com\/lejia-lavadora-2\/","url":"https:\/\/dermo.com\/lejia-lavadora-2\/","name":"Alvejante para m\u00e1quina de lavar - Dermo | F\u00e1brica de detergentes","isPartOf":{"@id":"https:\/\/dermo.com\/#website"},"datePublished":"2025-01-31T11:02:52+00:00","dateModified":"2025-02-19T11:09:57+00:00","breadcrumb":{"@id":"https:\/\/dermo.com\/lejia-lavadora-2\/#breadcrumb"},"inLanguage":"pt-PT","potentialAction":[{"@type":"ReadAction","target":["https:\/\/dermo.com\/lejia-lavadora-2\/"]}]},{"@type":"BreadcrumbList","@id":"https:\/\/dermo.com\/lejia-lavadora-2\/#breadcrumb","itemListElement":[{"@type":"ListItem","position":1,"name":"Portada","item":"https:\/\/dermo.com\/"},{"@type":"ListItem","position":2,"name":"Lej\u00eda lavadora"}]},{"@type":"WebSite","@id":"https:\/\/dermo.com\/#website","url":"https:\/\/dermo.com\/","name":"Dermo | f\u00e1brica de detergentes","description":"A tecnologia avan\u00e7ada, a investiga\u00e7\u00e3o e desenvolvimento, o respeito pelo ambiente, a compet\u00eancia, a forma\u00e7\u00e3o constante e o elevado n\u00edvel de profissionalismo da nossa equipa humana, comprometida com a preserva\u00e7\u00e3o da qualidade de vida, a protec\u00e7\u00e3o do ambiente natural continuam a motivar-nos a desenvolver novos produtos nos nossos laborat\u00f3rios com princ\u00edpios ativos altamente biodegrad\u00e1veis que possibilitam o desenvolvimento sustent\u00e1vel.","potentialAction":[{"@type":"SearchAction","target":{"@type":"EntryPoint","urlTemplate":"https:\/\/dermo.com\/?s={search_term_string}"},"query-input":{"@type":"PropertyValueSpecification","valueRequired":true,"valueName":"search_term_string"}}],"inLanguage":"pt-PT"}]}},"_links":{"self":[{"href":"https:\/\/dermo.com\/pt\/wp-json\/wp\/v2\/pages\/13078","targetHints":{"allow":["GET"]}}],"collection":[{"href":"https:\/\/dermo.com\/pt\/wp-json\/wp\/v2\/pages"}],"about":[{"href":"https:\/\/dermo.com\/pt\/wp-json\/wp\/v2\/types\/page"}],"author":[{"embeddable":true,"href":"https:\/\/dermo.com\/pt\/wp-json\/wp\/v2\/users\/2"}],"replies":[{"embeddable":true,"href":"https:\/\/dermo.com\/pt\/wp-json\/wp\/v2\/comments?post=13078"}],"version-history":[{"count":10,"href":"https:\/\/dermo.com\/pt\/wp-json\/wp\/v2\/pages\/13078\/revisions"}],"predecessor-version":[{"id":13605,"href":"https:\/\/dermo.com\/pt\/wp-json\/wp\/v2\/pages\/13078\/revisions\/13605"}],"wp:attachment":[{"href":"https:\/\/dermo.com\/pt\/wp-json\/wp\/v2\/media?parent=13078"}],"curies":[{"name":"wp","href":"https:\/\/api.w.org\/{rel}","templated":true}]}}