{"id":13090,"date":"2025-01-31T12:08:36","date_gmt":"2025-01-31T11:08:36","guid":{"rendered":"https:\/\/dermo.com\/?page_id=13090"},"modified":"2025-02-19T12:14:23","modified_gmt":"2025-02-19T11:14:23","slug":"limpador-de-estofados-2","status":"publish","type":"page","link":"https:\/\/dermo.com\/pt\/limpador-de-estofados-2\/","title":{"rendered":"Limpador de estofados"},"content":{"rendered":"<div data-elementor-type=\"wp-page\" data-elementor-id=\"13090\" class=\"elementor elementor-13090\" data-elementor-post-type=\"page\">\n\t\t\t\t\t\t<section class=\"elementor-section elementor-top-section elementor-element elementor-element-1e3fbe2 elementor-section-boxed elementor-section-height-default elementor-section-height-default\" data-id=\"1e3fbe2\" data-element_type=\"section\" data-e-type=\"section\" data-settings=\"{&quot;background_background&quot;:&quot;classic&quot;}\">\n\t\t\t\t\t\t\t<div class=\"elementor-background-overlay\"><\/div>\n\t\t\t\t\t\t\t<div class=\"elementor-container elementor-column-gap-default\">\n\t\t\t\t\t<div class=\"elementor-column elementor-col-100 elementor-top-column elementor-element elementor-element-3c89d00\" data-id=\"3c89d00\" data-element_type=\"column\" data-e-type=\"column\">\n\t\t\t<div class=\"elementor-widget-wrap elementor-element-populated\">\n\t\t\t\t\t\t\t<\/div>\n\t\t<\/div>\n\t\t\t\t\t<\/div>\n\t\t<\/section>\n\t\t\t\t<section class=\"elementor-section elementor-top-section elementor-element elementor-element-739fec2 elementor-section-boxed elementor-section-height-default elementor-section-height-default\" data-id=\"739fec2\" data-element_type=\"section\" data-e-type=\"section\">\n\t\t\t\t\t\t<div class=\"elementor-container elementor-column-gap-default\">\n\t\t\t\t\t<div class=\"elementor-column elementor-col-100 elementor-top-column elementor-element elementor-element-222af67\" data-id=\"222af67\" data-element_type=\"column\" data-e-type=\"column\">\n\t\t\t<div class=\"elementor-widget-wrap elementor-element-populated\">\n\t\t\t\t\t\t<section class=\"elementor-section elementor-inner-section elementor-element elementor-element-fc6bab5 elementor-section-content-middle elementor-section-boxed elementor-section-height-default elementor-section-height-default\" data-id=\"fc6bab5\" data-element_type=\"section\" data-e-type=\"section\">\n\t\t\t\t\t\t<div class=\"elementor-container elementor-column-gap-default\">\n\t\t\t\t\t<div class=\"elementor-column elementor-col-50 elementor-inner-column elementor-element elementor-element-efce0a6\" data-id=\"efce0a6\" data-element_type=\"column\" data-e-type=\"column\">\n\t\t\t<div class=\"elementor-widget-wrap elementor-element-populated\">\n\t\t\t\t\t\t<div class=\"elementor-element elementor-element-2ec1bc7 elementor-widget elementor-widget-text-editor\" data-id=\"2ec1bc7\" data-element_type=\"widget\" data-e-type=\"widget\" data-widget_type=\"text-editor.default\">\n\t\t\t\t<div class=\"elementor-widget-container\">\n\t\t\t\t\t\t\t\t\t<h2>Dermo: Limpador de estofados<\/h2><p>Hoje queremos falar com voc\u00ea sobre um dos nossos produtos espec\u00edficos para limpeza profissional do seu ve\u00edculo e \u00e9 o nosso\u00a0<strong>limpador de estofados<\/strong>\u00a0LT, um detergente l\u00edquido desenvolvido para limpeza de estofados, carpetes, tecidos e sof\u00e1s que n\u00e3o danifica nenhum tipo de tecido e restaura sua apar\u00eancia e cor originais.<\/p><p>\u00c9 um produto que pode ser aplicado diretamente em estofados ou dilu\u00eddo de 10 a 20% em \u00e1gua, dependendo da quantidade de sujeira presente. Tamb\u00e9m pode ser pulverizado diretamente no estofamento, escovado e aspirado. Caso seja utilizado com m\u00e1quina de inje\u00e7\u00e3o-extra\u00e7\u00e3o, deve-se utilizar uma dosagem de 3 a 5%, dependendo da sujeira que se deseja remover e sempre seguindo as instru\u00e7\u00f5es do fabricante da m\u00e1quina.<\/p><p>Ele\u00a0<strong>limpador de estofados<\/strong>\u00a0O Dermo tem apar\u00eancia l\u00edquida, cor branca e aroma de pinho, que exala por horas, mantendo um cheiro agrad\u00e1vel e fresco por horas. Ele\u00a0<strong>limpador de estofados<\/strong>\u00a0Faz parte da categoria de limpadores espec\u00edficos, na qual oferecemos uma ampla gama de produtos de limpeza profissional preparados para atuar de forma eficiente em diferentes superf\u00edcies.<\/p>\t\t\t\t\t\t\t\t<\/div>\n\t\t\t\t<\/div>\n\t\t\t\t\t<\/div>\n\t\t<\/div>\n\t\t\t\t<div class=\"elementor-column elementor-col-50 elementor-inner-column elementor-element elementor-element-ec8c3a3 elementor-invisible\" data-id=\"ec8c3a3\" data-element_type=\"column\" data-e-type=\"column\" data-settings=\"{&quot;animation&quot;:&quot;bounceInRight&quot;}\">\n\t\t\t<div class=\"elementor-widget-wrap elementor-element-populated\">\n\t\t\t\t\t\t<div class=\"elementor-element elementor-element-39025b1 elementor-widget__width-initial elementor-widget elementor-widget-elementskit-contact-form7\" data-id=\"39025b1\" data-element_type=\"widget\" data-e-type=\"widget\" data-widget_type=\"elementskit-contact-form7.default\">\n\t\t\t\t<div class=\"elementor-widget-container\">\n\t\t\t\t\t<div class=\"ekit-wid-con\" ><div class=\"ekit-form\">\n<div class=\"wpcf7 no-js\" id=\"wpcf7-f13292-p13090-o1\" lang=\"es-ES\" dir=\"ltr\" data-wpcf7-id=\"13292\">\n<div class=\"screen-reader-response\"><p role=\"status\" aria-live=\"polite\" aria-atomic=\"true\"><\/p> <ul><\/ul><\/div>\n<form action=\"\/pt\/limpador-de-estofados-2\/#wpcf7-f13292-p13090-o1\" method=\"post\" class=\"wpcf7-form init\" aria-label=\"Formul\u00e1rio de contato\" novalidate=\"novalidate\" data-status=\"init\" data-trp-original-action=\"\/limpia-tapicerias\/#wpcf7-f13292-p13090-o1\">\n<fieldset class=\"hidden-fields-container\"><input type=\"hidden\" name=\"_wpcf7\" value=\"13292\" \/><input type=\"hidden\" name=\"_wpcf7_version\" value=\"6.1.5\" \/><input type=\"hidden\" name=\"_wpcf7_locale\" value=\"es_ES\" \/><input type=\"hidden\" name=\"_wpcf7_unit_tag\" value=\"wpcf7-f13292-p13090-o1\" \/><input type=\"hidden\" name=\"_wpcf7_container_post\" value=\"13090\" \/><input type=\"hidden\" name=\"_wpcf7_posted_data_hash\" value=\"\" \/><input type=\"hidden\" name=\"_wpcf7_recaptcha_response\" value=\"\" \/>\n<\/fieldset>\n<div style=\"display: flex; gap: 10px;\">\n\t<div style=\"width: 50%;\">\n\t\t<p><span class=\"wpcf7-form-control-wrap\" data-name=\"your-name\"><input size=\"40\" maxlength=\"400\" class=\"wpcf7-form-control wpcf7-text wpcf7-validates-as-required\" aria-required=\"true\" aria-invalid=\"false\" placeholder=\"Nome\" value=\"\" type=\"text\" name=\"your-name\" \/><\/span>\n\t\t<\/p>\n\t<\/div>\n\t<div style=\"width: 50%;\">\n\t\t<p><span class=\"wpcf7-form-control-wrap\" data-name=\"your-phone\"><input size=\"40\" maxlength=\"400\" class=\"wpcf7-form-control wpcf7-tel wpcf7-validates-as-required wpcf7-text wpcf7-validates-as-tel\" aria-required=\"true\" aria-invalid=\"false\" placeholder=\"Telefone\" value=\"\" type=\"tel\" name=\"your-phone\" \/><\/span>\n\t\t<\/p>\n\t<\/div>\n<\/div>\n<p><span class=\"wpcf7-form-control-wrap\" data-name=\"your-email\"><input size=\"40\" maxlength=\"400\" class=\"wpcf7-form-control wpcf7-email wpcf7-validates-as-required wpcf7-text wpcf7-validates-as-email\" aria-required=\"true\" aria-invalid=\"false\" placeholder=\"E-mail\" value=\"\" type=\"email\" name=\"your-email\" \/><\/span>\n<\/p>\n<div style=\"display: flex; gap: 10px;\">\n\t<div style=\"width: 50%;\">\n\t\t<p><span class=\"wpcf7-form-control-wrap\" data-name=\"your-country\"><input size=\"40\" maxlength=\"400\" class=\"wpcf7-form-control wpcf7-text wpcf7-validates-as-required\" aria-required=\"true\" aria-invalid=\"false\" placeholder=\"Pa\u00eds\" value=\"\" type=\"text\" name=\"your-country\" \/><\/span>\n\t\t<\/p>\n\t<\/div>\n\t<div style=\"width: 50%;\">\n\t\t<p><span class=\"wpcf7-form-control-wrap\" data-name=\"your-city\"><input size=\"40\" maxlength=\"400\" class=\"wpcf7-form-control wpcf7-text wpcf7-validates-as-required\" aria-required=\"true\" aria-invalid=\"false\" placeholder=\"Popula\u00e7\u00e3o\" value=\"\" type=\"text\" name=\"your-city\" \/><\/span>\n\t\t<\/p>\n\t<\/div>\n<\/div>\n<p><span class=\"wpcf7-form-control-wrap\" data-name=\"your-subject\"><select class=\"wpcf7-form-control wpcf7-select\" aria-invalid=\"false\" name=\"your-subject\"><option value=\"Quiero ser distribuidor\">Quero ser um distribuidor<\/option><option value=\"Presupuesto\">Or\u00e7amento<\/option><option value=\"Consulta\">Consulta<\/option><option value=\"Sugerencia\">Sugest\u00e3o<\/option><option value=\"Otros\">Outros<\/option><\/select><\/span>\n<\/p>\n<p><span class=\"wpcf7-form-control-wrap\" data-name=\"your-message\"><textarea cols=\"40\" rows=\"10\" maxlength=\"2000\" class=\"wpcf7-form-control wpcf7-textarea\" aria-invalid=\"false\" placeholder=\"Mensagem ou consulta\" name=\"your-message\"><\/textarea><\/span>\n<\/p>\n<div style=\"display: flex; align-items: center; gap: 10px;\">\n\t<p><span class=\"wpcf7-form-control-wrap\" data-name=\"privacy-policy\"><span class=\"wpcf7-form-control wpcf7-acceptance\"><span class=\"wpcf7-list-item\"><input type=\"checkbox\" name=\"privacy-policy\" value=\"1\" aria-invalid=\"false\" \/><\/span><\/span><\/span><label for=\"privacy-policy\" style=\"margin-left: 5px;\">Li e aceito a pol\u00edtica de privacidade.<\/label>\n\t<\/p>\n<\/div>\n<div style=\"display: flex; align-items: center; gap: 10px;\">\n\t<p><span class=\"wpcf7-form-control-wrap\" data-name=\"send-info\"><span class=\"wpcf7-form-control wpcf7-acceptance\"><span class=\"wpcf7-list-item\"><input type=\"checkbox\" name=\"send-info\" value=\"1\" aria-invalid=\"false\" \/><\/span><\/span><\/span><label for=\"send-info\" style=\"margin-left: 5px;\">Concordo em receber informa\u00e7\u00f5es.<\/label>\n\t<\/p>\n<\/div>\n<p><input class=\"wpcf7-form-control wpcf7-submit has-spinner\" type=\"submit\" value=\"Enviar\" \/>\n<\/p><div class=\"wpcf7-response-output\" aria-hidden=\"true\"><\/div>\n<input type=\"hidden\" name=\"trp-form-language\" value=\"pt\"\/><\/form>\n<\/div>\n<\/div><\/div>\t\t\t\t<\/div>\n\t\t\t\t<\/div>\n\t\t\t\t\t<\/div>\n\t\t<\/div>\n\t\t\t\t\t<\/div>\n\t\t<\/section>\n\t\t\t\t<div class=\"elementor-element elementor-element-6fccb62 elementor-widget elementor-widget-text-editor\" data-id=\"6fccb62\" data-element_type=\"widget\" data-e-type=\"widget\" data-widget_type=\"text-editor.default\">\n\t\t\t\t<div class=\"elementor-widget-container\">\n\t\t\t\t\t\t\t\t\t<p><strong>Limpadores espec\u00edficos<\/strong><\/p><p>Come\u00e7amos a falar sobre o\u00a0<a href=\"https:\/\/dermo.com\/pt\/catalogo\/es\/produtos-de-limpeza-especificos\/59-dermovitro.html\/\">DermoVitro<\/a>, um produto preparado para a limpeza e conserva\u00e7\u00e3o de placas vitrocer\u00e2micas, superf\u00edcies de a\u00e7o inoxid\u00e1vel, esmaltadas e cromadas e quaisquer outras superf\u00edcies que necessitem de decapagem e polimento microsc\u00f3pico para sua manuten\u00e7\u00e3o.<\/p><p>Outro dos nossos produtos de limpeza espec\u00edficos \u00e9\u00a0<a href=\"https:\/\/dermo.com\/pt\/catalogo\/es\/produtos-de-limpeza-especificos\/106-image.html\/\">Imagem,<\/a>\u00a0um produto \u00e0 base de \u00e1lcool projetado para limpar superf\u00edcies esmaltadas e azulejadas. Repele poeira e sujeira, mantendo as janelas impec\u00e1veis por mais tempo. Deve ser sempre aplicado com panos apropriados e sem fiapos.<\/p><p>E continuamos com produtos de limpeza mais espec\u00edficos como\u00a0<a href=\"https:\/\/dermo.com\/pt\/catalogo\/es\/produtos-de-limpeza-especificos\/107-inox100.html\/\">A\u00e7o inoxid\u00e1vel 100<\/a>, um polidor de a\u00e7o inoxid\u00e1vel, que tem um efeito antiest\u00e1tico que repele a sujeira e protege contra graxa e corros\u00e3o. Pode ser usado em cozinhas, banheiros, etc.<\/p><p><a href=\"https:\/\/dermo.com\/pt\/catalogo\/es\/produtos-de-limpeza-especificos\/105-star-pink.html\/\">Star Pink \u00e9<\/a>\u00a0Outro dos nossos limpadores espec\u00edficos, que lida com revestimentos de superf\u00edcie, \u00e9 f\u00e1cil de aplicar e \u00e9 especialmente formulado para limpar e conservar vidros, espelhos, metais, madeira, couro, metacrilato, a\u00e7o inoxid\u00e1vel, etc. Deixa as superf\u00edcies limpas e brilhantes, repele poeira e elimina arranh\u00f5es.<\/p><p><a href=\"https:\/\/dermo.com\/pt\/catalogo\/es\/produtos-de-limpeza-especificos\/109-oven100.html\/\">Forno 100<\/a>\u00a0\u00c9 um detergente desengordurante formulado especificamente para limpeza de fornos de convec\u00e7\u00e3o e possui um sistema de lavagem autom\u00e1tica ou conceito de Rob\u00f4 de Limpeza.<\/p><p><strong>Limpeza profissional na ind\u00fastria automotiva<\/strong><\/p><p>Al\u00e9m do limpador espec\u00edfico\u00a0<strong>limpador de estofados<\/strong>\u00a0Na Dermo, tamb\u00e9m temos uma s\u00e9rie de produtos que foram pensados para a limpeza profissional no setor automotivo. Estes s\u00e3o dois dos mais vendidos; Podemos encontrar o\u00a0<a href=\"https:\/\/dermo.com\/pt\/catalogo\/es\/industria-e-automotiva\/131-dermocard.html\/\">Dermocar D<\/a>, um detergente desengordurante para limpeza de carro\u00e7arias muito sujas, como cami\u00f5es ou ve\u00edculos industriais e, por outro lado, o\u00a0<a href=\"https:\/\/dermo.com\/pt\/catalogo\/es\/industria-e-automotiva\/121-blackt.html\/\">Camiseta preta<\/a>, um abrilhantador para pneus e pe\u00e7as de borracha. \u00c9 formulado para oferecer grande resist\u00eancia \u00e0 \u00e1gua e manter a cor original das rodas e pe\u00e7as de borracha por muito tempo, evitando que se deteriorem t\u00e3o rapidamente e proporcionando um brilho natural.<\/p>\t\t\t\t\t\t\t\t<\/div>\n\t\t\t\t<\/div>\n\t\t\t\t\t<\/div>\n\t\t<\/div>\n\t\t\t\t\t<\/div>\n\t\t<\/section>\n\t\t\t\t<section class=\"elementor-section elementor-top-section elementor-element elementor-element-70a6a51 elementor-section-full_width elementor-section-height-default elementor-section-height-default elementor-invisible\" data-id=\"70a6a51\" data-element_type=\"section\" data-e-type=\"section\" data-settings=\"{&quot;animation&quot;:&quot;slideInUp&quot;}\">\n\t\t\t\t\t\t<div class=\"elementor-container elementor-column-gap-default\">\n\t\t\t\t\t<div class=\"elementor-column elementor-col-100 elementor-top-column elementor-element elementor-element-98251dc\" data-id=\"98251dc\" data-element_type=\"column\" data-e-type=\"column\">\n\t\t\t<div class=\"elementor-widget-wrap elementor-element-populated\">\n\t\t\t\t\t\t<div class=\"elementor-element elementor-element-000197d elementor-widget elementor-widget-google_maps\" data-id=\"000197d\" data-element_type=\"widget\" data-e-type=\"widget\" data-widget_type=\"google_maps.default\">\n\t\t\t\t<div class=\"elementor-widget-container\">\n\t\t\t\t\t\t\t<div class=\"elementor-custom-embed\">\n\t\t\t<iframe loading=\"lazy\"\n\t\t\t\t\tsrc=\"https:\/\/maps.google.com\/maps?q=C%2F%20Pintor%20Joan%20Miro%2C%2016.%20Pol.%20Ind.%20Can%20Humet%20de%20Dalt%2C%2008213%20Poliny%C3%A0.%20Barcelona&#038;t=m&#038;z=15&#038;output=embed&#038;iwloc=near\"\n\t\t\t\t\ttitle=\"C\/ Pintor Joan Miro, 16. Pol. Ind. Can Humet de Dalt, 08213 Poliny\u00e0. Barcelona\"\n\t\t\t\t\taria-label=\"C\/ Pintor Joan Miro, 16. Pol. Ind. Can Humet de Dalt, 08213 Poliny\u00e0. Barcelona\"\n\t\t\t><\/iframe>\n\t\t<\/div>\n\t\t\t\t\t\t<\/div>\n\t\t\t\t<\/div>\n\t\t\t\t\t<\/div>\n\t\t<\/div>\n\t\t\t\t\t<\/div>\n\t\t<\/section>\n\t\t\t\t<\/div>","protected":false},"excerpt":{"rendered":"<p>Dermo: Limpador de Estofados Hoje, queremos falar sobre um dos nossos produtos espec\u00edficos para a limpeza profissional do seu ve\u00edculo: o Limpador de Estofados LT, um detergente l\u00edquido desenvolvido para a limpeza de estofados, carpetes, tecidos e sof\u00e1s. Ele n\u00e3o danifica nenhum tipo de tecido e restaura sua apar\u00eancia e cor originais. \u00c9 um produto\u2026&nbsp;<a href=\"https:\/\/dermo.com\/pt\/limpador-de-estofados-2\/\" rel=\"bookmark\">Ler mais \u00bb<span class=\"screen-reader-text\">Limpador de estofados<\/span><\/a><\/p>","protected":false},"author":2,"featured_media":0,"parent":0,"menu_order":0,"comment_status":"closed","ping_status":"closed","template":"page-templates\/template-pagebuilder-full-width.php","meta":{"neve_meta_sidebar":"","neve_meta_container":"","neve_meta_enable_content_width":"","neve_meta_content_width":0,"neve_meta_title_alignment":"","neve_meta_author_avatar":"","neve_post_elements_order":"","neve_meta_disable_header":"","neve_meta_disable_footer":"","neve_meta_disable_title":"","footnotes":""},"class_list":["post-13090","page","type-page","status-publish","hentry"],"yoast_head":"<!-- This site is optimized with the Yoast SEO plugin v27.0 - https:\/\/yoast.com\/product\/yoast-seo-wordpress\/ -->\n<title>Limpia tapicer\u00edas - Dermo | F\u00e1brica de detergentes<\/title>\n<meta name=\"robots\" content=\"index, follow, max-snippet:-1, max-image-preview:large, max-video-preview:-1\" \/>\n<link rel=\"canonical\" href=\"https:\/\/dermo.com\/pt\/limpador-de-estofados-2\/\" \/>\n<meta property=\"og:locale\" content=\"pt_PT\" \/>\n<meta property=\"og:type\" content=\"article\" \/>\n<meta property=\"og:title\" content=\"Limpia tapicer\u00edas - Dermo | F\u00e1brica de detergentes\" \/>\n<meta property=\"og:description\" content=\"Dermo: Limpia tapicer\u00edas Hoy queremos hablarte de uno de nuestros productos espec\u00edficos para la limpieza profesional para tu veh\u00edculo y es nuestro\u00a0limpia tapicer\u00edas\u00a0L.T., un detergente l\u00edquido dise\u00f1ado para la limpieza de tapicer\u00edas, moquetas, textiles, y sof\u00e1s que no da\u00f1a ning\u00fan tipo de tejido y consigue devolverles el aspecto y el color original. Es un producto&hellip;&nbsp;Ler mais &raquo;Limpia tapicer\u00edas\" \/>\n<meta property=\"og:url\" content=\"https:\/\/dermo.com\/pt\/limpador-de-estofados-2\/\" \/>\n<meta property=\"og:site_name\" content=\"Dermo | F\u00e1brica de detergentes\" \/>\n<meta property=\"article:modified_time\" content=\"2025-02-19T11:14:23+00:00\" \/>\n<meta name=\"twitter:card\" content=\"summary_large_image\" \/>\n<meta name=\"twitter:label1\" content=\"Tempo estimado de leitura\" \/>\n\t<meta name=\"twitter:data1\" content=\"3 minutos\" \/>\n<script type=\"application\/ld+json\" class=\"yoast-schema-graph\">{\"@context\":\"https:\/\/schema.org\",\"@graph\":[{\"@type\":\"WebPage\",\"@id\":\"https:\/\/dermo.com\/limpia-tapicerias\/\",\"url\":\"https:\/\/dermo.com\/limpia-tapicerias\/\",\"name\":\"Limpia tapicer\u00edas - Dermo | F\u00e1brica de detergentes\",\"isPartOf\":{\"@id\":\"https:\/\/dermo.com\/#website\"},\"datePublished\":\"2025-01-31T11:08:36+00:00\",\"dateModified\":\"2025-02-19T11:14:23+00:00\",\"breadcrumb\":{\"@id\":\"https:\/\/dermo.com\/limpia-tapicerias\/#breadcrumb\"},\"inLanguage\":\"pt-PT\",\"potentialAction\":[{\"@type\":\"ReadAction\",\"target\":[\"https:\/\/dermo.com\/limpia-tapicerias\/\"]}]},{\"@type\":\"BreadcrumbList\",\"@id\":\"https:\/\/dermo.com\/limpia-tapicerias\/#breadcrumb\",\"itemListElement\":[{\"@type\":\"ListItem\",\"position\":1,\"name\":\"Portada\",\"item\":\"https:\/\/dermo.com\/\"},{\"@type\":\"ListItem\",\"position\":2,\"name\":\"Limpia tapicer\u00edas\"}]},{\"@type\":\"WebSite\",\"@id\":\"https:\/\/dermo.com\/#website\",\"url\":\"https:\/\/dermo.com\/\",\"name\":\"Dermo | F\u00e1brica de detergentes\",\"description\":\"Tecnolog\u00eda avanzada, investigaci\u00f3n y desarrollo, respeto por el medio ambiente, competencia, formaci\u00f3n constante y alto nivel de profesionalidad en nuestro equipo humano, empe\u00f1ado en preservar la calidad de vida, la protecci\u00f3n del entorno natural contin\u00faan motiv\u00e1ndonos para desarrollar en nuestros laboratorios nuevos productos con ingredientes activos altamente biodegradables que hacen posible un desarrollo sostenible.\",\"potentialAction\":[{\"@type\":\"SearchAction\",\"target\":{\"@type\":\"EntryPoint\",\"urlTemplate\":\"https:\/\/dermo.com\/?s={search_term_string}\"},\"query-input\":{\"@type\":\"PropertyValueSpecification\",\"valueRequired\":true,\"valueName\":\"search_term_string\"}}],\"inLanguage\":\"pt-PT\"}]}<\/script>\n<!-- \/ Yoast SEO plugin. -->","yoast_head_json":{"title":"Limpador de estofados - Dermo | F\u00e1brica de detergentes","robots":{"index":"index","follow":"follow","max-snippet":"max-snippet:-1","max-image-preview":"max-image-preview:large","max-video-preview":"max-video-preview:-1"},"canonical":"https:\/\/dermo.com\/pt\/limpador-de-estofados-2\/","og_locale":"pt_PT","og_type":"article","og_title":"Limpia tapicer\u00edas - Dermo | F\u00e1brica de detergentes","og_description":"Dermo: Limpia tapicer\u00edas Hoy queremos hablarte de uno de nuestros productos espec\u00edficos para la limpieza profesional para tu veh\u00edculo y es nuestro\u00a0limpia tapicer\u00edas\u00a0L.T., un detergente l\u00edquido dise\u00f1ado para la limpieza de tapicer\u00edas, moquetas, textiles, y sof\u00e1s que no da\u00f1a ning\u00fan tipo de tejido y consigue devolverles el aspecto y el color original. Es un producto&hellip;&nbsp;Ler mais &raquo;Limpia tapicer\u00edas","og_url":"https:\/\/dermo.com\/pt\/limpador-de-estofados-2\/","og_site_name":"Dermo | F\u00e1brica de detergentes","article_modified_time":"2025-02-19T11:14:23+00:00","twitter_card":"summary_large_image","twitter_misc":{"Tempo estimado de leitura":"3 minutos"},"schema":{"@context":"https:\/\/schema.org","@graph":[{"@type":"WebPage","@id":"https:\/\/dermo.com\/limpia-tapicerias\/","url":"https:\/\/dermo.com\/limpia-tapicerias\/","name":"Limpador de estofados - Dermo | F\u00e1brica de detergentes","isPartOf":{"@id":"https:\/\/dermo.com\/#website"},"datePublished":"2025-01-31T11:08:36+00:00","dateModified":"2025-02-19T11:14:23+00:00","breadcrumb":{"@id":"https:\/\/dermo.com\/limpia-tapicerias\/#breadcrumb"},"inLanguage":"pt-PT","potentialAction":[{"@type":"ReadAction","target":["https:\/\/dermo.com\/limpia-tapicerias\/"]}]},{"@type":"BreadcrumbList","@id":"https:\/\/dermo.com\/limpia-tapicerias\/#breadcrumb","itemListElement":[{"@type":"ListItem","position":1,"name":"Portada","item":"https:\/\/dermo.com\/"},{"@type":"ListItem","position":2,"name":"Limpia tapicer\u00edas"}]},{"@type":"WebSite","@id":"https:\/\/dermo.com\/#website","url":"https:\/\/dermo.com\/","name":"Dermo | f\u00e1brica de detergentes","description":"A tecnologia avan\u00e7ada, a investiga\u00e7\u00e3o e desenvolvimento, o respeito pelo ambiente, a compet\u00eancia, a forma\u00e7\u00e3o constante e o elevado n\u00edvel de profissionalismo da nossa equipa humana, comprometida com a preserva\u00e7\u00e3o da qualidade de vida, a protec\u00e7\u00e3o do ambiente natural continuam a motivar-nos a desenvolver novos produtos nos nossos laborat\u00f3rios com princ\u00edpios ativos altamente biodegrad\u00e1veis que possibilitam o desenvolvimento sustent\u00e1vel.","potentialAction":[{"@type":"SearchAction","target":{"@type":"EntryPoint","urlTemplate":"https:\/\/dermo.com\/?s={search_term_string}"},"query-input":{"@type":"PropertyValueSpecification","valueRequired":true,"valueName":"search_term_string"}}],"inLanguage":"pt-PT"}]}},"_links":{"self":[{"href":"https:\/\/dermo.com\/pt\/wp-json\/wp\/v2\/pages\/13090","targetHints":{"allow":["GET"]}}],"collection":[{"href":"https:\/\/dermo.com\/pt\/wp-json\/wp\/v2\/pages"}],"about":[{"href":"https:\/\/dermo.com\/pt\/wp-json\/wp\/v2\/types\/page"}],"author":[{"embeddable":true,"href":"https:\/\/dermo.com\/pt\/wp-json\/wp\/v2\/users\/2"}],"replies":[{"embeddable":true,"href":"https:\/\/dermo.com\/pt\/wp-json\/wp\/v2\/comments?post=13090"}],"version-history":[{"count":6,"href":"https:\/\/dermo.com\/pt\/wp-json\/wp\/v2\/pages\/13090\/revisions"}],"predecessor-version":[{"id":13611,"href":"https:\/\/dermo.com\/pt\/wp-json\/wp\/v2\/pages\/13090\/revisions\/13611"}],"wp:attachment":[{"href":"https:\/\/dermo.com\/pt\/wp-json\/wp\/v2\/media?parent=13090"}],"curies":[{"name":"wp","href":"https:\/\/api.w.org\/{rel}","templated":true}]}}