{"id":13096,"date":"2025-01-31T12:13:01","date_gmt":"2025-01-31T11:13:01","guid":{"rendered":"https:\/\/dermo.com\/?page_id=13096"},"modified":"2025-02-19T12:17:03","modified_gmt":"2025-02-19T11:17:03","slug":"limpadores-especificos-4","status":"publish","type":"page","link":"https:\/\/dermo.com\/pt\/limpadores-especificos-4\/","title":{"rendered":"Limpadores espec\u00edficos"},"content":{"rendered":"<div data-elementor-type=\"wp-page\" data-elementor-id=\"13096\" class=\"elementor elementor-13096\" data-elementor-post-type=\"page\">\n\t\t\t\t\t\t<section class=\"elementor-section elementor-top-section elementor-element elementor-element-ce29fa7 elementor-section-boxed elementor-section-height-default elementor-section-height-default\" data-id=\"ce29fa7\" data-element_type=\"section\" data-e-type=\"section\" data-settings=\"{&quot;background_background&quot;:&quot;classic&quot;}\">\n\t\t\t\t\t\t\t<div class=\"elementor-background-overlay\"><\/div>\n\t\t\t\t\t\t\t<div class=\"elementor-container elementor-column-gap-default\">\n\t\t\t\t\t<div class=\"elementor-column elementor-col-100 elementor-top-column elementor-element elementor-element-b5a75df\" data-id=\"b5a75df\" data-element_type=\"column\" data-e-type=\"column\">\n\t\t\t<div class=\"elementor-widget-wrap elementor-element-populated\">\n\t\t\t\t\t\t\t<\/div>\n\t\t<\/div>\n\t\t\t\t\t<\/div>\n\t\t<\/section>\n\t\t\t\t<section class=\"elementor-section elementor-top-section elementor-element elementor-element-7852463 elementor-section-boxed elementor-section-height-default elementor-section-height-default\" data-id=\"7852463\" data-element_type=\"section\" data-e-type=\"section\">\n\t\t\t\t\t\t<div class=\"elementor-container elementor-column-gap-default\">\n\t\t\t\t\t<div class=\"elementor-column elementor-col-100 elementor-top-column elementor-element elementor-element-82de9bc\" data-id=\"82de9bc\" data-element_type=\"column\" data-e-type=\"column\">\n\t\t\t<div class=\"elementor-widget-wrap elementor-element-populated\">\n\t\t\t\t\t\t<section class=\"elementor-section elementor-inner-section elementor-element elementor-element-9499acd elementor-section-content-middle elementor-section-boxed elementor-section-height-default elementor-section-height-default\" data-id=\"9499acd\" data-element_type=\"section\" data-e-type=\"section\">\n\t\t\t\t\t\t<div class=\"elementor-container elementor-column-gap-default\">\n\t\t\t\t\t<div class=\"elementor-column elementor-col-50 elementor-inner-column elementor-element elementor-element-348f064\" data-id=\"348f064\" data-element_type=\"column\" data-e-type=\"column\">\n\t\t\t<div class=\"elementor-widget-wrap elementor-element-populated\">\n\t\t\t\t\t\t<div class=\"elementor-element elementor-element-7e2d0bb elementor-widget elementor-widget-text-editor\" data-id=\"7e2d0bb\" data-element_type=\"widget\" data-e-type=\"widget\" data-widget_type=\"text-editor.default\">\n\t\t\t\t<div class=\"elementor-widget-container\">\n\t\t\t\t\t\t\t\t\t<div id=\"lipsum\"><p>A Dermo \u00e9 uma empresa dedicada \u00e0 fabrica\u00e7\u00e3o de\u00a0<strong>produtos de limpeza espec\u00edficos<\/strong>\u00a0limpeza profissional. Com 30 anos de experi\u00eancia no setor, na Dermo temos a vontade de projetar e fabricar\u00a0<strong>produtos de limpeza espec\u00edficos<\/strong>\u00a0para todos os tipos de setores, como habita\u00e7\u00e3o ou ind\u00fastria.<\/p><p>Nosso trabalho \u00e9 fabricar e fornecer produtos\u00a0<strong>produtos de limpeza espec\u00edficos\u00a0<\/strong>para cada local e cada material, obtendo resultados impec\u00e1veis que proporcionam higiene, bom aroma, desincrusta\u00e7\u00e3o, desinfe\u00e7\u00e3o ou polimento, entre muitos outros.<\/p><p>Estudamos a melhor forma de projetar produtos\u00a0<strong>produtos de limpeza espec\u00edficos<\/strong>\u00a0e nos mantemos atualizados com todas as novidades e melhorias deste setor, para oferecer aos nossos clientes os melhores produtos de limpeza espec\u00edficos que eles possam encontrar no mercado.<\/p><p>Quando decidimos fazer uma limpeza completa em nossa casa, percebemos que estamos com falta de produtos de limpeza ou temos produtos muito gen\u00e9ricos, que n\u00e3o funcionam como deveriam. Na empresa de limpeza Dermo pensamos em voc\u00ea e \u00e9 por isso que oferecemos uma ampla gama de\u00a0<strong>produtos de limpeza espec\u00edficos<\/strong>\u00a0isso acabaria com esse problema, j\u00e1 que eles s\u00e3o projetados com f\u00f3rmulas espec\u00edficas para cada coisa.<\/p><\/div>\t\t\t\t\t\t\t\t<\/div>\n\t\t\t\t<\/div>\n\t\t\t\t\t<\/div>\n\t\t<\/div>\n\t\t\t\t<div class=\"elementor-column elementor-col-50 elementor-inner-column elementor-element elementor-element-6534e89 elementor-invisible\" data-id=\"6534e89\" data-element_type=\"column\" data-e-type=\"column\" data-settings=\"{&quot;animation&quot;:&quot;bounceInRight&quot;}\">\n\t\t\t<div class=\"elementor-widget-wrap elementor-element-populated\">\n\t\t\t\t\t\t<div class=\"elementor-element elementor-element-3c398ce elementor-widget__width-initial elementor-widget elementor-widget-elementskit-contact-form7\" data-id=\"3c398ce\" data-element_type=\"widget\" data-e-type=\"widget\" data-widget_type=\"elementskit-contact-form7.default\">\n\t\t\t\t<div class=\"elementor-widget-container\">\n\t\t\t\t\t<div class=\"ekit-wid-con\" ><div class=\"ekit-form\">\n<div class=\"wpcf7 no-js\" id=\"wpcf7-f13292-p13096-o1\" lang=\"es-ES\" dir=\"ltr\" data-wpcf7-id=\"13292\">\n<div class=\"screen-reader-response\"><p role=\"status\" aria-live=\"polite\" aria-atomic=\"true\"><\/p> <ul><\/ul><\/div>\n<form action=\"\/pt\/limpadores-especificos-4\/#wpcf7-f13292-p13096-o1\" method=\"post\" class=\"wpcf7-form init\" aria-label=\"Formulario de contacto\" novalidate=\"novalidate\" data-status=\"init\" data-no-translation-aria-label=\"\" data-trp-original-action=\"\/pt\/limpiadores-especificos-4\/#wpcf7-f13292-p13096-o1\">\n<fieldset class=\"hidden-fields-container\"><input type=\"hidden\" name=\"_wpcf7\" value=\"13292\" \/><input type=\"hidden\" name=\"_wpcf7_version\" value=\"6.1.5\" \/><input type=\"hidden\" name=\"_wpcf7_locale\" value=\"es_ES\" \/><input type=\"hidden\" name=\"_wpcf7_unit_tag\" value=\"wpcf7-f13292-p13096-o1\" \/><input type=\"hidden\" name=\"_wpcf7_container_post\" value=\"13096\" \/><input type=\"hidden\" name=\"_wpcf7_posted_data_hash\" value=\"\" \/><input type=\"hidden\" name=\"_wpcf7_recaptcha_response\" value=\"\" \/>\n<\/fieldset>\n<div style=\"display: flex; gap: 10px;\">\n\t<div style=\"width: 50%;\">\n\t\t<p><span class=\"wpcf7-form-control-wrap\" data-name=\"your-name\"><input size=\"40\" maxlength=\"400\" class=\"wpcf7-form-control wpcf7-text wpcf7-validates-as-required\" aria-required=\"true\" aria-invalid=\"false\" placeholder=\"Nome\" value=\"\" type=\"text\" name=\"your-name\" \/><\/span>\n\t\t<\/p>\n\t<\/div>\n\t<div style=\"width: 50%;\">\n\t\t<p><span class=\"wpcf7-form-control-wrap\" data-name=\"your-phone\"><input size=\"40\" maxlength=\"400\" class=\"wpcf7-form-control wpcf7-tel wpcf7-validates-as-required wpcf7-text wpcf7-validates-as-tel\" aria-required=\"true\" aria-invalid=\"false\" placeholder=\"Telefone\" value=\"\" type=\"tel\" name=\"your-phone\" \/><\/span>\n\t\t<\/p>\n\t<\/div>\n<\/div>\n<p><span class=\"wpcf7-form-control-wrap\" data-name=\"your-email\"><input size=\"40\" maxlength=\"400\" class=\"wpcf7-form-control wpcf7-email wpcf7-validates-as-required wpcf7-text wpcf7-validates-as-email\" aria-required=\"true\" aria-invalid=\"false\" placeholder=\"E-mail\" value=\"\" type=\"email\" name=\"your-email\" \/><\/span>\n<\/p>\n<div style=\"display: flex; gap: 10px;\">\n\t<div style=\"width: 50%;\">\n\t\t<p><span class=\"wpcf7-form-control-wrap\" data-name=\"your-country\"><input size=\"40\" maxlength=\"400\" class=\"wpcf7-form-control wpcf7-text wpcf7-validates-as-required\" aria-required=\"true\" aria-invalid=\"false\" placeholder=\"Pa\u00eds\" value=\"\" type=\"text\" name=\"your-country\" \/><\/span>\n\t\t<\/p>\n\t<\/div>\n\t<div style=\"width: 50%;\">\n\t\t<p><span class=\"wpcf7-form-control-wrap\" data-name=\"your-city\"><input size=\"40\" maxlength=\"400\" class=\"wpcf7-form-control wpcf7-text wpcf7-validates-as-required\" aria-required=\"true\" aria-invalid=\"false\" placeholder=\"Popula\u00e7\u00e3o\" value=\"\" type=\"text\" name=\"your-city\" \/><\/span>\n\t\t<\/p>\n\t<\/div>\n<\/div>\n<p><span class=\"wpcf7-form-control-wrap\" data-name=\"your-subject\"><select class=\"wpcf7-form-control wpcf7-select\" aria-invalid=\"false\" name=\"your-subject\"><option value=\"Quiero ser distribuidor\">Quero ser um distribuidor<\/option><option value=\"Presupuesto\">Or\u00e7amento<\/option><option value=\"Consulta\">Consulta<\/option><option value=\"Sugerencia\">Sugest\u00e3o<\/option><option value=\"Otros\">Outros<\/option><\/select><\/span>\n<\/p>\n<p><span class=\"wpcf7-form-control-wrap\" data-name=\"your-message\"><textarea cols=\"40\" rows=\"10\" maxlength=\"2000\" class=\"wpcf7-form-control wpcf7-textarea\" aria-invalid=\"false\" placeholder=\"Mensagem ou consulta\" name=\"your-message\"><\/textarea><\/span>\n<\/p>\n<div style=\"display: flex; align-items: center; gap: 10px;\">\n\t<p><span class=\"wpcf7-form-control-wrap\" data-name=\"privacy-policy\"><span class=\"wpcf7-form-control wpcf7-acceptance\"><span class=\"wpcf7-list-item\"><input type=\"checkbox\" name=\"privacy-policy\" value=\"1\" aria-invalid=\"false\" \/><\/span><\/span><\/span><label for=\"privacy-policy\" style=\"margin-left: 5px;\">Li e aceito a pol\u00edtica de privacidade.<\/label>\n\t<\/p>\n<\/div>\n<div style=\"display: flex; align-items: center; gap: 10px;\">\n\t<p><span class=\"wpcf7-form-control-wrap\" data-name=\"send-info\"><span class=\"wpcf7-form-control wpcf7-acceptance\"><span class=\"wpcf7-list-item\"><input type=\"checkbox\" name=\"send-info\" value=\"1\" aria-invalid=\"false\" \/><\/span><\/span><\/span><label for=\"send-info\" style=\"margin-left: 5px;\">Concordo em receber informa\u00e7\u00f5es.<\/label>\n\t<\/p>\n<\/div>\n<p><input class=\"wpcf7-form-control wpcf7-submit has-spinner\" type=\"submit\" value=\"Enviar\" \/>\n<\/p><div class=\"wpcf7-response-output\" aria-hidden=\"true\"><\/div>\n<input type=\"hidden\" name=\"trp-form-language\" value=\"pt\"\/><\/form>\n<\/div>\n<\/div><\/div>\t\t\t\t<\/div>\n\t\t\t\t<\/div>\n\t\t\t\t\t<\/div>\n\t\t<\/div>\n\t\t\t\t\t<\/div>\n\t\t<\/section>\n\t\t\t\t<div class=\"elementor-element elementor-element-537e02e elementor-widget elementor-widget-text-editor\" data-id=\"537e02e\" data-element_type=\"widget\" data-e-type=\"widget\" data-widget_type=\"text-editor.default\">\n\t\t\t\t<div class=\"elementor-widget-container\">\n\t\t\t\t\t\t\t\t\t<div id=\"lipsum\"><p>Na Dermo temos\u00a0<strong>produtos de limpeza espec\u00edficos<\/strong>\u00a0para o forno,\u00a0<strong>produtos de limpeza espec\u00edficos<\/strong>\u00a0para vitrocer\u00e2mica,\u00a0<strong>produtos de limpeza espec\u00edficos<\/strong>\u00a0para revestimento de superf\u00edcie,\u00a0<strong>produtos de limpeza espec\u00edficos<\/strong>\u00a0para pavimentos,\u00a0<strong>produtos de limpeza espec\u00edficos<\/strong>\u00a0para estofamento,\u00a0<strong>produtos de limpeza espec\u00edficos<\/strong>\u00a0para m\u00f3veis,\u00a0<strong>produtos de limpeza espec\u00edficos<\/strong>\u00a0limpador de janelas, etc.<\/p><p>A Dermo oferece uma ampla gama de\u00a0<strong>produtos de limpeza espec\u00edficos<\/strong>\u00a0para sua casa, empresa, hotel, restaurante, carro, banheiro e onde quer que voc\u00ea precise. Na Dermo queremos estar presentes no seu dia a dia com a\u00a0<strong>produtos de limpeza espec\u00edficos<\/strong>, para que voc\u00ea tenha um ambiente limpo, higi\u00eanico, saud\u00e1vel e com cheiro agrad\u00e1vel.<\/p><p>A empresa de limpeza Dermo quer que seus clientes desfrutem\u00a0<strong>produtos de limpeza espec\u00edficos<\/strong>\u00a0e profissionais, por isso colocamos produtos \u00e0 sua disposi\u00e7\u00e3o\u00a0<strong>espec\u00edfico<\/strong>\u00a0para cada ocasi\u00e3o. Nosso objetivo \u00e9 conseguir uma limpeza eficaz, intensa e duradoura. O\u00a0<strong>produtos de limpeza espec\u00edficos<\/strong>\u00a0Os produtos da Dermo cont\u00eam alto poder de concentra\u00e7\u00e3o, por isso n\u00e3o \u00e9 necess\u00e1rio usar muito produto. Os produtos\u00a0<strong>produtos de limpeza espec\u00edficos<\/strong>\u00a0Os produtos da Dermo permitem eliminar sujeiras e res\u00edduos, mantendo a textura e o aspecto original dos materiais, devido \u00e0 sua composi\u00e7\u00e3o respeitosa.<\/p><p>Na Dermo investimos na qualidade e na elimina\u00e7\u00e3o dos produtos mais t\u00f3xicos, pois queremos alcan\u00e7ar uma limpeza natural e concentrada para os nossos clientes. Gra\u00e7as ao\u00a0<strong>produtos de limpeza espec\u00edficos<\/strong>\u00a0Com a Dermo, voc\u00ea pode ter um produto para tudo e aproveitar os benef\u00edcios que cada um deles pode lhe trazer.<\/p><p>A Dermo coloca \u00e0 sua disposi\u00e7\u00e3o\u00a0<strong>produtos de limpeza espec\u00edficos\u00a0<\/strong>para todos os tipos de m\u00f3veis, espa\u00e7os, pisos e qualquer coisa que possa ficar suja ou acumular mais res\u00edduos. Com o\u00a0<strong>produtos de limpeza espec\u00edficos<\/strong>\u00a0Com Dermo voc\u00ea pode se livrar da sujeira que se acumula em cada cantinho.<\/p><p>Se voc\u00ea quiser descobrir tudo o que\u00a0<strong>produtos de limpeza espec\u00edficos<\/strong>\u00a0que oferecemos a voc\u00ea na empresa de limpeza Dermo, convidamos voc\u00ea a acessar\u00a0<a href=\"https:\/\/dermo.com\/pt\/catalogo\/es\/20-limpiadores-especificos\/\">este link<\/a>\u00a0e voc\u00ea poder\u00e1 ver todo o nosso cat\u00e1logo de produtos\u00a0<strong>produtos de limpeza espec\u00edficos<\/strong>. Se voc\u00ea gosta\u00a0<strong>produtos de limpeza espec\u00edficos<\/strong>\u00a0Para garantir que sua casa fique impec\u00e1vel e impec\u00e1vel, confie na empresa de limpeza Dermo.<\/p><\/div>\t\t\t\t\t\t\t\t<\/div>\n\t\t\t\t<\/div>\n\t\t\t\t\t<\/div>\n\t\t<\/div>\n\t\t\t\t\t<\/div>\n\t\t<\/section>\n\t\t\t\t<section class=\"elementor-section elementor-top-section elementor-element elementor-element-01d0180 elementor-section-full_width elementor-section-height-default elementor-section-height-default elementor-invisible\" data-id=\"01d0180\" data-element_type=\"section\" data-e-type=\"section\" data-settings=\"{&quot;animation&quot;:&quot;slideInUp&quot;}\">\n\t\t\t\t\t\t<div class=\"elementor-container elementor-column-gap-default\">\n\t\t\t\t\t<div class=\"elementor-column elementor-col-100 elementor-top-column elementor-element elementor-element-9f7a781\" data-id=\"9f7a781\" data-element_type=\"column\" data-e-type=\"column\">\n\t\t\t<div class=\"elementor-widget-wrap elementor-element-populated\">\n\t\t\t\t\t\t<div class=\"elementor-element elementor-element-701de7d elementor-widget elementor-widget-google_maps\" data-id=\"701de7d\" data-element_type=\"widget\" data-e-type=\"widget\" data-widget_type=\"google_maps.default\">\n\t\t\t\t<div class=\"elementor-widget-container\">\n\t\t\t\t\t\t\t<div class=\"elementor-custom-embed\">\n\t\t\t<iframe loading=\"lazy\"\n\t\t\t\t\tsrc=\"https:\/\/maps.google.com\/maps?q=C%2F%20Pintor%20Joan%20Miro%2C%2016.%20Pol.%20Ind.%20Can%20Humet%20de%20Dalt%2C%2008213%20Poliny%C3%A0.%20Barcelona&#038;t=m&#038;z=15&#038;output=embed&#038;iwloc=near\"\n\t\t\t\t\ttitle=\"C\/ Pintor Joan Miro, 16. Pol. Ind. Can Humet de Dalt, 08213 Poliny\u00e0. Barcelona\"\n\t\t\t\t\taria-label=\"C\/ Pintor Joan Miro, 16. Pol. Ind. Can Humet de Dalt, 08213 Poliny\u00e0. Barcelona\"\n\t\t\t><\/iframe>\n\t\t<\/div>\n\t\t\t\t\t\t<\/div>\n\t\t\t\t<\/div>\n\t\t\t\t\t<\/div>\n\t\t<\/div>\n\t\t\t\t\t<\/div>\n\t\t<\/section>\n\t\t\t\t<\/div>","protected":false},"excerpt":{"rendered":"<p>A Dermo \u00e9 uma empresa dedicada \u00e0 fabrica\u00e7\u00e3o de produtos de limpeza espec\u00edficos para limpeza profissional. Com 30 anos de experi\u00eancia no setor, na Dermo, nosso objetivo \u00e9 projetar e fabricar produtos de limpeza espec\u00edficos para todos os tipos de setores, como residencial e industrial. Nosso trabalho consiste em fabricar e fornecer produtos de limpeza espec\u00edficos para cada local e cada material,\u2026&nbsp;<a href=\"https:\/\/dermo.com\/pt\/limpadores-especificos-4\/\" rel=\"bookmark\">Ler mais \u00bb<span class=\"screen-reader-text\">Limpadores espec\u00edficos<\/span><\/a><\/p>","protected":false},"author":2,"featured_media":0,"parent":0,"menu_order":0,"comment_status":"closed","ping_status":"closed","template":"page-templates\/template-pagebuilder-full-width.php","meta":{"neve_meta_sidebar":"","neve_meta_container":"","neve_meta_enable_content_width":"","neve_meta_content_width":0,"neve_meta_title_alignment":"","neve_meta_author_avatar":"","neve_post_elements_order":"","neve_meta_disable_header":"","neve_meta_disable_footer":"","neve_meta_disable_title":"","footnotes":""},"class_list":["post-13096","page","type-page","status-publish","hentry"],"yoast_head":"<!-- This site is optimized with the Yoast SEO plugin v27.0 - https:\/\/yoast.com\/product\/yoast-seo-wordpress\/ -->\n<title>Limpiadores espec\u00edficos - Dermo | F\u00e1brica de detergentes<\/title>\n<meta name=\"robots\" content=\"index, follow, max-snippet:-1, max-image-preview:large, max-video-preview:-1\" \/>\n<link rel=\"canonical\" href=\"https:\/\/dermo.com\/pt\/limpadores-especificos-4\/\" \/>\n<meta property=\"og:locale\" content=\"pt_PT\" \/>\n<meta property=\"og:type\" content=\"article\" \/>\n<meta property=\"og:title\" content=\"Limpiadores espec\u00edficos - Dermo | F\u00e1brica de detergentes\" \/>\n<meta property=\"og:description\" content=\"Dermo es una empresa dedicada a la fabricaci\u00f3n de\u00a0limpiadores espec\u00edficos\u00a0de limpieza profesional. Con 30 a\u00f1os de experiencia en el sector, en Dermo tenemos la voluntad de dise\u00f1ar y fabricar\u00a0limpiadores espec\u00edficos\u00a0para todo tipo de sectores, tales como la vivienda o la industria. Nuestro trabajo consiste en fabricar y proveer productos\u00a0limpiadores espec\u00edficos\u00a0para cada lugar y cada material,&hellip;&nbsp;Ler mais &raquo;Limpiadores espec\u00edficos\" \/>\n<meta property=\"og:url\" content=\"https:\/\/dermo.com\/pt\/limpadores-especificos-4\/\" \/>\n<meta property=\"og:site_name\" content=\"Dermo | F\u00e1brica de detergentes\" \/>\n<meta property=\"article:modified_time\" content=\"2025-02-19T11:17:03+00:00\" \/>\n<meta name=\"twitter:card\" content=\"summary_large_image\" \/>\n<meta name=\"twitter:label1\" content=\"Tempo estimado de leitura\" \/>\n\t<meta name=\"twitter:data1\" content=\"3 minutos\" \/>\n<script type=\"application\/ld+json\" class=\"yoast-schema-graph\">{\"@context\":\"https:\/\/schema.org\",\"@graph\":[{\"@type\":\"WebPage\",\"@id\":\"https:\/\/dermo.com\/limpiadores-especificos-4\/\",\"url\":\"https:\/\/dermo.com\/limpiadores-especificos-4\/\",\"name\":\"Limpiadores espec\u00edficos - Dermo | F\u00e1brica de detergentes\",\"isPartOf\":{\"@id\":\"https:\/\/dermo.com\/#website\"},\"datePublished\":\"2025-01-31T11:13:01+00:00\",\"dateModified\":\"2025-02-19T11:17:03+00:00\",\"breadcrumb\":{\"@id\":\"https:\/\/dermo.com\/limpiadores-especificos-4\/#breadcrumb\"},\"inLanguage\":\"pt-PT\",\"potentialAction\":[{\"@type\":\"ReadAction\",\"target\":[\"https:\/\/dermo.com\/limpiadores-especificos-4\/\"]}]},{\"@type\":\"BreadcrumbList\",\"@id\":\"https:\/\/dermo.com\/limpiadores-especificos-4\/#breadcrumb\",\"itemListElement\":[{\"@type\":\"ListItem\",\"position\":1,\"name\":\"Portada\",\"item\":\"https:\/\/dermo.com\/\"},{\"@type\":\"ListItem\",\"position\":2,\"name\":\"Limpiadores espec\u00edficos\"}]},{\"@type\":\"WebSite\",\"@id\":\"https:\/\/dermo.com\/#website\",\"url\":\"https:\/\/dermo.com\/\",\"name\":\"Dermo | F\u00e1brica de detergentes\",\"description\":\"Tecnolog\u00eda avanzada, investigaci\u00f3n y desarrollo, respeto por el medio ambiente, competencia, formaci\u00f3n constante y alto nivel de profesionalidad en nuestro equipo humano, empe\u00f1ado en preservar la calidad de vida, la protecci\u00f3n del entorno natural contin\u00faan motiv\u00e1ndonos para desarrollar en nuestros laboratorios nuevos productos con ingredientes activos altamente biodegradables que hacen posible un desarrollo sostenible.\",\"potentialAction\":[{\"@type\":\"SearchAction\",\"target\":{\"@type\":\"EntryPoint\",\"urlTemplate\":\"https:\/\/dermo.com\/?s={search_term_string}\"},\"query-input\":{\"@type\":\"PropertyValueSpecification\",\"valueRequired\":true,\"valueName\":\"search_term_string\"}}],\"inLanguage\":\"pt-PT\"}]}<\/script>\n<!-- \/ Yoast SEO plugin. -->","yoast_head_json":{"title":"Limpadores espec\u00edficos - Dermo | F\u00e1brica de detergentes","robots":{"index":"index","follow":"follow","max-snippet":"max-snippet:-1","max-image-preview":"max-image-preview:large","max-video-preview":"max-video-preview:-1"},"canonical":"https:\/\/dermo.com\/pt\/limpadores-especificos-4\/","og_locale":"pt_PT","og_type":"article","og_title":"Limpiadores espec\u00edficos - Dermo | F\u00e1brica de detergentes","og_description":"Dermo es una empresa dedicada a la fabricaci\u00f3n de\u00a0limpiadores espec\u00edficos\u00a0de limpieza profesional. Con 30 a\u00f1os de experiencia en el sector, en Dermo tenemos la voluntad de dise\u00f1ar y fabricar\u00a0limpiadores espec\u00edficos\u00a0para todo tipo de sectores, tales como la vivienda o la industria. Nuestro trabajo consiste en fabricar y proveer productos\u00a0limpiadores espec\u00edficos\u00a0para cada lugar y cada material,&hellip;&nbsp;Ler mais &raquo;Limpiadores espec\u00edficos","og_url":"https:\/\/dermo.com\/pt\/limpadores-especificos-4\/","og_site_name":"Dermo | F\u00e1brica de detergentes","article_modified_time":"2025-02-19T11:17:03+00:00","twitter_card":"summary_large_image","twitter_misc":{"Tempo estimado de leitura":"3 minutos"},"schema":{"@context":"https:\/\/schema.org","@graph":[{"@type":"WebPage","@id":"https:\/\/dermo.com\/limpiadores-especificos-4\/","url":"https:\/\/dermo.com\/limpiadores-especificos-4\/","name":"Limpadores espec\u00edficos - Dermo | F\u00e1brica de detergentes","isPartOf":{"@id":"https:\/\/dermo.com\/#website"},"datePublished":"2025-01-31T11:13:01+00:00","dateModified":"2025-02-19T11:17:03+00:00","breadcrumb":{"@id":"https:\/\/dermo.com\/limpiadores-especificos-4\/#breadcrumb"},"inLanguage":"pt-PT","potentialAction":[{"@type":"ReadAction","target":["https:\/\/dermo.com\/limpiadores-especificos-4\/"]}]},{"@type":"BreadcrumbList","@id":"https:\/\/dermo.com\/limpiadores-especificos-4\/#breadcrumb","itemListElement":[{"@type":"ListItem","position":1,"name":"Portada","item":"https:\/\/dermo.com\/"},{"@type":"ListItem","position":2,"name":"Limpiadores espec\u00edficos"}]},{"@type":"WebSite","@id":"https:\/\/dermo.com\/#website","url":"https:\/\/dermo.com\/","name":"Dermo | f\u00e1brica de detergentes","description":"A tecnologia avan\u00e7ada, a investiga\u00e7\u00e3o e desenvolvimento, o respeito pelo ambiente, a compet\u00eancia, a forma\u00e7\u00e3o constante e o elevado n\u00edvel de profissionalismo da nossa equipa humana, comprometida com a preserva\u00e7\u00e3o da qualidade de vida, a protec\u00e7\u00e3o do ambiente natural continuam a motivar-nos a desenvolver novos produtos nos nossos laborat\u00f3rios com princ\u00edpios ativos altamente biodegrad\u00e1veis que possibilitam o desenvolvimento sustent\u00e1vel.","potentialAction":[{"@type":"SearchAction","target":{"@type":"EntryPoint","urlTemplate":"https:\/\/dermo.com\/?s={search_term_string}"},"query-input":{"@type":"PropertyValueSpecification","valueRequired":true,"valueName":"search_term_string"}}],"inLanguage":"pt-PT"}]}},"_links":{"self":[{"href":"https:\/\/dermo.com\/pt\/wp-json\/wp\/v2\/pages\/13096","targetHints":{"allow":["GET"]}}],"collection":[{"href":"https:\/\/dermo.com\/pt\/wp-json\/wp\/v2\/pages"}],"about":[{"href":"https:\/\/dermo.com\/pt\/wp-json\/wp\/v2\/types\/page"}],"author":[{"embeddable":true,"href":"https:\/\/dermo.com\/pt\/wp-json\/wp\/v2\/users\/2"}],"replies":[{"embeddable":true,"href":"https:\/\/dermo.com\/pt\/wp-json\/wp\/v2\/comments?post=13096"}],"version-history":[{"count":10,"href":"https:\/\/dermo.com\/pt\/wp-json\/wp\/v2\/pages\/13096\/revisions"}],"predecessor-version":[{"id":13620,"href":"https:\/\/dermo.com\/pt\/wp-json\/wp\/v2\/pages\/13096\/revisions\/13620"}],"wp:attachment":[{"href":"https:\/\/dermo.com\/pt\/wp-json\/wp\/v2\/media?parent=13096"}],"curies":[{"name":"wp","href":"https:\/\/api.w.org\/{rel}","templated":true}]}}