{"id":13112,"date":"2025-01-31T12:24:09","date_gmt":"2025-01-31T11:24:09","guid":{"rendered":"https:\/\/dermo.com\/?page_id=13112"},"modified":"2025-02-19T12:17:44","modified_gmt":"2025-02-19T11:17:44","slug":"limpeza-industrial-2","status":"publish","type":"page","link":"https:\/\/dermo.com\/pt\/limpeza-industrial-2\/","title":{"rendered":"Limpeza industrial"},"content":{"rendered":"<div data-elementor-type=\"wp-page\" data-elementor-id=\"13112\" class=\"elementor elementor-13112\" data-elementor-post-type=\"page\">\n\t\t\t\t\t\t<section class=\"elementor-section elementor-top-section elementor-element elementor-element-027c68f elementor-section-boxed elementor-section-height-default elementor-section-height-default\" data-id=\"027c68f\" data-element_type=\"section\" data-e-type=\"section\" data-settings=\"{&quot;background_background&quot;:&quot;classic&quot;}\">\n\t\t\t\t\t\t\t<div class=\"elementor-background-overlay\"><\/div>\n\t\t\t\t\t\t\t<div class=\"elementor-container elementor-column-gap-default\">\n\t\t\t\t\t<div class=\"elementor-column elementor-col-100 elementor-top-column elementor-element elementor-element-5b0266a\" data-id=\"5b0266a\" data-element_type=\"column\" data-e-type=\"column\">\n\t\t\t<div class=\"elementor-widget-wrap elementor-element-populated\">\n\t\t\t\t\t\t\t<\/div>\n\t\t<\/div>\n\t\t\t\t\t<\/div>\n\t\t<\/section>\n\t\t\t\t<section class=\"elementor-section elementor-top-section elementor-element elementor-element-138686e elementor-section-boxed elementor-section-height-default elementor-section-height-default\" data-id=\"138686e\" data-element_type=\"section\" data-e-type=\"section\">\n\t\t\t\t\t\t<div class=\"elementor-container elementor-column-gap-default\">\n\t\t\t\t\t<div class=\"elementor-column elementor-col-100 elementor-top-column elementor-element elementor-element-0467688\" data-id=\"0467688\" data-element_type=\"column\" data-e-type=\"column\">\n\t\t\t<div class=\"elementor-widget-wrap elementor-element-populated\">\n\t\t\t\t\t\t<section class=\"elementor-section elementor-inner-section elementor-element elementor-element-c6917fa elementor-section-content-middle elementor-section-boxed elementor-section-height-default elementor-section-height-default\" data-id=\"c6917fa\" data-element_type=\"section\" data-e-type=\"section\">\n\t\t\t\t\t\t<div class=\"elementor-container elementor-column-gap-default\">\n\t\t\t\t\t<div class=\"elementor-column elementor-col-50 elementor-inner-column elementor-element elementor-element-0d21739\" data-id=\"0d21739\" data-element_type=\"column\" data-e-type=\"column\">\n\t\t\t<div class=\"elementor-widget-wrap elementor-element-populated\">\n\t\t\t\t\t\t<div class=\"elementor-element elementor-element-244021d elementor-widget elementor-widget-text-editor\" data-id=\"244021d\" data-element_type=\"widget\" data-e-type=\"widget\" data-widget_type=\"text-editor.default\">\n\t\t\t\t<div class=\"elementor-widget-container\">\n\t\t\t\t\t\t\t\t\t<div id=\"lipsum\"><h2>Dermo: Limpeza industrial<\/h2><p style=\"margin-bottom: 10px; overflow-wrap: break-word; color: #8b8d94; font-family: Roboto, Helvetica, Arial, Verdana, sans-serif;\">Somos uma empresa especializada em\u00a0<span style=\"padding: 0px; margin: 0px; font-weight: bold;\">limpeza<\/span>\u00a0e higiene\u00a0<span style=\"padding: 0px; margin: 0px; font-weight: bold;\">industrial<\/span>\u00a0e nacionais, e trabalhamos sempre com tecnologia avan\u00e7ada, t\u00e9cnicas inovadoras e desenvolvendo constantemente novas f\u00f3rmulas que nos levam a melhorar o resultado final dos nossos produtos. Gra\u00e7as \u00e0 nossa experi\u00eancia de mais de 25 anos neste setor, dispomos de um cat\u00e1logo muito variado, para lhe oferecer infinitas op\u00e7\u00f5es para que encontre os melhores produtos para o seu\u00a0<span style=\"padding: 0px; margin: 0px; font-weight: bold;\">limpeza industrial<\/span>.<\/p><p style=\"margin-bottom: 10px; overflow-wrap: break-word; color: #8b8d94; font-family: Roboto, Helvetica, Arial, Verdana, sans-serif;\">Ao longo dos anos, criamos produtos altamente eficazes, duradouros e espec\u00edficos para diferentes tipos de superf\u00edcies, capazes de agir em poucos instantes e manter sua efic\u00e1cia ao longo dos dias. Na Dermo criamos muitos detergentes focados em\u00a0<span style=\"padding: 0px; margin: 0px; font-weight: bold;\">limpeza<\/span>\u00a0profissional do setor\u00a0<span style=\"padding: 0px; margin: 0px; font-weight: bold;\">industrial<\/span>Por isso, nos tornamos uma marca comprometida, profissional e diferenciada, o que nos posicionou como uma marca de refer\u00eancia neste setor.<\/p><\/div>\t\t\t\t\t\t\t\t<\/div>\n\t\t\t\t<\/div>\n\t\t\t\t\t<\/div>\n\t\t<\/div>\n\t\t\t\t<div class=\"elementor-column elementor-col-50 elementor-inner-column elementor-element elementor-element-c7d76f5 elementor-invisible\" data-id=\"c7d76f5\" data-element_type=\"column\" data-e-type=\"column\" data-settings=\"{&quot;animation&quot;:&quot;bounceInRight&quot;}\">\n\t\t\t<div class=\"elementor-widget-wrap elementor-element-populated\">\n\t\t\t\t\t\t<div class=\"elementor-element elementor-element-42390d6 elementor-widget__width-initial elementor-widget elementor-widget-elementskit-contact-form7\" data-id=\"42390d6\" data-element_type=\"widget\" data-e-type=\"widget\" data-widget_type=\"elementskit-contact-form7.default\">\n\t\t\t\t<div class=\"elementor-widget-container\">\n\t\t\t\t\t<div class=\"ekit-wid-con\" ><div class=\"ekit-form\">\n<div class=\"wpcf7 no-js\" id=\"wpcf7-f13292-p13112-o1\" lang=\"es-ES\" dir=\"ltr\" data-wpcf7-id=\"13292\">\n<div class=\"screen-reader-response\"><p role=\"status\" aria-live=\"polite\" aria-atomic=\"true\"><\/p> <ul><\/ul><\/div>\n<form action=\"\/pt\/limpeza-industrial-2\/#wpcf7-f13292-p13112-o1\" method=\"post\" class=\"wpcf7-form init\" aria-label=\"Formulario de contacto\" novalidate=\"novalidate\" data-status=\"init\" data-no-translation-aria-label=\"\" data-trp-original-action=\"\/en\/limpieza-industrial-2\/#wpcf7-f13292-p13112-o1\">\n<fieldset class=\"hidden-fields-container\"><input type=\"hidden\" name=\"_wpcf7\" value=\"13292\" \/><input type=\"hidden\" name=\"_wpcf7_version\" value=\"6.1.5\" \/><input type=\"hidden\" name=\"_wpcf7_locale\" value=\"es_ES\" \/><input type=\"hidden\" name=\"_wpcf7_unit_tag\" value=\"wpcf7-f13292-p13112-o1\" \/><input type=\"hidden\" name=\"_wpcf7_container_post\" value=\"13112\" \/><input type=\"hidden\" name=\"_wpcf7_posted_data_hash\" value=\"\" \/><input type=\"hidden\" name=\"_wpcf7_recaptcha_response\" value=\"\" \/>\n<\/fieldset>\n<div style=\"display: flex; gap: 10px;\">\n\t<div style=\"width: 50%;\">\n\t\t<p><span class=\"wpcf7-form-control-wrap\" data-name=\"your-name\"><input size=\"40\" maxlength=\"400\" class=\"wpcf7-form-control wpcf7-text wpcf7-validates-as-required\" aria-required=\"true\" aria-invalid=\"false\" placeholder=\"Nome\" value=\"\" type=\"text\" name=\"your-name\" \/><\/span>\n\t\t<\/p>\n\t<\/div>\n\t<div style=\"width: 50%;\">\n\t\t<p><span class=\"wpcf7-form-control-wrap\" data-name=\"your-phone\"><input size=\"40\" maxlength=\"400\" class=\"wpcf7-form-control wpcf7-tel wpcf7-validates-as-required wpcf7-text wpcf7-validates-as-tel\" aria-required=\"true\" aria-invalid=\"false\" placeholder=\"Telefone\" value=\"\" type=\"tel\" name=\"your-phone\" \/><\/span>\n\t\t<\/p>\n\t<\/div>\n<\/div>\n<p><span class=\"wpcf7-form-control-wrap\" data-name=\"your-email\"><input size=\"40\" maxlength=\"400\" class=\"wpcf7-form-control wpcf7-email wpcf7-validates-as-required wpcf7-text wpcf7-validates-as-email\" aria-required=\"true\" aria-invalid=\"false\" placeholder=\"E-mail\" value=\"\" type=\"email\" name=\"your-email\" \/><\/span>\n<\/p>\n<div style=\"display: flex; gap: 10px;\">\n\t<div style=\"width: 50%;\">\n\t\t<p><span class=\"wpcf7-form-control-wrap\" data-name=\"your-country\"><input size=\"40\" maxlength=\"400\" class=\"wpcf7-form-control wpcf7-text wpcf7-validates-as-required\" aria-required=\"true\" aria-invalid=\"false\" placeholder=\"Pa\u00eds\" value=\"\" type=\"text\" name=\"your-country\" \/><\/span>\n\t\t<\/p>\n\t<\/div>\n\t<div style=\"width: 50%;\">\n\t\t<p><span class=\"wpcf7-form-control-wrap\" data-name=\"your-city\"><input size=\"40\" maxlength=\"400\" class=\"wpcf7-form-control wpcf7-text wpcf7-validates-as-required\" aria-required=\"true\" aria-invalid=\"false\" placeholder=\"Popula\u00e7\u00e3o\" value=\"\" type=\"text\" name=\"your-city\" \/><\/span>\n\t\t<\/p>\n\t<\/div>\n<\/div>\n<p><span class=\"wpcf7-form-control-wrap\" data-name=\"your-subject\"><select class=\"wpcf7-form-control wpcf7-select\" aria-invalid=\"false\" name=\"your-subject\"><option value=\"Quiero ser distribuidor\">Quero ser um distribuidor<\/option><option value=\"Presupuesto\">Or\u00e7amento<\/option><option value=\"Consulta\">Consulta<\/option><option value=\"Sugerencia\">Sugest\u00e3o<\/option><option value=\"Otros\">Outros<\/option><\/select><\/span>\n<\/p>\n<p><span class=\"wpcf7-form-control-wrap\" data-name=\"your-message\"><textarea cols=\"40\" rows=\"10\" maxlength=\"2000\" class=\"wpcf7-form-control wpcf7-textarea\" aria-invalid=\"false\" placeholder=\"Mensagem ou consulta\" name=\"your-message\"><\/textarea><\/span>\n<\/p>\n<div style=\"display: flex; align-items: center; gap: 10px;\">\n\t<p><span class=\"wpcf7-form-control-wrap\" data-name=\"privacy-policy\"><span class=\"wpcf7-form-control wpcf7-acceptance\"><span class=\"wpcf7-list-item\"><input type=\"checkbox\" name=\"privacy-policy\" value=\"1\" aria-invalid=\"false\" \/><\/span><\/span><\/span><label for=\"privacy-policy\" style=\"margin-left: 5px;\">Li e aceito a pol\u00edtica de privacidade.<\/label>\n\t<\/p>\n<\/div>\n<div style=\"display: flex; align-items: center; gap: 10px;\">\n\t<p><span class=\"wpcf7-form-control-wrap\" data-name=\"send-info\"><span class=\"wpcf7-form-control wpcf7-acceptance\"><span class=\"wpcf7-list-item\"><input type=\"checkbox\" name=\"send-info\" value=\"1\" aria-invalid=\"false\" \/><\/span><\/span><\/span><label for=\"send-info\" style=\"margin-left: 5px;\">Concordo em receber informa\u00e7\u00f5es.<\/label>\n\t<\/p>\n<\/div>\n<p><input class=\"wpcf7-form-control wpcf7-submit has-spinner\" type=\"submit\" value=\"Enviar\" \/>\n<\/p><div class=\"wpcf7-response-output\" aria-hidden=\"true\"><\/div>\n<input type=\"hidden\" name=\"trp-form-language\" value=\"pt\"\/><\/form>\n<\/div>\n<\/div><\/div>\t\t\t\t<\/div>\n\t\t\t\t<\/div>\n\t\t\t\t\t<\/div>\n\t\t<\/div>\n\t\t\t\t\t<\/div>\n\t\t<\/section>\n\t\t\t\t<div class=\"elementor-element elementor-element-c069115 elementor-widget elementor-widget-text-editor\" data-id=\"c069115\" data-element_type=\"widget\" data-e-type=\"widget\" data-widget_type=\"text-editor.default\">\n\t\t\t\t<div class=\"elementor-widget-container\">\n\t\t\t\t\t\t\t\t\t<div id=\"lipsum\"><p>A limpeza profunda em plantas e instala\u00e7\u00f5es industriais, f\u00e1bricas e unidades de processamento requer o uso de produtos concentrados e espec\u00edficos, capazes de higienizar e desinfetar superf\u00edcies, a fim de evitar contamina\u00e7\u00e3o cruzada. Na Dermo voc\u00ea encontra produtos ideais para o\u00a0<strong>limpeza industrial,<\/strong>\u00a0como por exemplo o\u00a0<a href=\"https:\/\/dermo.com\/pt\/catalogo\/es\/21-desengrasantes\/\">desengordurantes industriais<\/a>, que s\u00e3o respons\u00e1veis por limpar com total seguran\u00e7a as \u00e1reas que mais acumulam gordura e, al\u00e9m disso, est\u00e3o preparadas para limpar com total seguran\u00e7a \u00e1reas que ficam em contato com alimentos, como grelhas, fritadeiras, coifas, fog\u00f5es, etc.<\/p><p>Temos tamb\u00e9m uma linha de\u00a0<a href=\"https:\/\/dermo.com\/pt\/catalogo\/es\/17-desinfectantes-registro-ha\/\">desinfetantes industriais<\/a>, que s\u00e3o classificados como bactericidas e fungicidas, e que tamb\u00e9m possuem registro especial para higiene alimentar e s\u00e3o capazes de limpar e desinfetar em uma \u00fanica a\u00e7\u00e3o.<\/p><p>Na Dermo tamb\u00e9m desenhamos uma linha de\u00a0<a href=\"https:\/\/dermo.com\/pt\/catalogo\/es\/16-desincrustantes\/\">agentes descalcificantes<\/a>, tamb\u00e9m focado no\u00a0<strong>limpeza industrial<\/strong>\u00a0que servem para remover res\u00edduos de calc\u00e1rio de qualquer tipo de superf\u00edcie; pisos, pias, lava-lou\u00e7as, elementos de aquecimento, etc.<\/p><p>Em nosso site voc\u00ea poder\u00e1 conhecer todos os nossos produtos para limpeza industrial, podendo ler todas as suas caracter\u00edsticas t\u00e9cnicas. Temos produtos ecol\u00f3gicos, produtos para tratamento de pisos, para limpeza de banheiros, cozinhas, limpadores multiuso, ambientadores, limpadores espec\u00edficos, para lavanderia, ind\u00fastria e ind\u00fastria automotiva, polidores para lava-lou\u00e7as, produtos de limpeza, etc.<\/p><p>Na Dermo temos produtos pensados para diferentes tipos de setores, propondo solu\u00e7\u00f5es \u00e0 medida para cada um deles. Voc\u00ea pode encontrar produtos projetados para limpeza de hot\u00e9is, limpeza de casas de repouso, buffet, ind\u00fastria e automotiva, servi\u00e7os de limpeza, higiene pessoal, higiene alimentar, etc.<\/p><p>Nosso principal objetivo \u00e9 continuar projetando produtos e detergentes especializados e de alta qualidade, a fim de fornecer um servi\u00e7o abrangente e eficaz a todos os nossos clientes.<\/p><p>Se voc\u00ea est\u00e1 procurando os melhores produtos para o\u00a0<strong>limpeza industrial<\/strong>, Contate-nos.<\/p><\/div>\t\t\t\t\t\t\t\t<\/div>\n\t\t\t\t<\/div>\n\t\t\t\t\t<\/div>\n\t\t<\/div>\n\t\t\t\t\t<\/div>\n\t\t<\/section>\n\t\t\t\t<section class=\"elementor-section elementor-top-section elementor-element elementor-element-3968ce4 elementor-section-full_width elementor-section-height-default elementor-section-height-default elementor-invisible\" data-id=\"3968ce4\" data-element_type=\"section\" data-e-type=\"section\" data-settings=\"{&quot;animation&quot;:&quot;slideInUp&quot;}\">\n\t\t\t\t\t\t<div class=\"elementor-container elementor-column-gap-default\">\n\t\t\t\t\t<div class=\"elementor-column elementor-col-100 elementor-top-column elementor-element elementor-element-dd7cebc\" data-id=\"dd7cebc\" data-element_type=\"column\" data-e-type=\"column\">\n\t\t\t<div class=\"elementor-widget-wrap elementor-element-populated\">\n\t\t\t\t\t\t<div class=\"elementor-element elementor-element-d06f606 elementor-widget elementor-widget-google_maps\" data-id=\"d06f606\" data-element_type=\"widget\" data-e-type=\"widget\" data-widget_type=\"google_maps.default\">\n\t\t\t\t<div class=\"elementor-widget-container\">\n\t\t\t\t\t\t\t<div class=\"elementor-custom-embed\">\n\t\t\t<iframe loading=\"lazy\"\n\t\t\t\t\tsrc=\"https:\/\/maps.google.com\/maps?q=C%2F%20Pintor%20Joan%20Miro%2C%2016.%20Pol.%20Ind.%20Can%20Humet%20de%20Dalt%2C%2008213%20Poliny%C3%A0.%20Barcelona&#038;t=m&#038;z=15&#038;output=embed&#038;iwloc=near\"\n\t\t\t\t\ttitle=\"C\/ Pintor Joan Miro, 16. Pol. Ind. Can Humet de Dalt, 08213 Poliny\u00e0. Barcelona\"\n\t\t\t\t\taria-label=\"C\/ Pintor Joan Miro, 16. Pol. Ind. Can Humet de Dalt, 08213 Poliny\u00e0. Barcelona\"\n\t\t\t><\/iframe>\n\t\t<\/div>\n\t\t\t\t\t\t<\/div>\n\t\t\t\t<\/div>\n\t\t\t\t\t<\/div>\n\t\t<\/div>\n\t\t\t\t\t<\/div>\n\t\t<\/section>\n\t\t\t\t<\/div>","protected":false},"excerpt":{"rendered":"<p>Dermo: Limpeza Industrial Somos especializados em limpeza e higiene industrial e dom\u00e9stica, trabalhando sempre com tecnologia de ponta, t\u00e9cnicas inovadoras e desenvolvendo constantemente novas f\u00f3rmulas que nos ajudam a aprimorar o resultado final dos nossos produtos. Gra\u00e7as aos nossos mais de 25 anos de experi\u00eancia neste setor, possu\u00edmos um cat\u00e1logo bastante diversificado\u2026&nbsp;<a href=\"https:\/\/dermo.com\/pt\/limpeza-industrial-2\/\" rel=\"bookmark\">Ler mais \u00bb<span class=\"screen-reader-text\">Limpeza industrial<\/span><\/a><\/p>","protected":false},"author":2,"featured_media":0,"parent":0,"menu_order":0,"comment_status":"closed","ping_status":"closed","template":"page-templates\/template-pagebuilder-full-width.php","meta":{"neve_meta_sidebar":"","neve_meta_container":"","neve_meta_enable_content_width":"","neve_meta_content_width":0,"neve_meta_title_alignment":"","neve_meta_author_avatar":"","neve_post_elements_order":"","neve_meta_disable_header":"","neve_meta_disable_footer":"","neve_meta_disable_title":"","footnotes":""},"class_list":["post-13112","page","type-page","status-publish","hentry"],"yoast_head":"<!-- This site is optimized with the Yoast SEO plugin v27.0 - https:\/\/yoast.com\/product\/yoast-seo-wordpress\/ -->\n<title>Limpieza industrial - Dermo | F\u00e1brica de detergentes<\/title>\n<meta name=\"robots\" content=\"index, follow, max-snippet:-1, max-image-preview:large, max-video-preview:-1\" \/>\n<link rel=\"canonical\" href=\"https:\/\/dermo.com\/pt\/limpeza-industrial-2\/\" \/>\n<meta property=\"og:locale\" content=\"pt_PT\" \/>\n<meta property=\"og:type\" content=\"article\" \/>\n<meta property=\"og:title\" content=\"Limpieza industrial - Dermo | F\u00e1brica de detergentes\" \/>\n<meta property=\"og:description\" content=\"Dermo: Limpieza industrial Somos una empresa especializada en la\u00a0limpieza\u00a0y la higiene\u00a0industrial\u00a0y dom\u00e9stica, y siempre trabajamos con una tecnolog\u00eda avanzada, t\u00e9cnicas innovadoras y desarrollando, constantemente, nuevas formulas que nos lleven a mejorar el resultado final de nuestros productos. Gracias a nuestra experiencia de m\u00e1s de 25 a\u00f1os en este sector, contamos con un cat\u00e1logo muy variado,&hellip;&nbsp;Ler mais &raquo;Limpieza industrial\" \/>\n<meta property=\"og:url\" content=\"https:\/\/dermo.com\/pt\/limpeza-industrial-2\/\" \/>\n<meta property=\"og:site_name\" content=\"Dermo | F\u00e1brica de detergentes\" \/>\n<meta property=\"article:modified_time\" content=\"2025-02-19T11:17:44+00:00\" \/>\n<meta name=\"twitter:card\" content=\"summary_large_image\" \/>\n<meta name=\"twitter:label1\" content=\"Tempo estimado de leitura\" \/>\n\t<meta name=\"twitter:data1\" content=\"3 minutos\" \/>\n<script type=\"application\/ld+json\" class=\"yoast-schema-graph\">{\"@context\":\"https:\/\/schema.org\",\"@graph\":[{\"@type\":\"WebPage\",\"@id\":\"https:\/\/dermo.com\/limpieza-industrial-2\/\",\"url\":\"https:\/\/dermo.com\/limpieza-industrial-2\/\",\"name\":\"Limpieza industrial - Dermo | F\u00e1brica de detergentes\",\"isPartOf\":{\"@id\":\"https:\/\/dermo.com\/#website\"},\"datePublished\":\"2025-01-31T11:24:09+00:00\",\"dateModified\":\"2025-02-19T11:17:44+00:00\",\"breadcrumb\":{\"@id\":\"https:\/\/dermo.com\/limpieza-industrial-2\/#breadcrumb\"},\"inLanguage\":\"pt-PT\",\"potentialAction\":[{\"@type\":\"ReadAction\",\"target\":[\"https:\/\/dermo.com\/limpieza-industrial-2\/\"]}]},{\"@type\":\"BreadcrumbList\",\"@id\":\"https:\/\/dermo.com\/limpieza-industrial-2\/#breadcrumb\",\"itemListElement\":[{\"@type\":\"ListItem\",\"position\":1,\"name\":\"Portada\",\"item\":\"https:\/\/dermo.com\/\"},{\"@type\":\"ListItem\",\"position\":2,\"name\":\"Limpieza industrial\"}]},{\"@type\":\"WebSite\",\"@id\":\"https:\/\/dermo.com\/#website\",\"url\":\"https:\/\/dermo.com\/\",\"name\":\"Dermo | F\u00e1brica de detergentes\",\"description\":\"Tecnolog\u00eda avanzada, investigaci\u00f3n y desarrollo, respeto por el medio ambiente, competencia, formaci\u00f3n constante y alto nivel de profesionalidad en nuestro equipo humano, empe\u00f1ado en preservar la calidad de vida, la protecci\u00f3n del entorno natural contin\u00faan motiv\u00e1ndonos para desarrollar en nuestros laboratorios nuevos productos con ingredientes activos altamente biodegradables que hacen posible un desarrollo sostenible.\",\"potentialAction\":[{\"@type\":\"SearchAction\",\"target\":{\"@type\":\"EntryPoint\",\"urlTemplate\":\"https:\/\/dermo.com\/?s={search_term_string}\"},\"query-input\":{\"@type\":\"PropertyValueSpecification\",\"valueRequired\":true,\"valueName\":\"search_term_string\"}}],\"inLanguage\":\"pt-PT\"}]}<\/script>\n<!-- \/ Yoast SEO plugin. -->","yoast_head_json":{"title":"Limpeza industrial - Dermo | F\u00e1brica de detergentes","robots":{"index":"index","follow":"follow","max-snippet":"max-snippet:-1","max-image-preview":"max-image-preview:large","max-video-preview":"max-video-preview:-1"},"canonical":"https:\/\/dermo.com\/pt\/limpeza-industrial-2\/","og_locale":"pt_PT","og_type":"article","og_title":"Limpieza industrial - Dermo | F\u00e1brica de detergentes","og_description":"Dermo: Limpieza industrial Somos una empresa especializada en la\u00a0limpieza\u00a0y la higiene\u00a0industrial\u00a0y dom\u00e9stica, y siempre trabajamos con una tecnolog\u00eda avanzada, t\u00e9cnicas innovadoras y desarrollando, constantemente, nuevas formulas que nos lleven a mejorar el resultado final de nuestros productos. Gracias a nuestra experiencia de m\u00e1s de 25 a\u00f1os en este sector, contamos con un cat\u00e1logo muy variado,&hellip;&nbsp;Ler mais &raquo;Limpieza industrial","og_url":"https:\/\/dermo.com\/pt\/limpeza-industrial-2\/","og_site_name":"Dermo | F\u00e1brica de detergentes","article_modified_time":"2025-02-19T11:17:44+00:00","twitter_card":"summary_large_image","twitter_misc":{"Tempo estimado de leitura":"3 minutos"},"schema":{"@context":"https:\/\/schema.org","@graph":[{"@type":"WebPage","@id":"https:\/\/dermo.com\/limpieza-industrial-2\/","url":"https:\/\/dermo.com\/limpieza-industrial-2\/","name":"Limpeza industrial - Dermo | F\u00e1brica de detergentes","isPartOf":{"@id":"https:\/\/dermo.com\/#website"},"datePublished":"2025-01-31T11:24:09+00:00","dateModified":"2025-02-19T11:17:44+00:00","breadcrumb":{"@id":"https:\/\/dermo.com\/limpieza-industrial-2\/#breadcrumb"},"inLanguage":"pt-PT","potentialAction":[{"@type":"ReadAction","target":["https:\/\/dermo.com\/limpieza-industrial-2\/"]}]},{"@type":"BreadcrumbList","@id":"https:\/\/dermo.com\/limpieza-industrial-2\/#breadcrumb","itemListElement":[{"@type":"ListItem","position":1,"name":"Portada","item":"https:\/\/dermo.com\/"},{"@type":"ListItem","position":2,"name":"Limpieza industrial"}]},{"@type":"WebSite","@id":"https:\/\/dermo.com\/#website","url":"https:\/\/dermo.com\/","name":"Dermo | f\u00e1brica de detergentes","description":"A tecnologia avan\u00e7ada, a investiga\u00e7\u00e3o e desenvolvimento, o respeito pelo ambiente, a compet\u00eancia, a forma\u00e7\u00e3o constante e o elevado n\u00edvel de profissionalismo da nossa equipa humana, comprometida com a preserva\u00e7\u00e3o da qualidade de vida, a protec\u00e7\u00e3o do ambiente natural continuam a motivar-nos a desenvolver novos produtos nos nossos laborat\u00f3rios com princ\u00edpios ativos altamente biodegrad\u00e1veis que possibilitam o desenvolvimento sustent\u00e1vel.","potentialAction":[{"@type":"SearchAction","target":{"@type":"EntryPoint","urlTemplate":"https:\/\/dermo.com\/?s={search_term_string}"},"query-input":{"@type":"PropertyValueSpecification","valueRequired":true,"valueName":"search_term_string"}}],"inLanguage":"pt-PT"}]}},"_links":{"self":[{"href":"https:\/\/dermo.com\/pt\/wp-json\/wp\/v2\/pages\/13112","targetHints":{"allow":["GET"]}}],"collection":[{"href":"https:\/\/dermo.com\/pt\/wp-json\/wp\/v2\/pages"}],"about":[{"href":"https:\/\/dermo.com\/pt\/wp-json\/wp\/v2\/types\/page"}],"author":[{"embeddable":true,"href":"https:\/\/dermo.com\/pt\/wp-json\/wp\/v2\/users\/2"}],"replies":[{"embeddable":true,"href":"https:\/\/dermo.com\/pt\/wp-json\/wp\/v2\/comments?post=13112"}],"version-history":[{"count":9,"href":"https:\/\/dermo.com\/pt\/wp-json\/wp\/v2\/pages\/13112\/revisions"}],"predecessor-version":[{"id":13626,"href":"https:\/\/dermo.com\/pt\/wp-json\/wp\/v2\/pages\/13112\/revisions\/13626"}],"wp:attachment":[{"href":"https:\/\/dermo.com\/pt\/wp-json\/wp\/v2\/media?parent=13112"}],"curies":[{"name":"wp","href":"https:\/\/api.w.org\/{rel}","templated":true}]}}