{"id":13170,"date":"2025-01-31T12:44:58","date_gmt":"2025-01-31T11:44:58","guid":{"rendered":"https:\/\/dermo.com\/?page_id=13170"},"modified":"2025-02-19T12:30:06","modified_gmt":"2025-02-19T11:30:06","slug":"produtos-de-limpeza-para-lava-loucas-automaticas","status":"publish","type":"page","link":"https:\/\/dermo.com\/pt\/produtos-de-limpeza-para-lava-loucas-automaticas\/","title":{"rendered":"Produtos de limpeza para m\u00e1quinas de lavar lou\u00e7a autom\u00e1ticas"},"content":{"rendered":"<div data-elementor-type=\"wp-page\" data-elementor-id=\"13170\" class=\"elementor elementor-13170\" data-elementor-post-type=\"page\">\n\t\t\t\t\t\t<section class=\"elementor-section elementor-top-section elementor-element elementor-element-7045e54 elementor-section-boxed elementor-section-height-default elementor-section-height-default\" data-id=\"7045e54\" data-element_type=\"section\" data-e-type=\"section\" data-settings=\"{&quot;background_background&quot;:&quot;classic&quot;}\">\n\t\t\t\t\t\t\t<div class=\"elementor-background-overlay\"><\/div>\n\t\t\t\t\t\t\t<div class=\"elementor-container elementor-column-gap-default\">\n\t\t\t\t\t<div class=\"elementor-column elementor-col-100 elementor-top-column elementor-element elementor-element-abd2c63\" data-id=\"abd2c63\" data-element_type=\"column\" data-e-type=\"column\">\n\t\t\t<div class=\"elementor-widget-wrap elementor-element-populated\">\n\t\t\t\t\t\t\t<\/div>\n\t\t<\/div>\n\t\t\t\t\t<\/div>\n\t\t<\/section>\n\t\t\t\t<section class=\"elementor-section elementor-top-section elementor-element elementor-element-2ab7ba4 elementor-section-boxed elementor-section-height-default elementor-section-height-default\" data-id=\"2ab7ba4\" data-element_type=\"section\" data-e-type=\"section\">\n\t\t\t\t\t\t<div class=\"elementor-container elementor-column-gap-default\">\n\t\t\t\t\t<div class=\"elementor-column elementor-col-100 elementor-top-column elementor-element elementor-element-7a037c2\" data-id=\"7a037c2\" data-element_type=\"column\" data-e-type=\"column\">\n\t\t\t<div class=\"elementor-widget-wrap elementor-element-populated\">\n\t\t\t\t\t\t<section class=\"elementor-section elementor-inner-section elementor-element elementor-element-f83b275 elementor-section-content-middle elementor-section-boxed elementor-section-height-default elementor-section-height-default\" data-id=\"f83b275\" data-element_type=\"section\" data-e-type=\"section\">\n\t\t\t\t\t\t<div class=\"elementor-container elementor-column-gap-default\">\n\t\t\t\t\t<div class=\"elementor-column elementor-col-50 elementor-inner-column elementor-element elementor-element-14375f2\" data-id=\"14375f2\" data-element_type=\"column\" data-e-type=\"column\">\n\t\t\t<div class=\"elementor-widget-wrap elementor-element-populated\">\n\t\t\t\t\t\t<div class=\"elementor-element elementor-element-e0c3f61 elementor-widget elementor-widget-text-editor\" data-id=\"e0c3f61\" data-element_type=\"widget\" data-e-type=\"widget\" data-widget_type=\"text-editor.default\">\n\t\t\t\t<div class=\"elementor-widget-container\">\n\t\t\t\t\t\t\t\t\t<div id=\"lipsum\"><h2><strong>Dermo: Fabricante de produtos de limpeza para m\u00e1quinas de lavar lou\u00e7a autom\u00e1ticas<\/strong><\/h2><p>O\u00a0<strong>produtos de limpeza para lava-lou\u00e7as autom\u00e1tica<\/strong>\u00a0de\u00a0<strong>Dermo SA<\/strong>, proporcionam limpeza absoluta e garantem a preserva\u00e7\u00e3o da sua m\u00e1quina. Eles oferecem desinfec\u00e7\u00e3o completa por pH e alta temperatura que elimina bact\u00e9rias e germes prejudiciais \u00e0 nossa sa\u00fade. Al\u00e9m disso, previne incrusta\u00e7\u00f5es calc\u00e1rias e sua formula\u00e7\u00e3o com tensoativos de nova gera\u00e7\u00e3o confere alto poder hidratante \u00e0\u00a0<strong>produtos de limpeza para lava-lou\u00e7as autom\u00e1tica<\/strong>. Eles t\u00eam grande capacidade de remover restos de comida e manter os pratos como novos, at\u00e9 mesmo os copos. Em nossa ampla variedade, voc\u00ea pode encontrar at\u00e9 6\u00a0<strong>produtos de limpeza para lava-lou\u00e7as autom\u00e1tica<\/strong>\u00a0diferentes para que voc\u00ea possa escolher o que melhor se adapta \u00e0s suas necessidades.<\/p><p>\u00a0<\/p><\/div>\t\t\t\t\t\t\t\t<\/div>\n\t\t\t\t<\/div>\n\t\t\t\t\t<\/div>\n\t\t<\/div>\n\t\t\t\t<div class=\"elementor-column elementor-col-50 elementor-inner-column elementor-element elementor-element-89b71ed elementor-invisible\" data-id=\"89b71ed\" data-element_type=\"column\" data-e-type=\"column\" data-settings=\"{&quot;animation&quot;:&quot;bounceInRight&quot;}\">\n\t\t\t<div class=\"elementor-widget-wrap elementor-element-populated\">\n\t\t\t\t\t\t<div class=\"elementor-element elementor-element-727a59a elementor-widget__width-initial elementor-widget elementor-widget-elementskit-contact-form7\" data-id=\"727a59a\" data-element_type=\"widget\" data-e-type=\"widget\" data-widget_type=\"elementskit-contact-form7.default\">\n\t\t\t\t<div class=\"elementor-widget-container\">\n\t\t\t\t\t<div class=\"ekit-wid-con\" ><div class=\"ekit-form\">\n<div class=\"wpcf7 no-js\" id=\"wpcf7-f13292-p13170-o1\" lang=\"es-ES\" dir=\"ltr\" data-wpcf7-id=\"13292\">\n<div class=\"screen-reader-response\"><p role=\"status\" aria-live=\"polite\" aria-atomic=\"true\"><\/p> <ul><\/ul><\/div>\n<form action=\"\/pt\/produtos-de-limpeza-para-lava-loucas-automaticas\/#wpcf7-f13292-p13170-o1\" method=\"post\" class=\"wpcf7-form init\" aria-label=\"Formulario de contacto\" novalidate=\"novalidate\" data-status=\"init\" data-no-translation-aria-label=\"\" data-trp-original-action=\"\/en\/productos-de-limpieza-lavavajillas-automaticas\/#wpcf7-f13292-p13170-o1\">\n<fieldset class=\"hidden-fields-container\"><input type=\"hidden\" name=\"_wpcf7\" value=\"13292\" \/><input type=\"hidden\" name=\"_wpcf7_version\" value=\"6.1.5\" \/><input type=\"hidden\" name=\"_wpcf7_locale\" value=\"es_ES\" \/><input type=\"hidden\" name=\"_wpcf7_unit_tag\" value=\"wpcf7-f13292-p13170-o1\" \/><input type=\"hidden\" name=\"_wpcf7_container_post\" value=\"13170\" \/><input type=\"hidden\" name=\"_wpcf7_posted_data_hash\" value=\"\" \/><input type=\"hidden\" name=\"_wpcf7_recaptcha_response\" value=\"\" \/>\n<\/fieldset>\n<div style=\"display: flex; gap: 10px;\">\n\t<div style=\"width: 50%;\">\n\t\t<p><span class=\"wpcf7-form-control-wrap\" data-name=\"your-name\"><input size=\"40\" maxlength=\"400\" class=\"wpcf7-form-control wpcf7-text wpcf7-validates-as-required\" aria-required=\"true\" aria-invalid=\"false\" placeholder=\"Nome\" value=\"\" type=\"text\" name=\"your-name\" \/><\/span>\n\t\t<\/p>\n\t<\/div>\n\t<div style=\"width: 50%;\">\n\t\t<p><span class=\"wpcf7-form-control-wrap\" data-name=\"your-phone\"><input size=\"40\" maxlength=\"400\" class=\"wpcf7-form-control wpcf7-tel wpcf7-validates-as-required wpcf7-text wpcf7-validates-as-tel\" aria-required=\"true\" aria-invalid=\"false\" placeholder=\"Telefone\" value=\"\" type=\"tel\" name=\"your-phone\" \/><\/span>\n\t\t<\/p>\n\t<\/div>\n<\/div>\n<p><span class=\"wpcf7-form-control-wrap\" data-name=\"your-email\"><input size=\"40\" maxlength=\"400\" class=\"wpcf7-form-control wpcf7-email wpcf7-validates-as-required wpcf7-text wpcf7-validates-as-email\" aria-required=\"true\" aria-invalid=\"false\" placeholder=\"E-mail\" value=\"\" type=\"email\" name=\"your-email\" \/><\/span>\n<\/p>\n<div style=\"display: flex; gap: 10px;\">\n\t<div style=\"width: 50%;\">\n\t\t<p><span class=\"wpcf7-form-control-wrap\" data-name=\"your-country\"><input size=\"40\" maxlength=\"400\" class=\"wpcf7-form-control wpcf7-text wpcf7-validates-as-required\" aria-required=\"true\" aria-invalid=\"false\" placeholder=\"Pa\u00eds\" value=\"\" type=\"text\" name=\"your-country\" \/><\/span>\n\t\t<\/p>\n\t<\/div>\n\t<div style=\"width: 50%;\">\n\t\t<p><span class=\"wpcf7-form-control-wrap\" data-name=\"your-city\"><input size=\"40\" maxlength=\"400\" class=\"wpcf7-form-control wpcf7-text wpcf7-validates-as-required\" aria-required=\"true\" aria-invalid=\"false\" placeholder=\"Popula\u00e7\u00e3o\" value=\"\" type=\"text\" name=\"your-city\" \/><\/span>\n\t\t<\/p>\n\t<\/div>\n<\/div>\n<p><span class=\"wpcf7-form-control-wrap\" data-name=\"your-subject\"><select class=\"wpcf7-form-control wpcf7-select\" aria-invalid=\"false\" name=\"your-subject\"><option value=\"Quiero ser distribuidor\">Quero ser um distribuidor<\/option><option value=\"Presupuesto\">Or\u00e7amento<\/option><option value=\"Consulta\">Consulta<\/option><option value=\"Sugerencia\">Sugest\u00e3o<\/option><option value=\"Otros\">Outros<\/option><\/select><\/span>\n<\/p>\n<p><span class=\"wpcf7-form-control-wrap\" data-name=\"your-message\"><textarea cols=\"40\" rows=\"10\" maxlength=\"2000\" class=\"wpcf7-form-control wpcf7-textarea\" aria-invalid=\"false\" placeholder=\"Mensagem ou consulta\" name=\"your-message\"><\/textarea><\/span>\n<\/p>\n<div style=\"display: flex; align-items: center; gap: 10px;\">\n\t<p><span class=\"wpcf7-form-control-wrap\" data-name=\"privacy-policy\"><span class=\"wpcf7-form-control wpcf7-acceptance\"><span class=\"wpcf7-list-item\"><input type=\"checkbox\" name=\"privacy-policy\" value=\"1\" aria-invalid=\"false\" \/><\/span><\/span><\/span><label for=\"privacy-policy\" style=\"margin-left: 5px;\">Li e aceito a pol\u00edtica de privacidade.<\/label>\n\t<\/p>\n<\/div>\n<div style=\"display: flex; align-items: center; gap: 10px;\">\n\t<p><span class=\"wpcf7-form-control-wrap\" data-name=\"send-info\"><span class=\"wpcf7-form-control wpcf7-acceptance\"><span class=\"wpcf7-list-item\"><input type=\"checkbox\" name=\"send-info\" value=\"1\" aria-invalid=\"false\" \/><\/span><\/span><\/span><label for=\"send-info\" style=\"margin-left: 5px;\">Concordo em receber informa\u00e7\u00f5es.<\/label>\n\t<\/p>\n<\/div>\n<p><input class=\"wpcf7-form-control wpcf7-submit has-spinner\" type=\"submit\" value=\"Enviar\" \/>\n<\/p><div class=\"wpcf7-response-output\" aria-hidden=\"true\"><\/div>\n<input type=\"hidden\" name=\"trp-form-language\" value=\"pt\"\/><\/form>\n<\/div>\n<\/div><\/div>\t\t\t\t<\/div>\n\t\t\t\t<\/div>\n\t\t\t\t\t<\/div>\n\t\t<\/div>\n\t\t\t\t\t<\/div>\n\t\t<\/section>\n\t\t\t\t<div class=\"elementor-element elementor-element-6b5f521 elementor-widget elementor-widget-text-editor\" data-id=\"6b5f521\" data-element_type=\"widget\" data-e-type=\"widget\" data-widget_type=\"text-editor.default\">\n\t\t\t\t<div class=\"elementor-widget-container\">\n\t\t\t\t\t\t\t\t\t<p>O\u00a0<strong>Pastilhas para lava-lou\u00e7as 3 em 1<\/strong>\u00a0Eles limpam, higienizam e d\u00e3o brilho a todos os seus pratos sem esfor\u00e7o. Cont\u00e9m agentes que reduzem a dureza da \u00e1gua e evitam que o c\u00e1lcio e o magn\u00e9sio, presentes na \u00e1gua, se depositem em pratos, copos e outros utens\u00edlios. Ele vem em uma caixa de 12 unidades com 25 comprimidos cada. Outro dos nossos\u00a0<strong>produtos de limpeza para lava-lou\u00e7as autom\u00e1tica<\/strong>\u00a0\u00c9 o\u00a0<strong>DW Cloro<\/strong>, um detergente em p\u00f3 para lavar lou\u00e7a que higieniza todos os nossos utens\u00edlios de cozinha gra\u00e7as ao seu cloro ativo, protegendo eficazmente as partes met\u00e1licas da m\u00e1quina e prevenindo a corros\u00e3o. Respeita as cores da lou\u00e7a decorada e \u00e9 apresentada em balde pl\u00e1stico de 1,5 kg. No que diz respeito a\u00a0<strong>produtos de limpeza para lava-lou\u00e7as autom\u00e1tica<\/strong>\u00a0Em l\u00edquido, temos quatro m\u00e1quinas de lavar lou\u00e7a diferentes cujo uso depende do\u00a0<strong>dureza da \u00e1gua<\/strong>.\u00a0<strong>Fial\u00a0<\/strong>\u00c9 um detergente l\u00edquido alcalino, com espuma controlada e alto poder de limpeza. Protege as partes met\u00e1licas da m\u00e1quina e evita que elas sofram corros\u00e3o. Temos 4 tipos diferentes dependendo do c\u00e1lcio e magn\u00e9sio contidos na \u00e1gua:\u00a0<strong>Fial 1, Fial 2, Fial 3 e Fial 4.<\/strong>\u00a0O primeiro \u00e9 para \u00e1gua macia, o segundo para \u00e1gua semidura, o terceiro para \u00e1gua dura e o \u00faltimo para \u00e1gua extremamente dura.<\/p><p>O\u00a0<strong>dureza da \u00e1gua<\/strong>\u00a0\u00c9 a concentra\u00e7\u00e3o de minerais em uma certa quantidade de \u00e1gua. Neste caso, medimos a soma dos \u00edons c\u00e1lcio e magn\u00e9sio para estabelecer o grau de dureza, e dependendo disso, o detergente se comportar\u00e1 de uma forma ou de outra. Em \u00e1gua dura, o detergente produzir\u00e1 menos espuma do que em \u00e1gua macia e sua efic\u00e1cia ser\u00e1 reduzida. \u00c9 por isso que, em\u00a0<strong>Dermo SA<\/strong>\u00a0Colocamos \u00e0 sua disposi\u00e7\u00e3o a gama Fial, para que possa obter os mesmos resultados, seja qual for\u00a0<strong>dureza da \u00e1gua<\/strong>.<\/p>\t\t\t\t\t\t\t\t<\/div>\n\t\t\t\t<\/div>\n\t\t\t\t\t<\/div>\n\t\t<\/div>\n\t\t\t\t\t<\/div>\n\t\t<\/section>\n\t\t\t\t<section class=\"elementor-section elementor-top-section elementor-element elementor-element-81d01d4 elementor-section-full_width elementor-section-height-default elementor-section-height-default elementor-invisible\" data-id=\"81d01d4\" data-element_type=\"section\" data-e-type=\"section\" data-settings=\"{&quot;animation&quot;:&quot;slideInUp&quot;}\">\n\t\t\t\t\t\t<div class=\"elementor-container elementor-column-gap-default\">\n\t\t\t\t\t<div class=\"elementor-column elementor-col-100 elementor-top-column elementor-element elementor-element-60e521a\" data-id=\"60e521a\" data-element_type=\"column\" data-e-type=\"column\">\n\t\t\t<div class=\"elementor-widget-wrap elementor-element-populated\">\n\t\t\t\t\t\t<div class=\"elementor-element elementor-element-621aab0 elementor-widget elementor-widget-google_maps\" data-id=\"621aab0\" data-element_type=\"widget\" data-e-type=\"widget\" data-widget_type=\"google_maps.default\">\n\t\t\t\t<div class=\"elementor-widget-container\">\n\t\t\t\t\t\t\t<div class=\"elementor-custom-embed\">\n\t\t\t<iframe loading=\"lazy\"\n\t\t\t\t\tsrc=\"https:\/\/maps.google.com\/maps?q=C%2F%20Pintor%20Joan%20Miro%2C%2016.%20Pol.%20Ind.%20Can%20Humet%20de%20Dalt%2C%2008213%20Poliny%C3%A0.%20Barcelona&#038;t=m&#038;z=15&#038;output=embed&#038;iwloc=near\"\n\t\t\t\t\ttitle=\"C\/ Pintor Joan Miro, 16. Pol. Ind. Can Humet de Dalt, 08213 Poliny\u00e0. Barcelona\"\n\t\t\t\t\taria-label=\"C\/ Pintor Joan Miro, 16. Pol. Ind. Can Humet de Dalt, 08213 Poliny\u00e0. Barcelona\"\n\t\t\t><\/iframe>\n\t\t<\/div>\n\t\t\t\t\t\t<\/div>\n\t\t\t\t<\/div>\n\t\t\t\t\t<\/div>\n\t\t<\/div>\n\t\t\t\t\t<\/div>\n\t\t<\/section>\n\t\t\t\t<\/div>","protected":false},"excerpt":{"rendered":"<p>Dermo: Fabricante de Produtos de Limpeza para Lava-Lou\u00e7as Autom\u00e1ticas. Os produtos de limpeza para lava-lou\u00e7as autom\u00e1ticas da Dermo SA proporcionam limpeza absoluta e garantem a preserva\u00e7\u00e3o da sua m\u00e1quina. Eles oferecem desinfec\u00e7\u00e3o completa por meio de pH e altas temperaturas, eliminando bact\u00e9rias e germes prejudiciais \u00e0 sa\u00fade. Tamb\u00e9m previnem o ac\u00famulo de calc\u00e1rio e sua formula\u00e7\u00e3o utiliza surfactantes inovadores\u2026&nbsp;<a href=\"https:\/\/dermo.com\/pt\/produtos-de-limpeza-para-lava-loucas-automaticas\/\" rel=\"bookmark\">Ler mais \u00bb<span class=\"screen-reader-text\">Produtos de limpeza para m\u00e1quinas de lavar lou\u00e7a autom\u00e1ticas<\/span><\/a><\/p>","protected":false},"author":2,"featured_media":0,"parent":0,"menu_order":0,"comment_status":"closed","ping_status":"closed","template":"page-templates\/template-pagebuilder-full-width.php","meta":{"neve_meta_sidebar":"","neve_meta_container":"","neve_meta_enable_content_width":"","neve_meta_content_width":0,"neve_meta_title_alignment":"","neve_meta_author_avatar":"","neve_post_elements_order":"","neve_meta_disable_header":"","neve_meta_disable_footer":"","neve_meta_disable_title":"","footnotes":""},"class_list":["post-13170","page","type-page","status-publish","hentry"],"yoast_head":"<!-- This site is optimized with the Yoast SEO plugin v27.0 - https:\/\/yoast.com\/product\/yoast-seo-wordpress\/ -->\n<title>Productos de limpieza lavavajillas autom\u00e1ticas - Dermo | F\u00e1brica de detergentes<\/title>\n<meta name=\"robots\" content=\"index, follow, max-snippet:-1, max-image-preview:large, max-video-preview:-1\" \/>\n<link rel=\"canonical\" href=\"https:\/\/dermo.com\/pt\/produtos-de-limpeza-para-lava-loucas-automaticas\/\" \/>\n<meta property=\"og:locale\" content=\"pt_PT\" \/>\n<meta property=\"og:type\" content=\"article\" \/>\n<meta property=\"og:title\" content=\"Productos de limpieza lavavajillas autom\u00e1ticas - Dermo | F\u00e1brica de detergentes\" \/>\n<meta property=\"og:description\" content=\"Dermo:\u00a0Fabrica de productos de limpieza lavavajillas autom\u00e1ticas Los\u00a0productos de limpieza lavavajillas autom\u00e1ticas\u00a0de\u00a0Dermo S.A., proporcionan una limpieza absoluta y garantizan la conservaci\u00f3n de tu m\u00e1quina. Ofrecen una completa desinfecci\u00f3n por pH y por una elevada temperatura que elimina bacterias y g\u00e9rmenes perjudiciales para nuestra salud. Adem\u00e1s, evita incrustaciones calc\u00e1reas y su formulaci\u00f3n con tensoactivos de nueva&hellip;&nbsp;Ler mais &raquo;Productos de limpieza lavavajillas autom\u00e1ticas\" \/>\n<meta property=\"og:url\" content=\"https:\/\/dermo.com\/pt\/produtos-de-limpeza-para-lava-loucas-automaticas\/\" \/>\n<meta property=\"og:site_name\" content=\"Dermo | F\u00e1brica de detergentes\" \/>\n<meta property=\"article:modified_time\" content=\"2025-02-19T11:30:06+00:00\" \/>\n<meta name=\"twitter:card\" content=\"summary_large_image\" \/>\n<meta name=\"twitter:label1\" content=\"Tempo estimado de leitura\" \/>\n\t<meta name=\"twitter:data1\" content=\"3 minutos\" \/>\n<script type=\"application\/ld+json\" class=\"yoast-schema-graph\">{\"@context\":\"https:\/\/schema.org\",\"@graph\":[{\"@type\":\"WebPage\",\"@id\":\"https:\/\/dermo.com\/productos-de-limpieza-lavavajillas-automaticas\/\",\"url\":\"https:\/\/dermo.com\/productos-de-limpieza-lavavajillas-automaticas\/\",\"name\":\"Productos de limpieza lavavajillas autom\u00e1ticas - Dermo | F\u00e1brica de detergentes\",\"isPartOf\":{\"@id\":\"https:\/\/dermo.com\/#website\"},\"datePublished\":\"2025-01-31T11:44:58+00:00\",\"dateModified\":\"2025-02-19T11:30:06+00:00\",\"breadcrumb\":{\"@id\":\"https:\/\/dermo.com\/productos-de-limpieza-lavavajillas-automaticas\/#breadcrumb\"},\"inLanguage\":\"pt-PT\",\"potentialAction\":[{\"@type\":\"ReadAction\",\"target\":[\"https:\/\/dermo.com\/productos-de-limpieza-lavavajillas-automaticas\/\"]}]},{\"@type\":\"BreadcrumbList\",\"@id\":\"https:\/\/dermo.com\/productos-de-limpieza-lavavajillas-automaticas\/#breadcrumb\",\"itemListElement\":[{\"@type\":\"ListItem\",\"position\":1,\"name\":\"Portada\",\"item\":\"https:\/\/dermo.com\/\"},{\"@type\":\"ListItem\",\"position\":2,\"name\":\"Productos de limpieza lavavajillas autom\u00e1ticas\"}]},{\"@type\":\"WebSite\",\"@id\":\"https:\/\/dermo.com\/#website\",\"url\":\"https:\/\/dermo.com\/\",\"name\":\"Dermo | F\u00e1brica de detergentes\",\"description\":\"Tecnolog\u00eda avanzada, investigaci\u00f3n y desarrollo, respeto por el medio ambiente, competencia, formaci\u00f3n constante y alto nivel de profesionalidad en nuestro equipo humano, empe\u00f1ado en preservar la calidad de vida, la protecci\u00f3n del entorno natural contin\u00faan motiv\u00e1ndonos para desarrollar en nuestros laboratorios nuevos productos con ingredientes activos altamente biodegradables que hacen posible un desarrollo sostenible.\",\"potentialAction\":[{\"@type\":\"SearchAction\",\"target\":{\"@type\":\"EntryPoint\",\"urlTemplate\":\"https:\/\/dermo.com\/?s={search_term_string}\"},\"query-input\":{\"@type\":\"PropertyValueSpecification\",\"valueRequired\":true,\"valueName\":\"search_term_string\"}}],\"inLanguage\":\"pt-PT\"}]}<\/script>\n<!-- \/ Yoast SEO plugin. -->","yoast_head_json":{"title":"Produtos de limpeza para lava-lou\u00e7as autom\u00e1ticas - Dermo | F\u00e1brica de detergentes","robots":{"index":"index","follow":"follow","max-snippet":"max-snippet:-1","max-image-preview":"max-image-preview:large","max-video-preview":"max-video-preview:-1"},"canonical":"https:\/\/dermo.com\/pt\/produtos-de-limpeza-para-lava-loucas-automaticas\/","og_locale":"pt_PT","og_type":"article","og_title":"Productos de limpieza lavavajillas autom\u00e1ticas - Dermo | F\u00e1brica de detergentes","og_description":"Dermo:\u00a0Fabrica de productos de limpieza lavavajillas autom\u00e1ticas Los\u00a0productos de limpieza lavavajillas autom\u00e1ticas\u00a0de\u00a0Dermo S.A., proporcionan una limpieza absoluta y garantizan la conservaci\u00f3n de tu m\u00e1quina. Ofrecen una completa desinfecci\u00f3n por pH y por una elevada temperatura que elimina bacterias y g\u00e9rmenes perjudiciales para nuestra salud. Adem\u00e1s, evita incrustaciones calc\u00e1reas y su formulaci\u00f3n con tensoactivos de nueva&hellip;&nbsp;Ler mais &raquo;Productos de limpieza lavavajillas autom\u00e1ticas","og_url":"https:\/\/dermo.com\/pt\/produtos-de-limpeza-para-lava-loucas-automaticas\/","og_site_name":"Dermo | F\u00e1brica de detergentes","article_modified_time":"2025-02-19T11:30:06+00:00","twitter_card":"summary_large_image","twitter_misc":{"Tempo estimado de leitura":"3 minutos"},"schema":{"@context":"https:\/\/schema.org","@graph":[{"@type":"WebPage","@id":"https:\/\/dermo.com\/productos-de-limpieza-lavavajillas-automaticas\/","url":"https:\/\/dermo.com\/productos-de-limpieza-lavavajillas-automaticas\/","name":"Produtos de limpeza para lava-lou\u00e7as autom\u00e1ticas - Dermo | F\u00e1brica de detergentes","isPartOf":{"@id":"https:\/\/dermo.com\/#website"},"datePublished":"2025-01-31T11:44:58+00:00","dateModified":"2025-02-19T11:30:06+00:00","breadcrumb":{"@id":"https:\/\/dermo.com\/productos-de-limpieza-lavavajillas-automaticas\/#breadcrumb"},"inLanguage":"pt-PT","potentialAction":[{"@type":"ReadAction","target":["https:\/\/dermo.com\/productos-de-limpieza-lavavajillas-automaticas\/"]}]},{"@type":"BreadcrumbList","@id":"https:\/\/dermo.com\/productos-de-limpieza-lavavajillas-automaticas\/#breadcrumb","itemListElement":[{"@type":"ListItem","position":1,"name":"Portada","item":"https:\/\/dermo.com\/"},{"@type":"ListItem","position":2,"name":"Productos de limpieza lavavajillas autom\u00e1ticas"}]},{"@type":"WebSite","@id":"https:\/\/dermo.com\/#website","url":"https:\/\/dermo.com\/","name":"Dermo | f\u00e1brica de detergentes","description":"A tecnologia avan\u00e7ada, a investiga\u00e7\u00e3o e desenvolvimento, o respeito pelo ambiente, a compet\u00eancia, a forma\u00e7\u00e3o constante e o elevado n\u00edvel de profissionalismo da nossa equipa humana, comprometida com a preserva\u00e7\u00e3o da qualidade de vida, a protec\u00e7\u00e3o do ambiente natural continuam a motivar-nos a desenvolver novos produtos nos nossos laborat\u00f3rios com princ\u00edpios ativos altamente biodegrad\u00e1veis que possibilitam o desenvolvimento sustent\u00e1vel.","potentialAction":[{"@type":"SearchAction","target":{"@type":"EntryPoint","urlTemplate":"https:\/\/dermo.com\/?s={search_term_string}"},"query-input":{"@type":"PropertyValueSpecification","valueRequired":true,"valueName":"search_term_string"}}],"inLanguage":"pt-PT"}]}},"_links":{"self":[{"href":"https:\/\/dermo.com\/pt\/wp-json\/wp\/v2\/pages\/13170","targetHints":{"allow":["GET"]}}],"collection":[{"href":"https:\/\/dermo.com\/pt\/wp-json\/wp\/v2\/pages"}],"about":[{"href":"https:\/\/dermo.com\/pt\/wp-json\/wp\/v2\/types\/page"}],"author":[{"embeddable":true,"href":"https:\/\/dermo.com\/pt\/wp-json\/wp\/v2\/users\/2"}],"replies":[{"embeddable":true,"href":"https:\/\/dermo.com\/pt\/wp-json\/wp\/v2\/comments?post=13170"}],"version-history":[{"count":6,"href":"https:\/\/dermo.com\/pt\/wp-json\/wp\/v2\/pages\/13170\/revisions"}],"predecessor-version":[{"id":13684,"href":"https:\/\/dermo.com\/pt\/wp-json\/wp\/v2\/pages\/13170\/revisions\/13684"}],"wp:attachment":[{"href":"https:\/\/dermo.com\/pt\/wp-json\/wp\/v2\/media?parent=13170"}],"curies":[{"name":"wp","href":"https:\/\/api.w.org\/{rel}","templated":true}]}}