{"id":14371,"date":"2025-11-15T10:17:20","date_gmt":"2025-11-15T09:17:20","guid":{"rendered":"https:\/\/dermo.com\/?page_id=14371"},"modified":"2025-11-15T10:22:03","modified_gmt":"2025-11-15T09:22:03","slug":"desengraxante-de-motor-polinya","status":"publish","type":"page","link":"https:\/\/dermo.com\/pt\/desengraxante-de-motor-polinya\/","title":{"rendered":"Desengraxante de motor Poliny\u00e0"},"content":{"rendered":"<div data-elementor-type=\"wp-page\" data-elementor-id=\"14371\" class=\"elementor elementor-14371\" data-elementor-post-type=\"page\">\n\t\t\t\t\t\t<section class=\"elementor-section elementor-top-section elementor-element elementor-element-a02683f elementor-section-boxed elementor-section-height-default elementor-section-height-default\" data-id=\"a02683f\" data-element_type=\"section\" data-e-type=\"section\" data-settings=\"{&quot;background_background&quot;:&quot;classic&quot;}\">\n\t\t\t\t\t\t\t<div class=\"elementor-background-overlay\"><\/div>\n\t\t\t\t\t\t\t<div class=\"elementor-container elementor-column-gap-default\">\n\t\t\t\t\t<div class=\"elementor-column elementor-col-100 elementor-top-column elementor-element elementor-element-f99dbff\" data-id=\"f99dbff\" data-element_type=\"column\" data-e-type=\"column\">\n\t\t\t<div class=\"elementor-widget-wrap elementor-element-populated\">\n\t\t\t\t\t\t\t<\/div>\n\t\t<\/div>\n\t\t\t\t\t<\/div>\n\t\t<\/section>\n\t\t\t\t<section class=\"elementor-section elementor-top-section elementor-element elementor-element-233ad3a4 elementor-section-boxed elementor-section-height-default elementor-section-height-default\" data-id=\"233ad3a4\" data-element_type=\"section\" data-e-type=\"section\">\n\t\t\t\t\t\t<div class=\"elementor-container elementor-column-gap-default\">\n\t\t\t\t\t<div class=\"elementor-column elementor-col-100 elementor-top-column elementor-element elementor-element-3244e578\" data-id=\"3244e578\" data-element_type=\"column\" data-e-type=\"column\">\n\t\t\t<div class=\"elementor-widget-wrap elementor-element-populated\">\n\t\t\t\t\t\t<section class=\"elementor-section elementor-inner-section elementor-element elementor-element-1a7040c2 elementor-section-content-middle elementor-section-boxed elementor-section-height-default elementor-section-height-default\" data-id=\"1a7040c2\" data-element_type=\"section\" data-e-type=\"section\">\n\t\t\t\t\t\t<div class=\"elementor-container elementor-column-gap-default\">\n\t\t\t\t\t<div class=\"elementor-column elementor-col-50 elementor-inner-column elementor-element elementor-element-58338543\" data-id=\"58338543\" data-element_type=\"column\" data-e-type=\"column\">\n\t\t\t<div class=\"elementor-widget-wrap elementor-element-populated\">\n\t\t\t\t\t\t<div class=\"elementor-element elementor-element-464b2e11 elementor-widget elementor-widget-text-editor\" data-id=\"464b2e11\" data-element_type=\"widget\" data-e-type=\"widget\" data-widget_type=\"text-editor.default\">\n\t\t\t\t<div class=\"elementor-widget-container\">\n\t\t\t\t\t\t\t\t\t<h2 data-start=\"277\" data-end=\"323\">Desengraxante de motor na nossa f\u00e1brica da Dermo em Poliny\u00e0<\/h2><p data-start=\"392\" data-end=\"815\">Em nossa f\u00e1brica de produtos de limpeza, especializada em detergentes industriais, desenvolvemos um <strong data-start=\"508\" data-end=\"538\">desengordurante <\/strong>para <strong data-start=\"508\" data-end=\"538\">motores<\/strong> em <strong>Poliny\u00e0<\/strong>, Alto desempenho. Gra\u00e7as \u00e0 nossa tecnologia avan\u00e7ada e processos de P&amp;D, oferecemos uma f\u00f3rmula poderosa que remove graxa, \u00f3leo e res\u00edduos carbonizados de motores, transmiss\u00f5es, m\u00e1quinas automotivas ou industriais, com total seguran\u00e7a para componentes met\u00e1licos.<\/p><h3 data-start=\"392\" data-end=\"815\">Motornet; o desengraxante de motor que voc\u00ea procurava em Poliny\u00e0<\/h3><p data-start=\"177\" data-end=\"459\">Motornet \u00e9 um <strong>desengraxante de motor em Poliny\u00e0<\/strong> Formulado especialmente para a limpeza de motores de combust\u00e3o interna e superf\u00edcies met\u00e1licas sem pintura. Sua composi\u00e7\u00e3o permite a mistura com \u00e1gua em qualquer propor\u00e7\u00e3o, criando uma emuls\u00e3o capaz de remover todos os tipos de sujeira incrustada. Atua eficazmente sobre graxa, lama, fuligem e res\u00edduos s\u00f3lidos, dissolvendo-os e facilitando a limpeza profunda de motores e pe\u00e7as met\u00e1licas.<\/p>\t\t\t\t\t\t\t\t<\/div>\n\t\t\t\t<\/div>\n\t\t\t\t\t<\/div>\n\t\t<\/div>\n\t\t\t\t<div class=\"elementor-column elementor-col-50 elementor-inner-column elementor-element elementor-element-1bcd33d elementor-invisible\" data-id=\"1bcd33d\" data-element_type=\"column\" data-e-type=\"column\" data-settings=\"{&quot;animation&quot;:&quot;bounceInRight&quot;}\">\n\t\t\t<div class=\"elementor-widget-wrap elementor-element-populated\">\n\t\t\t\t\t\t<div class=\"elementor-element elementor-element-10a2e02 elementor-widget elementor-widget-elementskit-contact-form7\" data-id=\"10a2e02\" data-element_type=\"widget\" data-e-type=\"widget\" data-widget_type=\"elementskit-contact-form7.default\">\n\t\t\t\t<div class=\"elementor-widget-container\">\n\t\t\t\t\t<div class=\"ekit-wid-con\" ><div class=\"ekit-form\">\n<div class=\"wpcf7 no-js\" id=\"wpcf7-f13292-p14371-o1\" lang=\"es-ES\" dir=\"ltr\" data-wpcf7-id=\"13292\">\n<div class=\"screen-reader-response\"><p role=\"status\" aria-live=\"polite\" aria-atomic=\"true\"><\/p> <ul><\/ul><\/div>\n<form action=\"\/pt\/desengraxante-de-motor-polinya\/#wpcf7-f13292-p14371-o1\" method=\"post\" class=\"wpcf7-form init\" aria-label=\"Formulario de contacto\" novalidate=\"novalidate\" data-status=\"init\" data-no-translation-aria-label=\"\" data-trp-original-action=\"\/pt\/desengrasante-motores-polinya\/#wpcf7-f13292-p14371-o1\">\n<fieldset class=\"hidden-fields-container\"><input type=\"hidden\" name=\"_wpcf7\" value=\"13292\" \/><input type=\"hidden\" name=\"_wpcf7_version\" value=\"6.1.5\" \/><input type=\"hidden\" name=\"_wpcf7_locale\" value=\"es_ES\" \/><input type=\"hidden\" name=\"_wpcf7_unit_tag\" value=\"wpcf7-f13292-p14371-o1\" \/><input type=\"hidden\" name=\"_wpcf7_container_post\" value=\"14371\" \/><input type=\"hidden\" name=\"_wpcf7_posted_data_hash\" value=\"\" \/><input type=\"hidden\" name=\"_wpcf7_recaptcha_response\" value=\"\" \/>\n<\/fieldset>\n<div style=\"display: flex; gap: 10px;\">\n\t<div style=\"width: 50%;\">\n\t\t<p><span class=\"wpcf7-form-control-wrap\" data-name=\"your-name\"><input size=\"40\" maxlength=\"400\" class=\"wpcf7-form-control wpcf7-text wpcf7-validates-as-required\" aria-required=\"true\" aria-invalid=\"false\" placeholder=\"Nome\" value=\"\" type=\"text\" name=\"your-name\" \/><\/span>\n\t\t<\/p>\n\t<\/div>\n\t<div style=\"width: 50%;\">\n\t\t<p><span class=\"wpcf7-form-control-wrap\" data-name=\"your-phone\"><input size=\"40\" maxlength=\"400\" class=\"wpcf7-form-control wpcf7-tel wpcf7-validates-as-required wpcf7-text wpcf7-validates-as-tel\" aria-required=\"true\" aria-invalid=\"false\" placeholder=\"Telefone\" value=\"\" type=\"tel\" name=\"your-phone\" \/><\/span>\n\t\t<\/p>\n\t<\/div>\n<\/div>\n<p><span class=\"wpcf7-form-control-wrap\" data-name=\"your-email\"><input size=\"40\" maxlength=\"400\" class=\"wpcf7-form-control wpcf7-email wpcf7-validates-as-required wpcf7-text wpcf7-validates-as-email\" aria-required=\"true\" aria-invalid=\"false\" placeholder=\"E-mail\" value=\"\" type=\"email\" name=\"your-email\" \/><\/span>\n<\/p>\n<div style=\"display: flex; gap: 10px;\">\n\t<div style=\"width: 50%;\">\n\t\t<p><span class=\"wpcf7-form-control-wrap\" data-name=\"your-country\"><input size=\"40\" maxlength=\"400\" class=\"wpcf7-form-control wpcf7-text wpcf7-validates-as-required\" aria-required=\"true\" aria-invalid=\"false\" placeholder=\"Pa\u00eds\" value=\"\" type=\"text\" name=\"your-country\" \/><\/span>\n\t\t<\/p>\n\t<\/div>\n\t<div style=\"width: 50%;\">\n\t\t<p><span class=\"wpcf7-form-control-wrap\" data-name=\"your-city\"><input size=\"40\" maxlength=\"400\" class=\"wpcf7-form-control wpcf7-text wpcf7-validates-as-required\" aria-required=\"true\" aria-invalid=\"false\" placeholder=\"Popula\u00e7\u00e3o\" value=\"\" type=\"text\" name=\"your-city\" \/><\/span>\n\t\t<\/p>\n\t<\/div>\n<\/div>\n<p><span class=\"wpcf7-form-control-wrap\" data-name=\"your-subject\"><select class=\"wpcf7-form-control wpcf7-select\" aria-invalid=\"false\" name=\"your-subject\"><option value=\"Quiero ser distribuidor\">Quero ser um distribuidor<\/option><option value=\"Presupuesto\">Or\u00e7amento<\/option><option value=\"Consulta\">Consulta<\/option><option value=\"Sugerencia\">Sugest\u00e3o<\/option><option value=\"Otros\">Outros<\/option><\/select><\/span>\n<\/p>\n<p><span class=\"wpcf7-form-control-wrap\" data-name=\"your-message\"><textarea cols=\"40\" rows=\"10\" maxlength=\"2000\" class=\"wpcf7-form-control wpcf7-textarea\" aria-invalid=\"false\" placeholder=\"Mensagem ou consulta\" name=\"your-message\"><\/textarea><\/span>\n<\/p>\n<div style=\"display: flex; align-items: center; gap: 10px;\">\n\t<p><span class=\"wpcf7-form-control-wrap\" data-name=\"privacy-policy\"><span class=\"wpcf7-form-control wpcf7-acceptance\"><span class=\"wpcf7-list-item\"><input type=\"checkbox\" name=\"privacy-policy\" value=\"1\" aria-invalid=\"false\" \/><\/span><\/span><\/span><label for=\"privacy-policy\" style=\"margin-left: 5px;\">Li e aceito a pol\u00edtica de privacidade.<\/label>\n\t<\/p>\n<\/div>\n<div style=\"display: flex; align-items: center; gap: 10px;\">\n\t<p><span class=\"wpcf7-form-control-wrap\" data-name=\"send-info\"><span class=\"wpcf7-form-control wpcf7-acceptance\"><span class=\"wpcf7-list-item\"><input type=\"checkbox\" name=\"send-info\" value=\"1\" aria-invalid=\"false\" \/><\/span><\/span><\/span><label for=\"send-info\" style=\"margin-left: 5px;\">Concordo em receber informa\u00e7\u00f5es.<\/label>\n\t<\/p>\n<\/div>\n<p><input class=\"wpcf7-form-control wpcf7-submit has-spinner\" type=\"submit\" value=\"Enviar\" \/>\n<\/p><div class=\"wpcf7-response-output\" aria-hidden=\"true\"><\/div>\n<input type=\"hidden\" name=\"trp-form-language\" value=\"pt\"\/><\/form>\n<\/div>\n<\/div><\/div>\t\t\t\t<\/div>\n\t\t\t\t<\/div>\n\t\t\t\t\t<\/div>\n\t\t<\/div>\n\t\t\t\t\t<\/div>\n\t\t<\/section>\n\t\t\t\t<div class=\"elementor-element elementor-element-615d68f elementor-widget elementor-widget-text-editor\" data-id=\"615d68f\" data-element_type=\"widget\" data-e-type=\"widget\" data-widget_type=\"text-editor.default\">\n\t\t\t\t<div class=\"elementor-widget-container\">\n\t\t\t\t\t\t\t\t\t<h2 data-start=\"612\" data-end=\"674\">Outros usos do desengraxante de motor em Poliny\u00e0<\/h2><p data-start=\"612\" data-end=\"674\">Al\u00e9m de sua utiliza\u00e7\u00e3o principal, o Motornet tamb\u00e9m \u00e9 adequado para:<\/p><ul data-start=\"676\" data-end=\"992\"><li data-start=\"676\" data-end=\"788\"><p data-start=\"678\" data-end=\"788\">Desengorduramento de pavimentos em oficinas mec\u00e2nicas, postos de servi\u00e7o e \u00e1reas com ac\u00famulo de \u00f3leo.<\/p><\/li><li data-start=\"789\" data-end=\"908\"><p data-start=\"791\" data-end=\"908\">Limpe e remova a graxa de componentes de transmiss\u00e3o, correntes de bicicletas, motocicletas e m\u00e1quinas similares.<\/p><\/li><li data-start=\"909\" data-end=\"992\"><p data-start=\"911\" data-end=\"992\">Remova os res\u00edduos de lubrificante dos moldes utilizados nos processos de inje\u00e7\u00e3o.<\/p><\/li><\/ul><h3 data-start=\"817\" data-end=\"839\"><strong data-start=\"817\" data-end=\"837\">Principais benef\u00edcios do desengraxante de motor em Poliny\u00e0<\/strong><\/h3><p>Nossa f\u00f3rmula oferece efic\u00e1cia de n\u00edvel profissional, capaz de dissolver at\u00e9 mesmo a graxa mais resistente em blocos de motor, turbocompressores, caixas de c\u00e2mbio e pe\u00e7as mec\u00e2nicas, mantendo alta biodegradabilidade gra\u00e7as ao uso de ingredientes ativos ecologicamente corretos. Al\u00e9m disso, foi desenvolvida para proteger superf\u00edcies met\u00e1licas, prevenindo a corros\u00e3o e protegendo materiais como alum\u00ednio, a\u00e7o e diversas ligas comumente encontradas em motores. Tudo isso \u00e9 desenvolvido sob rigorosos padr\u00f5es de seguran\u00e7a, com o apoio de uma equipe de especialistas que recebe treinamento cont\u00ednuo. Tamb\u00e9m adaptamos concentra\u00e7\u00f5es, embalagens e formatos para atender a qualquer necessidade, seguindo nossa filosofia de fabrica\u00e7\u00e3o personalizada. A qualidade do nosso produto se reflete em nossa presen\u00e7a internacional, j\u00e1 que distribu\u00edmos nossos desengraxantes em mais de 30 pa\u00edses.<strong> desengordurante <\/strong>para <strong>motores <\/strong>em <strong>Poliny\u00e0<\/strong> \u00c9 recomendado para oficinas mec\u00e2nicas, empresas de limpeza industrial, f\u00e1bricas, empresas de manuten\u00e7\u00e3o mec\u00e2nica e concession\u00e1rias. Integra-se perfeitamente aos processos de limpeza de rotina ou limpeza profunda. Nosso desengraxante de motor n\u00e3o s\u00f3 limpa, como tamb\u00e9m o faz respeitando o meio ambiente. Solicite mais informa\u00e7\u00f5es agora mesmo e otimize o desempenho de seus equipamentos com o nosso produto. <strong>desengordurante <\/strong>para <strong>motores <\/strong>em <strong>Poliny\u00e0<\/strong>.<\/p>\t\t\t\t\t\t\t\t<\/div>\n\t\t\t\t<\/div>\n\t\t\t\t\t<\/div>\n\t\t<\/div>\n\t\t\t\t\t<\/div>\n\t\t<\/section>\n\t\t\t\t<section class=\"elementor-section elementor-top-section elementor-element elementor-element-484f41e elementor-section-full_width elementor-section-height-default elementor-section-height-default elementor-invisible\" data-id=\"484f41e\" data-element_type=\"section\" data-e-type=\"section\" data-settings=\"{&quot;animation&quot;:&quot;slideInUp&quot;}\">\n\t\t\t\t\t\t<div class=\"elementor-container elementor-column-gap-default\">\n\t\t\t\t\t<div class=\"elementor-column elementor-col-100 elementor-top-column elementor-element elementor-element-19948363\" data-id=\"19948363\" data-element_type=\"column\" data-e-type=\"column\">\n\t\t\t<div class=\"elementor-widget-wrap elementor-element-populated\">\n\t\t\t\t\t\t<div class=\"elementor-element elementor-element-339044a4 elementor-widget elementor-widget-google_maps\" data-id=\"339044a4\" data-element_type=\"widget\" data-e-type=\"widget\" data-widget_type=\"google_maps.default\">\n\t\t\t\t<div class=\"elementor-widget-container\">\n\t\t\t\t\t\t\t<div class=\"elementor-custom-embed\">\n\t\t\t<iframe loading=\"lazy\"\n\t\t\t\t\tsrc=\"https:\/\/maps.google.com\/maps?q=C%2F%20Pintor%20Joan%20Miro%2C%2016.%20Pol.%20Ind.%20Can%20Humet%20de%20Dalt%2C%2008213%20Poliny%C3%A0.%20Barcelona&#038;t=m&#038;z=15&#038;output=embed&#038;iwloc=near\"\n\t\t\t\t\ttitle=\"C\/ Pintor Joan Miro, 16. Pol. Ind. Can Humet de Dalt, 08213 Poliny\u00e0. Barcelona\"\n\t\t\t\t\taria-label=\"C\/ Pintor Joan Miro, 16. Pol. Ind. Can Humet de Dalt, 08213 Poliny\u00e0. Barcelona\"\n\t\t\t><\/iframe>\n\t\t<\/div>\n\t\t\t\t\t\t<\/div>\n\t\t\t\t<\/div>\n\t\t\t\t\t<\/div>\n\t\t<\/div>\n\t\t\t\t\t<\/div>\n\t\t<\/section>\n\t\t\t\t<\/div>","protected":false},"excerpt":{"rendered":"<p>Desengrasante de motores en nuestra f\u00e1brica Dermo en Poliny\u00e0 En nuestra f\u00e1brica de limpieza, especializada en detergentes industriales, hemos desarrollado un desengrasante para motores en Poliny\u00e0, de alto rendimiento. Gracias a nuestra tecnolog\u00eda avanzada y procesos de I+D, ofrecemos una formulaci\u00f3n potente que elimina grasa, aceite y residuos carbonizados en motores, transmisiones, maquinaria automotriz o&hellip;&nbsp;<a href=\"https:\/\/dermo.com\/pt\/desengraxante-de-motor-polinya\/\" rel=\"bookmark\">Ler mais \u00bb<span class=\"screen-reader-text\">Desengraxante de motor Poliny\u00e0<\/span><\/a><\/p>","protected":false},"author":2,"featured_media":0,"parent":0,"menu_order":0,"comment_status":"closed","ping_status":"closed","template":"page-templates\/template-pagebuilder-full-width.php","meta":{"neve_meta_sidebar":"","neve_meta_container":"","neve_meta_enable_content_width":"","neve_meta_content_width":0,"neve_meta_title_alignment":"","neve_meta_author_avatar":"","neve_post_elements_order":"","neve_meta_disable_header":"","neve_meta_disable_footer":"","neve_meta_disable_title":"","footnotes":""},"class_list":["post-14371","page","type-page","status-publish","hentry"],"yoast_head":"<!-- This site is optimized with the Yoast SEO plugin v27.0 - https:\/\/yoast.com\/product\/yoast-seo-wordpress\/ -->\n<title>Desengrasante motores Poliny\u00e0 - Dermo | F\u00e1brica de detergentes<\/title>\n<meta name=\"robots\" content=\"index, follow, max-snippet:-1, max-image-preview:large, max-video-preview:-1\" \/>\n<link rel=\"canonical\" href=\"https:\/\/dermo.com\/pt\/desengraxante-de-motor-polinya\/\" \/>\n<meta property=\"og:locale\" content=\"pt_PT\" \/>\n<meta property=\"og:type\" content=\"article\" \/>\n<meta property=\"og:title\" content=\"Desengrasante motores Poliny\u00e0 - Dermo | F\u00e1brica de detergentes\" \/>\n<meta property=\"og:description\" content=\"Desengrasante de motores en nuestra f\u00e1brica Dermo en Poliny\u00e0 En nuestra f\u00e1brica de limpieza, especializada en detergentes industriales, hemos desarrollado un desengrasante para motores en Poliny\u00e0, de alto rendimiento. Gracias a nuestra tecnolog\u00eda avanzada y procesos de I+D, ofrecemos una formulaci\u00f3n potente que elimina grasa, aceite y residuos carbonizados en motores, transmisiones, maquinaria automotriz o&hellip;&nbsp;Ler mais &raquo;Desengrasante motores Poliny\u00e0\" \/>\n<meta property=\"og:url\" content=\"https:\/\/dermo.com\/pt\/desengraxante-de-motor-polinya\/\" \/>\n<meta property=\"og:site_name\" content=\"Dermo | F\u00e1brica de detergentes\" \/>\n<meta property=\"article:modified_time\" content=\"2025-11-15T09:22:03+00:00\" \/>\n<meta name=\"twitter:card\" content=\"summary_large_image\" \/>\n<meta name=\"twitter:label1\" content=\"Tempo estimado de leitura\" \/>\n\t<meta name=\"twitter:data1\" content=\"2 minutos\" \/>\n<script type=\"application\/ld+json\" class=\"yoast-schema-graph\">{\"@context\":\"https:\/\/schema.org\",\"@graph\":[{\"@type\":\"WebPage\",\"@id\":\"https:\/\/dermo.com\/desengrasante-motores-polinya\/\",\"url\":\"https:\/\/dermo.com\/desengrasante-motores-polinya\/\",\"name\":\"Desengrasante motores Poliny\u00e0 - Dermo | F\u00e1brica de detergentes\",\"isPartOf\":{\"@id\":\"https:\/\/dermo.com\/#website\"},\"datePublished\":\"2025-11-15T09:17:20+00:00\",\"dateModified\":\"2025-11-15T09:22:03+00:00\",\"breadcrumb\":{\"@id\":\"https:\/\/dermo.com\/desengrasante-motores-polinya\/#breadcrumb\"},\"inLanguage\":\"pt-PT\",\"potentialAction\":[{\"@type\":\"ReadAction\",\"target\":[\"https:\/\/dermo.com\/desengrasante-motores-polinya\/\"]}]},{\"@type\":\"BreadcrumbList\",\"@id\":\"https:\/\/dermo.com\/desengrasante-motores-polinya\/#breadcrumb\",\"itemListElement\":[{\"@type\":\"ListItem\",\"position\":1,\"name\":\"Portada\",\"item\":\"https:\/\/dermo.com\/\"},{\"@type\":\"ListItem\",\"position\":2,\"name\":\"Desengrasante motores Poliny\u00e0\"}]},{\"@type\":\"WebSite\",\"@id\":\"https:\/\/dermo.com\/#website\",\"url\":\"https:\/\/dermo.com\/\",\"name\":\"Dermo | F\u00e1brica de detergentes\",\"description\":\"Tecnolog\u00eda avanzada, investigaci\u00f3n y desarrollo, respeto por el medio ambiente, competencia, formaci\u00f3n constante y alto nivel de profesionalidad en nuestro equipo humano, empe\u00f1ado en preservar la calidad de vida, la protecci\u00f3n del entorno natural contin\u00faan motiv\u00e1ndonos para desarrollar en nuestros laboratorios nuevos productos con ingredientes activos altamente biodegradables que hacen posible un desarrollo sostenible.\",\"potentialAction\":[{\"@type\":\"SearchAction\",\"target\":{\"@type\":\"EntryPoint\",\"urlTemplate\":\"https:\/\/dermo.com\/?s={search_term_string}\"},\"query-input\":{\"@type\":\"PropertyValueSpecification\",\"valueRequired\":true,\"valueName\":\"search_term_string\"}}],\"inLanguage\":\"pt-PT\"}]}<\/script>\n<!-- \/ Yoast SEO plugin. -->","yoast_head_json":{"title":"Desengraxante para motores Poliny\u00e0 - Dermo | F\u00e1brica de detergente","robots":{"index":"index","follow":"follow","max-snippet":"max-snippet:-1","max-image-preview":"max-image-preview:large","max-video-preview":"max-video-preview:-1"},"canonical":"https:\/\/dermo.com\/pt\/desengraxante-de-motor-polinya\/","og_locale":"pt_PT","og_type":"article","og_title":"Desengrasante motores Poliny\u00e0 - Dermo | F\u00e1brica de detergentes","og_description":"Desengrasante de motores en nuestra f\u00e1brica Dermo en Poliny\u00e0 En nuestra f\u00e1brica de limpieza, especializada en detergentes industriales, hemos desarrollado un desengrasante para motores en Poliny\u00e0, de alto rendimiento. Gracias a nuestra tecnolog\u00eda avanzada y procesos de I+D, ofrecemos una formulaci\u00f3n potente que elimina grasa, aceite y residuos carbonizados en motores, transmisiones, maquinaria automotriz o&hellip;&nbsp;Ler mais &raquo;Desengrasante motores Poliny\u00e0","og_url":"https:\/\/dermo.com\/pt\/desengraxante-de-motor-polinya\/","og_site_name":"Dermo | F\u00e1brica de detergentes","article_modified_time":"2025-11-15T09:22:03+00:00","twitter_card":"summary_large_image","twitter_misc":{"Tempo estimado de leitura":"2 minutos"},"schema":{"@context":"https:\/\/schema.org","@graph":[{"@type":"WebPage","@id":"https:\/\/dermo.com\/desengrasante-motores-polinya\/","url":"https:\/\/dermo.com\/desengrasante-motores-polinya\/","name":"Desengraxante para motores Poliny\u00e0 - Dermo | F\u00e1brica de detergente","isPartOf":{"@id":"https:\/\/dermo.com\/#website"},"datePublished":"2025-11-15T09:17:20+00:00","dateModified":"2025-11-15T09:22:03+00:00","breadcrumb":{"@id":"https:\/\/dermo.com\/desengrasante-motores-polinya\/#breadcrumb"},"inLanguage":"pt-PT","potentialAction":[{"@type":"ReadAction","target":["https:\/\/dermo.com\/desengrasante-motores-polinya\/"]}]},{"@type":"BreadcrumbList","@id":"https:\/\/dermo.com\/desengrasante-motores-polinya\/#breadcrumb","itemListElement":[{"@type":"ListItem","position":1,"name":"Portada","item":"https:\/\/dermo.com\/"},{"@type":"ListItem","position":2,"name":"Desengrasante motores Poliny\u00e0"}]},{"@type":"WebSite","@id":"https:\/\/dermo.com\/#website","url":"https:\/\/dermo.com\/","name":"Dermo | f\u00e1brica de detergentes","description":"A tecnologia avan\u00e7ada, a investiga\u00e7\u00e3o e desenvolvimento, o respeito pelo ambiente, a compet\u00eancia, a forma\u00e7\u00e3o constante e o elevado n\u00edvel de profissionalismo da nossa equipa humana, comprometida com a preserva\u00e7\u00e3o da qualidade de vida, a protec\u00e7\u00e3o do ambiente natural continuam a motivar-nos a desenvolver novos produtos nos nossos laborat\u00f3rios com princ\u00edpios ativos altamente biodegrad\u00e1veis que possibilitam o desenvolvimento sustent\u00e1vel.","potentialAction":[{"@type":"SearchAction","target":{"@type":"EntryPoint","urlTemplate":"https:\/\/dermo.com\/?s={search_term_string}"},"query-input":{"@type":"PropertyValueSpecification","valueRequired":true,"valueName":"search_term_string"}}],"inLanguage":"pt-PT"}]}},"_links":{"self":[{"href":"https:\/\/dermo.com\/pt\/wp-json\/wp\/v2\/pages\/14371","targetHints":{"allow":["GET"]}}],"collection":[{"href":"https:\/\/dermo.com\/pt\/wp-json\/wp\/v2\/pages"}],"about":[{"href":"https:\/\/dermo.com\/pt\/wp-json\/wp\/v2\/types\/page"}],"author":[{"embeddable":true,"href":"https:\/\/dermo.com\/pt\/wp-json\/wp\/v2\/users\/2"}],"replies":[{"embeddable":true,"href":"https:\/\/dermo.com\/pt\/wp-json\/wp\/v2\/comments?post=14371"}],"version-history":[{"count":4,"href":"https:\/\/dermo.com\/pt\/wp-json\/wp\/v2\/pages\/14371\/revisions"}],"predecessor-version":[{"id":14375,"href":"https:\/\/dermo.com\/pt\/wp-json\/wp\/v2\/pages\/14371\/revisions\/14375"}],"wp:attachment":[{"href":"https:\/\/dermo.com\/pt\/wp-json\/wp\/v2\/media?parent=14371"}],"curies":[{"name":"wp","href":"https:\/\/api.w.org\/{rel}","templated":true}]}}