{"id":14473,"date":"2026-01-07T13:04:09","date_gmt":"2026-01-07T12:04:09","guid":{"rendered":"https:\/\/dermo.com\/?page_id=14473"},"modified":"2026-01-07T13:09:37","modified_gmt":"2026-01-07T12:09:37","slug":"desinfetantes-industriais-sabadell","status":"publish","type":"page","link":"https:\/\/dermo.com\/pt\/desinfetantes-industriais-sabadell\/","title":{"rendered":"Desinfetantes industriais Sabadell"},"content":{"rendered":"<div data-elementor-type=\"wp-page\" data-elementor-id=\"14473\" class=\"elementor elementor-14473\" data-elementor-post-type=\"page\">\n\t\t\t\t\t\t<section class=\"elementor-section elementor-top-section elementor-element elementor-element-98a4dec elementor-section-boxed elementor-section-height-default elementor-section-height-default\" data-id=\"98a4dec\" data-element_type=\"section\" data-e-type=\"section\" data-settings=\"{&quot;background_background&quot;:&quot;classic&quot;}\">\n\t\t\t\t\t\t\t<div class=\"elementor-background-overlay\"><\/div>\n\t\t\t\t\t\t\t<div class=\"elementor-container elementor-column-gap-default\">\n\t\t\t\t\t<div class=\"elementor-column elementor-col-100 elementor-top-column elementor-element elementor-element-e1dd055\" data-id=\"e1dd055\" data-element_type=\"column\" data-e-type=\"column\">\n\t\t\t<div class=\"elementor-widget-wrap elementor-element-populated\">\n\t\t\t\t\t\t\t<\/div>\n\t\t<\/div>\n\t\t\t\t\t<\/div>\n\t\t<\/section>\n\t\t\t\t<section class=\"elementor-section elementor-top-section elementor-element elementor-element-2ec8e30 elementor-section-boxed elementor-section-height-default elementor-section-height-default\" data-id=\"2ec8e30\" data-element_type=\"section\" data-e-type=\"section\">\n\t\t\t\t\t\t<div class=\"elementor-container elementor-column-gap-default\">\n\t\t\t\t\t<div class=\"elementor-column elementor-col-100 elementor-top-column elementor-element elementor-element-8c075e9\" data-id=\"8c075e9\" data-element_type=\"column\" data-e-type=\"column\">\n\t\t\t<div class=\"elementor-widget-wrap elementor-element-populated\">\n\t\t\t\t\t\t<section class=\"elementor-section elementor-inner-section elementor-element elementor-element-64bab18 elementor-section-content-middle elementor-section-boxed elementor-section-height-default elementor-section-height-default\" data-id=\"64bab18\" data-element_type=\"section\" data-e-type=\"section\">\n\t\t\t\t\t\t<div class=\"elementor-container elementor-column-gap-default\">\n\t\t\t\t\t<div class=\"elementor-column elementor-col-50 elementor-inner-column elementor-element elementor-element-1517a1f\" data-id=\"1517a1f\" data-element_type=\"column\" data-e-type=\"column\">\n\t\t\t<div class=\"elementor-widget-wrap elementor-element-populated\">\n\t\t\t\t\t\t<div class=\"elementor-element elementor-element-4ecb927 elementor-widget elementor-widget-text-editor\" data-id=\"4ecb927\" data-element_type=\"widget\" data-e-type=\"widget\" data-widget_type=\"text-editor.default\">\n\t\t\t\t<div class=\"elementor-widget-container\">\n\t\t\t\t\t\t\t\t\t<h2 style=\"text-align: left;\" data-start=\"2821\" data-end=\"2902\">Desinfetantes industriais em Sabadell: higiene profissional com garantia Dermo<\/h2><p data-start=\"2904\" data-end=\"3249\">Na Dermo, somos l\u00edderes na fabrica\u00e7\u00e3o de <strong data-start=\"2955\" data-end=\"2997\">Desinfetantes industriais em Sabadell<\/strong>, Desenvolvemos produtos de alto desempenho para garantir a limpeza e desinfec\u00e7\u00e3o em todos os tipos de ambientes, sejam eles profissionais ou dom\u00e9sticos. Nossa experi\u00eancia e capacidade de inova\u00e7\u00e3o nos permitem oferecer solu\u00e7\u00f5es eficazes, seguras e sustent\u00e1veis.<\/p><h3 data-start=\"3251\" data-end=\"3307\">Especialistas em desinfetantes industriais em Sabadell<\/h3><p data-start=\"3309\" data-end=\"3607\">Nosso <strong data-start=\"3318\" data-end=\"3348\">Desinfetantes industriais em Sabadell <\/strong>S\u00e3o formulados para remover eficazmente sujidade, gordura, bact\u00e9rias e microrganismos, garantindo superf\u00edcies limpas e seguras. S\u00e3o ideais para espa\u00e7os onde a higiene \u00e9 uma prioridade, como cozinhas, casas de banho, pisos, \u00e1reas comuns e zonas de grande circula\u00e7\u00e3o.<\/p><p data-start=\"3609\" data-end=\"3784\">Cada vez mais empresas confiam na Dermo devido \u00e0 confiabilidade de nossos produtos e \u00e0 nossa capacidade de adapta\u00e7\u00e3o \u00e0s necessidades espec\u00edficas de cada setor.<\/p>\t\t\t\t\t\t\t\t<\/div>\n\t\t\t\t<\/div>\n\t\t\t\t\t<\/div>\n\t\t<\/div>\n\t\t\t\t<div class=\"elementor-column elementor-col-50 elementor-inner-column elementor-element elementor-element-f924105 elementor-invisible\" data-id=\"f924105\" data-element_type=\"column\" data-e-type=\"column\" data-settings=\"{&quot;animation&quot;:&quot;bounceInRight&quot;}\">\n\t\t\t<div class=\"elementor-widget-wrap elementor-element-populated\">\n\t\t\t\t\t\t<div class=\"elementor-element elementor-element-35a13b7 elementor-widget elementor-widget-elementskit-contact-form7\" data-id=\"35a13b7\" data-element_type=\"widget\" data-e-type=\"widget\" data-widget_type=\"elementskit-contact-form7.default\">\n\t\t\t\t<div class=\"elementor-widget-container\">\n\t\t\t\t\t<div class=\"ekit-wid-con\" ><div class=\"ekit-form\">\n<div class=\"wpcf7 no-js\" id=\"wpcf7-f13292-p14473-o1\" lang=\"es-ES\" dir=\"ltr\" data-wpcf7-id=\"13292\">\n<div class=\"screen-reader-response\"><p role=\"status\" aria-live=\"polite\" aria-atomic=\"true\"><\/p> <ul><\/ul><\/div>\n<form action=\"\/pt\/desinfetantes-industriais-sabadell\/#wpcf7-f13292-p14473-o1\" method=\"post\" class=\"wpcf7-form init\" aria-label=\"Formulario de contacto\" novalidate=\"novalidate\" data-status=\"init\" data-no-translation-aria-label=\"\" data-trp-original-action=\"\/fr\/desinfectantes-industriales-sabadell\/#wpcf7-f13292-p14473-o1\">\n<fieldset class=\"hidden-fields-container\"><input type=\"hidden\" name=\"_wpcf7\" value=\"13292\" \/><input type=\"hidden\" name=\"_wpcf7_version\" value=\"6.1.5\" \/><input type=\"hidden\" name=\"_wpcf7_locale\" value=\"es_ES\" \/><input type=\"hidden\" name=\"_wpcf7_unit_tag\" value=\"wpcf7-f13292-p14473-o1\" \/><input type=\"hidden\" name=\"_wpcf7_container_post\" value=\"14473\" \/><input type=\"hidden\" name=\"_wpcf7_posted_data_hash\" value=\"\" \/><input type=\"hidden\" name=\"_wpcf7_recaptcha_response\" value=\"\" \/>\n<\/fieldset>\n<div style=\"display: flex; gap: 10px;\">\n\t<div style=\"width: 50%;\">\n\t\t<p><span class=\"wpcf7-form-control-wrap\" data-name=\"your-name\"><input size=\"40\" maxlength=\"400\" class=\"wpcf7-form-control wpcf7-text wpcf7-validates-as-required\" aria-required=\"true\" aria-invalid=\"false\" placeholder=\"Nome\" value=\"\" type=\"text\" name=\"your-name\" \/><\/span>\n\t\t<\/p>\n\t<\/div>\n\t<div style=\"width: 50%;\">\n\t\t<p><span class=\"wpcf7-form-control-wrap\" data-name=\"your-phone\"><input size=\"40\" maxlength=\"400\" class=\"wpcf7-form-control wpcf7-tel wpcf7-validates-as-required wpcf7-text wpcf7-validates-as-tel\" aria-required=\"true\" aria-invalid=\"false\" placeholder=\"Telefone\" value=\"\" type=\"tel\" name=\"your-phone\" \/><\/span>\n\t\t<\/p>\n\t<\/div>\n<\/div>\n<p><span class=\"wpcf7-form-control-wrap\" data-name=\"your-email\"><input size=\"40\" maxlength=\"400\" class=\"wpcf7-form-control wpcf7-email wpcf7-validates-as-required wpcf7-text wpcf7-validates-as-email\" aria-required=\"true\" aria-invalid=\"false\" placeholder=\"E-mail\" value=\"\" type=\"email\" name=\"your-email\" \/><\/span>\n<\/p>\n<div style=\"display: flex; gap: 10px;\">\n\t<div style=\"width: 50%;\">\n\t\t<p><span class=\"wpcf7-form-control-wrap\" data-name=\"your-country\"><input size=\"40\" maxlength=\"400\" class=\"wpcf7-form-control wpcf7-text wpcf7-validates-as-required\" aria-required=\"true\" aria-invalid=\"false\" placeholder=\"Pa\u00eds\" value=\"\" type=\"text\" name=\"your-country\" \/><\/span>\n\t\t<\/p>\n\t<\/div>\n\t<div style=\"width: 50%;\">\n\t\t<p><span class=\"wpcf7-form-control-wrap\" data-name=\"your-city\"><input size=\"40\" maxlength=\"400\" class=\"wpcf7-form-control wpcf7-text wpcf7-validates-as-required\" aria-required=\"true\" aria-invalid=\"false\" placeholder=\"Popula\u00e7\u00e3o\" value=\"\" type=\"text\" name=\"your-city\" \/><\/span>\n\t\t<\/p>\n\t<\/div>\n<\/div>\n<p><span class=\"wpcf7-form-control-wrap\" data-name=\"your-subject\"><select class=\"wpcf7-form-control wpcf7-select\" aria-invalid=\"false\" name=\"your-subject\"><option value=\"Quiero ser distribuidor\">Quero ser um distribuidor<\/option><option value=\"Presupuesto\">Or\u00e7amento<\/option><option value=\"Consulta\">Consulta<\/option><option value=\"Sugerencia\">Sugest\u00e3o<\/option><option value=\"Otros\">Outros<\/option><\/select><\/span>\n<\/p>\n<p><span class=\"wpcf7-form-control-wrap\" data-name=\"your-message\"><textarea cols=\"40\" rows=\"10\" maxlength=\"2000\" class=\"wpcf7-form-control wpcf7-textarea\" aria-invalid=\"false\" placeholder=\"Mensagem ou consulta\" name=\"your-message\"><\/textarea><\/span>\n<\/p>\n<div style=\"display: flex; align-items: center; gap: 10px;\">\n\t<p><span class=\"wpcf7-form-control-wrap\" data-name=\"privacy-policy\"><span class=\"wpcf7-form-control wpcf7-acceptance\"><span class=\"wpcf7-list-item\"><input type=\"checkbox\" name=\"privacy-policy\" value=\"1\" aria-invalid=\"false\" \/><\/span><\/span><\/span><label for=\"privacy-policy\" style=\"margin-left: 5px;\">Li e aceito a pol\u00edtica de privacidade.<\/label>\n\t<\/p>\n<\/div>\n<div style=\"display: flex; align-items: center; gap: 10px;\">\n\t<p><span class=\"wpcf7-form-control-wrap\" data-name=\"send-info\"><span class=\"wpcf7-form-control wpcf7-acceptance\"><span class=\"wpcf7-list-item\"><input type=\"checkbox\" name=\"send-info\" value=\"1\" aria-invalid=\"false\" \/><\/span><\/span><\/span><label for=\"send-info\" style=\"margin-left: 5px;\">Concordo em receber informa\u00e7\u00f5es.<\/label>\n\t<\/p>\n<\/div>\n<p><input class=\"wpcf7-form-control wpcf7-submit has-spinner\" type=\"submit\" value=\"Enviar\" \/>\n<\/p><div class=\"wpcf7-response-output\" aria-hidden=\"true\"><\/div>\n<input type=\"hidden\" name=\"trp-form-language\" value=\"pt\"\/><\/form>\n<\/div>\n<\/div><\/div>\t\t\t\t<\/div>\n\t\t\t\t<\/div>\n\t\t\t\t\t<\/div>\n\t\t<\/div>\n\t\t\t\t\t<\/div>\n\t\t<\/section>\n\t\t\t\t<div class=\"elementor-element elementor-element-7c2eb24 elementor-widget elementor-widget-image\" data-id=\"7c2eb24\" data-element_type=\"widget\" data-e-type=\"widget\" data-widget_type=\"image.default\">\n\t\t\t\t<div class=\"elementor-widget-container\">\n\t\t\t\t\t\t\t\t\t\t\t\t\t\t\t<img fetchpriority=\"high\" decoding=\"async\" width=\"626\" height=\"352\" src=\"https:\/\/dermo.com\/wp-content\/uploads\/2021\/06\/desinfectante-virucida.jpg\" class=\"attachment-large size-large wp-image-8055\" alt=\"\" srcset=\"https:\/\/dermo.com\/wp-content\/uploads\/2021\/06\/desinfectante-virucida.jpg 626w, https:\/\/dermo.com\/wp-content\/uploads\/2021\/06\/desinfectante-virucida-300x169.jpg 300w, https:\/\/dermo.com\/wp-content\/uploads\/2021\/06\/desinfectante-virucida-18x10.jpg 18w, https:\/\/dermo.com\/wp-content\/uploads\/2021\/06\/desinfectante-virucida-600x337.jpg 600w\" sizes=\"(max-width: 626px) 100vw, 626px\" \/>\t\t\t\t\t\t\t\t\t\t\t\t\t\t\t<\/div>\n\t\t\t\t<\/div>\n\t\t\t\t<div class=\"elementor-element elementor-element-29d4788 elementor-widget elementor-widget-text-editor\" data-id=\"29d4788\" data-element_type=\"widget\" data-e-type=\"widget\" data-widget_type=\"text-editor.default\">\n\t\t\t\t<div class=\"elementor-widget-container\">\n\t\t\t\t\t\t\t\t\t<h3 data-start=\"3786\" data-end=\"3824\">Desinfetantes industriais para diversos setores<\/h3><p data-start=\"3826\" data-end=\"3903\">O<strong data-start=\"3830\" data-end=\"3872\"> Desinfetantes industriais em Sabadell<\/strong> Os produtos Dermo s\u00e3o concebidos para:<\/p><p data-start=\"3907\" data-end=\"3934\">-Hospitalidade e catering<\/p><p data-start=\"3937\" data-end=\"3972\">-Escrit\u00f3rios e edif\u00edcios corporativos<\/p><p data-start=\"3975\" data-end=\"3995\">-Centros educacionais<\/p><p data-start=\"3998\" data-end=\"4025\">-Resid\u00eancias e lares de idosos<\/p><p data-start=\"4028\" data-end=\"4052\">-Ind\u00fastria e setor automotivo<\/p><p data-start=\"4028\" data-end=\"4052\">-Servi\u00e7os de limpeza profissional<\/p><p data-start=\"4092\" data-end=\"4305\">Produtos como o One Shot 3 em 1, <strong data-start=\"4128\" data-end=\"4159\">Desinfetantes industriais em Sabadell <\/strong>Produtos de limpeza concentrados e espec\u00edficos permitem uma limpeza completa, reduzindo o uso de m\u00faltiplos produtos e melhorando a efici\u00eancia operacional.<\/p><h3 data-start=\"4307\" data-end=\"4347\">Qualidade, sustentabilidade e tecnologia em desinfetantes industriais em Sabadell<\/h3><p data-start=\"4349\" data-end=\"4592\">Nosso <strong>Desinfetantes industriais em Sabadell<\/strong> Nossos produtos s\u00e3o desenvolvidos em nossos pr\u00f3prios laborat\u00f3rios, utilizando tecnologia avan\u00e7ada e ingredientes ativos altamente biodegrad\u00e1veis. Isso garante uma limpeza eficaz, respeitando o meio ambiente e a seguran\u00e7a do usu\u00e1rio. Operamos sob rigorosos controles de qualidade e oferecemos treinamento cont\u00ednuo para nossa equipe, garantindo produtos que atendem \u00e0s normas e exig\u00eancias profissionais.<\/p>\t\t\t\t\t\t\t\t<\/div>\n\t\t\t\t<\/div>\n\t\t\t\t<div class=\"elementor-element elementor-element-e02489f elementor-widget elementor-widget-button\" data-id=\"e02489f\" data-element_type=\"widget\" data-e-type=\"widget\" data-widget_type=\"button.default\">\n\t\t\t\t<div class=\"elementor-widget-container\">\n\t\t\t\t\t\t\t\t\t<div class=\"elementor-button-wrapper\">\n\t\t\t\t\t<a class=\"elementor-button elementor-button-link elementor-size-sm\" href=\"\/pt\/contato\/\">\n\t\t\t\t\t\t<span class=\"elementor-button-content-wrapper\">\n\t\t\t\t\t\t\t\t\t<span class=\"elementor-button-text\">Contate-nos<\/span>\n\t\t\t\t\t<\/span>\n\t\t\t\t\t<\/a>\n\t\t\t\t<\/div>\n\t\t\t\t\t\t\t\t<\/div>\n\t\t\t\t<\/div>\n\t\t\t\t<div class=\"elementor-element elementor-element-69a3b74 elementor-widget elementor-widget-text-editor\" data-id=\"69a3b74\" data-element_type=\"widget\" data-e-type=\"widget\" data-widget_type=\"text-editor.default\">\n\t\t\t\t<div class=\"elementor-widget-container\">\n\t\t\t\t\t\t\t\t\t<p>Na Dermo, oferecemos fabrica\u00e7\u00e3o personalizada, adaptando detergentes desinfetantes para atender \u00e0s necessidades espec\u00edficas de cada uso, setor e mercado. Personalizamos concentra\u00e7\u00f5es, formatos e embalagens, proporcionando solu\u00e7\u00f5es econ\u00f4micas e eficientes para nossos clientes em Sabadell e regi\u00e3o. Se voc\u00ea busca detergentes desinfetantes com qualidade garantida, efic\u00e1cia profissional e responsabilidade ambiental, a Dermo \u00e9 a sua melhor parceira em limpeza e higiene.<\/p>\t\t\t\t\t\t\t\t<\/div>\n\t\t\t\t<\/div>\n\t\t\t\t\t<\/div>\n\t\t<\/div>\n\t\t\t\t\t<\/div>\n\t\t<\/section>\n\t\t\t\t<section class=\"elementor-section elementor-top-section elementor-element elementor-element-095470b elementor-section-full_width elementor-section-height-default elementor-section-height-default elementor-invisible\" data-id=\"095470b\" data-element_type=\"section\" data-e-type=\"section\" data-settings=\"{&quot;animation&quot;:&quot;slideInUp&quot;}\">\n\t\t\t\t\t\t<div class=\"elementor-container elementor-column-gap-default\">\n\t\t\t\t\t<div class=\"elementor-column elementor-col-100 elementor-top-column elementor-element elementor-element-4c6a34f\" data-id=\"4c6a34f\" data-element_type=\"column\" data-e-type=\"column\">\n\t\t\t<div class=\"elementor-widget-wrap elementor-element-populated\">\n\t\t\t\t\t\t<div class=\"elementor-element elementor-element-7f4c627 elementor-widget elementor-widget-google_maps\" data-id=\"7f4c627\" data-element_type=\"widget\" data-e-type=\"widget\" data-widget_type=\"google_maps.default\">\n\t\t\t\t<div class=\"elementor-widget-container\">\n\t\t\t\t\t\t\t<div class=\"elementor-custom-embed\">\n\t\t\t<iframe loading=\"lazy\"\n\t\t\t\t\tsrc=\"https:\/\/maps.google.com\/maps?q=C%2F%20Pintor%20Joan%20Miro%2C%2016.%20Pol.%20Ind.%20Can%20Humet%20de%20Dalt%2C%2008213%20Poliny%C3%A0.%20Barcelona&#038;t=m&#038;z=15&#038;output=embed&#038;iwloc=near\"\n\t\t\t\t\ttitle=\"C\/ Pintor Joan Miro, 16. Pol. Ind. Can Humet de Dalt, 08213 Poliny\u00e0. Barcelona\"\n\t\t\t\t\taria-label=\"C\/ Pintor Joan Miro, 16. Pol. Ind. Can Humet de Dalt, 08213 Poliny\u00e0. Barcelona\"\n\t\t\t><\/iframe>\n\t\t<\/div>\n\t\t\t\t\t\t<\/div>\n\t\t\t\t<\/div>\n\t\t\t\t\t<\/div>\n\t\t<\/div>\n\t\t\t\t\t<\/div>\n\t\t<\/section>\n\t\t\t\t<\/div>","protected":false},"excerpt":{"rendered":"<p>Desinfectantes industriales en Sabadell: higiene profesional con garant\u00eda Dermo En Dermo somos referentes en la fabricaci\u00f3n de desinfectantes industriales en Sabadell, desarrollando productos de alto rendimiento para garantizar la limpieza y desinfecci\u00f3n en todo tipo de entornos profesionales y dom\u00e9sticos. Nuestra experiencia y capacidad de innovaci\u00f3n nos permiten ofrecer soluciones eficaces, seguras y sostenibles. Especialistas&hellip;&nbsp;<a href=\"https:\/\/dermo.com\/pt\/desinfetantes-industriais-sabadell\/\" rel=\"bookmark\">Ler mais \u00bb<span class=\"screen-reader-text\">Desinfetantes industriais Sabadell<\/span><\/a><\/p>","protected":false},"author":2,"featured_media":0,"parent":0,"menu_order":0,"comment_status":"closed","ping_status":"closed","template":"page-templates\/template-pagebuilder-full-width.php","meta":{"neve_meta_sidebar":"","neve_meta_container":"","neve_meta_enable_content_width":"","neve_meta_content_width":0,"neve_meta_title_alignment":"","neve_meta_author_avatar":"","neve_post_elements_order":"","neve_meta_disable_header":"","neve_meta_disable_footer":"","neve_meta_disable_title":"","footnotes":""},"class_list":["post-14473","page","type-page","status-publish","hentry"],"yoast_head":"<!-- This site is optimized with the Yoast SEO plugin v27.0 - https:\/\/yoast.com\/product\/yoast-seo-wordpress\/ -->\n<title>Desinfectantes industriales Sabadell - Dermo | F\u00e1brica de detergentes<\/title>\n<meta name=\"robots\" content=\"index, follow, max-snippet:-1, max-image-preview:large, max-video-preview:-1\" \/>\n<link rel=\"canonical\" href=\"https:\/\/dermo.com\/pt\/desinfetantes-industriais-sabadell\/\" \/>\n<meta property=\"og:locale\" content=\"pt_PT\" \/>\n<meta property=\"og:type\" content=\"article\" \/>\n<meta property=\"og:title\" content=\"Desinfectantes industriales Sabadell - Dermo | F\u00e1brica de detergentes\" \/>\n<meta property=\"og:description\" content=\"Desinfectantes industriales en Sabadell: higiene profesional con garant\u00eda Dermo En Dermo somos referentes en la fabricaci\u00f3n de desinfectantes industriales en Sabadell, desarrollando productos de alto rendimiento para garantizar la limpieza y desinfecci\u00f3n en todo tipo de entornos profesionales y dom\u00e9sticos. Nuestra experiencia y capacidad de innovaci\u00f3n nos permiten ofrecer soluciones eficaces, seguras y sostenibles. Especialistas&hellip;&nbsp;Ler mais &raquo;Desinfectantes industriales Sabadell\" \/>\n<meta property=\"og:url\" content=\"https:\/\/dermo.com\/pt\/desinfetantes-industriais-sabadell\/\" \/>\n<meta property=\"og:site_name\" content=\"Dermo | F\u00e1brica de detergentes\" \/>\n<meta property=\"article:modified_time\" content=\"2026-01-07T12:09:37+00:00\" \/>\n<meta property=\"og:image\" content=\"https:\/\/dermo.com\/wp-content\/uploads\/2021\/06\/desinfectante-virucida.jpg\" \/>\n\t<meta property=\"og:image:width\" content=\"626\" \/>\n\t<meta property=\"og:image:height\" content=\"352\" \/>\n\t<meta property=\"og:image:type\" content=\"image\/jpeg\" \/>\n<meta name=\"twitter:card\" content=\"summary_large_image\" \/>\n<meta name=\"twitter:label1\" content=\"Tempo estimado de leitura\" \/>\n\t<meta name=\"twitter:data1\" content=\"2 minutos\" \/>\n<script type=\"application\/ld+json\" class=\"yoast-schema-graph\">{\"@context\":\"https:\/\/schema.org\",\"@graph\":[{\"@type\":\"WebPage\",\"@id\":\"https:\/\/dermo.com\/desinfectantes-industriales-sabadell\/\",\"url\":\"https:\/\/dermo.com\/desinfectantes-industriales-sabadell\/\",\"name\":\"Desinfectantes industriales Sabadell - Dermo | F\u00e1brica de detergentes\",\"isPartOf\":{\"@id\":\"https:\/\/dermo.com\/#website\"},\"primaryImageOfPage\":{\"@id\":\"https:\/\/dermo.com\/desinfectantes-industriales-sabadell\/#primaryimage\"},\"image\":{\"@id\":\"https:\/\/dermo.com\/desinfectantes-industriales-sabadell\/#primaryimage\"},\"thumbnailUrl\":\"https:\/\/dermo.com\/wp-content\/uploads\/2021\/06\/desinfectante-virucida.jpg\",\"datePublished\":\"2026-01-07T12:04:09+00:00\",\"dateModified\":\"2026-01-07T12:09:37+00:00\",\"breadcrumb\":{\"@id\":\"https:\/\/dermo.com\/desinfectantes-industriales-sabadell\/#breadcrumb\"},\"inLanguage\":\"pt-PT\",\"potentialAction\":[{\"@type\":\"ReadAction\",\"target\":[\"https:\/\/dermo.com\/desinfectantes-industriales-sabadell\/\"]}]},{\"@type\":\"ImageObject\",\"inLanguage\":\"pt-PT\",\"@id\":\"https:\/\/dermo.com\/desinfectantes-industriales-sabadell\/#primaryimage\",\"url\":\"https:\/\/dermo.com\/wp-content\/uploads\/2021\/06\/desinfectante-virucida.jpg\",\"contentUrl\":\"https:\/\/dermo.com\/wp-content\/uploads\/2021\/06\/desinfectante-virucida.jpg\"},{\"@type\":\"BreadcrumbList\",\"@id\":\"https:\/\/dermo.com\/desinfectantes-industriales-sabadell\/#breadcrumb\",\"itemListElement\":[{\"@type\":\"ListItem\",\"position\":1,\"name\":\"Portada\",\"item\":\"https:\/\/dermo.com\/\"},{\"@type\":\"ListItem\",\"position\":2,\"name\":\"Desinfectantes industriales Sabadell\"}]},{\"@type\":\"WebSite\",\"@id\":\"https:\/\/dermo.com\/#website\",\"url\":\"https:\/\/dermo.com\/\",\"name\":\"Dermo | F\u00e1brica de detergentes\",\"description\":\"Tecnolog\u00eda avanzada, investigaci\u00f3n y desarrollo, respeto por el medio ambiente, competencia, formaci\u00f3n constante y alto nivel de profesionalidad en nuestro equipo humano, empe\u00f1ado en preservar la calidad de vida, la protecci\u00f3n del entorno natural contin\u00faan motiv\u00e1ndonos para desarrollar en nuestros laboratorios nuevos productos con ingredientes activos altamente biodegradables que hacen posible un desarrollo sostenible.\",\"potentialAction\":[{\"@type\":\"SearchAction\",\"target\":{\"@type\":\"EntryPoint\",\"urlTemplate\":\"https:\/\/dermo.com\/?s={search_term_string}\"},\"query-input\":{\"@type\":\"PropertyValueSpecification\",\"valueRequired\":true,\"valueName\":\"search_term_string\"}}],\"inLanguage\":\"pt-PT\"}]}<\/script>\n<!-- \/ Yoast SEO plugin. -->","yoast_head_json":{"title":"Desinfetantes industriais Sabadell - Dermo | F\u00e1brica de detergentes","robots":{"index":"index","follow":"follow","max-snippet":"max-snippet:-1","max-image-preview":"max-image-preview:large","max-video-preview":"max-video-preview:-1"},"canonical":"https:\/\/dermo.com\/pt\/desinfetantes-industriais-sabadell\/","og_locale":"pt_PT","og_type":"article","og_title":"Desinfectantes industriales Sabadell - Dermo | F\u00e1brica de detergentes","og_description":"Desinfectantes industriales en Sabadell: higiene profesional con garant\u00eda Dermo En Dermo somos referentes en la fabricaci\u00f3n de desinfectantes industriales en Sabadell, desarrollando productos de alto rendimiento para garantizar la limpieza y desinfecci\u00f3n en todo tipo de entornos profesionales y dom\u00e9sticos. Nuestra experiencia y capacidad de innovaci\u00f3n nos permiten ofrecer soluciones eficaces, seguras y sostenibles. Especialistas&hellip;&nbsp;Ler mais &raquo;Desinfectantes industriales Sabadell","og_url":"https:\/\/dermo.com\/pt\/desinfetantes-industriais-sabadell\/","og_site_name":"Dermo | F\u00e1brica de detergentes","article_modified_time":"2026-01-07T12:09:37+00:00","og_image":[{"width":626,"height":352,"url":"https:\/\/dermo.com\/wp-content\/uploads\/2021\/06\/desinfectante-virucida.jpg","type":"image\/jpeg"}],"twitter_card":"summary_large_image","twitter_misc":{"Tempo estimado de leitura":"2 minutos"},"schema":{"@context":"https:\/\/schema.org","@graph":[{"@type":"WebPage","@id":"https:\/\/dermo.com\/desinfectantes-industriales-sabadell\/","url":"https:\/\/dermo.com\/desinfectantes-industriales-sabadell\/","name":"Desinfetantes industriais Sabadell - Dermo | F\u00e1brica de detergentes","isPartOf":{"@id":"https:\/\/dermo.com\/#website"},"primaryImageOfPage":{"@id":"https:\/\/dermo.com\/desinfectantes-industriales-sabadell\/#primaryimage"},"image":{"@id":"https:\/\/dermo.com\/desinfectantes-industriales-sabadell\/#primaryimage"},"thumbnailUrl":"https:\/\/dermo.com\/wp-content\/uploads\/2021\/06\/desinfectante-virucida.jpg","datePublished":"2026-01-07T12:04:09+00:00","dateModified":"2026-01-07T12:09:37+00:00","breadcrumb":{"@id":"https:\/\/dermo.com\/desinfectantes-industriales-sabadell\/#breadcrumb"},"inLanguage":"pt-PT","potentialAction":[{"@type":"ReadAction","target":["https:\/\/dermo.com\/desinfectantes-industriales-sabadell\/"]}]},{"@type":"ImageObject","inLanguage":"pt-PT","@id":"https:\/\/dermo.com\/desinfectantes-industriales-sabadell\/#primaryimage","url":"https:\/\/dermo.com\/wp-content\/uploads\/2021\/06\/desinfectante-virucida.jpg","contentUrl":"https:\/\/dermo.com\/wp-content\/uploads\/2021\/06\/desinfectante-virucida.jpg"},{"@type":"BreadcrumbList","@id":"https:\/\/dermo.com\/desinfectantes-industriales-sabadell\/#breadcrumb","itemListElement":[{"@type":"ListItem","position":1,"name":"Portada","item":"https:\/\/dermo.com\/"},{"@type":"ListItem","position":2,"name":"Desinfectantes industriales Sabadell"}]},{"@type":"WebSite","@id":"https:\/\/dermo.com\/#website","url":"https:\/\/dermo.com\/","name":"Dermo | f\u00e1brica de detergentes","description":"A tecnologia avan\u00e7ada, a investiga\u00e7\u00e3o e desenvolvimento, o respeito pelo ambiente, a compet\u00eancia, a forma\u00e7\u00e3o constante e o elevado n\u00edvel de profissionalismo da nossa equipa humana, comprometida com a preserva\u00e7\u00e3o da qualidade de vida, a protec\u00e7\u00e3o do ambiente natural continuam a motivar-nos a desenvolver novos produtos nos nossos laborat\u00f3rios com princ\u00edpios ativos altamente biodegrad\u00e1veis que possibilitam o desenvolvimento sustent\u00e1vel.","potentialAction":[{"@type":"SearchAction","target":{"@type":"EntryPoint","urlTemplate":"https:\/\/dermo.com\/?s={search_term_string}"},"query-input":{"@type":"PropertyValueSpecification","valueRequired":true,"valueName":"search_term_string"}}],"inLanguage":"pt-PT"}]}},"_links":{"self":[{"href":"https:\/\/dermo.com\/pt\/wp-json\/wp\/v2\/pages\/14473","targetHints":{"allow":["GET"]}}],"collection":[{"href":"https:\/\/dermo.com\/pt\/wp-json\/wp\/v2\/pages"}],"about":[{"href":"https:\/\/dermo.com\/pt\/wp-json\/wp\/v2\/types\/page"}],"author":[{"embeddable":true,"href":"https:\/\/dermo.com\/pt\/wp-json\/wp\/v2\/users\/2"}],"replies":[{"embeddable":true,"href":"https:\/\/dermo.com\/pt\/wp-json\/wp\/v2\/comments?post=14473"}],"version-history":[{"count":4,"href":"https:\/\/dermo.com\/pt\/wp-json\/wp\/v2\/pages\/14473\/revisions"}],"predecessor-version":[{"id":14477,"href":"https:\/\/dermo.com\/pt\/wp-json\/wp\/v2\/pages\/14473\/revisions\/14477"}],"wp:attachment":[{"href":"https:\/\/dermo.com\/pt\/wp-json\/wp\/v2\/media?parent=14473"}],"curies":[{"name":"wp","href":"https:\/\/api.w.org\/{rel}","templated":true}]}}