{"id":14538,"date":"2026-03-09T11:20:16","date_gmt":"2026-03-09T10:20:16","guid":{"rendered":"https:\/\/dermo.com\/?page_id=14538"},"modified":"2026-03-09T11:40:36","modified_gmt":"2026-03-09T10:40:36","slug":"fregasuelos-sabadell","status":"publish","type":"page","link":"https:\/\/dermo.com\/pt\/fregasuelos-sabadell\/","title":{"rendered":"Fregasuelos Sabadell"},"content":{"rendered":"<div data-elementor-type=\"wp-page\" data-elementor-id=\"14538\" class=\"elementor elementor-14538\" data-elementor-post-type=\"page\">\n\t\t\t\t\t\t<section class=\"elementor-section elementor-top-section elementor-element elementor-element-98a4dec elementor-section-boxed elementor-section-height-default elementor-section-height-default\" data-id=\"98a4dec\" data-element_type=\"section\" data-e-type=\"section\" data-settings=\"{&quot;background_background&quot;:&quot;classic&quot;}\">\n\t\t\t\t\t\t\t<div class=\"elementor-background-overlay\"><\/div>\n\t\t\t\t\t\t\t<div class=\"elementor-container elementor-column-gap-default\">\n\t\t\t\t\t<div class=\"elementor-column elementor-col-100 elementor-top-column elementor-element elementor-element-e1dd055\" data-id=\"e1dd055\" data-element_type=\"column\" data-e-type=\"column\">\n\t\t\t<div class=\"elementor-widget-wrap elementor-element-populated\">\n\t\t\t\t\t\t\t<\/div>\n\t\t<\/div>\n\t\t\t\t\t<\/div>\n\t\t<\/section>\n\t\t\t\t<section class=\"elementor-section elementor-top-section elementor-element elementor-element-2ec8e30 elementor-section-boxed elementor-section-height-default elementor-section-height-default\" data-id=\"2ec8e30\" data-element_type=\"section\" data-e-type=\"section\">\n\t\t\t\t\t\t<div class=\"elementor-container elementor-column-gap-default\">\n\t\t\t\t\t<div class=\"elementor-column elementor-col-100 elementor-top-column elementor-element elementor-element-8c075e9\" data-id=\"8c075e9\" data-element_type=\"column\" data-e-type=\"column\">\n\t\t\t<div class=\"elementor-widget-wrap elementor-element-populated\">\n\t\t\t\t\t\t<section class=\"elementor-section elementor-inner-section elementor-element elementor-element-64bab18 elementor-section-content-middle elementor-section-boxed elementor-section-height-default elementor-section-height-default\" data-id=\"64bab18\" data-element_type=\"section\" data-e-type=\"section\">\n\t\t\t\t\t\t<div class=\"elementor-container elementor-column-gap-default\">\n\t\t\t\t\t<div class=\"elementor-column elementor-col-50 elementor-inner-column elementor-element elementor-element-1517a1f\" data-id=\"1517a1f\" data-element_type=\"column\" data-e-type=\"column\">\n\t\t\t<div class=\"elementor-widget-wrap elementor-element-populated\">\n\t\t\t\t\t\t<div class=\"elementor-element elementor-element-4ecb927 elementor-widget elementor-widget-text-editor\" data-id=\"4ecb927\" data-element_type=\"widget\" data-e-type=\"widget\" data-widget_type=\"text-editor.default\">\n\t\t\t\t<div class=\"elementor-widget-container\">\n\t\t\t\t\t\t\t\t\t<h3 data-section-id=\"j5iqtn\" data-start=\"303\" data-end=\"372\">Fregasuelos cerca de Sabadell: Limpieza profesional y eficiente<\/h3><p data-start=\"374\" data-end=\"890\">En DERMO ofrecemos <strong data-start=\"397\" data-end=\"430\">esfregar<\/strong> aproximadamente<strong data-start=\"397\" data-end=\"430\"> Sabadell<\/strong> de alta calidad dise\u00f1ados para proporcionar resultados \u00f3ptimos en cualquier tipo de superficie. Con a\u00f1os de experiencia en el sector de limpieza industrial y profesional, nos hemos consolidado como l\u00edderes en la fabricaci\u00f3n y distribuci\u00f3n de productos de higiene. Nuestro objetivo es garantizar que cada cliente disponga de soluciones eficientes, seguras y adaptadas a sus necesidades espec\u00edficas, manteniendo siempre la m\u00e1xima limpieza y cuidado del entorno.<\/p><h3 data-section-id=\"68cqji\" data-start=\"897\" data-end=\"948\">Experiencia en fregasuelos cerca de Sabadell<\/h3><p data-start=\"950\" data-end=\"1406\">Contamos con d\u00e9cadas de experiencia desarrollando <strong data-start=\"1000\" data-end=\"1033\">esfregar <\/strong>aproximadamente<strong data-start=\"1000\" data-end=\"1033\"> Sabadell<\/strong> para todo tipo de empresas y espacios comerciales. Nuestros productos combinan eficacia y seguridad, ofreciendo una limpieza profunda en suelos de cer\u00e1mica, m\u00e1rmol, vinilo o parquet. Gracias a nuestro equipo t\u00e9cnico especializado, cada fregasuelos cumple con los m\u00e1s altos est\u00e1ndares de calidad, garantizando superficies limpias, higi\u00e9nicas y listas para un uso inmediato.<\/p><h3 data-section-id=\"1uh5hkr\" data-start=\"1413\" data-end=\"1478\">Servicios personalizados con fregasuelos cerca de Sabadell<\/h3><p data-start=\"1480\" data-end=\"1907\">En DERMO, no solo vendemos productos, ofrecemos soluciones completas de <strong data-start=\"1556\" data-end=\"1589\">esfregar <\/strong>aproximadamente<strong data-start=\"1556\" data-end=\"1589\"> Sabadell<\/strong>. Analizamos las necesidades de cada cliente y proporcionamos f\u00f3rmulas adaptadas para optimizar la limpieza y el mantenimiento de los suelos. Nuestro equipo t\u00e9cnico asesora sobre la cantidad y frecuencia de uso adecuada, asegurando resultados uniformes, duraderos y seguros para los empleados y clientes de tu empresa.<\/p>\t\t\t\t\t\t\t\t<\/div>\n\t\t\t\t<\/div>\n\t\t\t\t\t<\/div>\n\t\t<\/div>\n\t\t\t\t<div class=\"elementor-column elementor-col-50 elementor-inner-column elementor-element elementor-element-f924105 elementor-invisible\" data-id=\"f924105\" data-element_type=\"column\" data-e-type=\"column\" data-settings=\"{&quot;animation&quot;:&quot;bounceInRight&quot;}\">\n\t\t\t<div class=\"elementor-widget-wrap elementor-element-populated\">\n\t\t\t\t\t\t<div class=\"elementor-element elementor-element-35a13b7 elementor-widget elementor-widget-elementskit-contact-form7\" data-id=\"35a13b7\" data-element_type=\"widget\" data-e-type=\"widget\" data-widget_type=\"elementskit-contact-form7.default\">\n\t\t\t\t<div class=\"elementor-widget-container\">\n\t\t\t\t\t<div class=\"ekit-wid-con\" ><div class=\"ekit-form\">\n<div class=\"wpcf7 no-js\" id=\"wpcf7-f13292-p14538-o1\" lang=\"es-ES\" dir=\"ltr\" data-wpcf7-id=\"13292\">\n<div class=\"screen-reader-response\"><p role=\"status\" aria-live=\"polite\" aria-atomic=\"true\"><\/p> <ul><\/ul><\/div>\n<form action=\"\/pt\/fregasuelos-sabadell\/#wpcf7-f13292-p14538-o1\" method=\"post\" class=\"wpcf7-form init\" aria-label=\"Formulario de contacto\" novalidate=\"novalidate\" data-status=\"init\" data-no-translation-aria-label=\"\" data-trp-original-action=\"\/pt\/fregasuelos-sabadell\/#wpcf7-f13292-p14538-o1\">\n<fieldset class=\"hidden-fields-container\"><input type=\"hidden\" name=\"_wpcf7\" value=\"13292\" \/><input type=\"hidden\" name=\"_wpcf7_version\" value=\"6.1.5\" \/><input type=\"hidden\" name=\"_wpcf7_locale\" value=\"es_ES\" \/><input type=\"hidden\" name=\"_wpcf7_unit_tag\" value=\"wpcf7-f13292-p14538-o1\" \/><input type=\"hidden\" name=\"_wpcf7_container_post\" value=\"14538\" \/><input type=\"hidden\" name=\"_wpcf7_posted_data_hash\" value=\"\" \/><input type=\"hidden\" name=\"_wpcf7_recaptcha_response\" value=\"\" \/>\n<\/fieldset>\n<div style=\"display: flex; gap: 10px;\">\n\t<div style=\"width: 50%;\">\n\t\t<p><span class=\"wpcf7-form-control-wrap\" data-name=\"your-name\"><input size=\"40\" maxlength=\"400\" class=\"wpcf7-form-control wpcf7-text wpcf7-validates-as-required\" aria-required=\"true\" aria-invalid=\"false\" placeholder=\"Nome\" value=\"\" type=\"text\" name=\"your-name\" \/><\/span>\n\t\t<\/p>\n\t<\/div>\n\t<div style=\"width: 50%;\">\n\t\t<p><span class=\"wpcf7-form-control-wrap\" data-name=\"your-phone\"><input size=\"40\" maxlength=\"400\" class=\"wpcf7-form-control wpcf7-tel wpcf7-validates-as-required wpcf7-text wpcf7-validates-as-tel\" aria-required=\"true\" aria-invalid=\"false\" placeholder=\"Telefone\" value=\"\" type=\"tel\" name=\"your-phone\" \/><\/span>\n\t\t<\/p>\n\t<\/div>\n<\/div>\n<p><span class=\"wpcf7-form-control-wrap\" data-name=\"your-email\"><input size=\"40\" maxlength=\"400\" class=\"wpcf7-form-control wpcf7-email wpcf7-validates-as-required wpcf7-text wpcf7-validates-as-email\" aria-required=\"true\" aria-invalid=\"false\" placeholder=\"E-mail\" value=\"\" type=\"email\" name=\"your-email\" \/><\/span>\n<\/p>\n<div style=\"display: flex; gap: 10px;\">\n\t<div style=\"width: 50%;\">\n\t\t<p><span class=\"wpcf7-form-control-wrap\" data-name=\"your-country\"><input size=\"40\" maxlength=\"400\" class=\"wpcf7-form-control wpcf7-text wpcf7-validates-as-required\" aria-required=\"true\" aria-invalid=\"false\" placeholder=\"Pa\u00eds\" value=\"\" type=\"text\" name=\"your-country\" \/><\/span>\n\t\t<\/p>\n\t<\/div>\n\t<div style=\"width: 50%;\">\n\t\t<p><span class=\"wpcf7-form-control-wrap\" data-name=\"your-city\"><input size=\"40\" maxlength=\"400\" class=\"wpcf7-form-control wpcf7-text wpcf7-validates-as-required\" aria-required=\"true\" aria-invalid=\"false\" placeholder=\"Popula\u00e7\u00e3o\" value=\"\" type=\"text\" name=\"your-city\" \/><\/span>\n\t\t<\/p>\n\t<\/div>\n<\/div>\n<p><span class=\"wpcf7-form-control-wrap\" data-name=\"your-subject\"><select class=\"wpcf7-form-control wpcf7-select\" aria-invalid=\"false\" name=\"your-subject\"><option value=\"Quiero ser distribuidor\">Quero ser um distribuidor<\/option><option value=\"Presupuesto\">Or\u00e7amento<\/option><option value=\"Consulta\">Consulta<\/option><option value=\"Sugerencia\">Sugest\u00e3o<\/option><option value=\"Otros\">Outros<\/option><\/select><\/span>\n<\/p>\n<p><span class=\"wpcf7-form-control-wrap\" data-name=\"your-message\"><textarea cols=\"40\" rows=\"10\" maxlength=\"2000\" class=\"wpcf7-form-control wpcf7-textarea\" aria-invalid=\"false\" placeholder=\"Mensagem ou consulta\" name=\"your-message\"><\/textarea><\/span>\n<\/p>\n<div style=\"display: flex; align-items: center; gap: 10px;\">\n\t<p><span class=\"wpcf7-form-control-wrap\" data-name=\"privacy-policy\"><span class=\"wpcf7-form-control wpcf7-acceptance\"><span class=\"wpcf7-list-item\"><input type=\"checkbox\" name=\"privacy-policy\" value=\"1\" aria-invalid=\"false\" \/><\/span><\/span><\/span><label for=\"privacy-policy\" style=\"margin-left: 5px;\">Li e aceito a pol\u00edtica de privacidade.<\/label>\n\t<\/p>\n<\/div>\n<div style=\"display: flex; align-items: center; gap: 10px;\">\n\t<p><span class=\"wpcf7-form-control-wrap\" data-name=\"send-info\"><span class=\"wpcf7-form-control wpcf7-acceptance\"><span class=\"wpcf7-list-item\"><input type=\"checkbox\" name=\"send-info\" value=\"1\" aria-invalid=\"false\" \/><\/span><\/span><\/span><label for=\"send-info\" style=\"margin-left: 5px;\">Concordo em receber informa\u00e7\u00f5es.<\/label>\n\t<\/p>\n<\/div>\n<p><input class=\"wpcf7-form-control wpcf7-submit has-spinner\" type=\"submit\" value=\"Enviar\" \/>\n<\/p><div class=\"wpcf7-response-output\" aria-hidden=\"true\"><\/div>\n<input type=\"hidden\" name=\"trp-form-language\" value=\"pt\"\/><\/form>\n<\/div>\n<\/div><\/div>\t\t\t\t<\/div>\n\t\t\t\t<\/div>\n\t\t\t\t\t<\/div>\n\t\t<\/div>\n\t\t\t\t\t<\/div>\n\t\t<\/section>\n\t\t\t\t<div class=\"elementor-element elementor-element-7c2eb24 elementor-widget elementor-widget-image\" data-id=\"7c2eb24\" data-element_type=\"widget\" data-e-type=\"widget\" data-widget_type=\"image.default\">\n\t\t\t\t<div class=\"elementor-widget-container\">\n\t\t\t\t\t\t\t\t\t\t\t\t\t\t\t<img fetchpriority=\"high\" decoding=\"async\" width=\"1024\" height=\"640\" src=\"https:\/\/dermo.com\/wp-content\/uploads\/2026\/02\/fregasuelos-2-1024x640.jpg\" class=\"attachment-large size-large wp-image-14519\" alt=\"esfregar\" srcset=\"https:\/\/dermo.com\/wp-content\/uploads\/2026\/02\/fregasuelos-2-1024x640.jpg 1024w, https:\/\/dermo.com\/wp-content\/uploads\/2026\/02\/fregasuelos-2-300x188.jpg 300w, https:\/\/dermo.com\/wp-content\/uploads\/2026\/02\/fregasuelos-2-768x480.jpg 768w, https:\/\/dermo.com\/wp-content\/uploads\/2026\/02\/fregasuelos-2-18x12.jpg 18w, https:\/\/dermo.com\/wp-content\/uploads\/2026\/02\/fregasuelos-2-600x375.jpg 600w, https:\/\/dermo.com\/wp-content\/uploads\/2026\/02\/fregasuelos-2.jpg 1200w\" sizes=\"(max-width: 1024px) 100vw, 1024px\" \/>\t\t\t\t\t\t\t\t\t\t\t\t\t\t\t<\/div>\n\t\t\t\t<\/div>\n\t\t\t\t<div class=\"elementor-element elementor-element-29d4788 elementor-widget elementor-widget-text-editor\" data-id=\"29d4788\" data-element_type=\"widget\" data-e-type=\"widget\" data-widget_type=\"text-editor.default\">\n\t\t\t\t<div class=\"elementor-widget-container\">\n\t\t\t\t\t\t\t\t\t<h3 data-section-id=\"1eb6xxc\" data-start=\"1914\" data-end=\"1986\">Compromiso con la sostenibilidad en fregasuelos cerca de Sabadell<\/h3><p data-start=\"1988\" data-end=\"2426\">La responsabilidad ambiental es uno de nuestros valores principales. Nuestros <strong data-start=\"2066\" data-end=\"2099\">esfregar<\/strong> aproximadamente<strong data-start=\"2066\" data-end=\"2099\"> Sabadell<\/strong> se fabrican con ingredientes de origen controlado y procesos de producci\u00f3n sostenibles que minimizan el impacto ambiental. Esto permite que las empresas mantengan altos est\u00e1ndares de limpieza mientras contribuyen a un entorno m\u00e1s seguro y ecol\u00f3gico, sin comprometer la eficacia del producto ni la higiene de las instalaciones.<\/p><h3 data-section-id=\"1s87692\" data-start=\"2433\" data-end=\"2502\">Distribuci\u00f3n y disponibilidad de fregasuelos cerca de Sabadell<\/h3><p data-start=\"2504\" data-end=\"2964\">Uno de nuestros puntos fuertes es la log\u00edstica eficiente que asegura la entrega de <strong data-start=\"2587\" data-end=\"2620\">esfregar <\/strong>aproximadamente<strong data-start=\"2587\" data-end=\"2620\"> Sabadell<\/strong> de manera r\u00e1pida y confiable. Contamos con un sistema de distribuci\u00f3n que cubre Sabadell y toda la zona metropolitana, garantizando que tus pedidos lleguen a tiempo, ya sea para peque\u00f1as empresas o grandes instalaciones. De esta manera, nunca faltan productos esenciales para mantener la higiene y la limpieza profesional en cualquier espacio.<\/p><h3 data-section-id=\"1swdedd\" data-start=\"2971\" data-end=\"3031\">Por qu\u00e9 elegir nuestros fregasuelos cerca de Sabadell<\/h3><p data-start=\"3033\" data-end=\"3498\">Elegir <strong data-start=\"3040\" data-end=\"3049\">DERMO<\/strong> significa confiar en calidad, seguridad y eficiencia en cada limpieza. Nuestros <strong data-start=\"3130\" data-end=\"3163\">esfregar<\/strong> aproximadamente<strong data-start=\"3130\" data-end=\"3163\"> Sabadell<\/strong> combinan tecnolog\u00eda avanzada con ingredientes cuidadosamente seleccionados, asegurando resultados superiores en todo tipo de suelos. Adem\u00e1s, nuestro servicio de atenci\u00f3n al cliente est\u00e1 disponible para brindar soporte t\u00e9cnico, resolver dudas y garantizar que cada cliente reciba la soluci\u00f3n de limpieza m\u00e1s adecuada a sus necesidades.<\/p>\t\t\t\t\t\t\t\t<\/div>\n\t\t\t\t<\/div>\n\t\t\t\t<div class=\"elementor-element elementor-element-e02489f elementor-widget elementor-widget-button\" data-id=\"e02489f\" data-element_type=\"widget\" data-e-type=\"widget\" data-widget_type=\"button.default\">\n\t\t\t\t<div class=\"elementor-widget-container\">\n\t\t\t\t\t\t\t\t\t<div class=\"elementor-button-wrapper\">\n\t\t\t\t\t<a class=\"elementor-button elementor-button-link elementor-size-sm\" href=\"\/pt\/contato\/\">\n\t\t\t\t\t\t<span class=\"elementor-button-content-wrapper\">\n\t\t\t\t\t\t\t\t\t<span class=\"elementor-button-text\">Contate-nos<\/span>\n\t\t\t\t\t<\/span>\n\t\t\t\t\t<\/a>\n\t\t\t\t<\/div>\n\t\t\t\t\t\t\t\t<\/div>\n\t\t\t\t<\/div>\n\t\t\t\t\t<\/div>\n\t\t<\/div>\n\t\t\t\t\t<\/div>\n\t\t<\/section>\n\t\t\t\t<section class=\"elementor-section elementor-top-section elementor-element elementor-element-095470b elementor-section-full_width elementor-section-height-default elementor-section-height-default elementor-invisible\" data-id=\"095470b\" data-element_type=\"section\" data-e-type=\"section\" data-settings=\"{&quot;animation&quot;:&quot;slideInUp&quot;}\">\n\t\t\t\t\t\t<div class=\"elementor-container elementor-column-gap-default\">\n\t\t\t\t\t<div class=\"elementor-column elementor-col-100 elementor-top-column elementor-element elementor-element-4c6a34f\" data-id=\"4c6a34f\" data-element_type=\"column\" data-e-type=\"column\">\n\t\t\t<div class=\"elementor-widget-wrap elementor-element-populated\">\n\t\t\t\t\t\t<div class=\"elementor-element elementor-element-7f4c627 elementor-widget elementor-widget-google_maps\" data-id=\"7f4c627\" data-element_type=\"widget\" data-e-type=\"widget\" data-widget_type=\"google_maps.default\">\n\t\t\t\t<div class=\"elementor-widget-container\">\n\t\t\t\t\t\t\t<div class=\"elementor-custom-embed\">\n\t\t\t<iframe loading=\"lazy\"\n\t\t\t\t\tsrc=\"https:\/\/maps.google.com\/maps?q=C%2F%20Pintor%20Joan%20Miro%2C%2016.%20Pol.%20Ind.%20Can%20Humet%20de%20Dalt%2C%2008213%20Poliny%C3%A0.%20Barcelona&#038;t=m&#038;z=15&#038;output=embed&#038;iwloc=near\"\n\t\t\t\t\ttitle=\"C\/ Pintor Joan Miro, 16. Pol. Ind. Can Humet de Dalt, 08213 Poliny\u00e0. Barcelona\"\n\t\t\t\t\taria-label=\"C\/ Pintor Joan Miro, 16. Pol. Ind. Can Humet de Dalt, 08213 Poliny\u00e0. Barcelona\"\n\t\t\t><\/iframe>\n\t\t<\/div>\n\t\t\t\t\t\t<\/div>\n\t\t\t\t<\/div>\n\t\t\t\t\t<\/div>\n\t\t<\/div>\n\t\t\t\t\t<\/div>\n\t\t<\/section>\n\t\t\t\t<\/div>","protected":false},"excerpt":{"rendered":"<p>Fregasuelos cerca de Sabadell: Limpieza profesional y eficiente En DERMO ofrecemos fregasuelos cerca de Sabadell de alta calidad dise\u00f1ados para proporcionar resultados \u00f3ptimos en cualquier tipo de superficie. Con a\u00f1os de experiencia en el sector de limpieza industrial y profesional, nos hemos consolidado como l\u00edderes en la fabricaci\u00f3n y distribuci\u00f3n de productos de higiene. Nuestro&hellip;&nbsp;<a href=\"https:\/\/dermo.com\/pt\/fregasuelos-sabadell\/\" rel=\"bookmark\">Ler mais \u00bb<span class=\"screen-reader-text\">Fregasuelos Sabadell<\/span><\/a><\/p>","protected":false},"author":2,"featured_media":0,"parent":0,"menu_order":0,"comment_status":"closed","ping_status":"closed","template":"page-templates\/template-pagebuilder-full-width.php","meta":{"neve_meta_sidebar":"","neve_meta_container":"","neve_meta_enable_content_width":"","neve_meta_content_width":0,"neve_meta_title_alignment":"","neve_meta_author_avatar":"","neve_post_elements_order":"","neve_meta_disable_header":"","neve_meta_disable_footer":"","neve_meta_disable_title":"","footnotes":""},"class_list":["post-14538","page","type-page","status-publish","hentry"],"yoast_head":"<!-- This site is optimized with the Yoast SEO plugin v27.0 - https:\/\/yoast.com\/product\/yoast-seo-wordpress\/ -->\n<title>Fregasuelos Sabadell<\/title>\n<meta name=\"description\" content=\"Descubre nuestros fregasuelos cerca de Sabadell, con soluciones profesionales, sostenibles y adaptadas a empresas de todos los sectores.\" \/>\n<meta name=\"robots\" content=\"index, follow, max-snippet:-1, max-image-preview:large, max-video-preview:-1\" \/>\n<link rel=\"canonical\" href=\"https:\/\/dermo.com\/pt\/fregasuelos-sabadell\/\" \/>\n<meta property=\"og:locale\" content=\"pt_PT\" \/>\n<meta property=\"og:type\" content=\"article\" \/>\n<meta property=\"og:title\" content=\"Fregasuelos Sabadell\" \/>\n<meta property=\"og:description\" content=\"Descubre nuestros fregasuelos cerca de Sabadell, con soluciones profesionales, sostenibles y adaptadas a empresas de todos los sectores.\" \/>\n<meta property=\"og:url\" content=\"https:\/\/dermo.com\/pt\/fregasuelos-sabadell\/\" \/>\n<meta property=\"og:site_name\" content=\"Dermo | F\u00e1brica de detergentes\" \/>\n<meta property=\"article:modified_time\" content=\"2026-03-09T10:40:36+00:00\" \/>\n<meta property=\"og:image\" content=\"https:\/\/dermo.com\/wp-content\/uploads\/2026\/02\/fregasuelos-2.jpg\" \/>\n\t<meta property=\"og:image:width\" content=\"1200\" \/>\n\t<meta property=\"og:image:height\" content=\"750\" \/>\n\t<meta property=\"og:image:type\" content=\"image\/jpeg\" \/>\n<meta name=\"twitter:card\" content=\"summary_large_image\" \/>\n<meta name=\"twitter:label1\" content=\"Tempo estimado de leitura\" \/>\n\t<meta name=\"twitter:data1\" content=\"3 minutos\" \/>\n<script type=\"application\/ld+json\" class=\"yoast-schema-graph\">{\"@context\":\"https:\/\/schema.org\",\"@graph\":[{\"@type\":\"WebPage\",\"@id\":\"https:\/\/dermo.com\/fregasuelos-sabadell\/\",\"url\":\"https:\/\/dermo.com\/fregasuelos-sabadell\/\",\"name\":\"Fregasuelos Sabadell\",\"isPartOf\":{\"@id\":\"https:\/\/dermo.com\/#website\"},\"primaryImageOfPage\":{\"@id\":\"https:\/\/dermo.com\/fregasuelos-sabadell\/#primaryimage\"},\"image\":{\"@id\":\"https:\/\/dermo.com\/fregasuelos-sabadell\/#primaryimage\"},\"thumbnailUrl\":\"https:\/\/dermo.com\/wp-content\/uploads\/2026\/02\/fregasuelos-2-1024x640.jpg\",\"datePublished\":\"2026-03-09T10:20:16+00:00\",\"dateModified\":\"2026-03-09T10:40:36+00:00\",\"description\":\"Descubre nuestros fregasuelos cerca de Sabadell, con soluciones profesionales, sostenibles y adaptadas a empresas de todos los sectores.\",\"breadcrumb\":{\"@id\":\"https:\/\/dermo.com\/fregasuelos-sabadell\/#breadcrumb\"},\"inLanguage\":\"pt-PT\",\"potentialAction\":[{\"@type\":\"ReadAction\",\"target\":[\"https:\/\/dermo.com\/fregasuelos-sabadell\/\"]}]},{\"@type\":\"ImageObject\",\"inLanguage\":\"pt-PT\",\"@id\":\"https:\/\/dermo.com\/fregasuelos-sabadell\/#primaryimage\",\"url\":\"https:\/\/dermo.com\/wp-content\/uploads\/2026\/02\/fregasuelos-2-1024x640.jpg\",\"contentUrl\":\"https:\/\/dermo.com\/wp-content\/uploads\/2026\/02\/fregasuelos-2-1024x640.jpg\"},{\"@type\":\"BreadcrumbList\",\"@id\":\"https:\/\/dermo.com\/fregasuelos-sabadell\/#breadcrumb\",\"itemListElement\":[{\"@type\":\"ListItem\",\"position\":1,\"name\":\"Portada\",\"item\":\"https:\/\/dermo.com\/\"},{\"@type\":\"ListItem\",\"position\":2,\"name\":\"Fregasuelos Sabadell\"}]},{\"@type\":\"WebSite\",\"@id\":\"https:\/\/dermo.com\/#website\",\"url\":\"https:\/\/dermo.com\/\",\"name\":\"Dermo | F\u00e1brica de detergentes\",\"description\":\"Tecnolog\u00eda avanzada, investigaci\u00f3n y desarrollo, respeto por el medio ambiente, competencia, formaci\u00f3n constante y alto nivel de profesionalidad en nuestro equipo humano, empe\u00f1ado en preservar la calidad de vida, la protecci\u00f3n del entorno natural contin\u00faan motiv\u00e1ndonos para desarrollar en nuestros laboratorios nuevos productos con ingredientes activos altamente biodegradables que hacen posible un desarrollo sostenible.\",\"potentialAction\":[{\"@type\":\"SearchAction\",\"target\":{\"@type\":\"EntryPoint\",\"urlTemplate\":\"https:\/\/dermo.com\/?s={search_term_string}\"},\"query-input\":{\"@type\":\"PropertyValueSpecification\",\"valueRequired\":true,\"valueName\":\"search_term_string\"}}],\"inLanguage\":\"pt-PT\"}]}<\/script>\n<!-- \/ Yoast SEO plugin. -->","yoast_head_json":{"title":"Fregasuelos Sabadell","description":"Descubre nuestros fregasuelos cerca de Sabadell, con soluciones profesionales, sostenibles y adaptadas a empresas de todos los sectores.","robots":{"index":"index","follow":"follow","max-snippet":"max-snippet:-1","max-image-preview":"max-image-preview:large","max-video-preview":"max-video-preview:-1"},"canonical":"https:\/\/dermo.com\/pt\/fregasuelos-sabadell\/","og_locale":"pt_PT","og_type":"article","og_title":"Fregasuelos Sabadell","og_description":"Descubre nuestros fregasuelos cerca de Sabadell, con soluciones profesionales, sostenibles y adaptadas a empresas de todos los sectores.","og_url":"https:\/\/dermo.com\/pt\/fregasuelos-sabadell\/","og_site_name":"Dermo | F\u00e1brica de detergentes","article_modified_time":"2026-03-09T10:40:36+00:00","og_image":[{"width":1200,"height":750,"url":"https:\/\/dermo.com\/wp-content\/uploads\/2026\/02\/fregasuelos-2.jpg","type":"image\/jpeg"}],"twitter_card":"summary_large_image","twitter_misc":{"Tempo estimado de leitura":"3 minutos"},"schema":{"@context":"https:\/\/schema.org","@graph":[{"@type":"WebPage","@id":"https:\/\/dermo.com\/fregasuelos-sabadell\/","url":"https:\/\/dermo.com\/fregasuelos-sabadell\/","name":"Fregasuelos Sabadell","isPartOf":{"@id":"https:\/\/dermo.com\/#website"},"primaryImageOfPage":{"@id":"https:\/\/dermo.com\/fregasuelos-sabadell\/#primaryimage"},"image":{"@id":"https:\/\/dermo.com\/fregasuelos-sabadell\/#primaryimage"},"thumbnailUrl":"https:\/\/dermo.com\/wp-content\/uploads\/2026\/02\/fregasuelos-2-1024x640.jpg","datePublished":"2026-03-09T10:20:16+00:00","dateModified":"2026-03-09T10:40:36+00:00","description":"Descubre nuestros fregasuelos cerca de Sabadell, con soluciones profesionales, sostenibles y adaptadas a empresas de todos los sectores.","breadcrumb":{"@id":"https:\/\/dermo.com\/fregasuelos-sabadell\/#breadcrumb"},"inLanguage":"pt-PT","potentialAction":[{"@type":"ReadAction","target":["https:\/\/dermo.com\/fregasuelos-sabadell\/"]}]},{"@type":"ImageObject","inLanguage":"pt-PT","@id":"https:\/\/dermo.com\/fregasuelos-sabadell\/#primaryimage","url":"https:\/\/dermo.com\/wp-content\/uploads\/2026\/02\/fregasuelos-2-1024x640.jpg","contentUrl":"https:\/\/dermo.com\/wp-content\/uploads\/2026\/02\/fregasuelos-2-1024x640.jpg"},{"@type":"BreadcrumbList","@id":"https:\/\/dermo.com\/fregasuelos-sabadell\/#breadcrumb","itemListElement":[{"@type":"ListItem","position":1,"name":"Portada","item":"https:\/\/dermo.com\/"},{"@type":"ListItem","position":2,"name":"Fregasuelos Sabadell"}]},{"@type":"WebSite","@id":"https:\/\/dermo.com\/#website","url":"https:\/\/dermo.com\/","name":"Dermo | f\u00e1brica de detergentes","description":"A tecnologia avan\u00e7ada, a investiga\u00e7\u00e3o e desenvolvimento, o respeito pelo ambiente, a compet\u00eancia, a forma\u00e7\u00e3o constante e o elevado n\u00edvel de profissionalismo da nossa equipa humana, comprometida com a preserva\u00e7\u00e3o da qualidade de vida, a protec\u00e7\u00e3o do ambiente natural continuam a motivar-nos a desenvolver novos produtos nos nossos laborat\u00f3rios com princ\u00edpios ativos altamente biodegrad\u00e1veis que possibilitam o desenvolvimento sustent\u00e1vel.","potentialAction":[{"@type":"SearchAction","target":{"@type":"EntryPoint","urlTemplate":"https:\/\/dermo.com\/?s={search_term_string}"},"query-input":{"@type":"PropertyValueSpecification","valueRequired":true,"valueName":"search_term_string"}}],"inLanguage":"pt-PT"}]}},"_links":{"self":[{"href":"https:\/\/dermo.com\/pt\/wp-json\/wp\/v2\/pages\/14538","targetHints":{"allow":["GET"]}}],"collection":[{"href":"https:\/\/dermo.com\/pt\/wp-json\/wp\/v2\/pages"}],"about":[{"href":"https:\/\/dermo.com\/pt\/wp-json\/wp\/v2\/types\/page"}],"author":[{"embeddable":true,"href":"https:\/\/dermo.com\/pt\/wp-json\/wp\/v2\/users\/2"}],"replies":[{"embeddable":true,"href":"https:\/\/dermo.com\/pt\/wp-json\/wp\/v2\/comments?post=14538"}],"version-history":[{"count":7,"href":"https:\/\/dermo.com\/pt\/wp-json\/wp\/v2\/pages\/14538\/revisions"}],"predecessor-version":[{"id":14553,"href":"https:\/\/dermo.com\/pt\/wp-json\/wp\/v2\/pages\/14538\/revisions\/14553"}],"wp:attachment":[{"href":"https:\/\/dermo.com\/pt\/wp-json\/wp\/v2\/media?parent=14538"}],"curies":[{"name":"wp","href":"https:\/\/api.w.org\/{rel}","templated":true}]}}