{"id":14580,"date":"2026-03-30T09:20:07","date_gmt":"2026-03-30T07:20:07","guid":{"rendered":"https:\/\/dermo.com\/?page_id=14580"},"modified":"2026-03-30T09:23:44","modified_gmt":"2026-03-30T07:23:44","slug":"detergentes-industriales-sabadell","status":"publish","type":"page","link":"https:\/\/dermo.com\/pt\/detergentes-industriales-sabadell\/","title":{"rendered":"Detergentes industriales Sabadell"},"content":{"rendered":"<div data-elementor-type=\"wp-page\" data-elementor-id=\"14580\" class=\"elementor elementor-14580\" data-elementor-post-type=\"page\">\n\t\t\t\t\t\t<section class=\"elementor-section elementor-top-section elementor-element elementor-element-98a4dec elementor-section-boxed elementor-section-height-default elementor-section-height-default\" data-id=\"98a4dec\" data-element_type=\"section\" data-e-type=\"section\" data-settings=\"{&quot;background_background&quot;:&quot;classic&quot;}\">\n\t\t\t\t\t\t\t<div class=\"elementor-background-overlay\"><\/div>\n\t\t\t\t\t\t\t<div class=\"elementor-container elementor-column-gap-default\">\n\t\t\t\t\t<div class=\"elementor-column elementor-col-100 elementor-top-column elementor-element elementor-element-e1dd055\" data-id=\"e1dd055\" data-element_type=\"column\" data-e-type=\"column\">\n\t\t\t<div class=\"elementor-widget-wrap elementor-element-populated\">\n\t\t\t\t\t\t\t<\/div>\n\t\t<\/div>\n\t\t\t\t\t<\/div>\n\t\t<\/section>\n\t\t\t\t<section class=\"elementor-section elementor-top-section elementor-element elementor-element-2ec8e30 elementor-section-boxed elementor-section-height-default elementor-section-height-default\" data-id=\"2ec8e30\" data-element_type=\"section\" data-e-type=\"section\">\n\t\t\t\t\t\t<div class=\"elementor-container elementor-column-gap-default\">\n\t\t\t\t\t<div class=\"elementor-column elementor-col-100 elementor-top-column elementor-element elementor-element-8c075e9\" data-id=\"8c075e9\" data-element_type=\"column\" data-e-type=\"column\">\n\t\t\t<div class=\"elementor-widget-wrap elementor-element-populated\">\n\t\t\t\t\t\t<section class=\"elementor-section elementor-inner-section elementor-element elementor-element-64bab18 elementor-section-content-middle elementor-section-boxed elementor-section-height-default elementor-section-height-default\" data-id=\"64bab18\" data-element_type=\"section\" data-e-type=\"section\">\n\t\t\t\t\t\t<div class=\"elementor-container elementor-column-gap-default\">\n\t\t\t\t\t<div class=\"elementor-column elementor-col-50 elementor-inner-column elementor-element elementor-element-1517a1f\" data-id=\"1517a1f\" data-element_type=\"column\" data-e-type=\"column\">\n\t\t\t<div class=\"elementor-widget-wrap elementor-element-populated\">\n\t\t\t\t\t\t<div class=\"elementor-element elementor-element-4ecb927 elementor-widget elementor-widget-text-editor\" data-id=\"4ecb927\" data-element_type=\"widget\" data-e-type=\"widget\" data-widget_type=\"text-editor.default\">\n\t\t\t\t<div class=\"elementor-widget-container\">\n\t\t\t\t\t\t\t\t\t<h3 data-section-id=\"171gobf\" data-start=\"0\" data-end=\"88\"><span role=\"text\">Detergentes industriales en Sabadell: limpieza profesional para empresas exigentes<\/span><\/h3><p data-start=\"90\" data-end=\"628\">Em<strong data-start=\"93\" data-end=\"102\"> DERMO<\/strong> somos especialistas en la fabricaci\u00f3n y distribuci\u00f3n de <strong data-start=\"159\" data-end=\"199\">detergentes industriais<\/strong> em<strong data-start=\"159\" data-end=\"199\"> Sabadell<\/strong>, dise\u00f1ados para ofrecer un alto rendimiento en entornos donde la limpieza no puede fallar. Con una trayectoria consolidada en el sector qu\u00edmico y de la higiene profesional, desarrollamos soluciones eficaces para empresas que necesitan resultados constantes, seguros y adaptados a cada tipo de superficie e industria. Nuestro objetivo es ayudarte a mantener tus instalaciones impecables con productos fiables y de m\u00e1xima calidad.<\/p><h3 data-section-id=\"1h8pxca\" data-start=\"635\" data-end=\"721\"><span role=\"text\">Soluciones adaptadas para la industria con detergentes industriales en Sabadell<\/span><\/h3><p data-start=\"723\" data-end=\"1190\">Nossa gama de <strong data-start=\"739\" data-end=\"779\">detergentes industriais <\/strong>em<strong data-start=\"739\" data-end=\"779\"> Sabadell<\/strong> est\u00e1 pensada para cubrir las necesidades de m\u00faltiples sectores: alimentaci\u00f3n, hosteler\u00eda, automoci\u00f3n, log\u00edstica y limpieza profesional. Cada producto se formula para atacar distintos tipos de suciedad, desde grasas dif\u00edciles hasta residuos org\u00e1nicos o industriales. De esta forma, conseguimos optimizar los procesos de limpieza, reducir tiempos de trabajo y mejorar la higiene general de cualquier instalaci\u00f3n.<\/p><h3 data-section-id=\"cm4iyu\" data-start=\"1197\" data-end=\"1263\"><span role=\"text\">Fabricaci\u00f3n experta de detergentes industriales en Sabadell<\/span><\/h3><p data-start=\"1265\" data-end=\"1684\">En DERMO desarrollamos <strong data-start=\"1288\" data-end=\"1328\">detergentes industriais <\/strong>em<strong data-start=\"1288\" data-end=\"1328\"> Sabadell<\/strong> combinando conocimiento t\u00e9cnico, innovaci\u00f3n qu\u00edmica y control de calidad exhaustivo. Nuestro equipo especializado trabaja en la creaci\u00f3n de f\u00f3rmulas eficientes que cumplen con los est\u00e1ndares m\u00e1s exigentes del mercado. Esto nos permite ofrecer productos con gran poder desengrasante, estabilidad en diferentes condiciones y seguridad en su uso profesional.<\/p>\t\t\t\t\t\t\t\t<\/div>\n\t\t\t\t<\/div>\n\t\t\t\t\t<\/div>\n\t\t<\/div>\n\t\t\t\t<div class=\"elementor-column elementor-col-50 elementor-inner-column elementor-element elementor-element-f924105 elementor-invisible\" data-id=\"f924105\" data-element_type=\"column\" data-e-type=\"column\" data-settings=\"{&quot;animation&quot;:&quot;bounceInRight&quot;}\">\n\t\t\t<div class=\"elementor-widget-wrap elementor-element-populated\">\n\t\t\t\t\t\t<div class=\"elementor-element elementor-element-35a13b7 elementor-widget elementor-widget-elementskit-contact-form7\" data-id=\"35a13b7\" data-element_type=\"widget\" data-e-type=\"widget\" data-widget_type=\"elementskit-contact-form7.default\">\n\t\t\t\t<div class=\"elementor-widget-container\">\n\t\t\t\t\t<div class=\"ekit-wid-con\" ><div class=\"ekit-form\">\n<div class=\"wpcf7 no-js\" id=\"wpcf7-f13292-p14580-o1\" lang=\"es-ES\" dir=\"ltr\" data-wpcf7-id=\"13292\">\n<div class=\"screen-reader-response\"><p role=\"status\" aria-live=\"polite\" aria-atomic=\"true\"><\/p> <ul><\/ul><\/div>\n<form action=\"\/pt\/detergentes-industriales-sabadell\/#wpcf7-f13292-p14580-o1\" method=\"post\" class=\"wpcf7-form init\" aria-label=\"Formul\u00e1rio de contato\" novalidate=\"novalidate\" data-status=\"init\" data-trp-original-action=\"\/detergentes-industriales-sabadell\/#wpcf7-f13292-p14580-o1\">\n<fieldset class=\"hidden-fields-container\"><input type=\"hidden\" name=\"_wpcf7\" value=\"13292\" \/><input type=\"hidden\" name=\"_wpcf7_version\" value=\"6.1.5\" \/><input type=\"hidden\" name=\"_wpcf7_locale\" value=\"es_ES\" \/><input type=\"hidden\" name=\"_wpcf7_unit_tag\" value=\"wpcf7-f13292-p14580-o1\" \/><input type=\"hidden\" name=\"_wpcf7_container_post\" value=\"14580\" \/><input type=\"hidden\" name=\"_wpcf7_posted_data_hash\" value=\"\" \/><input type=\"hidden\" name=\"_wpcf7_recaptcha_response\" value=\"\" \/>\n<\/fieldset>\n<div style=\"display: flex; gap: 10px;\">\n\t<div style=\"width: 50%;\">\n\t\t<p><span class=\"wpcf7-form-control-wrap\" data-name=\"your-name\"><input size=\"40\" maxlength=\"400\" class=\"wpcf7-form-control wpcf7-text wpcf7-validates-as-required\" aria-required=\"true\" aria-invalid=\"false\" placeholder=\"Nome\" value=\"\" type=\"text\" name=\"your-name\" \/><\/span>\n\t\t<\/p>\n\t<\/div>\n\t<div style=\"width: 50%;\">\n\t\t<p><span class=\"wpcf7-form-control-wrap\" data-name=\"your-phone\"><input size=\"40\" maxlength=\"400\" class=\"wpcf7-form-control wpcf7-tel wpcf7-validates-as-required wpcf7-text wpcf7-validates-as-tel\" aria-required=\"true\" aria-invalid=\"false\" placeholder=\"Telefone\" value=\"\" type=\"tel\" name=\"your-phone\" \/><\/span>\n\t\t<\/p>\n\t<\/div>\n<\/div>\n<p><span class=\"wpcf7-form-control-wrap\" data-name=\"your-email\"><input size=\"40\" maxlength=\"400\" class=\"wpcf7-form-control wpcf7-email wpcf7-validates-as-required wpcf7-text wpcf7-validates-as-email\" aria-required=\"true\" aria-invalid=\"false\" placeholder=\"E-mail\" value=\"\" type=\"email\" name=\"your-email\" \/><\/span>\n<\/p>\n<div style=\"display: flex; gap: 10px;\">\n\t<div style=\"width: 50%;\">\n\t\t<p><span class=\"wpcf7-form-control-wrap\" data-name=\"your-country\"><input size=\"40\" maxlength=\"400\" class=\"wpcf7-form-control wpcf7-text wpcf7-validates-as-required\" aria-required=\"true\" aria-invalid=\"false\" placeholder=\"Pa\u00eds\" value=\"\" type=\"text\" name=\"your-country\" \/><\/span>\n\t\t<\/p>\n\t<\/div>\n\t<div style=\"width: 50%;\">\n\t\t<p><span class=\"wpcf7-form-control-wrap\" data-name=\"your-city\"><input size=\"40\" maxlength=\"400\" class=\"wpcf7-form-control wpcf7-text wpcf7-validates-as-required\" aria-required=\"true\" aria-invalid=\"false\" placeholder=\"Popula\u00e7\u00e3o\" value=\"\" type=\"text\" name=\"your-city\" \/><\/span>\n\t\t<\/p>\n\t<\/div>\n<\/div>\n<p><span class=\"wpcf7-form-control-wrap\" data-name=\"your-subject\"><select class=\"wpcf7-form-control wpcf7-select\" aria-invalid=\"false\" name=\"your-subject\"><option value=\"Quiero ser distribuidor\">Quero ser um distribuidor<\/option><option value=\"Presupuesto\">Or\u00e7amento<\/option><option value=\"Consulta\">Consulta<\/option><option value=\"Sugerencia\">Sugest\u00e3o<\/option><option value=\"Otros\">Outros<\/option><\/select><\/span>\n<\/p>\n<p><span class=\"wpcf7-form-control-wrap\" data-name=\"your-message\"><textarea cols=\"40\" rows=\"10\" maxlength=\"2000\" class=\"wpcf7-form-control wpcf7-textarea\" aria-invalid=\"false\" placeholder=\"Mensagem ou consulta\" name=\"your-message\"><\/textarea><\/span>\n<\/p>\n<div style=\"display: flex; align-items: center; gap: 10px;\">\n\t<p><span class=\"wpcf7-form-control-wrap\" data-name=\"privacy-policy\"><span class=\"wpcf7-form-control wpcf7-acceptance\"><span class=\"wpcf7-list-item\"><input type=\"checkbox\" name=\"privacy-policy\" value=\"1\" aria-invalid=\"false\" \/><\/span><\/span><\/span><label for=\"privacy-policy\" style=\"margin-left: 5px;\">Li e aceito a pol\u00edtica de privacidade.<\/label>\n\t<\/p>\n<\/div>\n<div style=\"display: flex; align-items: center; gap: 10px;\">\n\t<p><span class=\"wpcf7-form-control-wrap\" data-name=\"send-info\"><span class=\"wpcf7-form-control wpcf7-acceptance\"><span class=\"wpcf7-list-item\"><input type=\"checkbox\" name=\"send-info\" value=\"1\" aria-invalid=\"false\" \/><\/span><\/span><\/span><label for=\"send-info\" style=\"margin-left: 5px;\">Concordo em receber informa\u00e7\u00f5es.<\/label>\n\t<\/p>\n<\/div>\n<p><input class=\"wpcf7-form-control wpcf7-submit has-spinner\" type=\"submit\" value=\"Enviar\" \/>\n<\/p><div class=\"wpcf7-response-output\" aria-hidden=\"true\"><\/div>\n<input type=\"hidden\" name=\"trp-form-language\" value=\"pt\"\/><\/form>\n<\/div>\n<\/div><\/div>\t\t\t\t<\/div>\n\t\t\t\t<\/div>\n\t\t\t\t\t<\/div>\n\t\t<\/div>\n\t\t\t\t\t<\/div>\n\t\t<\/section>\n\t\t\t\t<div class=\"elementor-element elementor-element-7c2eb24 elementor-widget elementor-widget-image\" data-id=\"7c2eb24\" data-element_type=\"widget\" data-e-type=\"widget\" data-widget_type=\"image.default\">\n\t\t\t\t<div class=\"elementor-widget-container\">\n\t\t\t\t\t\t\t\t\t\t\t\t\t\t\t<img fetchpriority=\"high\" decoding=\"async\" width=\"626\" height=\"417\" src=\"https:\/\/dermo.com\/wp-content\/uploads\/2020\/12\/fabrica-de-detergentes.jpg\" class=\"attachment-large size-large wp-image-10720\" alt=\"\" srcset=\"https:\/\/dermo.com\/wp-content\/uploads\/2020\/12\/fabrica-de-detergentes.jpg 626w, https:\/\/dermo.com\/wp-content\/uploads\/2020\/12\/fabrica-de-detergentes-300x200.jpg 300w, https:\/\/dermo.com\/wp-content\/uploads\/2020\/12\/fabrica-de-detergentes-18x12.jpg 18w, https:\/\/dermo.com\/wp-content\/uploads\/2020\/12\/fabrica-de-detergentes-600x400.jpg 600w\" sizes=\"(max-width: 626px) 100vw, 626px\" \/>\t\t\t\t\t\t\t\t\t\t\t\t\t\t\t<\/div>\n\t\t\t\t<\/div>\n\t\t\t\t<div class=\"elementor-element elementor-element-29d4788 elementor-widget elementor-widget-text-editor\" data-id=\"29d4788\" data-element_type=\"widget\" data-e-type=\"widget\" data-widget_type=\"text-editor.default\">\n\t\t\t\t<div class=\"elementor-widget-container\">\n\t\t\t\t\t\t\t\t\t<h3 data-section-id=\"26ui2t\" data-start=\"1691\" data-end=\"1765\"><span role=\"text\">Asesoramiento personalizado en detergentes industriales en Sabadell<\/span><\/h3><p data-start=\"1767\" data-end=\"2178\">No solo fabricamos <strong data-start=\"1786\" data-end=\"1826\">detergentes industriais <\/strong>em<strong data-start=\"1786\" data-end=\"1826\"> Sabadell<\/strong>, tambi\u00e9n ofrecemos un servicio de asesoramiento completo para cada cliente. Analizamos el tipo de negocio, el nivel de suciedad y los protocolos de limpieza para recomendar el producto m\u00e1s adecuado en cada caso. Este enfoque personalizado permite mejorar la eficiencia de los equipos de limpieza y reducir el consumo innecesario de productos qu\u00edmicos.<\/p><h3 data-section-id=\"58br9j\" data-start=\"2185\" data-end=\"2252\"><span role=\"text\">Eficiencia log\u00edstica de detergentes industriales en Sabadell<\/span><\/h3><p data-start=\"2254\" data-end=\"2648\">Sabemos que la continuidad del trabajo es clave en cualquier empresa, por eso garantizamos el suministro r\u00e1pido de <strong data-start=\"2369\" data-end=\"2409\">detergentes industriais <\/strong>em<strong data-start=\"2369\" data-end=\"2409\"> Sabadell<\/strong>. Contamos con una red log\u00edstica optimizada que nos permite atender pedidos con agilidad tanto en Sabadell como en sus alrededores. As\u00ed aseguramos que nuestros clientes nunca se queden sin los productos esenciales para su actividad diaria.<\/p><h3 data-section-id=\"ww48dd\" data-start=\"2655\" data-end=\"2729\"><span role=\"text\">Innovaci\u00f3n y sostenibilidad en detergentes industriales en Sabadell<\/span><\/h3><p data-start=\"2731\" data-end=\"3168\">En DERMO apostamos por la mejora continua de nuestros <strong data-start=\"2785\" data-end=\"2825\">detergentes industriais <\/strong>em<strong data-start=\"2785\" data-end=\"2825\"> Sabadell<\/strong>, incorporando f\u00f3rmulas m\u00e1s eficientes y respetuosas con el medio ambiente. Utilizamos materias primas seleccionadas y procesos de producci\u00f3n responsables que reducen el impacto ambiental sin comprometer la eficacia del producto. Esto permite a las empresas mantener altos est\u00e1ndares de limpieza mientras avanzan hacia modelos m\u00e1s sostenibles.<\/p>\t\t\t\t\t\t\t\t<\/div>\n\t\t\t\t<\/div>\n\t\t\t\t<div class=\"elementor-element elementor-element-e02489f elementor-widget elementor-widget-button\" data-id=\"e02489f\" data-element_type=\"widget\" data-e-type=\"widget\" data-widget_type=\"button.default\">\n\t\t\t\t<div class=\"elementor-widget-container\">\n\t\t\t\t\t\t\t\t\t<div class=\"elementor-button-wrapper\">\n\t\t\t\t\t<a class=\"elementor-button elementor-button-link elementor-size-sm\" href=\"\/pt\/contato\/\">\n\t\t\t\t\t\t<span class=\"elementor-button-content-wrapper\">\n\t\t\t\t\t\t\t\t\t<span class=\"elementor-button-text\">Contate-nos<\/span>\n\t\t\t\t\t<\/span>\n\t\t\t\t\t<\/a>\n\t\t\t\t<\/div>\n\t\t\t\t\t\t\t\t<\/div>\n\t\t\t\t<\/div>\n\t\t\t\t\t<\/div>\n\t\t<\/div>\n\t\t\t\t\t<\/div>\n\t\t<\/section>\n\t\t\t\t<section class=\"elementor-section elementor-top-section elementor-element elementor-element-095470b elementor-section-full_width elementor-section-height-default elementor-section-height-default elementor-invisible\" data-id=\"095470b\" data-element_type=\"section\" data-e-type=\"section\" data-settings=\"{&quot;animation&quot;:&quot;slideInUp&quot;}\">\n\t\t\t\t\t\t<div class=\"elementor-container elementor-column-gap-default\">\n\t\t\t\t\t<div class=\"elementor-column elementor-col-100 elementor-top-column elementor-element elementor-element-4c6a34f\" data-id=\"4c6a34f\" data-element_type=\"column\" data-e-type=\"column\">\n\t\t\t<div class=\"elementor-widget-wrap elementor-element-populated\">\n\t\t\t\t\t\t<div class=\"elementor-element elementor-element-7f4c627 elementor-widget elementor-widget-google_maps\" data-id=\"7f4c627\" data-element_type=\"widget\" data-e-type=\"widget\" data-widget_type=\"google_maps.default\">\n\t\t\t\t<div class=\"elementor-widget-container\">\n\t\t\t\t\t\t\t<div class=\"elementor-custom-embed\">\n\t\t\t<iframe loading=\"lazy\"\n\t\t\t\t\tsrc=\"https:\/\/maps.google.com\/maps?q=C%2F%20Pintor%20Joan%20Miro%2C%2016.%20Pol.%20Ind.%20Can%20Humet%20de%20Dalt%2C%2008213%20Poliny%C3%A0.%20Barcelona&#038;t=m&#038;z=15&#038;output=embed&#038;iwloc=near\"\n\t\t\t\t\ttitle=\"C\/ Pintor Joan Miro, 16. Pol. Ind. Can Humet de Dalt, 08213 Poliny\u00e0. Barcelona\"\n\t\t\t\t\taria-label=\"C\/ Pintor Joan Miro, 16. Pol. Ind. Can Humet de Dalt, 08213 Poliny\u00e0. Barcelona\"\n\t\t\t><\/iframe>\n\t\t<\/div>\n\t\t\t\t\t\t<\/div>\n\t\t\t\t<\/div>\n\t\t\t\t\t<\/div>\n\t\t<\/div>\n\t\t\t\t\t<\/div>\n\t\t<\/section>\n\t\t\t\t<\/div>","protected":false},"excerpt":{"rendered":"<p>Detergentes industriales en Sabadell: limpieza profesional para empresas exigentes En DERMO somos especialistas en la fabricaci\u00f3n y distribuci\u00f3n de detergentes industriales en Sabadell, dise\u00f1ados para ofrecer un alto rendimiento en entornos donde la limpieza no puede fallar. Con una trayectoria consolidada en el sector qu\u00edmico y de la higiene profesional, desarrollamos soluciones eficaces para empresas&hellip;&nbsp;<a href=\"https:\/\/dermo.com\/pt\/detergentes-industriales-sabadell\/\" rel=\"bookmark\">Ler mais \u00bb<span class=\"screen-reader-text\">Detergentes industriales Sabadell<\/span><\/a><\/p>","protected":false},"author":2,"featured_media":0,"parent":0,"menu_order":0,"comment_status":"closed","ping_status":"closed","template":"page-templates\/template-pagebuilder-full-width.php","meta":{"neve_meta_sidebar":"","neve_meta_container":"","neve_meta_enable_content_width":"","neve_meta_content_width":0,"neve_meta_title_alignment":"","neve_meta_author_avatar":"","neve_post_elements_order":"","neve_meta_disable_header":"","neve_meta_disable_footer":"","neve_meta_disable_title":"","footnotes":""},"class_list":["post-14580","page","type-page","status-publish","hentry"],"yoast_head":"<!-- This site is optimized with the Yoast SEO plugin v27.0 - https:\/\/yoast.com\/product\/yoast-seo-wordpress\/ -->\n<title>Detergentes industriales Sabadell<\/title>\n<meta name=\"description\" content=\"Descubre detergentes industriales en Sabadell con soluciones profesionales, eficaces y adaptadas a empresas de todos los sectores.\" \/>\n<meta name=\"robots\" content=\"index, follow, max-snippet:-1, max-image-preview:large, max-video-preview:-1\" \/>\n<link rel=\"canonical\" href=\"https:\/\/dermo.com\/pt\/detergentes-industriales-sabadell\/\" \/>\n<meta property=\"og:locale\" content=\"pt_PT\" \/>\n<meta property=\"og:type\" content=\"article\" \/>\n<meta property=\"og:title\" content=\"Detergentes industriales Sabadell\" \/>\n<meta property=\"og:description\" content=\"Descubre detergentes industriales en Sabadell con soluciones profesionales, eficaces y adaptadas a empresas de todos los sectores.\" \/>\n<meta property=\"og:url\" content=\"https:\/\/dermo.com\/pt\/detergentes-industriales-sabadell\/\" \/>\n<meta property=\"og:site_name\" content=\"Dermo | F\u00e1brica de detergentes\" \/>\n<meta property=\"article:modified_time\" content=\"2026-03-30T07:23:44+00:00\" \/>\n<meta property=\"og:image\" content=\"https:\/\/dermo.com\/wp-content\/uploads\/2020\/12\/fabrica-de-detergentes.jpg\" \/>\n\t<meta property=\"og:image:width\" content=\"626\" \/>\n\t<meta property=\"og:image:height\" content=\"417\" \/>\n\t<meta property=\"og:image:type\" content=\"image\/jpeg\" \/>\n<meta name=\"twitter:card\" content=\"summary_large_image\" \/>\n<meta name=\"twitter:label1\" content=\"Tempo estimado de leitura\" \/>\n\t<meta name=\"twitter:data1\" content=\"3 minutos\" \/>\n<script type=\"application\/ld+json\" class=\"yoast-schema-graph\">{\"@context\":\"https:\/\/schema.org\",\"@graph\":[{\"@type\":\"WebPage\",\"@id\":\"https:\/\/dermo.com\/detergentes-industriales-sabadell\/\",\"url\":\"https:\/\/dermo.com\/detergentes-industriales-sabadell\/\",\"name\":\"Detergentes industriales Sabadell\",\"isPartOf\":{\"@id\":\"https:\/\/dermo.com\/#website\"},\"primaryImageOfPage\":{\"@id\":\"https:\/\/dermo.com\/detergentes-industriales-sabadell\/#primaryimage\"},\"image\":{\"@id\":\"https:\/\/dermo.com\/detergentes-industriales-sabadell\/#primaryimage\"},\"thumbnailUrl\":\"https:\/\/dermo.com\/wp-content\/uploads\/2020\/12\/fabrica-de-detergentes.jpg\",\"datePublished\":\"2026-03-30T07:20:07+00:00\",\"dateModified\":\"2026-03-30T07:23:44+00:00\",\"description\":\"Descubre detergentes industriales en Sabadell con soluciones profesionales, eficaces y adaptadas a empresas de todos los sectores.\",\"breadcrumb\":{\"@id\":\"https:\/\/dermo.com\/detergentes-industriales-sabadell\/#breadcrumb\"},\"inLanguage\":\"pt-PT\",\"potentialAction\":[{\"@type\":\"ReadAction\",\"target\":[\"https:\/\/dermo.com\/detergentes-industriales-sabadell\/\"]}]},{\"@type\":\"ImageObject\",\"inLanguage\":\"pt-PT\",\"@id\":\"https:\/\/dermo.com\/detergentes-industriales-sabadell\/#primaryimage\",\"url\":\"https:\/\/dermo.com\/wp-content\/uploads\/2020\/12\/fabrica-de-detergentes.jpg\",\"contentUrl\":\"https:\/\/dermo.com\/wp-content\/uploads\/2020\/12\/fabrica-de-detergentes.jpg\"},{\"@type\":\"BreadcrumbList\",\"@id\":\"https:\/\/dermo.com\/detergentes-industriales-sabadell\/#breadcrumb\",\"itemListElement\":[{\"@type\":\"ListItem\",\"position\":1,\"name\":\"Portada\",\"item\":\"https:\/\/dermo.com\/\"},{\"@type\":\"ListItem\",\"position\":2,\"name\":\"Detergentes industriales Sabadell\"}]},{\"@type\":\"WebSite\",\"@id\":\"https:\/\/dermo.com\/#website\",\"url\":\"https:\/\/dermo.com\/\",\"name\":\"Dermo | F\u00e1brica de detergentes\",\"description\":\"Tecnolog\u00eda avanzada, investigaci\u00f3n y desarrollo, respeto por el medio ambiente, competencia, formaci\u00f3n constante y alto nivel de profesionalidad en nuestro equipo humano, empe\u00f1ado en preservar la calidad de vida, la protecci\u00f3n del entorno natural contin\u00faan motiv\u00e1ndonos para desarrollar en nuestros laboratorios nuevos productos con ingredientes activos altamente biodegradables que hacen posible un desarrollo sostenible.\",\"potentialAction\":[{\"@type\":\"SearchAction\",\"target\":{\"@type\":\"EntryPoint\",\"urlTemplate\":\"https:\/\/dermo.com\/?s={search_term_string}\"},\"query-input\":{\"@type\":\"PropertyValueSpecification\",\"valueRequired\":true,\"valueName\":\"search_term_string\"}}],\"inLanguage\":\"pt-PT\"}]}<\/script>\n<!-- \/ Yoast SEO plugin. -->","yoast_head_json":{"title":"Detergentes industriales Sabadell","description":"Descubre detergentes industriales en Sabadell con soluciones profesionales, eficaces y adaptadas a empresas de todos los sectores.","robots":{"index":"index","follow":"follow","max-snippet":"max-snippet:-1","max-image-preview":"max-image-preview:large","max-video-preview":"max-video-preview:-1"},"canonical":"https:\/\/dermo.com\/pt\/detergentes-industriales-sabadell\/","og_locale":"pt_PT","og_type":"article","og_title":"Detergentes industriales Sabadell","og_description":"Descubre detergentes industriales en Sabadell con soluciones profesionales, eficaces y adaptadas a empresas de todos los sectores.","og_url":"https:\/\/dermo.com\/pt\/detergentes-industriales-sabadell\/","og_site_name":"Dermo | F\u00e1brica de detergentes","article_modified_time":"2026-03-30T07:23:44+00:00","og_image":[{"width":626,"height":417,"url":"https:\/\/dermo.com\/wp-content\/uploads\/2020\/12\/fabrica-de-detergentes.jpg","type":"image\/jpeg"}],"twitter_card":"summary_large_image","twitter_misc":{"Tempo estimado de leitura":"3 minutos"},"schema":{"@context":"https:\/\/schema.org","@graph":[{"@type":"WebPage","@id":"https:\/\/dermo.com\/detergentes-industriales-sabadell\/","url":"https:\/\/dermo.com\/detergentes-industriales-sabadell\/","name":"Detergentes industriales Sabadell","isPartOf":{"@id":"https:\/\/dermo.com\/#website"},"primaryImageOfPage":{"@id":"https:\/\/dermo.com\/detergentes-industriales-sabadell\/#primaryimage"},"image":{"@id":"https:\/\/dermo.com\/detergentes-industriales-sabadell\/#primaryimage"},"thumbnailUrl":"https:\/\/dermo.com\/wp-content\/uploads\/2020\/12\/fabrica-de-detergentes.jpg","datePublished":"2026-03-30T07:20:07+00:00","dateModified":"2026-03-30T07:23:44+00:00","description":"Descubre detergentes industriales en Sabadell con soluciones profesionales, eficaces y adaptadas a empresas de todos los sectores.","breadcrumb":{"@id":"https:\/\/dermo.com\/detergentes-industriales-sabadell\/#breadcrumb"},"inLanguage":"pt-PT","potentialAction":[{"@type":"ReadAction","target":["https:\/\/dermo.com\/detergentes-industriales-sabadell\/"]}]},{"@type":"ImageObject","inLanguage":"pt-PT","@id":"https:\/\/dermo.com\/detergentes-industriales-sabadell\/#primaryimage","url":"https:\/\/dermo.com\/wp-content\/uploads\/2020\/12\/fabrica-de-detergentes.jpg","contentUrl":"https:\/\/dermo.com\/wp-content\/uploads\/2020\/12\/fabrica-de-detergentes.jpg"},{"@type":"BreadcrumbList","@id":"https:\/\/dermo.com\/detergentes-industriales-sabadell\/#breadcrumb","itemListElement":[{"@type":"ListItem","position":1,"name":"Portada","item":"https:\/\/dermo.com\/"},{"@type":"ListItem","position":2,"name":"Detergentes industriales Sabadell"}]},{"@type":"WebSite","@id":"https:\/\/dermo.com\/#website","url":"https:\/\/dermo.com\/","name":"Dermo | f\u00e1brica de detergentes","description":"A tecnologia avan\u00e7ada, a investiga\u00e7\u00e3o e desenvolvimento, o respeito pelo ambiente, a compet\u00eancia, a forma\u00e7\u00e3o constante e o elevado n\u00edvel de profissionalismo da nossa equipa humana, comprometida com a preserva\u00e7\u00e3o da qualidade de vida, a protec\u00e7\u00e3o do ambiente natural continuam a motivar-nos a desenvolver novos produtos nos nossos laborat\u00f3rios com princ\u00edpios ativos altamente biodegrad\u00e1veis que possibilitam o desenvolvimento sustent\u00e1vel.","potentialAction":[{"@type":"SearchAction","target":{"@type":"EntryPoint","urlTemplate":"https:\/\/dermo.com\/?s={search_term_string}"},"query-input":{"@type":"PropertyValueSpecification","valueRequired":true,"valueName":"search_term_string"}}],"inLanguage":"pt-PT"}]}},"_links":{"self":[{"href":"https:\/\/dermo.com\/pt\/wp-json\/wp\/v2\/pages\/14580","targetHints":{"allow":["GET"]}}],"collection":[{"href":"https:\/\/dermo.com\/pt\/wp-json\/wp\/v2\/pages"}],"about":[{"href":"https:\/\/dermo.com\/pt\/wp-json\/wp\/v2\/types\/page"}],"author":[{"embeddable":true,"href":"https:\/\/dermo.com\/pt\/wp-json\/wp\/v2\/users\/2"}],"replies":[{"embeddable":true,"href":"https:\/\/dermo.com\/pt\/wp-json\/wp\/v2\/comments?post=14580"}],"version-history":[{"count":4,"href":"https:\/\/dermo.com\/pt\/wp-json\/wp\/v2\/pages\/14580\/revisions"}],"predecessor-version":[{"id":14584,"href":"https:\/\/dermo.com\/pt\/wp-json\/wp\/v2\/pages\/14580\/revisions\/14584"}],"wp:attachment":[{"href":"https:\/\/dermo.com\/pt\/wp-json\/wp\/v2\/media?parent=14580"}],"curies":[{"name":"wp","href":"https:\/\/api.w.org\/{rel}","templated":true}]}}