{"id":14599,"date":"2026-04-19T19:22:03","date_gmt":"2026-04-19T17:22:03","guid":{"rendered":"https:\/\/dermo.com\/?page_id=14599"},"modified":"2026-04-19T20:59:26","modified_gmt":"2026-04-19T18:59:26","slug":"detergentes-desinfectantes-para-empresas-en-sabadell","status":"publish","type":"page","link":"https:\/\/dermo.com\/pt\/detergentes-desinfectantes-para-empresas-en-sabadell\/","title":{"rendered":"Detergentes desinfectantes para empresas en Sabadell"},"content":{"rendered":"<div data-elementor-type=\"wp-page\" data-elementor-id=\"14599\" class=\"elementor elementor-14599\" data-elementor-post-type=\"page\">\n\t\t\t\t\t\t<section class=\"elementor-section elementor-top-section elementor-element elementor-element-98a4dec elementor-section-boxed elementor-section-height-default elementor-section-height-default\" data-id=\"98a4dec\" data-element_type=\"section\" data-e-type=\"section\" data-settings=\"{&quot;background_background&quot;:&quot;classic&quot;}\">\n\t\t\t\t\t\t\t<div class=\"elementor-background-overlay\"><\/div>\n\t\t\t\t\t\t\t<div class=\"elementor-container elementor-column-gap-default\">\n\t\t\t\t\t<div class=\"elementor-column elementor-col-100 elementor-top-column elementor-element elementor-element-e1dd055\" data-id=\"e1dd055\" data-element_type=\"column\" data-e-type=\"column\">\n\t\t\t<div class=\"elementor-widget-wrap elementor-element-populated\">\n\t\t\t\t\t\t\t<\/div>\n\t\t<\/div>\n\t\t\t\t\t<\/div>\n\t\t<\/section>\n\t\t\t\t<section class=\"elementor-section elementor-top-section elementor-element elementor-element-2ec8e30 elementor-section-boxed elementor-section-height-default elementor-section-height-default\" data-id=\"2ec8e30\" data-element_type=\"section\" data-e-type=\"section\">\n\t\t\t\t\t\t<div class=\"elementor-container elementor-column-gap-default\">\n\t\t\t\t\t<div class=\"elementor-column elementor-col-100 elementor-top-column elementor-element elementor-element-8c075e9\" data-id=\"8c075e9\" data-element_type=\"column\" data-e-type=\"column\">\n\t\t\t<div class=\"elementor-widget-wrap elementor-element-populated\">\n\t\t\t\t\t\t<section class=\"elementor-section elementor-inner-section elementor-element elementor-element-64bab18 elementor-section-content-middle elementor-section-boxed elementor-section-height-default elementor-section-height-default\" data-id=\"64bab18\" data-element_type=\"section\" data-e-type=\"section\">\n\t\t\t\t\t\t<div class=\"elementor-container elementor-column-gap-default\">\n\t\t\t\t\t<div class=\"elementor-column elementor-col-50 elementor-inner-column elementor-element elementor-element-1517a1f\" data-id=\"1517a1f\" data-element_type=\"column\" data-e-type=\"column\">\n\t\t\t<div class=\"elementor-widget-wrap elementor-element-populated\">\n\t\t\t\t\t\t<div class=\"elementor-element elementor-element-4ecb927 elementor-widget elementor-widget-text-editor\" data-id=\"4ecb927\" data-element_type=\"widget\" data-e-type=\"widget\" data-widget_type=\"text-editor.default\">\n\t\t\t\t<div class=\"elementor-widget-container\">\n\t\t\t\t\t\t\t\t\t<h2 style=\"text-align: left;\" data-section-id=\"tip7rn\" data-start=\"4252\" data-end=\"4294\">Limpieza y desinfecci\u00f3n en un solo paso con los detergentes desinfectantes para empresas en Sabadell\u00a0<\/h2><p data-start=\"4296\" data-end=\"4635\">O <strong data-start=\"4300\" data-end=\"4356\">detergentes desinfectantes para empresas en Sabadell<\/strong> son una soluci\u00f3n esencial para mantener espacios limpios y seguros en sectores donde la higiene es cr\u00edtica. Estos productos combinan la capacidad de limpieza con la acci\u00f3n desinfectante, permitiendo eliminar suciedad y reducir la presencia de microorganismos en un solo proceso.<\/p><h3 style=\"text-align: left;\" data-section-id=\"54li2o\" data-start=\"4637\" data-end=\"4674\">Ventajas en entornos profesionales de los detergentes desinfectantes para empresas en Sabadell\u00a0<\/h3><p data-start=\"4676\" data-end=\"5048\">En entornos profesionales, esta doble funci\u00f3n supone una ventaja significativa. Por un lado, simplifica los protocolos de limpieza; por otro, optimiza tiempos y recursos. Empresas de sectores como la industria alimentaria, el sanitario o el industrial encuentran en los <strong data-start=\"4300\" data-end=\"4356\">detergentes desinfectantes para empresas en Sabadell, <\/strong>una herramienta eficaz para cumplir con normativas y mantener altos est\u00e1ndares de calidad.<\/p>\t\t\t\t\t\t\t\t<\/div>\n\t\t\t\t<\/div>\n\t\t\t\t\t<\/div>\n\t\t<\/div>\n\t\t\t\t<div class=\"elementor-column elementor-col-50 elementor-inner-column elementor-element elementor-element-f924105 elementor-invisible\" data-id=\"f924105\" data-element_type=\"column\" data-e-type=\"column\" data-settings=\"{&quot;animation&quot;:&quot;bounceInRight&quot;}\">\n\t\t\t<div class=\"elementor-widget-wrap elementor-element-populated\">\n\t\t\t\t\t\t<div class=\"elementor-element elementor-element-35a13b7 elementor-widget elementor-widget-elementskit-contact-form7\" data-id=\"35a13b7\" data-element_type=\"widget\" data-e-type=\"widget\" data-widget_type=\"elementskit-contact-form7.default\">\n\t\t\t\t<div class=\"elementor-widget-container\">\n\t\t\t\t\t<div class=\"ekit-wid-con\" ><div class=\"ekit-form\">\n<div class=\"wpcf7 no-js\" id=\"wpcf7-f13292-p14599-o1\" lang=\"es-ES\" dir=\"ltr\" data-wpcf7-id=\"13292\">\n<div class=\"screen-reader-response\"><p role=\"status\" aria-live=\"polite\" aria-atomic=\"true\"><\/p> <ul><\/ul><\/div>\n<form action=\"\/pt\/detergentes-desinfectantes-para-empresas-en-sabadell\/#wpcf7-f13292-p14599-o1\" method=\"post\" class=\"wpcf7-form init\" aria-label=\"Formulario de contacto\" novalidate=\"novalidate\" data-status=\"init\" data-no-translation-aria-label=\"\" data-trp-original-action=\"\/pt\/detergentes-desinfectantes-para-empresas-en-sabadell\/#wpcf7-f13292-p14599-o1\">\n<fieldset class=\"hidden-fields-container\"><input type=\"hidden\" name=\"_wpcf7\" value=\"13292\" \/><input type=\"hidden\" name=\"_wpcf7_version\" value=\"6.1.5\" \/><input type=\"hidden\" name=\"_wpcf7_locale\" value=\"es_ES\" \/><input type=\"hidden\" name=\"_wpcf7_unit_tag\" value=\"wpcf7-f13292-p14599-o1\" \/><input type=\"hidden\" name=\"_wpcf7_container_post\" value=\"14599\" \/><input type=\"hidden\" name=\"_wpcf7_posted_data_hash\" value=\"\" \/><input type=\"hidden\" name=\"_wpcf7_recaptcha_response\" value=\"\" \/>\n<\/fieldset>\n<div style=\"display: flex; gap: 10px;\">\n\t<div style=\"width: 50%;\">\n\t\t<p><span class=\"wpcf7-form-control-wrap\" data-name=\"your-name\"><input size=\"40\" maxlength=\"400\" class=\"wpcf7-form-control wpcf7-text wpcf7-validates-as-required\" aria-required=\"true\" aria-invalid=\"false\" placeholder=\"Nome\" value=\"\" type=\"text\" name=\"your-name\" \/><\/span>\n\t\t<\/p>\n\t<\/div>\n\t<div style=\"width: 50%;\">\n\t\t<p><span class=\"wpcf7-form-control-wrap\" data-name=\"your-phone\"><input size=\"40\" maxlength=\"400\" class=\"wpcf7-form-control wpcf7-tel wpcf7-validates-as-required wpcf7-text wpcf7-validates-as-tel\" aria-required=\"true\" aria-invalid=\"false\" placeholder=\"Telefone\" value=\"\" type=\"tel\" name=\"your-phone\" \/><\/span>\n\t\t<\/p>\n\t<\/div>\n<\/div>\n<p><span class=\"wpcf7-form-control-wrap\" data-name=\"your-email\"><input size=\"40\" maxlength=\"400\" class=\"wpcf7-form-control wpcf7-email wpcf7-validates-as-required wpcf7-text wpcf7-validates-as-email\" aria-required=\"true\" aria-invalid=\"false\" placeholder=\"E-mail\" value=\"\" type=\"email\" name=\"your-email\" \/><\/span>\n<\/p>\n<div style=\"display: flex; gap: 10px;\">\n\t<div style=\"width: 50%;\">\n\t\t<p><span class=\"wpcf7-form-control-wrap\" data-name=\"your-country\"><input size=\"40\" maxlength=\"400\" class=\"wpcf7-form-control wpcf7-text wpcf7-validates-as-required\" aria-required=\"true\" aria-invalid=\"false\" placeholder=\"Pa\u00eds\" value=\"\" type=\"text\" name=\"your-country\" \/><\/span>\n\t\t<\/p>\n\t<\/div>\n\t<div style=\"width: 50%;\">\n\t\t<p><span class=\"wpcf7-form-control-wrap\" data-name=\"your-city\"><input size=\"40\" maxlength=\"400\" class=\"wpcf7-form-control wpcf7-text wpcf7-validates-as-required\" aria-required=\"true\" aria-invalid=\"false\" placeholder=\"Popula\u00e7\u00e3o\" value=\"\" type=\"text\" name=\"your-city\" \/><\/span>\n\t\t<\/p>\n\t<\/div>\n<\/div>\n<p><span class=\"wpcf7-form-control-wrap\" data-name=\"your-subject\"><select class=\"wpcf7-form-control wpcf7-select\" aria-invalid=\"false\" name=\"your-subject\"><option value=\"Quiero ser distribuidor\">Quero ser um distribuidor<\/option><option value=\"Presupuesto\">Or\u00e7amento<\/option><option value=\"Consulta\">Consulta<\/option><option value=\"Sugerencia\">Sugest\u00e3o<\/option><option value=\"Otros\">Outros<\/option><\/select><\/span>\n<\/p>\n<p><span class=\"wpcf7-form-control-wrap\" data-name=\"your-message\"><textarea cols=\"40\" rows=\"10\" maxlength=\"2000\" class=\"wpcf7-form-control wpcf7-textarea\" aria-invalid=\"false\" placeholder=\"Mensagem ou consulta\" name=\"your-message\"><\/textarea><\/span>\n<\/p>\n<div style=\"display: flex; align-items: center; gap: 10px;\">\n\t<p><span class=\"wpcf7-form-control-wrap\" data-name=\"privacy-policy\"><span class=\"wpcf7-form-control wpcf7-acceptance\"><span class=\"wpcf7-list-item\"><input type=\"checkbox\" name=\"privacy-policy\" value=\"1\" aria-invalid=\"false\" \/><\/span><\/span><\/span><label for=\"privacy-policy\" style=\"margin-left: 5px;\">Li e aceito a pol\u00edtica de privacidade.<\/label>\n\t<\/p>\n<\/div>\n<div style=\"display: flex; align-items: center; gap: 10px;\">\n\t<p><span class=\"wpcf7-form-control-wrap\" data-name=\"send-info\"><span class=\"wpcf7-form-control wpcf7-acceptance\"><span class=\"wpcf7-list-item\"><input type=\"checkbox\" name=\"send-info\" value=\"1\" aria-invalid=\"false\" \/><\/span><\/span><\/span><label for=\"send-info\" style=\"margin-left: 5px;\">Concordo em receber informa\u00e7\u00f5es.<\/label>\n\t<\/p>\n<\/div>\n<p><input class=\"wpcf7-form-control wpcf7-submit has-spinner\" type=\"submit\" value=\"Enviar\" \/>\n<\/p><div class=\"wpcf7-response-output\" aria-hidden=\"true\"><\/div>\n<input type=\"hidden\" name=\"trp-form-language\" value=\"pt\"\/><\/form>\n<\/div>\n<\/div><\/div>\t\t\t\t<\/div>\n\t\t\t\t<\/div>\n\t\t\t\t\t<\/div>\n\t\t<\/div>\n\t\t\t\t\t<\/div>\n\t\t<\/section>\n\t\t\t\t<div class=\"elementor-element elementor-element-06571a4 elementor-widget elementor-widget-image\" data-id=\"06571a4\" data-element_type=\"widget\" data-e-type=\"widget\" data-widget_type=\"image.default\">\n\t\t\t\t<div class=\"elementor-widget-container\">\n\t\t\t\t\t\t\t\t\t\t\t\t\t\t\t<img fetchpriority=\"high\" decoding=\"async\" width=\"1024\" height=\"640\" src=\"https:\/\/dermo.com\/wp-content\/uploads\/2026\/03\/productos-de-limpieza-2-1-1024x640.jpg\" class=\"attachment-large size-large wp-image-14510\" alt=\"produtos de limpeza\" srcset=\"https:\/\/dermo.com\/wp-content\/uploads\/2026\/03\/productos-de-limpieza-2-1-1024x640.jpg 1024w, https:\/\/dermo.com\/wp-content\/uploads\/2026\/03\/productos-de-limpieza-2-1-300x188.jpg 300w, https:\/\/dermo.com\/wp-content\/uploads\/2026\/03\/productos-de-limpieza-2-1-768x480.jpg 768w, https:\/\/dermo.com\/wp-content\/uploads\/2026\/03\/productos-de-limpieza-2-1-18x12.jpg 18w, https:\/\/dermo.com\/wp-content\/uploads\/2026\/03\/productos-de-limpieza-2-1-600x375.jpg 600w, https:\/\/dermo.com\/wp-content\/uploads\/2026\/03\/productos-de-limpieza-2-1.jpg 1200w\" sizes=\"(max-width: 1024px) 100vw, 1024px\" \/>\t\t\t\t\t\t\t\t\t\t\t\t\t\t\t<\/div>\n\t\t\t\t<\/div>\n\t\t\t\t<div class=\"elementor-element elementor-element-29d4788 elementor-widget elementor-widget-text-editor\" data-id=\"29d4788\" data-element_type=\"widget\" data-e-type=\"widget\" data-widget_type=\"text-editor.default\">\n\t\t\t\t<div class=\"elementor-widget-container\">\n\t\t\t\t\t\t\t\t\t<h2 data-section-id=\"189ieeu\" data-start=\"5050\" data-end=\"5085\">C\u00f3mo elegir el producto adecuado con los detergentes desinfectantes para empresas en Sabadell\u00a0<\/h2><p data-start=\"5087\" data-end=\"5456\">La elecci\u00f3n de los <strong>detergentes desinfectantes para empresas en Sabadell\u00a0<\/strong>adecuados, depende de varios factores. Es fundamental considerar el tipo de superficie, el nivel de suciedad y los microorganismos que se desean controlar. Adem\u00e1s, es importante que el producto cuente con eficacia validada seg\u00fan normativas europeas y que disponga de documentaci\u00f3n t\u00e9cnica completa para garantizar su uso correcto.<\/p><h2 data-section-id=\"ti2ekr\" data-start=\"5458\" data-end=\"5497\">Aplicaci\u00f3n eficiente y asesoramiento para los detergentes desinfectantes para empresas en Sabadell\u00a0<\/h2><p data-start=\"5499\" data-end=\"5918\">Las empresas tambi\u00e9n valoran la compatibilidad de estos productos con distintos materiales, as\u00ed como su facilidad de aplicaci\u00f3n. Los formatos concentrados permiten ajustar la dosificaci\u00f3n y reducir el consumo, mientras que las soluciones listas para usar facilitan la operativa diaria. Contar con asesoramiento t\u00e9cnico asegura una correcta implementaci\u00f3n y maximiza la eficacia de los procesos de limpieza con los <strong>detergentes desinfectantes para empresas en Sabadell<\/strong>\u00a0<\/p>\t\t\t\t\t\t\t\t<\/div>\n\t\t\t\t<\/div>\n\t\t\t\t<div class=\"elementor-element elementor-element-e02489f elementor-widget elementor-widget-button\" data-id=\"e02489f\" data-element_type=\"widget\" data-e-type=\"widget\" data-widget_type=\"button.default\">\n\t\t\t\t<div class=\"elementor-widget-container\">\n\t\t\t\t\t\t\t\t\t<div class=\"elementor-button-wrapper\">\n\t\t\t\t\t<a class=\"elementor-button elementor-button-link elementor-size-sm\" href=\"\/pt\/contato\/\">\n\t\t\t\t\t\t<span class=\"elementor-button-content-wrapper\">\n\t\t\t\t\t\t\t\t\t<span class=\"elementor-button-text\">Contate-nos<\/span>\n\t\t\t\t\t<\/span>\n\t\t\t\t\t<\/a>\n\t\t\t\t<\/div>\n\t\t\t\t\t\t\t\t<\/div>\n\t\t\t\t<\/div>\n\t\t\t\t\t<\/div>\n\t\t<\/div>\n\t\t\t\t\t<\/div>\n\t\t<\/section>\n\t\t\t\t<section class=\"elementor-section elementor-top-section elementor-element elementor-element-095470b elementor-section-full_width elementor-section-height-default elementor-section-height-default elementor-invisible\" data-id=\"095470b\" data-element_type=\"section\" data-e-type=\"section\" data-settings=\"{&quot;animation&quot;:&quot;slideInUp&quot;}\">\n\t\t\t\t\t\t<div class=\"elementor-container elementor-column-gap-default\">\n\t\t\t\t\t<div class=\"elementor-column elementor-col-100 elementor-top-column elementor-element elementor-element-4c6a34f\" data-id=\"4c6a34f\" data-element_type=\"column\" data-e-type=\"column\">\n\t\t\t<div class=\"elementor-widget-wrap elementor-element-populated\">\n\t\t\t\t\t\t<div class=\"elementor-element elementor-element-7f4c627 elementor-widget elementor-widget-google_maps\" data-id=\"7f4c627\" data-element_type=\"widget\" data-e-type=\"widget\" data-widget_type=\"google_maps.default\">\n\t\t\t\t<div class=\"elementor-widget-container\">\n\t\t\t\t\t\t\t<div class=\"elementor-custom-embed\">\n\t\t\t<iframe loading=\"lazy\"\n\t\t\t\t\tsrc=\"https:\/\/maps.google.com\/maps?q=C%2F%20Pintor%20Joan%20Miro%2C%2016.%20Pol.%20Ind.%20Can%20Humet%20de%20Dalt%2C%2008213%20Poliny%C3%A0.%20Barcelona&#038;t=m&#038;z=15&#038;output=embed&#038;iwloc=near\"\n\t\t\t\t\ttitle=\"C\/ Pintor Joan Miro, 16. Pol. Ind. Can Humet de Dalt, 08213 Poliny\u00e0. Barcelona\"\n\t\t\t\t\taria-label=\"C\/ Pintor Joan Miro, 16. Pol. Ind. Can Humet de Dalt, 08213 Poliny\u00e0. Barcelona\"\n\t\t\t><\/iframe>\n\t\t<\/div>\n\t\t\t\t\t\t<\/div>\n\t\t\t\t<\/div>\n\t\t\t\t\t<\/div>\n\t\t<\/div>\n\t\t\t\t\t<\/div>\n\t\t<\/section>\n\t\t\t\t<\/div>","protected":false},"excerpt":{"rendered":"<p>Limpieza y desinfecci\u00f3n en un solo paso con los detergentes desinfectantes para empresas en Sabadell\u00a0 Los detergentes desinfectantes para empresas en Sabadell son una soluci\u00f3n esencial para mantener espacios limpios y seguros en sectores donde la higiene es cr\u00edtica. Estos productos combinan la capacidad de limpieza con la acci\u00f3n desinfectante, permitiendo eliminar suciedad y reducir&hellip;&nbsp;<a href=\"https:\/\/dermo.com\/pt\/detergentes-desinfectantes-para-empresas-en-sabadell\/\" rel=\"bookmark\">Ler mais \u00bb<span class=\"screen-reader-text\">Detergentes desinfectantes para empresas en Sabadell<\/span><\/a><\/p>","protected":false},"author":2,"featured_media":0,"parent":0,"menu_order":0,"comment_status":"closed","ping_status":"closed","template":"page-templates\/template-pagebuilder-full-width.php","meta":{"neve_meta_sidebar":"","neve_meta_container":"","neve_meta_enable_content_width":"","neve_meta_content_width":0,"neve_meta_title_alignment":"","neve_meta_author_avatar":"","neve_post_elements_order":"","neve_meta_disable_header":"","neve_meta_disable_footer":"","neve_meta_disable_title":"","footnotes":""},"class_list":["post-14599","page","type-page","status-publish","hentry"],"yoast_head":"<!-- This site is optimized with the Yoast SEO plugin v27.0 - https:\/\/yoast.com\/product\/yoast-seo-wordpress\/ -->\n<title>Detergentes desinfectantes para empresas en Sabadell<\/title>\n<meta name=\"description\" content=\"Descubre los detergentes desinfectantes para empresas en Sabadell con soluciones profesionales, eficaces y adaptadas a empresas.\" \/>\n<meta name=\"robots\" content=\"index, follow, max-snippet:-1, max-image-preview:large, max-video-preview:-1\" \/>\n<link rel=\"canonical\" href=\"https:\/\/dermo.com\/pt\/detergentes-desinfectantes-para-empresas-en-sabadell\/\" \/>\n<meta property=\"og:locale\" content=\"pt_PT\" \/>\n<meta property=\"og:type\" content=\"article\" \/>\n<meta property=\"og:title\" content=\"Detergentes desinfectantes para empresas en Sabadell\" \/>\n<meta property=\"og:description\" content=\"Descubre los detergentes desinfectantes para empresas en Sabadell con soluciones profesionales, eficaces y adaptadas a empresas.\" \/>\n<meta property=\"og:url\" content=\"https:\/\/dermo.com\/pt\/detergentes-desinfectantes-para-empresas-en-sabadell\/\" \/>\n<meta property=\"og:site_name\" content=\"Dermo | F\u00e1brica de detergentes\" \/>\n<meta property=\"article:modified_time\" content=\"2026-04-19T18:59:26+00:00\" \/>\n<meta property=\"og:image\" content=\"https:\/\/dermo.com\/wp-content\/uploads\/2026\/03\/productos-de-limpieza-2-1-1024x640.jpg\" \/>\n<meta name=\"twitter:card\" content=\"summary_large_image\" \/>\n<meta name=\"twitter:label1\" content=\"Tempo estimado de leitura\" \/>\n\t<meta name=\"twitter:data1\" content=\"2 minutos\" \/>\n<script type=\"application\/ld+json\" class=\"yoast-schema-graph\">{\"@context\":\"https:\/\/schema.org\",\"@graph\":[{\"@type\":\"WebPage\",\"@id\":\"https:\/\/dermo.com\/detergentes-desinfectantes-para-empresas-en-sabadell\/\",\"url\":\"https:\/\/dermo.com\/detergentes-desinfectantes-para-empresas-en-sabadell\/\",\"name\":\"Detergentes desinfectantes para empresas en Sabadell\",\"isPartOf\":{\"@id\":\"https:\/\/dermo.com\/#website\"},\"primaryImageOfPage\":{\"@id\":\"https:\/\/dermo.com\/detergentes-desinfectantes-para-empresas-en-sabadell\/#primaryimage\"},\"image\":{\"@id\":\"https:\/\/dermo.com\/detergentes-desinfectantes-para-empresas-en-sabadell\/#primaryimage\"},\"thumbnailUrl\":\"https:\/\/dermo.com\/wp-content\/uploads\/2026\/03\/productos-de-limpieza-2-1-1024x640.jpg\",\"datePublished\":\"2026-04-19T17:22:03+00:00\",\"dateModified\":\"2026-04-19T18:59:26+00:00\",\"description\":\"Descubre los detergentes desinfectantes para empresas en Sabadell con soluciones profesionales, eficaces y adaptadas a empresas.\",\"breadcrumb\":{\"@id\":\"https:\/\/dermo.com\/detergentes-desinfectantes-para-empresas-en-sabadell\/#breadcrumb\"},\"inLanguage\":\"pt-PT\",\"potentialAction\":[{\"@type\":\"ReadAction\",\"target\":[\"https:\/\/dermo.com\/detergentes-desinfectantes-para-empresas-en-sabadell\/\"]}]},{\"@type\":\"ImageObject\",\"inLanguage\":\"pt-PT\",\"@id\":\"https:\/\/dermo.com\/detergentes-desinfectantes-para-empresas-en-sabadell\/#primaryimage\",\"url\":\"https:\/\/dermo.com\/wp-content\/uploads\/2026\/03\/productos-de-limpieza-2-1-1024x640.jpg\",\"contentUrl\":\"https:\/\/dermo.com\/wp-content\/uploads\/2026\/03\/productos-de-limpieza-2-1-1024x640.jpg\"},{\"@type\":\"BreadcrumbList\",\"@id\":\"https:\/\/dermo.com\/detergentes-desinfectantes-para-empresas-en-sabadell\/#breadcrumb\",\"itemListElement\":[{\"@type\":\"ListItem\",\"position\":1,\"name\":\"Portada\",\"item\":\"https:\/\/dermo.com\/\"},{\"@type\":\"ListItem\",\"position\":2,\"name\":\"Detergentes desinfectantes para empresas en Sabadell\"}]},{\"@type\":\"WebSite\",\"@id\":\"https:\/\/dermo.com\/#website\",\"url\":\"https:\/\/dermo.com\/\",\"name\":\"Dermo | F\u00e1brica de detergentes\",\"description\":\"Tecnolog\u00eda avanzada, investigaci\u00f3n y desarrollo, respeto por el medio ambiente, competencia, formaci\u00f3n constante y alto nivel de profesionalidad en nuestro equipo humano, empe\u00f1ado en preservar la calidad de vida, la protecci\u00f3n del entorno natural contin\u00faan motiv\u00e1ndonos para desarrollar en nuestros laboratorios nuevos productos con ingredientes activos altamente biodegradables que hacen posible un desarrollo sostenible.\",\"potentialAction\":[{\"@type\":\"SearchAction\",\"target\":{\"@type\":\"EntryPoint\",\"urlTemplate\":\"https:\/\/dermo.com\/?s={search_term_string}\"},\"query-input\":{\"@type\":\"PropertyValueSpecification\",\"valueRequired\":true,\"valueName\":\"search_term_string\"}}],\"inLanguage\":\"pt-PT\"}]}<\/script>\n<!-- \/ Yoast SEO plugin. -->","yoast_head_json":{"title":"Detergentes desinfectantes para empresas en Sabadell","description":"Descubre los detergentes desinfectantes para empresas en Sabadell con soluciones profesionales, eficaces y adaptadas a empresas.","robots":{"index":"index","follow":"follow","max-snippet":"max-snippet:-1","max-image-preview":"max-image-preview:large","max-video-preview":"max-video-preview:-1"},"canonical":"https:\/\/dermo.com\/pt\/detergentes-desinfectantes-para-empresas-en-sabadell\/","og_locale":"pt_PT","og_type":"article","og_title":"Detergentes desinfectantes para empresas en Sabadell","og_description":"Descubre los detergentes desinfectantes para empresas en Sabadell con soluciones profesionales, eficaces y adaptadas a empresas.","og_url":"https:\/\/dermo.com\/pt\/detergentes-desinfectantes-para-empresas-en-sabadell\/","og_site_name":"Dermo | F\u00e1brica de detergentes","article_modified_time":"2026-04-19T18:59:26+00:00","og_image":[{"url":"https:\/\/dermo.com\/wp-content\/uploads\/2026\/03\/productos-de-limpieza-2-1-1024x640.jpg","type":"","width":"","height":""}],"twitter_card":"summary_large_image","twitter_misc":{"Tempo estimado de leitura":"2 minutos"},"schema":{"@context":"https:\/\/schema.org","@graph":[{"@type":"WebPage","@id":"https:\/\/dermo.com\/detergentes-desinfectantes-para-empresas-en-sabadell\/","url":"https:\/\/dermo.com\/detergentes-desinfectantes-para-empresas-en-sabadell\/","name":"Detergentes desinfectantes para empresas en Sabadell","isPartOf":{"@id":"https:\/\/dermo.com\/#website"},"primaryImageOfPage":{"@id":"https:\/\/dermo.com\/detergentes-desinfectantes-para-empresas-en-sabadell\/#primaryimage"},"image":{"@id":"https:\/\/dermo.com\/detergentes-desinfectantes-para-empresas-en-sabadell\/#primaryimage"},"thumbnailUrl":"https:\/\/dermo.com\/wp-content\/uploads\/2026\/03\/productos-de-limpieza-2-1-1024x640.jpg","datePublished":"2026-04-19T17:22:03+00:00","dateModified":"2026-04-19T18:59:26+00:00","description":"Descubre los detergentes desinfectantes para empresas en Sabadell con soluciones profesionales, eficaces y adaptadas a empresas.","breadcrumb":{"@id":"https:\/\/dermo.com\/detergentes-desinfectantes-para-empresas-en-sabadell\/#breadcrumb"},"inLanguage":"pt-PT","potentialAction":[{"@type":"ReadAction","target":["https:\/\/dermo.com\/detergentes-desinfectantes-para-empresas-en-sabadell\/"]}]},{"@type":"ImageObject","inLanguage":"pt-PT","@id":"https:\/\/dermo.com\/detergentes-desinfectantes-para-empresas-en-sabadell\/#primaryimage","url":"https:\/\/dermo.com\/wp-content\/uploads\/2026\/03\/productos-de-limpieza-2-1-1024x640.jpg","contentUrl":"https:\/\/dermo.com\/wp-content\/uploads\/2026\/03\/productos-de-limpieza-2-1-1024x640.jpg"},{"@type":"BreadcrumbList","@id":"https:\/\/dermo.com\/detergentes-desinfectantes-para-empresas-en-sabadell\/#breadcrumb","itemListElement":[{"@type":"ListItem","position":1,"name":"Portada","item":"https:\/\/dermo.com\/"},{"@type":"ListItem","position":2,"name":"Detergentes desinfectantes para empresas en Sabadell"}]},{"@type":"WebSite","@id":"https:\/\/dermo.com\/#website","url":"https:\/\/dermo.com\/","name":"Dermo | f\u00e1brica de detergentes","description":"A tecnologia avan\u00e7ada, a investiga\u00e7\u00e3o e desenvolvimento, o respeito pelo ambiente, a compet\u00eancia, a forma\u00e7\u00e3o constante e o elevado n\u00edvel de profissionalismo da nossa equipa humana, comprometida com a preserva\u00e7\u00e3o da qualidade de vida, a protec\u00e7\u00e3o do ambiente natural continuam a motivar-nos a desenvolver novos produtos nos nossos laborat\u00f3rios com princ\u00edpios ativos altamente biodegrad\u00e1veis que possibilitam o desenvolvimento sustent\u00e1vel.","potentialAction":[{"@type":"SearchAction","target":{"@type":"EntryPoint","urlTemplate":"https:\/\/dermo.com\/?s={search_term_string}"},"query-input":{"@type":"PropertyValueSpecification","valueRequired":true,"valueName":"search_term_string"}}],"inLanguage":"pt-PT"}]}},"_links":{"self":[{"href":"https:\/\/dermo.com\/pt\/wp-json\/wp\/v2\/pages\/14599","targetHints":{"allow":["GET"]}}],"collection":[{"href":"https:\/\/dermo.com\/pt\/wp-json\/wp\/v2\/pages"}],"about":[{"href":"https:\/\/dermo.com\/pt\/wp-json\/wp\/v2\/types\/page"}],"author":[{"embeddable":true,"href":"https:\/\/dermo.com\/pt\/wp-json\/wp\/v2\/users\/2"}],"replies":[{"embeddable":true,"href":"https:\/\/dermo.com\/pt\/wp-json\/wp\/v2\/comments?post=14599"}],"version-history":[{"count":4,"href":"https:\/\/dermo.com\/pt\/wp-json\/wp\/v2\/pages\/14599\/revisions"}],"predecessor-version":[{"id":14603,"href":"https:\/\/dermo.com\/pt\/wp-json\/wp\/v2\/pages\/14599\/revisions\/14603"}],"wp:attachment":[{"href":"https:\/\/dermo.com\/pt\/wp-json\/wp\/v2\/media?parent=14599"}],"curies":[{"name":"wp","href":"https:\/\/api.w.org\/{rel}","templated":true}]}}