{"id":14651,"date":"2026-04-21T10:34:21","date_gmt":"2026-04-21T08:34:21","guid":{"rendered":"https:\/\/dermo.com\/?page_id=14651"},"modified":"2026-04-21T10:43:02","modified_gmt":"2026-04-21T08:43:02","slug":"productos-de-limpieza-industrial-en-sabadell","status":"publish","type":"page","link":"https:\/\/dermo.com\/pt\/productos-de-limpieza-industrial-en-sabadell\/","title":{"rendered":"Productos de limpieza industrial en Sabadell"},"content":{"rendered":"<div data-elementor-type=\"wp-page\" data-elementor-id=\"14651\" class=\"elementor elementor-14651\" data-elementor-post-type=\"page\">\n\t\t\t\t\t\t<section class=\"elementor-section elementor-top-section elementor-element elementor-element-98a4dec elementor-section-boxed elementor-section-height-default elementor-section-height-default\" data-id=\"98a4dec\" data-element_type=\"section\" data-e-type=\"section\" data-settings=\"{&quot;background_background&quot;:&quot;classic&quot;}\">\n\t\t\t\t\t\t\t<div class=\"elementor-background-overlay\"><\/div>\n\t\t\t\t\t\t\t<div class=\"elementor-container elementor-column-gap-default\">\n\t\t\t\t\t<div class=\"elementor-column elementor-col-100 elementor-top-column elementor-element elementor-element-e1dd055\" data-id=\"e1dd055\" data-element_type=\"column\" data-e-type=\"column\">\n\t\t\t<div class=\"elementor-widget-wrap elementor-element-populated\">\n\t\t\t\t\t\t\t<\/div>\n\t\t<\/div>\n\t\t\t\t\t<\/div>\n\t\t<\/section>\n\t\t\t\t<section class=\"elementor-section elementor-top-section elementor-element elementor-element-2ec8e30 elementor-section-boxed elementor-section-height-default elementor-section-height-default\" data-id=\"2ec8e30\" data-element_type=\"section\" data-e-type=\"section\">\n\t\t\t\t\t\t<div class=\"elementor-container elementor-column-gap-default\">\n\t\t\t\t\t<div class=\"elementor-column elementor-col-100 elementor-top-column elementor-element elementor-element-8c075e9\" data-id=\"8c075e9\" data-element_type=\"column\" data-e-type=\"column\">\n\t\t\t<div class=\"elementor-widget-wrap elementor-element-populated\">\n\t\t\t\t\t\t<section class=\"elementor-section elementor-inner-section elementor-element elementor-element-64bab18 elementor-section-content-middle elementor-section-boxed elementor-section-height-default elementor-section-height-default\" data-id=\"64bab18\" data-element_type=\"section\" data-e-type=\"section\">\n\t\t\t\t\t\t<div class=\"elementor-container elementor-column-gap-default\">\n\t\t\t\t\t<div class=\"elementor-column elementor-col-50 elementor-inner-column elementor-element elementor-element-1517a1f\" data-id=\"1517a1f\" data-element_type=\"column\" data-e-type=\"column\">\n\t\t\t<div class=\"elementor-widget-wrap elementor-element-populated\">\n\t\t\t\t\t\t<div class=\"elementor-element elementor-element-4ecb927 elementor-widget elementor-widget-text-editor\" data-id=\"4ecb927\" data-element_type=\"widget\" data-e-type=\"widget\" data-widget_type=\"text-editor.default\">\n\t\t\t\t<div class=\"elementor-widget-container\">\n\t\t\t\t\t\t\t\t\t<h2 style=\"text-align: left;\">Soluciones profesionales de Productos de limpieza industrial en Sabadell para cada sector<\/h2><p><span style=\"font-weight: 400;\">En Dermo entendemos que la limpieza profesional es un factor clave para garantizar seguridad, eficiencia y buena imagen en cualquier empresa. Por eso, ofrecemos los mejores <\/span><b>Productos de limpieza industrial en Sabadell<\/b><span style=\"font-weight: 400;\">, dise\u00f1ados para cubrir las necesidades reales de cada sector y optimizar los resultados desde el primer uso. Si buscas soluciones eficaces, rentables y adaptadas a tu actividad, est\u00e1s en el lugar adecuado.<\/span><\/p><p><span style=\"font-weight: 400;\">Asimismo, ofrecemos una amplia gama que incluye desengrasantes, desinfectantes, detergentes t\u00e9cnicos y soluciones especializadas para distintas superficies. Esto nos permite adaptarnos completamente a las necesidades de cada cliente.<\/span><\/p><h3 style=\"text-align: left;\">Ventajas de elegir Productos de limpieza industrial en Sabadell de alta calidad<\/h3><p><span style=\"font-weight: 400;\">Apostar por productos de calidad marca una gran diferencia en el d\u00eda a d\u00eda de tu negocio. En Dermo combinamos eficacia, seguridad y sostenibilidad en cada soluci\u00f3n.<\/span><\/p><p><span style=\"font-weight: 400;\">Nuestros productos cumplen con las normativas europeas vigentes, garantizando un uso seguro para los operarios. Adem\u00e1s, trabajamos con formulaciones responsables que ayudan a reducir el impacto ambiental. Por otro lado, la durabilidad y eficacia de nuestros productos permiten optimizar costes, ya que se necesita menos cantidad para obtener resultados superiores. Esto se traduce en ahorro y mayor eficiencia operativa.<\/span><\/p><p><span style=\"font-weight: 400;\">Tambi\u00e9n ofrecemos asesoramiento personalizado, ayud\u00e1ndote a elegir la mejor soluci\u00f3n seg\u00fan tu tipo de actividad, nivel de suciedad y superficies a tratar.<\/span><\/p>\t\t\t\t\t\t\t\t<\/div>\n\t\t\t\t<\/div>\n\t\t\t\t\t<\/div>\n\t\t<\/div>\n\t\t\t\t<div class=\"elementor-column elementor-col-50 elementor-inner-column elementor-element elementor-element-f924105 elementor-invisible\" data-id=\"f924105\" data-element_type=\"column\" data-e-type=\"column\" data-settings=\"{&quot;animation&quot;:&quot;bounceInRight&quot;}\">\n\t\t\t<div class=\"elementor-widget-wrap elementor-element-populated\">\n\t\t\t\t\t\t<div class=\"elementor-element elementor-element-35a13b7 elementor-widget elementor-widget-elementskit-contact-form7\" data-id=\"35a13b7\" data-element_type=\"widget\" data-e-type=\"widget\" data-widget_type=\"elementskit-contact-form7.default\">\n\t\t\t\t<div class=\"elementor-widget-container\">\n\t\t\t\t\t<div class=\"ekit-wid-con\" ><div class=\"ekit-form\">\n<div class=\"wpcf7 no-js\" id=\"wpcf7-f13292-p14651-o1\" lang=\"es-ES\" dir=\"ltr\" data-wpcf7-id=\"13292\">\n<div class=\"screen-reader-response\"><p role=\"status\" aria-live=\"polite\" aria-atomic=\"true\"><\/p> <ul><\/ul><\/div>\n<form action=\"\/pt\/productos-de-limpieza-industrial-en-sabadell\/#wpcf7-f13292-p14651-o1\" method=\"post\" class=\"wpcf7-form init\" aria-label=\"Formulario de contacto\" novalidate=\"novalidate\" data-status=\"init\" data-no-translation-aria-label=\"\" data-trp-original-action=\"\/pt\/productos-de-limpieza-industrial-en-sabadell\/#wpcf7-f13292-p14651-o1\">\n<fieldset class=\"hidden-fields-container\"><input type=\"hidden\" name=\"_wpcf7\" value=\"13292\" \/><input type=\"hidden\" name=\"_wpcf7_version\" value=\"6.1.5\" \/><input type=\"hidden\" name=\"_wpcf7_locale\" value=\"es_ES\" \/><input type=\"hidden\" name=\"_wpcf7_unit_tag\" value=\"wpcf7-f13292-p14651-o1\" \/><input type=\"hidden\" name=\"_wpcf7_container_post\" value=\"14651\" \/><input type=\"hidden\" name=\"_wpcf7_posted_data_hash\" value=\"\" \/><input type=\"hidden\" name=\"_wpcf7_recaptcha_response\" value=\"\" \/>\n<\/fieldset>\n<div style=\"display: flex; gap: 10px;\">\n\t<div style=\"width: 50%;\">\n\t\t<p><span class=\"wpcf7-form-control-wrap\" data-name=\"your-name\"><input size=\"40\" maxlength=\"400\" class=\"wpcf7-form-control wpcf7-text wpcf7-validates-as-required\" aria-required=\"true\" aria-invalid=\"false\" placeholder=\"Nome\" value=\"\" type=\"text\" name=\"your-name\" \/><\/span>\n\t\t<\/p>\n\t<\/div>\n\t<div style=\"width: 50%;\">\n\t\t<p><span class=\"wpcf7-form-control-wrap\" data-name=\"your-phone\"><input size=\"40\" maxlength=\"400\" class=\"wpcf7-form-control wpcf7-tel wpcf7-validates-as-required wpcf7-text wpcf7-validates-as-tel\" aria-required=\"true\" aria-invalid=\"false\" placeholder=\"Telefone\" value=\"\" type=\"tel\" name=\"your-phone\" \/><\/span>\n\t\t<\/p>\n\t<\/div>\n<\/div>\n<p><span class=\"wpcf7-form-control-wrap\" data-name=\"your-email\"><input size=\"40\" maxlength=\"400\" class=\"wpcf7-form-control wpcf7-email wpcf7-validates-as-required wpcf7-text wpcf7-validates-as-email\" aria-required=\"true\" aria-invalid=\"false\" placeholder=\"E-mail\" value=\"\" type=\"email\" name=\"your-email\" \/><\/span>\n<\/p>\n<div style=\"display: flex; gap: 10px;\">\n\t<div style=\"width: 50%;\">\n\t\t<p><span class=\"wpcf7-form-control-wrap\" data-name=\"your-country\"><input size=\"40\" maxlength=\"400\" class=\"wpcf7-form-control wpcf7-text wpcf7-validates-as-required\" aria-required=\"true\" aria-invalid=\"false\" placeholder=\"Pa\u00eds\" value=\"\" type=\"text\" name=\"your-country\" \/><\/span>\n\t\t<\/p>\n\t<\/div>\n\t<div style=\"width: 50%;\">\n\t\t<p><span class=\"wpcf7-form-control-wrap\" data-name=\"your-city\"><input size=\"40\" maxlength=\"400\" class=\"wpcf7-form-control wpcf7-text wpcf7-validates-as-required\" aria-required=\"true\" aria-invalid=\"false\" placeholder=\"Popula\u00e7\u00e3o\" value=\"\" type=\"text\" name=\"your-city\" \/><\/span>\n\t\t<\/p>\n\t<\/div>\n<\/div>\n<p><span class=\"wpcf7-form-control-wrap\" data-name=\"your-subject\"><select class=\"wpcf7-form-control wpcf7-select\" aria-invalid=\"false\" name=\"your-subject\"><option value=\"Quiero ser distribuidor\">Quero ser um distribuidor<\/option><option value=\"Presupuesto\">Or\u00e7amento<\/option><option value=\"Consulta\">Consulta<\/option><option value=\"Sugerencia\">Sugest\u00e3o<\/option><option value=\"Otros\">Outros<\/option><\/select><\/span>\n<\/p>\n<p><span class=\"wpcf7-form-control-wrap\" data-name=\"your-message\"><textarea cols=\"40\" rows=\"10\" maxlength=\"2000\" class=\"wpcf7-form-control wpcf7-textarea\" aria-invalid=\"false\" placeholder=\"Mensagem ou consulta\" name=\"your-message\"><\/textarea><\/span>\n<\/p>\n<div style=\"display: flex; align-items: center; gap: 10px;\">\n\t<p><span class=\"wpcf7-form-control-wrap\" data-name=\"privacy-policy\"><span class=\"wpcf7-form-control wpcf7-acceptance\"><span class=\"wpcf7-list-item\"><input type=\"checkbox\" name=\"privacy-policy\" value=\"1\" aria-invalid=\"false\" \/><\/span><\/span><\/span><label for=\"privacy-policy\" style=\"margin-left: 5px;\">Li e aceito a pol\u00edtica de privacidade.<\/label>\n\t<\/p>\n<\/div>\n<div style=\"display: flex; align-items: center; gap: 10px;\">\n\t<p><span class=\"wpcf7-form-control-wrap\" data-name=\"send-info\"><span class=\"wpcf7-form-control wpcf7-acceptance\"><span class=\"wpcf7-list-item\"><input type=\"checkbox\" name=\"send-info\" value=\"1\" aria-invalid=\"false\" \/><\/span><\/span><\/span><label for=\"send-info\" style=\"margin-left: 5px;\">Concordo em receber informa\u00e7\u00f5es.<\/label>\n\t<\/p>\n<\/div>\n<p><input class=\"wpcf7-form-control wpcf7-submit has-spinner\" type=\"submit\" value=\"Enviar\" \/>\n<\/p><div class=\"wpcf7-response-output\" aria-hidden=\"true\"><\/div>\n<input type=\"hidden\" name=\"trp-form-language\" value=\"pt\"\/><\/form>\n<\/div>\n<\/div><\/div>\t\t\t\t<\/div>\n\t\t\t\t<\/div>\n\t\t\t\t\t<\/div>\n\t\t<\/div>\n\t\t\t\t\t<\/div>\n\t\t<\/section>\n\t\t\t\t<div class=\"elementor-element elementor-element-06571a4 elementor-widget elementor-widget-image\" data-id=\"06571a4\" data-element_type=\"widget\" data-e-type=\"widget\" data-widget_type=\"image.default\">\n\t\t\t\t<div class=\"elementor-widget-container\">\n\t\t\t\t\t\t\t\t\t\t\t\t\t\t\t<img fetchpriority=\"high\" decoding=\"async\" width=\"1024\" height=\"640\" src=\"https:\/\/dermo.com\/wp-content\/uploads\/2026\/03\/productos-de-limpieza-3-1024x640.jpg\" class=\"attachment-large size-large wp-image-14509\" alt=\"produtos de limpeza\" srcset=\"https:\/\/dermo.com\/wp-content\/uploads\/2026\/03\/productos-de-limpieza-3-1024x640.jpg 1024w, https:\/\/dermo.com\/wp-content\/uploads\/2026\/03\/productos-de-limpieza-3-300x188.jpg 300w, https:\/\/dermo.com\/wp-content\/uploads\/2026\/03\/productos-de-limpieza-3-768x480.jpg 768w, https:\/\/dermo.com\/wp-content\/uploads\/2026\/03\/productos-de-limpieza-3-18x12.jpg 18w, https:\/\/dermo.com\/wp-content\/uploads\/2026\/03\/productos-de-limpieza-3-600x375.jpg 600w, https:\/\/dermo.com\/wp-content\/uploads\/2026\/03\/productos-de-limpieza-3.jpg 1200w\" sizes=\"(max-width: 1024px) 100vw, 1024px\" \/>\t\t\t\t\t\t\t\t\t\t\t\t\t\t\t<\/div>\n\t\t\t\t<\/div>\n\t\t\t\t<div class=\"elementor-element elementor-element-29d4788 elementor-widget elementor-widget-text-editor\" data-id=\"29d4788\" data-element_type=\"widget\" data-e-type=\"widget\" data-widget_type=\"text-editor.default\">\n\t\t\t\t<div class=\"elementor-widget-container\">\n\t\t\t\t\t\t\t\t\t<h2 style=\"text-align: left;\">Compra Productos de limpieza industrial en Sabadell con asesoramiento experto<\/h2><p><span style=\"font-weight: 400;\">En Dermo no solo suministramos productos, sino soluciones completas para mejorar tus procesos de limpieza. Nuestro equipo te acompa\u00f1a en todo momento para garantizar que obtengas el m\u00e1ximo rendimiento.<\/span><\/p><p><span style=\"font-weight: 400;\">Contamos con servicio cercano en Sabadell, entrega r\u00e1pida y disponibilidad constante, asegurando que tu negocio nunca se detenga por falta de suministro.<\/span><\/p><p><span style=\"font-weight: 400;\">Si buscas calidad, confianza y resultados profesionales, nuestros <\/span><b>Productos de limpieza industrial en Sabadell<\/b><span style=\"font-weight: 400;\"> son la mejor opci\u00f3n para tu empresa.Optimiza la limpieza de tu negocio hoy mismo. Contacta con Dermo y descubre c\u00f3mo nuestros productos pueden ayudarte a mejorar la eficiencia y los resultados desde el primer d\u00eda.<\/span><\/p>\t\t\t\t\t\t\t\t<\/div>\n\t\t\t\t<\/div>\n\t\t\t\t<div class=\"elementor-element elementor-element-e02489f elementor-widget elementor-widget-button\" data-id=\"e02489f\" data-element_type=\"widget\" data-e-type=\"widget\" data-widget_type=\"button.default\">\n\t\t\t\t<div class=\"elementor-widget-container\">\n\t\t\t\t\t\t\t\t\t<div class=\"elementor-button-wrapper\">\n\t\t\t\t\t<a class=\"elementor-button elementor-button-link elementor-size-sm\" href=\"\/pt\/contato\/\">\n\t\t\t\t\t\t<span class=\"elementor-button-content-wrapper\">\n\t\t\t\t\t\t\t\t\t<span class=\"elementor-button-text\">Contate-nos<\/span>\n\t\t\t\t\t<\/span>\n\t\t\t\t\t<\/a>\n\t\t\t\t<\/div>\n\t\t\t\t\t\t\t\t<\/div>\n\t\t\t\t<\/div>\n\t\t\t\t\t<\/div>\n\t\t<\/div>\n\t\t\t\t\t<\/div>\n\t\t<\/section>\n\t\t\t\t<section class=\"elementor-section elementor-top-section elementor-element elementor-element-095470b elementor-section-full_width elementor-section-height-default elementor-section-height-default elementor-invisible\" data-id=\"095470b\" data-element_type=\"section\" data-e-type=\"section\" data-settings=\"{&quot;animation&quot;:&quot;slideInUp&quot;}\">\n\t\t\t\t\t\t<div class=\"elementor-container elementor-column-gap-default\">\n\t\t\t\t\t<div class=\"elementor-column elementor-col-100 elementor-top-column elementor-element elementor-element-4c6a34f\" data-id=\"4c6a34f\" data-element_type=\"column\" data-e-type=\"column\">\n\t\t\t<div class=\"elementor-widget-wrap elementor-element-populated\">\n\t\t\t\t\t\t<div class=\"elementor-element elementor-element-7f4c627 elementor-widget elementor-widget-google_maps\" data-id=\"7f4c627\" data-element_type=\"widget\" data-e-type=\"widget\" data-widget_type=\"google_maps.default\">\n\t\t\t\t<div class=\"elementor-widget-container\">\n\t\t\t\t\t\t\t<div class=\"elementor-custom-embed\">\n\t\t\t<iframe loading=\"lazy\"\n\t\t\t\t\tsrc=\"https:\/\/maps.google.com\/maps?q=C%2F%20Pintor%20Joan%20Miro%2C%2016.%20Pol.%20Ind.%20Can%20Humet%20de%20Dalt%2C%2008213%20Poliny%C3%A0.%20Barcelona&#038;t=m&#038;z=15&#038;output=embed&#038;iwloc=near\"\n\t\t\t\t\ttitle=\"C\/ Pintor Joan Miro, 16. Pol. Ind. Can Humet de Dalt, 08213 Poliny\u00e0. Barcelona\"\n\t\t\t\t\taria-label=\"C\/ Pintor Joan Miro, 16. Pol. Ind. Can Humet de Dalt, 08213 Poliny\u00e0. Barcelona\"\n\t\t\t><\/iframe>\n\t\t<\/div>\n\t\t\t\t\t\t<\/div>\n\t\t\t\t<\/div>\n\t\t\t\t\t<\/div>\n\t\t<\/div>\n\t\t\t\t\t<\/div>\n\t\t<\/section>\n\t\t\t\t<\/div>","protected":false},"excerpt":{"rendered":"<p>Soluciones profesionales de Productos de limpieza industrial en Sabadell para cada sector En Dermo entendemos que la limpieza profesional es un factor clave para garantizar seguridad, eficiencia y buena imagen en cualquier empresa. Por eso, ofrecemos los mejores Productos de limpieza industrial en Sabadell, dise\u00f1ados para cubrir las necesidades reales de cada sector y optimizar&hellip;&nbsp;<a href=\"https:\/\/dermo.com\/pt\/productos-de-limpieza-industrial-en-sabadell\/\" rel=\"bookmark\">Ler mais \u00bb<span class=\"screen-reader-text\">Productos de limpieza industrial en Sabadell<\/span><\/a><\/p>","protected":false},"author":2,"featured_media":0,"parent":0,"menu_order":0,"comment_status":"closed","ping_status":"closed","template":"page-templates\/template-pagebuilder-full-width.php","meta":{"neve_meta_sidebar":"","neve_meta_container":"","neve_meta_enable_content_width":"","neve_meta_content_width":0,"neve_meta_title_alignment":"","neve_meta_author_avatar":"","neve_post_elements_order":"","neve_meta_disable_header":"","neve_meta_disable_footer":"","neve_meta_disable_title":"","footnotes":""},"class_list":["post-14651","page","type-page","status-publish","hentry"],"yoast_head":"<!-- This site is optimized with the Yoast SEO plugin v27.0 - https:\/\/yoast.com\/product\/yoast-seo-wordpress\/ -->\n<title>Productos de limpieza industrial en Sabadell | Dermo<\/title>\n<meta name=\"description\" content=\"Compra productos de limpieza industrial en Sabadell de alta calidad. En Dermo ofrecemos soluciones eficaces, seguras y adaptadas a cada sector.\" \/>\n<meta name=\"robots\" content=\"index, follow, max-snippet:-1, max-image-preview:large, max-video-preview:-1\" \/>\n<link rel=\"canonical\" href=\"https:\/\/dermo.com\/pt\/productos-de-limpieza-industrial-en-sabadell\/\" \/>\n<meta property=\"og:locale\" content=\"pt_PT\" \/>\n<meta property=\"og:type\" content=\"article\" \/>\n<meta property=\"og:title\" content=\"Productos de limpieza industrial en Sabadell | Dermo\" \/>\n<meta property=\"og:description\" content=\"Compra productos de limpieza industrial en Sabadell de alta calidad. En Dermo ofrecemos soluciones eficaces, seguras y adaptadas a cada sector.\" \/>\n<meta property=\"og:url\" content=\"https:\/\/dermo.com\/pt\/productos-de-limpieza-industrial-en-sabadell\/\" \/>\n<meta property=\"og:site_name\" content=\"Dermo | F\u00e1brica de detergentes\" \/>\n<meta property=\"article:modified_time\" content=\"2026-04-21T08:43:02+00:00\" \/>\n<meta property=\"og:image\" content=\"https:\/\/dermo.com\/wp-content\/uploads\/2026\/03\/productos-de-limpieza-3-1024x640.jpg\" \/>\n<meta name=\"twitter:card\" content=\"summary_large_image\" \/>\n<meta name=\"twitter:label1\" content=\"Tempo estimado de leitura\" \/>\n\t<meta name=\"twitter:data1\" content=\"2 minutos\" \/>\n<script type=\"application\/ld+json\" class=\"yoast-schema-graph\">{\"@context\":\"https:\/\/schema.org\",\"@graph\":[{\"@type\":\"WebPage\",\"@id\":\"https:\/\/dermo.com\/productos-de-limpieza-industrial-en-sabadell\/\",\"url\":\"https:\/\/dermo.com\/productos-de-limpieza-industrial-en-sabadell\/\",\"name\":\"Productos de limpieza industrial en Sabadell | Dermo\",\"isPartOf\":{\"@id\":\"https:\/\/dermo.com\/#website\"},\"primaryImageOfPage\":{\"@id\":\"https:\/\/dermo.com\/productos-de-limpieza-industrial-en-sabadell\/#primaryimage\"},\"image\":{\"@id\":\"https:\/\/dermo.com\/productos-de-limpieza-industrial-en-sabadell\/#primaryimage\"},\"thumbnailUrl\":\"https:\/\/dermo.com\/wp-content\/uploads\/2026\/03\/productos-de-limpieza-3-1024x640.jpg\",\"datePublished\":\"2026-04-21T08:34:21+00:00\",\"dateModified\":\"2026-04-21T08:43:02+00:00\",\"description\":\"Compra productos de limpieza industrial en Sabadell de alta calidad. En Dermo ofrecemos soluciones eficaces, seguras y adaptadas a cada sector.\",\"breadcrumb\":{\"@id\":\"https:\/\/dermo.com\/productos-de-limpieza-industrial-en-sabadell\/#breadcrumb\"},\"inLanguage\":\"pt-PT\",\"potentialAction\":[{\"@type\":\"ReadAction\",\"target\":[\"https:\/\/dermo.com\/productos-de-limpieza-industrial-en-sabadell\/\"]}]},{\"@type\":\"ImageObject\",\"inLanguage\":\"pt-PT\",\"@id\":\"https:\/\/dermo.com\/productos-de-limpieza-industrial-en-sabadell\/#primaryimage\",\"url\":\"https:\/\/dermo.com\/wp-content\/uploads\/2026\/03\/productos-de-limpieza-3-1024x640.jpg\",\"contentUrl\":\"https:\/\/dermo.com\/wp-content\/uploads\/2026\/03\/productos-de-limpieza-3-1024x640.jpg\"},{\"@type\":\"BreadcrumbList\",\"@id\":\"https:\/\/dermo.com\/productos-de-limpieza-industrial-en-sabadell\/#breadcrumb\",\"itemListElement\":[{\"@type\":\"ListItem\",\"position\":1,\"name\":\"Portada\",\"item\":\"https:\/\/dermo.com\/\"},{\"@type\":\"ListItem\",\"position\":2,\"name\":\"Productos de limpieza industrial en Sabadell\"}]},{\"@type\":\"WebSite\",\"@id\":\"https:\/\/dermo.com\/#website\",\"url\":\"https:\/\/dermo.com\/\",\"name\":\"Dermo | F\u00e1brica de detergentes\",\"description\":\"Tecnolog\u00eda avanzada, investigaci\u00f3n y desarrollo, respeto por el medio ambiente, competencia, formaci\u00f3n constante y alto nivel de profesionalidad en nuestro equipo humano, empe\u00f1ado en preservar la calidad de vida, la protecci\u00f3n del entorno natural contin\u00faan motiv\u00e1ndonos para desarrollar en nuestros laboratorios nuevos productos con ingredientes activos altamente biodegradables que hacen posible un desarrollo sostenible.\",\"potentialAction\":[{\"@type\":\"SearchAction\",\"target\":{\"@type\":\"EntryPoint\",\"urlTemplate\":\"https:\/\/dermo.com\/?s={search_term_string}\"},\"query-input\":{\"@type\":\"PropertyValueSpecification\",\"valueRequired\":true,\"valueName\":\"search_term_string\"}}],\"inLanguage\":\"pt-PT\"}]}<\/script>\n<!-- \/ Yoast SEO plugin. -->","yoast_head_json":{"title":"Productos de limpieza industrial en Sabadell | Dermo","description":"Compra productos de limpieza industrial en Sabadell de alta calidad. En Dermo ofrecemos soluciones eficaces, seguras y adaptadas a cada sector.","robots":{"index":"index","follow":"follow","max-snippet":"max-snippet:-1","max-image-preview":"max-image-preview:large","max-video-preview":"max-video-preview:-1"},"canonical":"https:\/\/dermo.com\/pt\/productos-de-limpieza-industrial-en-sabadell\/","og_locale":"pt_PT","og_type":"article","og_title":"Productos de limpieza industrial en Sabadell | Dermo","og_description":"Compra productos de limpieza industrial en Sabadell de alta calidad. En Dermo ofrecemos soluciones eficaces, seguras y adaptadas a cada sector.","og_url":"https:\/\/dermo.com\/pt\/productos-de-limpieza-industrial-en-sabadell\/","og_site_name":"Dermo | F\u00e1brica de detergentes","article_modified_time":"2026-04-21T08:43:02+00:00","og_image":[{"url":"https:\/\/dermo.com\/wp-content\/uploads\/2026\/03\/productos-de-limpieza-3-1024x640.jpg","type":"","width":"","height":""}],"twitter_card":"summary_large_image","twitter_misc":{"Tempo estimado de leitura":"2 minutos"},"schema":{"@context":"https:\/\/schema.org","@graph":[{"@type":"WebPage","@id":"https:\/\/dermo.com\/productos-de-limpieza-industrial-en-sabadell\/","url":"https:\/\/dermo.com\/productos-de-limpieza-industrial-en-sabadell\/","name":"Productos de limpieza industrial en Sabadell | Dermo","isPartOf":{"@id":"https:\/\/dermo.com\/#website"},"primaryImageOfPage":{"@id":"https:\/\/dermo.com\/productos-de-limpieza-industrial-en-sabadell\/#primaryimage"},"image":{"@id":"https:\/\/dermo.com\/productos-de-limpieza-industrial-en-sabadell\/#primaryimage"},"thumbnailUrl":"https:\/\/dermo.com\/wp-content\/uploads\/2026\/03\/productos-de-limpieza-3-1024x640.jpg","datePublished":"2026-04-21T08:34:21+00:00","dateModified":"2026-04-21T08:43:02+00:00","description":"Compra productos de limpieza industrial en Sabadell de alta calidad. En Dermo ofrecemos soluciones eficaces, seguras y adaptadas a cada sector.","breadcrumb":{"@id":"https:\/\/dermo.com\/productos-de-limpieza-industrial-en-sabadell\/#breadcrumb"},"inLanguage":"pt-PT","potentialAction":[{"@type":"ReadAction","target":["https:\/\/dermo.com\/productos-de-limpieza-industrial-en-sabadell\/"]}]},{"@type":"ImageObject","inLanguage":"pt-PT","@id":"https:\/\/dermo.com\/productos-de-limpieza-industrial-en-sabadell\/#primaryimage","url":"https:\/\/dermo.com\/wp-content\/uploads\/2026\/03\/productos-de-limpieza-3-1024x640.jpg","contentUrl":"https:\/\/dermo.com\/wp-content\/uploads\/2026\/03\/productos-de-limpieza-3-1024x640.jpg"},{"@type":"BreadcrumbList","@id":"https:\/\/dermo.com\/productos-de-limpieza-industrial-en-sabadell\/#breadcrumb","itemListElement":[{"@type":"ListItem","position":1,"name":"Portada","item":"https:\/\/dermo.com\/"},{"@type":"ListItem","position":2,"name":"Productos de limpieza industrial en Sabadell"}]},{"@type":"WebSite","@id":"https:\/\/dermo.com\/#website","url":"https:\/\/dermo.com\/","name":"Dermo | f\u00e1brica de detergentes","description":"A tecnologia avan\u00e7ada, a investiga\u00e7\u00e3o e desenvolvimento, o respeito pelo ambiente, a compet\u00eancia, a forma\u00e7\u00e3o constante e o elevado n\u00edvel de profissionalismo da nossa equipa humana, comprometida com a preserva\u00e7\u00e3o da qualidade de vida, a protec\u00e7\u00e3o do ambiente natural continuam a motivar-nos a desenvolver novos produtos nos nossos laborat\u00f3rios com princ\u00edpios ativos altamente biodegrad\u00e1veis que possibilitam o desenvolvimento sustent\u00e1vel.","potentialAction":[{"@type":"SearchAction","target":{"@type":"EntryPoint","urlTemplate":"https:\/\/dermo.com\/?s={search_term_string}"},"query-input":{"@type":"PropertyValueSpecification","valueRequired":true,"valueName":"search_term_string"}}],"inLanguage":"pt-PT"}]}},"_links":{"self":[{"href":"https:\/\/dermo.com\/pt\/wp-json\/wp\/v2\/pages\/14651","targetHints":{"allow":["GET"]}}],"collection":[{"href":"https:\/\/dermo.com\/pt\/wp-json\/wp\/v2\/pages"}],"about":[{"href":"https:\/\/dermo.com\/pt\/wp-json\/wp\/v2\/types\/page"}],"author":[{"embeddable":true,"href":"https:\/\/dermo.com\/pt\/wp-json\/wp\/v2\/users\/2"}],"replies":[{"embeddable":true,"href":"https:\/\/dermo.com\/pt\/wp-json\/wp\/v2\/comments?post=14651"}],"version-history":[{"count":7,"href":"https:\/\/dermo.com\/pt\/wp-json\/wp\/v2\/pages\/14651\/revisions"}],"predecessor-version":[{"id":14658,"href":"https:\/\/dermo.com\/pt\/wp-json\/wp\/v2\/pages\/14651\/revisions\/14658"}],"wp:attachment":[{"href":"https:\/\/dermo.com\/pt\/wp-json\/wp\/v2\/media?parent=14651"}],"curies":[{"name":"wp","href":"https:\/\/api.w.org\/{rel}","templated":true}]}}