{"id":11241,"date":"2024-09-05T09:40:51","date_gmt":"2024-09-05T07:40:51","guid":{"rendered":"https:\/\/dermo.com\/?post_type=product&#038;p=11241"},"modified":"2024-11-21T09:23:15","modified_gmt":"2024-11-21T08:23:15","slug":"b10-one-shot-750ml","status":"publish","type":"product","link":"https:\/\/dermo.com\/pt\/catalogo\/b10-one-shot-750ml\/","title":{"rendered":"B10 ONE SHOT 750ML"},"content":{"rendered":"<p><strong>MODO DE EMPREGO:<\/strong><br \/>\n1. Despeje 30 ml de B10 ONE SHOT PURE no frasco de 750 ml.<br \/>\n2. Completar com \u00e1gua e utilizar conforme recomenda\u00e7\u00e3o do r\u00f3tulo do produto dilu\u00eddo.<\/p>\n<p><strong>CARACTER\u00cdSTICAS T\u00c9CNICAS:<\/strong><br \/>\nApar\u00eancia: L\u00edquido transparente<br \/>\nCor: Rosa<br \/>\nCheiro: C\u00edtrico<br \/>\npH: 2,5-3 (pH 10%)<br \/>\nDensidade: 1,15-1,16 g\/cc<\/p>\n<p><strong>PRESENTA\u00c7\u00c3O:<\/strong><br \/>\nFrascos medidores de 750 ml.<\/p>\n<table>\n<tbody>\n<tr>\n<td>FORMATO<\/td>\n<td>750ml<\/td>\n<\/tr>\n<tr>\n<td>C\u00d3DIGO<\/td>\n<td>CONB1001<\/td>\n<\/tr>\n<\/tbody>\n<\/table>","protected":false},"excerpt":{"rendered":"<p>O limpador de banheiro B10 ONE SHOT proporciona limpeza e desinfec\u00e7\u00e3o eficazes para seu banheiro. Sua f\u00f3rmula remove efetivamente manchas, res\u00edduos de sab\u00e3o e bact\u00e9rias, deixando as superf\u00edcies limpas e frescas.<\/p>\n<table>\n<tbody>\n<tr>\n<td style=\"width: 100%;\">\n<div class=\"video-section\">\n<p class=\"Estndar\"><span lang=\"es\" xml:lang=\"es\"><strong>V\u00eddeos de aplica\u00e7\u00e3o One Shot:<\/strong><\/span><\/p>\n<details>\n<summary>V\u00eddeo de Aplica\u00e7\u00e3o \u2013 Espanhol<\/summary>\n<p><iframe src=\"https:\/\/www.youtube.com\/embed\/-JVur_frio8\"><span data-mce-type=\"bookmark\" style=\"display: inline-block; width: 0px; overflow: hidden; line-height: 0;\" class=\"mce_SELRES_start\"><span data-mce-type=\"bookmark\" style=\"display: inline-block; width: 0px; overflow: hidden; line-height: 0;\" class=\"mce_SELRES_start\"><\/span><\/span><span data-mce-type=\"bookmark\" style=\"display: inline-block; width: 0px; overflow: hidden; line-height: 0;\" class=\"mce_SELRES_start\"><\/span><\/iframe><\/p>\n<\/details>\n<\/div>\n<\/td>\n<\/tr>\n<\/tbody>\n<\/table>","protected":false},"featured_media":11411,"template":"","meta":{"neve_meta_sidebar":"","neve_meta_container":"","neve_meta_enable_content_width":"off","neve_meta_content_width":100,"neve_meta_title_alignment":"","neve_meta_author_avatar":"","neve_post_elements_order":"","neve_meta_disable_header":"","neve_meta_disable_footer":"","neve_meta_disable_title":""},"product_brand":[],"product_cat":[1093],"product_tag":[],"class_list":{"0":"post-11241","1":"product","2":"type-product","3":"status-publish","4":"has-post-thumbnail","6":"product_cat-ultra-concentrados","8":"first","9":"instock","10":"shipping-taxable","11":"product-type-simple"},"yoast_head":"<!-- This site is optimized with the Yoast SEO plugin v27.0 - https:\/\/yoast.com\/product\/yoast-seo-wordpress\/ -->\n<title>B10 ONE SHOT 750ML - Dermo | F\u00e1brica de detergentes<\/title>\n<meta name=\"robots\" content=\"index, follow, max-snippet:-1, max-image-preview:large, max-video-preview:-1\" \/>\n<link rel=\"canonical\" href=\"https:\/\/dermo.com\/pt\/catalogo\/b10-one-shot-750ml\/\" \/>\n<meta property=\"og:locale\" content=\"pt_PT\" \/>\n<meta property=\"og:type\" content=\"article\" \/>\n<meta property=\"og:title\" content=\"B10 ONE SHOT 750ML - Dermo | F\u00e1brica de detergentes\" \/>\n<meta property=\"og:description\" content=\"El limpiador de ba\u00f1os B10 ONE SHOT proporciona una limpieza efectiva y desinfecci\u00f3n para tu ba\u00f1o. Su f\u00f3rmula elimina eficazmente manchas, restos de jab\u00f3n y bacterias, dejando las superficies limpias y frescas.      V\u00eddeos de aplicaci\u00f3n One Shot:  V\u00eddeo de Aplicaci\u00f3n - Espa\u00f1ol\ufeff\ufeff\ufeff\" \/>\n<meta property=\"og:url\" content=\"https:\/\/dermo.com\/pt\/catalogo\/b10-one-shot-750ml\/\" \/>\n<meta property=\"og:site_name\" content=\"Dermo | F\u00e1brica de detergentes\" \/>\n<meta property=\"article:modified_time\" content=\"2024-11-21T08:23:15+00:00\" \/>\n<meta property=\"og:image\" content=\"https:\/\/dermo.com\/wp-content\/uploads\/2024\/09\/B10-ONE-SHOT-750ML-2.jpg\" \/>\n\t<meta property=\"og:image:width\" content=\"768\" \/>\n\t<meta property=\"og:image:height\" content=\"823\" \/>\n\t<meta property=\"og:image:type\" content=\"image\/jpeg\" \/>\n<meta name=\"twitter:card\" content=\"summary_large_image\" \/>\n<meta name=\"twitter:label1\" content=\"Tempo estimado de leitura\" \/>\n\t<meta name=\"twitter:data1\" content=\"1 minuto\" \/>\n<script type=\"application\/ld+json\" class=\"yoast-schema-graph\">{\"@context\":\"https:\/\/schema.org\",\"@graph\":[{\"@type\":\"WebPage\",\"@id\":\"https:\/\/dermo.com\/catalogo\/b10-one-shot-750ml\/\",\"url\":\"https:\/\/dermo.com\/catalogo\/b10-one-shot-750ml\/\",\"name\":\"B10 ONE SHOT 750ML - Dermo | F\u00e1brica de detergentes\",\"isPartOf\":{\"@id\":\"https:\/\/dermo.com\/#website\"},\"primaryImageOfPage\":{\"@id\":\"https:\/\/dermo.com\/catalogo\/b10-one-shot-750ml\/#primaryimage\"},\"image\":{\"@id\":\"https:\/\/dermo.com\/catalogo\/b10-one-shot-750ml\/#primaryimage\"},\"thumbnailUrl\":\"https:\/\/dermo.com\/wp-content\/uploads\/2024\/09\/B10-ONE-SHOT-750ML-2.jpg\",\"datePublished\":\"2024-09-05T07:40:51+00:00\",\"dateModified\":\"2024-11-21T08:23:15+00:00\",\"breadcrumb\":{\"@id\":\"https:\/\/dermo.com\/catalogo\/b10-one-shot-750ml\/#breadcrumb\"},\"inLanguage\":\"pt-PT\",\"potentialAction\":[{\"@type\":\"ReadAction\",\"target\":[\"https:\/\/dermo.com\/catalogo\/b10-one-shot-750ml\/\"]}]},{\"@type\":\"ImageObject\",\"inLanguage\":\"pt-PT\",\"@id\":\"https:\/\/dermo.com\/catalogo\/b10-one-shot-750ml\/#primaryimage\",\"url\":\"https:\/\/dermo.com\/wp-content\/uploads\/2024\/09\/B10-ONE-SHOT-750ML-2.jpg\",\"contentUrl\":\"https:\/\/dermo.com\/wp-content\/uploads\/2024\/09\/B10-ONE-SHOT-750ML-2.jpg\",\"width\":768,\"height\":823},{\"@type\":\"BreadcrumbList\",\"@id\":\"https:\/\/dermo.com\/catalogo\/b10-one-shot-750ml\/#breadcrumb\",\"itemListElement\":[{\"@type\":\"ListItem\",\"position\":1,\"name\":\"Portada\",\"item\":\"https:\/\/dermo.com\/\"},{\"@type\":\"ListItem\",\"position\":2,\"name\":\"Tienda\",\"item\":\"https:\/\/dermo.com\/tienda\/\"},{\"@type\":\"ListItem\",\"position\":3,\"name\":\"B10 ONE SHOT 750ML\"}]},{\"@type\":\"WebSite\",\"@id\":\"https:\/\/dermo.com\/#website\",\"url\":\"https:\/\/dermo.com\/\",\"name\":\"Dermo | F\u00e1brica de detergentes\",\"description\":\"Tecnolog\u00eda avanzada, investigaci\u00f3n y desarrollo, respeto por el medio ambiente, competencia, formaci\u00f3n constante y alto nivel de profesionalidad en nuestro equipo humano, empe\u00f1ado en preservar la calidad de vida, la protecci\u00f3n del entorno natural contin\u00faan motiv\u00e1ndonos para desarrollar en nuestros laboratorios nuevos productos con ingredientes activos altamente biodegradables que hacen posible un desarrollo sostenible.\",\"potentialAction\":[{\"@type\":\"SearchAction\",\"target\":{\"@type\":\"EntryPoint\",\"urlTemplate\":\"https:\/\/dermo.com\/?s={search_term_string}\"},\"query-input\":{\"@type\":\"PropertyValueSpecification\",\"valueRequired\":true,\"valueName\":\"search_term_string\"}}],\"inLanguage\":\"pt-PT\"}]}<\/script>\n<!-- \/ Yoast SEO plugin. -->","yoast_head_json":{"title":"B10 ONE SHOT 750ML - Dermo | F\u00e1brica de detergentes","robots":{"index":"index","follow":"follow","max-snippet":"max-snippet:-1","max-image-preview":"max-image-preview:large","max-video-preview":"max-video-preview:-1"},"canonical":"https:\/\/dermo.com\/pt\/catalogo\/b10-one-shot-750ml\/","og_locale":"pt_PT","og_type":"article","og_title":"B10 ONE SHOT 750ML - Dermo | F\u00e1brica de detergentes","og_description":"El limpiador de ba\u00f1os B10 ONE SHOT proporciona una limpieza efectiva y desinfecci\u00f3n para tu ba\u00f1o. Su f\u00f3rmula elimina eficazmente manchas, restos de jab\u00f3n y bacterias, dejando las superficies limpias y frescas.      V\u00eddeos de aplicaci\u00f3n One Shot:  V\u00eddeo de Aplicaci\u00f3n - Espa\u00f1ol\ufeff\ufeff\ufeff","og_url":"https:\/\/dermo.com\/pt\/catalogo\/b10-one-shot-750ml\/","og_site_name":"Dermo | F\u00e1brica de detergentes","article_modified_time":"2024-11-21T08:23:15+00:00","og_image":[{"width":768,"height":823,"url":"https:\/\/dermo.com\/wp-content\/uploads\/2024\/09\/B10-ONE-SHOT-750ML-2.jpg","type":"image\/jpeg"}],"twitter_card":"summary_large_image","twitter_misc":{"Tempo estimado de leitura":"1 minuto"},"schema":{"@context":"https:\/\/schema.org","@graph":[{"@type":"WebPage","@id":"https:\/\/dermo.com\/catalogo\/b10-one-shot-750ml\/","url":"https:\/\/dermo.com\/catalogo\/b10-one-shot-750ml\/","name":"B10 ONE SHOT 750ML - Dermo | F\u00e1brica de detergentes","isPartOf":{"@id":"https:\/\/dermo.com\/#website"},"primaryImageOfPage":{"@id":"https:\/\/dermo.com\/catalogo\/b10-one-shot-750ml\/#primaryimage"},"image":{"@id":"https:\/\/dermo.com\/catalogo\/b10-one-shot-750ml\/#primaryimage"},"thumbnailUrl":"https:\/\/dermo.com\/wp-content\/uploads\/2024\/09\/B10-ONE-SHOT-750ML-2.jpg","datePublished":"2024-09-05T07:40:51+00:00","dateModified":"2024-11-21T08:23:15+00:00","breadcrumb":{"@id":"https:\/\/dermo.com\/catalogo\/b10-one-shot-750ml\/#breadcrumb"},"inLanguage":"pt-PT","potentialAction":[{"@type":"ReadAction","target":["https:\/\/dermo.com\/catalogo\/b10-one-shot-750ml\/"]}]},{"@type":"ImageObject","inLanguage":"pt-PT","@id":"https:\/\/dermo.com\/catalogo\/b10-one-shot-750ml\/#primaryimage","url":"https:\/\/dermo.com\/wp-content\/uploads\/2024\/09\/B10-ONE-SHOT-750ML-2.jpg","contentUrl":"https:\/\/dermo.com\/wp-content\/uploads\/2024\/09\/B10-ONE-SHOT-750ML-2.jpg","width":768,"height":823},{"@type":"BreadcrumbList","@id":"https:\/\/dermo.com\/catalogo\/b10-one-shot-750ml\/#breadcrumb","itemListElement":[{"@type":"ListItem","position":1,"name":"Portada","item":"https:\/\/dermo.com\/"},{"@type":"ListItem","position":2,"name":"Tienda","item":"https:\/\/dermo.com\/tienda\/"},{"@type":"ListItem","position":3,"name":"B10 ONE SHOT 750ML"}]},{"@type":"WebSite","@id":"https:\/\/dermo.com\/#website","url":"https:\/\/dermo.com\/","name":"Dermo | f\u00e1brica de detergentes","description":"A tecnologia avan\u00e7ada, a investiga\u00e7\u00e3o e desenvolvimento, o respeito pelo ambiente, a compet\u00eancia, a forma\u00e7\u00e3o constante e o elevado n\u00edvel de profissionalismo da nossa equipa humana, comprometida com a preserva\u00e7\u00e3o da qualidade de vida, a protec\u00e7\u00e3o do ambiente natural continuam a motivar-nos a desenvolver novos produtos nos nossos laborat\u00f3rios com princ\u00edpios ativos altamente biodegrad\u00e1veis que possibilitam o desenvolvimento sustent\u00e1vel.","potentialAction":[{"@type":"SearchAction","target":{"@type":"EntryPoint","urlTemplate":"https:\/\/dermo.com\/?s={search_term_string}"},"query-input":{"@type":"PropertyValueSpecification","valueRequired":true,"valueName":"search_term_string"}}],"inLanguage":"pt-PT"}]}},"_links":{"self":[{"href":"https:\/\/dermo.com\/pt\/wp-json\/wp\/v2\/product\/11241","targetHints":{"allow":["GET"]}}],"collection":[{"href":"https:\/\/dermo.com\/pt\/wp-json\/wp\/v2\/product"}],"about":[{"href":"https:\/\/dermo.com\/pt\/wp-json\/wp\/v2\/types\/product"}],"wp:featuredmedia":[{"embeddable":true,"href":"https:\/\/dermo.com\/pt\/wp-json\/wp\/v2\/media\/11411"}],"wp:attachment":[{"href":"https:\/\/dermo.com\/pt\/wp-json\/wp\/v2\/media?parent=11241"}],"wp:term":[{"taxonomy":"product_brand","embeddable":true,"href":"https:\/\/dermo.com\/pt\/wp-json\/wp\/v2\/product_brand?post=11241"},{"taxonomy":"product_cat","embeddable":true,"href":"https:\/\/dermo.com\/pt\/wp-json\/wp\/v2\/product_cat?post=11241"},{"taxonomy":"product_tag","embeddable":true,"href":"https:\/\/dermo.com\/pt\/wp-json\/wp\/v2\/product_tag?post=11241"}],"curies":[{"name":"wp","href":"https:\/\/api.w.org\/{rel}","templated":true}]}}