{"id":11245,"date":"2024-09-05T09:50:08","date_gmt":"2024-09-05T07:50:08","guid":{"rendered":"https:\/\/dermo.com\/?post_type=product&#038;p=11245"},"modified":"2024-11-14T09:05:39","modified_gmt":"2024-11-14T08:05:39","slug":"f10-one-shot-puro","status":"publish","type":"product","link":"https:\/\/dermo.com\/pt\/catalogo\/f10-one-shot-puro\/","title":{"rendered":"F10 ONE SHOT PURE"},"content":{"rendered":"<p><strong>MODO DE EMPREGO:<\/strong><br \/>\nDespeje 20 ml diretamente no balde do esfreg\u00e3o.<\/p>\n<p><strong>OBSERVA\u00c7\u00c3O:<\/strong><br \/>\nPara melhores resultados, aplique com um pano limpo e seco.<\/p>\n<p><strong>CARACTER\u00cdSTICAS T\u00c9CNICAS:<\/strong><br \/>\nApar\u00eancia: L\u00edquido transparente<br \/>\nVermelho<br \/>\nCheiro: Floral<br \/>\npH: 4,5-5,5<br \/>\nDensidade: 1,00-1,01 g\/cc<\/p>\n<p><strong>PRESENTA\u00c7\u00c3O:<\/strong><br \/>\nFrascos dosadores de 1000 ml em caixas de 3 unidades.<\/p>\n<table>\n<tbody>\n<tr>\n<td>FORMATO<\/td>\n<td>1000 ml<\/td>\n<\/tr>\n<tr>\n<td>C\u00d3DIGO<\/td>\n<td>CONF1001<\/td>\n<\/tr>\n<\/tbody>\n<\/table>","protected":false},"excerpt":{"rendered":"<p>F10 ONE SHOT PURE combina limpador de piso e purificador de ar em uma f\u00f3rmula ultraconcentrada. Limpa profundamente as superf\u00edcies, deixando um aroma agrad\u00e1vel e fresco no ar.<\/p>\n<table>\n<tbody>\n<tr>\n<td style=\"width: 100%;\">\n<div class=\"video-section\">\n<p class=\"Estndar\"><span lang=\"es\" xml:lang=\"es\"><strong>V\u00eddeos de aplica\u00e7\u00e3o One Shot:<\/strong><\/span><\/p>\n<details>\n<summary>V\u00eddeo de Aplica\u00e7\u00e3o \u2013 Espanhol<\/summary>\n<p><iframe src=\"https:\/\/www.youtube.com\/embed\/nGATAV_bwjo?rel=0\"><span data-mce-type=\"bookmark\" style=\"display: inline-block; width: 0px; overflow: hidden; line-height: 0;\" class=\"mce_SELRES_start\"><\/span><span data-mce-type=\"bookmark\" style=\"display: inline-block; width: 0px; overflow: hidden; line-height: 0;\" class=\"mce_SELRES_start\"><\/span><\/iframe><\/p>\n<\/details>\n<\/div>\n<\/td>\n<\/tr>\n<\/tbody>\n<\/table>","protected":false},"featured_media":11417,"template":"","meta":{"neve_meta_sidebar":"","neve_meta_container":"","neve_meta_enable_content_width":"off","neve_meta_content_width":100,"neve_meta_title_alignment":"","neve_meta_author_avatar":"","neve_post_elements_order":"","neve_meta_disable_header":"","neve_meta_disable_footer":"","neve_meta_disable_title":""},"product_brand":[],"product_cat":[1093],"product_tag":[],"class_list":{"0":"post-11245","1":"product","2":"type-product","3":"status-publish","4":"has-post-thumbnail","6":"product_cat-ultra-concentrados","8":"first","9":"instock","10":"shipping-taxable","11":"product-type-simple"},"yoast_head":"<!-- This site is optimized with the Yoast SEO plugin v27.0 - https:\/\/yoast.com\/product\/yoast-seo-wordpress\/ -->\n<title>F10 ONE SHOT PURE - Dermo | F\u00e1brica de detergentes<\/title>\n<meta name=\"robots\" content=\"index, follow, max-snippet:-1, max-image-preview:large, max-video-preview:-1\" \/>\n<link rel=\"canonical\" href=\"https:\/\/dermo.com\/pt\/catalogo\/f10-one-shot-puro\/\" \/>\n<meta property=\"og:locale\" content=\"pt_PT\" \/>\n<meta property=\"og:type\" content=\"article\" \/>\n<meta property=\"og:title\" content=\"F10 ONE SHOT PURE - Dermo | F\u00e1brica de detergentes\" \/>\n<meta property=\"og:description\" content=\"El F10 ONE SHOT PURE combina fregasuelos y ambientador en una f\u00f3rmula ultraconcentrada. Limpia a fondo las superficies mientras deja un aroma agradable y fresco en el ambiente.      V\u00eddeos de aplicaci\u00f3n One Shot:  V\u00eddeo de Aplicaci\u00f3n - Espa\u00f1ol\ufeff\ufeff\" \/>\n<meta property=\"og:url\" content=\"https:\/\/dermo.com\/pt\/catalogo\/f10-one-shot-puro\/\" \/>\n<meta property=\"og:site_name\" content=\"Dermo | F\u00e1brica de detergentes\" \/>\n<meta property=\"article:modified_time\" content=\"2024-11-14T08:05:39+00:00\" \/>\n<meta property=\"og:image\" content=\"https:\/\/dermo.com\/wp-content\/uploads\/2024\/09\/F10-ONE-SHOT-PURE-1.jpg\" \/>\n\t<meta property=\"og:image:width\" content=\"768\" \/>\n\t<meta property=\"og:image:height\" content=\"823\" \/>\n\t<meta property=\"og:image:type\" content=\"image\/jpeg\" \/>\n<meta name=\"twitter:card\" content=\"summary_large_image\" \/>\n<meta name=\"twitter:label1\" content=\"Tempo estimado de leitura\" \/>\n\t<meta name=\"twitter:data1\" content=\"1 minuto\" \/>\n<script type=\"application\/ld+json\" class=\"yoast-schema-graph\">{\"@context\":\"https:\/\/schema.org\",\"@graph\":[{\"@type\":\"WebPage\",\"@id\":\"https:\/\/dermo.com\/catalogo\/f10-one-shot-pure\/\",\"url\":\"https:\/\/dermo.com\/catalogo\/f10-one-shot-pure\/\",\"name\":\"F10 ONE SHOT PURE - Dermo | F\u00e1brica de detergentes\",\"isPartOf\":{\"@id\":\"https:\/\/dermo.com\/#website\"},\"primaryImageOfPage\":{\"@id\":\"https:\/\/dermo.com\/catalogo\/f10-one-shot-pure\/#primaryimage\"},\"image\":{\"@id\":\"https:\/\/dermo.com\/catalogo\/f10-one-shot-pure\/#primaryimage\"},\"thumbnailUrl\":\"https:\/\/dermo.com\/wp-content\/uploads\/2024\/09\/F10-ONE-SHOT-PURE-1.jpg\",\"datePublished\":\"2024-09-05T07:50:08+00:00\",\"dateModified\":\"2024-11-14T08:05:39+00:00\",\"breadcrumb\":{\"@id\":\"https:\/\/dermo.com\/catalogo\/f10-one-shot-pure\/#breadcrumb\"},\"inLanguage\":\"pt-PT\",\"potentialAction\":[{\"@type\":\"ReadAction\",\"target\":[\"https:\/\/dermo.com\/catalogo\/f10-one-shot-pure\/\"]}]},{\"@type\":\"ImageObject\",\"inLanguage\":\"pt-PT\",\"@id\":\"https:\/\/dermo.com\/catalogo\/f10-one-shot-pure\/#primaryimage\",\"url\":\"https:\/\/dermo.com\/wp-content\/uploads\/2024\/09\/F10-ONE-SHOT-PURE-1.jpg\",\"contentUrl\":\"https:\/\/dermo.com\/wp-content\/uploads\/2024\/09\/F10-ONE-SHOT-PURE-1.jpg\",\"width\":768,\"height\":823},{\"@type\":\"BreadcrumbList\",\"@id\":\"https:\/\/dermo.com\/catalogo\/f10-one-shot-pure\/#breadcrumb\",\"itemListElement\":[{\"@type\":\"ListItem\",\"position\":1,\"name\":\"Portada\",\"item\":\"https:\/\/dermo.com\/\"},{\"@type\":\"ListItem\",\"position\":2,\"name\":\"Tienda\",\"item\":\"https:\/\/dermo.com\/tienda\/\"},{\"@type\":\"ListItem\",\"position\":3,\"name\":\"F10 ONE SHOT PURE\"}]},{\"@type\":\"WebSite\",\"@id\":\"https:\/\/dermo.com\/#website\",\"url\":\"https:\/\/dermo.com\/\",\"name\":\"Dermo | F\u00e1brica de detergentes\",\"description\":\"Tecnolog\u00eda avanzada, investigaci\u00f3n y desarrollo, respeto por el medio ambiente, competencia, formaci\u00f3n constante y alto nivel de profesionalidad en nuestro equipo humano, empe\u00f1ado en preservar la calidad de vida, la protecci\u00f3n del entorno natural contin\u00faan motiv\u00e1ndonos para desarrollar en nuestros laboratorios nuevos productos con ingredientes activos altamente biodegradables que hacen posible un desarrollo sostenible.\",\"potentialAction\":[{\"@type\":\"SearchAction\",\"target\":{\"@type\":\"EntryPoint\",\"urlTemplate\":\"https:\/\/dermo.com\/?s={search_term_string}\"},\"query-input\":{\"@type\":\"PropertyValueSpecification\",\"valueRequired\":true,\"valueName\":\"search_term_string\"}}],\"inLanguage\":\"pt-PT\"}]}<\/script>\n<!-- \/ Yoast SEO plugin. -->","yoast_head_json":{"title":"F10 ONE SHOT PURE - Dermo | F\u00e1brica de detergentes","robots":{"index":"index","follow":"follow","max-snippet":"max-snippet:-1","max-image-preview":"max-image-preview:large","max-video-preview":"max-video-preview:-1"},"canonical":"https:\/\/dermo.com\/pt\/catalogo\/f10-one-shot-puro\/","og_locale":"pt_PT","og_type":"article","og_title":"F10 ONE SHOT PURE - Dermo | F\u00e1brica de detergentes","og_description":"El F10 ONE SHOT PURE combina fregasuelos y ambientador en una f\u00f3rmula ultraconcentrada. Limpia a fondo las superficies mientras deja un aroma agradable y fresco en el ambiente.      V\u00eddeos de aplicaci\u00f3n One Shot:  V\u00eddeo de Aplicaci\u00f3n - Espa\u00f1ol\ufeff\ufeff","og_url":"https:\/\/dermo.com\/pt\/catalogo\/f10-one-shot-puro\/","og_site_name":"Dermo | F\u00e1brica de detergentes","article_modified_time":"2024-11-14T08:05:39+00:00","og_image":[{"width":768,"height":823,"url":"https:\/\/dermo.com\/wp-content\/uploads\/2024\/09\/F10-ONE-SHOT-PURE-1.jpg","type":"image\/jpeg"}],"twitter_card":"summary_large_image","twitter_misc":{"Tempo estimado de leitura":"1 minuto"},"schema":{"@context":"https:\/\/schema.org","@graph":[{"@type":"WebPage","@id":"https:\/\/dermo.com\/catalogo\/f10-one-shot-pure\/","url":"https:\/\/dermo.com\/catalogo\/f10-one-shot-pure\/","name":"F10 ONE SHOT PURE - Dermo | F\u00e1brica de detergentes","isPartOf":{"@id":"https:\/\/dermo.com\/#website"},"primaryImageOfPage":{"@id":"https:\/\/dermo.com\/catalogo\/f10-one-shot-pure\/#primaryimage"},"image":{"@id":"https:\/\/dermo.com\/catalogo\/f10-one-shot-pure\/#primaryimage"},"thumbnailUrl":"https:\/\/dermo.com\/wp-content\/uploads\/2024\/09\/F10-ONE-SHOT-PURE-1.jpg","datePublished":"2024-09-05T07:50:08+00:00","dateModified":"2024-11-14T08:05:39+00:00","breadcrumb":{"@id":"https:\/\/dermo.com\/catalogo\/f10-one-shot-pure\/#breadcrumb"},"inLanguage":"pt-PT","potentialAction":[{"@type":"ReadAction","target":["https:\/\/dermo.com\/catalogo\/f10-one-shot-pure\/"]}]},{"@type":"ImageObject","inLanguage":"pt-PT","@id":"https:\/\/dermo.com\/catalogo\/f10-one-shot-pure\/#primaryimage","url":"https:\/\/dermo.com\/wp-content\/uploads\/2024\/09\/F10-ONE-SHOT-PURE-1.jpg","contentUrl":"https:\/\/dermo.com\/wp-content\/uploads\/2024\/09\/F10-ONE-SHOT-PURE-1.jpg","width":768,"height":823},{"@type":"BreadcrumbList","@id":"https:\/\/dermo.com\/catalogo\/f10-one-shot-pure\/#breadcrumb","itemListElement":[{"@type":"ListItem","position":1,"name":"Portada","item":"https:\/\/dermo.com\/"},{"@type":"ListItem","position":2,"name":"Tienda","item":"https:\/\/dermo.com\/tienda\/"},{"@type":"ListItem","position":3,"name":"F10 ONE SHOT PURE"}]},{"@type":"WebSite","@id":"https:\/\/dermo.com\/#website","url":"https:\/\/dermo.com\/","name":"Dermo | f\u00e1brica de detergentes","description":"A tecnologia avan\u00e7ada, a investiga\u00e7\u00e3o e desenvolvimento, o respeito pelo ambiente, a compet\u00eancia, a forma\u00e7\u00e3o constante e o elevado n\u00edvel de profissionalismo da nossa equipa humana, comprometida com a preserva\u00e7\u00e3o da qualidade de vida, a protec\u00e7\u00e3o do ambiente natural continuam a motivar-nos a desenvolver novos produtos nos nossos laborat\u00f3rios com princ\u00edpios ativos altamente biodegrad\u00e1veis que possibilitam o desenvolvimento sustent\u00e1vel.","potentialAction":[{"@type":"SearchAction","target":{"@type":"EntryPoint","urlTemplate":"https:\/\/dermo.com\/?s={search_term_string}"},"query-input":{"@type":"PropertyValueSpecification","valueRequired":true,"valueName":"search_term_string"}}],"inLanguage":"pt-PT"}]}},"_links":{"self":[{"href":"https:\/\/dermo.com\/pt\/wp-json\/wp\/v2\/product\/11245","targetHints":{"allow":["GET"]}}],"collection":[{"href":"https:\/\/dermo.com\/pt\/wp-json\/wp\/v2\/product"}],"about":[{"href":"https:\/\/dermo.com\/pt\/wp-json\/wp\/v2\/types\/product"}],"wp:featuredmedia":[{"embeddable":true,"href":"https:\/\/dermo.com\/pt\/wp-json\/wp\/v2\/media\/11417"}],"wp:attachment":[{"href":"https:\/\/dermo.com\/pt\/wp-json\/wp\/v2\/media?parent=11245"}],"wp:term":[{"taxonomy":"product_brand","embeddable":true,"href":"https:\/\/dermo.com\/pt\/wp-json\/wp\/v2\/product_brand?post=11245"},{"taxonomy":"product_cat","embeddable":true,"href":"https:\/\/dermo.com\/pt\/wp-json\/wp\/v2\/product_cat?post=11245"},{"taxonomy":"product_tag","embeddable":true,"href":"https:\/\/dermo.com\/pt\/wp-json\/wp\/v2\/product_tag?post=11245"}],"curies":[{"name":"wp","href":"https:\/\/api.w.org\/{rel}","templated":true}]}}