{"id":2571,"date":"2015-06-07T11:21:43","date_gmt":"2015-06-07T11:21:43","guid":{"rendered":"https:\/\/dermo.ultbit.com\/producto\/cleantot-descal\/"},"modified":"2025-03-17T16:41:51","modified_gmt":"2025-03-17T15:41:51","slug":"cleantot-descal","status":"publish","type":"product","link":"https:\/\/dermo.com\/pt\/catalogo\/cleantot-descal\/","title":{"rendered":"Cleantot Descal. Detergente anti-cal"},"content":{"rendered":"<p><b>MODO DE EMPREGO:<\/b><b><br \/>\n<\/b>Pulverizar, deixar actuar durante 3 minutos e depois enxaguar. Nos superf\u00edcies com incrustations, pulverizar, esfregar com uma escova lisa e depois enxaguar.<\/p>\n<p><b>CARACTER\u00cdSTICAS T\u00c9CNICAS<\/b><b><br \/>\n<\/b><span style=\"font-weight: 400;\">Aspecto: L\u00edquido transparente.<\/span><span style=\"font-weight: 400;\"><br \/>\n<\/span><span style=\"font-weight: 400;\">Cor: Azul.<\/span><span style=\"font-weight: 400;\"><br \/>\n<\/span><span style=\"font-weight: 400;\">Cheiro: Pefume.<\/span><span style=\"font-weight: 400;\"><br \/>\n<\/span><span style=\"font-weight: 400;\">pH puro: 2 \u2013 2,5.<\/span><span style=\"font-weight: 400;\"><br \/>\n<\/span><span style=\"font-weight: 400;\">Solubilidade em agua: Soluble.<\/span><span style=\"font-weight: 400;\"><br \/>\n<\/span><span style=\"font-weight: 400;\">Concentra\u00e7\u00e3o em subst\u00e3ncia activa: 10-15%.<\/span><\/p>\n<p><strong>PRESENTA\u00c7\u00c3O:<br \/>\n<\/strong>Jerrican pl\u00e1stico<\/p>\n<table>\n<tbody>\n<tr>\n<td>FORMATO<\/td>\n<td>1L<\/td>\n<td>5L<\/td>\n<td><\/td>\n<\/tr>\n<tr>\n<td>C\u00d3DIGO<\/td>\n<td>004LIB01<\/td>\n<td>004LIB05<\/td>\n<td><\/td>\n<\/tr>\n<\/tbody>\n<\/table>\n<p>&nbsp;<\/p>","protected":false},"excerpt":{"rendered":"<h3>Cleantot Descal<\/h3>\n<p class=\"Estndar\">Limpador para a limpeza dos banhos. Pode ser usada em a maioria dos superf\u00edcies sem nenhum risco, mesmo assim, em chapeamentos que do m\u00e1rmore, do alum\u00ednio e de cromo \u00e9 aconselh\u00e1vel de enxaguar abundante.<\/p>\n<table>\n<tbody>\n<tr>\n<td style=\"width: 50%;\">\n<div class=\"video-section\">\n<p class=\"Estndar\"><span lang=\"es\" xml:lang=\"es\"><strong>V\u00eddeos de aplica\u00e7\u00e3o de limpeza de banheiro:<\/strong><\/span><\/p>\n<details>\n<summary>V\u00eddeo de Aplica\u00e7\u00e3o \u2013 Espanhol<\/summary>\n<p><iframe src=\"https:\/\/www.youtube.com\/embed\/Q3E1mb9POv0?rel=0\"><\/iframe><\/p>\n<\/details>\n<details>\n<summary>V\u00eddeo de Aplica\u00e7\u00e3o \u2013 Ingl\u00eas<\/summary>\n<p><iframe src=\"https:\/\/www.youtube.com\/embed\/XBvRZNWLPAw?rel=0\"><\/iframe><\/p>\n<\/details>\n<details>\n<summary>V\u00eddeo de Aplica\u00e7\u00e3o \u2013 Franc\u00eas<\/summary>\n<p><iframe src=\"https:\/\/www.youtube.com\/embed\/zVU02XttjKs?rel=0\"><\/iframe><\/p>\n<\/details>\n<details>\n<summary>V\u00eddeo de Aplica\u00e7\u00e3o \u2013 Portugu\u00eas<\/summary>\n<p><iframe src=\"https:\/\/www.youtube.com\/embed\/HdnnM_YAyUg?rel=0\"><\/iframe><\/p>\n<\/details>\n<details>\n<summary>V\u00eddeo de Aplica\u00e7\u00e3o \u2013 \u00c1rabe<\/summary>\n<p><iframe src=\"https:\/\/www.youtube.com\/embed\/6LpNZtEuAIM?rel=0\"><\/iframe><\/p>\n<\/details>\n<\/div>\n<\/td>\n<\/tr>\n<\/tbody>\n<\/table>","protected":false},"featured_media":3847,"template":"","meta":{"neve_meta_sidebar":"","neve_meta_container":"","neve_meta_enable_content_width":"off","neve_meta_content_width":100,"neve_meta_title_alignment":"","neve_meta_author_avatar":"","neve_post_elements_order":"","neve_meta_disable_header":"","neve_meta_disable_footer":"","neve_meta_disable_title":""},"product_brand":[],"product_cat":[377,1095,372,370,386,376],"product_tag":[],"class_list":{"0":"post-2571","1":"product","2":"type-product","3":"status-publish","4":"has-post-thumbnail","6":"product_cat-desincrustantes","7":"product_cat-escuelas-sectores","8":"product_cat-geriatricos","9":"product_cat-hoteles","10":"product_cat-limpieza-de-banos","11":"product_cat-servicios-de-limpieza","13":"first","14":"instock","15":"shipping-taxable","16":"product-type-simple"},"yoast_head":"<!-- This site is optimized with the Yoast SEO plugin v27.0 - https:\/\/yoast.com\/product\/yoast-seo-wordpress\/ -->\n<title>Cleantot Descal. Detergente antical - Dermo | F\u00e1brica de detergentes<\/title>\n<meta name=\"robots\" content=\"index, follow, max-snippet:-1, max-image-preview:large, max-video-preview:-1\" \/>\n<link rel=\"canonical\" href=\"https:\/\/dermo.com\/pt\/catalogo\/cleantot-descal\/\" \/>\n<meta property=\"og:locale\" content=\"pt_PT\" \/>\n<meta property=\"og:type\" content=\"article\" \/>\n<meta property=\"og:title\" content=\"Cleantot Descal. Detergente antical - Dermo | F\u00e1brica de detergentes\" \/>\n<meta property=\"og:description\" content=\"Cleantot Descal Detergente para la limpieza y desincrustaci\u00f3n de las zonas del ba\u00f1o. Se puede utilizar en la mayor\u00eda de superficies sin ning\u00fan riesgo, a\u00fan as\u00ed, en m\u00e1rmol, aluminio y cromados es conveniente aclarar abundantemente.       V\u00eddeos de aplicaci\u00f3n limpieza de ba\u00f1os:  V\u00eddeo de Aplicaci\u00f3n - Espa\u00f1ol  V\u00eddeo de Aplicaci\u00f3n - Ingl\u00e9s  V\u00eddeo de Aplicaci\u00f3n - Franc\u00e9s  V\u00eddeo de Aplicaci\u00f3n - Portugu\u00e9s  V\u00eddeo de Aplicaci\u00f3n - \u00c1rabe\" \/>\n<meta property=\"og:url\" content=\"https:\/\/dermo.com\/pt\/catalogo\/cleantot-descal\/\" \/>\n<meta property=\"og:site_name\" content=\"Dermo | F\u00e1brica de detergentes\" \/>\n<meta property=\"article:modified_time\" content=\"2025-03-17T15:41:51+00:00\" \/>\n<meta property=\"og:image\" content=\"https:\/\/dermo.com\/wp-content\/uploads\/2015\/06\/Cleantot-Descal.-Detergente-antical-1.png\" \/>\n\t<meta property=\"og:image:width\" content=\"768\" \/>\n\t<meta property=\"og:image:height\" content=\"823\" \/>\n\t<meta property=\"og:image:type\" content=\"image\/png\" \/>\n<meta name=\"twitter:card\" content=\"summary_large_image\" \/>\n<meta name=\"twitter:label1\" content=\"Tempo estimado de leitura\" \/>\n\t<meta name=\"twitter:data1\" content=\"1 minuto\" \/>\n<script type=\"application\/ld+json\" class=\"yoast-schema-graph\">{\"@context\":\"https:\/\/schema.org\",\"@graph\":[{\"@type\":\"WebPage\",\"@id\":\"https:\/\/dermo.com\/catalogo\/cleantot-descal\/\",\"url\":\"https:\/\/dermo.com\/catalogo\/cleantot-descal\/\",\"name\":\"Cleantot Descal. Detergente antical - Dermo | F\u00e1brica de detergentes\",\"isPartOf\":{\"@id\":\"https:\/\/dermo.com\/#website\"},\"primaryImageOfPage\":{\"@id\":\"https:\/\/dermo.com\/catalogo\/cleantot-descal\/#primaryimage\"},\"image\":{\"@id\":\"https:\/\/dermo.com\/catalogo\/cleantot-descal\/#primaryimage\"},\"thumbnailUrl\":\"https:\/\/dermo.com\/wp-content\/uploads\/2015\/06\/Cleantot-Descal.-Detergente-antical-1.png\",\"datePublished\":\"2015-06-07T11:21:43+00:00\",\"dateModified\":\"2025-03-17T15:41:51+00:00\",\"breadcrumb\":{\"@id\":\"https:\/\/dermo.com\/catalogo\/cleantot-descal\/#breadcrumb\"},\"inLanguage\":\"pt-PT\",\"potentialAction\":[{\"@type\":\"ReadAction\",\"target\":[\"https:\/\/dermo.com\/catalogo\/cleantot-descal\/\"]}]},{\"@type\":\"ImageObject\",\"inLanguage\":\"pt-PT\",\"@id\":\"https:\/\/dermo.com\/catalogo\/cleantot-descal\/#primaryimage\",\"url\":\"https:\/\/dermo.com\/wp-content\/uploads\/2015\/06\/Cleantot-Descal.-Detergente-antical-1.png\",\"contentUrl\":\"https:\/\/dermo.com\/wp-content\/uploads\/2015\/06\/Cleantot-Descal.-Detergente-antical-1.png\",\"width\":768,\"height\":823},{\"@type\":\"BreadcrumbList\",\"@id\":\"https:\/\/dermo.com\/catalogo\/cleantot-descal\/#breadcrumb\",\"itemListElement\":[{\"@type\":\"ListItem\",\"position\":1,\"name\":\"Portada\",\"item\":\"https:\/\/dermo.com\/\"},{\"@type\":\"ListItem\",\"position\":2,\"name\":\"Tienda\",\"item\":\"https:\/\/dermo.com\/tienda\/\"},{\"@type\":\"ListItem\",\"position\":3,\"name\":\"Cleantot Descal. Detergente antical\"}]},{\"@type\":\"WebSite\",\"@id\":\"https:\/\/dermo.com\/#website\",\"url\":\"https:\/\/dermo.com\/\",\"name\":\"Dermo | F\u00e1brica de detergentes\",\"description\":\"Tecnolog\u00eda avanzada, investigaci\u00f3n y desarrollo, respeto por el medio ambiente, competencia, formaci\u00f3n constante y alto nivel de profesionalidad en nuestro equipo humano, empe\u00f1ado en preservar la calidad de vida, la protecci\u00f3n del entorno natural contin\u00faan motiv\u00e1ndonos para desarrollar en nuestros laboratorios nuevos productos con ingredientes activos altamente biodegradables que hacen posible un desarrollo sostenible.\",\"potentialAction\":[{\"@type\":\"SearchAction\",\"target\":{\"@type\":\"EntryPoint\",\"urlTemplate\":\"https:\/\/dermo.com\/?s={search_term_string}\"},\"query-input\":{\"@type\":\"PropertyValueSpecification\",\"valueRequired\":true,\"valueName\":\"search_term_string\"}}],\"inLanguage\":\"pt-PT\"}]}<\/script>\n<!-- \/ Yoast SEO plugin. -->","yoast_head_json":{"title":"Descalcificador Cleantot. Detergente anti-calc\u00e1rio - Dermo | f\u00e1brica de detergentes","robots":{"index":"index","follow":"follow","max-snippet":"max-snippet:-1","max-image-preview":"max-image-preview:large","max-video-preview":"max-video-preview:-1"},"canonical":"https:\/\/dermo.com\/pt\/catalogo\/cleantot-descal\/","og_locale":"pt_PT","og_type":"article","og_title":"Cleantot Descal. Detergente antical - Dermo | F\u00e1brica de detergentes","og_description":"Cleantot Descal Detergente para la limpieza y desincrustaci\u00f3n de las zonas del ba\u00f1o. Se puede utilizar en la mayor\u00eda de superficies sin ning\u00fan riesgo, a\u00fan as\u00ed, en m\u00e1rmol, aluminio y cromados es conveniente aclarar abundantemente.       V\u00eddeos de aplicaci\u00f3n limpieza de ba\u00f1os:  V\u00eddeo de Aplicaci\u00f3n - Espa\u00f1ol  V\u00eddeo de Aplicaci\u00f3n - Ingl\u00e9s  V\u00eddeo de Aplicaci\u00f3n - Franc\u00e9s  V\u00eddeo de Aplicaci\u00f3n - Portugu\u00e9s  V\u00eddeo de Aplicaci\u00f3n - \u00c1rabe","og_url":"https:\/\/dermo.com\/pt\/catalogo\/cleantot-descal\/","og_site_name":"Dermo | F\u00e1brica de detergentes","article_modified_time":"2025-03-17T15:41:51+00:00","og_image":[{"width":768,"height":823,"url":"https:\/\/dermo.com\/wp-content\/uploads\/2015\/06\/Cleantot-Descal.-Detergente-antical-1.png","type":"image\/png"}],"twitter_card":"summary_large_image","twitter_misc":{"Tempo estimado de leitura":"1 minuto"},"schema":{"@context":"https:\/\/schema.org","@graph":[{"@type":"WebPage","@id":"https:\/\/dermo.com\/catalogo\/cleantot-descal\/","url":"https:\/\/dermo.com\/catalogo\/cleantot-descal\/","name":"Descalcificador Cleantot. Detergente anti-calc\u00e1rio - Dermo | f\u00e1brica de detergentes","isPartOf":{"@id":"https:\/\/dermo.com\/#website"},"primaryImageOfPage":{"@id":"https:\/\/dermo.com\/catalogo\/cleantot-descal\/#primaryimage"},"image":{"@id":"https:\/\/dermo.com\/catalogo\/cleantot-descal\/#primaryimage"},"thumbnailUrl":"https:\/\/dermo.com\/wp-content\/uploads\/2015\/06\/Cleantot-Descal.-Detergente-antical-1.png","datePublished":"2015-06-07T11:21:43+00:00","dateModified":"2025-03-17T15:41:51+00:00","breadcrumb":{"@id":"https:\/\/dermo.com\/catalogo\/cleantot-descal\/#breadcrumb"},"inLanguage":"pt-PT","potentialAction":[{"@type":"ReadAction","target":["https:\/\/dermo.com\/catalogo\/cleantot-descal\/"]}]},{"@type":"ImageObject","inLanguage":"pt-PT","@id":"https:\/\/dermo.com\/catalogo\/cleantot-descal\/#primaryimage","url":"https:\/\/dermo.com\/wp-content\/uploads\/2015\/06\/Cleantot-Descal.-Detergente-antical-1.png","contentUrl":"https:\/\/dermo.com\/wp-content\/uploads\/2015\/06\/Cleantot-Descal.-Detergente-antical-1.png","width":768,"height":823},{"@type":"BreadcrumbList","@id":"https:\/\/dermo.com\/catalogo\/cleantot-descal\/#breadcrumb","itemListElement":[{"@type":"ListItem","position":1,"name":"Portada","item":"https:\/\/dermo.com\/"},{"@type":"ListItem","position":2,"name":"Tienda","item":"https:\/\/dermo.com\/tienda\/"},{"@type":"ListItem","position":3,"name":"Cleantot Descal. Detergente antical"}]},{"@type":"WebSite","@id":"https:\/\/dermo.com\/#website","url":"https:\/\/dermo.com\/","name":"Dermo | f\u00e1brica de detergentes","description":"A tecnologia avan\u00e7ada, a investiga\u00e7\u00e3o e desenvolvimento, o respeito pelo ambiente, a compet\u00eancia, a forma\u00e7\u00e3o constante e o elevado n\u00edvel de profissionalismo da nossa equipa humana, comprometida com a preserva\u00e7\u00e3o da qualidade de vida, a protec\u00e7\u00e3o do ambiente natural continuam a motivar-nos a desenvolver novos produtos nos nossos laborat\u00f3rios com princ\u00edpios ativos altamente biodegrad\u00e1veis que possibilitam o desenvolvimento sustent\u00e1vel.","potentialAction":[{"@type":"SearchAction","target":{"@type":"EntryPoint","urlTemplate":"https:\/\/dermo.com\/?s={search_term_string}"},"query-input":{"@type":"PropertyValueSpecification","valueRequired":true,"valueName":"search_term_string"}}],"inLanguage":"pt-PT"}]}},"_links":{"self":[{"href":"https:\/\/dermo.com\/pt\/wp-json\/wp\/v2\/product\/2571","targetHints":{"allow":["GET"]}}],"collection":[{"href":"https:\/\/dermo.com\/pt\/wp-json\/wp\/v2\/product"}],"about":[{"href":"https:\/\/dermo.com\/pt\/wp-json\/wp\/v2\/types\/product"}],"wp:featuredmedia":[{"embeddable":true,"href":"https:\/\/dermo.com\/pt\/wp-json\/wp\/v2\/media\/3847"}],"wp:attachment":[{"href":"https:\/\/dermo.com\/pt\/wp-json\/wp\/v2\/media?parent=2571"}],"wp:term":[{"taxonomy":"product_brand","embeddable":true,"href":"https:\/\/dermo.com\/pt\/wp-json\/wp\/v2\/product_brand?post=2571"},{"taxonomy":"product_cat","embeddable":true,"href":"https:\/\/dermo.com\/pt\/wp-json\/wp\/v2\/product_cat?post=2571"},{"taxonomy":"product_tag","embeddable":true,"href":"https:\/\/dermo.com\/pt\/wp-json\/wp\/v2\/product_tag?post=2571"}],"curies":[{"name":"wp","href":"https:\/\/api.w.org\/{rel}","templated":true}]}}