{"id":2575,"date":"2015-07-27T10:43:43","date_gmt":"2015-07-27T10:43:43","guid":{"rendered":"https:\/\/dermo.ultbit.com\/producto\/azur\/"},"modified":"2024-09-06T12:27:41","modified_gmt":"2024-09-06T10:27:41","slug":"azul","status":"publish","type":"product","link":"https:\/\/dermo.com\/pt\/catalogo\/azul\/","title":{"rendered":"Azur. Detergente concentrado"},"content":{"rendered":"<p><strong>MODO DE EMPREGO:<\/strong><br \/>\nDe 10 a 30 g por kg de roupa seca, dependendo do grau de sujidade, do sistema de lavagem e da dureza da \u00e1gua.<\/p>\n<p><strong>CARACTER\u00cdSTICAS T\u00c9CNICAS<\/strong><br \/>\nAspecto: P\u00f3.<br \/>\nCor: Branco com pontos azuis.<br \/>\nCheiro: Pefume.<br \/>\npH (1%, \u00e1gua): 10,20 \u2013 11,20<br \/>\nDensidade aparente: 0,75 \u2013 0,85 g\/cc<\/p>\n<p><strong>COMPOSI\u00c7\u00c3O<\/strong><br \/>\nConstrutores, surfactantes n\u00e3o i\u00f4nicos e ani\u00f4nicos, alvejantes \u00e0 base de oxig\u00eanio, sabonetes, branqueadores \u00f3pticos estabilizados, fosfonatos, enzimas, antirredepositantes, perfumes.<\/p>\n<p><strong>PRESENTA\u00c7\u00c3O:<\/strong><br \/>\nJerrican pl\u00e1stico<\/p>\n<table>\n<tbody>\n<tr>\n<td>FORMATO<\/td>\n<td>\u00a0 \u00a0 \u00a00,140kg<\/td>\n<td>\u00a0 \u00a0 \u00a0 \u00a0 5kg<\/td>\n<td>\u00a0 \u00a0 \u00a0 \u00a010kg<\/td>\n<td>\u00a0 \u00a0 \u00a0 \u00a020kg<\/td>\n<\/tr>\n<tr>\n<td>C\u00d3DIGO<\/td>\n<td>\u00a0 \u00a0 001AZU00<\/td>\n<td>\u00a0 \u00a0 001AZU05<\/td>\n<td>\u00a0 \u00a0 001AZU10<\/td>\n<td>\u00a0 \u00a0 001AZU20<\/td>\n<\/tr>\n<\/tbody>\n<\/table>\n<p><strong>SEGURAN\u00c7A \/ TOXICOLOGIA<\/strong><br \/>\nCausa irrita\u00e7\u00e3o ocular grave. Mantenha fora do alcance das crian\u00e7as.<br \/>\nEm caso de acidente consulte o Servi\u00e7o de Informa\u00e7\u00e3o M\u00e9dica Toxicol\u00f3gica. Tel.: 915 620 420.<\/p>\n<p><strong>INFORMA\u00c7\u00d5ES ADICIONAIS<\/strong><br \/>\nPRODUTO INDUSTRIAL. USO PROFISSIONAL.<\/p>\n<p>&nbsp;<\/p>","protected":false},"excerpt":{"rendered":"<h3>Azur<\/h3>\n<p>Detergente em p\u00f3 com oxyg\u00eanio ativo eficaz para de roupa branca e a todas as temperaturas. Elimina a sujidade e os maus odores e confere maior brancura \u00e0 roupa branca. Cont\u00e9m sab\u00e3o natural. N\u00e3o perjudica a cor.<\/p>","protected":false},"featured_media":4177,"template":"","meta":{"neve_meta_sidebar":"","neve_meta_container":"","neve_meta_enable_content_width":"off","neve_meta_content_width":100,"neve_meta_title_alignment":"","neve_meta_author_avatar":"","neve_post_elements_order":"","neve_meta_disable_header":"","neve_meta_disable_footer":"","neve_meta_disable_title":""},"product_brand":[],"product_cat":[390,369],"product_tag":[],"class_list":{"0":"post-2575","1":"product","2":"type-product","3":"status-publish","4":"has-post-thumbnail","6":"product_cat-detergente-solido","7":"product_cat-lavanderia","9":"first","10":"instock","11":"shipping-taxable","12":"product-type-simple"},"yoast_head":"<!-- This site is optimized with the Yoast SEO plugin v27.0 - https:\/\/yoast.com\/product\/yoast-seo-wordpress\/ -->\n<title>Azur. Detergente concentrado - Dermo | F\u00e1brica de detergentes<\/title>\n<meta name=\"robots\" content=\"index, follow, max-snippet:-1, max-image-preview:large, max-video-preview:-1\" \/>\n<link rel=\"canonical\" href=\"https:\/\/dermo.com\/pt\/catalogo\/azul\/\" \/>\n<meta property=\"og:locale\" content=\"pt_PT\" \/>\n<meta property=\"og:type\" content=\"article\" \/>\n<meta property=\"og:title\" content=\"Azur. Detergente concentrado - Dermo | F\u00e1brica de detergentes\" \/>\n<meta property=\"og:description\" content=\"Azur Detergente en polvo concentrado eficaz para ropa blanca y a todas temperaturas. Elimina la suciedad y los olores y da mayor blancura a la ropa blanca. Contiene jab\u00f3n natural. No perjudica el color.\" \/>\n<meta property=\"og:url\" content=\"https:\/\/dermo.com\/pt\/catalogo\/azul\/\" \/>\n<meta property=\"og:site_name\" content=\"Dermo | F\u00e1brica de detergentes\" \/>\n<meta property=\"article:modified_time\" content=\"2024-09-06T10:27:41+00:00\" \/>\n<meta property=\"og:image\" content=\"https:\/\/dermo.com\/wp-content\/uploads\/2015\/07\/Azur.-Detergente-Concentrado.png\" \/>\n\t<meta property=\"og:image:width\" content=\"768\" \/>\n\t<meta property=\"og:image:height\" content=\"823\" \/>\n\t<meta property=\"og:image:type\" content=\"image\/png\" \/>\n<meta name=\"twitter:card\" content=\"summary_large_image\" \/>\n<meta name=\"twitter:label1\" content=\"Tempo estimado de leitura\" \/>\n\t<meta name=\"twitter:data1\" content=\"1 minuto\" \/>\n<script type=\"application\/ld+json\" class=\"yoast-schema-graph\">{\"@context\":\"https:\/\/schema.org\",\"@graph\":[{\"@type\":\"WebPage\",\"@id\":\"https:\/\/dermo.com\/catalogo\/azur\/\",\"url\":\"https:\/\/dermo.com\/catalogo\/azur\/\",\"name\":\"Azur. Detergente concentrado - Dermo | F\u00e1brica de detergentes\",\"isPartOf\":{\"@id\":\"https:\/\/dermo.com\/#website\"},\"primaryImageOfPage\":{\"@id\":\"https:\/\/dermo.com\/catalogo\/azur\/#primaryimage\"},\"image\":{\"@id\":\"https:\/\/dermo.com\/catalogo\/azur\/#primaryimage\"},\"thumbnailUrl\":\"https:\/\/dermo.com\/wp-content\/uploads\/2015\/07\/Azur.-Detergente-Concentrado.png\",\"datePublished\":\"2015-07-27T10:43:43+00:00\",\"dateModified\":\"2024-09-06T10:27:41+00:00\",\"breadcrumb\":{\"@id\":\"https:\/\/dermo.com\/catalogo\/azur\/#breadcrumb\"},\"inLanguage\":\"pt-PT\",\"potentialAction\":[{\"@type\":\"ReadAction\",\"target\":[\"https:\/\/dermo.com\/catalogo\/azur\/\"]}]},{\"@type\":\"ImageObject\",\"inLanguage\":\"pt-PT\",\"@id\":\"https:\/\/dermo.com\/catalogo\/azur\/#primaryimage\",\"url\":\"https:\/\/dermo.com\/wp-content\/uploads\/2015\/07\/Azur.-Detergente-Concentrado.png\",\"contentUrl\":\"https:\/\/dermo.com\/wp-content\/uploads\/2015\/07\/Azur.-Detergente-Concentrado.png\",\"width\":768,\"height\":823},{\"@type\":\"BreadcrumbList\",\"@id\":\"https:\/\/dermo.com\/catalogo\/azur\/#breadcrumb\",\"itemListElement\":[{\"@type\":\"ListItem\",\"position\":1,\"name\":\"Portada\",\"item\":\"https:\/\/dermo.com\/\"},{\"@type\":\"ListItem\",\"position\":2,\"name\":\"Tienda\",\"item\":\"https:\/\/dermo.com\/tienda\/\"},{\"@type\":\"ListItem\",\"position\":3,\"name\":\"Azur. Detergente concentrado\"}]},{\"@type\":\"WebSite\",\"@id\":\"https:\/\/dermo.com\/#website\",\"url\":\"https:\/\/dermo.com\/\",\"name\":\"Dermo | F\u00e1brica de detergentes\",\"description\":\"Tecnolog\u00eda avanzada, investigaci\u00f3n y desarrollo, respeto por el medio ambiente, competencia, formaci\u00f3n constante y alto nivel de profesionalidad en nuestro equipo humano, empe\u00f1ado en preservar la calidad de vida, la protecci\u00f3n del entorno natural contin\u00faan motiv\u00e1ndonos para desarrollar en nuestros laboratorios nuevos productos con ingredientes activos altamente biodegradables que hacen posible un desarrollo sostenible.\",\"potentialAction\":[{\"@type\":\"SearchAction\",\"target\":{\"@type\":\"EntryPoint\",\"urlTemplate\":\"https:\/\/dermo.com\/?s={search_term_string}\"},\"query-input\":{\"@type\":\"PropertyValueSpecification\",\"valueRequired\":true,\"valueName\":\"search_term_string\"}}],\"inLanguage\":\"pt-PT\"}]}<\/script>\n<!-- \/ Yoast SEO plugin. -->","yoast_head_json":{"title":"Azul. Detergente concentrado - Dermo | f\u00e1brica de detergentes","robots":{"index":"index","follow":"follow","max-snippet":"max-snippet:-1","max-image-preview":"max-image-preview:large","max-video-preview":"max-video-preview:-1"},"canonical":"https:\/\/dermo.com\/pt\/catalogo\/azul\/","og_locale":"pt_PT","og_type":"article","og_title":"Azur. Detergente concentrado - Dermo | F\u00e1brica de detergentes","og_description":"Azur Detergente en polvo concentrado eficaz para ropa blanca y a todas temperaturas. Elimina la suciedad y los olores y da mayor blancura a la ropa blanca. Contiene jab\u00f3n natural. No perjudica el color.","og_url":"https:\/\/dermo.com\/pt\/catalogo\/azul\/","og_site_name":"Dermo | F\u00e1brica de detergentes","article_modified_time":"2024-09-06T10:27:41+00:00","og_image":[{"width":768,"height":823,"url":"https:\/\/dermo.com\/wp-content\/uploads\/2015\/07\/Azur.-Detergente-Concentrado.png","type":"image\/png"}],"twitter_card":"summary_large_image","twitter_misc":{"Tempo estimado de leitura":"1 minuto"},"schema":{"@context":"https:\/\/schema.org","@graph":[{"@type":"WebPage","@id":"https:\/\/dermo.com\/catalogo\/azur\/","url":"https:\/\/dermo.com\/catalogo\/azur\/","name":"Azul. Detergente concentrado - Dermo | f\u00e1brica de detergentes","isPartOf":{"@id":"https:\/\/dermo.com\/#website"},"primaryImageOfPage":{"@id":"https:\/\/dermo.com\/catalogo\/azur\/#primaryimage"},"image":{"@id":"https:\/\/dermo.com\/catalogo\/azur\/#primaryimage"},"thumbnailUrl":"https:\/\/dermo.com\/wp-content\/uploads\/2015\/07\/Azur.-Detergente-Concentrado.png","datePublished":"2015-07-27T10:43:43+00:00","dateModified":"2024-09-06T10:27:41+00:00","breadcrumb":{"@id":"https:\/\/dermo.com\/catalogo\/azur\/#breadcrumb"},"inLanguage":"pt-PT","potentialAction":[{"@type":"ReadAction","target":["https:\/\/dermo.com\/catalogo\/azur\/"]}]},{"@type":"ImageObject","inLanguage":"pt-PT","@id":"https:\/\/dermo.com\/catalogo\/azur\/#primaryimage","url":"https:\/\/dermo.com\/wp-content\/uploads\/2015\/07\/Azur.-Detergente-Concentrado.png","contentUrl":"https:\/\/dermo.com\/wp-content\/uploads\/2015\/07\/Azur.-Detergente-Concentrado.png","width":768,"height":823},{"@type":"BreadcrumbList","@id":"https:\/\/dermo.com\/catalogo\/azur\/#breadcrumb","itemListElement":[{"@type":"ListItem","position":1,"name":"Portada","item":"https:\/\/dermo.com\/"},{"@type":"ListItem","position":2,"name":"Tienda","item":"https:\/\/dermo.com\/tienda\/"},{"@type":"ListItem","position":3,"name":"Azur. Detergente concentrado"}]},{"@type":"WebSite","@id":"https:\/\/dermo.com\/#website","url":"https:\/\/dermo.com\/","name":"Dermo | f\u00e1brica de detergentes","description":"A tecnologia avan\u00e7ada, a investiga\u00e7\u00e3o e desenvolvimento, o respeito pelo ambiente, a compet\u00eancia, a forma\u00e7\u00e3o constante e o elevado n\u00edvel de profissionalismo da nossa equipa humana, comprometida com a preserva\u00e7\u00e3o da qualidade de vida, a protec\u00e7\u00e3o do ambiente natural continuam a motivar-nos a desenvolver novos produtos nos nossos laborat\u00f3rios com princ\u00edpios ativos altamente biodegrad\u00e1veis que possibilitam o desenvolvimento sustent\u00e1vel.","potentialAction":[{"@type":"SearchAction","target":{"@type":"EntryPoint","urlTemplate":"https:\/\/dermo.com\/?s={search_term_string}"},"query-input":{"@type":"PropertyValueSpecification","valueRequired":true,"valueName":"search_term_string"}}],"inLanguage":"pt-PT"}]}},"_links":{"self":[{"href":"https:\/\/dermo.com\/pt\/wp-json\/wp\/v2\/product\/2575","targetHints":{"allow":["GET"]}}],"collection":[{"href":"https:\/\/dermo.com\/pt\/wp-json\/wp\/v2\/product"}],"about":[{"href":"https:\/\/dermo.com\/pt\/wp-json\/wp\/v2\/types\/product"}],"wp:featuredmedia":[{"embeddable":true,"href":"https:\/\/dermo.com\/pt\/wp-json\/wp\/v2\/media\/4177"}],"wp:attachment":[{"href":"https:\/\/dermo.com\/pt\/wp-json\/wp\/v2\/media?parent=2575"}],"wp:term":[{"taxonomy":"product_brand","embeddable":true,"href":"https:\/\/dermo.com\/pt\/wp-json\/wp\/v2\/product_brand?post=2575"},{"taxonomy":"product_cat","embeddable":true,"href":"https:\/\/dermo.com\/pt\/wp-json\/wp\/v2\/product_cat?post=2575"},{"taxonomy":"product_tag","embeddable":true,"href":"https:\/\/dermo.com\/pt\/wp-json\/wp\/v2\/product_tag?post=2575"}],"curies":[{"name":"wp","href":"https:\/\/api.w.org\/{rel}","templated":true}]}}